{"id":1260,"date":"2016-05-16T20:01:45","date_gmt":"2016-05-16T17:01:45","guid":{"rendered":"http:\/\/sharks.ee\/lottemaa\/fi\/?page_id=1260"},"modified":"2024-03-26T13:35:50","modified_gmt":"2024-03-26T11:35:50","slug":"merenranta","status":"publish","type":"page","link":"https:\/\/lottemaa.ee\/fi\/paiva-lottemaassa\/merenranta\/","title":{"rendered":"Merenranta"},"content":{"rendered":"<p style=\"text-align: left;\">Lottemaassa on oma uimaranta, joka tekee Lottemaassa vierailusta kuumana kes\u00e4p\u00e4iv\u00e4n\u00e4 erityisen nautittavan. Jos haluat virkist\u00e4yty\u00e4 Lottemaan seikkailemisen lomassa, voit viett\u00e4\u00e4 hetken auringossa, nauttia maukkaan aterian Rantakahvilan terassilla, lapset voivat leikki\u00e4 rannassa olevassa leikkilaivassa, py\u00f6ri\u00e4 karusellissa. Meri on meid\u00e4n rannassa hyvin matala ja hiekkapohjainen.<\/p>\n<p>Huom! Rannassa oleskelu omalla vastuulla, lapset aikuisten valvonnassa. Rannassa ei ole uimavalvontaa<\/p>\n","protected":false},"excerpt":{"rendered":"<p>Lottemaassa on oma uimaranta, joka tekee Lottemaassa vierailusta kuumana kes\u00e4p\u00e4iv\u00e4n\u00e4 erityisen nautittavan. Jos haluat virkist\u00e4yty\u00e4 Lottemaan seikkailemisen lomassa, voit viett\u00e4\u00e4 hetken auringossa, nauttia maukkaan aterian Rantakahvilan terassilla, lapset voivat leikki\u00e4 rannassa olevassa leikkilaivassa, py\u00f6ri\u00e4 karusellissa. Meri on meid\u00e4n rannassa hyvin matala ja hiekkapohjainen. Huom! Rannassa oleskelu omalla vastuulla, lapset aikuisten valvonnassa. Rannassa ei ole uimavalvontaa<\/p>\n","protected":false},"author":1,"featured_media":25163,"parent":589,"menu_order":720,"comment_status":"closed","ping_status":"closed","template":"","meta":{"_acf_changed":false,"om_disable_all_campaigns":false,"_uf_show_specific_survey":0,"_uf_disable_surveys":false,"footnotes":""},"class_list":["post-1260","page","type-page","status-publish","has-post-thumbnail","hentry"],"acf":[],"yoast_head":"<!-- This site is optimized with the Yoast SEO plugin v25.5 - https:\/\/yoast.com\/wordpress\/plugins\/seo\/ -->\n<title>Merenranta | Lottemaa Teemapark<\/title>\n<meta name=\"robots\" content=\"index, follow, max-snippet:-1, max-image-preview:large, max-video-preview:-1\" \/>\n<link rel=\"canonical\" href=\"https:\/\/lottemaa.ee\/fi\/paiva-lottemaassa\/merenranta\/\" \/>\n<meta property=\"og:locale\" content=\"fi_FI\" \/>\n<meta property=\"og:type\" content=\"article\" \/>\n<meta property=\"og:title\" content=\"Merenranta | Lottemaa Teemapark\" \/>\n<meta property=\"og:description\" content=\"Lottemaassa on oma uimaranta, joka tekee Lottemaassa vierailusta kuumana kes\u00e4p\u00e4iv\u00e4n\u00e4 erityisen nautittavan. Jos haluat virkist\u00e4yty\u00e4 Lottemaan seikkailemisen lomassa, voit viett\u00e4\u00e4 hetken auringossa, nauttia maukkaan aterian Rantakahvilan terassilla, lapset voivat leikki\u00e4 rannassa olevassa leikkilaivassa, py\u00f6ri\u00e4 karusellissa. Meri on meid\u00e4n rannassa hyvin matala ja hiekkapohjainen. Huom! Rannassa oleskelu omalla vastuulla, lapset aikuisten valvonnassa. Rannassa ei ole uimavalvontaa\" \/>\n<meta property=\"og:url\" content=\"https:\/\/lottemaa.ee\/fi\/paiva-lottemaassa\/merenranta\/\" \/>\n<meta property=\"og:site_name\" content=\"Lottemaa Teemapark\" \/>\n<meta property=\"article:modified_time\" content=\"2024-03-26T11:35:50+00:00\" \/>\n<meta property=\"og:image\" content=\"https:\/\/lottemaa.ee\/wp-content\/uploads\/2024\/02\/Rand_288x251.jpg\" \/>\n\t<meta property=\"og:image:width\" content=\"288\" \/>\n\t<meta property=\"og:image:height\" content=\"251\" \/>\n\t<meta property=\"og:image:type\" content=\"image\/jpeg\" \/>\n<meta name=\"twitter:card\" content=\"summary_large_image\" \/>\n<meta name=\"twitter:label1\" content=\"Arvioitu lukuaika\" \/>\n\t<meta name=\"twitter:data1\" content=\"1 minuutti\" \/>\n<script type=\"application\/ld+json\" class=\"yoast-schema-graph\">{\"@context\":\"https:\/\/schema.org\",\"@graph\":[{\"@type\":\"WebPage\",\"@id\":\"https:\/\/lottemaa.ee\/fi\/paiva-lottemaassa\/merenranta\/\",\"url\":\"https:\/\/lottemaa.ee\/fi\/paiva-lottemaassa\/merenranta\/\",\"name\":\"Merenranta | Lottemaa Teemapark\",\"isPartOf\":{\"@id\":\"https:\/\/lottemaa.ee\/#website\"},\"primaryImageOfPage\":{\"@id\":\"https:\/\/lottemaa.ee\/fi\/paiva-lottemaassa\/merenranta\/#primaryimage\"},\"image\":{\"@id\":\"https:\/\/lottemaa.ee\/fi\/paiva-lottemaassa\/merenranta\/#primaryimage\"},\"thumbnailUrl\":\"https:\/\/lottemaa.ee\/wp-content\/uploads\/2024\/02\/Rand_288x251.jpg\",\"datePublished\":\"2016-05-16T17:01:45+00:00\",\"dateModified\":\"2024-03-26T11:35:50+00:00\",\"breadcrumb\":{\"@id\":\"https:\/\/lottemaa.ee\/fi\/paiva-lottemaassa\/merenranta\/#breadcrumb\"},\"inLanguage\":\"fi\",\"potentialAction\":[{\"@type\":\"ReadAction\",\"target\":[\"https:\/\/lottemaa.ee\/fi\/paiva-lottemaassa\/merenranta\/\"]}]},{\"@type\":\"ImageObject\",\"inLanguage\":\"fi\",\"@id\":\"https:\/\/lottemaa.ee\/fi\/paiva-lottemaassa\/merenranta\/#primaryimage\",\"url\":\"https:\/\/lottemaa.ee\/wp-content\/uploads\/2024\/02\/Rand_288x251.jpg\",\"contentUrl\":\"https:\/\/lottemaa.ee\/wp-content\/uploads\/2024\/02\/Rand_288x251.jpg\",\"width\":288,\"height\":251},{\"@type\":\"BreadcrumbList\",\"@id\":\"https:\/\/lottemaa.ee\/fi\/paiva-lottemaassa\/merenranta\/#breadcrumb\",\"itemListElement\":[{\"@type\":\"ListItem\",\"position\":1,\"name\":\"Home\",\"item\":\"https:\/\/lottemaa.ee\/fi\/\"},{\"@type\":\"ListItem\",\"position\":2,\"name\":\"P\u00e4iv\u00e4 Lottemaassa\",\"item\":\"https:\/\/lottemaa.ee\/fi\/paiva-lottemaassa\/\"},{\"@type\":\"ListItem\",\"position\":3,\"name\":\"Merenranta\"}]},{\"@type\":\"WebSite\",\"@id\":\"https:\/\/lottemaa.ee\/#website\",\"url\":\"https:\/\/lottemaa.ee\/\",\"name\":\"Lottemaa Teemapark\",\"description\":\"Baltimaade suurim ja k\u00f5ige \u00e4gedam kogupere teemapark Eestis P\u00e4rnumaal\",\"publisher\":{\"@id\":\"https:\/\/lottemaa.ee\/#organization\"},\"potentialAction\":[{\"@type\":\"SearchAction\",\"target\":{\"@type\":\"EntryPoint\",\"urlTemplate\":\"https:\/\/lottemaa.ee\/?s={search_term_string}\"},\"query-input\":{\"@type\":\"PropertyValueSpecification\",\"valueRequired\":true,\"valueName\":\"search_term_string\"}}],\"inLanguage\":\"fi\"},{\"@type\":\"Organization\",\"@id\":\"https:\/\/lottemaa.ee\/#organization\",\"name\":\"Lottemaa Teemapark\",\"url\":\"https:\/\/lottemaa.ee\/\",\"logo\":{\"@type\":\"ImageObject\",\"inLanguage\":\"fi\",\"@id\":\"https:\/\/lottemaa.ee\/#\/schema\/logo\/image\/\",\"url\":\"https:\/\/lottemaa.ee\/wp-content\/uploads\/2018\/12\/Lottemaa_LOGO.png\",\"contentUrl\":\"https:\/\/lottemaa.ee\/wp-content\/uploads\/2018\/12\/Lottemaa_LOGO.png\",\"width\":1024,\"height\":518,\"caption\":\"Lottemaa Teemapark\"},\"image\":{\"@id\":\"https:\/\/lottemaa.ee\/#\/schema\/logo\/image\/\"}}]}<\/script>\n<!-- \/ Yoast SEO plugin. -->","yoast_head_json":{"title":"Merenranta | Lottemaa Teemapark","robots":{"index":"index","follow":"follow","max-snippet":"max-snippet:-1","max-image-preview":"max-image-preview:large","max-video-preview":"max-video-preview:-1"},"canonical":"https:\/\/lottemaa.ee\/fi\/paiva-lottemaassa\/merenranta\/","og_locale":"fi_FI","og_type":"article","og_title":"Merenranta | Lottemaa Teemapark","og_description":"Lottemaassa on oma uimaranta, joka tekee Lottemaassa vierailusta kuumana kes\u00e4p\u00e4iv\u00e4n\u00e4 erityisen nautittavan. Jos haluat virkist\u00e4yty\u00e4 Lottemaan seikkailemisen lomassa, voit viett\u00e4\u00e4 hetken auringossa, nauttia maukkaan aterian Rantakahvilan terassilla, lapset voivat leikki\u00e4 rannassa olevassa leikkilaivassa, py\u00f6ri\u00e4 karusellissa. Meri on meid\u00e4n rannassa hyvin matala ja hiekkapohjainen. Huom! Rannassa oleskelu omalla vastuulla, lapset aikuisten valvonnassa. Rannassa ei ole uimavalvontaa","og_url":"https:\/\/lottemaa.ee\/fi\/paiva-lottemaassa\/merenranta\/","og_site_name":"Lottemaa Teemapark","article_modified_time":"2024-03-26T11:35:50+00:00","og_image":[{"width":288,"height":251,"url":"https:\/\/lottemaa.ee\/wp-content\/uploads\/2024\/02\/Rand_288x251.jpg","type":"image\/jpeg"}],"twitter_card":"summary_large_image","twitter_misc":{"Arvioitu lukuaika":"1 minuutti"},"schema":{"@context":"https:\/\/schema.org","@graph":[{"@type":"WebPage","@id":"https:\/\/lottemaa.ee\/fi\/paiva-lottemaassa\/merenranta\/","url":"https:\/\/lottemaa.ee\/fi\/paiva-lottemaassa\/merenranta\/","name":"Merenranta | Lottemaa Teemapark","isPartOf":{"@id":"https:\/\/lottemaa.ee\/#website"},"primaryImageOfPage":{"@id":"https:\/\/lottemaa.ee\/fi\/paiva-lottemaassa\/merenranta\/#primaryimage"},"image":{"@id":"https:\/\/lottemaa.ee\/fi\/paiva-lottemaassa\/merenranta\/#primaryimage"},"thumbnailUrl":"https:\/\/lottemaa.ee\/wp-content\/uploads\/2024\/02\/Rand_288x251.jpg","datePublished":"2016-05-16T17:01:45+00:00","dateModified":"2024-03-26T11:35:50+00:00","breadcrumb":{"@id":"https:\/\/lottemaa.ee\/fi\/paiva-lottemaassa\/merenranta\/#breadcrumb"},"inLanguage":"fi","potentialAction":[{"@type":"ReadAction","target":["https:\/\/lottemaa.ee\/fi\/paiva-lottemaassa\/merenranta\/"]}]},{"@type":"ImageObject","inLanguage":"fi","@id":"https:\/\/lottemaa.ee\/fi\/paiva-lottemaassa\/merenranta\/#primaryimage","url":"https:\/\/lottemaa.ee\/wp-content\/uploads\/2024\/02\/Rand_288x251.jpg","contentUrl":"https:\/\/lottemaa.ee\/wp-content\/uploads\/2024\/02\/Rand_288x251.jpg","width":288,"height":251},{"@type":"BreadcrumbList","@id":"https:\/\/lottemaa.ee\/fi\/paiva-lottemaassa\/merenranta\/#breadcrumb","itemListElement":[{"@type":"ListItem","position":1,"name":"Home","item":"https:\/\/lottemaa.ee\/fi\/"},{"@type":"ListItem","position":2,"name":"P\u00e4iv\u00e4 Lottemaassa","item":"https:\/\/lottemaa.ee\/fi\/paiva-lottemaassa\/"},{"@type":"ListItem","position":3,"name":"Merenranta"}]},{"@type":"WebSite","@id":"https:\/\/lottemaa.ee\/#website","url":"https:\/\/lottemaa.ee\/","name":"Lottemaa Teemapark","description":"Baltimaade suurim ja k\u00f5ige \u00e4gedam kogupere teemapark Eestis P\u00e4rnumaal","publisher":{"@id":"https:\/\/lottemaa.ee\/#organization"},"potentialAction":[{"@type":"SearchAction","target":{"@type":"EntryPoint","urlTemplate":"https:\/\/lottemaa.ee\/?s={search_term_string}"},"query-input":{"@type":"PropertyValueSpecification","valueRequired":true,"valueName":"search_term_string"}}],"inLanguage":"fi"},{"@type":"Organization","@id":"https:\/\/lottemaa.ee\/#organization","name":"Lottemaa Teemapark","url":"https:\/\/lottemaa.ee\/","logo":{"@type":"ImageObject","inLanguage":"fi","@id":"https:\/\/lottemaa.ee\/#\/schema\/logo\/image\/","url":"https:\/\/lottemaa.ee\/wp-content\/uploads\/2018\/12\/Lottemaa_LOGO.png","contentUrl":"https:\/\/lottemaa.ee\/wp-content\/uploads\/2018\/12\/Lottemaa_LOGO.png","width":1024,"height":518,"caption":"Lottemaa Teemapark"},"image":{"@id":"https:\/\/lottemaa.ee\/#\/schema\/logo\/image\/"}}]}},"_links":{"self":[{"href":"https:\/\/lottemaa.ee\/fi\/wp-json\/wp\/v2\/pages\/1260","targetHints":{"allow":["GET"]}}],"collection":[{"href":"https:\/\/lottemaa.ee\/fi\/wp-json\/wp\/v2\/pages"}],"about":[{"href":"https:\/\/lottemaa.ee\/fi\/wp-json\/wp\/v2\/types\/page"}],"author":[{"embeddable":true,"href":"https:\/\/lottemaa.ee\/fi\/wp-json\/wp\/v2\/users\/1"}],"replies":[{"embeddable":true,"href":"https:\/\/lottemaa.ee\/fi\/wp-json\/wp\/v2\/comments?post=1260"}],"version-history":[{"count":5,"href":"https:\/\/lottemaa.ee\/fi\/wp-json\/wp\/v2\/pages\/1260\/revisions"}],"predecessor-version":[{"id":25204,"href":"https:\/\/lottemaa.ee\/fi\/wp-json\/wp\/v2\/pages\/1260\/revisions\/25204"}],"up":[{"embeddable":true,"href":"https:\/\/lottemaa.ee\/fi\/wp-json\/wp\/v2\/pages\/589"}],"wp:featuredmedia":[{"embeddable":true,"href":"https:\/\/lottemaa.ee\/fi\/wp-json\/wp\/v2\/media\/25163"}],"wp:attachment":[{"href":"https:\/\/lottemaa.ee\/fi\/wp-json\/wp\/v2\/media?parent=1260"}],"curies":[{"name":"wp","href":"https:\/\/api.w.org\/{rel}","templated":true}]}}