{"id":1258,"date":"2016-05-16T20:00:36","date_gmt":"2016-05-16T17:00:36","guid":{"rendered":"http:\/\/sharks.ee\/lottemaa\/fi\/?page_id=1258"},"modified":"2024-11-04T13:29:49","modified_gmt":"2024-11-04T11:29:49","slug":"seikkailupuisto","status":"publish","type":"page","link":"https:\/\/lottemaa.ee\/fi\/paiva-lottemaassa\/seikkailupuisto\/","title":{"rendered":"Seikkailupuisto"},"content":{"rendered":"<p style=\"text-align: left;\">Lottemaan m\u00e4ntymets\u00e4n k\u00e4tk\u00f6ist\u00e4 l\u00f6ytyy aivan oma seikkailupuisto. Puistossa on useita seikkailuratoja, joilla voit haastaa itsesi ja yst\u00e4v\u00e4si. Kiivetk\u00e4\u00e4 voittoon h\u00e4m\u00e4h\u00e4kinverkossa, kulkekaa k\u00f6ysiradalla ja matkatkaa korissa puunlatvaan.<\/p>\n<p style=\"text-align: left;\">Hauskaa p\u00e4\u00e4sev\u00e4t pit\u00e4m\u00e4\u00e4n kaikki v\u00e4hint\u00e4\u00e4n 3-vuotiaat lapset. My\u00f6s isot lapset (lue: aikuiset) voivat kulkea pitkin seikkailupuiston ratoja \u2013 jos vain rohkeus riitt\u00e4\u00e4. Nuoremmat lapset tarvitsevat kuitenkin huoltajiensa jatkuvaa valvontaa. Radat ovat matalia, joten turvavaljaita ei tarvita. Leikin tiimellyksess\u00e4 nuori kiipeilij\u00e4 voi kuitenkin unohtaa olla valppaana, joten huoltajien tuki on tarpeen.<\/p>\n<h3 style=\"text-align: left;\">MIT\u00c4 MUUTA SEIKKAILUPUISTON YMP\u00c4RIST\u00d6SS\u00c4 VOI TEHD\u00c4?<\/h3>\n<p style=\"text-align: left;\">Voit kulkea pitkin\u00a0<strong>Lepp\u00e4kerttujen polkua<\/strong> Keksij\u00e4kyl\u00e4n mets\u00e4ss\u00e4, joka kuumana kes\u00e4p\u00e4iv\u00e4n\u00e4 antaa my\u00f6s miellytt\u00e4v\u00e4\u00e4 varjoa. Lis\u00e4ksi siell\u00e4 voi kohdata mielenkiintoisia asukkaita. Seikkailupuiston l\u00e4hell\u00e4 olevassa\u00a0<strong>Hy\u00f6nteisten kyl\u00e4ss\u00e4<\/strong>\u00a0voit seikkailla hy\u00f6nteisten kodeissa.<\/p>\n<h3 style=\"text-align: left;\">HAUSKANPIDON LOMASSA V\u00c4H\u00c4N VIRKISTYST\u00c4<\/h3>\n<p style=\"text-align: left;\">Aivan seikkailupuiston vieress\u00e4 on\u00a0<a href=\"https:\/\/lottemaa.ee\/fi\/paiva-lottemaassa\/ruoat-ja-juomat\/leppakerttujen-kahvila\/\">Lepp\u00e4kerttujen kahvila<\/a>, jossa seikkailijat voivat t\u00e4ytt\u00e4\u00e4 energiavarastojaan. Napattuasi mukaan j\u00e4\u00e4tel\u00f6n tai virvoitusjuoman seikkailu Lottemaalla voi jatkua.<\/p>\n<h3 style=\"text-align: left;\">MIHIN SUUNNATA ETEENP\u00c4IN SEIKKAILUPUISTOSTA?<\/h3>\n<p style=\"text-align: left;\"><a href=\"https:\/\/lottemaa.ee\/fi\/paiva-lottemaassa\/talot-ja-toiminnot\/internetin-keksimisen-torni\/\">Internetin keksimistornissa<\/a>\u00a0asuu pikkuriikkisi\u00e4 nettimiehi\u00e4. Paljaalla silm\u00e4ll\u00e4 niit\u00e4 ei n\u00e4e, mutta suurennuslasilla kyll\u00e4kin ainakin alemmista kerroksista. Mit\u00e4 ylemp\u00e4n\u00e4 kerros on, sit\u00e4 nopeampia ja ripe\u00e4mpi\u00e4 nettimiehi\u00e4 siell\u00e4 asuu.<\/p>\n<p style=\"text-align: left;\">Kulkiessasi pitkin Lepp\u00e4kerttujen mets\u00e4polkua saatat p\u00e4\u00e4ty\u00e4 <a href=\"https:\/\/lottemaa.ee\/fi\/paiva-lottemaassa\/talot-ja-toiminnot\/janisten-talo\/\">j\u00e4nisten talon<\/a>\u00a0takapihalle.\u00a0Talosta l\u00f6ytyy j\u00e4nnitt\u00e4v\u00e4\u00e4 tutkittavaa kellarista savupiippuun. Portaat narisevat, ja ullakolla kuuluu outoja \u00e4\u00e4ni\u00e4.\u00a0<a href=\"https:\/\/lottemaa.ee\/fi\/paiva-lottemaassa\/talot-ja-toiminnot\/planetaario\/\">Planetaariossa<\/a>\u00a0avaruuden salaisuudet avautuvat vierailijoille.\u00a0<a href=\"https:\/\/lottemaa.ee\/fi\/paiva-lottemaassa\/talot-ja-toiminnot\/jrm-janiskansan-museo\/\">J\u00e4nisten kansallismuseossa<\/a>\u00a0Lembit-j\u00e4nis nukkuu ikuista untaan.<\/p>\n<h3 style=\"text-align: left;\">SEIKKALUPUISTON S\u00c4\u00c4NN\u00d6T<\/h3>\n<ul style=\"text-align: left;\">\n<li>\u00a0Varmista ennen radalle l\u00e4ht\u00f6\u00e4, ett\u00e4 seikkailu vastaa omia ja lapsesi voimia ja on turvallinen!<\/li>\n<li>\u00a0Jos huomaat, ett\u00e4 radalla on jotain rikki, ilmoita siit\u00e4 teemapuiston ty\u00f6ntekij\u00e4lle!<\/li>\n<li>\u00a0Siirry tasanteelta toiselle vaakasuunnassa, \u00e4l\u00e4 yl\u00f6sp\u00e4in!<\/li>\n<li>\u00a0Ole erityisen varovainen sades\u00e4\u00e4ll\u00e4 \u2013 rata on liukas!<\/li>\n<li>\u00a0Ole aina valpas ja yst\u00e4v\u00e4llinen muille!<\/li>\n<li>\u00a0Rataosuudella tai sillalla voi olla kerrallaan yksi seikkailija ja tasanteella kolme.<\/li>\n<li>\u00a0Vakavan tapaturman sattuessa soita h\u00e4t\u00e4numeroon 112!<\/li>\n<\/ul>\n<p style=\"text-align: left;\">HUOM! Huomaathan, ett\u00e4 seikkailuradalla kulkeminen on sallittu vain aikuisen valvonnassa.<\/p>\n<p style=\"text-align: left;\">Turvallista seikkailua! Hauskaa kiertely\u00e4!<\/p>\n","protected":false},"excerpt":{"rendered":"<p>Lottemaan m\u00e4ntymets\u00e4n k\u00e4tk\u00f6ist\u00e4 l\u00f6ytyy aivan oma seikkailupuisto. Puistossa on useita seikkailuratoja, joilla voit haastaa itsesi ja yst\u00e4v\u00e4si. Kiivetk\u00e4\u00e4 voittoon h\u00e4m\u00e4h\u00e4kinverkossa, kulkekaa k\u00f6ysiradalla ja matkatkaa korissa puunlatvaan. Hauskaa p\u00e4\u00e4sev\u00e4t pit\u00e4m\u00e4\u00e4n kaikki v\u00e4hint\u00e4\u00e4n 3-vuotiaat lapset. My\u00f6s isot lapset (lue: aikuiset) voivat kulkea pitkin seikkailupuiston ratoja \u2013 jos vain rohkeus riitt\u00e4\u00e4. Nuoremmat lapset tarvitsevat kuitenkin huoltajiensa jatkuvaa valvontaa. &hellip; <a href=\"https:\/\/lottemaa.ee\/fi\/paiva-lottemaassa\/seikkailupuisto\/\">Continued<\/a><\/p>\n","protected":false},"author":1,"featured_media":25168,"parent":589,"menu_order":706,"comment_status":"closed","ping_status":"closed","template":"","meta":{"_acf_changed":false,"om_disable_all_campaigns":false,"_uf_show_specific_survey":0,"_uf_disable_surveys":false,"footnotes":""},"class_list":["post-1258","page","type-page","status-publish","has-post-thumbnail","hentry"],"acf":[],"yoast_head":"<!-- This site is optimized with the Yoast SEO plugin v25.5 - https:\/\/yoast.com\/wordpress\/plugins\/seo\/ -->\n<title>Seikkailupuisto \u2013 Lottemaan teemapuisto<\/title>\n<meta name=\"description\" content=\"Lottemaassa on my\u00f6s oma seikkailupuisto. Seikkailuradalla p\u00e4\u00e4set testaamaan voimasi ja taitosi yhdess\u00e4 yst\u00e4viesi kanssa.\" \/>\n<meta name=\"robots\" content=\"index, follow, max-snippet:-1, max-image-preview:large, max-video-preview:-1\" \/>\n<link rel=\"canonical\" href=\"https:\/\/lottemaa.ee\/fi\/paiva-lottemaassa\/seikkailupuisto\/\" \/>\n<meta property=\"og:locale\" content=\"fi_FI\" \/>\n<meta property=\"og:type\" content=\"article\" \/>\n<meta property=\"og:title\" content=\"Seikkailupuisto \u2013 Lottemaan teemapuisto\" \/>\n<meta property=\"og:description\" content=\"Lottemaassa on my\u00f6s oma seikkailupuisto. Seikkailuradalla p\u00e4\u00e4set testaamaan voimasi ja taitosi yhdess\u00e4 yst\u00e4viesi kanssa.\" \/>\n<meta property=\"og:url\" content=\"https:\/\/lottemaa.ee\/fi\/paiva-lottemaassa\/seikkailupuisto\/\" \/>\n<meta property=\"og:site_name\" content=\"Lottemaa Teemapark\" \/>\n<meta property=\"article:modified_time\" content=\"2024-11-04T11:29:49+00:00\" \/>\n<meta property=\"og:image\" content=\"https:\/\/lottemaa.ee\/wp-content\/uploads\/2024\/02\/Seikluspark_288x251.jpg\" \/>\n\t<meta property=\"og:image:width\" content=\"288\" \/>\n\t<meta property=\"og:image:height\" content=\"251\" \/>\n\t<meta property=\"og:image:type\" content=\"image\/jpeg\" \/>\n<meta name=\"twitter:card\" content=\"summary_large_image\" \/>\n<meta name=\"twitter:label1\" content=\"Arvioitu lukuaika\" \/>\n\t<meta name=\"twitter:data1\" content=\"2 minuuttia\" \/>\n<script type=\"application\/ld+json\" class=\"yoast-schema-graph\">{\"@context\":\"https:\/\/schema.org\",\"@graph\":[{\"@type\":\"WebPage\",\"@id\":\"https:\/\/lottemaa.ee\/fi\/paiva-lottemaassa\/seikkailupuisto\/\",\"url\":\"https:\/\/lottemaa.ee\/fi\/paiva-lottemaassa\/seikkailupuisto\/\",\"name\":\"Seikkailupuisto \u2013 Lottemaan teemapuisto\",\"isPartOf\":{\"@id\":\"https:\/\/lottemaa.ee\/#website\"},\"primaryImageOfPage\":{\"@id\":\"https:\/\/lottemaa.ee\/fi\/paiva-lottemaassa\/seikkailupuisto\/#primaryimage\"},\"image\":{\"@id\":\"https:\/\/lottemaa.ee\/fi\/paiva-lottemaassa\/seikkailupuisto\/#primaryimage\"},\"thumbnailUrl\":\"https:\/\/lottemaa.ee\/wp-content\/uploads\/2024\/02\/Seikluspark_288x251.jpg\",\"datePublished\":\"2016-05-16T17:00:36+00:00\",\"dateModified\":\"2024-11-04T11:29:49+00:00\",\"description\":\"Lottemaassa on my\u00f6s oma seikkailupuisto. Seikkailuradalla p\u00e4\u00e4set testaamaan voimasi ja taitosi yhdess\u00e4 yst\u00e4viesi kanssa.\",\"breadcrumb\":{\"@id\":\"https:\/\/lottemaa.ee\/fi\/paiva-lottemaassa\/seikkailupuisto\/#breadcrumb\"},\"inLanguage\":\"fi\",\"potentialAction\":[{\"@type\":\"ReadAction\",\"target\":[\"https:\/\/lottemaa.ee\/fi\/paiva-lottemaassa\/seikkailupuisto\/\"]}]},{\"@type\":\"ImageObject\",\"inLanguage\":\"fi\",\"@id\":\"https:\/\/lottemaa.ee\/fi\/paiva-lottemaassa\/seikkailupuisto\/#primaryimage\",\"url\":\"https:\/\/lottemaa.ee\/wp-content\/uploads\/2024\/02\/Seikluspark_288x251.jpg\",\"contentUrl\":\"https:\/\/lottemaa.ee\/wp-content\/uploads\/2024\/02\/Seikluspark_288x251.jpg\",\"width\":288,\"height\":251},{\"@type\":\"BreadcrumbList\",\"@id\":\"https:\/\/lottemaa.ee\/fi\/paiva-lottemaassa\/seikkailupuisto\/#breadcrumb\",\"itemListElement\":[{\"@type\":\"ListItem\",\"position\":1,\"name\":\"Home\",\"item\":\"https:\/\/lottemaa.ee\/fi\/\"},{\"@type\":\"ListItem\",\"position\":2,\"name\":\"P\u00e4iv\u00e4 Lottemaassa\",\"item\":\"https:\/\/lottemaa.ee\/fi\/paiva-lottemaassa\/\"},{\"@type\":\"ListItem\",\"position\":3,\"name\":\"Seikkailupuisto\"}]},{\"@type\":\"WebSite\",\"@id\":\"https:\/\/lottemaa.ee\/#website\",\"url\":\"https:\/\/lottemaa.ee\/\",\"name\":\"Lottemaa Teemapark\",\"description\":\"Baltimaade suurim ja k\u00f5ige \u00e4gedam kogupere teemapark Eestis P\u00e4rnumaal\",\"publisher\":{\"@id\":\"https:\/\/lottemaa.ee\/#organization\"},\"potentialAction\":[{\"@type\":\"SearchAction\",\"target\":{\"@type\":\"EntryPoint\",\"urlTemplate\":\"https:\/\/lottemaa.ee\/?s={search_term_string}\"},\"query-input\":{\"@type\":\"PropertyValueSpecification\",\"valueRequired\":true,\"valueName\":\"search_term_string\"}}],\"inLanguage\":\"fi\"},{\"@type\":\"Organization\",\"@id\":\"https:\/\/lottemaa.ee\/#organization\",\"name\":\"Lottemaa Teemapark\",\"url\":\"https:\/\/lottemaa.ee\/\",\"logo\":{\"@type\":\"ImageObject\",\"inLanguage\":\"fi\",\"@id\":\"https:\/\/lottemaa.ee\/#\/schema\/logo\/image\/\",\"url\":\"https:\/\/lottemaa.ee\/wp-content\/uploads\/2018\/12\/Lottemaa_LOGO.png\",\"contentUrl\":\"https:\/\/lottemaa.ee\/wp-content\/uploads\/2018\/12\/Lottemaa_LOGO.png\",\"width\":1024,\"height\":518,\"caption\":\"Lottemaa Teemapark\"},\"image\":{\"@id\":\"https:\/\/lottemaa.ee\/#\/schema\/logo\/image\/\"}}]}<\/script>\n<!-- \/ Yoast SEO plugin. -->","yoast_head_json":{"title":"Seikkailupuisto \u2013 Lottemaan teemapuisto","description":"Lottemaassa on my\u00f6s oma seikkailupuisto. Seikkailuradalla p\u00e4\u00e4set testaamaan voimasi ja taitosi yhdess\u00e4 yst\u00e4viesi kanssa.","robots":{"index":"index","follow":"follow","max-snippet":"max-snippet:-1","max-image-preview":"max-image-preview:large","max-video-preview":"max-video-preview:-1"},"canonical":"https:\/\/lottemaa.ee\/fi\/paiva-lottemaassa\/seikkailupuisto\/","og_locale":"fi_FI","og_type":"article","og_title":"Seikkailupuisto \u2013 Lottemaan teemapuisto","og_description":"Lottemaassa on my\u00f6s oma seikkailupuisto. Seikkailuradalla p\u00e4\u00e4set testaamaan voimasi ja taitosi yhdess\u00e4 yst\u00e4viesi kanssa.","og_url":"https:\/\/lottemaa.ee\/fi\/paiva-lottemaassa\/seikkailupuisto\/","og_site_name":"Lottemaa Teemapark","article_modified_time":"2024-11-04T11:29:49+00:00","og_image":[{"width":288,"height":251,"url":"https:\/\/lottemaa.ee\/wp-content\/uploads\/2024\/02\/Seikluspark_288x251.jpg","type":"image\/jpeg"}],"twitter_card":"summary_large_image","twitter_misc":{"Arvioitu lukuaika":"2 minuuttia"},"schema":{"@context":"https:\/\/schema.org","@graph":[{"@type":"WebPage","@id":"https:\/\/lottemaa.ee\/fi\/paiva-lottemaassa\/seikkailupuisto\/","url":"https:\/\/lottemaa.ee\/fi\/paiva-lottemaassa\/seikkailupuisto\/","name":"Seikkailupuisto \u2013 Lottemaan teemapuisto","isPartOf":{"@id":"https:\/\/lottemaa.ee\/#website"},"primaryImageOfPage":{"@id":"https:\/\/lottemaa.ee\/fi\/paiva-lottemaassa\/seikkailupuisto\/#primaryimage"},"image":{"@id":"https:\/\/lottemaa.ee\/fi\/paiva-lottemaassa\/seikkailupuisto\/#primaryimage"},"thumbnailUrl":"https:\/\/lottemaa.ee\/wp-content\/uploads\/2024\/02\/Seikluspark_288x251.jpg","datePublished":"2016-05-16T17:00:36+00:00","dateModified":"2024-11-04T11:29:49+00:00","description":"Lottemaassa on my\u00f6s oma seikkailupuisto. Seikkailuradalla p\u00e4\u00e4set testaamaan voimasi ja taitosi yhdess\u00e4 yst\u00e4viesi kanssa.","breadcrumb":{"@id":"https:\/\/lottemaa.ee\/fi\/paiva-lottemaassa\/seikkailupuisto\/#breadcrumb"},"inLanguage":"fi","potentialAction":[{"@type":"ReadAction","target":["https:\/\/lottemaa.ee\/fi\/paiva-lottemaassa\/seikkailupuisto\/"]}]},{"@type":"ImageObject","inLanguage":"fi","@id":"https:\/\/lottemaa.ee\/fi\/paiva-lottemaassa\/seikkailupuisto\/#primaryimage","url":"https:\/\/lottemaa.ee\/wp-content\/uploads\/2024\/02\/Seikluspark_288x251.jpg","contentUrl":"https:\/\/lottemaa.ee\/wp-content\/uploads\/2024\/02\/Seikluspark_288x251.jpg","width":288,"height":251},{"@type":"BreadcrumbList","@id":"https:\/\/lottemaa.ee\/fi\/paiva-lottemaassa\/seikkailupuisto\/#breadcrumb","itemListElement":[{"@type":"ListItem","position":1,"name":"Home","item":"https:\/\/lottemaa.ee\/fi\/"},{"@type":"ListItem","position":2,"name":"P\u00e4iv\u00e4 Lottemaassa","item":"https:\/\/lottemaa.ee\/fi\/paiva-lottemaassa\/"},{"@type":"ListItem","position":3,"name":"Seikkailupuisto"}]},{"@type":"WebSite","@id":"https:\/\/lottemaa.ee\/#website","url":"https:\/\/lottemaa.ee\/","name":"Lottemaa Teemapark","description":"Baltimaade suurim ja k\u00f5ige \u00e4gedam kogupere teemapark Eestis P\u00e4rnumaal","publisher":{"@id":"https:\/\/lottemaa.ee\/#organization"},"potentialAction":[{"@type":"SearchAction","target":{"@type":"EntryPoint","urlTemplate":"https:\/\/lottemaa.ee\/?s={search_term_string}"},"query-input":{"@type":"PropertyValueSpecification","valueRequired":true,"valueName":"search_term_string"}}],"inLanguage":"fi"},{"@type":"Organization","@id":"https:\/\/lottemaa.ee\/#organization","name":"Lottemaa Teemapark","url":"https:\/\/lottemaa.ee\/","logo":{"@type":"ImageObject","inLanguage":"fi","@id":"https:\/\/lottemaa.ee\/#\/schema\/logo\/image\/","url":"https:\/\/lottemaa.ee\/wp-content\/uploads\/2018\/12\/Lottemaa_LOGO.png","contentUrl":"https:\/\/lottemaa.ee\/wp-content\/uploads\/2018\/12\/Lottemaa_LOGO.png","width":1024,"height":518,"caption":"Lottemaa Teemapark"},"image":{"@id":"https:\/\/lottemaa.ee\/#\/schema\/logo\/image\/"}}]}},"_links":{"self":[{"href":"https:\/\/lottemaa.ee\/fi\/wp-json\/wp\/v2\/pages\/1258","targetHints":{"allow":["GET"]}}],"collection":[{"href":"https:\/\/lottemaa.ee\/fi\/wp-json\/wp\/v2\/pages"}],"about":[{"href":"https:\/\/lottemaa.ee\/fi\/wp-json\/wp\/v2\/types\/page"}],"author":[{"embeddable":true,"href":"https:\/\/lottemaa.ee\/fi\/wp-json\/wp\/v2\/users\/1"}],"replies":[{"embeddable":true,"href":"https:\/\/lottemaa.ee\/fi\/wp-json\/wp\/v2\/comments?post=1258"}],"version-history":[{"count":5,"href":"https:\/\/lottemaa.ee\/fi\/wp-json\/wp\/v2\/pages\/1258\/revisions"}],"predecessor-version":[{"id":28899,"href":"https:\/\/lottemaa.ee\/fi\/wp-json\/wp\/v2\/pages\/1258\/revisions\/28899"}],"up":[{"embeddable":true,"href":"https:\/\/lottemaa.ee\/fi\/wp-json\/wp\/v2\/pages\/589"}],"wp:featuredmedia":[{"embeddable":true,"href":"https:\/\/lottemaa.ee\/fi\/wp-json\/wp\/v2\/media\/25168"}],"wp:attachment":[{"href":"https:\/\/lottemaa.ee\/fi\/wp-json\/wp\/v2\/media?parent=1258"}],"curies":[{"name":"wp","href":"https:\/\/api.w.org\/{rel}","templated":true}]}}