{"id":1248,"date":"2016-05-16T19:56:02","date_gmt":"2016-05-16T16:56:02","guid":{"rendered":"http:\/\/sharks.ee\/lottemaa\/fi\/?page_id=1248"},"modified":"2023-02-16T15:30:33","modified_gmt":"2023-02-16T13:30:33","slug":"ruta","status":"publish","type":"page","link":"https:\/\/lottemaa.ee\/fi\/meista\/keksijakylan-asukkaat\/ruta\/","title":{"rendered":"Ruta"},"content":{"rendered":"<p style=\"text-align: left;\"><strong>Ruta\u00a0<\/strong>on kaunis k\u00e4rp\u00e4sneiti, joka on kotoisin Latviasta, kauniista Riikan kaupungista. Ruta pit\u00e4\u00e4 kovasti matkustamisesta ja heti, kun s\u00e4\u00e4 l\u00e4mpenee, Ruta l\u00e4htee pitk\u00e4lle matkalle. Ruta saapui t\u00e4n\u00e4 vuonna keksij\u00e4kyl\u00e4\u00e4n. H\u00e4n tapasi t\u00e4\u00e4ll\u00e4 Jaak-k\u00e4rp\u00e4sen. He rakastuivat toisiinsa ja keksij\u00e4kyl\u00e4ss\u00e4 ovat kohta h\u00e4\u00e4juhlat tulossa.<\/p>\n","protected":false},"excerpt":{"rendered":"<p>Ruta\u00a0on kaunis k\u00e4rp\u00e4sneiti, joka on kotoisin Latviasta, kauniista Riikan kaupungista. Ruta pit\u00e4\u00e4 kovasti matkustamisesta ja heti, kun s\u00e4\u00e4 l\u00e4mpenee, Ruta l\u00e4htee pitk\u00e4lle matkalle. Ruta saapui t\u00e4n\u00e4 vuonna keksij\u00e4kyl\u00e4\u00e4n. H\u00e4n tapasi t\u00e4\u00e4ll\u00e4 Jaak-k\u00e4rp\u00e4sen. He rakastuivat toisiinsa ja keksij\u00e4kyl\u00e4ss\u00e4 ovat kohta h\u00e4\u00e4juhlat tulossa.<\/p>\n","protected":false},"author":1,"featured_media":1581,"parent":1214,"menu_order":212,"comment_status":"closed","ping_status":"closed","template":"","meta":{"_acf_changed":false,"om_disable_all_campaigns":false,"_uf_show_specific_survey":0,"_uf_disable_surveys":false,"footnotes":""},"class_list":["post-1248","page","type-page","status-publish","has-post-thumbnail","hentry"],"acf":[],"yoast_head":"<!-- This site is optimized with the Yoast SEO plugin v25.5 - https:\/\/yoast.com\/wordpress\/plugins\/seo\/ -->\n<title>Ruta | Lottemaa Teemapark<\/title>\n<meta name=\"description\" content=\"Ruta\u00a0on kaunis k\u00e4rp\u00e4sneiti, joka on kotoisin Latviasta, kauniista Riikan kaupungista. Ruta pit\u00e4\u00e4 kovasti matkustamisesta ja heti, kun s\u00e4\u00e4 l\u00e4mpenee, Ruta l\u00e4htee pitk\u00e4lle matkalle.\" \/>\n<meta name=\"robots\" content=\"index, follow, max-snippet:-1, max-image-preview:large, max-video-preview:-1\" \/>\n<link rel=\"canonical\" href=\"https:\/\/lottemaa.ee\/fi\/paiva-lottemaassa\/keksijakylan-asukkaat\/ruta\/\" \/>\n<meta property=\"og:locale\" content=\"fi_FI\" \/>\n<meta property=\"og:type\" content=\"article\" \/>\n<meta property=\"og:title\" content=\"Ruta | Lottemaa Teemapark\" \/>\n<meta property=\"og:description\" content=\"Ruta\u00a0on kaunis k\u00e4rp\u00e4sneiti, joka on kotoisin Latviasta, kauniista Riikan kaupungista. Ruta pit\u00e4\u00e4 kovasti matkustamisesta ja heti, kun s\u00e4\u00e4 l\u00e4mpenee, Ruta l\u00e4htee pitk\u00e4lle matkalle.\" \/>\n<meta property=\"og:url\" content=\"https:\/\/lottemaa.ee\/fi\/paiva-lottemaassa\/keksijakylan-asukkaat\/ruta\/\" \/>\n<meta property=\"og:site_name\" content=\"Lottemaa Teemapark\" \/>\n<meta property=\"article:modified_time\" content=\"2023-02-16T13:30:33+00:00\" \/>\n<meta property=\"og:image\" content=\"https:\/\/lottemaa.ee\/wp-content\/uploads\/2016\/05\/lottemaa-ruta.jpg\" \/>\n\t<meta property=\"og:image:width\" content=\"316\" \/>\n\t<meta property=\"og:image:height\" content=\"177\" \/>\n\t<meta property=\"og:image:type\" content=\"image\/jpeg\" \/>\n<meta name=\"twitter:card\" content=\"summary_large_image\" \/>\n<meta name=\"twitter:label1\" content=\"Arvioitu lukuaika\" \/>\n\t<meta name=\"twitter:data1\" content=\"1 minuutti\" \/>\n<script type=\"application\/ld+json\" class=\"yoast-schema-graph\">{\"@context\":\"https:\/\/schema.org\",\"@graph\":[{\"@type\":\"WebPage\",\"@id\":\"https:\/\/lottemaa.ee\/fi\/paiva-lottemaassa\/keksijakylan-asukkaat\/ruta\/\",\"url\":\"https:\/\/lottemaa.ee\/fi\/paiva-lottemaassa\/keksijakylan-asukkaat\/ruta\/\",\"name\":\"Ruta | Lottemaa Teemapark\",\"isPartOf\":{\"@id\":\"https:\/\/lottemaa.ee\/#website\"},\"primaryImageOfPage\":{\"@id\":\"https:\/\/lottemaa.ee\/fi\/paiva-lottemaassa\/keksijakylan-asukkaat\/ruta\/#primaryimage\"},\"image\":{\"@id\":\"https:\/\/lottemaa.ee\/fi\/paiva-lottemaassa\/keksijakylan-asukkaat\/ruta\/#primaryimage\"},\"thumbnailUrl\":\"https:\/\/lottemaa.ee\/wp-content\/uploads\/2016\/05\/lottemaa-ruta.jpg\",\"datePublished\":\"2016-05-16T16:56:02+00:00\",\"dateModified\":\"2023-02-16T13:30:33+00:00\",\"description\":\"Ruta\u00a0on kaunis k\u00e4rp\u00e4sneiti, joka on kotoisin Latviasta, kauniista Riikan kaupungista. Ruta pit\u00e4\u00e4 kovasti matkustamisesta ja heti, kun s\u00e4\u00e4 l\u00e4mpenee, Ruta l\u00e4htee pitk\u00e4lle matkalle.\",\"breadcrumb\":{\"@id\":\"https:\/\/lottemaa.ee\/fi\/paiva-lottemaassa\/keksijakylan-asukkaat\/ruta\/#breadcrumb\"},\"inLanguage\":\"fi\",\"potentialAction\":[{\"@type\":\"ReadAction\",\"target\":[\"https:\/\/lottemaa.ee\/fi\/paiva-lottemaassa\/keksijakylan-asukkaat\/ruta\/\"]}]},{\"@type\":\"ImageObject\",\"inLanguage\":\"fi\",\"@id\":\"https:\/\/lottemaa.ee\/fi\/paiva-lottemaassa\/keksijakylan-asukkaat\/ruta\/#primaryimage\",\"url\":\"https:\/\/lottemaa.ee\/wp-content\/uploads\/2016\/05\/lottemaa-ruta.jpg\",\"contentUrl\":\"https:\/\/lottemaa.ee\/wp-content\/uploads\/2016\/05\/lottemaa-ruta.jpg\",\"width\":316,\"height\":177},{\"@type\":\"BreadcrumbList\",\"@id\":\"https:\/\/lottemaa.ee\/fi\/paiva-lottemaassa\/keksijakylan-asukkaat\/ruta\/#breadcrumb\",\"itemListElement\":[{\"@type\":\"ListItem\",\"position\":1,\"name\":\"Home\",\"item\":\"https:\/\/lottemaa.ee\/fi\/\"},{\"@type\":\"ListItem\",\"position\":2,\"name\":\"P\u00e4iv\u00e4 Lottemaassa\",\"item\":\"https:\/\/lottemaa.ee\/fi\/paiva-lottemaassa\/\"},{\"@type\":\"ListItem\",\"position\":3,\"name\":\"Keksij\u00e4kyl\u00e4n asukkaat\",\"item\":\"https:\/\/lottemaa.ee\/fi\/paiva-lottemaassa\/keksijakylan-asukkaat\/\"},{\"@type\":\"ListItem\",\"position\":4,\"name\":\"Ruta\"}]},{\"@type\":\"WebSite\",\"@id\":\"https:\/\/lottemaa.ee\/#website\",\"url\":\"https:\/\/lottemaa.ee\/\",\"name\":\"Lottemaa Teemapark\",\"description\":\"Baltimaade suurim ja k\u00f5ige \u00e4gedam kogupere teemapark Eestis P\u00e4rnumaal\",\"publisher\":{\"@id\":\"https:\/\/lottemaa.ee\/#organization\"},\"potentialAction\":[{\"@type\":\"SearchAction\",\"target\":{\"@type\":\"EntryPoint\",\"urlTemplate\":\"https:\/\/lottemaa.ee\/?s={search_term_string}\"},\"query-input\":{\"@type\":\"PropertyValueSpecification\",\"valueRequired\":true,\"valueName\":\"search_term_string\"}}],\"inLanguage\":\"fi\"},{\"@type\":\"Organization\",\"@id\":\"https:\/\/lottemaa.ee\/#organization\",\"name\":\"Lottemaa Teemapark\",\"url\":\"https:\/\/lottemaa.ee\/\",\"logo\":{\"@type\":\"ImageObject\",\"inLanguage\":\"fi\",\"@id\":\"https:\/\/lottemaa.ee\/#\/schema\/logo\/image\/\",\"url\":\"https:\/\/lottemaa.ee\/wp-content\/uploads\/2018\/12\/Lottemaa_LOGO.png\",\"contentUrl\":\"https:\/\/lottemaa.ee\/wp-content\/uploads\/2018\/12\/Lottemaa_LOGO.png\",\"width\":1024,\"height\":518,\"caption\":\"Lottemaa Teemapark\"},\"image\":{\"@id\":\"https:\/\/lottemaa.ee\/#\/schema\/logo\/image\/\"}}]}<\/script>\n<!-- \/ Yoast SEO plugin. -->","yoast_head_json":{"title":"Ruta | Lottemaa Teemapark","description":"Ruta\u00a0on kaunis k\u00e4rp\u00e4sneiti, joka on kotoisin Latviasta, kauniista Riikan kaupungista. Ruta pit\u00e4\u00e4 kovasti matkustamisesta ja heti, kun s\u00e4\u00e4 l\u00e4mpenee, Ruta l\u00e4htee pitk\u00e4lle matkalle.","robots":{"index":"index","follow":"follow","max-snippet":"max-snippet:-1","max-image-preview":"max-image-preview:large","max-video-preview":"max-video-preview:-1"},"canonical":"https:\/\/lottemaa.ee\/fi\/paiva-lottemaassa\/keksijakylan-asukkaat\/ruta\/","og_locale":"fi_FI","og_type":"article","og_title":"Ruta | Lottemaa Teemapark","og_description":"Ruta\u00a0on kaunis k\u00e4rp\u00e4sneiti, joka on kotoisin Latviasta, kauniista Riikan kaupungista. Ruta pit\u00e4\u00e4 kovasti matkustamisesta ja heti, kun s\u00e4\u00e4 l\u00e4mpenee, Ruta l\u00e4htee pitk\u00e4lle matkalle.","og_url":"https:\/\/lottemaa.ee\/fi\/paiva-lottemaassa\/keksijakylan-asukkaat\/ruta\/","og_site_name":"Lottemaa Teemapark","article_modified_time":"2023-02-16T13:30:33+00:00","og_image":[{"width":316,"height":177,"url":"https:\/\/lottemaa.ee\/wp-content\/uploads\/2016\/05\/lottemaa-ruta.jpg","type":"image\/jpeg"}],"twitter_card":"summary_large_image","twitter_misc":{"Arvioitu lukuaika":"1 minuutti"},"schema":{"@context":"https:\/\/schema.org","@graph":[{"@type":"WebPage","@id":"https:\/\/lottemaa.ee\/fi\/paiva-lottemaassa\/keksijakylan-asukkaat\/ruta\/","url":"https:\/\/lottemaa.ee\/fi\/paiva-lottemaassa\/keksijakylan-asukkaat\/ruta\/","name":"Ruta | Lottemaa Teemapark","isPartOf":{"@id":"https:\/\/lottemaa.ee\/#website"},"primaryImageOfPage":{"@id":"https:\/\/lottemaa.ee\/fi\/paiva-lottemaassa\/keksijakylan-asukkaat\/ruta\/#primaryimage"},"image":{"@id":"https:\/\/lottemaa.ee\/fi\/paiva-lottemaassa\/keksijakylan-asukkaat\/ruta\/#primaryimage"},"thumbnailUrl":"https:\/\/lottemaa.ee\/wp-content\/uploads\/2016\/05\/lottemaa-ruta.jpg","datePublished":"2016-05-16T16:56:02+00:00","dateModified":"2023-02-16T13:30:33+00:00","description":"Ruta\u00a0on kaunis k\u00e4rp\u00e4sneiti, joka on kotoisin Latviasta, kauniista Riikan kaupungista. Ruta pit\u00e4\u00e4 kovasti matkustamisesta ja heti, kun s\u00e4\u00e4 l\u00e4mpenee, Ruta l\u00e4htee pitk\u00e4lle matkalle.","breadcrumb":{"@id":"https:\/\/lottemaa.ee\/fi\/paiva-lottemaassa\/keksijakylan-asukkaat\/ruta\/#breadcrumb"},"inLanguage":"fi","potentialAction":[{"@type":"ReadAction","target":["https:\/\/lottemaa.ee\/fi\/paiva-lottemaassa\/keksijakylan-asukkaat\/ruta\/"]}]},{"@type":"ImageObject","inLanguage":"fi","@id":"https:\/\/lottemaa.ee\/fi\/paiva-lottemaassa\/keksijakylan-asukkaat\/ruta\/#primaryimage","url":"https:\/\/lottemaa.ee\/wp-content\/uploads\/2016\/05\/lottemaa-ruta.jpg","contentUrl":"https:\/\/lottemaa.ee\/wp-content\/uploads\/2016\/05\/lottemaa-ruta.jpg","width":316,"height":177},{"@type":"BreadcrumbList","@id":"https:\/\/lottemaa.ee\/fi\/paiva-lottemaassa\/keksijakylan-asukkaat\/ruta\/#breadcrumb","itemListElement":[{"@type":"ListItem","position":1,"name":"Home","item":"https:\/\/lottemaa.ee\/fi\/"},{"@type":"ListItem","position":2,"name":"P\u00e4iv\u00e4 Lottemaassa","item":"https:\/\/lottemaa.ee\/fi\/paiva-lottemaassa\/"},{"@type":"ListItem","position":3,"name":"Keksij\u00e4kyl\u00e4n asukkaat","item":"https:\/\/lottemaa.ee\/fi\/paiva-lottemaassa\/keksijakylan-asukkaat\/"},{"@type":"ListItem","position":4,"name":"Ruta"}]},{"@type":"WebSite","@id":"https:\/\/lottemaa.ee\/#website","url":"https:\/\/lottemaa.ee\/","name":"Lottemaa Teemapark","description":"Baltimaade suurim ja k\u00f5ige \u00e4gedam kogupere teemapark Eestis P\u00e4rnumaal","publisher":{"@id":"https:\/\/lottemaa.ee\/#organization"},"potentialAction":[{"@type":"SearchAction","target":{"@type":"EntryPoint","urlTemplate":"https:\/\/lottemaa.ee\/?s={search_term_string}"},"query-input":{"@type":"PropertyValueSpecification","valueRequired":true,"valueName":"search_term_string"}}],"inLanguage":"fi"},{"@type":"Organization","@id":"https:\/\/lottemaa.ee\/#organization","name":"Lottemaa Teemapark","url":"https:\/\/lottemaa.ee\/","logo":{"@type":"ImageObject","inLanguage":"fi","@id":"https:\/\/lottemaa.ee\/#\/schema\/logo\/image\/","url":"https:\/\/lottemaa.ee\/wp-content\/uploads\/2018\/12\/Lottemaa_LOGO.png","contentUrl":"https:\/\/lottemaa.ee\/wp-content\/uploads\/2018\/12\/Lottemaa_LOGO.png","width":1024,"height":518,"caption":"Lottemaa Teemapark"},"image":{"@id":"https:\/\/lottemaa.ee\/#\/schema\/logo\/image\/"}}]}},"_links":{"self":[{"href":"https:\/\/lottemaa.ee\/fi\/wp-json\/wp\/v2\/pages\/1248","targetHints":{"allow":["GET"]}}],"collection":[{"href":"https:\/\/lottemaa.ee\/fi\/wp-json\/wp\/v2\/pages"}],"about":[{"href":"https:\/\/lottemaa.ee\/fi\/wp-json\/wp\/v2\/types\/page"}],"author":[{"embeddable":true,"href":"https:\/\/lottemaa.ee\/fi\/wp-json\/wp\/v2\/users\/1"}],"replies":[{"embeddable":true,"href":"https:\/\/lottemaa.ee\/fi\/wp-json\/wp\/v2\/comments?post=1248"}],"version-history":[{"count":2,"href":"https:\/\/lottemaa.ee\/fi\/wp-json\/wp\/v2\/pages\/1248\/revisions"}],"predecessor-version":[{"id":20701,"href":"https:\/\/lottemaa.ee\/fi\/wp-json\/wp\/v2\/pages\/1248\/revisions\/20701"}],"up":[{"embeddable":true,"href":"https:\/\/lottemaa.ee\/fi\/wp-json\/wp\/v2\/pages\/1214"}],"wp:featuredmedia":[{"embeddable":true,"href":"https:\/\/lottemaa.ee\/fi\/wp-json\/wp\/v2\/media\/1581"}],"wp:attachment":[{"href":"https:\/\/lottemaa.ee\/fi\/wp-json\/wp\/v2\/media?parent=1248"}],"curies":[{"name":"wp","href":"https:\/\/api.w.org\/{rel}","templated":true}]}}