{"id":1246,"date":"2016-05-16T19:55:17","date_gmt":"2016-05-16T16:55:17","guid":{"rendered":"http:\/\/sharks.ee\/lottemaa\/fi\/?page_id=1246"},"modified":"2023-02-16T15:27:18","modified_gmt":"2023-02-16T13:27:18","slug":"tohtori-ave","status":"publish","type":"page","link":"https:\/\/lottemaa.ee\/fi\/meista\/keksijakylan-asukkaat\/tohtori-ave\/","title":{"rendered":"Tohtori Ave"},"content":{"rendered":"<p style=\"text-align: left;\"><strong>Tohtori Ave\u00a0<\/strong>on j\u00e4nis, joka pit\u00e4\u00e4 kaikenlaisten sairauksien hoitamisesta. H\u00e4n l\u00f6yt\u00e4\u00e4 laukustaan jokaiseen kolhun j\u00e4\u00e4puikon, naarmuun ratamonlehden, vesirakkulaan helliv\u00e4n punajuuripalsamin. Tohtori Ave kaipaa kovasti hetke\u00e4, jolloin joku tarvitsisi h\u00e4nen apuaan, h\u00e4nen klinikkansa on auki koko ajan. Tieto Aven tohtorintaidoista ovat levinneet my\u00f6s naapurikyliin. Ei ole viel\u00e4 keksitty sairautta, jota Ave ei pystyisi hoitamaan.<\/p>\n","protected":false},"excerpt":{"rendered":"<p>Tohtori Ave\u00a0on j\u00e4nis, joka pit\u00e4\u00e4 kaikenlaisten sairauksien hoitamisesta. H\u00e4n l\u00f6yt\u00e4\u00e4 laukustaan jokaiseen kolhun j\u00e4\u00e4puikon, naarmuun ratamonlehden, vesirakkulaan helliv\u00e4n punajuuripalsamin. Tohtori Ave kaipaa kovasti hetke\u00e4, jolloin joku tarvitsisi h\u00e4nen apuaan, h\u00e4nen klinikkansa on auki koko ajan. Tieto Aven tohtorintaidoista ovat levinneet my\u00f6s naapurikyliin. Ei ole viel\u00e4 keksitty sairautta, jota Ave ei pystyisi hoitamaan.<\/p>\n","protected":false},"author":1,"featured_media":1576,"parent":1214,"menu_order":265,"comment_status":"closed","ping_status":"closed","template":"","meta":{"_acf_changed":false,"om_disable_all_campaigns":false,"_uf_show_specific_survey":0,"_uf_disable_surveys":false,"footnotes":""},"class_list":["post-1246","page","type-page","status-publish","has-post-thumbnail","hentry"],"acf":[],"yoast_head":"<!-- This site is optimized with the Yoast SEO plugin v25.5 - https:\/\/yoast.com\/wordpress\/plugins\/seo\/ -->\n<title>Tohtori Ave | Lottemaa Teemapark<\/title>\n<meta name=\"description\" content=\"Tohtori Ave\u00a0on j\u00e4nis, joka pit\u00e4\u00e4 kaikenlaisten sairauksien hoitamisesta. H\u00e4n l\u00f6yt\u00e4\u00e4 laukustaan jokaiseen kolhun j\u00e4\u00e4puikon, naarmuun ratamonlehden, vesirakkulaan helliv\u00e4n punajuuripalsamin.\" \/>\n<meta name=\"robots\" content=\"index, follow, max-snippet:-1, max-image-preview:large, max-video-preview:-1\" \/>\n<link rel=\"canonical\" href=\"https:\/\/lottemaa.ee\/fi\/paiva-lottemaassa\/keksijakylan-asukkaat\/tohtori-ave\/\" \/>\n<meta property=\"og:locale\" content=\"fi_FI\" \/>\n<meta property=\"og:type\" content=\"article\" \/>\n<meta property=\"og:title\" content=\"Tohtori Ave | Lottemaa Teemapark\" \/>\n<meta property=\"og:description\" content=\"Tohtori Ave\u00a0on j\u00e4nis, joka pit\u00e4\u00e4 kaikenlaisten sairauksien hoitamisesta. H\u00e4n l\u00f6yt\u00e4\u00e4 laukustaan jokaiseen kolhun j\u00e4\u00e4puikon, naarmuun ratamonlehden, vesirakkulaan helliv\u00e4n punajuuripalsamin.\" \/>\n<meta property=\"og:url\" content=\"https:\/\/lottemaa.ee\/fi\/paiva-lottemaassa\/keksijakylan-asukkaat\/tohtori-ave\/\" \/>\n<meta property=\"og:site_name\" content=\"Lottemaa Teemapark\" \/>\n<meta property=\"article:modified_time\" content=\"2023-02-16T13:27:18+00:00\" \/>\n<meta property=\"og:image\" content=\"https:\/\/lottemaa.ee\/wp-content\/uploads\/2016\/05\/lottemaa-ave.jpg\" \/>\n\t<meta property=\"og:image:width\" content=\"316\" \/>\n\t<meta property=\"og:image:height\" content=\"177\" \/>\n\t<meta property=\"og:image:type\" content=\"image\/jpeg\" \/>\n<meta name=\"twitter:card\" content=\"summary_large_image\" \/>\n<meta name=\"twitter:label1\" content=\"Arvioitu lukuaika\" \/>\n\t<meta name=\"twitter:data1\" content=\"1 minuutti\" \/>\n<script type=\"application\/ld+json\" class=\"yoast-schema-graph\">{\"@context\":\"https:\/\/schema.org\",\"@graph\":[{\"@type\":\"WebPage\",\"@id\":\"https:\/\/lottemaa.ee\/fi\/paiva-lottemaassa\/keksijakylan-asukkaat\/tohtori-ave\/\",\"url\":\"https:\/\/lottemaa.ee\/fi\/paiva-lottemaassa\/keksijakylan-asukkaat\/tohtori-ave\/\",\"name\":\"Tohtori Ave | Lottemaa Teemapark\",\"isPartOf\":{\"@id\":\"https:\/\/lottemaa.ee\/#website\"},\"primaryImageOfPage\":{\"@id\":\"https:\/\/lottemaa.ee\/fi\/paiva-lottemaassa\/keksijakylan-asukkaat\/tohtori-ave\/#primaryimage\"},\"image\":{\"@id\":\"https:\/\/lottemaa.ee\/fi\/paiva-lottemaassa\/keksijakylan-asukkaat\/tohtori-ave\/#primaryimage\"},\"thumbnailUrl\":\"https:\/\/lottemaa.ee\/wp-content\/uploads\/2016\/05\/lottemaa-ave.jpg\",\"datePublished\":\"2016-05-16T16:55:17+00:00\",\"dateModified\":\"2023-02-16T13:27:18+00:00\",\"description\":\"Tohtori Ave\u00a0on j\u00e4nis, joka pit\u00e4\u00e4 kaikenlaisten sairauksien hoitamisesta. H\u00e4n l\u00f6yt\u00e4\u00e4 laukustaan jokaiseen kolhun j\u00e4\u00e4puikon, naarmuun ratamonlehden, vesirakkulaan helliv\u00e4n punajuuripalsamin.\",\"breadcrumb\":{\"@id\":\"https:\/\/lottemaa.ee\/fi\/paiva-lottemaassa\/keksijakylan-asukkaat\/tohtori-ave\/#breadcrumb\"},\"inLanguage\":\"fi\",\"potentialAction\":[{\"@type\":\"ReadAction\",\"target\":[\"https:\/\/lottemaa.ee\/fi\/paiva-lottemaassa\/keksijakylan-asukkaat\/tohtori-ave\/\"]}]},{\"@type\":\"ImageObject\",\"inLanguage\":\"fi\",\"@id\":\"https:\/\/lottemaa.ee\/fi\/paiva-lottemaassa\/keksijakylan-asukkaat\/tohtori-ave\/#primaryimage\",\"url\":\"https:\/\/lottemaa.ee\/wp-content\/uploads\/2016\/05\/lottemaa-ave.jpg\",\"contentUrl\":\"https:\/\/lottemaa.ee\/wp-content\/uploads\/2016\/05\/lottemaa-ave.jpg\",\"width\":316,\"height\":177},{\"@type\":\"BreadcrumbList\",\"@id\":\"https:\/\/lottemaa.ee\/fi\/paiva-lottemaassa\/keksijakylan-asukkaat\/tohtori-ave\/#breadcrumb\",\"itemListElement\":[{\"@type\":\"ListItem\",\"position\":1,\"name\":\"Home\",\"item\":\"https:\/\/lottemaa.ee\/fi\/\"},{\"@type\":\"ListItem\",\"position\":2,\"name\":\"P\u00e4iv\u00e4 Lottemaassa\",\"item\":\"https:\/\/lottemaa.ee\/fi\/paiva-lottemaassa\/\"},{\"@type\":\"ListItem\",\"position\":3,\"name\":\"Keksij\u00e4kyl\u00e4n asukkaat\",\"item\":\"https:\/\/lottemaa.ee\/fi\/paiva-lottemaassa\/keksijakylan-asukkaat\/\"},{\"@type\":\"ListItem\",\"position\":4,\"name\":\"Tohtori Ave\"}]},{\"@type\":\"WebSite\",\"@id\":\"https:\/\/lottemaa.ee\/#website\",\"url\":\"https:\/\/lottemaa.ee\/\",\"name\":\"Lottemaa Teemapark\",\"description\":\"Baltimaade suurim ja k\u00f5ige \u00e4gedam kogupere teemapark Eestis P\u00e4rnumaal\",\"publisher\":{\"@id\":\"https:\/\/lottemaa.ee\/#organization\"},\"potentialAction\":[{\"@type\":\"SearchAction\",\"target\":{\"@type\":\"EntryPoint\",\"urlTemplate\":\"https:\/\/lottemaa.ee\/?s={search_term_string}\"},\"query-input\":{\"@type\":\"PropertyValueSpecification\",\"valueRequired\":true,\"valueName\":\"search_term_string\"}}],\"inLanguage\":\"fi\"},{\"@type\":\"Organization\",\"@id\":\"https:\/\/lottemaa.ee\/#organization\",\"name\":\"Lottemaa Teemapark\",\"url\":\"https:\/\/lottemaa.ee\/\",\"logo\":{\"@type\":\"ImageObject\",\"inLanguage\":\"fi\",\"@id\":\"https:\/\/lottemaa.ee\/#\/schema\/logo\/image\/\",\"url\":\"https:\/\/lottemaa.ee\/wp-content\/uploads\/2018\/12\/Lottemaa_LOGO.png\",\"contentUrl\":\"https:\/\/lottemaa.ee\/wp-content\/uploads\/2018\/12\/Lottemaa_LOGO.png\",\"width\":1024,\"height\":518,\"caption\":\"Lottemaa Teemapark\"},\"image\":{\"@id\":\"https:\/\/lottemaa.ee\/#\/schema\/logo\/image\/\"}}]}<\/script>\n<!-- \/ Yoast SEO plugin. -->","yoast_head_json":{"title":"Tohtori Ave | Lottemaa Teemapark","description":"Tohtori Ave\u00a0on j\u00e4nis, joka pit\u00e4\u00e4 kaikenlaisten sairauksien hoitamisesta. H\u00e4n l\u00f6yt\u00e4\u00e4 laukustaan jokaiseen kolhun j\u00e4\u00e4puikon, naarmuun ratamonlehden, vesirakkulaan helliv\u00e4n punajuuripalsamin.","robots":{"index":"index","follow":"follow","max-snippet":"max-snippet:-1","max-image-preview":"max-image-preview:large","max-video-preview":"max-video-preview:-1"},"canonical":"https:\/\/lottemaa.ee\/fi\/paiva-lottemaassa\/keksijakylan-asukkaat\/tohtori-ave\/","og_locale":"fi_FI","og_type":"article","og_title":"Tohtori Ave | Lottemaa Teemapark","og_description":"Tohtori Ave\u00a0on j\u00e4nis, joka pit\u00e4\u00e4 kaikenlaisten sairauksien hoitamisesta. H\u00e4n l\u00f6yt\u00e4\u00e4 laukustaan jokaiseen kolhun j\u00e4\u00e4puikon, naarmuun ratamonlehden, vesirakkulaan helliv\u00e4n punajuuripalsamin.","og_url":"https:\/\/lottemaa.ee\/fi\/paiva-lottemaassa\/keksijakylan-asukkaat\/tohtori-ave\/","og_site_name":"Lottemaa Teemapark","article_modified_time":"2023-02-16T13:27:18+00:00","og_image":[{"width":316,"height":177,"url":"https:\/\/lottemaa.ee\/wp-content\/uploads\/2016\/05\/lottemaa-ave.jpg","type":"image\/jpeg"}],"twitter_card":"summary_large_image","twitter_misc":{"Arvioitu lukuaika":"1 minuutti"},"schema":{"@context":"https:\/\/schema.org","@graph":[{"@type":"WebPage","@id":"https:\/\/lottemaa.ee\/fi\/paiva-lottemaassa\/keksijakylan-asukkaat\/tohtori-ave\/","url":"https:\/\/lottemaa.ee\/fi\/paiva-lottemaassa\/keksijakylan-asukkaat\/tohtori-ave\/","name":"Tohtori Ave | Lottemaa Teemapark","isPartOf":{"@id":"https:\/\/lottemaa.ee\/#website"},"primaryImageOfPage":{"@id":"https:\/\/lottemaa.ee\/fi\/paiva-lottemaassa\/keksijakylan-asukkaat\/tohtori-ave\/#primaryimage"},"image":{"@id":"https:\/\/lottemaa.ee\/fi\/paiva-lottemaassa\/keksijakylan-asukkaat\/tohtori-ave\/#primaryimage"},"thumbnailUrl":"https:\/\/lottemaa.ee\/wp-content\/uploads\/2016\/05\/lottemaa-ave.jpg","datePublished":"2016-05-16T16:55:17+00:00","dateModified":"2023-02-16T13:27:18+00:00","description":"Tohtori Ave\u00a0on j\u00e4nis, joka pit\u00e4\u00e4 kaikenlaisten sairauksien hoitamisesta. H\u00e4n l\u00f6yt\u00e4\u00e4 laukustaan jokaiseen kolhun j\u00e4\u00e4puikon, naarmuun ratamonlehden, vesirakkulaan helliv\u00e4n punajuuripalsamin.","breadcrumb":{"@id":"https:\/\/lottemaa.ee\/fi\/paiva-lottemaassa\/keksijakylan-asukkaat\/tohtori-ave\/#breadcrumb"},"inLanguage":"fi","potentialAction":[{"@type":"ReadAction","target":["https:\/\/lottemaa.ee\/fi\/paiva-lottemaassa\/keksijakylan-asukkaat\/tohtori-ave\/"]}]},{"@type":"ImageObject","inLanguage":"fi","@id":"https:\/\/lottemaa.ee\/fi\/paiva-lottemaassa\/keksijakylan-asukkaat\/tohtori-ave\/#primaryimage","url":"https:\/\/lottemaa.ee\/wp-content\/uploads\/2016\/05\/lottemaa-ave.jpg","contentUrl":"https:\/\/lottemaa.ee\/wp-content\/uploads\/2016\/05\/lottemaa-ave.jpg","width":316,"height":177},{"@type":"BreadcrumbList","@id":"https:\/\/lottemaa.ee\/fi\/paiva-lottemaassa\/keksijakylan-asukkaat\/tohtori-ave\/#breadcrumb","itemListElement":[{"@type":"ListItem","position":1,"name":"Home","item":"https:\/\/lottemaa.ee\/fi\/"},{"@type":"ListItem","position":2,"name":"P\u00e4iv\u00e4 Lottemaassa","item":"https:\/\/lottemaa.ee\/fi\/paiva-lottemaassa\/"},{"@type":"ListItem","position":3,"name":"Keksij\u00e4kyl\u00e4n asukkaat","item":"https:\/\/lottemaa.ee\/fi\/paiva-lottemaassa\/keksijakylan-asukkaat\/"},{"@type":"ListItem","position":4,"name":"Tohtori Ave"}]},{"@type":"WebSite","@id":"https:\/\/lottemaa.ee\/#website","url":"https:\/\/lottemaa.ee\/","name":"Lottemaa Teemapark","description":"Baltimaade suurim ja k\u00f5ige \u00e4gedam kogupere teemapark Eestis P\u00e4rnumaal","publisher":{"@id":"https:\/\/lottemaa.ee\/#organization"},"potentialAction":[{"@type":"SearchAction","target":{"@type":"EntryPoint","urlTemplate":"https:\/\/lottemaa.ee\/?s={search_term_string}"},"query-input":{"@type":"PropertyValueSpecification","valueRequired":true,"valueName":"search_term_string"}}],"inLanguage":"fi"},{"@type":"Organization","@id":"https:\/\/lottemaa.ee\/#organization","name":"Lottemaa Teemapark","url":"https:\/\/lottemaa.ee\/","logo":{"@type":"ImageObject","inLanguage":"fi","@id":"https:\/\/lottemaa.ee\/#\/schema\/logo\/image\/","url":"https:\/\/lottemaa.ee\/wp-content\/uploads\/2018\/12\/Lottemaa_LOGO.png","contentUrl":"https:\/\/lottemaa.ee\/wp-content\/uploads\/2018\/12\/Lottemaa_LOGO.png","width":1024,"height":518,"caption":"Lottemaa Teemapark"},"image":{"@id":"https:\/\/lottemaa.ee\/#\/schema\/logo\/image\/"}}]}},"_links":{"self":[{"href":"https:\/\/lottemaa.ee\/fi\/wp-json\/wp\/v2\/pages\/1246","targetHints":{"allow":["GET"]}}],"collection":[{"href":"https:\/\/lottemaa.ee\/fi\/wp-json\/wp\/v2\/pages"}],"about":[{"href":"https:\/\/lottemaa.ee\/fi\/wp-json\/wp\/v2\/types\/page"}],"author":[{"embeddable":true,"href":"https:\/\/lottemaa.ee\/fi\/wp-json\/wp\/v2\/users\/1"}],"replies":[{"embeddable":true,"href":"https:\/\/lottemaa.ee\/fi\/wp-json\/wp\/v2\/comments?post=1246"}],"version-history":[{"count":3,"href":"https:\/\/lottemaa.ee\/fi\/wp-json\/wp\/v2\/pages\/1246\/revisions"}],"predecessor-version":[{"id":20698,"href":"https:\/\/lottemaa.ee\/fi\/wp-json\/wp\/v2\/pages\/1246\/revisions\/20698"}],"up":[{"embeddable":true,"href":"https:\/\/lottemaa.ee\/fi\/wp-json\/wp\/v2\/pages\/1214"}],"wp:featuredmedia":[{"embeddable":true,"href":"https:\/\/lottemaa.ee\/fi\/wp-json\/wp\/v2\/media\/1576"}],"wp:attachment":[{"href":"https:\/\/lottemaa.ee\/fi\/wp-json\/wp\/v2\/media?parent=1246"}],"curies":[{"name":"wp","href":"https:\/\/api.w.org\/{rel}","templated":true}]}}