{"id":1239,"date":"2016-05-16T19:53:22","date_gmt":"2016-05-16T16:53:22","guid":{"rendered":"http:\/\/sharks.ee\/lottemaa\/fi\/?page_id=1239"},"modified":"2023-02-16T15:29:38","modified_gmt":"2023-02-16T13:29:38","slug":"jaak-karpanen","status":"publish","type":"page","link":"https:\/\/lottemaa.ee\/fi\/meista\/keksijakylan-asukkaat\/jaak-karpanen\/","title":{"rendered":"Jaak-k\u00e4rp\u00e4nen"},"content":{"rendered":"<p style=\"text-align: left;\"><strong>Jaak-k\u00e4rp\u00e4nen<\/strong>\u00a0on omasta mielest\u00e4\u00e4n Keksij\u00e4kyl\u00e4n merkitt\u00e4vin henkil\u00f6. H\u00e4nen teht\u00e4v\u00e4n\u00e4\u00e4n on her\u00e4tt\u00e4\u00e4 kyl\u00e4n asukkaan aamuisin ja ohjata iltaisin vuoteeseen. Jaak suhtautuu ty\u00f6h\u00f6ns\u00e4 sen vaatimalla vakavuudella. H\u00e4n tiet\u00e4\u00e4, ett\u00e4 jos y\u00f6ll\u00e4 ei saa kunnolla lev\u00e4tty\u00e4, p\u00e4iv\u00e4ll\u00e4 on mieli maassa.<\/p>\n","protected":false},"excerpt":{"rendered":"<p>Jaak-k\u00e4rp\u00e4nen\u00a0on omasta mielest\u00e4\u00e4n Keksij\u00e4kyl\u00e4n merkitt\u00e4vin henkil\u00f6. H\u00e4nen teht\u00e4v\u00e4n\u00e4\u00e4n on her\u00e4tt\u00e4\u00e4 kyl\u00e4n asukkaan aamuisin ja ohjata iltaisin vuoteeseen. Jaak suhtautuu ty\u00f6h\u00f6ns\u00e4 sen vaatimalla vakavuudella. H\u00e4n tiet\u00e4\u00e4, ett\u00e4 jos y\u00f6ll\u00e4 ei saa kunnolla lev\u00e4tty\u00e4, p\u00e4iv\u00e4ll\u00e4 on mieli maassa.<\/p>\n","protected":false},"author":1,"featured_media":1561,"parent":1214,"menu_order":266,"comment_status":"closed","ping_status":"closed","template":"","meta":{"_acf_changed":false,"om_disable_all_campaigns":false,"_uf_show_specific_survey":0,"_uf_disable_surveys":false,"footnotes":""},"class_list":["post-1239","page","type-page","status-publish","has-post-thumbnail","hentry"],"acf":[],"yoast_head":"<!-- This site is optimized with the Yoast SEO plugin v25.5 - https:\/\/yoast.com\/wordpress\/plugins\/seo\/ -->\n<title>Jaak-k\u00e4rp\u00e4nen | Lottemaa Teemapark<\/title>\n<meta name=\"description\" content=\"Jaak-k\u00e4rp\u00e4nen\u00a0on omasta mielest\u00e4\u00e4n Keksij\u00e4kyl\u00e4n merkitt\u00e4vin henkil\u00f6. H\u00e4nen teht\u00e4v\u00e4n\u00e4\u00e4n on her\u00e4tt\u00e4\u00e4 kyl\u00e4n asukkaan aamuisin ja ohjata iltaisin vuoteeseen.\" \/>\n<meta name=\"robots\" content=\"index, follow, max-snippet:-1, max-image-preview:large, max-video-preview:-1\" \/>\n<link rel=\"canonical\" href=\"https:\/\/lottemaa.ee\/fi\/paiva-lottemaassa\/keksijakylan-asukkaat\/jaak-karpanen\/\" \/>\n<meta property=\"og:locale\" content=\"fi_FI\" \/>\n<meta property=\"og:type\" content=\"article\" \/>\n<meta property=\"og:title\" content=\"Jaak-k\u00e4rp\u00e4nen | Lottemaa Teemapark\" \/>\n<meta property=\"og:description\" content=\"Jaak-k\u00e4rp\u00e4nen\u00a0on omasta mielest\u00e4\u00e4n Keksij\u00e4kyl\u00e4n merkitt\u00e4vin henkil\u00f6. H\u00e4nen teht\u00e4v\u00e4n\u00e4\u00e4n on her\u00e4tt\u00e4\u00e4 kyl\u00e4n asukkaan aamuisin ja ohjata iltaisin vuoteeseen.\" \/>\n<meta property=\"og:url\" content=\"https:\/\/lottemaa.ee\/fi\/paiva-lottemaassa\/keksijakylan-asukkaat\/jaak-karpanen\/\" \/>\n<meta property=\"og:site_name\" content=\"Lottemaa Teemapark\" \/>\n<meta property=\"article:modified_time\" content=\"2023-02-16T13:29:38+00:00\" \/>\n<meta property=\"og:image\" content=\"https:\/\/lottemaa.ee\/wp-content\/uploads\/2016\/05\/lottemaa-jaak.jpg\" \/>\n\t<meta property=\"og:image:width\" content=\"316\" \/>\n\t<meta property=\"og:image:height\" content=\"177\" \/>\n\t<meta property=\"og:image:type\" content=\"image\/jpeg\" \/>\n<meta name=\"twitter:card\" content=\"summary_large_image\" \/>\n<meta name=\"twitter:label1\" content=\"Arvioitu lukuaika\" \/>\n\t<meta name=\"twitter:data1\" content=\"1 minuutti\" \/>\n<script type=\"application\/ld+json\" class=\"yoast-schema-graph\">{\"@context\":\"https:\/\/schema.org\",\"@graph\":[{\"@type\":\"WebPage\",\"@id\":\"https:\/\/lottemaa.ee\/fi\/paiva-lottemaassa\/keksijakylan-asukkaat\/jaak-karpanen\/\",\"url\":\"https:\/\/lottemaa.ee\/fi\/paiva-lottemaassa\/keksijakylan-asukkaat\/jaak-karpanen\/\",\"name\":\"Jaak-k\u00e4rp\u00e4nen | Lottemaa Teemapark\",\"isPartOf\":{\"@id\":\"https:\/\/lottemaa.ee\/#website\"},\"primaryImageOfPage\":{\"@id\":\"https:\/\/lottemaa.ee\/fi\/paiva-lottemaassa\/keksijakylan-asukkaat\/jaak-karpanen\/#primaryimage\"},\"image\":{\"@id\":\"https:\/\/lottemaa.ee\/fi\/paiva-lottemaassa\/keksijakylan-asukkaat\/jaak-karpanen\/#primaryimage\"},\"thumbnailUrl\":\"https:\/\/lottemaa.ee\/wp-content\/uploads\/2016\/05\/lottemaa-jaak.jpg\",\"datePublished\":\"2016-05-16T16:53:22+00:00\",\"dateModified\":\"2023-02-16T13:29:38+00:00\",\"description\":\"Jaak-k\u00e4rp\u00e4nen\u00a0on omasta mielest\u00e4\u00e4n Keksij\u00e4kyl\u00e4n merkitt\u00e4vin henkil\u00f6. H\u00e4nen teht\u00e4v\u00e4n\u00e4\u00e4n on her\u00e4tt\u00e4\u00e4 kyl\u00e4n asukkaan aamuisin ja ohjata iltaisin vuoteeseen.\",\"breadcrumb\":{\"@id\":\"https:\/\/lottemaa.ee\/fi\/paiva-lottemaassa\/keksijakylan-asukkaat\/jaak-karpanen\/#breadcrumb\"},\"inLanguage\":\"fi\",\"potentialAction\":[{\"@type\":\"ReadAction\",\"target\":[\"https:\/\/lottemaa.ee\/fi\/paiva-lottemaassa\/keksijakylan-asukkaat\/jaak-karpanen\/\"]}]},{\"@type\":\"ImageObject\",\"inLanguage\":\"fi\",\"@id\":\"https:\/\/lottemaa.ee\/fi\/paiva-lottemaassa\/keksijakylan-asukkaat\/jaak-karpanen\/#primaryimage\",\"url\":\"https:\/\/lottemaa.ee\/wp-content\/uploads\/2016\/05\/lottemaa-jaak.jpg\",\"contentUrl\":\"https:\/\/lottemaa.ee\/wp-content\/uploads\/2016\/05\/lottemaa-jaak.jpg\",\"width\":316,\"height\":177},{\"@type\":\"BreadcrumbList\",\"@id\":\"https:\/\/lottemaa.ee\/fi\/paiva-lottemaassa\/keksijakylan-asukkaat\/jaak-karpanen\/#breadcrumb\",\"itemListElement\":[{\"@type\":\"ListItem\",\"position\":1,\"name\":\"Home\",\"item\":\"https:\/\/lottemaa.ee\/fi\/\"},{\"@type\":\"ListItem\",\"position\":2,\"name\":\"P\u00e4iv\u00e4 Lottemaassa\",\"item\":\"https:\/\/lottemaa.ee\/fi\/paiva-lottemaassa\/\"},{\"@type\":\"ListItem\",\"position\":3,\"name\":\"Keksij\u00e4kyl\u00e4n asukkaat\",\"item\":\"https:\/\/lottemaa.ee\/fi\/paiva-lottemaassa\/keksijakylan-asukkaat\/\"},{\"@type\":\"ListItem\",\"position\":4,\"name\":\"Jaak-k\u00e4rp\u00e4nen\"}]},{\"@type\":\"WebSite\",\"@id\":\"https:\/\/lottemaa.ee\/#website\",\"url\":\"https:\/\/lottemaa.ee\/\",\"name\":\"Lottemaa Teemapark\",\"description\":\"Baltimaade suurim ja k\u00f5ige \u00e4gedam kogupere teemapark Eestis P\u00e4rnumaal\",\"publisher\":{\"@id\":\"https:\/\/lottemaa.ee\/#organization\"},\"potentialAction\":[{\"@type\":\"SearchAction\",\"target\":{\"@type\":\"EntryPoint\",\"urlTemplate\":\"https:\/\/lottemaa.ee\/?s={search_term_string}\"},\"query-input\":{\"@type\":\"PropertyValueSpecification\",\"valueRequired\":true,\"valueName\":\"search_term_string\"}}],\"inLanguage\":\"fi\"},{\"@type\":\"Organization\",\"@id\":\"https:\/\/lottemaa.ee\/#organization\",\"name\":\"Lottemaa Teemapark\",\"url\":\"https:\/\/lottemaa.ee\/\",\"logo\":{\"@type\":\"ImageObject\",\"inLanguage\":\"fi\",\"@id\":\"https:\/\/lottemaa.ee\/#\/schema\/logo\/image\/\",\"url\":\"https:\/\/lottemaa.ee\/wp-content\/uploads\/2018\/12\/Lottemaa_LOGO.png\",\"contentUrl\":\"https:\/\/lottemaa.ee\/wp-content\/uploads\/2018\/12\/Lottemaa_LOGO.png\",\"width\":1024,\"height\":518,\"caption\":\"Lottemaa Teemapark\"},\"image\":{\"@id\":\"https:\/\/lottemaa.ee\/#\/schema\/logo\/image\/\"}}]}<\/script>\n<!-- \/ Yoast SEO plugin. -->","yoast_head_json":{"title":"Jaak-k\u00e4rp\u00e4nen | Lottemaa Teemapark","description":"Jaak-k\u00e4rp\u00e4nen\u00a0on omasta mielest\u00e4\u00e4n Keksij\u00e4kyl\u00e4n merkitt\u00e4vin henkil\u00f6. H\u00e4nen teht\u00e4v\u00e4n\u00e4\u00e4n on her\u00e4tt\u00e4\u00e4 kyl\u00e4n asukkaan aamuisin ja ohjata iltaisin vuoteeseen.","robots":{"index":"index","follow":"follow","max-snippet":"max-snippet:-1","max-image-preview":"max-image-preview:large","max-video-preview":"max-video-preview:-1"},"canonical":"https:\/\/lottemaa.ee\/fi\/paiva-lottemaassa\/keksijakylan-asukkaat\/jaak-karpanen\/","og_locale":"fi_FI","og_type":"article","og_title":"Jaak-k\u00e4rp\u00e4nen | Lottemaa Teemapark","og_description":"Jaak-k\u00e4rp\u00e4nen\u00a0on omasta mielest\u00e4\u00e4n Keksij\u00e4kyl\u00e4n merkitt\u00e4vin henkil\u00f6. H\u00e4nen teht\u00e4v\u00e4n\u00e4\u00e4n on her\u00e4tt\u00e4\u00e4 kyl\u00e4n asukkaan aamuisin ja ohjata iltaisin vuoteeseen.","og_url":"https:\/\/lottemaa.ee\/fi\/paiva-lottemaassa\/keksijakylan-asukkaat\/jaak-karpanen\/","og_site_name":"Lottemaa Teemapark","article_modified_time":"2023-02-16T13:29:38+00:00","og_image":[{"width":316,"height":177,"url":"https:\/\/lottemaa.ee\/wp-content\/uploads\/2016\/05\/lottemaa-jaak.jpg","type":"image\/jpeg"}],"twitter_card":"summary_large_image","twitter_misc":{"Arvioitu lukuaika":"1 minuutti"},"schema":{"@context":"https:\/\/schema.org","@graph":[{"@type":"WebPage","@id":"https:\/\/lottemaa.ee\/fi\/paiva-lottemaassa\/keksijakylan-asukkaat\/jaak-karpanen\/","url":"https:\/\/lottemaa.ee\/fi\/paiva-lottemaassa\/keksijakylan-asukkaat\/jaak-karpanen\/","name":"Jaak-k\u00e4rp\u00e4nen | Lottemaa Teemapark","isPartOf":{"@id":"https:\/\/lottemaa.ee\/#website"},"primaryImageOfPage":{"@id":"https:\/\/lottemaa.ee\/fi\/paiva-lottemaassa\/keksijakylan-asukkaat\/jaak-karpanen\/#primaryimage"},"image":{"@id":"https:\/\/lottemaa.ee\/fi\/paiva-lottemaassa\/keksijakylan-asukkaat\/jaak-karpanen\/#primaryimage"},"thumbnailUrl":"https:\/\/lottemaa.ee\/wp-content\/uploads\/2016\/05\/lottemaa-jaak.jpg","datePublished":"2016-05-16T16:53:22+00:00","dateModified":"2023-02-16T13:29:38+00:00","description":"Jaak-k\u00e4rp\u00e4nen\u00a0on omasta mielest\u00e4\u00e4n Keksij\u00e4kyl\u00e4n merkitt\u00e4vin henkil\u00f6. H\u00e4nen teht\u00e4v\u00e4n\u00e4\u00e4n on her\u00e4tt\u00e4\u00e4 kyl\u00e4n asukkaan aamuisin ja ohjata iltaisin vuoteeseen.","breadcrumb":{"@id":"https:\/\/lottemaa.ee\/fi\/paiva-lottemaassa\/keksijakylan-asukkaat\/jaak-karpanen\/#breadcrumb"},"inLanguage":"fi","potentialAction":[{"@type":"ReadAction","target":["https:\/\/lottemaa.ee\/fi\/paiva-lottemaassa\/keksijakylan-asukkaat\/jaak-karpanen\/"]}]},{"@type":"ImageObject","inLanguage":"fi","@id":"https:\/\/lottemaa.ee\/fi\/paiva-lottemaassa\/keksijakylan-asukkaat\/jaak-karpanen\/#primaryimage","url":"https:\/\/lottemaa.ee\/wp-content\/uploads\/2016\/05\/lottemaa-jaak.jpg","contentUrl":"https:\/\/lottemaa.ee\/wp-content\/uploads\/2016\/05\/lottemaa-jaak.jpg","width":316,"height":177},{"@type":"BreadcrumbList","@id":"https:\/\/lottemaa.ee\/fi\/paiva-lottemaassa\/keksijakylan-asukkaat\/jaak-karpanen\/#breadcrumb","itemListElement":[{"@type":"ListItem","position":1,"name":"Home","item":"https:\/\/lottemaa.ee\/fi\/"},{"@type":"ListItem","position":2,"name":"P\u00e4iv\u00e4 Lottemaassa","item":"https:\/\/lottemaa.ee\/fi\/paiva-lottemaassa\/"},{"@type":"ListItem","position":3,"name":"Keksij\u00e4kyl\u00e4n asukkaat","item":"https:\/\/lottemaa.ee\/fi\/paiva-lottemaassa\/keksijakylan-asukkaat\/"},{"@type":"ListItem","position":4,"name":"Jaak-k\u00e4rp\u00e4nen"}]},{"@type":"WebSite","@id":"https:\/\/lottemaa.ee\/#website","url":"https:\/\/lottemaa.ee\/","name":"Lottemaa Teemapark","description":"Baltimaade suurim ja k\u00f5ige \u00e4gedam kogupere teemapark Eestis P\u00e4rnumaal","publisher":{"@id":"https:\/\/lottemaa.ee\/#organization"},"potentialAction":[{"@type":"SearchAction","target":{"@type":"EntryPoint","urlTemplate":"https:\/\/lottemaa.ee\/?s={search_term_string}"},"query-input":{"@type":"PropertyValueSpecification","valueRequired":true,"valueName":"search_term_string"}}],"inLanguage":"fi"},{"@type":"Organization","@id":"https:\/\/lottemaa.ee\/#organization","name":"Lottemaa Teemapark","url":"https:\/\/lottemaa.ee\/","logo":{"@type":"ImageObject","inLanguage":"fi","@id":"https:\/\/lottemaa.ee\/#\/schema\/logo\/image\/","url":"https:\/\/lottemaa.ee\/wp-content\/uploads\/2018\/12\/Lottemaa_LOGO.png","contentUrl":"https:\/\/lottemaa.ee\/wp-content\/uploads\/2018\/12\/Lottemaa_LOGO.png","width":1024,"height":518,"caption":"Lottemaa Teemapark"},"image":{"@id":"https:\/\/lottemaa.ee\/#\/schema\/logo\/image\/"}}]}},"_links":{"self":[{"href":"https:\/\/lottemaa.ee\/fi\/wp-json\/wp\/v2\/pages\/1239","targetHints":{"allow":["GET"]}}],"collection":[{"href":"https:\/\/lottemaa.ee\/fi\/wp-json\/wp\/v2\/pages"}],"about":[{"href":"https:\/\/lottemaa.ee\/fi\/wp-json\/wp\/v2\/types\/page"}],"author":[{"embeddable":true,"href":"https:\/\/lottemaa.ee\/fi\/wp-json\/wp\/v2\/users\/1"}],"replies":[{"embeddable":true,"href":"https:\/\/lottemaa.ee\/fi\/wp-json\/wp\/v2\/comments?post=1239"}],"version-history":[{"count":3,"href":"https:\/\/lottemaa.ee\/fi\/wp-json\/wp\/v2\/pages\/1239\/revisions"}],"predecessor-version":[{"id":20700,"href":"https:\/\/lottemaa.ee\/fi\/wp-json\/wp\/v2\/pages\/1239\/revisions\/20700"}],"up":[{"embeddable":true,"href":"https:\/\/lottemaa.ee\/fi\/wp-json\/wp\/v2\/pages\/1214"}],"wp:featuredmedia":[{"embeddable":true,"href":"https:\/\/lottemaa.ee\/fi\/wp-json\/wp\/v2\/media\/1561"}],"wp:attachment":[{"href":"https:\/\/lottemaa.ee\/fi\/wp-json\/wp\/v2\/media?parent=1239"}],"curies":[{"name":"wp","href":"https:\/\/api.w.org\/{rel}","templated":true}]}}