{"id":1230,"date":"2016-05-16T19:50:42","date_gmt":"2016-05-16T16:50:42","guid":{"rendered":"http:\/\/sharks.ee\/lottemaa\/fi\/?page_id=1230"},"modified":"2023-02-16T14:51:50","modified_gmt":"2023-02-16T12:51:50","slug":"adalbert-janis","status":"publish","type":"page","link":"https:\/\/lottemaa.ee\/fi\/meista\/keksijakylan-asukkaat\/adalbert-janis\/","title":{"rendered":"Adalbert-j\u00e4nis"},"content":{"rendered":"<p style=\"text-align: left;\"><strong>Adalbert-j\u00e4nis<\/strong>, Albertin is\u00e4, haluaa tulla kaikkein kuuluisimmaksi keksij\u00e4ksi. Se tekee h\u00e4nest\u00e4 koko kyl\u00e4n kaikkien t\u00e4rkeimm\u00e4n j\u00e4niksen Keksij\u00e4nkyl\u00e4ss\u00e4. Adalbert ei jaksa k\u00e4rsim\u00e4tt\u00f6m\u00e4n ja rauhattoman luonteensa ansiosta keskitty\u00e4 keksint\u00f6jen loppuun saattamiseen, joten ne ep\u00e4onnistuvat jatkuvasti. Mutta Adalbert on parantumaton optimisti ja ep\u00e4onnistumiset eiv\u00e4t h\u00e4iritse h\u00e4nt\u00e4. H\u00e4n yritt\u00e4\u00e4 usein p\u00e4\u00e4st\u00e4 tavoitteeseen pienen vilpin avulla.<\/p>\n","protected":false},"excerpt":{"rendered":"<p>Adalbert-j\u00e4nis, Albertin is\u00e4, haluaa tulla kaikkein kuuluisimmaksi keksij\u00e4ksi. Se tekee h\u00e4nest\u00e4 koko kyl\u00e4n kaikkien t\u00e4rkeimm\u00e4n j\u00e4niksen Keksij\u00e4nkyl\u00e4ss\u00e4. Adalbert ei jaksa k\u00e4rsim\u00e4tt\u00f6m\u00e4n ja rauhattoman luonteensa ansiosta keskitty\u00e4 keksint\u00f6jen loppuun saattamiseen, joten ne ep\u00e4onnistuvat jatkuvasti. Mutta Adalbert on parantumaton optimisti ja ep\u00e4onnistumiset eiv\u00e4t h\u00e4iritse h\u00e4nt\u00e4. H\u00e4n yritt\u00e4\u00e4 usein p\u00e4\u00e4st\u00e4 tavoitteeseen pienen vilpin avulla.<\/p>\n","protected":false},"author":1,"featured_media":1541,"parent":1214,"menu_order":252,"comment_status":"closed","ping_status":"closed","template":"","meta":{"_acf_changed":false,"om_disable_all_campaigns":false,"_uf_show_specific_survey":0,"_uf_disable_surveys":false,"footnotes":""},"class_list":["post-1230","page","type-page","status-publish","has-post-thumbnail","hentry"],"acf":[],"yoast_head":"<!-- This site is optimized with the Yoast SEO plugin v25.5 - https:\/\/yoast.com\/wordpress\/plugins\/seo\/ -->\n<title>Adalbert-j\u00e4nis | Lottemaa Teemapark<\/title>\n<meta name=\"description\" content=\"Adalbert-j\u00e4nis, Albertin is\u00e4, haluaa tulla kaikkein kuuluisimmaksi keksij\u00e4ksi. Se tekee h\u00e4nest\u00e4 koko kyl\u00e4n kaikkien t\u00e4rkeimm\u00e4n j\u00e4niksen Keksij\u00e4nkyl\u00e4ss\u00e4.\" \/>\n<meta name=\"robots\" content=\"index, follow, max-snippet:-1, max-image-preview:large, max-video-preview:-1\" \/>\n<link rel=\"canonical\" href=\"https:\/\/lottemaa.ee\/fi\/paiva-lottemaassa\/keksijakylan-asukkaat\/adalbert-janis\/\" \/>\n<meta property=\"og:locale\" content=\"fi_FI\" \/>\n<meta property=\"og:type\" content=\"article\" \/>\n<meta property=\"og:title\" content=\"Adalbert-j\u00e4nis | Lottemaa Teemapark\" \/>\n<meta property=\"og:description\" content=\"Adalbert-j\u00e4nis, Albertin is\u00e4, haluaa tulla kaikkein kuuluisimmaksi keksij\u00e4ksi. Se tekee h\u00e4nest\u00e4 koko kyl\u00e4n kaikkien t\u00e4rkeimm\u00e4n j\u00e4niksen Keksij\u00e4nkyl\u00e4ss\u00e4.\" \/>\n<meta property=\"og:url\" content=\"https:\/\/lottemaa.ee\/fi\/paiva-lottemaassa\/keksijakylan-asukkaat\/adalbert-janis\/\" \/>\n<meta property=\"og:site_name\" content=\"Lottemaa Teemapark\" \/>\n<meta property=\"article:modified_time\" content=\"2023-02-16T12:51:50+00:00\" \/>\n<meta property=\"og:image\" content=\"https:\/\/lottemaa.ee\/wp-content\/uploads\/2016\/05\/lottemaa-adalbert.jpg\" \/>\n\t<meta property=\"og:image:width\" content=\"316\" \/>\n\t<meta property=\"og:image:height\" content=\"177\" \/>\n\t<meta property=\"og:image:type\" content=\"image\/jpeg\" \/>\n<meta name=\"twitter:card\" content=\"summary_large_image\" \/>\n<meta name=\"twitter:label1\" content=\"Arvioitu lukuaika\" \/>\n\t<meta name=\"twitter:data1\" content=\"1 minuutti\" \/>\n<script type=\"application\/ld+json\" class=\"yoast-schema-graph\">{\"@context\":\"https:\/\/schema.org\",\"@graph\":[{\"@type\":\"WebPage\",\"@id\":\"https:\/\/lottemaa.ee\/fi\/paiva-lottemaassa\/keksijakylan-asukkaat\/adalbert-janis\/\",\"url\":\"https:\/\/lottemaa.ee\/fi\/paiva-lottemaassa\/keksijakylan-asukkaat\/adalbert-janis\/\",\"name\":\"Adalbert-j\u00e4nis | Lottemaa Teemapark\",\"isPartOf\":{\"@id\":\"https:\/\/lottemaa.ee\/#website\"},\"primaryImageOfPage\":{\"@id\":\"https:\/\/lottemaa.ee\/fi\/paiva-lottemaassa\/keksijakylan-asukkaat\/adalbert-janis\/#primaryimage\"},\"image\":{\"@id\":\"https:\/\/lottemaa.ee\/fi\/paiva-lottemaassa\/keksijakylan-asukkaat\/adalbert-janis\/#primaryimage\"},\"thumbnailUrl\":\"https:\/\/lottemaa.ee\/wp-content\/uploads\/2016\/05\/lottemaa-adalbert.jpg\",\"datePublished\":\"2016-05-16T16:50:42+00:00\",\"dateModified\":\"2023-02-16T12:51:50+00:00\",\"description\":\"Adalbert-j\u00e4nis, Albertin is\u00e4, haluaa tulla kaikkein kuuluisimmaksi keksij\u00e4ksi. Se tekee h\u00e4nest\u00e4 koko kyl\u00e4n kaikkien t\u00e4rkeimm\u00e4n j\u00e4niksen Keksij\u00e4nkyl\u00e4ss\u00e4.\",\"breadcrumb\":{\"@id\":\"https:\/\/lottemaa.ee\/fi\/paiva-lottemaassa\/keksijakylan-asukkaat\/adalbert-janis\/#breadcrumb\"},\"inLanguage\":\"fi\",\"potentialAction\":[{\"@type\":\"ReadAction\",\"target\":[\"https:\/\/lottemaa.ee\/fi\/paiva-lottemaassa\/keksijakylan-asukkaat\/adalbert-janis\/\"]}]},{\"@type\":\"ImageObject\",\"inLanguage\":\"fi\",\"@id\":\"https:\/\/lottemaa.ee\/fi\/paiva-lottemaassa\/keksijakylan-asukkaat\/adalbert-janis\/#primaryimage\",\"url\":\"https:\/\/lottemaa.ee\/wp-content\/uploads\/2016\/05\/lottemaa-adalbert.jpg\",\"contentUrl\":\"https:\/\/lottemaa.ee\/wp-content\/uploads\/2016\/05\/lottemaa-adalbert.jpg\",\"width\":316,\"height\":177},{\"@type\":\"BreadcrumbList\",\"@id\":\"https:\/\/lottemaa.ee\/fi\/paiva-lottemaassa\/keksijakylan-asukkaat\/adalbert-janis\/#breadcrumb\",\"itemListElement\":[{\"@type\":\"ListItem\",\"position\":1,\"name\":\"Home\",\"item\":\"https:\/\/lottemaa.ee\/fi\/\"},{\"@type\":\"ListItem\",\"position\":2,\"name\":\"P\u00e4iv\u00e4 Lottemaassa\",\"item\":\"https:\/\/lottemaa.ee\/fi\/paiva-lottemaassa\/\"},{\"@type\":\"ListItem\",\"position\":3,\"name\":\"Keksij\u00e4kyl\u00e4n asukkaat\",\"item\":\"https:\/\/lottemaa.ee\/fi\/paiva-lottemaassa\/keksijakylan-asukkaat\/\"},{\"@type\":\"ListItem\",\"position\":4,\"name\":\"Adalbert-j\u00e4nis\"}]},{\"@type\":\"WebSite\",\"@id\":\"https:\/\/lottemaa.ee\/#website\",\"url\":\"https:\/\/lottemaa.ee\/\",\"name\":\"Lottemaa Teemapark\",\"description\":\"Baltimaade suurim ja k\u00f5ige \u00e4gedam kogupere teemapark Eestis P\u00e4rnumaal\",\"publisher\":{\"@id\":\"https:\/\/lottemaa.ee\/#organization\"},\"potentialAction\":[{\"@type\":\"SearchAction\",\"target\":{\"@type\":\"EntryPoint\",\"urlTemplate\":\"https:\/\/lottemaa.ee\/?s={search_term_string}\"},\"query-input\":{\"@type\":\"PropertyValueSpecification\",\"valueRequired\":true,\"valueName\":\"search_term_string\"}}],\"inLanguage\":\"fi\"},{\"@type\":\"Organization\",\"@id\":\"https:\/\/lottemaa.ee\/#organization\",\"name\":\"Lottemaa Teemapark\",\"url\":\"https:\/\/lottemaa.ee\/\",\"logo\":{\"@type\":\"ImageObject\",\"inLanguage\":\"fi\",\"@id\":\"https:\/\/lottemaa.ee\/#\/schema\/logo\/image\/\",\"url\":\"https:\/\/lottemaa.ee\/wp-content\/uploads\/2018\/12\/Lottemaa_LOGO.png\",\"contentUrl\":\"https:\/\/lottemaa.ee\/wp-content\/uploads\/2018\/12\/Lottemaa_LOGO.png\",\"width\":1024,\"height\":518,\"caption\":\"Lottemaa Teemapark\"},\"image\":{\"@id\":\"https:\/\/lottemaa.ee\/#\/schema\/logo\/image\/\"}}]}<\/script>\n<!-- \/ Yoast SEO plugin. -->","yoast_head_json":{"title":"Adalbert-j\u00e4nis | Lottemaa Teemapark","description":"Adalbert-j\u00e4nis, Albertin is\u00e4, haluaa tulla kaikkein kuuluisimmaksi keksij\u00e4ksi. Se tekee h\u00e4nest\u00e4 koko kyl\u00e4n kaikkien t\u00e4rkeimm\u00e4n j\u00e4niksen Keksij\u00e4nkyl\u00e4ss\u00e4.","robots":{"index":"index","follow":"follow","max-snippet":"max-snippet:-1","max-image-preview":"max-image-preview:large","max-video-preview":"max-video-preview:-1"},"canonical":"https:\/\/lottemaa.ee\/fi\/paiva-lottemaassa\/keksijakylan-asukkaat\/adalbert-janis\/","og_locale":"fi_FI","og_type":"article","og_title":"Adalbert-j\u00e4nis | Lottemaa Teemapark","og_description":"Adalbert-j\u00e4nis, Albertin is\u00e4, haluaa tulla kaikkein kuuluisimmaksi keksij\u00e4ksi. Se tekee h\u00e4nest\u00e4 koko kyl\u00e4n kaikkien t\u00e4rkeimm\u00e4n j\u00e4niksen Keksij\u00e4nkyl\u00e4ss\u00e4.","og_url":"https:\/\/lottemaa.ee\/fi\/paiva-lottemaassa\/keksijakylan-asukkaat\/adalbert-janis\/","og_site_name":"Lottemaa Teemapark","article_modified_time":"2023-02-16T12:51:50+00:00","og_image":[{"width":316,"height":177,"url":"https:\/\/lottemaa.ee\/wp-content\/uploads\/2016\/05\/lottemaa-adalbert.jpg","type":"image\/jpeg"}],"twitter_card":"summary_large_image","twitter_misc":{"Arvioitu lukuaika":"1 minuutti"},"schema":{"@context":"https:\/\/schema.org","@graph":[{"@type":"WebPage","@id":"https:\/\/lottemaa.ee\/fi\/paiva-lottemaassa\/keksijakylan-asukkaat\/adalbert-janis\/","url":"https:\/\/lottemaa.ee\/fi\/paiva-lottemaassa\/keksijakylan-asukkaat\/adalbert-janis\/","name":"Adalbert-j\u00e4nis | Lottemaa Teemapark","isPartOf":{"@id":"https:\/\/lottemaa.ee\/#website"},"primaryImageOfPage":{"@id":"https:\/\/lottemaa.ee\/fi\/paiva-lottemaassa\/keksijakylan-asukkaat\/adalbert-janis\/#primaryimage"},"image":{"@id":"https:\/\/lottemaa.ee\/fi\/paiva-lottemaassa\/keksijakylan-asukkaat\/adalbert-janis\/#primaryimage"},"thumbnailUrl":"https:\/\/lottemaa.ee\/wp-content\/uploads\/2016\/05\/lottemaa-adalbert.jpg","datePublished":"2016-05-16T16:50:42+00:00","dateModified":"2023-02-16T12:51:50+00:00","description":"Adalbert-j\u00e4nis, Albertin is\u00e4, haluaa tulla kaikkein kuuluisimmaksi keksij\u00e4ksi. Se tekee h\u00e4nest\u00e4 koko kyl\u00e4n kaikkien t\u00e4rkeimm\u00e4n j\u00e4niksen Keksij\u00e4nkyl\u00e4ss\u00e4.","breadcrumb":{"@id":"https:\/\/lottemaa.ee\/fi\/paiva-lottemaassa\/keksijakylan-asukkaat\/adalbert-janis\/#breadcrumb"},"inLanguage":"fi","potentialAction":[{"@type":"ReadAction","target":["https:\/\/lottemaa.ee\/fi\/paiva-lottemaassa\/keksijakylan-asukkaat\/adalbert-janis\/"]}]},{"@type":"ImageObject","inLanguage":"fi","@id":"https:\/\/lottemaa.ee\/fi\/paiva-lottemaassa\/keksijakylan-asukkaat\/adalbert-janis\/#primaryimage","url":"https:\/\/lottemaa.ee\/wp-content\/uploads\/2016\/05\/lottemaa-adalbert.jpg","contentUrl":"https:\/\/lottemaa.ee\/wp-content\/uploads\/2016\/05\/lottemaa-adalbert.jpg","width":316,"height":177},{"@type":"BreadcrumbList","@id":"https:\/\/lottemaa.ee\/fi\/paiva-lottemaassa\/keksijakylan-asukkaat\/adalbert-janis\/#breadcrumb","itemListElement":[{"@type":"ListItem","position":1,"name":"Home","item":"https:\/\/lottemaa.ee\/fi\/"},{"@type":"ListItem","position":2,"name":"P\u00e4iv\u00e4 Lottemaassa","item":"https:\/\/lottemaa.ee\/fi\/paiva-lottemaassa\/"},{"@type":"ListItem","position":3,"name":"Keksij\u00e4kyl\u00e4n asukkaat","item":"https:\/\/lottemaa.ee\/fi\/paiva-lottemaassa\/keksijakylan-asukkaat\/"},{"@type":"ListItem","position":4,"name":"Adalbert-j\u00e4nis"}]},{"@type":"WebSite","@id":"https:\/\/lottemaa.ee\/#website","url":"https:\/\/lottemaa.ee\/","name":"Lottemaa Teemapark","description":"Baltimaade suurim ja k\u00f5ige \u00e4gedam kogupere teemapark Eestis P\u00e4rnumaal","publisher":{"@id":"https:\/\/lottemaa.ee\/#organization"},"potentialAction":[{"@type":"SearchAction","target":{"@type":"EntryPoint","urlTemplate":"https:\/\/lottemaa.ee\/?s={search_term_string}"},"query-input":{"@type":"PropertyValueSpecification","valueRequired":true,"valueName":"search_term_string"}}],"inLanguage":"fi"},{"@type":"Organization","@id":"https:\/\/lottemaa.ee\/#organization","name":"Lottemaa Teemapark","url":"https:\/\/lottemaa.ee\/","logo":{"@type":"ImageObject","inLanguage":"fi","@id":"https:\/\/lottemaa.ee\/#\/schema\/logo\/image\/","url":"https:\/\/lottemaa.ee\/wp-content\/uploads\/2018\/12\/Lottemaa_LOGO.png","contentUrl":"https:\/\/lottemaa.ee\/wp-content\/uploads\/2018\/12\/Lottemaa_LOGO.png","width":1024,"height":518,"caption":"Lottemaa Teemapark"},"image":{"@id":"https:\/\/lottemaa.ee\/#\/schema\/logo\/image\/"}}]}},"_links":{"self":[{"href":"https:\/\/lottemaa.ee\/fi\/wp-json\/wp\/v2\/pages\/1230","targetHints":{"allow":["GET"]}}],"collection":[{"href":"https:\/\/lottemaa.ee\/fi\/wp-json\/wp\/v2\/pages"}],"about":[{"href":"https:\/\/lottemaa.ee\/fi\/wp-json\/wp\/v2\/types\/page"}],"author":[{"embeddable":true,"href":"https:\/\/lottemaa.ee\/fi\/wp-json\/wp\/v2\/users\/1"}],"replies":[{"embeddable":true,"href":"https:\/\/lottemaa.ee\/fi\/wp-json\/wp\/v2\/comments?post=1230"}],"version-history":[{"count":3,"href":"https:\/\/lottemaa.ee\/fi\/wp-json\/wp\/v2\/pages\/1230\/revisions"}],"predecessor-version":[{"id":20695,"href":"https:\/\/lottemaa.ee\/fi\/wp-json\/wp\/v2\/pages\/1230\/revisions\/20695"}],"up":[{"embeddable":true,"href":"https:\/\/lottemaa.ee\/fi\/wp-json\/wp\/v2\/pages\/1214"}],"wp:featuredmedia":[{"embeddable":true,"href":"https:\/\/lottemaa.ee\/fi\/wp-json\/wp\/v2\/media\/1541"}],"wp:attachment":[{"href":"https:\/\/lottemaa.ee\/fi\/wp-json\/wp\/v2\/media?parent=1230"}],"curies":[{"name":"wp","href":"https:\/\/api.w.org\/{rel}","templated":true}]}}