{"id":1218,"date":"2016-05-16T19:47:26","date_gmt":"2016-05-16T16:47:26","guid":{"rendered":"http:\/\/sharks.ee\/lottemaa\/fi\/?page_id=1218"},"modified":"2023-02-16T14:41:05","modified_gmt":"2023-02-16T12:41:05","slug":"kissanpoika-bruno","status":"publish","type":"page","link":"https:\/\/lottemaa.ee\/fi\/meista\/keksijakylan-asukkaat\/kissanpoika-bruno\/","title":{"rendered":"Kissanpoika Bruno"},"content":{"rendered":"<p style=\"text-align: left;\"><strong>Kissanpoika Bruno<\/strong>, Lotten paras yst\u00e4v\u00e4, on rauhallinen ja pid\u00e4ttyv\u00e4inen. H\u00e4n pit\u00e4\u00e4 siit\u00e4, ett\u00e4 kaikki t\u00e4rke\u00e4t p\u00e4\u00e4t\u00f6kset tekee Lotte. Mutta Bruno on ainakin yht\u00e4 taitava kuin Lotte. Brunon \u00e4iti toivoo, ett\u00e4 Brunosta tulisi kuuluisa muusikko. Brunon is\u00e4 kuitenkin n\u00e4kee pojassaan tulevan moukarinheiton maailmanmestarin. Bruno itse haaveilee puutarhurin ammatista.<\/p>\n","protected":false},"excerpt":{"rendered":"<p>Kissanpoika Bruno, Lotten paras yst\u00e4v\u00e4, on rauhallinen ja pid\u00e4ttyv\u00e4inen. H\u00e4n pit\u00e4\u00e4 siit\u00e4, ett\u00e4 kaikki t\u00e4rke\u00e4t p\u00e4\u00e4t\u00f6kset tekee Lotte. Mutta Bruno on ainakin yht\u00e4 taitava kuin Lotte. Brunon \u00e4iti toivoo, ett\u00e4 Brunosta tulisi kuuluisa muusikko. Brunon is\u00e4 kuitenkin n\u00e4kee pojassaan tulevan moukarinheiton maailmanmestarin. Bruno itse haaveilee puutarhurin ammatista.<\/p>\n","protected":false},"author":1,"featured_media":1521,"parent":1214,"menu_order":216,"comment_status":"closed","ping_status":"closed","template":"","meta":{"_acf_changed":false,"om_disable_all_campaigns":false,"_uf_show_specific_survey":0,"_uf_disable_surveys":false,"footnotes":""},"class_list":["post-1218","page","type-page","status-publish","has-post-thumbnail","hentry"],"acf":[],"yoast_head":"<!-- This site is optimized with the Yoast SEO plugin v25.5 - https:\/\/yoast.com\/wordpress\/plugins\/seo\/ -->\n<title>Kissanpoika Bruno | Lottemaa Teemapark<\/title>\n<meta name=\"description\" content=\"Kissanpoika Bruno, Lotten paras yst\u00e4v\u00e4, on rauhallinen ja pid\u00e4ttyv\u00e4inen. H\u00e4n pit\u00e4\u00e4 siit\u00e4, ett\u00e4 kaikki t\u00e4rke\u00e4t p\u00e4\u00e4t\u00f6kset tekee Lotte.\" \/>\n<meta name=\"robots\" content=\"index, follow, max-snippet:-1, max-image-preview:large, max-video-preview:-1\" \/>\n<link rel=\"canonical\" href=\"https:\/\/lottemaa.ee\/fi\/paiva-lottemaassa\/keksijakylan-asukkaat\/kissanpoika-bruno\/\" \/>\n<meta property=\"og:locale\" content=\"fi_FI\" \/>\n<meta property=\"og:type\" content=\"article\" \/>\n<meta property=\"og:title\" content=\"Kissanpoika Bruno | Lottemaa Teemapark\" \/>\n<meta property=\"og:description\" content=\"Kissanpoika Bruno, Lotten paras yst\u00e4v\u00e4, on rauhallinen ja pid\u00e4ttyv\u00e4inen. H\u00e4n pit\u00e4\u00e4 siit\u00e4, ett\u00e4 kaikki t\u00e4rke\u00e4t p\u00e4\u00e4t\u00f6kset tekee Lotte.\" \/>\n<meta property=\"og:url\" content=\"https:\/\/lottemaa.ee\/fi\/paiva-lottemaassa\/keksijakylan-asukkaat\/kissanpoika-bruno\/\" \/>\n<meta property=\"og:site_name\" content=\"Lottemaa Teemapark\" \/>\n<meta property=\"article:modified_time\" content=\"2023-02-16T12:41:05+00:00\" \/>\n<meta property=\"og:image\" content=\"https:\/\/lottemaa.ee\/wp-content\/uploads\/2016\/05\/lottemaa-bruno.jpg\" \/>\n\t<meta property=\"og:image:width\" content=\"316\" \/>\n\t<meta property=\"og:image:height\" content=\"177\" \/>\n\t<meta property=\"og:image:type\" content=\"image\/jpeg\" \/>\n<meta name=\"twitter:card\" content=\"summary_large_image\" \/>\n<meta name=\"twitter:label1\" content=\"Arvioitu lukuaika\" \/>\n\t<meta name=\"twitter:data1\" content=\"1 minuutti\" \/>\n<script type=\"application\/ld+json\" class=\"yoast-schema-graph\">{\"@context\":\"https:\/\/schema.org\",\"@graph\":[{\"@type\":\"WebPage\",\"@id\":\"https:\/\/lottemaa.ee\/fi\/paiva-lottemaassa\/keksijakylan-asukkaat\/kissanpoika-bruno\/\",\"url\":\"https:\/\/lottemaa.ee\/fi\/paiva-lottemaassa\/keksijakylan-asukkaat\/kissanpoika-bruno\/\",\"name\":\"Kissanpoika Bruno | Lottemaa Teemapark\",\"isPartOf\":{\"@id\":\"https:\/\/lottemaa.ee\/#website\"},\"primaryImageOfPage\":{\"@id\":\"https:\/\/lottemaa.ee\/fi\/paiva-lottemaassa\/keksijakylan-asukkaat\/kissanpoika-bruno\/#primaryimage\"},\"image\":{\"@id\":\"https:\/\/lottemaa.ee\/fi\/paiva-lottemaassa\/keksijakylan-asukkaat\/kissanpoika-bruno\/#primaryimage\"},\"thumbnailUrl\":\"https:\/\/lottemaa.ee\/wp-content\/uploads\/2016\/05\/lottemaa-bruno.jpg\",\"datePublished\":\"2016-05-16T16:47:26+00:00\",\"dateModified\":\"2023-02-16T12:41:05+00:00\",\"description\":\"Kissanpoika Bruno, Lotten paras yst\u00e4v\u00e4, on rauhallinen ja pid\u00e4ttyv\u00e4inen. H\u00e4n pit\u00e4\u00e4 siit\u00e4, ett\u00e4 kaikki t\u00e4rke\u00e4t p\u00e4\u00e4t\u00f6kset tekee Lotte.\",\"breadcrumb\":{\"@id\":\"https:\/\/lottemaa.ee\/fi\/paiva-lottemaassa\/keksijakylan-asukkaat\/kissanpoika-bruno\/#breadcrumb\"},\"inLanguage\":\"fi\",\"potentialAction\":[{\"@type\":\"ReadAction\",\"target\":[\"https:\/\/lottemaa.ee\/fi\/paiva-lottemaassa\/keksijakylan-asukkaat\/kissanpoika-bruno\/\"]}]},{\"@type\":\"ImageObject\",\"inLanguage\":\"fi\",\"@id\":\"https:\/\/lottemaa.ee\/fi\/paiva-lottemaassa\/keksijakylan-asukkaat\/kissanpoika-bruno\/#primaryimage\",\"url\":\"https:\/\/lottemaa.ee\/wp-content\/uploads\/2016\/05\/lottemaa-bruno.jpg\",\"contentUrl\":\"https:\/\/lottemaa.ee\/wp-content\/uploads\/2016\/05\/lottemaa-bruno.jpg\",\"width\":316,\"height\":177},{\"@type\":\"BreadcrumbList\",\"@id\":\"https:\/\/lottemaa.ee\/fi\/paiva-lottemaassa\/keksijakylan-asukkaat\/kissanpoika-bruno\/#breadcrumb\",\"itemListElement\":[{\"@type\":\"ListItem\",\"position\":1,\"name\":\"Home\",\"item\":\"https:\/\/lottemaa.ee\/fi\/\"},{\"@type\":\"ListItem\",\"position\":2,\"name\":\"P\u00e4iv\u00e4 Lottemaassa\",\"item\":\"https:\/\/lottemaa.ee\/fi\/paiva-lottemaassa\/\"},{\"@type\":\"ListItem\",\"position\":3,\"name\":\"Keksij\u00e4kyl\u00e4n asukkaat\",\"item\":\"https:\/\/lottemaa.ee\/fi\/paiva-lottemaassa\/keksijakylan-asukkaat\/\"},{\"@type\":\"ListItem\",\"position\":4,\"name\":\"Kissanpoika Bruno\"}]},{\"@type\":\"WebSite\",\"@id\":\"https:\/\/lottemaa.ee\/#website\",\"url\":\"https:\/\/lottemaa.ee\/\",\"name\":\"Lottemaa Teemapark\",\"description\":\"Baltimaade suurim ja k\u00f5ige \u00e4gedam kogupere teemapark Eestis P\u00e4rnumaal\",\"publisher\":{\"@id\":\"https:\/\/lottemaa.ee\/#organization\"},\"potentialAction\":[{\"@type\":\"SearchAction\",\"target\":{\"@type\":\"EntryPoint\",\"urlTemplate\":\"https:\/\/lottemaa.ee\/?s={search_term_string}\"},\"query-input\":{\"@type\":\"PropertyValueSpecification\",\"valueRequired\":true,\"valueName\":\"search_term_string\"}}],\"inLanguage\":\"fi\"},{\"@type\":\"Organization\",\"@id\":\"https:\/\/lottemaa.ee\/#organization\",\"name\":\"Lottemaa Teemapark\",\"url\":\"https:\/\/lottemaa.ee\/\",\"logo\":{\"@type\":\"ImageObject\",\"inLanguage\":\"fi\",\"@id\":\"https:\/\/lottemaa.ee\/#\/schema\/logo\/image\/\",\"url\":\"https:\/\/lottemaa.ee\/wp-content\/uploads\/2018\/12\/Lottemaa_LOGO.png\",\"contentUrl\":\"https:\/\/lottemaa.ee\/wp-content\/uploads\/2018\/12\/Lottemaa_LOGO.png\",\"width\":1024,\"height\":518,\"caption\":\"Lottemaa Teemapark\"},\"image\":{\"@id\":\"https:\/\/lottemaa.ee\/#\/schema\/logo\/image\/\"}}]}<\/script>\n<!-- \/ Yoast SEO plugin. -->","yoast_head_json":{"title":"Kissanpoika Bruno | Lottemaa Teemapark","description":"Kissanpoika Bruno, Lotten paras yst\u00e4v\u00e4, on rauhallinen ja pid\u00e4ttyv\u00e4inen. H\u00e4n pit\u00e4\u00e4 siit\u00e4, ett\u00e4 kaikki t\u00e4rke\u00e4t p\u00e4\u00e4t\u00f6kset tekee Lotte.","robots":{"index":"index","follow":"follow","max-snippet":"max-snippet:-1","max-image-preview":"max-image-preview:large","max-video-preview":"max-video-preview:-1"},"canonical":"https:\/\/lottemaa.ee\/fi\/paiva-lottemaassa\/keksijakylan-asukkaat\/kissanpoika-bruno\/","og_locale":"fi_FI","og_type":"article","og_title":"Kissanpoika Bruno | Lottemaa Teemapark","og_description":"Kissanpoika Bruno, Lotten paras yst\u00e4v\u00e4, on rauhallinen ja pid\u00e4ttyv\u00e4inen. H\u00e4n pit\u00e4\u00e4 siit\u00e4, ett\u00e4 kaikki t\u00e4rke\u00e4t p\u00e4\u00e4t\u00f6kset tekee Lotte.","og_url":"https:\/\/lottemaa.ee\/fi\/paiva-lottemaassa\/keksijakylan-asukkaat\/kissanpoika-bruno\/","og_site_name":"Lottemaa Teemapark","article_modified_time":"2023-02-16T12:41:05+00:00","og_image":[{"width":316,"height":177,"url":"https:\/\/lottemaa.ee\/wp-content\/uploads\/2016\/05\/lottemaa-bruno.jpg","type":"image\/jpeg"}],"twitter_card":"summary_large_image","twitter_misc":{"Arvioitu lukuaika":"1 minuutti"},"schema":{"@context":"https:\/\/schema.org","@graph":[{"@type":"WebPage","@id":"https:\/\/lottemaa.ee\/fi\/paiva-lottemaassa\/keksijakylan-asukkaat\/kissanpoika-bruno\/","url":"https:\/\/lottemaa.ee\/fi\/paiva-lottemaassa\/keksijakylan-asukkaat\/kissanpoika-bruno\/","name":"Kissanpoika Bruno | Lottemaa Teemapark","isPartOf":{"@id":"https:\/\/lottemaa.ee\/#website"},"primaryImageOfPage":{"@id":"https:\/\/lottemaa.ee\/fi\/paiva-lottemaassa\/keksijakylan-asukkaat\/kissanpoika-bruno\/#primaryimage"},"image":{"@id":"https:\/\/lottemaa.ee\/fi\/paiva-lottemaassa\/keksijakylan-asukkaat\/kissanpoika-bruno\/#primaryimage"},"thumbnailUrl":"https:\/\/lottemaa.ee\/wp-content\/uploads\/2016\/05\/lottemaa-bruno.jpg","datePublished":"2016-05-16T16:47:26+00:00","dateModified":"2023-02-16T12:41:05+00:00","description":"Kissanpoika Bruno, Lotten paras yst\u00e4v\u00e4, on rauhallinen ja pid\u00e4ttyv\u00e4inen. H\u00e4n pit\u00e4\u00e4 siit\u00e4, ett\u00e4 kaikki t\u00e4rke\u00e4t p\u00e4\u00e4t\u00f6kset tekee Lotte.","breadcrumb":{"@id":"https:\/\/lottemaa.ee\/fi\/paiva-lottemaassa\/keksijakylan-asukkaat\/kissanpoika-bruno\/#breadcrumb"},"inLanguage":"fi","potentialAction":[{"@type":"ReadAction","target":["https:\/\/lottemaa.ee\/fi\/paiva-lottemaassa\/keksijakylan-asukkaat\/kissanpoika-bruno\/"]}]},{"@type":"ImageObject","inLanguage":"fi","@id":"https:\/\/lottemaa.ee\/fi\/paiva-lottemaassa\/keksijakylan-asukkaat\/kissanpoika-bruno\/#primaryimage","url":"https:\/\/lottemaa.ee\/wp-content\/uploads\/2016\/05\/lottemaa-bruno.jpg","contentUrl":"https:\/\/lottemaa.ee\/wp-content\/uploads\/2016\/05\/lottemaa-bruno.jpg","width":316,"height":177},{"@type":"BreadcrumbList","@id":"https:\/\/lottemaa.ee\/fi\/paiva-lottemaassa\/keksijakylan-asukkaat\/kissanpoika-bruno\/#breadcrumb","itemListElement":[{"@type":"ListItem","position":1,"name":"Home","item":"https:\/\/lottemaa.ee\/fi\/"},{"@type":"ListItem","position":2,"name":"P\u00e4iv\u00e4 Lottemaassa","item":"https:\/\/lottemaa.ee\/fi\/paiva-lottemaassa\/"},{"@type":"ListItem","position":3,"name":"Keksij\u00e4kyl\u00e4n asukkaat","item":"https:\/\/lottemaa.ee\/fi\/paiva-lottemaassa\/keksijakylan-asukkaat\/"},{"@type":"ListItem","position":4,"name":"Kissanpoika Bruno"}]},{"@type":"WebSite","@id":"https:\/\/lottemaa.ee\/#website","url":"https:\/\/lottemaa.ee\/","name":"Lottemaa Teemapark","description":"Baltimaade suurim ja k\u00f5ige \u00e4gedam kogupere teemapark Eestis P\u00e4rnumaal","publisher":{"@id":"https:\/\/lottemaa.ee\/#organization"},"potentialAction":[{"@type":"SearchAction","target":{"@type":"EntryPoint","urlTemplate":"https:\/\/lottemaa.ee\/?s={search_term_string}"},"query-input":{"@type":"PropertyValueSpecification","valueRequired":true,"valueName":"search_term_string"}}],"inLanguage":"fi"},{"@type":"Organization","@id":"https:\/\/lottemaa.ee\/#organization","name":"Lottemaa Teemapark","url":"https:\/\/lottemaa.ee\/","logo":{"@type":"ImageObject","inLanguage":"fi","@id":"https:\/\/lottemaa.ee\/#\/schema\/logo\/image\/","url":"https:\/\/lottemaa.ee\/wp-content\/uploads\/2018\/12\/Lottemaa_LOGO.png","contentUrl":"https:\/\/lottemaa.ee\/wp-content\/uploads\/2018\/12\/Lottemaa_LOGO.png","width":1024,"height":518,"caption":"Lottemaa Teemapark"},"image":{"@id":"https:\/\/lottemaa.ee\/#\/schema\/logo\/image\/"}}]}},"_links":{"self":[{"href":"https:\/\/lottemaa.ee\/fi\/wp-json\/wp\/v2\/pages\/1218","targetHints":{"allow":["GET"]}}],"collection":[{"href":"https:\/\/lottemaa.ee\/fi\/wp-json\/wp\/v2\/pages"}],"about":[{"href":"https:\/\/lottemaa.ee\/fi\/wp-json\/wp\/v2\/types\/page"}],"author":[{"embeddable":true,"href":"https:\/\/lottemaa.ee\/fi\/wp-json\/wp\/v2\/users\/1"}],"replies":[{"embeddable":true,"href":"https:\/\/lottemaa.ee\/fi\/wp-json\/wp\/v2\/comments?post=1218"}],"version-history":[{"count":2,"href":"https:\/\/lottemaa.ee\/fi\/wp-json\/wp\/v2\/pages\/1218\/revisions"}],"predecessor-version":[{"id":20688,"href":"https:\/\/lottemaa.ee\/fi\/wp-json\/wp\/v2\/pages\/1218\/revisions\/20688"}],"up":[{"embeddable":true,"href":"https:\/\/lottemaa.ee\/fi\/wp-json\/wp\/v2\/pages\/1214"}],"wp:featuredmedia":[{"embeddable":true,"href":"https:\/\/lottemaa.ee\/fi\/wp-json\/wp\/v2\/media\/1521"}],"wp:attachment":[{"href":"https:\/\/lottemaa.ee\/fi\/wp-json\/wp\/v2\/media?parent=1218"}],"curies":[{"name":"wp","href":"https:\/\/api.w.org\/{rel}","templated":true}]}}