{"id":1212,"date":"2016-05-16T19:44:11","date_gmt":"2016-05-16T16:44:11","guid":{"rendered":"http:\/\/sharks.ee\/lottemaa\/fi\/?page_id=1212"},"modified":"2024-09-26T16:37:23","modified_gmt":"2024-09-26T13:37:23","slug":"elektrumijaam-vesimylly","status":"publish","type":"page","link":"https:\/\/lottemaa.ee\/fi\/paiva-lottemaassa\/talot-ja-toiminnot\/elektrumijaam-vesimylly\/","title":{"rendered":"Elektrumijaam vesimylly"},"content":{"rendered":"<p style=\"text-align: left;\"><strong>Elektrumijaam<\/strong> on Keksij\u00e4kyl\u00e4ss\u00e4 hyvin t\u00e4rke\u00e4 paikka, koska t\u00e4\u00e4lt\u00e4 toimitetaan s\u00e4hk\u00f6\u00e4 koko kyl\u00e4lle. S\u00e4hk\u00f6 tietenkin helpottaa kaikkien el\u00e4m\u00e4\u00e4. Vesimylly vain py\u00f6rii ja j\u00e4\u00e4puikot laulelevat tohtori Aven j\u00e4\u00e4puikkojen kylmi\u00f6ss\u00e4 iloisesti. Eik\u00e4 kenenk\u00e4\u00e4n tarvitse en\u00e4\u00e4 lukea tarinoita h\u00e4m\u00e4r\u00e4ss\u00e4. Koska jokainen lapsikin tiet\u00e4\u00e4, ett\u00e4 pime\u00e4ss\u00e4 lukeminen voi huonontaa n\u00e4k\u00f6\u00e4. Paras yst\u00e4v\u00e4 j\u00e4nis Adalbert k\u00e4y Elektrumijaamassa s\u00e4hk\u00f6n kanssa porisemassa. Joskus he k\u00e4yv\u00e4t s\u00e4hk\u00f6n isois\u00e4ll\u00e4 kyl\u00e4ss\u00e4.<\/p>\n","protected":false},"excerpt":{"rendered":"<p>Elektrumijaam on Keksij\u00e4kyl\u00e4ss\u00e4 hyvin t\u00e4rke\u00e4 paikka, koska t\u00e4\u00e4lt\u00e4 toimitetaan s\u00e4hk\u00f6\u00e4 koko kyl\u00e4lle. S\u00e4hk\u00f6 tietenkin helpottaa kaikkien el\u00e4m\u00e4\u00e4. Vesimylly vain py\u00f6rii ja j\u00e4\u00e4puikot laulelevat tohtori Aven j\u00e4\u00e4puikkojen kylmi\u00f6ss\u00e4 iloisesti. Eik\u00e4 kenenk\u00e4\u00e4n tarvitse en\u00e4\u00e4 lukea tarinoita h\u00e4m\u00e4r\u00e4ss\u00e4. Koska jokainen lapsikin tiet\u00e4\u00e4, ett\u00e4 pime\u00e4ss\u00e4 lukeminen voi huonontaa n\u00e4k\u00f6\u00e4. Paras yst\u00e4v\u00e4 j\u00e4nis Adalbert k\u00e4y Elektrumijaamassa s\u00e4hk\u00f6n kanssa porisemassa. Joskus &hellip; <a href=\"https:\/\/lottemaa.ee\/fi\/paiva-lottemaassa\/talot-ja-toiminnot\/elektrumijaam-vesimylly\/\">Continued<\/a><\/p>\n","protected":false},"author":1,"featured_media":13452,"parent":1189,"menu_order":657,"comment_status":"closed","ping_status":"closed","template":"","meta":{"_acf_changed":false,"om_disable_all_campaigns":false,"_uf_show_specific_survey":0,"_uf_disable_surveys":false,"footnotes":""},"class_list":["post-1212","page","type-page","status-publish","has-post-thumbnail","hentry"],"acf":[],"yoast_head":"<!-- This site is optimized with the Yoast SEO plugin v25.5 - https:\/\/yoast.com\/wordpress\/plugins\/seo\/ -->\n<title>Elektrumijaam vesimylly | Lottemaa Teemapark<\/title>\n<meta name=\"description\" content=\"Elektrumijaam on Keksij\u00e4kyl\u00e4ss\u00e4 hyvin t\u00e4rke\u00e4 paikka, koska t\u00e4\u00e4lt\u00e4 toimitetaan s\u00e4hk\u00f6\u00e4 koko kyl\u00e4lle. S\u00e4hk\u00f6 tietenkin helpottaa kaikkien el\u00e4m\u00e4\u00e4.\" \/>\n<meta name=\"robots\" content=\"index, follow, max-snippet:-1, max-image-preview:large, max-video-preview:-1\" \/>\n<link rel=\"canonical\" href=\"https:\/\/lottemaa.ee\/fi\/paiva-lottemaassa\/talot-ja-toiminnot\/elektrumijaam-vesimylly\/\" \/>\n<meta property=\"og:locale\" content=\"fi_FI\" \/>\n<meta property=\"og:type\" content=\"article\" \/>\n<meta property=\"og:title\" content=\"Elektrumijaam vesimylly | Lottemaa Teemapark\" \/>\n<meta property=\"og:description\" content=\"Elektrumijaam on Keksij\u00e4kyl\u00e4ss\u00e4 hyvin t\u00e4rke\u00e4 paikka, koska t\u00e4\u00e4lt\u00e4 toimitetaan s\u00e4hk\u00f6\u00e4 koko kyl\u00e4lle. S\u00e4hk\u00f6 tietenkin helpottaa kaikkien el\u00e4m\u00e4\u00e4.\" \/>\n<meta property=\"og:url\" content=\"https:\/\/lottemaa.ee\/fi\/paiva-lottemaassa\/talot-ja-toiminnot\/elektrumijaam-vesimylly\/\" \/>\n<meta property=\"og:site_name\" content=\"Lottemaa Teemapark\" \/>\n<meta property=\"article:modified_time\" content=\"2024-09-26T13:37:23+00:00\" \/>\n<meta property=\"og:image\" content=\"https:\/\/lottemaa.ee\/wp-content\/uploads\/2022\/04\/DSC_7082-scaled.jpg\" \/>\n\t<meta property=\"og:image:width\" content=\"2560\" \/>\n\t<meta property=\"og:image:height\" content=\"1696\" \/>\n\t<meta property=\"og:image:type\" content=\"image\/jpeg\" \/>\n<meta name=\"twitter:card\" content=\"summary_large_image\" \/>\n<meta name=\"twitter:label1\" content=\"Arvioitu lukuaika\" \/>\n\t<meta name=\"twitter:data1\" content=\"1 minuutti\" \/>\n<script type=\"application\/ld+json\" class=\"yoast-schema-graph\">{\"@context\":\"https:\/\/schema.org\",\"@graph\":[{\"@type\":\"WebPage\",\"@id\":\"https:\/\/lottemaa.ee\/fi\/paiva-lottemaassa\/talot-ja-toiminnot\/elektrumijaam-vesimylly\/\",\"url\":\"https:\/\/lottemaa.ee\/fi\/paiva-lottemaassa\/talot-ja-toiminnot\/elektrumijaam-vesimylly\/\",\"name\":\"Elektrumijaam vesimylly | Lottemaa Teemapark\",\"isPartOf\":{\"@id\":\"https:\/\/lottemaa.ee\/#website\"},\"primaryImageOfPage\":{\"@id\":\"https:\/\/lottemaa.ee\/fi\/paiva-lottemaassa\/talot-ja-toiminnot\/elektrumijaam-vesimylly\/#primaryimage\"},\"image\":{\"@id\":\"https:\/\/lottemaa.ee\/fi\/paiva-lottemaassa\/talot-ja-toiminnot\/elektrumijaam-vesimylly\/#primaryimage\"},\"thumbnailUrl\":\"https:\/\/lottemaa.ee\/wp-content\/uploads\/2022\/04\/DSC_7082-scaled.jpg\",\"datePublished\":\"2016-05-16T16:44:11+00:00\",\"dateModified\":\"2024-09-26T13:37:23+00:00\",\"description\":\"Elektrumijaam on Keksij\u00e4kyl\u00e4ss\u00e4 hyvin t\u00e4rke\u00e4 paikka, koska t\u00e4\u00e4lt\u00e4 toimitetaan s\u00e4hk\u00f6\u00e4 koko kyl\u00e4lle. S\u00e4hk\u00f6 tietenkin helpottaa kaikkien el\u00e4m\u00e4\u00e4.\",\"breadcrumb\":{\"@id\":\"https:\/\/lottemaa.ee\/fi\/paiva-lottemaassa\/talot-ja-toiminnot\/elektrumijaam-vesimylly\/#breadcrumb\"},\"inLanguage\":\"fi\",\"potentialAction\":[{\"@type\":\"ReadAction\",\"target\":[\"https:\/\/lottemaa.ee\/fi\/paiva-lottemaassa\/talot-ja-toiminnot\/elektrumijaam-vesimylly\/\"]}]},{\"@type\":\"ImageObject\",\"inLanguage\":\"fi\",\"@id\":\"https:\/\/lottemaa.ee\/fi\/paiva-lottemaassa\/talot-ja-toiminnot\/elektrumijaam-vesimylly\/#primaryimage\",\"url\":\"https:\/\/lottemaa.ee\/wp-content\/uploads\/2022\/04\/DSC_7082-scaled.jpg\",\"contentUrl\":\"https:\/\/lottemaa.ee\/wp-content\/uploads\/2022\/04\/DSC_7082-scaled.jpg\",\"width\":2560,\"height\":1696},{\"@type\":\"BreadcrumbList\",\"@id\":\"https:\/\/lottemaa.ee\/fi\/paiva-lottemaassa\/talot-ja-toiminnot\/elektrumijaam-vesimylly\/#breadcrumb\",\"itemListElement\":[{\"@type\":\"ListItem\",\"position\":1,\"name\":\"Home\",\"item\":\"https:\/\/lottemaa.ee\/fi\/\"},{\"@type\":\"ListItem\",\"position\":2,\"name\":\"P\u00e4iv\u00e4 Lottemaassa\",\"item\":\"https:\/\/lottemaa.ee\/fi\/paiva-lottemaassa\/\"},{\"@type\":\"ListItem\",\"position\":3,\"name\":\"Talot ja toiminnot\",\"item\":\"https:\/\/lottemaa.ee\/fi\/paiva-lottemaassa\/talot-ja-toiminnot\/\"},{\"@type\":\"ListItem\",\"position\":4,\"name\":\"Elektrumijaam vesimylly\"}]},{\"@type\":\"WebSite\",\"@id\":\"https:\/\/lottemaa.ee\/#website\",\"url\":\"https:\/\/lottemaa.ee\/\",\"name\":\"Lottemaa Teemapark\",\"description\":\"Baltimaade suurim ja k\u00f5ige \u00e4gedam kogupere teemapark Eestis P\u00e4rnumaal\",\"publisher\":{\"@id\":\"https:\/\/lottemaa.ee\/#organization\"},\"potentialAction\":[{\"@type\":\"SearchAction\",\"target\":{\"@type\":\"EntryPoint\",\"urlTemplate\":\"https:\/\/lottemaa.ee\/?s={search_term_string}\"},\"query-input\":{\"@type\":\"PropertyValueSpecification\",\"valueRequired\":true,\"valueName\":\"search_term_string\"}}],\"inLanguage\":\"fi\"},{\"@type\":\"Organization\",\"@id\":\"https:\/\/lottemaa.ee\/#organization\",\"name\":\"Lottemaa Teemapark\",\"url\":\"https:\/\/lottemaa.ee\/\",\"logo\":{\"@type\":\"ImageObject\",\"inLanguage\":\"fi\",\"@id\":\"https:\/\/lottemaa.ee\/#\/schema\/logo\/image\/\",\"url\":\"https:\/\/lottemaa.ee\/wp-content\/uploads\/2018\/12\/Lottemaa_LOGO.png\",\"contentUrl\":\"https:\/\/lottemaa.ee\/wp-content\/uploads\/2018\/12\/Lottemaa_LOGO.png\",\"width\":1024,\"height\":518,\"caption\":\"Lottemaa Teemapark\"},\"image\":{\"@id\":\"https:\/\/lottemaa.ee\/#\/schema\/logo\/image\/\"}}]}<\/script>\n<!-- \/ Yoast SEO plugin. -->","yoast_head_json":{"title":"Elektrumijaam vesimylly | Lottemaa Teemapark","description":"Elektrumijaam on Keksij\u00e4kyl\u00e4ss\u00e4 hyvin t\u00e4rke\u00e4 paikka, koska t\u00e4\u00e4lt\u00e4 toimitetaan s\u00e4hk\u00f6\u00e4 koko kyl\u00e4lle. S\u00e4hk\u00f6 tietenkin helpottaa kaikkien el\u00e4m\u00e4\u00e4.","robots":{"index":"index","follow":"follow","max-snippet":"max-snippet:-1","max-image-preview":"max-image-preview:large","max-video-preview":"max-video-preview:-1"},"canonical":"https:\/\/lottemaa.ee\/fi\/paiva-lottemaassa\/talot-ja-toiminnot\/elektrumijaam-vesimylly\/","og_locale":"fi_FI","og_type":"article","og_title":"Elektrumijaam vesimylly | Lottemaa Teemapark","og_description":"Elektrumijaam on Keksij\u00e4kyl\u00e4ss\u00e4 hyvin t\u00e4rke\u00e4 paikka, koska t\u00e4\u00e4lt\u00e4 toimitetaan s\u00e4hk\u00f6\u00e4 koko kyl\u00e4lle. S\u00e4hk\u00f6 tietenkin helpottaa kaikkien el\u00e4m\u00e4\u00e4.","og_url":"https:\/\/lottemaa.ee\/fi\/paiva-lottemaassa\/talot-ja-toiminnot\/elektrumijaam-vesimylly\/","og_site_name":"Lottemaa Teemapark","article_modified_time":"2024-09-26T13:37:23+00:00","og_image":[{"width":2560,"height":1696,"url":"https:\/\/lottemaa.ee\/wp-content\/uploads\/2022\/04\/DSC_7082-scaled.jpg","type":"image\/jpeg"}],"twitter_card":"summary_large_image","twitter_misc":{"Arvioitu lukuaika":"1 minuutti"},"schema":{"@context":"https:\/\/schema.org","@graph":[{"@type":"WebPage","@id":"https:\/\/lottemaa.ee\/fi\/paiva-lottemaassa\/talot-ja-toiminnot\/elektrumijaam-vesimylly\/","url":"https:\/\/lottemaa.ee\/fi\/paiva-lottemaassa\/talot-ja-toiminnot\/elektrumijaam-vesimylly\/","name":"Elektrumijaam vesimylly | Lottemaa Teemapark","isPartOf":{"@id":"https:\/\/lottemaa.ee\/#website"},"primaryImageOfPage":{"@id":"https:\/\/lottemaa.ee\/fi\/paiva-lottemaassa\/talot-ja-toiminnot\/elektrumijaam-vesimylly\/#primaryimage"},"image":{"@id":"https:\/\/lottemaa.ee\/fi\/paiva-lottemaassa\/talot-ja-toiminnot\/elektrumijaam-vesimylly\/#primaryimage"},"thumbnailUrl":"https:\/\/lottemaa.ee\/wp-content\/uploads\/2022\/04\/DSC_7082-scaled.jpg","datePublished":"2016-05-16T16:44:11+00:00","dateModified":"2024-09-26T13:37:23+00:00","description":"Elektrumijaam on Keksij\u00e4kyl\u00e4ss\u00e4 hyvin t\u00e4rke\u00e4 paikka, koska t\u00e4\u00e4lt\u00e4 toimitetaan s\u00e4hk\u00f6\u00e4 koko kyl\u00e4lle. S\u00e4hk\u00f6 tietenkin helpottaa kaikkien el\u00e4m\u00e4\u00e4.","breadcrumb":{"@id":"https:\/\/lottemaa.ee\/fi\/paiva-lottemaassa\/talot-ja-toiminnot\/elektrumijaam-vesimylly\/#breadcrumb"},"inLanguage":"fi","potentialAction":[{"@type":"ReadAction","target":["https:\/\/lottemaa.ee\/fi\/paiva-lottemaassa\/talot-ja-toiminnot\/elektrumijaam-vesimylly\/"]}]},{"@type":"ImageObject","inLanguage":"fi","@id":"https:\/\/lottemaa.ee\/fi\/paiva-lottemaassa\/talot-ja-toiminnot\/elektrumijaam-vesimylly\/#primaryimage","url":"https:\/\/lottemaa.ee\/wp-content\/uploads\/2022\/04\/DSC_7082-scaled.jpg","contentUrl":"https:\/\/lottemaa.ee\/wp-content\/uploads\/2022\/04\/DSC_7082-scaled.jpg","width":2560,"height":1696},{"@type":"BreadcrumbList","@id":"https:\/\/lottemaa.ee\/fi\/paiva-lottemaassa\/talot-ja-toiminnot\/elektrumijaam-vesimylly\/#breadcrumb","itemListElement":[{"@type":"ListItem","position":1,"name":"Home","item":"https:\/\/lottemaa.ee\/fi\/"},{"@type":"ListItem","position":2,"name":"P\u00e4iv\u00e4 Lottemaassa","item":"https:\/\/lottemaa.ee\/fi\/paiva-lottemaassa\/"},{"@type":"ListItem","position":3,"name":"Talot ja toiminnot","item":"https:\/\/lottemaa.ee\/fi\/paiva-lottemaassa\/talot-ja-toiminnot\/"},{"@type":"ListItem","position":4,"name":"Elektrumijaam vesimylly"}]},{"@type":"WebSite","@id":"https:\/\/lottemaa.ee\/#website","url":"https:\/\/lottemaa.ee\/","name":"Lottemaa Teemapark","description":"Baltimaade suurim ja k\u00f5ige \u00e4gedam kogupere teemapark Eestis P\u00e4rnumaal","publisher":{"@id":"https:\/\/lottemaa.ee\/#organization"},"potentialAction":[{"@type":"SearchAction","target":{"@type":"EntryPoint","urlTemplate":"https:\/\/lottemaa.ee\/?s={search_term_string}"},"query-input":{"@type":"PropertyValueSpecification","valueRequired":true,"valueName":"search_term_string"}}],"inLanguage":"fi"},{"@type":"Organization","@id":"https:\/\/lottemaa.ee\/#organization","name":"Lottemaa Teemapark","url":"https:\/\/lottemaa.ee\/","logo":{"@type":"ImageObject","inLanguage":"fi","@id":"https:\/\/lottemaa.ee\/#\/schema\/logo\/image\/","url":"https:\/\/lottemaa.ee\/wp-content\/uploads\/2018\/12\/Lottemaa_LOGO.png","contentUrl":"https:\/\/lottemaa.ee\/wp-content\/uploads\/2018\/12\/Lottemaa_LOGO.png","width":1024,"height":518,"caption":"Lottemaa Teemapark"},"image":{"@id":"https:\/\/lottemaa.ee\/#\/schema\/logo\/image\/"}}]}},"_links":{"self":[{"href":"https:\/\/lottemaa.ee\/fi\/wp-json\/wp\/v2\/pages\/1212","targetHints":{"allow":["GET"]}}],"collection":[{"href":"https:\/\/lottemaa.ee\/fi\/wp-json\/wp\/v2\/pages"}],"about":[{"href":"https:\/\/lottemaa.ee\/fi\/wp-json\/wp\/v2\/types\/page"}],"author":[{"embeddable":true,"href":"https:\/\/lottemaa.ee\/fi\/wp-json\/wp\/v2\/users\/1"}],"replies":[{"embeddable":true,"href":"https:\/\/lottemaa.ee\/fi\/wp-json\/wp\/v2\/comments?post=1212"}],"version-history":[{"count":5,"href":"https:\/\/lottemaa.ee\/fi\/wp-json\/wp\/v2\/pages\/1212\/revisions"}],"predecessor-version":[{"id":28625,"href":"https:\/\/lottemaa.ee\/fi\/wp-json\/wp\/v2\/pages\/1212\/revisions\/28625"}],"up":[{"embeddable":true,"href":"https:\/\/lottemaa.ee\/fi\/wp-json\/wp\/v2\/pages\/1189"}],"wp:featuredmedia":[{"embeddable":true,"href":"https:\/\/lottemaa.ee\/fi\/wp-json\/wp\/v2\/media\/13452"}],"wp:attachment":[{"href":"https:\/\/lottemaa.ee\/fi\/wp-json\/wp\/v2\/media?parent=1212"}],"curies":[{"name":"wp","href":"https:\/\/api.w.org\/{rel}","templated":true}]}}