{"id":1209,"date":"2016-05-16T19:43:43","date_gmt":"2016-05-16T16:43:43","guid":{"rendered":"http:\/\/sharks.ee\/lottemaa\/fi\/?page_id=1209"},"modified":"2024-09-26T16:33:30","modified_gmt":"2024-09-26T13:33:30","slug":"ystavallisen-energian-alue","status":"publish","type":"page","link":"https:\/\/lottemaa.ee\/fi\/paiva-lottemaassa\/talot-ja-toiminnot\/ystavallisen-energian-alue\/","title":{"rendered":"Yst\u00e4v\u00e4llisen energian alue"},"content":{"rendered":"<p style=\"text-align: left;\">Yst\u00e4v\u00e4llinen energia on hyv\u00e4ntahtoinen ja avulias. Jos energia on \u00e4lylaitteesta kokonaan h\u00e4ipynyt tai se tarvitsee kuumana kes\u00e4p\u00e4iv\u00e4n\u00e4 v\u00e4h\u00e4n lis\u00e4energiaa, yst\u00e4v\u00e4llinen energia tulee heti apuun. Kunnes \u00e4lylaite latautuu, sen omistaja voi mukavasti verkkokeinussa maata ja lukea j\u00e4nnitt\u00e4v\u00e4\u00e4 tarinaa, koska yst\u00e4v\u00e4llisen energian naapurustosta l\u00f6ytyy pieni kiva kirjasto.<\/p>\n","protected":false},"excerpt":{"rendered":"<p>Yst\u00e4v\u00e4llinen energia on hyv\u00e4ntahtoinen ja avulias. Jos energia on \u00e4lylaitteesta kokonaan h\u00e4ipynyt tai se tarvitsee kuumana kes\u00e4p\u00e4iv\u00e4n\u00e4 v\u00e4h\u00e4n lis\u00e4energiaa, yst\u00e4v\u00e4llinen energia tulee heti apuun. Kunnes \u00e4lylaite latautuu, sen omistaja voi mukavasti verkkokeinussa maata ja lukea j\u00e4nnitt\u00e4v\u00e4\u00e4 tarinaa, koska yst\u00e4v\u00e4llisen energian naapurustosta l\u00f6ytyy pieni kiva kirjasto.<\/p>\n","protected":false},"author":1,"featured_media":13040,"parent":1189,"menu_order":585,"comment_status":"closed","ping_status":"closed","template":"","meta":{"_acf_changed":false,"om_disable_all_campaigns":false,"_uf_show_specific_survey":0,"_uf_disable_surveys":false,"footnotes":""},"class_list":["post-1209","page","type-page","status-publish","has-post-thumbnail","hentry"],"acf":[],"yoast_head":"<!-- This site is optimized with the Yoast SEO plugin v25.5 - https:\/\/yoast.com\/wordpress\/plugins\/seo\/ -->\n<title>Yst\u00e4v\u00e4llisen energian alue | Lottemaa Teemapark<\/title>\n<meta name=\"description\" content=\"Yst\u00e4v\u00e4llinen energia on hyv\u00e4ntahtoinen ja avulias. Jos energia on \u00e4lylaitteesta kokonaan h\u00e4ipynyt tai se tarvitsee kuumana kes\u00e4p\u00e4iv\u00e4n\u00e4 v\u00e4h\u00e4n lis\u00e4energiaa, yst\u00e4v\u00e4llinen energia tulee heti apuun.\" \/>\n<meta name=\"robots\" content=\"index, follow, max-snippet:-1, max-image-preview:large, max-video-preview:-1\" \/>\n<link rel=\"canonical\" href=\"https:\/\/lottemaa.ee\/fi\/paiva-lottemaassa\/talot-ja-toiminnot\/ystavallisen-energian-alue\/\" \/>\n<meta property=\"og:locale\" content=\"fi_FI\" \/>\n<meta property=\"og:type\" content=\"article\" \/>\n<meta property=\"og:title\" content=\"Yst\u00e4v\u00e4llisen energian alue | Lottemaa Teemapark\" \/>\n<meta property=\"og:description\" content=\"Yst\u00e4v\u00e4llinen energia on hyv\u00e4ntahtoinen ja avulias. Jos energia on \u00e4lylaitteesta kokonaan h\u00e4ipynyt tai se tarvitsee kuumana kes\u00e4p\u00e4iv\u00e4n\u00e4 v\u00e4h\u00e4n lis\u00e4energiaa, yst\u00e4v\u00e4llinen energia tulee heti apuun.\" \/>\n<meta property=\"og:url\" content=\"https:\/\/lottemaa.ee\/fi\/paiva-lottemaassa\/talot-ja-toiminnot\/ystavallisen-energian-alue\/\" \/>\n<meta property=\"og:site_name\" content=\"Lottemaa Teemapark\" \/>\n<meta property=\"article:modified_time\" content=\"2024-09-26T13:33:30+00:00\" \/>\n<meta property=\"og:image\" content=\"https:\/\/lottemaa.ee\/wp-content\/uploads\/2022\/04\/DSC_6732-scaled.jpg\" \/>\n\t<meta property=\"og:image:width\" content=\"2560\" \/>\n\t<meta property=\"og:image:height\" content=\"1696\" \/>\n\t<meta property=\"og:image:type\" content=\"image\/jpeg\" \/>\n<meta name=\"twitter:card\" content=\"summary_large_image\" \/>\n<meta name=\"twitter:label1\" content=\"Arvioitu lukuaika\" \/>\n\t<meta name=\"twitter:data1\" content=\"1 minuutti\" \/>\n<script type=\"application\/ld+json\" class=\"yoast-schema-graph\">{\"@context\":\"https:\/\/schema.org\",\"@graph\":[{\"@type\":\"WebPage\",\"@id\":\"https:\/\/lottemaa.ee\/fi\/paiva-lottemaassa\/talot-ja-toiminnot\/ystavallisen-energian-alue\/\",\"url\":\"https:\/\/lottemaa.ee\/fi\/paiva-lottemaassa\/talot-ja-toiminnot\/ystavallisen-energian-alue\/\",\"name\":\"Yst\u00e4v\u00e4llisen energian alue | Lottemaa Teemapark\",\"isPartOf\":{\"@id\":\"https:\/\/lottemaa.ee\/#website\"},\"primaryImageOfPage\":{\"@id\":\"https:\/\/lottemaa.ee\/fi\/paiva-lottemaassa\/talot-ja-toiminnot\/ystavallisen-energian-alue\/#primaryimage\"},\"image\":{\"@id\":\"https:\/\/lottemaa.ee\/fi\/paiva-lottemaassa\/talot-ja-toiminnot\/ystavallisen-energian-alue\/#primaryimage\"},\"thumbnailUrl\":\"https:\/\/lottemaa.ee\/wp-content\/uploads\/2022\/04\/DSC_6732-scaled.jpg\",\"datePublished\":\"2016-05-16T16:43:43+00:00\",\"dateModified\":\"2024-09-26T13:33:30+00:00\",\"description\":\"Yst\u00e4v\u00e4llinen energia on hyv\u00e4ntahtoinen ja avulias. Jos energia on \u00e4lylaitteesta kokonaan h\u00e4ipynyt tai se tarvitsee kuumana kes\u00e4p\u00e4iv\u00e4n\u00e4 v\u00e4h\u00e4n lis\u00e4energiaa, yst\u00e4v\u00e4llinen energia tulee heti apuun.\",\"breadcrumb\":{\"@id\":\"https:\/\/lottemaa.ee\/fi\/paiva-lottemaassa\/talot-ja-toiminnot\/ystavallisen-energian-alue\/#breadcrumb\"},\"inLanguage\":\"fi\",\"potentialAction\":[{\"@type\":\"ReadAction\",\"target\":[\"https:\/\/lottemaa.ee\/fi\/paiva-lottemaassa\/talot-ja-toiminnot\/ystavallisen-energian-alue\/\"]}]},{\"@type\":\"ImageObject\",\"inLanguage\":\"fi\",\"@id\":\"https:\/\/lottemaa.ee\/fi\/paiva-lottemaassa\/talot-ja-toiminnot\/ystavallisen-energian-alue\/#primaryimage\",\"url\":\"https:\/\/lottemaa.ee\/wp-content\/uploads\/2022\/04\/DSC_6732-scaled.jpg\",\"contentUrl\":\"https:\/\/lottemaa.ee\/wp-content\/uploads\/2022\/04\/DSC_6732-scaled.jpg\",\"width\":2560,\"height\":1696},{\"@type\":\"BreadcrumbList\",\"@id\":\"https:\/\/lottemaa.ee\/fi\/paiva-lottemaassa\/talot-ja-toiminnot\/ystavallisen-energian-alue\/#breadcrumb\",\"itemListElement\":[{\"@type\":\"ListItem\",\"position\":1,\"name\":\"Home\",\"item\":\"https:\/\/lottemaa.ee\/fi\/\"},{\"@type\":\"ListItem\",\"position\":2,\"name\":\"P\u00e4iv\u00e4 Lottemaassa\",\"item\":\"https:\/\/lottemaa.ee\/fi\/paiva-lottemaassa\/\"},{\"@type\":\"ListItem\",\"position\":3,\"name\":\"Talot ja toiminnot\",\"item\":\"https:\/\/lottemaa.ee\/fi\/paiva-lottemaassa\/talot-ja-toiminnot\/\"},{\"@type\":\"ListItem\",\"position\":4,\"name\":\"Yst\u00e4v\u00e4llisen energian alue\"}]},{\"@type\":\"WebSite\",\"@id\":\"https:\/\/lottemaa.ee\/#website\",\"url\":\"https:\/\/lottemaa.ee\/\",\"name\":\"Lottemaa Teemapark\",\"description\":\"Baltimaade suurim ja k\u00f5ige \u00e4gedam kogupere teemapark Eestis P\u00e4rnumaal\",\"publisher\":{\"@id\":\"https:\/\/lottemaa.ee\/#organization\"},\"potentialAction\":[{\"@type\":\"SearchAction\",\"target\":{\"@type\":\"EntryPoint\",\"urlTemplate\":\"https:\/\/lottemaa.ee\/?s={search_term_string}\"},\"query-input\":{\"@type\":\"PropertyValueSpecification\",\"valueRequired\":true,\"valueName\":\"search_term_string\"}}],\"inLanguage\":\"fi\"},{\"@type\":\"Organization\",\"@id\":\"https:\/\/lottemaa.ee\/#organization\",\"name\":\"Lottemaa Teemapark\",\"url\":\"https:\/\/lottemaa.ee\/\",\"logo\":{\"@type\":\"ImageObject\",\"inLanguage\":\"fi\",\"@id\":\"https:\/\/lottemaa.ee\/#\/schema\/logo\/image\/\",\"url\":\"https:\/\/lottemaa.ee\/wp-content\/uploads\/2018\/12\/Lottemaa_LOGO.png\",\"contentUrl\":\"https:\/\/lottemaa.ee\/wp-content\/uploads\/2018\/12\/Lottemaa_LOGO.png\",\"width\":1024,\"height\":518,\"caption\":\"Lottemaa Teemapark\"},\"image\":{\"@id\":\"https:\/\/lottemaa.ee\/#\/schema\/logo\/image\/\"}}]}<\/script>\n<!-- \/ Yoast SEO plugin. -->","yoast_head_json":{"title":"Yst\u00e4v\u00e4llisen energian alue | Lottemaa Teemapark","description":"Yst\u00e4v\u00e4llinen energia on hyv\u00e4ntahtoinen ja avulias. Jos energia on \u00e4lylaitteesta kokonaan h\u00e4ipynyt tai se tarvitsee kuumana kes\u00e4p\u00e4iv\u00e4n\u00e4 v\u00e4h\u00e4n lis\u00e4energiaa, yst\u00e4v\u00e4llinen energia tulee heti apuun.","robots":{"index":"index","follow":"follow","max-snippet":"max-snippet:-1","max-image-preview":"max-image-preview:large","max-video-preview":"max-video-preview:-1"},"canonical":"https:\/\/lottemaa.ee\/fi\/paiva-lottemaassa\/talot-ja-toiminnot\/ystavallisen-energian-alue\/","og_locale":"fi_FI","og_type":"article","og_title":"Yst\u00e4v\u00e4llisen energian alue | Lottemaa Teemapark","og_description":"Yst\u00e4v\u00e4llinen energia on hyv\u00e4ntahtoinen ja avulias. Jos energia on \u00e4lylaitteesta kokonaan h\u00e4ipynyt tai se tarvitsee kuumana kes\u00e4p\u00e4iv\u00e4n\u00e4 v\u00e4h\u00e4n lis\u00e4energiaa, yst\u00e4v\u00e4llinen energia tulee heti apuun.","og_url":"https:\/\/lottemaa.ee\/fi\/paiva-lottemaassa\/talot-ja-toiminnot\/ystavallisen-energian-alue\/","og_site_name":"Lottemaa Teemapark","article_modified_time":"2024-09-26T13:33:30+00:00","og_image":[{"width":2560,"height":1696,"url":"https:\/\/lottemaa.ee\/wp-content\/uploads\/2022\/04\/DSC_6732-scaled.jpg","type":"image\/jpeg"}],"twitter_card":"summary_large_image","twitter_misc":{"Arvioitu lukuaika":"1 minuutti"},"schema":{"@context":"https:\/\/schema.org","@graph":[{"@type":"WebPage","@id":"https:\/\/lottemaa.ee\/fi\/paiva-lottemaassa\/talot-ja-toiminnot\/ystavallisen-energian-alue\/","url":"https:\/\/lottemaa.ee\/fi\/paiva-lottemaassa\/talot-ja-toiminnot\/ystavallisen-energian-alue\/","name":"Yst\u00e4v\u00e4llisen energian alue | Lottemaa Teemapark","isPartOf":{"@id":"https:\/\/lottemaa.ee\/#website"},"primaryImageOfPage":{"@id":"https:\/\/lottemaa.ee\/fi\/paiva-lottemaassa\/talot-ja-toiminnot\/ystavallisen-energian-alue\/#primaryimage"},"image":{"@id":"https:\/\/lottemaa.ee\/fi\/paiva-lottemaassa\/talot-ja-toiminnot\/ystavallisen-energian-alue\/#primaryimage"},"thumbnailUrl":"https:\/\/lottemaa.ee\/wp-content\/uploads\/2022\/04\/DSC_6732-scaled.jpg","datePublished":"2016-05-16T16:43:43+00:00","dateModified":"2024-09-26T13:33:30+00:00","description":"Yst\u00e4v\u00e4llinen energia on hyv\u00e4ntahtoinen ja avulias. Jos energia on \u00e4lylaitteesta kokonaan h\u00e4ipynyt tai se tarvitsee kuumana kes\u00e4p\u00e4iv\u00e4n\u00e4 v\u00e4h\u00e4n lis\u00e4energiaa, yst\u00e4v\u00e4llinen energia tulee heti apuun.","breadcrumb":{"@id":"https:\/\/lottemaa.ee\/fi\/paiva-lottemaassa\/talot-ja-toiminnot\/ystavallisen-energian-alue\/#breadcrumb"},"inLanguage":"fi","potentialAction":[{"@type":"ReadAction","target":["https:\/\/lottemaa.ee\/fi\/paiva-lottemaassa\/talot-ja-toiminnot\/ystavallisen-energian-alue\/"]}]},{"@type":"ImageObject","inLanguage":"fi","@id":"https:\/\/lottemaa.ee\/fi\/paiva-lottemaassa\/talot-ja-toiminnot\/ystavallisen-energian-alue\/#primaryimage","url":"https:\/\/lottemaa.ee\/wp-content\/uploads\/2022\/04\/DSC_6732-scaled.jpg","contentUrl":"https:\/\/lottemaa.ee\/wp-content\/uploads\/2022\/04\/DSC_6732-scaled.jpg","width":2560,"height":1696},{"@type":"BreadcrumbList","@id":"https:\/\/lottemaa.ee\/fi\/paiva-lottemaassa\/talot-ja-toiminnot\/ystavallisen-energian-alue\/#breadcrumb","itemListElement":[{"@type":"ListItem","position":1,"name":"Home","item":"https:\/\/lottemaa.ee\/fi\/"},{"@type":"ListItem","position":2,"name":"P\u00e4iv\u00e4 Lottemaassa","item":"https:\/\/lottemaa.ee\/fi\/paiva-lottemaassa\/"},{"@type":"ListItem","position":3,"name":"Talot ja toiminnot","item":"https:\/\/lottemaa.ee\/fi\/paiva-lottemaassa\/talot-ja-toiminnot\/"},{"@type":"ListItem","position":4,"name":"Yst\u00e4v\u00e4llisen energian alue"}]},{"@type":"WebSite","@id":"https:\/\/lottemaa.ee\/#website","url":"https:\/\/lottemaa.ee\/","name":"Lottemaa Teemapark","description":"Baltimaade suurim ja k\u00f5ige \u00e4gedam kogupere teemapark Eestis P\u00e4rnumaal","publisher":{"@id":"https:\/\/lottemaa.ee\/#organization"},"potentialAction":[{"@type":"SearchAction","target":{"@type":"EntryPoint","urlTemplate":"https:\/\/lottemaa.ee\/?s={search_term_string}"},"query-input":{"@type":"PropertyValueSpecification","valueRequired":true,"valueName":"search_term_string"}}],"inLanguage":"fi"},{"@type":"Organization","@id":"https:\/\/lottemaa.ee\/#organization","name":"Lottemaa Teemapark","url":"https:\/\/lottemaa.ee\/","logo":{"@type":"ImageObject","inLanguage":"fi","@id":"https:\/\/lottemaa.ee\/#\/schema\/logo\/image\/","url":"https:\/\/lottemaa.ee\/wp-content\/uploads\/2018\/12\/Lottemaa_LOGO.png","contentUrl":"https:\/\/lottemaa.ee\/wp-content\/uploads\/2018\/12\/Lottemaa_LOGO.png","width":1024,"height":518,"caption":"Lottemaa Teemapark"},"image":{"@id":"https:\/\/lottemaa.ee\/#\/schema\/logo\/image\/"}}]}},"_links":{"self":[{"href":"https:\/\/lottemaa.ee\/fi\/wp-json\/wp\/v2\/pages\/1209","targetHints":{"allow":["GET"]}}],"collection":[{"href":"https:\/\/lottemaa.ee\/fi\/wp-json\/wp\/v2\/pages"}],"about":[{"href":"https:\/\/lottemaa.ee\/fi\/wp-json\/wp\/v2\/types\/page"}],"author":[{"embeddable":true,"href":"https:\/\/lottemaa.ee\/fi\/wp-json\/wp\/v2\/users\/1"}],"replies":[{"embeddable":true,"href":"https:\/\/lottemaa.ee\/fi\/wp-json\/wp\/v2\/comments?post=1209"}],"version-history":[{"count":5,"href":"https:\/\/lottemaa.ee\/fi\/wp-json\/wp\/v2\/pages\/1209\/revisions"}],"predecessor-version":[{"id":28617,"href":"https:\/\/lottemaa.ee\/fi\/wp-json\/wp\/v2\/pages\/1209\/revisions\/28617"}],"up":[{"embeddable":true,"href":"https:\/\/lottemaa.ee\/fi\/wp-json\/wp\/v2\/pages\/1189"}],"wp:featuredmedia":[{"embeddable":true,"href":"https:\/\/lottemaa.ee\/fi\/wp-json\/wp\/v2\/media\/13040"}],"wp:attachment":[{"href":"https:\/\/lottemaa.ee\/fi\/wp-json\/wp\/v2\/media?parent=1209"}],"curies":[{"name":"wp","href":"https:\/\/api.w.org\/{rel}","templated":true}]}}