{"id":1204,"date":"2016-05-16T19:42:00","date_gmt":"2016-05-16T16:42:00","guid":{"rendered":"http:\/\/sharks.ee\/lottemaa\/fi\/?page_id=1204"},"modified":"2024-09-26T16:34:31","modified_gmt":"2024-09-26T13:34:31","slug":"jaakun-talo","status":"publish","type":"page","link":"https:\/\/lottemaa.ee\/fi\/paiva-lottemaassa\/talot-ja-toiminnot\/jaakun-talo\/","title":{"rendered":"Jaakun talo"},"content":{"rendered":"<p style=\"text-align: left;\">Jaak-k\u00e4rp\u00e4nen on edelleen onnellisesti naimisissa latvialaisen k\u00e4rp\u00e4sneiti Rutan kanssa. Ruta tuli Riian kaupungista Viroon vaeltamaan. Rakkaus syntyi heti ensi silm\u00e4yksell\u00e4 ja jo seuraavana p\u00e4iv\u00e4n\u00e4 pidettiin Keksij\u00e4kyl\u00e4ss\u00e4 komeat h\u00e4\u00e4t. Rakastuneet k\u00e4rp\u00e4set asuvat nyt mukavasti Jaagun pieness\u00e4 talossa. Rakkauden innoittamana Jaagun p\u00e4\u00e4 alkoi toimimaan ennenn\u00e4kem\u00e4tt\u00f6m\u00e4ll\u00e4 vauhdilla. Jaak, jonka teht\u00e4v\u00e4n\u00e4 oli joka aamu her\u00e4tt\u00e4\u00e4 kyl\u00e4l\u00e4iset, keksi nyt kertaheitolla monta kymment\u00e4 uutta her\u00e4tyslaitetta. Jaak ripusti uudet keksint\u00f6ns\u00e4 talon ymp\u00e4rille puihin, jotta kyl\u00e4l\u00e4iset voisivat niihin tutustua ja valita itselleen mieluisen her\u00e4tyslaitteen.<\/p>\n","protected":false},"excerpt":{"rendered":"<p>Jaak-k\u00e4rp\u00e4nen on edelleen onnellisesti naimisissa latvialaisen k\u00e4rp\u00e4sneiti Rutan kanssa. Ruta tuli Riian kaupungista Viroon vaeltamaan. Rakkaus syntyi heti ensi silm\u00e4yksell\u00e4 ja jo seuraavana p\u00e4iv\u00e4n\u00e4 pidettiin Keksij\u00e4kyl\u00e4ss\u00e4 komeat h\u00e4\u00e4t. Rakastuneet k\u00e4rp\u00e4set asuvat nyt mukavasti Jaagun pieness\u00e4 talossa. Rakkauden innoittamana Jaagun p\u00e4\u00e4 alkoi toimimaan ennenn\u00e4kem\u00e4tt\u00f6m\u00e4ll\u00e4 vauhdilla. Jaak, jonka teht\u00e4v\u00e4n\u00e4 oli joka aamu her\u00e4tt\u00e4\u00e4 kyl\u00e4l\u00e4iset, keksi nyt kertaheitolla &hellip; <a href=\"https:\/\/lottemaa.ee\/fi\/paiva-lottemaassa\/talot-ja-toiminnot\/jaakun-talo\/\">Continued<\/a><\/p>\n","protected":false},"author":1,"featured_media":28484,"parent":1189,"menu_order":599,"comment_status":"closed","ping_status":"closed","template":"","meta":{"_acf_changed":false,"om_disable_all_campaigns":false,"_uf_show_specific_survey":0,"_uf_disable_surveys":false,"footnotes":""},"class_list":["post-1204","page","type-page","status-publish","has-post-thumbnail","hentry"],"acf":[],"yoast_head":"<!-- This site is optimized with the Yoast SEO plugin v25.5 - https:\/\/yoast.com\/wordpress\/plugins\/seo\/ -->\n<title>Jaakun talo | Lottemaa Teemapark<\/title>\n<meta name=\"description\" content=\"Jaak-k\u00e4rp\u00e4nen on edelleen onnellisesti naimisissa latvialaisen k\u00e4rp\u00e4sneiti Rutan kanssa. Ruta tuli Riian kaupungista Viroon vaeltamaan.\" \/>\n<meta name=\"robots\" content=\"index, follow, max-snippet:-1, max-image-preview:large, max-video-preview:-1\" \/>\n<link rel=\"canonical\" href=\"https:\/\/lottemaa.ee\/fi\/paiva-lottemaassa\/talot-ja-toiminnot\/jaakun-talo\/\" \/>\n<meta property=\"og:locale\" content=\"fi_FI\" \/>\n<meta property=\"og:type\" content=\"article\" \/>\n<meta property=\"og:title\" content=\"Jaakun talo | Lottemaa Teemapark\" \/>\n<meta property=\"og:description\" content=\"Jaak-k\u00e4rp\u00e4nen on edelleen onnellisesti naimisissa latvialaisen k\u00e4rp\u00e4sneiti Rutan kanssa. Ruta tuli Riian kaupungista Viroon vaeltamaan.\" \/>\n<meta property=\"og:url\" content=\"https:\/\/lottemaa.ee\/fi\/paiva-lottemaassa\/talot-ja-toiminnot\/jaakun-talo\/\" \/>\n<meta property=\"og:site_name\" content=\"Lottemaa Teemapark\" \/>\n<meta property=\"article:modified_time\" content=\"2024-09-26T13:34:31+00:00\" \/>\n<meta property=\"og:image\" content=\"https:\/\/lottemaa.ee\/wp-content\/uploads\/2024\/09\/DSC_6564-scaled.jpg\" \/>\n\t<meta property=\"og:image:width\" content=\"2560\" \/>\n\t<meta property=\"og:image:height\" content=\"1696\" \/>\n\t<meta property=\"og:image:type\" content=\"image\/jpeg\" \/>\n<meta name=\"twitter:card\" content=\"summary_large_image\" \/>\n<meta name=\"twitter:label1\" content=\"Arvioitu lukuaika\" \/>\n\t<meta name=\"twitter:data1\" content=\"1 minuutti\" \/>\n<script type=\"application\/ld+json\" class=\"yoast-schema-graph\">{\"@context\":\"https:\/\/schema.org\",\"@graph\":[{\"@type\":\"WebPage\",\"@id\":\"https:\/\/lottemaa.ee\/fi\/paiva-lottemaassa\/talot-ja-toiminnot\/jaakun-talo\/\",\"url\":\"https:\/\/lottemaa.ee\/fi\/paiva-lottemaassa\/talot-ja-toiminnot\/jaakun-talo\/\",\"name\":\"Jaakun talo | Lottemaa Teemapark\",\"isPartOf\":{\"@id\":\"https:\/\/lottemaa.ee\/#website\"},\"primaryImageOfPage\":{\"@id\":\"https:\/\/lottemaa.ee\/fi\/paiva-lottemaassa\/talot-ja-toiminnot\/jaakun-talo\/#primaryimage\"},\"image\":{\"@id\":\"https:\/\/lottemaa.ee\/fi\/paiva-lottemaassa\/talot-ja-toiminnot\/jaakun-talo\/#primaryimage\"},\"thumbnailUrl\":\"https:\/\/lottemaa.ee\/wp-content\/uploads\/2024\/09\/DSC_6564-scaled.jpg\",\"datePublished\":\"2016-05-16T16:42:00+00:00\",\"dateModified\":\"2024-09-26T13:34:31+00:00\",\"description\":\"Jaak-k\u00e4rp\u00e4nen on edelleen onnellisesti naimisissa latvialaisen k\u00e4rp\u00e4sneiti Rutan kanssa. Ruta tuli Riian kaupungista Viroon vaeltamaan.\",\"breadcrumb\":{\"@id\":\"https:\/\/lottemaa.ee\/fi\/paiva-lottemaassa\/talot-ja-toiminnot\/jaakun-talo\/#breadcrumb\"},\"inLanguage\":\"fi\",\"potentialAction\":[{\"@type\":\"ReadAction\",\"target\":[\"https:\/\/lottemaa.ee\/fi\/paiva-lottemaassa\/talot-ja-toiminnot\/jaakun-talo\/\"]}]},{\"@type\":\"ImageObject\",\"inLanguage\":\"fi\",\"@id\":\"https:\/\/lottemaa.ee\/fi\/paiva-lottemaassa\/talot-ja-toiminnot\/jaakun-talo\/#primaryimage\",\"url\":\"https:\/\/lottemaa.ee\/wp-content\/uploads\/2024\/09\/DSC_6564-scaled.jpg\",\"contentUrl\":\"https:\/\/lottemaa.ee\/wp-content\/uploads\/2024\/09\/DSC_6564-scaled.jpg\",\"width\":2560,\"height\":1696},{\"@type\":\"BreadcrumbList\",\"@id\":\"https:\/\/lottemaa.ee\/fi\/paiva-lottemaassa\/talot-ja-toiminnot\/jaakun-talo\/#breadcrumb\",\"itemListElement\":[{\"@type\":\"ListItem\",\"position\":1,\"name\":\"Home\",\"item\":\"https:\/\/lottemaa.ee\/fi\/\"},{\"@type\":\"ListItem\",\"position\":2,\"name\":\"P\u00e4iv\u00e4 Lottemaassa\",\"item\":\"https:\/\/lottemaa.ee\/fi\/paiva-lottemaassa\/\"},{\"@type\":\"ListItem\",\"position\":3,\"name\":\"Talot ja toiminnot\",\"item\":\"https:\/\/lottemaa.ee\/fi\/paiva-lottemaassa\/talot-ja-toiminnot\/\"},{\"@type\":\"ListItem\",\"position\":4,\"name\":\"Jaakun talo\"}]},{\"@type\":\"WebSite\",\"@id\":\"https:\/\/lottemaa.ee\/#website\",\"url\":\"https:\/\/lottemaa.ee\/\",\"name\":\"Lottemaa Teemapark\",\"description\":\"Baltimaade suurim ja k\u00f5ige \u00e4gedam kogupere teemapark Eestis P\u00e4rnumaal\",\"publisher\":{\"@id\":\"https:\/\/lottemaa.ee\/#organization\"},\"potentialAction\":[{\"@type\":\"SearchAction\",\"target\":{\"@type\":\"EntryPoint\",\"urlTemplate\":\"https:\/\/lottemaa.ee\/?s={search_term_string}\"},\"query-input\":{\"@type\":\"PropertyValueSpecification\",\"valueRequired\":true,\"valueName\":\"search_term_string\"}}],\"inLanguage\":\"fi\"},{\"@type\":\"Organization\",\"@id\":\"https:\/\/lottemaa.ee\/#organization\",\"name\":\"Lottemaa Teemapark\",\"url\":\"https:\/\/lottemaa.ee\/\",\"logo\":{\"@type\":\"ImageObject\",\"inLanguage\":\"fi\",\"@id\":\"https:\/\/lottemaa.ee\/#\/schema\/logo\/image\/\",\"url\":\"https:\/\/lottemaa.ee\/wp-content\/uploads\/2018\/12\/Lottemaa_LOGO.png\",\"contentUrl\":\"https:\/\/lottemaa.ee\/wp-content\/uploads\/2018\/12\/Lottemaa_LOGO.png\",\"width\":1024,\"height\":518,\"caption\":\"Lottemaa Teemapark\"},\"image\":{\"@id\":\"https:\/\/lottemaa.ee\/#\/schema\/logo\/image\/\"}}]}<\/script>\n<!-- \/ Yoast SEO plugin. -->","yoast_head_json":{"title":"Jaakun talo | Lottemaa Teemapark","description":"Jaak-k\u00e4rp\u00e4nen on edelleen onnellisesti naimisissa latvialaisen k\u00e4rp\u00e4sneiti Rutan kanssa. Ruta tuli Riian kaupungista Viroon vaeltamaan.","robots":{"index":"index","follow":"follow","max-snippet":"max-snippet:-1","max-image-preview":"max-image-preview:large","max-video-preview":"max-video-preview:-1"},"canonical":"https:\/\/lottemaa.ee\/fi\/paiva-lottemaassa\/talot-ja-toiminnot\/jaakun-talo\/","og_locale":"fi_FI","og_type":"article","og_title":"Jaakun talo | Lottemaa Teemapark","og_description":"Jaak-k\u00e4rp\u00e4nen on edelleen onnellisesti naimisissa latvialaisen k\u00e4rp\u00e4sneiti Rutan kanssa. Ruta tuli Riian kaupungista Viroon vaeltamaan.","og_url":"https:\/\/lottemaa.ee\/fi\/paiva-lottemaassa\/talot-ja-toiminnot\/jaakun-talo\/","og_site_name":"Lottemaa Teemapark","article_modified_time":"2024-09-26T13:34:31+00:00","og_image":[{"width":2560,"height":1696,"url":"https:\/\/lottemaa.ee\/wp-content\/uploads\/2024\/09\/DSC_6564-scaled.jpg","type":"image\/jpeg"}],"twitter_card":"summary_large_image","twitter_misc":{"Arvioitu lukuaika":"1 minuutti"},"schema":{"@context":"https:\/\/schema.org","@graph":[{"@type":"WebPage","@id":"https:\/\/lottemaa.ee\/fi\/paiva-lottemaassa\/talot-ja-toiminnot\/jaakun-talo\/","url":"https:\/\/lottemaa.ee\/fi\/paiva-lottemaassa\/talot-ja-toiminnot\/jaakun-talo\/","name":"Jaakun talo | Lottemaa Teemapark","isPartOf":{"@id":"https:\/\/lottemaa.ee\/#website"},"primaryImageOfPage":{"@id":"https:\/\/lottemaa.ee\/fi\/paiva-lottemaassa\/talot-ja-toiminnot\/jaakun-talo\/#primaryimage"},"image":{"@id":"https:\/\/lottemaa.ee\/fi\/paiva-lottemaassa\/talot-ja-toiminnot\/jaakun-talo\/#primaryimage"},"thumbnailUrl":"https:\/\/lottemaa.ee\/wp-content\/uploads\/2024\/09\/DSC_6564-scaled.jpg","datePublished":"2016-05-16T16:42:00+00:00","dateModified":"2024-09-26T13:34:31+00:00","description":"Jaak-k\u00e4rp\u00e4nen on edelleen onnellisesti naimisissa latvialaisen k\u00e4rp\u00e4sneiti Rutan kanssa. Ruta tuli Riian kaupungista Viroon vaeltamaan.","breadcrumb":{"@id":"https:\/\/lottemaa.ee\/fi\/paiva-lottemaassa\/talot-ja-toiminnot\/jaakun-talo\/#breadcrumb"},"inLanguage":"fi","potentialAction":[{"@type":"ReadAction","target":["https:\/\/lottemaa.ee\/fi\/paiva-lottemaassa\/talot-ja-toiminnot\/jaakun-talo\/"]}]},{"@type":"ImageObject","inLanguage":"fi","@id":"https:\/\/lottemaa.ee\/fi\/paiva-lottemaassa\/talot-ja-toiminnot\/jaakun-talo\/#primaryimage","url":"https:\/\/lottemaa.ee\/wp-content\/uploads\/2024\/09\/DSC_6564-scaled.jpg","contentUrl":"https:\/\/lottemaa.ee\/wp-content\/uploads\/2024\/09\/DSC_6564-scaled.jpg","width":2560,"height":1696},{"@type":"BreadcrumbList","@id":"https:\/\/lottemaa.ee\/fi\/paiva-lottemaassa\/talot-ja-toiminnot\/jaakun-talo\/#breadcrumb","itemListElement":[{"@type":"ListItem","position":1,"name":"Home","item":"https:\/\/lottemaa.ee\/fi\/"},{"@type":"ListItem","position":2,"name":"P\u00e4iv\u00e4 Lottemaassa","item":"https:\/\/lottemaa.ee\/fi\/paiva-lottemaassa\/"},{"@type":"ListItem","position":3,"name":"Talot ja toiminnot","item":"https:\/\/lottemaa.ee\/fi\/paiva-lottemaassa\/talot-ja-toiminnot\/"},{"@type":"ListItem","position":4,"name":"Jaakun talo"}]},{"@type":"WebSite","@id":"https:\/\/lottemaa.ee\/#website","url":"https:\/\/lottemaa.ee\/","name":"Lottemaa Teemapark","description":"Baltimaade suurim ja k\u00f5ige \u00e4gedam kogupere teemapark Eestis P\u00e4rnumaal","publisher":{"@id":"https:\/\/lottemaa.ee\/#organization"},"potentialAction":[{"@type":"SearchAction","target":{"@type":"EntryPoint","urlTemplate":"https:\/\/lottemaa.ee\/?s={search_term_string}"},"query-input":{"@type":"PropertyValueSpecification","valueRequired":true,"valueName":"search_term_string"}}],"inLanguage":"fi"},{"@type":"Organization","@id":"https:\/\/lottemaa.ee\/#organization","name":"Lottemaa Teemapark","url":"https:\/\/lottemaa.ee\/","logo":{"@type":"ImageObject","inLanguage":"fi","@id":"https:\/\/lottemaa.ee\/#\/schema\/logo\/image\/","url":"https:\/\/lottemaa.ee\/wp-content\/uploads\/2018\/12\/Lottemaa_LOGO.png","contentUrl":"https:\/\/lottemaa.ee\/wp-content\/uploads\/2018\/12\/Lottemaa_LOGO.png","width":1024,"height":518,"caption":"Lottemaa Teemapark"},"image":{"@id":"https:\/\/lottemaa.ee\/#\/schema\/logo\/image\/"}}]}},"_links":{"self":[{"href":"https:\/\/lottemaa.ee\/fi\/wp-json\/wp\/v2\/pages\/1204","targetHints":{"allow":["GET"]}}],"collection":[{"href":"https:\/\/lottemaa.ee\/fi\/wp-json\/wp\/v2\/pages"}],"about":[{"href":"https:\/\/lottemaa.ee\/fi\/wp-json\/wp\/v2\/types\/page"}],"author":[{"embeddable":true,"href":"https:\/\/lottemaa.ee\/fi\/wp-json\/wp\/v2\/users\/1"}],"replies":[{"embeddable":true,"href":"https:\/\/lottemaa.ee\/fi\/wp-json\/wp\/v2\/comments?post=1204"}],"version-history":[{"count":5,"href":"https:\/\/lottemaa.ee\/fi\/wp-json\/wp\/v2\/pages\/1204\/revisions"}],"predecessor-version":[{"id":28619,"href":"https:\/\/lottemaa.ee\/fi\/wp-json\/wp\/v2\/pages\/1204\/revisions\/28619"}],"up":[{"embeddable":true,"href":"https:\/\/lottemaa.ee\/fi\/wp-json\/wp\/v2\/pages\/1189"}],"wp:featuredmedia":[{"embeddable":true,"href":"https:\/\/lottemaa.ee\/fi\/wp-json\/wp\/v2\/media\/28484"}],"wp:attachment":[{"href":"https:\/\/lottemaa.ee\/fi\/wp-json\/wp\/v2\/media?parent=1204"}],"curies":[{"name":"wp","href":"https:\/\/api.w.org\/{rel}","templated":true}]}}