{"id":1185,"date":"2016-05-16T19:33:57","date_gmt":"2016-05-16T16:33:57","guid":{"rendered":"http:\/\/sharks.ee\/lottemaa\/fi\/?page_id=1185"},"modified":"2026-01-25T13:55:36","modified_gmt":"2026-01-25T11:55:36","slug":"teemapuiston-jarjestyssaannot","status":"publish","type":"page","link":"https:\/\/lottemaa.ee\/fi\/paiva-lottemaassa\/teemapuiston-jarjestyssaannot\/","title":{"rendered":"Teemapuiston j\u00e4rjestyss\u00e4\u00e4nn\u00f6t"},"content":{"rendered":"<ul>\n<li style=\"text-align: left;\">Kun ostat lipun Lottemaan teemapuistoon, vakuutat, ett\u00e4 olet tutustunut Lottemaan teemapuiston j\u00e4rjestyss\u00e4\u00e4nt\u00f6ihin ja sitoutunut noudattamaan niit\u00e4.<\/li>\n<li style=\"text-align: left;\">Lunastaessaan Lottemaan teemapuiston p\u00e4iv\u00e4lipun Lottemaan sis\u00e4\u00e4nk\u00e4ynnill\u00e4 jokainen k\u00e4vij\u00e4 saa k\u00e4teens\u00e4 leiman, joka oikeuttaa vierailemaan teemapuistossa vain lipun lunastusp\u00e4iv\u00e4n\u00e4.<\/li>\n<li style=\"text-align: left;\">Teemapuistosta voi p\u00e4iv\u00e4n aikana poistua ja palata leiman esitt\u00e4ess\u00e4\u00e4n ilman, ett\u00e4 tarvitsee ostaa uutta lippua.<\/li>\n<li style=\"text-align: left;\">Teemapuiston ty\u00f6ntekij\u00f6ill\u00e4 on oikeus tarkastaa leiman olemassaolo ja sen puuttuessa ohjata leimaton vierailija pois teemapuiston alueelta.<\/li>\n<li style=\"text-align: left;\">Teemapuiston sis\u00e4\u00e4nk\u00e4ynnill\u00e4 on pienille tarkoitettuja tarralappuja, joihin voi kirjoittaa lapsen nimen sek\u00e4 vanhemman tai muun aikuisen seuralaisen puhelinnumeron. Pyyd\u00e4mme kiinnitt\u00e4m\u00e4\u00e4n tarran lapsen vaatteiden p\u00e4\u00e4lle n\u00e4kyv\u00e4\u00e4n paikkaan. Siten meid\u00e4n on helpompi l\u00f6yt\u00e4\u00e4 eksyneiden lasten vanhemmat.<\/li>\n<li style=\"text-align: left;\">Alaik\u00e4iset lapset ovat puistossa vanhempansa tai muun seurassaan olevan aikuisen vastuulla. Aikuisen saattajan vastuulla on valvoa heid\u00e4n kanssaan alueella olevia lapsia. Lottemaan teemapuiston henkil\u00f6kunta ei ota vastuuta lapsista tai valvo heit\u00e4 teemapuiston alueella ja kohteissa.<\/li>\n<li style=\"text-align: left;\">Lottemaan ranta-alue sijaitsee teemapuiston alueen ulkopuolella ja on yleisess\u00e4 k\u00e4yt\u00f6ss\u00e4. Uiminen on omalla vastuulla; teemapuisto ei j\u00e4rjest\u00e4 valvontaa. Ranta-alueelta palattaessa sis\u00e4\u00e4n teemapuistoon leima on esitett\u00e4v\u00e4 Lottemaan ty\u00f6ntekij\u00e4lle.<\/li>\n<li style=\"text-align: left;\">Lottemaan alueella sijaitseva seikkailupuisto on tarkoitettu yleiseen k\u00e4ytt\u00f6\u00f6n, ja kiipeily seikkailuradalla on sallittu vain aikuisen l\u00e4sn\u00e4 ollessa.<\/li>\n<li style=\"text-align: left;\">Lottemaan pys\u00e4k\u00f6intialue, joka on tarkoitettu Lottemaassa vieraileville, on maksullinen, eik\u00e4 siell\u00e4 ole valvontaa. Pys\u00e4k\u00f6intialue on avoinna kes\u00e4ll\u00e4 klo <strong>9.45\u201318.15<\/strong> ja talvella klo <strong>14.45\u201319.15<\/strong>. Autojen, per\u00e4vaunujen ja muiden selke\u00e4sti n\u00e4kyvi\u00e4 mainoksia esitt\u00e4vien ajoneuvojen pys\u00e4k\u00f6inti mainontatarkoituksissa on sallittu vain omistajan kirjallisella luvalla.<\/li>\n<li style=\"text-align: left;\">Kohtele kaikkia huvipuiston vierailijoita ja leikkikavereitasi yst\u00e4v\u00e4llisesti ja kohteliaasti ja k\u00e4ytt\u00e4ydy hyvien tapojen mukaisesti.<\/li>\n<li style=\"text-align: left;\">Teemapuistoon ei saa tuoda lemmikkiel\u00e4imi\u00e4, ei edes pieni\u00e4 ja hyvin k\u00e4ytt\u00e4ytyvi\u00e4 lemmikkej\u00e4.<\/li>\n<li style=\"text-align: left;\">Teemapuiston alueella polkupy\u00f6rill\u00e4, potkupy\u00f6rill\u00e4, rullalaudoilla, rullaluistimilla ym. kulkupeleill\u00e4 liikkuminen on kielletty.<\/li>\n<li style=\"text-align: left;\">Tupakointi on kielletty teemapuiston alueella (paitsi t\u00e4h\u00e4n tarkoitukseen varatuissa paikoissa).<\/li>\n<li style=\"text-align: left;\">Alkoholin nauttiminen on kielletty teemapuiston alueella (paitsi ruokapaikoissa, joissa myyd\u00e4\u00e4n alkoholijuomia).<\/li>\n<li style=\"text-align: left;\">Alueella on kielletty\u00e4 vahingoittaa tai ry\u00f6st\u00e4\u00e4 puita, pensaita, kukkia, sieni\u00e4 jne.<\/li>\n<li style=\"text-align: left;\">K\u00e4yt\u00e4 teemapuiston tiloja, pelej\u00e4 ja muita v\u00e4lineit\u00e4 huolellisesti ja harkiten.<\/li>\n<li style=\"text-align: left;\">Pid\u00e4 paikat puhtaina ja laita roskat aina roskakoriin noudattaen j\u00e4tteiden lajittelun periaatteita.<\/li>\n<li style=\"text-align: left;\">Vierailijat eiv\u00e4t saa menn\u00e4 teemapuiston alueella sellaisiin rakennuksiin ja tiloihin, joita ei ole tarkoitettu yleiseen k\u00e4ytt\u00f6\u00f6n, ilman teemapuiston ty\u00f6ntekij\u00e4n lupaa.<\/li>\n<li style=\"text-align: left;\">Ilmoita v\u00e4litt\u00f6m\u00e4sti teemapuiston ty\u00f6ntekij\u00e4lle, jos on sattunut tapaturma, joku on loukkaantunut tai huomaat jotain vaarallista \u2013 s\u00e4\u00e4nt\u00f6rikkomuksia, tulvehtivaa vett\u00e4, tulipalon tmv.<\/li>\n<li style=\"text-align: left;\">Pid\u00e4 silm\u00e4ll\u00e4 omia tavaroitasi (laukkua, matkapuhelinta, avaimia jne.). Lottemaan teemapuisto ei vastaa vierailijan henkil\u00f6kohtaisten tavaroiden katoamisesta, varastamisesta tai vahingoittumisesta.<\/li>\n<li style=\"text-align: left;\">Vie l\u00f6yt\u00e4m\u00e4si sinulle kuulumattomat tavarat teemapuiston ty\u00f6ntekij\u00e4lle. S\u00e4ilyt\u00e4mme l\u00f6yt\u00f6tavaroita yhden kalenterikuukauden. L\u00f6yt\u00f6tavaroita voi kysell\u00e4 ottamalla meihin yhteytt\u00e4 osoitteessa https:\/\/lottemaa.ee\/kontakt\/<\/li>\n<li style=\"text-align: left;\">Teemapuiston ty\u00f6ntekij\u00e4ll\u00e4 on oikeus pyyt\u00e4\u00e4 poistumaan sellaista vierasta, joka ei noudata s\u00e4\u00e4nt\u00f6j\u00e4.<\/li>\n<li style=\"text-align: left;\">Teemapuiston ty\u00f6ntekij\u00e4t ovat aina valmiita selitt\u00e4m\u00e4\u00e4n s\u00e4\u00e4nn\u00f6iss\u00e4 esitettyj\u00e4 vaatimuksia ja suosituksia. Jos sinulla on kysytt\u00e4v\u00e4\u00e4 tai ongelmia, ota yhteytt\u00e4 teemapuiston ty\u00f6ntekij\u00e4\u00e4n. Autamme mielell\u00e4mme!<\/li>\n<\/ul>\n<p style=\"text-align: left;\"><strong>*Puistossa on valvontakameroita turvallisuutesi vuoksi.<\/strong><\/p>\n","protected":false},"excerpt":{"rendered":"<p>Kun ostat lipun Lottemaan teemapuistoon, vakuutat, ett\u00e4 olet tutustunut Lottemaan teemapuiston j\u00e4rjestyss\u00e4\u00e4nt\u00f6ihin ja sitoutunut noudattamaan niit\u00e4. Lunastaessaan Lottemaan teemapuiston p\u00e4iv\u00e4lipun Lottemaan sis\u00e4\u00e4nk\u00e4ynnill\u00e4 jokainen k\u00e4vij\u00e4 saa k\u00e4teens\u00e4 leiman, joka oikeuttaa vierailemaan teemapuistossa vain lipun lunastusp\u00e4iv\u00e4n\u00e4. Teemapuistosta voi p\u00e4iv\u00e4n aikana poistua ja palata leiman esitt\u00e4ess\u00e4\u00e4n ilman, ett\u00e4 tarvitsee ostaa uutta lippua. Teemapuiston ty\u00f6ntekij\u00f6ill\u00e4 on oikeus tarkastaa leiman &hellip; <a href=\"https:\/\/lottemaa.ee\/fi\/paiva-lottemaassa\/teemapuiston-jarjestyssaannot\/\">Continued<\/a><\/p>\n","protected":false},"author":1,"featured_media":248,"parent":589,"menu_order":384,"comment_status":"closed","ping_status":"closed","template":"","meta":{"_acf_changed":false,"om_disable_all_campaigns":false,"_uf_show_specific_survey":0,"_uf_disable_surveys":false,"footnotes":""},"class_list":["post-1185","page","type-page","status-publish","has-post-thumbnail","hentry"],"acf":[],"yoast_head":"<!-- This site is optimized with the Yoast SEO plugin v25.5 - https:\/\/yoast.com\/wordpress\/plugins\/seo\/ -->\n<title>Teemapuiston j\u00e4rjestyss\u00e4\u00e4nn\u00f6t | Lottemaa Teemapark<\/title>\n<meta name=\"robots\" content=\"index, follow, max-snippet:-1, max-image-preview:large, max-video-preview:-1\" \/>\n<link rel=\"canonical\" href=\"https:\/\/lottemaa.ee\/fi\/paiva-lottemaassa\/teemapuiston-jarjestyssaannot\/\" \/>\n<meta property=\"og:locale\" content=\"fi_FI\" \/>\n<meta property=\"og:type\" content=\"article\" \/>\n<meta property=\"og:title\" content=\"Teemapuiston j\u00e4rjestyss\u00e4\u00e4nn\u00f6t | Lottemaa Teemapark\" \/>\n<meta property=\"og:description\" content=\"Kun ostat lipun Lottemaan teemapuistoon, vakuutat, ett\u00e4 olet tutustunut Lottemaan teemapuiston j\u00e4rjestyss\u00e4\u00e4nt\u00f6ihin ja sitoutunut noudattamaan niit\u00e4. Lunastaessaan Lottemaan teemapuiston p\u00e4iv\u00e4lipun Lottemaan sis\u00e4\u00e4nk\u00e4ynnill\u00e4 jokainen k\u00e4vij\u00e4 saa k\u00e4teens\u00e4 leiman, joka oikeuttaa vierailemaan teemapuistossa vain lipun lunastusp\u00e4iv\u00e4n\u00e4. Teemapuistosta voi p\u00e4iv\u00e4n aikana poistua ja palata leiman esitt\u00e4ess\u00e4\u00e4n ilman, ett\u00e4 tarvitsee ostaa uutta lippua. Teemapuiston ty\u00f6ntekij\u00f6ill\u00e4 on oikeus tarkastaa leiman &hellip; Continued\" \/>\n<meta property=\"og:url\" content=\"https:\/\/lottemaa.ee\/fi\/paiva-lottemaassa\/teemapuiston-jarjestyssaannot\/\" \/>\n<meta property=\"og:site_name\" content=\"Lottemaa Teemapark\" \/>\n<meta property=\"article:modified_time\" content=\"2026-01-25T11:55:36+00:00\" \/>\n<meta property=\"og:image\" content=\"https:\/\/lottemaa.ee\/wp-content\/uploads\/2016\/04\/lottemaa-teemapargi-k\u00fclastuse-reeglid.jpg\" \/>\n\t<meta property=\"og:image:width\" content=\"287\" \/>\n\t<meta property=\"og:image:height\" content=\"255\" \/>\n\t<meta property=\"og:image:type\" content=\"image\/jpeg\" \/>\n<meta name=\"twitter:card\" content=\"summary_large_image\" \/>\n<meta name=\"twitter:label1\" content=\"Arvioitu lukuaika\" \/>\n\t<meta name=\"twitter:data1\" content=\"3 minuuttia\" \/>\n<script type=\"application\/ld+json\" class=\"yoast-schema-graph\">{\"@context\":\"https:\/\/schema.org\",\"@graph\":[{\"@type\":\"WebPage\",\"@id\":\"https:\/\/lottemaa.ee\/fi\/paiva-lottemaassa\/teemapuiston-jarjestyssaannot\/\",\"url\":\"https:\/\/lottemaa.ee\/fi\/paiva-lottemaassa\/teemapuiston-jarjestyssaannot\/\",\"name\":\"Teemapuiston j\u00e4rjestyss\u00e4\u00e4nn\u00f6t | Lottemaa Teemapark\",\"isPartOf\":{\"@id\":\"https:\/\/lottemaa.ee\/#website\"},\"primaryImageOfPage\":{\"@id\":\"https:\/\/lottemaa.ee\/fi\/paiva-lottemaassa\/teemapuiston-jarjestyssaannot\/#primaryimage\"},\"image\":{\"@id\":\"https:\/\/lottemaa.ee\/fi\/paiva-lottemaassa\/teemapuiston-jarjestyssaannot\/#primaryimage\"},\"thumbnailUrl\":\"https:\/\/lottemaa.ee\/wp-content\/uploads\/2016\/04\/lottemaa-teemapargi-k\u00fclastuse-reeglid.jpg\",\"datePublished\":\"2016-05-16T16:33:57+00:00\",\"dateModified\":\"2026-01-25T11:55:36+00:00\",\"breadcrumb\":{\"@id\":\"https:\/\/lottemaa.ee\/fi\/paiva-lottemaassa\/teemapuiston-jarjestyssaannot\/#breadcrumb\"},\"inLanguage\":\"fi\",\"potentialAction\":[{\"@type\":\"ReadAction\",\"target\":[\"https:\/\/lottemaa.ee\/fi\/paiva-lottemaassa\/teemapuiston-jarjestyssaannot\/\"]}]},{\"@type\":\"ImageObject\",\"inLanguage\":\"fi\",\"@id\":\"https:\/\/lottemaa.ee\/fi\/paiva-lottemaassa\/teemapuiston-jarjestyssaannot\/#primaryimage\",\"url\":\"https:\/\/lottemaa.ee\/wp-content\/uploads\/2016\/04\/lottemaa-teemapargi-k\u00fclastuse-reeglid.jpg\",\"contentUrl\":\"https:\/\/lottemaa.ee\/wp-content\/uploads\/2016\/04\/lottemaa-teemapargi-k\u00fclastuse-reeglid.jpg\",\"width\":287,\"height\":255},{\"@type\":\"BreadcrumbList\",\"@id\":\"https:\/\/lottemaa.ee\/fi\/paiva-lottemaassa\/teemapuiston-jarjestyssaannot\/#breadcrumb\",\"itemListElement\":[{\"@type\":\"ListItem\",\"position\":1,\"name\":\"Home\",\"item\":\"https:\/\/lottemaa.ee\/fi\/\"},{\"@type\":\"ListItem\",\"position\":2,\"name\":\"P\u00e4iv\u00e4 Lottemaassa\",\"item\":\"https:\/\/lottemaa.ee\/fi\/paiva-lottemaassa\/\"},{\"@type\":\"ListItem\",\"position\":3,\"name\":\"Teemapuiston j\u00e4rjestyss\u00e4\u00e4nn\u00f6t\"}]},{\"@type\":\"WebSite\",\"@id\":\"https:\/\/lottemaa.ee\/#website\",\"url\":\"https:\/\/lottemaa.ee\/\",\"name\":\"Lottemaa Teemapark\",\"description\":\"Baltimaade suurim ja k\u00f5ige \u00e4gedam kogupere teemapark Eestis P\u00e4rnumaal\",\"publisher\":{\"@id\":\"https:\/\/lottemaa.ee\/#organization\"},\"potentialAction\":[{\"@type\":\"SearchAction\",\"target\":{\"@type\":\"EntryPoint\",\"urlTemplate\":\"https:\/\/lottemaa.ee\/?s={search_term_string}\"},\"query-input\":{\"@type\":\"PropertyValueSpecification\",\"valueRequired\":true,\"valueName\":\"search_term_string\"}}],\"inLanguage\":\"fi\"},{\"@type\":\"Organization\",\"@id\":\"https:\/\/lottemaa.ee\/#organization\",\"name\":\"Lottemaa Teemapark\",\"url\":\"https:\/\/lottemaa.ee\/\",\"logo\":{\"@type\":\"ImageObject\",\"inLanguage\":\"fi\",\"@id\":\"https:\/\/lottemaa.ee\/#\/schema\/logo\/image\/\",\"url\":\"https:\/\/lottemaa.ee\/wp-content\/uploads\/2018\/12\/Lottemaa_LOGO.png\",\"contentUrl\":\"https:\/\/lottemaa.ee\/wp-content\/uploads\/2018\/12\/Lottemaa_LOGO.png\",\"width\":1024,\"height\":518,\"caption\":\"Lottemaa Teemapark\"},\"image\":{\"@id\":\"https:\/\/lottemaa.ee\/#\/schema\/logo\/image\/\"}}]}<\/script>\n<!-- \/ Yoast SEO plugin. -->","yoast_head_json":{"title":"Teemapuiston j\u00e4rjestyss\u00e4\u00e4nn\u00f6t | Lottemaa Teemapark","robots":{"index":"index","follow":"follow","max-snippet":"max-snippet:-1","max-image-preview":"max-image-preview:large","max-video-preview":"max-video-preview:-1"},"canonical":"https:\/\/lottemaa.ee\/fi\/paiva-lottemaassa\/teemapuiston-jarjestyssaannot\/","og_locale":"fi_FI","og_type":"article","og_title":"Teemapuiston j\u00e4rjestyss\u00e4\u00e4nn\u00f6t | Lottemaa Teemapark","og_description":"Kun ostat lipun Lottemaan teemapuistoon, vakuutat, ett\u00e4 olet tutustunut Lottemaan teemapuiston j\u00e4rjestyss\u00e4\u00e4nt\u00f6ihin ja sitoutunut noudattamaan niit\u00e4. Lunastaessaan Lottemaan teemapuiston p\u00e4iv\u00e4lipun Lottemaan sis\u00e4\u00e4nk\u00e4ynnill\u00e4 jokainen k\u00e4vij\u00e4 saa k\u00e4teens\u00e4 leiman, joka oikeuttaa vierailemaan teemapuistossa vain lipun lunastusp\u00e4iv\u00e4n\u00e4. Teemapuistosta voi p\u00e4iv\u00e4n aikana poistua ja palata leiman esitt\u00e4ess\u00e4\u00e4n ilman, ett\u00e4 tarvitsee ostaa uutta lippua. Teemapuiston ty\u00f6ntekij\u00f6ill\u00e4 on oikeus tarkastaa leiman &hellip; Continued","og_url":"https:\/\/lottemaa.ee\/fi\/paiva-lottemaassa\/teemapuiston-jarjestyssaannot\/","og_site_name":"Lottemaa Teemapark","article_modified_time":"2026-01-25T11:55:36+00:00","og_image":[{"width":287,"height":255,"url":"https:\/\/lottemaa.ee\/wp-content\/uploads\/2016\/04\/lottemaa-teemapargi-k\u00fclastuse-reeglid.jpg","type":"image\/jpeg"}],"twitter_card":"summary_large_image","twitter_misc":{"Arvioitu lukuaika":"3 minuuttia"},"schema":{"@context":"https:\/\/schema.org","@graph":[{"@type":"WebPage","@id":"https:\/\/lottemaa.ee\/fi\/paiva-lottemaassa\/teemapuiston-jarjestyssaannot\/","url":"https:\/\/lottemaa.ee\/fi\/paiva-lottemaassa\/teemapuiston-jarjestyssaannot\/","name":"Teemapuiston j\u00e4rjestyss\u00e4\u00e4nn\u00f6t | Lottemaa Teemapark","isPartOf":{"@id":"https:\/\/lottemaa.ee\/#website"},"primaryImageOfPage":{"@id":"https:\/\/lottemaa.ee\/fi\/paiva-lottemaassa\/teemapuiston-jarjestyssaannot\/#primaryimage"},"image":{"@id":"https:\/\/lottemaa.ee\/fi\/paiva-lottemaassa\/teemapuiston-jarjestyssaannot\/#primaryimage"},"thumbnailUrl":"https:\/\/lottemaa.ee\/wp-content\/uploads\/2016\/04\/lottemaa-teemapargi-k\u00fclastuse-reeglid.jpg","datePublished":"2016-05-16T16:33:57+00:00","dateModified":"2026-01-25T11:55:36+00:00","breadcrumb":{"@id":"https:\/\/lottemaa.ee\/fi\/paiva-lottemaassa\/teemapuiston-jarjestyssaannot\/#breadcrumb"},"inLanguage":"fi","potentialAction":[{"@type":"ReadAction","target":["https:\/\/lottemaa.ee\/fi\/paiva-lottemaassa\/teemapuiston-jarjestyssaannot\/"]}]},{"@type":"ImageObject","inLanguage":"fi","@id":"https:\/\/lottemaa.ee\/fi\/paiva-lottemaassa\/teemapuiston-jarjestyssaannot\/#primaryimage","url":"https:\/\/lottemaa.ee\/wp-content\/uploads\/2016\/04\/lottemaa-teemapargi-k\u00fclastuse-reeglid.jpg","contentUrl":"https:\/\/lottemaa.ee\/wp-content\/uploads\/2016\/04\/lottemaa-teemapargi-k\u00fclastuse-reeglid.jpg","width":287,"height":255},{"@type":"BreadcrumbList","@id":"https:\/\/lottemaa.ee\/fi\/paiva-lottemaassa\/teemapuiston-jarjestyssaannot\/#breadcrumb","itemListElement":[{"@type":"ListItem","position":1,"name":"Home","item":"https:\/\/lottemaa.ee\/fi\/"},{"@type":"ListItem","position":2,"name":"P\u00e4iv\u00e4 Lottemaassa","item":"https:\/\/lottemaa.ee\/fi\/paiva-lottemaassa\/"},{"@type":"ListItem","position":3,"name":"Teemapuiston j\u00e4rjestyss\u00e4\u00e4nn\u00f6t"}]},{"@type":"WebSite","@id":"https:\/\/lottemaa.ee\/#website","url":"https:\/\/lottemaa.ee\/","name":"Lottemaa Teemapark","description":"Baltimaade suurim ja k\u00f5ige \u00e4gedam kogupere teemapark Eestis P\u00e4rnumaal","publisher":{"@id":"https:\/\/lottemaa.ee\/#organization"},"potentialAction":[{"@type":"SearchAction","target":{"@type":"EntryPoint","urlTemplate":"https:\/\/lottemaa.ee\/?s={search_term_string}"},"query-input":{"@type":"PropertyValueSpecification","valueRequired":true,"valueName":"search_term_string"}}],"inLanguage":"fi"},{"@type":"Organization","@id":"https:\/\/lottemaa.ee\/#organization","name":"Lottemaa Teemapark","url":"https:\/\/lottemaa.ee\/","logo":{"@type":"ImageObject","inLanguage":"fi","@id":"https:\/\/lottemaa.ee\/#\/schema\/logo\/image\/","url":"https:\/\/lottemaa.ee\/wp-content\/uploads\/2018\/12\/Lottemaa_LOGO.png","contentUrl":"https:\/\/lottemaa.ee\/wp-content\/uploads\/2018\/12\/Lottemaa_LOGO.png","width":1024,"height":518,"caption":"Lottemaa Teemapark"},"image":{"@id":"https:\/\/lottemaa.ee\/#\/schema\/logo\/image\/"}}]}},"_links":{"self":[{"href":"https:\/\/lottemaa.ee\/fi\/wp-json\/wp\/v2\/pages\/1185","targetHints":{"allow":["GET"]}}],"collection":[{"href":"https:\/\/lottemaa.ee\/fi\/wp-json\/wp\/v2\/pages"}],"about":[{"href":"https:\/\/lottemaa.ee\/fi\/wp-json\/wp\/v2\/types\/page"}],"author":[{"embeddable":true,"href":"https:\/\/lottemaa.ee\/fi\/wp-json\/wp\/v2\/users\/1"}],"replies":[{"embeddable":true,"href":"https:\/\/lottemaa.ee\/fi\/wp-json\/wp\/v2\/comments?post=1185"}],"version-history":[{"count":5,"href":"https:\/\/lottemaa.ee\/fi\/wp-json\/wp\/v2\/pages\/1185\/revisions"}],"predecessor-version":[{"id":32812,"href":"https:\/\/lottemaa.ee\/fi\/wp-json\/wp\/v2\/pages\/1185\/revisions\/32812"}],"up":[{"embeddable":true,"href":"https:\/\/lottemaa.ee\/fi\/wp-json\/wp\/v2\/pages\/589"}],"wp:featuredmedia":[{"embeddable":true,"href":"https:\/\/lottemaa.ee\/fi\/wp-json\/wp\/v2\/media\/248"}],"wp:attachment":[{"href":"https:\/\/lottemaa.ee\/fi\/wp-json\/wp\/v2\/media?parent=1185"}],"curies":[{"name":"wp","href":"https:\/\/api.w.org\/{rel}","templated":true}]}}