{"id":1183,"date":"2016-05-16T19:31:06","date_gmt":"2016-05-16T16:31:06","guid":{"rendered":"http:\/\/sharks.ee\/lottemaa\/fi\/?page_id=1183"},"modified":"2023-04-18T13:00:05","modified_gmt":"2023-04-18T10:00:05","slug":"majoitus","status":"publish","type":"page","link":"https:\/\/lottemaa.ee\/fi\/paiva-lottemaassa\/majoitus\/","title":{"rendered":"Majoitus"},"content":{"rendered":"<p style=\"text-align: left;\">Jos haluat Lottemaan vierailun aikana viett\u00e4\u00e4 P\u00e4rnun l\u00e4hell\u00e4 useamman p\u00e4iv\u00e4n, voit varata majoituspaikan meid\u00e4n hyvin liikekumppaneiden luota. Suosittelemme seuraavia hotelleja, jotka kaudesta riippuen tarjoavat Lottemaan vieraille majoitusta erilaisilla hintaeduilla:<\/p>\n<p><strong>Strand Spa &amp; Confernce Hotel<br \/>\n<\/strong><a href=\"https:\/\/www.hestiahotels.com\/strand\/en\/lotte-game-studio\/\" target=\"_blank\" rel=\"noopener noreferrer\">www.strand.ee<\/a><\/p>\n<p><strong>Wasa Hotel<\/strong><br \/>\n<a href=\"https:\/\/wasahotels.ee\">www.<\/a><a href=\"https:\/\/wasahotels.ee\/en\/\">wasahotels.ee<\/a><\/p>\n<p><strong>Rannahotell Hotel &amp; Restaurant<br \/>\n<\/strong><a href=\"https:\/\/www.rannahotell.ee\/fi\/\" target=\"_blank\" rel=\"noopener noreferrer\">www.rannahotell.ee<\/a><\/p>\n<p><strong>Villa Wesset<br \/>\n<\/strong><a href=\"https:\/\/wesset.ee\/fi\/\" target=\"_blank\" rel=\"noopener noreferrer\">www.wesset.ee<\/a><\/p>\n<p><strong>Kurgo Villa Hotel &amp; Restaurant<\/strong><br \/>\n<a href=\"https:\/\/kurgovilla.ee\/paketid\/lottemaa-suveseikluse-pakett\/\" target=\"_blank\" rel=\"noopener noreferrer\">www.kurgovilla.ee<\/a><\/p>\n<p><strong>Tervise Paradiis Spa Hotel &amp; Water park<br \/>\n<\/strong><a href=\"http:\/\/www.terviseparadiis.ee\/fi\" target=\"_blank\" rel=\"noopener noreferrer\">www.terviseparadiis.ee<\/a><\/p>\n<p><strong>ESTONIA Resort Hotel &amp; Spa<br \/>\n<\/strong><a href=\"https:\/\/www.spaestonia.ee\/resort\/fi\/\" target=\"_blank\" rel=\"noopener noreferrer\">www.spaestonia.ee<\/a><\/p>\n<p><strong>P\u00e4rnu Hotel<\/strong><br \/>\n<a href=\"https:\/\/www.hotelparnu.com\/fi\/\" target=\"_blank\" rel=\"noopener noreferrer\">www.hotelparnu.com<\/a><\/p>\n<p><strong>Ammende Villa<\/strong><br \/>\n<a href=\"https:\/\/ammende.ee\/en\/offers\/2-night-family-package\/\" target=\"_blank\" rel=\"noopener noreferrer\">www.ammende.ee<\/a><\/p>\n<p><strong>Hotel Tammsaare<\/strong><br \/>\n<a href=\"https:\/\/hotelltammsaare.ee\/?lang=fi\" target=\"_blank\" rel=\"noopener noreferrer\">www.hotelltammsaare.ee<\/a><\/p>\n","protected":false},"excerpt":{"rendered":"<p>Jos haluat Lottemaan vierailun aikana viett\u00e4\u00e4 P\u00e4rnun l\u00e4hell\u00e4 useamman p\u00e4iv\u00e4n, voit varata majoituspaikan meid\u00e4n hyvin liikekumppaneiden luota. Suosittelemme seuraavia hotelleja, jotka kaudesta riippuen tarjoavat Lottemaan vieraille majoitusta erilaisilla hintaeduilla: Strand Spa &amp; Confernce Hotel www.strand.ee Wasa Hotel www.wasahotels.ee Rannahotell Hotel &amp; Restaurant www.rannahotell.ee Villa Wesset www.wesset.ee Kurgo Villa Hotel &amp; Restaurant www.kurgovilla.ee Tervise Paradiis Spa &hellip; <a href=\"https:\/\/lottemaa.ee\/fi\/paiva-lottemaassa\/majoitus\/\">Continued<\/a><\/p>\n","protected":false},"author":1,"featured_media":145,"parent":589,"menu_order":746,"comment_status":"closed","ping_status":"closed","template":"","meta":{"_acf_changed":false,"om_disable_all_campaigns":false,"_uf_show_specific_survey":0,"_uf_disable_surveys":false,"footnotes":""},"class_list":["post-1183","page","type-page","status-publish","has-post-thumbnail","hentry"],"acf":[],"yoast_head":"<!-- This site is optimized with the Yoast SEO plugin v25.5 - https:\/\/yoast.com\/wordpress\/plugins\/seo\/ -->\n<title>P\u00e4rnumaan majoitus \u2013 Lottemaan teemapuisto<\/title>\n<meta name=\"description\" content=\"Lottemaassa riitt\u00e4\u00e4 tekemist\u00e4 useiksi p\u00e4iviksi. L\u00f6yd\u00e4 mukava y\u00f6pymispaikka P\u00e4rnusta yhteisty\u00f6kumppaneidemme luota.\" \/>\n<meta name=\"robots\" content=\"index, follow, max-snippet:-1, max-image-preview:large, max-video-preview:-1\" \/>\n<link rel=\"canonical\" href=\"https:\/\/lottemaa.ee\/fi\/paiva-lottemaassa\/majoitus\/\" \/>\n<meta property=\"og:locale\" content=\"fi_FI\" \/>\n<meta property=\"og:type\" content=\"article\" \/>\n<meta property=\"og:title\" content=\"P\u00e4rnumaan majoitus \u2013 Lottemaan teemapuisto\" \/>\n<meta property=\"og:description\" content=\"Lottemaassa riitt\u00e4\u00e4 tekemist\u00e4 useiksi p\u00e4iviksi. L\u00f6yd\u00e4 mukava y\u00f6pymispaikka P\u00e4rnusta yhteisty\u00f6kumppaneidemme luota.\" \/>\n<meta property=\"og:url\" content=\"https:\/\/lottemaa.ee\/fi\/paiva-lottemaassa\/majoitus\/\" \/>\n<meta property=\"og:site_name\" content=\"Lottemaa Teemapark\" \/>\n<meta property=\"article:modified_time\" content=\"2023-04-18T10:00:05+00:00\" \/>\n<meta name=\"twitter:card\" content=\"summary_large_image\" \/>\n<meta name=\"twitter:label1\" content=\"Arvioitu lukuaika\" \/>\n\t<meta name=\"twitter:data1\" content=\"1 minuutti\" \/>\n<script type=\"application\/ld+json\" class=\"yoast-schema-graph\">{\"@context\":\"https:\/\/schema.org\",\"@graph\":[{\"@type\":\"WebPage\",\"@id\":\"https:\/\/lottemaa.ee\/fi\/paiva-lottemaassa\/majoitus\/\",\"url\":\"https:\/\/lottemaa.ee\/fi\/paiva-lottemaassa\/majoitus\/\",\"name\":\"P\u00e4rnumaan majoitus \u2013 Lottemaan teemapuisto\",\"isPartOf\":{\"@id\":\"https:\/\/lottemaa.ee\/#website\"},\"primaryImageOfPage\":{\"@id\":\"https:\/\/lottemaa.ee\/fi\/paiva-lottemaassa\/majoitus\/#primaryimage\"},\"image\":{\"@id\":\"https:\/\/lottemaa.ee\/fi\/paiva-lottemaassa\/majoitus\/#primaryimage\"},\"thumbnailUrl\":\"https:\/\/lottemaa.ee\/wp-content\/uploads\/2016\/04\/lottemaa-majutus.jpg\",\"datePublished\":\"2016-05-16T16:31:06+00:00\",\"dateModified\":\"2023-04-18T10:00:05+00:00\",\"description\":\"Lottemaassa riitt\u00e4\u00e4 tekemist\u00e4 useiksi p\u00e4iviksi. L\u00f6yd\u00e4 mukava y\u00f6pymispaikka P\u00e4rnusta yhteisty\u00f6kumppaneidemme luota.\",\"breadcrumb\":{\"@id\":\"https:\/\/lottemaa.ee\/fi\/paiva-lottemaassa\/majoitus\/#breadcrumb\"},\"inLanguage\":\"fi\",\"potentialAction\":[{\"@type\":\"ReadAction\",\"target\":[\"https:\/\/lottemaa.ee\/fi\/paiva-lottemaassa\/majoitus\/\"]}]},{\"@type\":\"ImageObject\",\"inLanguage\":\"fi\",\"@id\":\"https:\/\/lottemaa.ee\/fi\/paiva-lottemaassa\/majoitus\/#primaryimage\",\"url\":\"https:\/\/lottemaa.ee\/wp-content\/uploads\/2016\/04\/lottemaa-majutus.jpg\",\"contentUrl\":\"https:\/\/lottemaa.ee\/wp-content\/uploads\/2016\/04\/lottemaa-majutus.jpg\",\"width\":288,\"height\":251},{\"@type\":\"BreadcrumbList\",\"@id\":\"https:\/\/lottemaa.ee\/fi\/paiva-lottemaassa\/majoitus\/#breadcrumb\",\"itemListElement\":[{\"@type\":\"ListItem\",\"position\":1,\"name\":\"Home\",\"item\":\"https:\/\/lottemaa.ee\/fi\/\"},{\"@type\":\"ListItem\",\"position\":2,\"name\":\"P\u00e4iv\u00e4 Lottemaassa\",\"item\":\"https:\/\/lottemaa.ee\/fi\/paiva-lottemaassa\/\"},{\"@type\":\"ListItem\",\"position\":3,\"name\":\"Majoitus\"}]},{\"@type\":\"WebSite\",\"@id\":\"https:\/\/lottemaa.ee\/#website\",\"url\":\"https:\/\/lottemaa.ee\/\",\"name\":\"Lottemaa Teemapark\",\"description\":\"Baltimaade suurim ja k\u00f5ige \u00e4gedam kogupere teemapark Eestis P\u00e4rnumaal\",\"publisher\":{\"@id\":\"https:\/\/lottemaa.ee\/#organization\"},\"potentialAction\":[{\"@type\":\"SearchAction\",\"target\":{\"@type\":\"EntryPoint\",\"urlTemplate\":\"https:\/\/lottemaa.ee\/?s={search_term_string}\"},\"query-input\":{\"@type\":\"PropertyValueSpecification\",\"valueRequired\":true,\"valueName\":\"search_term_string\"}}],\"inLanguage\":\"fi\"},{\"@type\":\"Organization\",\"@id\":\"https:\/\/lottemaa.ee\/#organization\",\"name\":\"Lottemaa Teemapark\",\"url\":\"https:\/\/lottemaa.ee\/\",\"logo\":{\"@type\":\"ImageObject\",\"inLanguage\":\"fi\",\"@id\":\"https:\/\/lottemaa.ee\/#\/schema\/logo\/image\/\",\"url\":\"https:\/\/lottemaa.ee\/wp-content\/uploads\/2018\/12\/Lottemaa_LOGO.png\",\"contentUrl\":\"https:\/\/lottemaa.ee\/wp-content\/uploads\/2018\/12\/Lottemaa_LOGO.png\",\"width\":1024,\"height\":518,\"caption\":\"Lottemaa Teemapark\"},\"image\":{\"@id\":\"https:\/\/lottemaa.ee\/#\/schema\/logo\/image\/\"}}]}<\/script>\n<!-- \/ Yoast SEO plugin. -->","yoast_head_json":{"title":"P\u00e4rnumaan majoitus \u2013 Lottemaan teemapuisto","description":"Lottemaassa riitt\u00e4\u00e4 tekemist\u00e4 useiksi p\u00e4iviksi. L\u00f6yd\u00e4 mukava y\u00f6pymispaikka P\u00e4rnusta yhteisty\u00f6kumppaneidemme luota.","robots":{"index":"index","follow":"follow","max-snippet":"max-snippet:-1","max-image-preview":"max-image-preview:large","max-video-preview":"max-video-preview:-1"},"canonical":"https:\/\/lottemaa.ee\/fi\/paiva-lottemaassa\/majoitus\/","og_locale":"fi_FI","og_type":"article","og_title":"P\u00e4rnumaan majoitus \u2013 Lottemaan teemapuisto","og_description":"Lottemaassa riitt\u00e4\u00e4 tekemist\u00e4 useiksi p\u00e4iviksi. L\u00f6yd\u00e4 mukava y\u00f6pymispaikka P\u00e4rnusta yhteisty\u00f6kumppaneidemme luota.","og_url":"https:\/\/lottemaa.ee\/fi\/paiva-lottemaassa\/majoitus\/","og_site_name":"Lottemaa Teemapark","article_modified_time":"2023-04-18T10:00:05+00:00","twitter_card":"summary_large_image","twitter_misc":{"Arvioitu lukuaika":"1 minuutti"},"schema":{"@context":"https:\/\/schema.org","@graph":[{"@type":"WebPage","@id":"https:\/\/lottemaa.ee\/fi\/paiva-lottemaassa\/majoitus\/","url":"https:\/\/lottemaa.ee\/fi\/paiva-lottemaassa\/majoitus\/","name":"P\u00e4rnumaan majoitus \u2013 Lottemaan teemapuisto","isPartOf":{"@id":"https:\/\/lottemaa.ee\/#website"},"primaryImageOfPage":{"@id":"https:\/\/lottemaa.ee\/fi\/paiva-lottemaassa\/majoitus\/#primaryimage"},"image":{"@id":"https:\/\/lottemaa.ee\/fi\/paiva-lottemaassa\/majoitus\/#primaryimage"},"thumbnailUrl":"https:\/\/lottemaa.ee\/wp-content\/uploads\/2016\/04\/lottemaa-majutus.jpg","datePublished":"2016-05-16T16:31:06+00:00","dateModified":"2023-04-18T10:00:05+00:00","description":"Lottemaassa riitt\u00e4\u00e4 tekemist\u00e4 useiksi p\u00e4iviksi. L\u00f6yd\u00e4 mukava y\u00f6pymispaikka P\u00e4rnusta yhteisty\u00f6kumppaneidemme luota.","breadcrumb":{"@id":"https:\/\/lottemaa.ee\/fi\/paiva-lottemaassa\/majoitus\/#breadcrumb"},"inLanguage":"fi","potentialAction":[{"@type":"ReadAction","target":["https:\/\/lottemaa.ee\/fi\/paiva-lottemaassa\/majoitus\/"]}]},{"@type":"ImageObject","inLanguage":"fi","@id":"https:\/\/lottemaa.ee\/fi\/paiva-lottemaassa\/majoitus\/#primaryimage","url":"https:\/\/lottemaa.ee\/wp-content\/uploads\/2016\/04\/lottemaa-majutus.jpg","contentUrl":"https:\/\/lottemaa.ee\/wp-content\/uploads\/2016\/04\/lottemaa-majutus.jpg","width":288,"height":251},{"@type":"BreadcrumbList","@id":"https:\/\/lottemaa.ee\/fi\/paiva-lottemaassa\/majoitus\/#breadcrumb","itemListElement":[{"@type":"ListItem","position":1,"name":"Home","item":"https:\/\/lottemaa.ee\/fi\/"},{"@type":"ListItem","position":2,"name":"P\u00e4iv\u00e4 Lottemaassa","item":"https:\/\/lottemaa.ee\/fi\/paiva-lottemaassa\/"},{"@type":"ListItem","position":3,"name":"Majoitus"}]},{"@type":"WebSite","@id":"https:\/\/lottemaa.ee\/#website","url":"https:\/\/lottemaa.ee\/","name":"Lottemaa Teemapark","description":"Baltimaade suurim ja k\u00f5ige \u00e4gedam kogupere teemapark Eestis P\u00e4rnumaal","publisher":{"@id":"https:\/\/lottemaa.ee\/#organization"},"potentialAction":[{"@type":"SearchAction","target":{"@type":"EntryPoint","urlTemplate":"https:\/\/lottemaa.ee\/?s={search_term_string}"},"query-input":{"@type":"PropertyValueSpecification","valueRequired":true,"valueName":"search_term_string"}}],"inLanguage":"fi"},{"@type":"Organization","@id":"https:\/\/lottemaa.ee\/#organization","name":"Lottemaa Teemapark","url":"https:\/\/lottemaa.ee\/","logo":{"@type":"ImageObject","inLanguage":"fi","@id":"https:\/\/lottemaa.ee\/#\/schema\/logo\/image\/","url":"https:\/\/lottemaa.ee\/wp-content\/uploads\/2018\/12\/Lottemaa_LOGO.png","contentUrl":"https:\/\/lottemaa.ee\/wp-content\/uploads\/2018\/12\/Lottemaa_LOGO.png","width":1024,"height":518,"caption":"Lottemaa Teemapark"},"image":{"@id":"https:\/\/lottemaa.ee\/#\/schema\/logo\/image\/"}}]}},"_links":{"self":[{"href":"https:\/\/lottemaa.ee\/fi\/wp-json\/wp\/v2\/pages\/1183","targetHints":{"allow":["GET"]}}],"collection":[{"href":"https:\/\/lottemaa.ee\/fi\/wp-json\/wp\/v2\/pages"}],"about":[{"href":"https:\/\/lottemaa.ee\/fi\/wp-json\/wp\/v2\/types\/page"}],"author":[{"embeddable":true,"href":"https:\/\/lottemaa.ee\/fi\/wp-json\/wp\/v2\/users\/1"}],"replies":[{"embeddable":true,"href":"https:\/\/lottemaa.ee\/fi\/wp-json\/wp\/v2\/comments?post=1183"}],"version-history":[{"count":5,"href":"https:\/\/lottemaa.ee\/fi\/wp-json\/wp\/v2\/pages\/1183\/revisions"}],"predecessor-version":[{"id":21532,"href":"https:\/\/lottemaa.ee\/fi\/wp-json\/wp\/v2\/pages\/1183\/revisions\/21532"}],"up":[{"embeddable":true,"href":"https:\/\/lottemaa.ee\/fi\/wp-json\/wp\/v2\/pages\/589"}],"wp:featuredmedia":[{"embeddable":true,"href":"https:\/\/lottemaa.ee\/fi\/wp-json\/wp\/v2\/media\/145"}],"wp:attachment":[{"href":"https:\/\/lottemaa.ee\/fi\/wp-json\/wp\/v2\/media?parent=1183"}],"curies":[{"name":"wp","href":"https:\/\/api.w.org\/{rel}","templated":true}]}}