{"id":1181,"date":"2016-05-16T19:28:41","date_gmt":"2016-05-16T16:28:41","guid":{"rendered":"http:\/\/sharks.ee\/lottemaa\/fi\/?page_id=1181"},"modified":"2026-01-25T13:51:51","modified_gmt":"2026-01-25T11:51:51","slug":"hyva-tietaa","status":"publish","type":"page","link":"https:\/\/lottemaa.ee\/fi\/paiva-lottemaassa\/hyva-tietaa\/","title":{"rendered":"Hyv\u00e4 tiet\u00e4\u00e4"},"content":{"rendered":"<h3 style=\"text-align: left;\">VIERAILUN SUUNNITTELU<\/h3>\n<p style=\"text-align: left;\">Suosittelemme varaamaan koko p\u00e4iv\u00e4n Lottemaassa k\u00e4yntiin, sill\u00e4 niin voitte osallistua koko kyl\u00e4n el\u00e4m\u00e4\u00e4n, hauskanpitoon, esityksiin, konserttiin, ty\u00f6pajoihin ja el\u00e4myksiin. Ennen tuloa kannattaa ehdottomasti tutustua ohjelmaamme, niin osaatte menn\u00e4 oikeaan paikkaan oikeaan aikaan ja saatte mahdollisimman paljon irti vierailusta.<\/p>\n<h3 style=\"text-align: left;\">LIPPUTIEDOT<\/h3>\n<p style=\"text-align: left;\">Teemapuistossa k\u00e4ynti\u00e4 ei tarvitse varata etuk\u00e4teen. Lippuja saa Lottemaan pys\u00e4k\u00f6intialueella ja sis\u00e4\u00e4nk\u00e4ynneill\u00e4 sijaitsevilta kassoilta. Niit\u00e4 voi ostaa my\u00f6s ennakkoon.<br \/>\nSek\u00e4 paikan p\u00e4\u00e4lt\u00e4 ett\u00e4 ennakkoon ostetut liput k\u00e4yv\u00e4t p\u00e4iv\u00e4lippuina koko kauden ajan.<br \/>\nEnnakkoon ostettuja lippuja ei tarvitse tulostaa. Ne voi n\u00e4ytt\u00e4\u00e4 suoraan \u00e4lylaitteen n\u00e4yt\u00f6lt\u00e4.<br \/>\nHuomio! Lippuja, jotka ovat j\u00e4\u00e4neet k\u00e4ytt\u00e4m\u00e4tt\u00e4 kauden aikana, ei osteta takaisin eik\u00e4 vaihdeta. Vaurioitunut lippu ei kelpaa.<\/p>\n<h3 style=\"text-align: left;\">MAKSAMINEN<\/h3>\n<p style=\"text-align: left;\">Kaikissa Lottemaan myyntipisteiss\u00e4 voi maksaa sek\u00e4 k\u00e4teisell\u00e4 ett\u00e4 pankkikortilla.<\/p>\n<h3 style=\"text-align: left;\">PYS\u00c4K\u00d6INTI<\/h3>\n<p style=\"text-align: left;\">Lottemaan pys\u00e4k\u00f6intialue, joka on tarkoitettu Lottemaassa vieraileville, on avoinna kes\u00e4ll\u00e4 klo<strong> 9.45\u201318.15<\/strong> ja talvella klo<strong> 14.45\u201319.15<\/strong>. Pys\u00e4k\u00f6inti on maksullista.<br \/>\nPys\u00e4k\u00f6intialueella ei ole valvontaa.<br \/>\nLottemaan teemapuiston sis\u00e4\u00e4nk\u00e4ynnin l\u00e4heisyydess\u00e4 oleville pys\u00e4k\u00f6intialueille ei saa pys\u00e4k\u00f6id\u00e4 (paitsi invaluvalla). Paikallisviranomaisilla on oikeus siirt\u00e4\u00e4 v\u00e4\u00e4rin pys\u00e4k\u00f6idyt ajoneuvot.<\/p>\n<h3 style=\"text-align: left;\">JUNAMATKA<\/h3>\n<p style=\"text-align: left;\">Teemapuiston sis\u00e4\u00e4nk\u00e4ynti sijaitsee <strong>800<\/strong> metrin p\u00e4\u00e4ss\u00e4 Lottemaan pys\u00e4k\u00f6intialueelta.<br \/>\nMatkan pys\u00e4k\u00f6intialueelta sis\u00e4\u00e4nk\u00e4ynnille ja takaisin pys\u00e4k\u00f6intialueelle voi taittaa minijunalla, jolla ei ole aikataulua, vaan se l\u00e4htee noin <strong>15 minuutin<\/strong> v\u00e4lein. Kes\u00e4ll\u00e4 ensimm\u00e4inen juna pys\u00e4k\u00f6intialueelta Lottemaahan l\u00e4htee junan t\u00e4yttyess\u00e4, viimeist\u00e4\u00e4n klo <strong>10.00<\/strong>. Viimeinen juna Lottemaasta takaisin pys\u00e4k\u00f6intialueelle l\u00e4htee klo <strong>18.15.<\/strong> Talvella ensimm\u00e4inen juna pys\u00e4k\u00f6intialueelta Lottemaahan l\u00e4htee junan t\u00e4yttyess\u00e4, viimeist\u00e4\u00e4n klo <strong>15.00<\/strong>. Viimeinen juna Lottemaasta takaisin pys\u00e4k\u00f6intialueelle l\u00e4htee klo<strong> 19.15<\/strong>.<br \/>\nJunamatka on maksullinen, ja lippuja saa Lottemaan pys\u00e4k\u00f6intialueen ja sis\u00e4\u00e4nk\u00e4ynnin kassoilta. Niit\u00e4 voi ostaa my\u00f6s ennakkoon.<\/p>\n<h3 style=\"text-align: left;\">TURVALLISUUS<\/h3>\n<p style=\"text-align: left;\">Meille on eritt\u00e4in t\u00e4rke\u00e4\u00e4, ett\u00e4 vierailunne Lottemaahan olisi mukava ja saisitte viett\u00e4\u00e4 iloisen p\u00e4iv\u00e4n. Olemme kiinnitt\u00e4neet paljon huomiota turvallisuuteen. Teemapuiston kohteiden ja tapahtumien j\u00e4rjest\u00e4misess\u00e4 on otettu huomioon voimassa olevat standardit ja turvallisuusm\u00e4\u00e4r\u00e4ykset. Teemapuiston ty\u00f6ntekij\u00e4t tarkkailevat joka p\u00e4iv\u00e4 niiden kuntoa ja turvallisuutta. Teemapuiston jokaisessa talossa on ensiapuv\u00e4lineet. Jos jotain sattuu, k\u00e4\u00e4nny ty\u00f6ntekij\u00e4mme puoleen. Kaikki Lottemaan ty\u00f6ntekij\u00e4t ovat k\u00e4yneet ensiapukoulutuksen.<br \/>\nLapset ovat puistossa vanhempansa tai muun seurassaan olevan aikuisen vastuulla.<br \/>\nTeemapuiston sis\u00e4\u00e4nk\u00e4ynnill\u00e4 on pienille tarkoitettuja tarralappuja, joihin voi kirjoittaa lapsen nimen sek\u00e4 vanhemman tai muun aikuisen seuralaisen puhelinnumeron. Pyyd\u00e4mme kiinnitt\u00e4m\u00e4\u00e4n tarran lapsen vaatteiden p\u00e4\u00e4lle n\u00e4kyv\u00e4\u00e4n paikkaan. Siten meid\u00e4n on helpompi saattaa eksyneet lapset yhteen vanhempiensa kanssa.<br \/>\nRanta-alue on yleisess\u00e4 k\u00e4yt\u00f6ss\u00e4. Uiminen on omalla vastuulla; ranta-alueella ei ole valvontaa eik\u00e4 hengenpelastajaa.<br \/>\nSeikkailupuisto on yleisess\u00e4 k\u00e4yt\u00f6ss\u00e4. Kiipeily seikkailuradalla on sallittu vain aikuisen l\u00e4sn\u00e4 ollessa.<\/p>\n<h3 style=\"text-align: left;\">SY\u00d6MINEN JA JUOMINEN<\/h3>\n<p style=\"text-align: left;\">Lottemaan teemapuistossa on seitsem\u00e4n erilaista ruokailupaikkaa, joista voi ostaa niin tukevampaa kuin kevyemp\u00e4\u00e4kin sy\u00f6t\u00e4v\u00e4\u00e4.<br \/>\nHalutessaan mukaan voi ostaa ev\u00e4skorin ja viett\u00e4\u00e4 Lottemaassa hauskan lounashetken.<br \/>\nLottemaan teemapuiston vesijohtovesi on juomakelpoista, ja meill\u00e4 on vedenottopisteit\u00e4, joiden sijainnit on merkitty teemapuiston karttaan.<\/p>\n<h3 style=\"text-align: left;\">ENSIAPU<\/h3>\n<p style=\"text-align: left;\">Jos tarvitset l\u00e4\u00e4ketieteellist\u00e4 apua, ota rohkeasti yhteytt\u00e4 teemapuiston l\u00e4himp\u00e4\u00e4n ty\u00f6ntekij\u00e4\u00e4n \u2013 my\u00f6s hahmot on koulutettu toimimaan erilaisten tilanteiden vaatimalla tavalla.<br \/>\nLottemaan jokaisessa talossa on ensiapuv\u00e4lineet. Lis\u00e4ksi Possujen talossa on erillinen huone ensiapua varten.<\/p>\n<h3 style=\"text-align: left;\">LEMMIKKIEL\u00c4IMET<\/h3>\n<p style=\"text-align: left;\">Lottemaassa k\u00e4y joka p\u00e4iv\u00e4 paljon ihmisi\u00e4, jotka suhtautuvat lemmikkiel\u00e4imiin eri tavoin. Siksi toivomme ymm\u00e4rryst\u00e4 ja pyyd\u00e4mme j\u00e4tt\u00e4m\u00e4\u00e4n lemmikkiel\u00e4imet kotiin. Lottemaahan ei saa tuoda edes pieni\u00e4 ja hyvin k\u00e4ytt\u00e4ytyvi\u00e4 lemmikkej\u00e4.<br \/>\nVESSAT<br \/>\nTeemapuiston kaikissa suuremmissa taloissa on vessat.<br \/>\nKaikissa invavessoissa on vaipanvaihtoalustat ja suuremmat pesualtaat. Invavessat l\u00f6ytyv\u00e4t asemarakennuksesta, Loten talosta, J\u00e4nisten talosta ja Giovannin teatterin katsomon alta.<\/p>\n<h3 style=\"text-align: left;\">S\u00c4\u00c4OLOSUHTEET<\/h3>\n<p style=\"text-align: left;\">Lottemaa on avoinna joka s\u00e4\u00e4ll\u00e4. \u00c4\u00e4rimm\u00e4isten s\u00e4\u00e4olosuhteiden sattuessa pid\u00e4t\u00e4mme kuitenkin oikeuden puiston sulkemiseen. Tiedotamme asiasta Lottemaan sosiaalisen median kanavilla ja kotisivuilla.<br \/>\nRankkasateella tai sakealla lumipyryll\u00e4 Lottemaan teemapuiston esitykset pidet\u00e4\u00e4n sis\u00e4ll\u00e4 taloissa. Talvikaudella ranta sek\u00e4 jotkin kohteet ja osa kaupoista ja elintarvikekioskit on suljettu.<br \/>\nSades\u00e4\u00e4ll\u00e4 Lottemaan pys\u00e4k\u00f6intialueen kassalta ja Arturin puodista voi ostaa sadetakkeja.<\/p>\n<h3 style=\"text-align: left;\">PIKKULASTEN VANHEMMILLE<\/h3>\n<p style=\"text-align: left;\">Lottemaahan ovat tervetulleita kaikki perheenj\u00e4senet, my\u00f6s kaikkein pienimm\u00e4t. Lottemaassa on helppo kulkea lastenvaunuilla. Sateen sattuessa lastenvaunut voi j\u00e4tt\u00e4\u00e4 erillisiin katoksiin.<br \/>\nHUOM! Pyyd\u00e4mme, ettei lastenvaunuja tuoda sis\u00e4lle taloihin.<br \/>\nLottemaassa on pikkulasten hoitamiseen tarkoitettu Possujen talo, joka sijaitsee Markkinapaikan l\u00e4hell\u00e4. Siell\u00e4 voi l\u00e4mmitt\u00e4\u00e4 pikkulapsille ruokaa, imett\u00e4\u00e4 ja vaihtaa vaippoja. Pienimm\u00e4t lapset voivat nukkua pehmeill\u00e4 tyynyill\u00e4 tai leikki\u00e4 leikkihuoneessa.<br \/>\nKaikissa invavessoissa on vaipanvaihtoalustat ja suuremmat pesualtaat, joissa lapsia on helppo pest\u00e4. Invavessat l\u00f6ytyv\u00e4t asemarakennuksesta, Loten talosta, J\u00e4nisten talosta ja Giovannin teatterin katsomon alta.<\/p>\n<h3 style=\"text-align: left;\">L\u00d6YT\u00d6TAVARAT<\/h3>\n<p style=\"text-align: left;\">Tietoa l\u00f6yt\u00f6tavaroista saa Lottemaan ty\u00f6ntekij\u00f6ilt\u00e4 tai s\u00e4hk\u00f6postiosoitteesta <strong>info@lottemaa.ee<\/strong>.<br \/>\nL\u00f6yt\u00f6tavaroita s\u00e4ilyt\u00e4mme kuukauden. Jos l\u00f6yd\u00e4tte Lottemaassa muiden kadonneita tavaroita, pyyd\u00e4mme antamaan ne teemapuiston ty\u00f6ntekij\u00e4lle.<\/p>\n<h3 style=\"text-align: left;\">VIERAILIJAT, JOILLA ON ERITYISTARPEITA<\/h3>\n<p style=\"text-align: left;\">Lottemaassa on paljon toimintaa ja kohteita, joihin on helppo p\u00e4\u00e4st\u00e4 my\u00f6s niiden vierailijoiden, joilla on erityistarpeita. Lottemaassa paljon tapahtuu ulkona, ja moniin taloihin p\u00e4\u00e4see py\u00f6r\u00e4tuolilla tai muulla liikkumisen apuv\u00e4lineell\u00e4. Pyrimme jatkuvasti siihen, ett\u00e4 vierailunne olisi entist\u00e4kin mukavampi.<br \/>\nVaikeavammainen vierailija voi ottaa mukaansa avustajan maksutta.<br \/>\nLottemaan pys\u00e4k\u00f6intialueella invapys\u00e4k\u00f6intipaikat sijaitsevat aivan junapys\u00e4kin v\u00e4litt\u00f6m\u00e4ss\u00e4 l\u00e4heisyydess\u00e4. Veturinkuljettaja auttaa mielell\u00e4\u00e4n junaan, ja junaan mahtuvat my\u00f6s py\u00f6r\u00e4tuoli ja muut apuv\u00e4lineet.<br \/>\nLottemaan sis\u00e4\u00e4nk\u00e4ynnin l\u00e4heisyydess\u00e4 on 5 invapys\u00e4k\u00f6intipaikkaa. Jos ne ovat kaikki varattuja, auto on pys\u00e4k\u00f6it\u00e4v\u00e4 suurelle pys\u00e4k\u00f6intialueelle.<br \/>\nLottemaan tiet mahdollistavat mukavan liikkumisen py\u00f6r\u00e4tuolilla, ja useimpiin taloihin p\u00e4\u00e4see sis\u00e4\u00e4n itsen\u00e4isesti py\u00f6r\u00e4tuolilla. Mik\u00e4li se ei ole mahdollista, Lottemaan ty\u00f6ntekij\u00e4t auttavat.<br \/>\nLoten talossa on invahissi, jolla voi liikkua Loten talon ylemmiss\u00e4 kerroksissa ja tornissa.<br \/>\nGiovannin teatterissa ensimm\u00e4isen istuinrivin penkkien eteen on varattu paikat py\u00f6r\u00e4tuoleille.<br \/>\nTeemapuistossa on yhteens\u00e4 4 invavessaa: asemarakennuksessa, Loten talossa, J\u00e4nisten talossa ja Giovannin teatterin katsomon alla.<\/p>\n","protected":false},"excerpt":{"rendered":"<p>VIERAILUN SUUNNITTELU Suosittelemme varaamaan koko p\u00e4iv\u00e4n Lottemaassa k\u00e4yntiin, sill\u00e4 niin voitte osallistua koko kyl\u00e4n el\u00e4m\u00e4\u00e4n, hauskanpitoon, esityksiin, konserttiin, ty\u00f6pajoihin ja el\u00e4myksiin. Ennen tuloa kannattaa ehdottomasti tutustua ohjelmaamme, niin osaatte menn\u00e4 oikeaan paikkaan oikeaan aikaan ja saatte mahdollisimman paljon irti vierailusta. LIPPUTIEDOT Teemapuistossa k\u00e4ynti\u00e4 ei tarvitse varata etuk\u00e4teen. Lippuja saa Lottemaan pys\u00e4k\u00f6intialueella ja sis\u00e4\u00e4nk\u00e4ynneill\u00e4 sijaitsevilta kassoilta. &hellip; <a href=\"https:\/\/lottemaa.ee\/fi\/paiva-lottemaassa\/hyva-tietaa\/\">Continued<\/a><\/p>\n","protected":false},"author":1,"featured_media":139,"parent":589,"menu_order":373,"comment_status":"closed","ping_status":"closed","template":"","meta":{"_acf_changed":false,"om_disable_all_campaigns":false,"_uf_show_specific_survey":0,"_uf_disable_surveys":false,"footnotes":""},"class_list":["post-1181","page","type-page","status-publish","has-post-thumbnail","hentry"],"acf":[],"yoast_head":"<!-- This site is optimized with the Yoast SEO plugin v25.5 - https:\/\/yoast.com\/wordpress\/plugins\/seo\/ -->\n<title>Hyv\u00e4 tiet\u00e4\u00e4 | Lottemaa Teemapark<\/title>\n<meta name=\"robots\" content=\"index, follow, max-snippet:-1, max-image-preview:large, max-video-preview:-1\" \/>\n<link rel=\"canonical\" href=\"https:\/\/lottemaa.ee\/fi\/paiva-lottemaassa\/hyva-tietaa\/\" \/>\n<meta property=\"og:locale\" content=\"fi_FI\" \/>\n<meta property=\"og:type\" content=\"article\" \/>\n<meta property=\"og:title\" content=\"Hyv\u00e4 tiet\u00e4\u00e4 | Lottemaa Teemapark\" \/>\n<meta property=\"og:description\" content=\"VIERAILUN SUUNNITTELU Suosittelemme varaamaan koko p\u00e4iv\u00e4n Lottemaassa k\u00e4yntiin, sill\u00e4 niin voitte osallistua koko kyl\u00e4n el\u00e4m\u00e4\u00e4n, hauskanpitoon, esityksiin, konserttiin, ty\u00f6pajoihin ja el\u00e4myksiin. Ennen tuloa kannattaa ehdottomasti tutustua ohjelmaamme, niin osaatte menn\u00e4 oikeaan paikkaan oikeaan aikaan ja saatte mahdollisimman paljon irti vierailusta. LIPPUTIEDOT Teemapuistossa k\u00e4ynti\u00e4 ei tarvitse varata etuk\u00e4teen. Lippuja saa Lottemaan pys\u00e4k\u00f6intialueella ja sis\u00e4\u00e4nk\u00e4ynneill\u00e4 sijaitsevilta kassoilta. &hellip; Continued\" \/>\n<meta property=\"og:url\" content=\"https:\/\/lottemaa.ee\/fi\/paiva-lottemaassa\/hyva-tietaa\/\" \/>\n<meta property=\"og:site_name\" content=\"Lottemaa Teemapark\" \/>\n<meta property=\"article:modified_time\" content=\"2026-01-25T11:51:51+00:00\" \/>\n<meta property=\"og:image\" content=\"https:\/\/lottemaa.ee\/wp-content\/uploads\/2016\/04\/lottemaa-hea-teada.jpg\" \/>\n\t<meta property=\"og:image:width\" content=\"285\" \/>\n\t<meta property=\"og:image:height\" content=\"249\" \/>\n\t<meta property=\"og:image:type\" content=\"image\/jpeg\" \/>\n<meta name=\"twitter:card\" content=\"summary_large_image\" \/>\n<meta name=\"twitter:label1\" content=\"Arvioitu lukuaika\" \/>\n\t<meta name=\"twitter:data1\" content=\"5 minuuttia\" \/>\n<script type=\"application\/ld+json\" class=\"yoast-schema-graph\">{\"@context\":\"https:\/\/schema.org\",\"@graph\":[{\"@type\":\"WebPage\",\"@id\":\"https:\/\/lottemaa.ee\/fi\/paiva-lottemaassa\/hyva-tietaa\/\",\"url\":\"https:\/\/lottemaa.ee\/fi\/paiva-lottemaassa\/hyva-tietaa\/\",\"name\":\"Hyv\u00e4 tiet\u00e4\u00e4 | Lottemaa Teemapark\",\"isPartOf\":{\"@id\":\"https:\/\/lottemaa.ee\/#website\"},\"primaryImageOfPage\":{\"@id\":\"https:\/\/lottemaa.ee\/fi\/paiva-lottemaassa\/hyva-tietaa\/#primaryimage\"},\"image\":{\"@id\":\"https:\/\/lottemaa.ee\/fi\/paiva-lottemaassa\/hyva-tietaa\/#primaryimage\"},\"thumbnailUrl\":\"https:\/\/lottemaa.ee\/wp-content\/uploads\/2016\/04\/lottemaa-hea-teada.jpg\",\"datePublished\":\"2016-05-16T16:28:41+00:00\",\"dateModified\":\"2026-01-25T11:51:51+00:00\",\"breadcrumb\":{\"@id\":\"https:\/\/lottemaa.ee\/fi\/paiva-lottemaassa\/hyva-tietaa\/#breadcrumb\"},\"inLanguage\":\"fi\",\"potentialAction\":[{\"@type\":\"ReadAction\",\"target\":[\"https:\/\/lottemaa.ee\/fi\/paiva-lottemaassa\/hyva-tietaa\/\"]}]},{\"@type\":\"ImageObject\",\"inLanguage\":\"fi\",\"@id\":\"https:\/\/lottemaa.ee\/fi\/paiva-lottemaassa\/hyva-tietaa\/#primaryimage\",\"url\":\"https:\/\/lottemaa.ee\/wp-content\/uploads\/2016\/04\/lottemaa-hea-teada.jpg\",\"contentUrl\":\"https:\/\/lottemaa.ee\/wp-content\/uploads\/2016\/04\/lottemaa-hea-teada.jpg\",\"width\":285,\"height\":249},{\"@type\":\"BreadcrumbList\",\"@id\":\"https:\/\/lottemaa.ee\/fi\/paiva-lottemaassa\/hyva-tietaa\/#breadcrumb\",\"itemListElement\":[{\"@type\":\"ListItem\",\"position\":1,\"name\":\"Home\",\"item\":\"https:\/\/lottemaa.ee\/fi\/\"},{\"@type\":\"ListItem\",\"position\":2,\"name\":\"P\u00e4iv\u00e4 Lottemaassa\",\"item\":\"https:\/\/lottemaa.ee\/fi\/paiva-lottemaassa\/\"},{\"@type\":\"ListItem\",\"position\":3,\"name\":\"Hyv\u00e4 tiet\u00e4\u00e4\"}]},{\"@type\":\"WebSite\",\"@id\":\"https:\/\/lottemaa.ee\/#website\",\"url\":\"https:\/\/lottemaa.ee\/\",\"name\":\"Lottemaa Teemapark\",\"description\":\"Baltimaade suurim ja k\u00f5ige \u00e4gedam kogupere teemapark Eestis P\u00e4rnumaal\",\"publisher\":{\"@id\":\"https:\/\/lottemaa.ee\/#organization\"},\"potentialAction\":[{\"@type\":\"SearchAction\",\"target\":{\"@type\":\"EntryPoint\",\"urlTemplate\":\"https:\/\/lottemaa.ee\/?s={search_term_string}\"},\"query-input\":{\"@type\":\"PropertyValueSpecification\",\"valueRequired\":true,\"valueName\":\"search_term_string\"}}],\"inLanguage\":\"fi\"},{\"@type\":\"Organization\",\"@id\":\"https:\/\/lottemaa.ee\/#organization\",\"name\":\"Lottemaa Teemapark\",\"url\":\"https:\/\/lottemaa.ee\/\",\"logo\":{\"@type\":\"ImageObject\",\"inLanguage\":\"fi\",\"@id\":\"https:\/\/lottemaa.ee\/#\/schema\/logo\/image\/\",\"url\":\"https:\/\/lottemaa.ee\/wp-content\/uploads\/2018\/12\/Lottemaa_LOGO.png\",\"contentUrl\":\"https:\/\/lottemaa.ee\/wp-content\/uploads\/2018\/12\/Lottemaa_LOGO.png\",\"width\":1024,\"height\":518,\"caption\":\"Lottemaa Teemapark\"},\"image\":{\"@id\":\"https:\/\/lottemaa.ee\/#\/schema\/logo\/image\/\"}}]}<\/script>\n<!-- \/ Yoast SEO plugin. -->","yoast_head_json":{"title":"Hyv\u00e4 tiet\u00e4\u00e4 | Lottemaa Teemapark","robots":{"index":"index","follow":"follow","max-snippet":"max-snippet:-1","max-image-preview":"max-image-preview:large","max-video-preview":"max-video-preview:-1"},"canonical":"https:\/\/lottemaa.ee\/fi\/paiva-lottemaassa\/hyva-tietaa\/","og_locale":"fi_FI","og_type":"article","og_title":"Hyv\u00e4 tiet\u00e4\u00e4 | Lottemaa Teemapark","og_description":"VIERAILUN SUUNNITTELU Suosittelemme varaamaan koko p\u00e4iv\u00e4n Lottemaassa k\u00e4yntiin, sill\u00e4 niin voitte osallistua koko kyl\u00e4n el\u00e4m\u00e4\u00e4n, hauskanpitoon, esityksiin, konserttiin, ty\u00f6pajoihin ja el\u00e4myksiin. Ennen tuloa kannattaa ehdottomasti tutustua ohjelmaamme, niin osaatte menn\u00e4 oikeaan paikkaan oikeaan aikaan ja saatte mahdollisimman paljon irti vierailusta. LIPPUTIEDOT Teemapuistossa k\u00e4ynti\u00e4 ei tarvitse varata etuk\u00e4teen. Lippuja saa Lottemaan pys\u00e4k\u00f6intialueella ja sis\u00e4\u00e4nk\u00e4ynneill\u00e4 sijaitsevilta kassoilta. &hellip; Continued","og_url":"https:\/\/lottemaa.ee\/fi\/paiva-lottemaassa\/hyva-tietaa\/","og_site_name":"Lottemaa Teemapark","article_modified_time":"2026-01-25T11:51:51+00:00","og_image":[{"width":285,"height":249,"url":"https:\/\/lottemaa.ee\/wp-content\/uploads\/2016\/04\/lottemaa-hea-teada.jpg","type":"image\/jpeg"}],"twitter_card":"summary_large_image","twitter_misc":{"Arvioitu lukuaika":"5 minuuttia"},"schema":{"@context":"https:\/\/schema.org","@graph":[{"@type":"WebPage","@id":"https:\/\/lottemaa.ee\/fi\/paiva-lottemaassa\/hyva-tietaa\/","url":"https:\/\/lottemaa.ee\/fi\/paiva-lottemaassa\/hyva-tietaa\/","name":"Hyv\u00e4 tiet\u00e4\u00e4 | Lottemaa Teemapark","isPartOf":{"@id":"https:\/\/lottemaa.ee\/#website"},"primaryImageOfPage":{"@id":"https:\/\/lottemaa.ee\/fi\/paiva-lottemaassa\/hyva-tietaa\/#primaryimage"},"image":{"@id":"https:\/\/lottemaa.ee\/fi\/paiva-lottemaassa\/hyva-tietaa\/#primaryimage"},"thumbnailUrl":"https:\/\/lottemaa.ee\/wp-content\/uploads\/2016\/04\/lottemaa-hea-teada.jpg","datePublished":"2016-05-16T16:28:41+00:00","dateModified":"2026-01-25T11:51:51+00:00","breadcrumb":{"@id":"https:\/\/lottemaa.ee\/fi\/paiva-lottemaassa\/hyva-tietaa\/#breadcrumb"},"inLanguage":"fi","potentialAction":[{"@type":"ReadAction","target":["https:\/\/lottemaa.ee\/fi\/paiva-lottemaassa\/hyva-tietaa\/"]}]},{"@type":"ImageObject","inLanguage":"fi","@id":"https:\/\/lottemaa.ee\/fi\/paiva-lottemaassa\/hyva-tietaa\/#primaryimage","url":"https:\/\/lottemaa.ee\/wp-content\/uploads\/2016\/04\/lottemaa-hea-teada.jpg","contentUrl":"https:\/\/lottemaa.ee\/wp-content\/uploads\/2016\/04\/lottemaa-hea-teada.jpg","width":285,"height":249},{"@type":"BreadcrumbList","@id":"https:\/\/lottemaa.ee\/fi\/paiva-lottemaassa\/hyva-tietaa\/#breadcrumb","itemListElement":[{"@type":"ListItem","position":1,"name":"Home","item":"https:\/\/lottemaa.ee\/fi\/"},{"@type":"ListItem","position":2,"name":"P\u00e4iv\u00e4 Lottemaassa","item":"https:\/\/lottemaa.ee\/fi\/paiva-lottemaassa\/"},{"@type":"ListItem","position":3,"name":"Hyv\u00e4 tiet\u00e4\u00e4"}]},{"@type":"WebSite","@id":"https:\/\/lottemaa.ee\/#website","url":"https:\/\/lottemaa.ee\/","name":"Lottemaa Teemapark","description":"Baltimaade suurim ja k\u00f5ige \u00e4gedam kogupere teemapark Eestis P\u00e4rnumaal","publisher":{"@id":"https:\/\/lottemaa.ee\/#organization"},"potentialAction":[{"@type":"SearchAction","target":{"@type":"EntryPoint","urlTemplate":"https:\/\/lottemaa.ee\/?s={search_term_string}"},"query-input":{"@type":"PropertyValueSpecification","valueRequired":true,"valueName":"search_term_string"}}],"inLanguage":"fi"},{"@type":"Organization","@id":"https:\/\/lottemaa.ee\/#organization","name":"Lottemaa Teemapark","url":"https:\/\/lottemaa.ee\/","logo":{"@type":"ImageObject","inLanguage":"fi","@id":"https:\/\/lottemaa.ee\/#\/schema\/logo\/image\/","url":"https:\/\/lottemaa.ee\/wp-content\/uploads\/2018\/12\/Lottemaa_LOGO.png","contentUrl":"https:\/\/lottemaa.ee\/wp-content\/uploads\/2018\/12\/Lottemaa_LOGO.png","width":1024,"height":518,"caption":"Lottemaa Teemapark"},"image":{"@id":"https:\/\/lottemaa.ee\/#\/schema\/logo\/image\/"}}]}},"_links":{"self":[{"href":"https:\/\/lottemaa.ee\/fi\/wp-json\/wp\/v2\/pages\/1181","targetHints":{"allow":["GET"]}}],"collection":[{"href":"https:\/\/lottemaa.ee\/fi\/wp-json\/wp\/v2\/pages"}],"about":[{"href":"https:\/\/lottemaa.ee\/fi\/wp-json\/wp\/v2\/types\/page"}],"author":[{"embeddable":true,"href":"https:\/\/lottemaa.ee\/fi\/wp-json\/wp\/v2\/users\/1"}],"replies":[{"embeddable":true,"href":"https:\/\/lottemaa.ee\/fi\/wp-json\/wp\/v2\/comments?post=1181"}],"version-history":[{"count":5,"href":"https:\/\/lottemaa.ee\/fi\/wp-json\/wp\/v2\/pages\/1181\/revisions"}],"predecessor-version":[{"id":32808,"href":"https:\/\/lottemaa.ee\/fi\/wp-json\/wp\/v2\/pages\/1181\/revisions\/32808"}],"up":[{"embeddable":true,"href":"https:\/\/lottemaa.ee\/fi\/wp-json\/wp\/v2\/pages\/589"}],"wp:featuredmedia":[{"embeddable":true,"href":"https:\/\/lottemaa.ee\/fi\/wp-json\/wp\/v2\/media\/139"}],"wp:attachment":[{"href":"https:\/\/lottemaa.ee\/fi\/wp-json\/wp\/v2\/media?parent=1181"}],"curies":[{"name":"wp","href":"https:\/\/api.w.org\/{rel}","templated":true}]}}