{"id":11009,"date":"2021-05-20T11:28:28","date_gmt":"2021-05-20T08:28:28","guid":{"rendered":"https:\/\/test.lottemaa.ee\/?page_id=11009"},"modified":"2023-02-16T15:37:28","modified_gmt":"2023-02-16T13:37:28","slug":"rauta-ankka","status":"publish","type":"page","link":"https:\/\/lottemaa.ee\/fi\/meista\/keksijakylan-asukkaat\/rauta-ankka\/","title":{"rendered":"RAUTA-ANKKA"},"content":{"rendered":"<p style=\"text-align: left;\">Pauliine on aito australialainen v\u00e4rillinen rauta-ankka, Klausin suuri yst\u00e4v\u00e4, joka tuli suoraan Australiasta.<\/p>\n<p style=\"text-align: left;\">Ensimm\u00e4isell\u00e4 maailmanmatkallaan Klaus p\u00e4\u00e4tyi Australiassa paikkaan, jossa kaikki oli tehty raudasta. Hiekka oli rautaa, puut olivat rautaa, jopa lasten lelut olivat rautaa. Matkalla Klausin vatsa alkoi kurnia ja h\u00e4n astui sis\u00e4\u00e4n er\u00e4\u00e4seen kahvilaan. Mutta siell\u00e4 miss\u00e4 on paljon rautaa, siell\u00e4 on my\u00f6s magneetteja. Kahvilassa veitset, haarukat ja lusikat eiv\u00e4t olleet kipoissa, vaan kiinni tarjoilijoiden sulissa. Yhdess\u00e4 sellaisessa kahvilassa oli Pauliine tarjoilijana. Pauliinesta ja Klausista tuli hyv\u00e4t yst\u00e4v\u00e4t, ja Klaus kutsui Pauliinen Keksij\u00e4kyl\u00e4\u00e4n luokseen vierailulle.<\/p>\n","protected":false},"excerpt":{"rendered":"<p>Pauliine on aito australialainen v\u00e4rillinen rauta-ankka, Klausin suuri yst\u00e4v\u00e4, joka tuli suoraan Australiasta. Ensimm\u00e4isell\u00e4 maailmanmatkallaan Klaus p\u00e4\u00e4tyi Australiassa paikkaan, jossa kaikki oli tehty raudasta. Hiekka oli rautaa, puut olivat rautaa, jopa lasten lelut olivat rautaa. Matkalla Klausin vatsa alkoi kurnia ja h\u00e4n astui sis\u00e4\u00e4n er\u00e4\u00e4seen kahvilaan. Mutta siell\u00e4 miss\u00e4 on paljon rautaa, siell\u00e4 on my\u00f6s &hellip; <a href=\"https:\/\/lottemaa.ee\/fi\/meista\/keksijakylan-asukkaat\/rauta-ankka\/\">Continued<\/a><\/p>\n","protected":false},"author":7,"featured_media":11001,"parent":1214,"menu_order":402,"comment_status":"closed","ping_status":"closed","template":"","meta":{"_acf_changed":false,"om_disable_all_campaigns":false,"_uf_show_specific_survey":0,"_uf_disable_surveys":false,"footnotes":""},"class_list":["post-11009","page","type-page","status-publish","has-post-thumbnail","hentry"],"acf":[],"yoast_head":"<!-- This site is optimized with the Yoast SEO plugin v25.5 - https:\/\/yoast.com\/wordpress\/plugins\/seo\/ -->\n<title>RAUTA-ANKKA | Lottemaa Teemapark<\/title>\n<meta name=\"description\" content=\"Pauliine on aito australialainen v\u00e4rillinen rauta-ankka, Klausin suuri yst\u00e4v\u00e4, joka tuli suoraan Australiasta.\" \/>\n<meta name=\"robots\" content=\"index, follow, max-snippet:-1, max-image-preview:large, max-video-preview:-1\" \/>\n<link rel=\"canonical\" href=\"https:\/\/lottemaa.ee\/fi\/paiva-lottemaassa\/keksijakylan-asukkaat\/rauta-ankka\/\" \/>\n<meta property=\"og:locale\" content=\"fi_FI\" \/>\n<meta property=\"og:type\" content=\"article\" \/>\n<meta property=\"og:title\" content=\"RAUTA-ANKKA | Lottemaa Teemapark\" \/>\n<meta property=\"og:description\" content=\"Pauliine on aito australialainen v\u00e4rillinen rauta-ankka, Klausin suuri yst\u00e4v\u00e4, joka tuli suoraan Australiasta.\" \/>\n<meta property=\"og:url\" content=\"https:\/\/lottemaa.ee\/fi\/paiva-lottemaassa\/keksijakylan-asukkaat\/rauta-ankka\/\" \/>\n<meta property=\"og:site_name\" content=\"Lottemaa Teemapark\" \/>\n<meta property=\"article:modified_time\" content=\"2023-02-16T13:37:28+00:00\" \/>\n<meta property=\"og:image\" content=\"https:\/\/lottemaa.ee\/wp-content\/uploads\/2021\/05\/Raudpart_316x177.jpg\" \/>\n\t<meta property=\"og:image:width\" content=\"316\" \/>\n\t<meta property=\"og:image:height\" content=\"177\" \/>\n\t<meta property=\"og:image:type\" content=\"image\/jpeg\" \/>\n<meta name=\"twitter:card\" content=\"summary_large_image\" \/>\n<meta name=\"twitter:label1\" content=\"Arvioitu lukuaika\" \/>\n\t<meta name=\"twitter:data1\" content=\"1 minuutti\" \/>\n<script type=\"application\/ld+json\" class=\"yoast-schema-graph\">{\"@context\":\"https:\/\/schema.org\",\"@graph\":[{\"@type\":\"WebPage\",\"@id\":\"https:\/\/lottemaa.ee\/fi\/paiva-lottemaassa\/keksijakylan-asukkaat\/rauta-ankka\/\",\"url\":\"https:\/\/lottemaa.ee\/fi\/paiva-lottemaassa\/keksijakylan-asukkaat\/rauta-ankka\/\",\"name\":\"RAUTA-ANKKA | Lottemaa Teemapark\",\"isPartOf\":{\"@id\":\"https:\/\/lottemaa.ee\/#website\"},\"primaryImageOfPage\":{\"@id\":\"https:\/\/lottemaa.ee\/fi\/paiva-lottemaassa\/keksijakylan-asukkaat\/rauta-ankka\/#primaryimage\"},\"image\":{\"@id\":\"https:\/\/lottemaa.ee\/fi\/paiva-lottemaassa\/keksijakylan-asukkaat\/rauta-ankka\/#primaryimage\"},\"thumbnailUrl\":\"https:\/\/lottemaa.ee\/wp-content\/uploads\/2021\/05\/Raudpart_316x177.jpg\",\"datePublished\":\"2021-05-20T08:28:28+00:00\",\"dateModified\":\"2023-02-16T13:37:28+00:00\",\"description\":\"Pauliine on aito australialainen v\u00e4rillinen rauta-ankka, Klausin suuri yst\u00e4v\u00e4, joka tuli suoraan Australiasta.\",\"breadcrumb\":{\"@id\":\"https:\/\/lottemaa.ee\/fi\/paiva-lottemaassa\/keksijakylan-asukkaat\/rauta-ankka\/#breadcrumb\"},\"inLanguage\":\"fi\",\"potentialAction\":[{\"@type\":\"ReadAction\",\"target\":[\"https:\/\/lottemaa.ee\/fi\/paiva-lottemaassa\/keksijakylan-asukkaat\/rauta-ankka\/\"]}]},{\"@type\":\"ImageObject\",\"inLanguage\":\"fi\",\"@id\":\"https:\/\/lottemaa.ee\/fi\/paiva-lottemaassa\/keksijakylan-asukkaat\/rauta-ankka\/#primaryimage\",\"url\":\"https:\/\/lottemaa.ee\/wp-content\/uploads\/2021\/05\/Raudpart_316x177.jpg\",\"contentUrl\":\"https:\/\/lottemaa.ee\/wp-content\/uploads\/2021\/05\/Raudpart_316x177.jpg\",\"width\":316,\"height\":177},{\"@type\":\"BreadcrumbList\",\"@id\":\"https:\/\/lottemaa.ee\/fi\/paiva-lottemaassa\/keksijakylan-asukkaat\/rauta-ankka\/#breadcrumb\",\"itemListElement\":[{\"@type\":\"ListItem\",\"position\":1,\"name\":\"Home\",\"item\":\"https:\/\/lottemaa.ee\/fi\/\"},{\"@type\":\"ListItem\",\"position\":2,\"name\":\"P\u00e4iv\u00e4 Lottemaassa\",\"item\":\"https:\/\/lottemaa.ee\/fi\/paiva-lottemaassa\/\"},{\"@type\":\"ListItem\",\"position\":3,\"name\":\"Keksij\u00e4kyl\u00e4n asukkaat\",\"item\":\"https:\/\/lottemaa.ee\/fi\/paiva-lottemaassa\/keksijakylan-asukkaat\/\"},{\"@type\":\"ListItem\",\"position\":4,\"name\":\"RAUTA-ANKKA\"}]},{\"@type\":\"WebSite\",\"@id\":\"https:\/\/lottemaa.ee\/#website\",\"url\":\"https:\/\/lottemaa.ee\/\",\"name\":\"Lottemaa Teemapark\",\"description\":\"Baltimaade suurim ja k\u00f5ige \u00e4gedam kogupere teemapark Eestis P\u00e4rnumaal\",\"publisher\":{\"@id\":\"https:\/\/lottemaa.ee\/#organization\"},\"potentialAction\":[{\"@type\":\"SearchAction\",\"target\":{\"@type\":\"EntryPoint\",\"urlTemplate\":\"https:\/\/lottemaa.ee\/?s={search_term_string}\"},\"query-input\":{\"@type\":\"PropertyValueSpecification\",\"valueRequired\":true,\"valueName\":\"search_term_string\"}}],\"inLanguage\":\"fi\"},{\"@type\":\"Organization\",\"@id\":\"https:\/\/lottemaa.ee\/#organization\",\"name\":\"Lottemaa Teemapark\",\"url\":\"https:\/\/lottemaa.ee\/\",\"logo\":{\"@type\":\"ImageObject\",\"inLanguage\":\"fi\",\"@id\":\"https:\/\/lottemaa.ee\/#\/schema\/logo\/image\/\",\"url\":\"https:\/\/lottemaa.ee\/wp-content\/uploads\/2018\/12\/Lottemaa_LOGO.png\",\"contentUrl\":\"https:\/\/lottemaa.ee\/wp-content\/uploads\/2018\/12\/Lottemaa_LOGO.png\",\"width\":1024,\"height\":518,\"caption\":\"Lottemaa Teemapark\"},\"image\":{\"@id\":\"https:\/\/lottemaa.ee\/#\/schema\/logo\/image\/\"}}]}<\/script>\n<!-- \/ Yoast SEO plugin. -->","yoast_head_json":{"title":"RAUTA-ANKKA | Lottemaa Teemapark","description":"Pauliine on aito australialainen v\u00e4rillinen rauta-ankka, Klausin suuri yst\u00e4v\u00e4, joka tuli suoraan Australiasta.","robots":{"index":"index","follow":"follow","max-snippet":"max-snippet:-1","max-image-preview":"max-image-preview:large","max-video-preview":"max-video-preview:-1"},"canonical":"https:\/\/lottemaa.ee\/fi\/paiva-lottemaassa\/keksijakylan-asukkaat\/rauta-ankka\/","og_locale":"fi_FI","og_type":"article","og_title":"RAUTA-ANKKA | Lottemaa Teemapark","og_description":"Pauliine on aito australialainen v\u00e4rillinen rauta-ankka, Klausin suuri yst\u00e4v\u00e4, joka tuli suoraan Australiasta.","og_url":"https:\/\/lottemaa.ee\/fi\/paiva-lottemaassa\/keksijakylan-asukkaat\/rauta-ankka\/","og_site_name":"Lottemaa Teemapark","article_modified_time":"2023-02-16T13:37:28+00:00","og_image":[{"width":316,"height":177,"url":"https:\/\/lottemaa.ee\/wp-content\/uploads\/2021\/05\/Raudpart_316x177.jpg","type":"image\/jpeg"}],"twitter_card":"summary_large_image","twitter_misc":{"Arvioitu lukuaika":"1 minuutti"},"schema":{"@context":"https:\/\/schema.org","@graph":[{"@type":"WebPage","@id":"https:\/\/lottemaa.ee\/fi\/paiva-lottemaassa\/keksijakylan-asukkaat\/rauta-ankka\/","url":"https:\/\/lottemaa.ee\/fi\/paiva-lottemaassa\/keksijakylan-asukkaat\/rauta-ankka\/","name":"RAUTA-ANKKA | Lottemaa Teemapark","isPartOf":{"@id":"https:\/\/lottemaa.ee\/#website"},"primaryImageOfPage":{"@id":"https:\/\/lottemaa.ee\/fi\/paiva-lottemaassa\/keksijakylan-asukkaat\/rauta-ankka\/#primaryimage"},"image":{"@id":"https:\/\/lottemaa.ee\/fi\/paiva-lottemaassa\/keksijakylan-asukkaat\/rauta-ankka\/#primaryimage"},"thumbnailUrl":"https:\/\/lottemaa.ee\/wp-content\/uploads\/2021\/05\/Raudpart_316x177.jpg","datePublished":"2021-05-20T08:28:28+00:00","dateModified":"2023-02-16T13:37:28+00:00","description":"Pauliine on aito australialainen v\u00e4rillinen rauta-ankka, Klausin suuri yst\u00e4v\u00e4, joka tuli suoraan Australiasta.","breadcrumb":{"@id":"https:\/\/lottemaa.ee\/fi\/paiva-lottemaassa\/keksijakylan-asukkaat\/rauta-ankka\/#breadcrumb"},"inLanguage":"fi","potentialAction":[{"@type":"ReadAction","target":["https:\/\/lottemaa.ee\/fi\/paiva-lottemaassa\/keksijakylan-asukkaat\/rauta-ankka\/"]}]},{"@type":"ImageObject","inLanguage":"fi","@id":"https:\/\/lottemaa.ee\/fi\/paiva-lottemaassa\/keksijakylan-asukkaat\/rauta-ankka\/#primaryimage","url":"https:\/\/lottemaa.ee\/wp-content\/uploads\/2021\/05\/Raudpart_316x177.jpg","contentUrl":"https:\/\/lottemaa.ee\/wp-content\/uploads\/2021\/05\/Raudpart_316x177.jpg","width":316,"height":177},{"@type":"BreadcrumbList","@id":"https:\/\/lottemaa.ee\/fi\/paiva-lottemaassa\/keksijakylan-asukkaat\/rauta-ankka\/#breadcrumb","itemListElement":[{"@type":"ListItem","position":1,"name":"Home","item":"https:\/\/lottemaa.ee\/fi\/"},{"@type":"ListItem","position":2,"name":"P\u00e4iv\u00e4 Lottemaassa","item":"https:\/\/lottemaa.ee\/fi\/paiva-lottemaassa\/"},{"@type":"ListItem","position":3,"name":"Keksij\u00e4kyl\u00e4n asukkaat","item":"https:\/\/lottemaa.ee\/fi\/paiva-lottemaassa\/keksijakylan-asukkaat\/"},{"@type":"ListItem","position":4,"name":"RAUTA-ANKKA"}]},{"@type":"WebSite","@id":"https:\/\/lottemaa.ee\/#website","url":"https:\/\/lottemaa.ee\/","name":"Lottemaa Teemapark","description":"Baltimaade suurim ja k\u00f5ige \u00e4gedam kogupere teemapark Eestis P\u00e4rnumaal","publisher":{"@id":"https:\/\/lottemaa.ee\/#organization"},"potentialAction":[{"@type":"SearchAction","target":{"@type":"EntryPoint","urlTemplate":"https:\/\/lottemaa.ee\/?s={search_term_string}"},"query-input":{"@type":"PropertyValueSpecification","valueRequired":true,"valueName":"search_term_string"}}],"inLanguage":"fi"},{"@type":"Organization","@id":"https:\/\/lottemaa.ee\/#organization","name":"Lottemaa Teemapark","url":"https:\/\/lottemaa.ee\/","logo":{"@type":"ImageObject","inLanguage":"fi","@id":"https:\/\/lottemaa.ee\/#\/schema\/logo\/image\/","url":"https:\/\/lottemaa.ee\/wp-content\/uploads\/2018\/12\/Lottemaa_LOGO.png","contentUrl":"https:\/\/lottemaa.ee\/wp-content\/uploads\/2018\/12\/Lottemaa_LOGO.png","width":1024,"height":518,"caption":"Lottemaa Teemapark"},"image":{"@id":"https:\/\/lottemaa.ee\/#\/schema\/logo\/image\/"}}]}},"_links":{"self":[{"href":"https:\/\/lottemaa.ee\/fi\/wp-json\/wp\/v2\/pages\/11009","targetHints":{"allow":["GET"]}}],"collection":[{"href":"https:\/\/lottemaa.ee\/fi\/wp-json\/wp\/v2\/pages"}],"about":[{"href":"https:\/\/lottemaa.ee\/fi\/wp-json\/wp\/v2\/types\/page"}],"author":[{"embeddable":true,"href":"https:\/\/lottemaa.ee\/fi\/wp-json\/wp\/v2\/users\/7"}],"replies":[{"embeddable":true,"href":"https:\/\/lottemaa.ee\/fi\/wp-json\/wp\/v2\/comments?post=11009"}],"version-history":[{"count":2,"href":"https:\/\/lottemaa.ee\/fi\/wp-json\/wp\/v2\/pages\/11009\/revisions"}],"predecessor-version":[{"id":20705,"href":"https:\/\/lottemaa.ee\/fi\/wp-json\/wp\/v2\/pages\/11009\/revisions\/20705"}],"up":[{"embeddable":true,"href":"https:\/\/lottemaa.ee\/fi\/wp-json\/wp\/v2\/pages\/1214"}],"wp:featuredmedia":[{"embeddable":true,"href":"https:\/\/lottemaa.ee\/fi\/wp-json\/wp\/v2\/media\/11001"}],"wp:attachment":[{"href":"https:\/\/lottemaa.ee\/fi\/wp-json\/wp\/v2\/media?parent=11009"}],"curies":[{"name":"wp","href":"https:\/\/api.w.org\/{rel}","templated":true}]}}