{"id":10901,"date":"2021-05-10T10:12:27","date_gmt":"2021-05-10T07:12:27","guid":{"rendered":"https:\/\/test.lottemaa.ee\/?page_id=10901"},"modified":"2024-07-06T15:30:16","modified_gmt":"2024-07-06T12:30:16","slug":"leppakerttujen-kahvila","status":"publish","type":"page","link":"https:\/\/lottemaa.ee\/fi\/paiva-lottemaassa\/ruoat-ja-juomat\/leppakerttujen-kahvila\/","title":{"rendered":"LEPP\u00c4KERTTUJEN KAHVILA"},"content":{"rendered":"<p style=\"text-align: left;\">T\u00e4\u00e4lt\u00e4 rakkaat vieraamme voivat napata mukaan erilaisia j\u00e4\u00e4tel\u00f6it\u00e4 sek\u00e4 mieluisan virvoitusjuoman tai kuuman juoman.<\/p>\n","protected":false},"excerpt":{"rendered":"<p>T\u00e4\u00e4lt\u00e4 rakkaat vieraamme voivat napata mukaan erilaisia j\u00e4\u00e4tel\u00f6it\u00e4 sek\u00e4 mieluisan virvoitusjuoman tai kuuman juoman.<\/p>\n","protected":false},"author":7,"featured_media":26876,"parent":1262,"menu_order":699,"comment_status":"closed","ping_status":"closed","template":"","meta":{"_acf_changed":false,"om_disable_all_campaigns":false,"_uf_show_specific_survey":0,"_uf_disable_surveys":false,"footnotes":""},"class_list":["post-10901","page","type-page","status-publish","has-post-thumbnail","hentry"],"acf":[],"yoast_head":"<!-- This site is optimized with the Yoast SEO plugin v25.5 - https:\/\/yoast.com\/wordpress\/plugins\/seo\/ -->\n<title>LEPP\u00c4KERTTUJEN KAHVILA | Lottemaa Teemapark<\/title>\n<meta name=\"robots\" content=\"index, follow, max-snippet:-1, max-image-preview:large, max-video-preview:-1\" \/>\n<link rel=\"canonical\" href=\"https:\/\/lottemaa.ee\/fi\/paiva-lottemaassa\/ruoat-ja-juomat\/leppakerttujen-kahvila\/\" \/>\n<meta property=\"og:locale\" content=\"fi_FI\" \/>\n<meta property=\"og:type\" content=\"article\" \/>\n<meta property=\"og:title\" content=\"LEPP\u00c4KERTTUJEN KAHVILA | Lottemaa Teemapark\" \/>\n<meta property=\"og:description\" content=\"T\u00e4\u00e4lt\u00e4 rakkaat vieraamme voivat napata mukaan erilaisia j\u00e4\u00e4tel\u00f6it\u00e4 sek\u00e4 mieluisan virvoitusjuoman tai kuuman juoman.\" \/>\n<meta property=\"og:url\" content=\"https:\/\/lottemaa.ee\/fi\/paiva-lottemaassa\/ruoat-ja-juomat\/leppakerttujen-kahvila\/\" \/>\n<meta property=\"og:site_name\" content=\"Lottemaa Teemapark\" \/>\n<meta property=\"article:modified_time\" content=\"2024-07-06T12:30:16+00:00\" \/>\n<meta property=\"og:image\" content=\"https:\/\/lottemaa.ee\/wp-content\/uploads\/2024\/07\/Lottemaa-IV-137.jpg\" \/>\n\t<meta property=\"og:image:width\" content=\"2000\" \/>\n\t<meta property=\"og:image:height\" content=\"1333\" \/>\n\t<meta property=\"og:image:type\" content=\"image\/jpeg\" \/>\n<meta name=\"twitter:card\" content=\"summary_large_image\" \/>\n<meta name=\"twitter:label1\" content=\"Arvioitu lukuaika\" \/>\n\t<meta name=\"twitter:data1\" content=\"1 minuutti\" \/>\n<script type=\"application\/ld+json\" class=\"yoast-schema-graph\">{\"@context\":\"https:\/\/schema.org\",\"@graph\":[{\"@type\":\"WebPage\",\"@id\":\"https:\/\/lottemaa.ee\/fi\/paiva-lottemaassa\/ruoat-ja-juomat\/leppakerttujen-kahvila\/\",\"url\":\"https:\/\/lottemaa.ee\/fi\/paiva-lottemaassa\/ruoat-ja-juomat\/leppakerttujen-kahvila\/\",\"name\":\"LEPP\u00c4KERTTUJEN KAHVILA | Lottemaa Teemapark\",\"isPartOf\":{\"@id\":\"https:\/\/lottemaa.ee\/#website\"},\"primaryImageOfPage\":{\"@id\":\"https:\/\/lottemaa.ee\/fi\/paiva-lottemaassa\/ruoat-ja-juomat\/leppakerttujen-kahvila\/#primaryimage\"},\"image\":{\"@id\":\"https:\/\/lottemaa.ee\/fi\/paiva-lottemaassa\/ruoat-ja-juomat\/leppakerttujen-kahvila\/#primaryimage\"},\"thumbnailUrl\":\"https:\/\/lottemaa.ee\/wp-content\/uploads\/2024\/07\/Lottemaa-IV-137.jpg\",\"datePublished\":\"2021-05-10T07:12:27+00:00\",\"dateModified\":\"2024-07-06T12:30:16+00:00\",\"breadcrumb\":{\"@id\":\"https:\/\/lottemaa.ee\/fi\/paiva-lottemaassa\/ruoat-ja-juomat\/leppakerttujen-kahvila\/#breadcrumb\"},\"inLanguage\":\"fi\",\"potentialAction\":[{\"@type\":\"ReadAction\",\"target\":[\"https:\/\/lottemaa.ee\/fi\/paiva-lottemaassa\/ruoat-ja-juomat\/leppakerttujen-kahvila\/\"]}]},{\"@type\":\"ImageObject\",\"inLanguage\":\"fi\",\"@id\":\"https:\/\/lottemaa.ee\/fi\/paiva-lottemaassa\/ruoat-ja-juomat\/leppakerttujen-kahvila\/#primaryimage\",\"url\":\"https:\/\/lottemaa.ee\/wp-content\/uploads\/2024\/07\/Lottemaa-IV-137.jpg\",\"contentUrl\":\"https:\/\/lottemaa.ee\/wp-content\/uploads\/2024\/07\/Lottemaa-IV-137.jpg\",\"width\":2000,\"height\":1333},{\"@type\":\"BreadcrumbList\",\"@id\":\"https:\/\/lottemaa.ee\/fi\/paiva-lottemaassa\/ruoat-ja-juomat\/leppakerttujen-kahvila\/#breadcrumb\",\"itemListElement\":[{\"@type\":\"ListItem\",\"position\":1,\"name\":\"Home\",\"item\":\"https:\/\/lottemaa.ee\/fi\/\"},{\"@type\":\"ListItem\",\"position\":2,\"name\":\"P\u00e4iv\u00e4 Lottemaassa\",\"item\":\"https:\/\/lottemaa.ee\/fi\/paiva-lottemaassa\/\"},{\"@type\":\"ListItem\",\"position\":3,\"name\":\"Ruoat ja juomat\",\"item\":\"https:\/\/lottemaa.ee\/fi\/paiva-lottemaassa\/ruoat-ja-juomat\/\"},{\"@type\":\"ListItem\",\"position\":4,\"name\":\"LEPP\u00c4KERTTUJEN KAHVILA\"}]},{\"@type\":\"WebSite\",\"@id\":\"https:\/\/lottemaa.ee\/#website\",\"url\":\"https:\/\/lottemaa.ee\/\",\"name\":\"Lottemaa Teemapark\",\"description\":\"Baltimaade suurim ja k\u00f5ige \u00e4gedam kogupere teemapark Eestis P\u00e4rnumaal\",\"publisher\":{\"@id\":\"https:\/\/lottemaa.ee\/#organization\"},\"potentialAction\":[{\"@type\":\"SearchAction\",\"target\":{\"@type\":\"EntryPoint\",\"urlTemplate\":\"https:\/\/lottemaa.ee\/?s={search_term_string}\"},\"query-input\":{\"@type\":\"PropertyValueSpecification\",\"valueRequired\":true,\"valueName\":\"search_term_string\"}}],\"inLanguage\":\"fi\"},{\"@type\":\"Organization\",\"@id\":\"https:\/\/lottemaa.ee\/#organization\",\"name\":\"Lottemaa Teemapark\",\"url\":\"https:\/\/lottemaa.ee\/\",\"logo\":{\"@type\":\"ImageObject\",\"inLanguage\":\"fi\",\"@id\":\"https:\/\/lottemaa.ee\/#\/schema\/logo\/image\/\",\"url\":\"https:\/\/lottemaa.ee\/wp-content\/uploads\/2018\/12\/Lottemaa_LOGO.png\",\"contentUrl\":\"https:\/\/lottemaa.ee\/wp-content\/uploads\/2018\/12\/Lottemaa_LOGO.png\",\"width\":1024,\"height\":518,\"caption\":\"Lottemaa Teemapark\"},\"image\":{\"@id\":\"https:\/\/lottemaa.ee\/#\/schema\/logo\/image\/\"}}]}<\/script>\n<!-- \/ Yoast SEO plugin. -->","yoast_head_json":{"title":"LEPP\u00c4KERTTUJEN KAHVILA | Lottemaa Teemapark","robots":{"index":"index","follow":"follow","max-snippet":"max-snippet:-1","max-image-preview":"max-image-preview:large","max-video-preview":"max-video-preview:-1"},"canonical":"https:\/\/lottemaa.ee\/fi\/paiva-lottemaassa\/ruoat-ja-juomat\/leppakerttujen-kahvila\/","og_locale":"fi_FI","og_type":"article","og_title":"LEPP\u00c4KERTTUJEN KAHVILA | Lottemaa Teemapark","og_description":"T\u00e4\u00e4lt\u00e4 rakkaat vieraamme voivat napata mukaan erilaisia j\u00e4\u00e4tel\u00f6it\u00e4 sek\u00e4 mieluisan virvoitusjuoman tai kuuman juoman.","og_url":"https:\/\/lottemaa.ee\/fi\/paiva-lottemaassa\/ruoat-ja-juomat\/leppakerttujen-kahvila\/","og_site_name":"Lottemaa Teemapark","article_modified_time":"2024-07-06T12:30:16+00:00","og_image":[{"width":2000,"height":1333,"url":"https:\/\/lottemaa.ee\/wp-content\/uploads\/2024\/07\/Lottemaa-IV-137.jpg","type":"image\/jpeg"}],"twitter_card":"summary_large_image","twitter_misc":{"Arvioitu lukuaika":"1 minuutti"},"schema":{"@context":"https:\/\/schema.org","@graph":[{"@type":"WebPage","@id":"https:\/\/lottemaa.ee\/fi\/paiva-lottemaassa\/ruoat-ja-juomat\/leppakerttujen-kahvila\/","url":"https:\/\/lottemaa.ee\/fi\/paiva-lottemaassa\/ruoat-ja-juomat\/leppakerttujen-kahvila\/","name":"LEPP\u00c4KERTTUJEN KAHVILA | Lottemaa Teemapark","isPartOf":{"@id":"https:\/\/lottemaa.ee\/#website"},"primaryImageOfPage":{"@id":"https:\/\/lottemaa.ee\/fi\/paiva-lottemaassa\/ruoat-ja-juomat\/leppakerttujen-kahvila\/#primaryimage"},"image":{"@id":"https:\/\/lottemaa.ee\/fi\/paiva-lottemaassa\/ruoat-ja-juomat\/leppakerttujen-kahvila\/#primaryimage"},"thumbnailUrl":"https:\/\/lottemaa.ee\/wp-content\/uploads\/2024\/07\/Lottemaa-IV-137.jpg","datePublished":"2021-05-10T07:12:27+00:00","dateModified":"2024-07-06T12:30:16+00:00","breadcrumb":{"@id":"https:\/\/lottemaa.ee\/fi\/paiva-lottemaassa\/ruoat-ja-juomat\/leppakerttujen-kahvila\/#breadcrumb"},"inLanguage":"fi","potentialAction":[{"@type":"ReadAction","target":["https:\/\/lottemaa.ee\/fi\/paiva-lottemaassa\/ruoat-ja-juomat\/leppakerttujen-kahvila\/"]}]},{"@type":"ImageObject","inLanguage":"fi","@id":"https:\/\/lottemaa.ee\/fi\/paiva-lottemaassa\/ruoat-ja-juomat\/leppakerttujen-kahvila\/#primaryimage","url":"https:\/\/lottemaa.ee\/wp-content\/uploads\/2024\/07\/Lottemaa-IV-137.jpg","contentUrl":"https:\/\/lottemaa.ee\/wp-content\/uploads\/2024\/07\/Lottemaa-IV-137.jpg","width":2000,"height":1333},{"@type":"BreadcrumbList","@id":"https:\/\/lottemaa.ee\/fi\/paiva-lottemaassa\/ruoat-ja-juomat\/leppakerttujen-kahvila\/#breadcrumb","itemListElement":[{"@type":"ListItem","position":1,"name":"Home","item":"https:\/\/lottemaa.ee\/fi\/"},{"@type":"ListItem","position":2,"name":"P\u00e4iv\u00e4 Lottemaassa","item":"https:\/\/lottemaa.ee\/fi\/paiva-lottemaassa\/"},{"@type":"ListItem","position":3,"name":"Ruoat ja juomat","item":"https:\/\/lottemaa.ee\/fi\/paiva-lottemaassa\/ruoat-ja-juomat\/"},{"@type":"ListItem","position":4,"name":"LEPP\u00c4KERTTUJEN KAHVILA"}]},{"@type":"WebSite","@id":"https:\/\/lottemaa.ee\/#website","url":"https:\/\/lottemaa.ee\/","name":"Lottemaa Teemapark","description":"Baltimaade suurim ja k\u00f5ige \u00e4gedam kogupere teemapark Eestis P\u00e4rnumaal","publisher":{"@id":"https:\/\/lottemaa.ee\/#organization"},"potentialAction":[{"@type":"SearchAction","target":{"@type":"EntryPoint","urlTemplate":"https:\/\/lottemaa.ee\/?s={search_term_string}"},"query-input":{"@type":"PropertyValueSpecification","valueRequired":true,"valueName":"search_term_string"}}],"inLanguage":"fi"},{"@type":"Organization","@id":"https:\/\/lottemaa.ee\/#organization","name":"Lottemaa Teemapark","url":"https:\/\/lottemaa.ee\/","logo":{"@type":"ImageObject","inLanguage":"fi","@id":"https:\/\/lottemaa.ee\/#\/schema\/logo\/image\/","url":"https:\/\/lottemaa.ee\/wp-content\/uploads\/2018\/12\/Lottemaa_LOGO.png","contentUrl":"https:\/\/lottemaa.ee\/wp-content\/uploads\/2018\/12\/Lottemaa_LOGO.png","width":1024,"height":518,"caption":"Lottemaa Teemapark"},"image":{"@id":"https:\/\/lottemaa.ee\/#\/schema\/logo\/image\/"}}]}},"_links":{"self":[{"href":"https:\/\/lottemaa.ee\/fi\/wp-json\/wp\/v2\/pages\/10901","targetHints":{"allow":["GET"]}}],"collection":[{"href":"https:\/\/lottemaa.ee\/fi\/wp-json\/wp\/v2\/pages"}],"about":[{"href":"https:\/\/lottemaa.ee\/fi\/wp-json\/wp\/v2\/types\/page"}],"author":[{"embeddable":true,"href":"https:\/\/lottemaa.ee\/fi\/wp-json\/wp\/v2\/users\/7"}],"replies":[{"embeddable":true,"href":"https:\/\/lottemaa.ee\/fi\/wp-json\/wp\/v2\/comments?post=10901"}],"version-history":[{"count":2,"href":"https:\/\/lottemaa.ee\/fi\/wp-json\/wp\/v2\/pages\/10901\/revisions"}],"predecessor-version":[{"id":27140,"href":"https:\/\/lottemaa.ee\/fi\/wp-json\/wp\/v2\/pages\/10901\/revisions\/27140"}],"up":[{"embeddable":true,"href":"https:\/\/lottemaa.ee\/fi\/wp-json\/wp\/v2\/pages\/1262"}],"wp:featuredmedia":[{"embeddable":true,"href":"https:\/\/lottemaa.ee\/fi\/wp-json\/wp\/v2\/media\/26876"}],"wp:attachment":[{"href":"https:\/\/lottemaa.ee\/fi\/wp-json\/wp\/v2\/media?parent=10901"}],"curies":[{"name":"wp","href":"https:\/\/api.w.org\/{rel}","templated":true}]}}