{"id":10732,"date":"2021-04-22T12:16:47","date_gmt":"2021-04-22T09:16:47","guid":{"rendered":"https:\/\/test.lottemaa.ee\/?page_id=10732"},"modified":"2024-09-26T16:34:04","modified_gmt":"2024-09-26T13:34:04","slug":"leon-venevaja","status":"publish","type":"page","link":"https:\/\/lottemaa.ee\/fi\/paiva-lottemaassa\/talot-ja-toiminnot\/leon-venevaja\/","title":{"rendered":"LEON VENEVAJA"},"content":{"rendered":"<p style=\"text-align: left;\">Nuorena Leo rakensi itselleen veneen. Sellaisen, jolla saattoi purjehtia ja soutaa. Nimens\u00e4 vene sai Leon rakkaan iso\u00e4idin mukaan \u2013 Loreida! Veneell\u00e4 pit\u00e4\u00e4 aina olla naisen nimi, sellainen tapa merell\u00e4 on. Naisen nimi tuo onnea, ja onnea merenkulkija tarvitsee.<\/p>\n<p style=\"text-align: left;\">Koska Loreida on nyt yhdess\u00e4 Leon kanssa tullut vanhaksi eik\u00e4 en\u00e4\u00e4 purjehdi merell\u00e4, se tarvitsee paikan rauhallisia vanhuusp\u00e4ivi\u00e4 varten. Niinp\u00e4 Leo rakensi Loreidalle upean venevajan.<\/p>\n","protected":false},"excerpt":{"rendered":"<p>Nuorena Leo rakensi itselleen veneen. Sellaisen, jolla saattoi purjehtia ja soutaa. Nimens\u00e4 vene sai Leon rakkaan iso\u00e4idin mukaan \u2013 Loreida! Veneell\u00e4 pit\u00e4\u00e4 aina olla naisen nimi, sellainen tapa merell\u00e4 on. Naisen nimi tuo onnea, ja onnea merenkulkija tarvitsee. Koska Loreida on nyt yhdess\u00e4 Leon kanssa tullut vanhaksi eik\u00e4 en\u00e4\u00e4 purjehdi merell\u00e4, se tarvitsee paikan rauhallisia &hellip; <a href=\"https:\/\/lottemaa.ee\/fi\/paiva-lottemaassa\/talot-ja-toiminnot\/leon-venevaja\/\">Continued<\/a><\/p>\n","protected":false},"author":7,"featured_media":13807,"parent":1189,"menu_order":597,"comment_status":"closed","ping_status":"closed","template":"","meta":{"_acf_changed":false,"om_disable_all_campaigns":false,"_uf_show_specific_survey":0,"_uf_disable_surveys":false,"footnotes":""},"class_list":["post-10732","page","type-page","status-publish","has-post-thumbnail","hentry"],"acf":[],"yoast_head":"<!-- This site is optimized with the Yoast SEO plugin v25.5 - https:\/\/yoast.com\/wordpress\/plugins\/seo\/ -->\n<title>LEON VENEVAJA | Lottemaa Teemapark<\/title>\n<meta name=\"description\" content=\"Nuorena Leo rakensi itselleen veneen. Sellaisen, jolla saattoi purjehtia ja soutaa. Nimens\u00e4 vene sai Leon rakkaan iso\u00e4idin mukaan \u2013 Loreida!\" \/>\n<meta name=\"robots\" content=\"index, follow, max-snippet:-1, max-image-preview:large, max-video-preview:-1\" \/>\n<link rel=\"canonical\" href=\"https:\/\/lottemaa.ee\/fi\/paiva-lottemaassa\/talot-ja-toiminnot\/leon-venevaja\/\" \/>\n<meta property=\"og:locale\" content=\"fi_FI\" \/>\n<meta property=\"og:type\" content=\"article\" \/>\n<meta property=\"og:title\" content=\"LEON VENEVAJA | Lottemaa Teemapark\" \/>\n<meta property=\"og:description\" content=\"Nuorena Leo rakensi itselleen veneen. Sellaisen, jolla saattoi purjehtia ja soutaa. Nimens\u00e4 vene sai Leon rakkaan iso\u00e4idin mukaan \u2013 Loreida!\" \/>\n<meta property=\"og:url\" content=\"https:\/\/lottemaa.ee\/fi\/paiva-lottemaassa\/talot-ja-toiminnot\/leon-venevaja\/\" \/>\n<meta property=\"og:site_name\" content=\"Lottemaa Teemapark\" \/>\n<meta property=\"article:modified_time\" content=\"2024-09-26T13:34:04+00:00\" \/>\n<meta property=\"og:image\" content=\"https:\/\/lottemaa.ee\/wp-content\/uploads\/2022\/04\/DSC_2794-scaled.jpg\" \/>\n\t<meta property=\"og:image:width\" content=\"2560\" \/>\n\t<meta property=\"og:image:height\" content=\"1695\" \/>\n\t<meta property=\"og:image:type\" content=\"image\/jpeg\" \/>\n<meta name=\"twitter:card\" content=\"summary_large_image\" \/>\n<meta name=\"twitter:label1\" content=\"Arvioitu lukuaika\" \/>\n\t<meta name=\"twitter:data1\" content=\"1 minuutti\" \/>\n<script type=\"application\/ld+json\" class=\"yoast-schema-graph\">{\"@context\":\"https:\/\/schema.org\",\"@graph\":[{\"@type\":\"WebPage\",\"@id\":\"https:\/\/lottemaa.ee\/fi\/paiva-lottemaassa\/talot-ja-toiminnot\/leon-venevaja\/\",\"url\":\"https:\/\/lottemaa.ee\/fi\/paiva-lottemaassa\/talot-ja-toiminnot\/leon-venevaja\/\",\"name\":\"LEON VENEVAJA | Lottemaa Teemapark\",\"isPartOf\":{\"@id\":\"https:\/\/lottemaa.ee\/#website\"},\"primaryImageOfPage\":{\"@id\":\"https:\/\/lottemaa.ee\/fi\/paiva-lottemaassa\/talot-ja-toiminnot\/leon-venevaja\/#primaryimage\"},\"image\":{\"@id\":\"https:\/\/lottemaa.ee\/fi\/paiva-lottemaassa\/talot-ja-toiminnot\/leon-venevaja\/#primaryimage\"},\"thumbnailUrl\":\"https:\/\/lottemaa.ee\/wp-content\/uploads\/2022\/04\/DSC_2794-scaled.jpg\",\"datePublished\":\"2021-04-22T09:16:47+00:00\",\"dateModified\":\"2024-09-26T13:34:04+00:00\",\"description\":\"Nuorena Leo rakensi itselleen veneen. Sellaisen, jolla saattoi purjehtia ja soutaa. Nimens\u00e4 vene sai Leon rakkaan iso\u00e4idin mukaan \u2013 Loreida!\",\"breadcrumb\":{\"@id\":\"https:\/\/lottemaa.ee\/fi\/paiva-lottemaassa\/talot-ja-toiminnot\/leon-venevaja\/#breadcrumb\"},\"inLanguage\":\"fi\",\"potentialAction\":[{\"@type\":\"ReadAction\",\"target\":[\"https:\/\/lottemaa.ee\/fi\/paiva-lottemaassa\/talot-ja-toiminnot\/leon-venevaja\/\"]}]},{\"@type\":\"ImageObject\",\"inLanguage\":\"fi\",\"@id\":\"https:\/\/lottemaa.ee\/fi\/paiva-lottemaassa\/talot-ja-toiminnot\/leon-venevaja\/#primaryimage\",\"url\":\"https:\/\/lottemaa.ee\/wp-content\/uploads\/2022\/04\/DSC_2794-scaled.jpg\",\"contentUrl\":\"https:\/\/lottemaa.ee\/wp-content\/uploads\/2022\/04\/DSC_2794-scaled.jpg\",\"width\":2560,\"height\":1695},{\"@type\":\"BreadcrumbList\",\"@id\":\"https:\/\/lottemaa.ee\/fi\/paiva-lottemaassa\/talot-ja-toiminnot\/leon-venevaja\/#breadcrumb\",\"itemListElement\":[{\"@type\":\"ListItem\",\"position\":1,\"name\":\"Home\",\"item\":\"https:\/\/lottemaa.ee\/fi\/\"},{\"@type\":\"ListItem\",\"position\":2,\"name\":\"P\u00e4iv\u00e4 Lottemaassa\",\"item\":\"https:\/\/lottemaa.ee\/fi\/paiva-lottemaassa\/\"},{\"@type\":\"ListItem\",\"position\":3,\"name\":\"Talot ja toiminnot\",\"item\":\"https:\/\/lottemaa.ee\/fi\/paiva-lottemaassa\/talot-ja-toiminnot\/\"},{\"@type\":\"ListItem\",\"position\":4,\"name\":\"LEON VENEVAJA\"}]},{\"@type\":\"WebSite\",\"@id\":\"https:\/\/lottemaa.ee\/#website\",\"url\":\"https:\/\/lottemaa.ee\/\",\"name\":\"Lottemaa Teemapark\",\"description\":\"Baltimaade suurim ja k\u00f5ige \u00e4gedam kogupere teemapark Eestis P\u00e4rnumaal\",\"publisher\":{\"@id\":\"https:\/\/lottemaa.ee\/#organization\"},\"potentialAction\":[{\"@type\":\"SearchAction\",\"target\":{\"@type\":\"EntryPoint\",\"urlTemplate\":\"https:\/\/lottemaa.ee\/?s={search_term_string}\"},\"query-input\":{\"@type\":\"PropertyValueSpecification\",\"valueRequired\":true,\"valueName\":\"search_term_string\"}}],\"inLanguage\":\"fi\"},{\"@type\":\"Organization\",\"@id\":\"https:\/\/lottemaa.ee\/#organization\",\"name\":\"Lottemaa Teemapark\",\"url\":\"https:\/\/lottemaa.ee\/\",\"logo\":{\"@type\":\"ImageObject\",\"inLanguage\":\"fi\",\"@id\":\"https:\/\/lottemaa.ee\/#\/schema\/logo\/image\/\",\"url\":\"https:\/\/lottemaa.ee\/wp-content\/uploads\/2018\/12\/Lottemaa_LOGO.png\",\"contentUrl\":\"https:\/\/lottemaa.ee\/wp-content\/uploads\/2018\/12\/Lottemaa_LOGO.png\",\"width\":1024,\"height\":518,\"caption\":\"Lottemaa Teemapark\"},\"image\":{\"@id\":\"https:\/\/lottemaa.ee\/#\/schema\/logo\/image\/\"}}]}<\/script>\n<!-- \/ Yoast SEO plugin. -->","yoast_head_json":{"title":"LEON VENEVAJA | Lottemaa Teemapark","description":"Nuorena Leo rakensi itselleen veneen. Sellaisen, jolla saattoi purjehtia ja soutaa. Nimens\u00e4 vene sai Leon rakkaan iso\u00e4idin mukaan \u2013 Loreida!","robots":{"index":"index","follow":"follow","max-snippet":"max-snippet:-1","max-image-preview":"max-image-preview:large","max-video-preview":"max-video-preview:-1"},"canonical":"https:\/\/lottemaa.ee\/fi\/paiva-lottemaassa\/talot-ja-toiminnot\/leon-venevaja\/","og_locale":"fi_FI","og_type":"article","og_title":"LEON VENEVAJA | Lottemaa Teemapark","og_description":"Nuorena Leo rakensi itselleen veneen. Sellaisen, jolla saattoi purjehtia ja soutaa. Nimens\u00e4 vene sai Leon rakkaan iso\u00e4idin mukaan \u2013 Loreida!","og_url":"https:\/\/lottemaa.ee\/fi\/paiva-lottemaassa\/talot-ja-toiminnot\/leon-venevaja\/","og_site_name":"Lottemaa Teemapark","article_modified_time":"2024-09-26T13:34:04+00:00","og_image":[{"width":2560,"height":1695,"url":"https:\/\/lottemaa.ee\/wp-content\/uploads\/2022\/04\/DSC_2794-scaled.jpg","type":"image\/jpeg"}],"twitter_card":"summary_large_image","twitter_misc":{"Arvioitu lukuaika":"1 minuutti"},"schema":{"@context":"https:\/\/schema.org","@graph":[{"@type":"WebPage","@id":"https:\/\/lottemaa.ee\/fi\/paiva-lottemaassa\/talot-ja-toiminnot\/leon-venevaja\/","url":"https:\/\/lottemaa.ee\/fi\/paiva-lottemaassa\/talot-ja-toiminnot\/leon-venevaja\/","name":"LEON VENEVAJA | Lottemaa Teemapark","isPartOf":{"@id":"https:\/\/lottemaa.ee\/#website"},"primaryImageOfPage":{"@id":"https:\/\/lottemaa.ee\/fi\/paiva-lottemaassa\/talot-ja-toiminnot\/leon-venevaja\/#primaryimage"},"image":{"@id":"https:\/\/lottemaa.ee\/fi\/paiva-lottemaassa\/talot-ja-toiminnot\/leon-venevaja\/#primaryimage"},"thumbnailUrl":"https:\/\/lottemaa.ee\/wp-content\/uploads\/2022\/04\/DSC_2794-scaled.jpg","datePublished":"2021-04-22T09:16:47+00:00","dateModified":"2024-09-26T13:34:04+00:00","description":"Nuorena Leo rakensi itselleen veneen. Sellaisen, jolla saattoi purjehtia ja soutaa. Nimens\u00e4 vene sai Leon rakkaan iso\u00e4idin mukaan \u2013 Loreida!","breadcrumb":{"@id":"https:\/\/lottemaa.ee\/fi\/paiva-lottemaassa\/talot-ja-toiminnot\/leon-venevaja\/#breadcrumb"},"inLanguage":"fi","potentialAction":[{"@type":"ReadAction","target":["https:\/\/lottemaa.ee\/fi\/paiva-lottemaassa\/talot-ja-toiminnot\/leon-venevaja\/"]}]},{"@type":"ImageObject","inLanguage":"fi","@id":"https:\/\/lottemaa.ee\/fi\/paiva-lottemaassa\/talot-ja-toiminnot\/leon-venevaja\/#primaryimage","url":"https:\/\/lottemaa.ee\/wp-content\/uploads\/2022\/04\/DSC_2794-scaled.jpg","contentUrl":"https:\/\/lottemaa.ee\/wp-content\/uploads\/2022\/04\/DSC_2794-scaled.jpg","width":2560,"height":1695},{"@type":"BreadcrumbList","@id":"https:\/\/lottemaa.ee\/fi\/paiva-lottemaassa\/talot-ja-toiminnot\/leon-venevaja\/#breadcrumb","itemListElement":[{"@type":"ListItem","position":1,"name":"Home","item":"https:\/\/lottemaa.ee\/fi\/"},{"@type":"ListItem","position":2,"name":"P\u00e4iv\u00e4 Lottemaassa","item":"https:\/\/lottemaa.ee\/fi\/paiva-lottemaassa\/"},{"@type":"ListItem","position":3,"name":"Talot ja toiminnot","item":"https:\/\/lottemaa.ee\/fi\/paiva-lottemaassa\/talot-ja-toiminnot\/"},{"@type":"ListItem","position":4,"name":"LEON VENEVAJA"}]},{"@type":"WebSite","@id":"https:\/\/lottemaa.ee\/#website","url":"https:\/\/lottemaa.ee\/","name":"Lottemaa Teemapark","description":"Baltimaade suurim ja k\u00f5ige \u00e4gedam kogupere teemapark Eestis P\u00e4rnumaal","publisher":{"@id":"https:\/\/lottemaa.ee\/#organization"},"potentialAction":[{"@type":"SearchAction","target":{"@type":"EntryPoint","urlTemplate":"https:\/\/lottemaa.ee\/?s={search_term_string}"},"query-input":{"@type":"PropertyValueSpecification","valueRequired":true,"valueName":"search_term_string"}}],"inLanguage":"fi"},{"@type":"Organization","@id":"https:\/\/lottemaa.ee\/#organization","name":"Lottemaa Teemapark","url":"https:\/\/lottemaa.ee\/","logo":{"@type":"ImageObject","inLanguage":"fi","@id":"https:\/\/lottemaa.ee\/#\/schema\/logo\/image\/","url":"https:\/\/lottemaa.ee\/wp-content\/uploads\/2018\/12\/Lottemaa_LOGO.png","contentUrl":"https:\/\/lottemaa.ee\/wp-content\/uploads\/2018\/12\/Lottemaa_LOGO.png","width":1024,"height":518,"caption":"Lottemaa Teemapark"},"image":{"@id":"https:\/\/lottemaa.ee\/#\/schema\/logo\/image\/"}}]}},"_links":{"self":[{"href":"https:\/\/lottemaa.ee\/fi\/wp-json\/wp\/v2\/pages\/10732","targetHints":{"allow":["GET"]}}],"collection":[{"href":"https:\/\/lottemaa.ee\/fi\/wp-json\/wp\/v2\/pages"}],"about":[{"href":"https:\/\/lottemaa.ee\/fi\/wp-json\/wp\/v2\/types\/page"}],"author":[{"embeddable":true,"href":"https:\/\/lottemaa.ee\/fi\/wp-json\/wp\/v2\/users\/7"}],"replies":[{"embeddable":true,"href":"https:\/\/lottemaa.ee\/fi\/wp-json\/wp\/v2\/comments?post=10732"}],"version-history":[{"count":3,"href":"https:\/\/lottemaa.ee\/fi\/wp-json\/wp\/v2\/pages\/10732\/revisions"}],"predecessor-version":[{"id":28618,"href":"https:\/\/lottemaa.ee\/fi\/wp-json\/wp\/v2\/pages\/10732\/revisions\/28618"}],"up":[{"embeddable":true,"href":"https:\/\/lottemaa.ee\/fi\/wp-json\/wp\/v2\/pages\/1189"}],"wp:featuredmedia":[{"embeddable":true,"href":"https:\/\/lottemaa.ee\/fi\/wp-json\/wp\/v2\/media\/13807"}],"wp:attachment":[{"href":"https:\/\/lottemaa.ee\/fi\/wp-json\/wp\/v2\/media?parent=10732"}],"curies":[{"name":"wp","href":"https:\/\/api.w.org\/{rel}","templated":true}]}}