{"id":10210,"date":"2021-01-05T14:45:06","date_gmt":"2021-01-05T12:45:06","guid":{"rendered":"https:\/\/test.lottemaa.ee\/?page_id=10210"},"modified":"2026-03-25T16:40:06","modified_gmt":"2026-03-25T14:40:06","slug":"kesa-2026","status":"publish","type":"page","link":"https:\/\/lottemaa.ee\/fi\/meista\/kesa-2026\/","title":{"rendered":"Lottemaa kes\u00e4 2026"},"content":{"rendered":"<h2 style=\"text-align: left;\"><span style=\"color: #0000ff;\">OLEMME AVOINNA 13.6.\u201330.8.2026<br \/>\n<\/span><span style=\"color: #ff0000;\">JOKA P\u00c4IV\u00c4 KLO 10\u201318<\/span><\/h2>\n<p style=\"text-align: left;\"><strong>LOTTEMAA \u2013 Baltian suurin koko perheen teemapuisto P\u00e4rnumaalla, Virossa.<\/strong><\/p>\n<p style=\"text-align: left;\">Sielt\u00e4 l\u00f6ytyy iloa ja tekemist\u00e4 niin suurille kuin pienillekin vierailijoille koko p\u00e4iv\u00e4ksi. Yli 100 <strong><a href=\"https:\/\/lottemaa.ee\/fi\/paiva-lottemaassa\/keksinnot\/\">vetonaulaa<\/a>,<\/strong> v\u00e4rik\u00e4st\u00e4 <strong><a href=\"https:\/\/lottemaa.ee\/fi\/paiva-lottemaassa\/talot-ja-toiminnot\/\">taloa<\/a>,<\/strong> j\u00e4nnitt\u00e4v\u00e4\u00e4 keksint\u00f6\u00e4 ja leikkikalua. Lottemaassa voi seikkailla <strong><a href=\"https:\/\/lottemaa.ee\/fi\/paiva-lottemaassa\/seikkailupuisto\/\">seikkailupuistossa<\/a>,<\/strong> tavata Lotte-kirjoista ja -elokuvista tuttuja <strong><a href=\"https:\/\/lottemaa.ee\/fi\/meista\/keksijakylan-asukkaat\/\">yst\u00e4vi\u00e4<\/a>,<\/strong> harhailla labyrintiss\u00e4, tutustua avaruuteen planetaariossa, kokeilla j\u00e4nnitt\u00e4vi\u00e4 musiikki-instrumentteja, musisoida, urheilla, askarrella, leikki\u00e4 hauskoja leikkej\u00e4 yhdess\u00e4 Loten, Brunon, Albertin ja muiden kyl\u00e4l\u00e4isten kanssa sek\u00e4 kuunnella vanhan kulkukoira Klausin juttuja kaukaisista maista ja laivakapteeni Leon tarinoita aavoista merist\u00e4.<\/p>\n<p style=\"text-align: left;\">Joka p\u00e4iv\u00e4 on kuusi j\u00e4nnitt\u00e4v\u00e4\u00e4 esityst\u00e4, konsertti, jossa esitet\u00e4\u00e4n Keksij\u00e4kyl\u00e4n suurimpia hittej\u00e4, maraton ja tiedeteatteri sek\u00e4 pidet\u00e4\u00e4n muutoinkin hauskaa ja seikkaillaan. <strong>Suomea puhuvat hahmot ottavat vastaan Suomesta tulevat vierailijat, lis\u00e4ksi joka p\u00e4iv\u00e4 on suomenkielinen erikoisohjelma.<\/strong><\/p>\n<p style=\"text-align: left;\">Teemapuistolla on oma <strong><a href=\"https:\/\/lottemaa.ee\/fi\/paiva-lottemaassa\/merenranta\/\">ranta<\/a>, <a href=\"https:\/\/lottemaa.ee\/fi\/paiva-lottemaassa\/ruoat-ja-juomat\/\">ravintola<\/a><\/strong> sek\u00e4 useita kahviloita ja <strong><a href=\"https:\/\/lottemaa.ee\/fi\/meista\/arturin-kauppamatkamuistot\/\">puoteja<\/a>,<\/strong> joista voi ostaa matkamuistoja muistuttamaan upeasta p\u00e4iv\u00e4st\u00e4.<\/p>\n<p><a href=\"https:\/\/fienta.com\/fi\/lottemaa-suvi-2026\"><img loading=\"lazy\" decoding=\"async\" class=\"alignleft wp-image-19199 size-full\" src=\"https:\/\/lottemaa.ee\/wp-content\/uploads\/2023\/01\/osta_pilet_siit_fin.png\" alt=\"\" width=\"377\" height=\"100\" srcset=\"https:\/\/lottemaa.ee\/wp-content\/uploads\/2023\/01\/osta_pilet_siit_fin.png 377w, https:\/\/lottemaa.ee\/wp-content\/uploads\/2023\/01\/osta_pilet_siit_fin-300x80.png 300w, https:\/\/lottemaa.ee\/wp-content\/uploads\/2023\/01\/osta_pilet_siit_fin-114x30.png 114w\" sizes=\"auto, (max-width: 377px) 100vw, 377px\" \/><\/a><\/p>\n<p><iframe loading=\"lazy\" title=\"LOTTEMAAN TEEMAPUISTO | 8 tuntia el\u00e4myksi\u00f6 koko perheelle!\" width=\"500\" height=\"281\" src=\"https:\/\/www.youtube.com\/embed\/3R75kKM67iA?feature=oembed\" frameborder=\"0\" allow=\"accelerometer; autoplay; clipboard-write; encrypted-media; gyroscope; picture-in-picture; web-share\" referrerpolicy=\"strict-origin-when-cross-origin\" allowfullscreen><\/iframe><\/p>\n","protected":false},"excerpt":{"rendered":"<p>OLEMME AVOINNA 13.6.\u201330.8.2026 JOKA P\u00c4IV\u00c4 KLO 10\u201318 LOTTEMAA \u2013 Baltian suurin koko perheen teemapuisto P\u00e4rnumaalla, Virossa. Sielt\u00e4 l\u00f6ytyy iloa ja tekemist\u00e4 niin suurille kuin pienillekin vierailijoille koko p\u00e4iv\u00e4ksi. Yli 100 vetonaulaa, v\u00e4rik\u00e4st\u00e4 taloa, j\u00e4nnitt\u00e4v\u00e4\u00e4 keksint\u00f6\u00e4 ja leikkikalua. Lottemaassa voi seikkailla seikkailupuistossa, tavata Lotte-kirjoista ja -elokuvista tuttuja yst\u00e4vi\u00e4, harhailla labyrintiss\u00e4, tutustua avaruuteen planetaariossa, kokeilla j\u00e4nnitt\u00e4vi\u00e4 musiikki-instrumentteja, &hellip; <a href=\"https:\/\/lottemaa.ee\/fi\/meista\/kesa-2026\/\">Continued<\/a><\/p>\n","protected":false},"author":7,"featured_media":30529,"parent":597,"menu_order":271,"comment_status":"closed","ping_status":"closed","template":"","meta":{"_acf_changed":false,"om_disable_all_campaigns":false,"_uf_show_specific_survey":0,"_uf_disable_surveys":false,"footnotes":""},"class_list":["post-10210","page","type-page","status-publish","has-post-thumbnail","hentry"],"acf":[],"yoast_head":"<!-- This site is optimized with the Yoast SEO plugin v25.5 - https:\/\/yoast.com\/wordpress\/plugins\/seo\/ -->\n<title>Lottemaa kes\u00e4 2026 | Lottemaa Teemapark<\/title>\n<meta name=\"description\" content=\"P\u00e4rnumaalla sijaitseva Lottemaan teemapuisto on takuulla hyv\u00e4 syy suunnata t\u00e4m\u00e4n kes\u00e4n perhelomalla Viroon.\" \/>\n<meta name=\"robots\" content=\"index, follow, max-snippet:-1, max-image-preview:large, max-video-preview:-1\" \/>\n<link rel=\"canonical\" href=\"https:\/\/lottemaa.ee\/fi\/meista\/kesa-2026\/\" \/>\n<meta property=\"og:locale\" content=\"fi_FI\" \/>\n<meta property=\"og:type\" content=\"article\" \/>\n<meta property=\"og:title\" content=\"Lottemaa kes\u00e4 2026 | Lottemaa Teemapark\" \/>\n<meta property=\"og:description\" content=\"P\u00e4rnumaalla sijaitseva Lottemaan teemapuisto on takuulla hyv\u00e4 syy suunnata t\u00e4m\u00e4n kes\u00e4n perhelomalla Viroon.\" \/>\n<meta property=\"og:url\" content=\"https:\/\/lottemaa.ee\/fi\/meista\/kesa-2026\/\" \/>\n<meta property=\"og:site_name\" content=\"Lottemaa Teemapark\" \/>\n<meta property=\"article:modified_time\" content=\"2026-03-25T14:40:06+00:00\" \/>\n<meta property=\"og:image\" content=\"https:\/\/lottemaa.ee\/wp-content\/uploads\/2025\/06\/Programm-scaled.jpg\" \/>\n\t<meta property=\"og:image:width\" content=\"2560\" \/>\n\t<meta property=\"og:image:height\" content=\"1696\" \/>\n\t<meta property=\"og:image:type\" content=\"image\/jpeg\" \/>\n<meta name=\"twitter:card\" content=\"summary_large_image\" \/>\n<meta name=\"twitter:label1\" content=\"Arvioitu lukuaika\" \/>\n\t<meta name=\"twitter:data1\" content=\"2 minuuttia\" \/>\n<script type=\"application\/ld+json\" class=\"yoast-schema-graph\">{\"@context\":\"https:\/\/schema.org\",\"@graph\":[{\"@type\":\"WebPage\",\"@id\":\"https:\/\/lottemaa.ee\/fi\/meista\/kesa-2026\/\",\"url\":\"https:\/\/lottemaa.ee\/fi\/meista\/kesa-2026\/\",\"name\":\"Lottemaa kes\u00e4 2026 | Lottemaa Teemapark\",\"isPartOf\":{\"@id\":\"https:\/\/lottemaa.ee\/#website\"},\"primaryImageOfPage\":{\"@id\":\"https:\/\/lottemaa.ee\/fi\/meista\/kesa-2026\/#primaryimage\"},\"image\":{\"@id\":\"https:\/\/lottemaa.ee\/fi\/meista\/kesa-2026\/#primaryimage\"},\"thumbnailUrl\":\"https:\/\/lottemaa.ee\/wp-content\/uploads\/2025\/06\/Programm-scaled.jpg\",\"datePublished\":\"2021-01-05T12:45:06+00:00\",\"dateModified\":\"2026-03-25T14:40:06+00:00\",\"description\":\"P\u00e4rnumaalla sijaitseva Lottemaan teemapuisto on takuulla hyv\u00e4 syy suunnata t\u00e4m\u00e4n kes\u00e4n perhelomalla Viroon.\",\"breadcrumb\":{\"@id\":\"https:\/\/lottemaa.ee\/fi\/meista\/kesa-2026\/#breadcrumb\"},\"inLanguage\":\"fi\",\"potentialAction\":[{\"@type\":\"ReadAction\",\"target\":[\"https:\/\/lottemaa.ee\/fi\/meista\/kesa-2026\/\"]}]},{\"@type\":\"ImageObject\",\"inLanguage\":\"fi\",\"@id\":\"https:\/\/lottemaa.ee\/fi\/meista\/kesa-2026\/#primaryimage\",\"url\":\"https:\/\/lottemaa.ee\/wp-content\/uploads\/2025\/06\/Programm-scaled.jpg\",\"contentUrl\":\"https:\/\/lottemaa.ee\/wp-content\/uploads\/2025\/06\/Programm-scaled.jpg\",\"width\":2560,\"height\":1696},{\"@type\":\"BreadcrumbList\",\"@id\":\"https:\/\/lottemaa.ee\/fi\/meista\/kesa-2026\/#breadcrumb\",\"itemListElement\":[{\"@type\":\"ListItem\",\"position\":1,\"name\":\"Home\",\"item\":\"https:\/\/lottemaa.ee\/fi\/\"},{\"@type\":\"ListItem\",\"position\":2,\"name\":\"Meist\u00e4\",\"item\":\"https:\/\/lottemaa.ee\/fi\/meista\/\"},{\"@type\":\"ListItem\",\"position\":3,\"name\":\"Lottemaa kes\u00e4 2026\"}]},{\"@type\":\"WebSite\",\"@id\":\"https:\/\/lottemaa.ee\/#website\",\"url\":\"https:\/\/lottemaa.ee\/\",\"name\":\"Lottemaa Teemapark\",\"description\":\"Baltimaade suurim ja k\u00f5ige \u00e4gedam kogupere teemapark Eestis P\u00e4rnumaal\",\"publisher\":{\"@id\":\"https:\/\/lottemaa.ee\/#organization\"},\"potentialAction\":[{\"@type\":\"SearchAction\",\"target\":{\"@type\":\"EntryPoint\",\"urlTemplate\":\"https:\/\/lottemaa.ee\/?s={search_term_string}\"},\"query-input\":{\"@type\":\"PropertyValueSpecification\",\"valueRequired\":true,\"valueName\":\"search_term_string\"}}],\"inLanguage\":\"fi\"},{\"@type\":\"Organization\",\"@id\":\"https:\/\/lottemaa.ee\/#organization\",\"name\":\"Lottemaa Teemapark\",\"url\":\"https:\/\/lottemaa.ee\/\",\"logo\":{\"@type\":\"ImageObject\",\"inLanguage\":\"fi\",\"@id\":\"https:\/\/lottemaa.ee\/#\/schema\/logo\/image\/\",\"url\":\"https:\/\/lottemaa.ee\/wp-content\/uploads\/2018\/12\/Lottemaa_LOGO.png\",\"contentUrl\":\"https:\/\/lottemaa.ee\/wp-content\/uploads\/2018\/12\/Lottemaa_LOGO.png\",\"width\":1024,\"height\":518,\"caption\":\"Lottemaa Teemapark\"},\"image\":{\"@id\":\"https:\/\/lottemaa.ee\/#\/schema\/logo\/image\/\"}}]}<\/script>\n<!-- \/ Yoast SEO plugin. -->","yoast_head_json":{"title":"Lottemaa kes\u00e4 2026 | Lottemaa Teemapark","description":"P\u00e4rnumaalla sijaitseva Lottemaan teemapuisto on takuulla hyv\u00e4 syy suunnata t\u00e4m\u00e4n kes\u00e4n perhelomalla Viroon.","robots":{"index":"index","follow":"follow","max-snippet":"max-snippet:-1","max-image-preview":"max-image-preview:large","max-video-preview":"max-video-preview:-1"},"canonical":"https:\/\/lottemaa.ee\/fi\/meista\/kesa-2026\/","og_locale":"fi_FI","og_type":"article","og_title":"Lottemaa kes\u00e4 2026 | Lottemaa Teemapark","og_description":"P\u00e4rnumaalla sijaitseva Lottemaan teemapuisto on takuulla hyv\u00e4 syy suunnata t\u00e4m\u00e4n kes\u00e4n perhelomalla Viroon.","og_url":"https:\/\/lottemaa.ee\/fi\/meista\/kesa-2026\/","og_site_name":"Lottemaa Teemapark","article_modified_time":"2026-03-25T14:40:06+00:00","og_image":[{"width":2560,"height":1696,"url":"https:\/\/lottemaa.ee\/wp-content\/uploads\/2025\/06\/Programm-scaled.jpg","type":"image\/jpeg"}],"twitter_card":"summary_large_image","twitter_misc":{"Arvioitu lukuaika":"2 minuuttia"},"schema":{"@context":"https:\/\/schema.org","@graph":[{"@type":"WebPage","@id":"https:\/\/lottemaa.ee\/fi\/meista\/kesa-2026\/","url":"https:\/\/lottemaa.ee\/fi\/meista\/kesa-2026\/","name":"Lottemaa kes\u00e4 2026 | Lottemaa Teemapark","isPartOf":{"@id":"https:\/\/lottemaa.ee\/#website"},"primaryImageOfPage":{"@id":"https:\/\/lottemaa.ee\/fi\/meista\/kesa-2026\/#primaryimage"},"image":{"@id":"https:\/\/lottemaa.ee\/fi\/meista\/kesa-2026\/#primaryimage"},"thumbnailUrl":"https:\/\/lottemaa.ee\/wp-content\/uploads\/2025\/06\/Programm-scaled.jpg","datePublished":"2021-01-05T12:45:06+00:00","dateModified":"2026-03-25T14:40:06+00:00","description":"P\u00e4rnumaalla sijaitseva Lottemaan teemapuisto on takuulla hyv\u00e4 syy suunnata t\u00e4m\u00e4n kes\u00e4n perhelomalla Viroon.","breadcrumb":{"@id":"https:\/\/lottemaa.ee\/fi\/meista\/kesa-2026\/#breadcrumb"},"inLanguage":"fi","potentialAction":[{"@type":"ReadAction","target":["https:\/\/lottemaa.ee\/fi\/meista\/kesa-2026\/"]}]},{"@type":"ImageObject","inLanguage":"fi","@id":"https:\/\/lottemaa.ee\/fi\/meista\/kesa-2026\/#primaryimage","url":"https:\/\/lottemaa.ee\/wp-content\/uploads\/2025\/06\/Programm-scaled.jpg","contentUrl":"https:\/\/lottemaa.ee\/wp-content\/uploads\/2025\/06\/Programm-scaled.jpg","width":2560,"height":1696},{"@type":"BreadcrumbList","@id":"https:\/\/lottemaa.ee\/fi\/meista\/kesa-2026\/#breadcrumb","itemListElement":[{"@type":"ListItem","position":1,"name":"Home","item":"https:\/\/lottemaa.ee\/fi\/"},{"@type":"ListItem","position":2,"name":"Meist\u00e4","item":"https:\/\/lottemaa.ee\/fi\/meista\/"},{"@type":"ListItem","position":3,"name":"Lottemaa kes\u00e4 2026"}]},{"@type":"WebSite","@id":"https:\/\/lottemaa.ee\/#website","url":"https:\/\/lottemaa.ee\/","name":"Lottemaa Teemapark","description":"Baltimaade suurim ja k\u00f5ige \u00e4gedam kogupere teemapark Eestis P\u00e4rnumaal","publisher":{"@id":"https:\/\/lottemaa.ee\/#organization"},"potentialAction":[{"@type":"SearchAction","target":{"@type":"EntryPoint","urlTemplate":"https:\/\/lottemaa.ee\/?s={search_term_string}"},"query-input":{"@type":"PropertyValueSpecification","valueRequired":true,"valueName":"search_term_string"}}],"inLanguage":"fi"},{"@type":"Organization","@id":"https:\/\/lottemaa.ee\/#organization","name":"Lottemaa Teemapark","url":"https:\/\/lottemaa.ee\/","logo":{"@type":"ImageObject","inLanguage":"fi","@id":"https:\/\/lottemaa.ee\/#\/schema\/logo\/image\/","url":"https:\/\/lottemaa.ee\/wp-content\/uploads\/2018\/12\/Lottemaa_LOGO.png","contentUrl":"https:\/\/lottemaa.ee\/wp-content\/uploads\/2018\/12\/Lottemaa_LOGO.png","width":1024,"height":518,"caption":"Lottemaa Teemapark"},"image":{"@id":"https:\/\/lottemaa.ee\/#\/schema\/logo\/image\/"}}]}},"_links":{"self":[{"href":"https:\/\/lottemaa.ee\/fi\/wp-json\/wp\/v2\/pages\/10210","targetHints":{"allow":["GET"]}}],"collection":[{"href":"https:\/\/lottemaa.ee\/fi\/wp-json\/wp\/v2\/pages"}],"about":[{"href":"https:\/\/lottemaa.ee\/fi\/wp-json\/wp\/v2\/types\/page"}],"author":[{"embeddable":true,"href":"https:\/\/lottemaa.ee\/fi\/wp-json\/wp\/v2\/users\/7"}],"replies":[{"embeddable":true,"href":"https:\/\/lottemaa.ee\/fi\/wp-json\/wp\/v2\/comments?post=10210"}],"version-history":[{"count":5,"href":"https:\/\/lottemaa.ee\/fi\/wp-json\/wp\/v2\/pages\/10210\/revisions"}],"predecessor-version":[{"id":33001,"href":"https:\/\/lottemaa.ee\/fi\/wp-json\/wp\/v2\/pages\/10210\/revisions\/33001"}],"up":[{"embeddable":true,"href":"https:\/\/lottemaa.ee\/fi\/wp-json\/wp\/v2\/pages\/597"}],"wp:featuredmedia":[{"embeddable":true,"href":"https:\/\/lottemaa.ee\/fi\/wp-json\/wp\/v2\/media\/30529"}],"wp:attachment":[{"href":"https:\/\/lottemaa.ee\/fi\/wp-json\/wp\/v2\/media?parent=10210"}],"curies":[{"name":"wp","href":"https:\/\/api.w.org\/{rel}","templated":true}]}}