{"id":999,"date":"2016-05-16T17:14:52","date_gmt":"2016-05-16T14:14:52","guid":{"rendered":"http:\/\/sharks.ee\/lottemaa\/en\/?page_id=999"},"modified":"2023-02-16T13:37:41","modified_gmt":"2023-02-16T11:37:41","slug":"adalbert-the-rabbit","status":"publish","type":"page","link":"https:\/\/lottemaa.ee\/en\/about-us\/gadgetville-residents\/adalbert-the-rabbit\/","title":{"rendered":"Adalbert"},"content":{"rendered":"<p style=\"text-align: left;\"><strong>Albert\u2019s<\/strong> father Adalbert the hare longs to be the most famous inventor. Then he would be the most important hare in Gadgetville. However, Adalbert is impatient and restless, never properly finishing anything and that is the reason why he constantly fails. But Adalbert is an inveterate optimist, not letting setbacks to discourage him.<\/p>\n","protected":false},"excerpt":{"rendered":"<p>Albert\u2019s father Adalbert the hare longs to be the most famous inventor. Then he would be the most important hare in Gadgetville. However, Adalbert is impatient and restless, never properly finishing anything and that is the reason why he constantly fails. But Adalbert is an inveterate optimist, not letting setbacks to discourage him.<\/p>\n","protected":false},"author":1,"featured_media":1539,"parent":983,"menu_order":233,"comment_status":"closed","ping_status":"closed","template":"","meta":{"_acf_changed":false,"om_disable_all_campaigns":false,"_uf_show_specific_survey":0,"_uf_disable_surveys":false,"footnotes":""},"class_list":["post-999","page","type-page","status-publish","has-post-thumbnail","hentry"],"acf":[],"yoast_head":"<!-- This site is optimized with the Yoast SEO plugin v25.5 - https:\/\/yoast.com\/wordpress\/plugins\/seo\/ -->\n<title>Adalbert | Lottemaa Teemapark<\/title>\n<meta name=\"description\" content=\"Albert\u2019s father Adalbert the hare longs to be the most famous inventor. Then he would be the most important hare in Gadgetville.\" \/>\n<meta name=\"robots\" content=\"index, follow, max-snippet:-1, max-image-preview:large, max-video-preview:-1\" \/>\n<link rel=\"canonical\" href=\"https:\/\/lottemaa.ee\/en\/about-us\/gadgetville-residents\/adalbert-the-rabbit\/\" \/>\n<meta property=\"og:locale\" content=\"en_US\" \/>\n<meta property=\"og:type\" content=\"article\" \/>\n<meta property=\"og:title\" content=\"Adalbert | Lottemaa Teemapark\" \/>\n<meta property=\"og:description\" content=\"Albert\u2019s father Adalbert the hare longs to be the most famous inventor. Then he would be the most important hare in Gadgetville.\" \/>\n<meta property=\"og:url\" content=\"https:\/\/lottemaa.ee\/en\/about-us\/gadgetville-residents\/adalbert-the-rabbit\/\" \/>\n<meta property=\"og:site_name\" content=\"Lottemaa Teemapark\" \/>\n<meta property=\"article:modified_time\" content=\"2023-02-16T11:37:41+00:00\" \/>\n<meta property=\"og:image\" content=\"https:\/\/lottemaa.ee\/wp-content\/uploads\/2016\/05\/lottemaa-adalbert.jpg\" \/>\n\t<meta property=\"og:image:width\" content=\"316\" \/>\n\t<meta property=\"og:image:height\" content=\"177\" \/>\n\t<meta property=\"og:image:type\" content=\"image\/jpeg\" \/>\n<meta name=\"twitter:card\" content=\"summary_large_image\" \/>\n<meta name=\"twitter:label1\" content=\"Est. reading time\" \/>\n\t<meta name=\"twitter:data1\" content=\"1 minute\" \/>\n<script type=\"application\/ld+json\" class=\"yoast-schema-graph\">{\"@context\":\"https:\/\/schema.org\",\"@graph\":[{\"@type\":\"WebPage\",\"@id\":\"https:\/\/lottemaa.ee\/en\/about-us\/gadgetville-residents\/adalbert-the-rabbit\/\",\"url\":\"https:\/\/lottemaa.ee\/en\/about-us\/gadgetville-residents\/adalbert-the-rabbit\/\",\"name\":\"Adalbert | Lottemaa Teemapark\",\"isPartOf\":{\"@id\":\"https:\/\/lottemaa.ee\/#website\"},\"primaryImageOfPage\":{\"@id\":\"https:\/\/lottemaa.ee\/en\/about-us\/gadgetville-residents\/adalbert-the-rabbit\/#primaryimage\"},\"image\":{\"@id\":\"https:\/\/lottemaa.ee\/en\/about-us\/gadgetville-residents\/adalbert-the-rabbit\/#primaryimage\"},\"thumbnailUrl\":\"https:\/\/lottemaa.ee\/wp-content\/uploads\/2016\/05\/lottemaa-adalbert.jpg\",\"datePublished\":\"2016-05-16T14:14:52+00:00\",\"dateModified\":\"2023-02-16T11:37:41+00:00\",\"description\":\"Albert\u2019s father Adalbert the hare longs to be the most famous inventor. Then he would be the most important hare in Gadgetville.\",\"breadcrumb\":{\"@id\":\"https:\/\/lottemaa.ee\/en\/about-us\/gadgetville-residents\/adalbert-the-rabbit\/#breadcrumb\"},\"inLanguage\":\"en-US\",\"potentialAction\":[{\"@type\":\"ReadAction\",\"target\":[\"https:\/\/lottemaa.ee\/en\/about-us\/gadgetville-residents\/adalbert-the-rabbit\/\"]}]},{\"@type\":\"ImageObject\",\"inLanguage\":\"en-US\",\"@id\":\"https:\/\/lottemaa.ee\/en\/about-us\/gadgetville-residents\/adalbert-the-rabbit\/#primaryimage\",\"url\":\"https:\/\/lottemaa.ee\/wp-content\/uploads\/2016\/05\/lottemaa-adalbert.jpg\",\"contentUrl\":\"https:\/\/lottemaa.ee\/wp-content\/uploads\/2016\/05\/lottemaa-adalbert.jpg\",\"width\":316,\"height\":177},{\"@type\":\"BreadcrumbList\",\"@id\":\"https:\/\/lottemaa.ee\/en\/about-us\/gadgetville-residents\/adalbert-the-rabbit\/#breadcrumb\",\"itemListElement\":[{\"@type\":\"ListItem\",\"position\":1,\"name\":\"Home\",\"item\":\"https:\/\/lottemaa.ee\/en\/\"},{\"@type\":\"ListItem\",\"position\":2,\"name\":\"About Us\",\"item\":\"https:\/\/lottemaa.ee\/en\/about-us\/\"},{\"@type\":\"ListItem\",\"position\":3,\"name\":\"Gadgetville residents\",\"item\":\"https:\/\/lottemaa.ee\/en\/about-us\/gadgetville-residents\/\"},{\"@type\":\"ListItem\",\"position\":4,\"name\":\"Adalbert\"}]},{\"@type\":\"WebSite\",\"@id\":\"https:\/\/lottemaa.ee\/#website\",\"url\":\"https:\/\/lottemaa.ee\/\",\"name\":\"Lottemaa Teemapark\",\"description\":\"Baltimaade suurim ja k\u00f5ige \u00e4gedam kogupere teemapark Eestis P\u00e4rnumaal\",\"publisher\":{\"@id\":\"https:\/\/lottemaa.ee\/#organization\"},\"potentialAction\":[{\"@type\":\"SearchAction\",\"target\":{\"@type\":\"EntryPoint\",\"urlTemplate\":\"https:\/\/lottemaa.ee\/?s={search_term_string}\"},\"query-input\":{\"@type\":\"PropertyValueSpecification\",\"valueRequired\":true,\"valueName\":\"search_term_string\"}}],\"inLanguage\":\"en-US\"},{\"@type\":\"Organization\",\"@id\":\"https:\/\/lottemaa.ee\/#organization\",\"name\":\"Lottemaa Teemapark\",\"url\":\"https:\/\/lottemaa.ee\/\",\"logo\":{\"@type\":\"ImageObject\",\"inLanguage\":\"en-US\",\"@id\":\"https:\/\/lottemaa.ee\/#\/schema\/logo\/image\/\",\"url\":\"https:\/\/lottemaa.ee\/wp-content\/uploads\/2018\/12\/Lottemaa_LOGO.png\",\"contentUrl\":\"https:\/\/lottemaa.ee\/wp-content\/uploads\/2018\/12\/Lottemaa_LOGO.png\",\"width\":1024,\"height\":518,\"caption\":\"Lottemaa Teemapark\"},\"image\":{\"@id\":\"https:\/\/lottemaa.ee\/#\/schema\/logo\/image\/\"}}]}<\/script>\n<!-- \/ Yoast SEO plugin. -->","yoast_head_json":{"title":"Adalbert | Lottemaa Teemapark","description":"Albert\u2019s father Adalbert the hare longs to be the most famous inventor. Then he would be the most important hare in Gadgetville.","robots":{"index":"index","follow":"follow","max-snippet":"max-snippet:-1","max-image-preview":"max-image-preview:large","max-video-preview":"max-video-preview:-1"},"canonical":"https:\/\/lottemaa.ee\/en\/about-us\/gadgetville-residents\/adalbert-the-rabbit\/","og_locale":"en_US","og_type":"article","og_title":"Adalbert | Lottemaa Teemapark","og_description":"Albert\u2019s father Adalbert the hare longs to be the most famous inventor. Then he would be the most important hare in Gadgetville.","og_url":"https:\/\/lottemaa.ee\/en\/about-us\/gadgetville-residents\/adalbert-the-rabbit\/","og_site_name":"Lottemaa Teemapark","article_modified_time":"2023-02-16T11:37:41+00:00","og_image":[{"width":316,"height":177,"url":"https:\/\/lottemaa.ee\/wp-content\/uploads\/2016\/05\/lottemaa-adalbert.jpg","type":"image\/jpeg"}],"twitter_card":"summary_large_image","twitter_misc":{"Est. reading time":"1 minute"},"schema":{"@context":"https:\/\/schema.org","@graph":[{"@type":"WebPage","@id":"https:\/\/lottemaa.ee\/en\/about-us\/gadgetville-residents\/adalbert-the-rabbit\/","url":"https:\/\/lottemaa.ee\/en\/about-us\/gadgetville-residents\/adalbert-the-rabbit\/","name":"Adalbert | Lottemaa Teemapark","isPartOf":{"@id":"https:\/\/lottemaa.ee\/#website"},"primaryImageOfPage":{"@id":"https:\/\/lottemaa.ee\/en\/about-us\/gadgetville-residents\/adalbert-the-rabbit\/#primaryimage"},"image":{"@id":"https:\/\/lottemaa.ee\/en\/about-us\/gadgetville-residents\/adalbert-the-rabbit\/#primaryimage"},"thumbnailUrl":"https:\/\/lottemaa.ee\/wp-content\/uploads\/2016\/05\/lottemaa-adalbert.jpg","datePublished":"2016-05-16T14:14:52+00:00","dateModified":"2023-02-16T11:37:41+00:00","description":"Albert\u2019s father Adalbert the hare longs to be the most famous inventor. Then he would be the most important hare in Gadgetville.","breadcrumb":{"@id":"https:\/\/lottemaa.ee\/en\/about-us\/gadgetville-residents\/adalbert-the-rabbit\/#breadcrumb"},"inLanguage":"en-US","potentialAction":[{"@type":"ReadAction","target":["https:\/\/lottemaa.ee\/en\/about-us\/gadgetville-residents\/adalbert-the-rabbit\/"]}]},{"@type":"ImageObject","inLanguage":"en-US","@id":"https:\/\/lottemaa.ee\/en\/about-us\/gadgetville-residents\/adalbert-the-rabbit\/#primaryimage","url":"https:\/\/lottemaa.ee\/wp-content\/uploads\/2016\/05\/lottemaa-adalbert.jpg","contentUrl":"https:\/\/lottemaa.ee\/wp-content\/uploads\/2016\/05\/lottemaa-adalbert.jpg","width":316,"height":177},{"@type":"BreadcrumbList","@id":"https:\/\/lottemaa.ee\/en\/about-us\/gadgetville-residents\/adalbert-the-rabbit\/#breadcrumb","itemListElement":[{"@type":"ListItem","position":1,"name":"Home","item":"https:\/\/lottemaa.ee\/en\/"},{"@type":"ListItem","position":2,"name":"About Us","item":"https:\/\/lottemaa.ee\/en\/about-us\/"},{"@type":"ListItem","position":3,"name":"Gadgetville residents","item":"https:\/\/lottemaa.ee\/en\/about-us\/gadgetville-residents\/"},{"@type":"ListItem","position":4,"name":"Adalbert"}]},{"@type":"WebSite","@id":"https:\/\/lottemaa.ee\/#website","url":"https:\/\/lottemaa.ee\/","name":"Lottemaa Teemapark","description":"Baltimaade suurim ja k\u00f5ige \u00e4gedam kogupere teemapark Eestis P\u00e4rnumaal","publisher":{"@id":"https:\/\/lottemaa.ee\/#organization"},"potentialAction":[{"@type":"SearchAction","target":{"@type":"EntryPoint","urlTemplate":"https:\/\/lottemaa.ee\/?s={search_term_string}"},"query-input":{"@type":"PropertyValueSpecification","valueRequired":true,"valueName":"search_term_string"}}],"inLanguage":"en-US"},{"@type":"Organization","@id":"https:\/\/lottemaa.ee\/#organization","name":"Lottemaa Teemapark","url":"https:\/\/lottemaa.ee\/","logo":{"@type":"ImageObject","inLanguage":"en-US","@id":"https:\/\/lottemaa.ee\/#\/schema\/logo\/image\/","url":"https:\/\/lottemaa.ee\/wp-content\/uploads\/2018\/12\/Lottemaa_LOGO.png","contentUrl":"https:\/\/lottemaa.ee\/wp-content\/uploads\/2018\/12\/Lottemaa_LOGO.png","width":1024,"height":518,"caption":"Lottemaa Teemapark"},"image":{"@id":"https:\/\/lottemaa.ee\/#\/schema\/logo\/image\/"}}]}},"_links":{"self":[{"href":"https:\/\/lottemaa.ee\/en\/wp-json\/wp\/v2\/pages\/999","targetHints":{"allow":["GET"]}}],"collection":[{"href":"https:\/\/lottemaa.ee\/en\/wp-json\/wp\/v2\/pages"}],"about":[{"href":"https:\/\/lottemaa.ee\/en\/wp-json\/wp\/v2\/types\/page"}],"author":[{"embeddable":true,"href":"https:\/\/lottemaa.ee\/en\/wp-json\/wp\/v2\/users\/1"}],"replies":[{"embeddable":true,"href":"https:\/\/lottemaa.ee\/en\/wp-json\/wp\/v2\/comments?post=999"}],"version-history":[{"count":4,"href":"https:\/\/lottemaa.ee\/en\/wp-json\/wp\/v2\/pages\/999\/revisions"}],"predecessor-version":[{"id":20668,"href":"https:\/\/lottemaa.ee\/en\/wp-json\/wp\/v2\/pages\/999\/revisions\/20668"}],"up":[{"embeddable":true,"href":"https:\/\/lottemaa.ee\/en\/wp-json\/wp\/v2\/pages\/983"}],"wp:featuredmedia":[{"embeddable":true,"href":"https:\/\/lottemaa.ee\/en\/wp-json\/wp\/v2\/media\/1539"}],"wp:attachment":[{"href":"https:\/\/lottemaa.ee\/en\/wp-json\/wp\/v2\/media?parent=999"}],"curies":[{"name":"wp","href":"https:\/\/api.w.org\/{rel}","templated":true}]}}