{"id":981,"date":"2016-05-16T17:04:02","date_gmt":"2016-05-16T14:04:02","guid":{"rendered":"http:\/\/sharks.ee\/lottemaa\/en\/?page_id=981"},"modified":"2024-09-26T12:16:33","modified_gmt":"2024-09-26T09:16:33","slug":"the-elektrumijaam-watermill","status":"publish","type":"page","link":"https:\/\/lottemaa.ee\/en\/a-day-in-lotte-village\/buildings-and-activites\/the-elektrumijaam-watermill\/","title":{"rendered":"The Elektrumijaam Watermill"},"content":{"rendered":"<p lang=\"en-US\" style=\"text-align: left;\">The<strong> Elektrumijaam Watermill<\/strong>\u00a0is a very important place for the village because it provides the entire village with power. As is well known, electricity makes life more comfortable. The watermill keeps working and the icicles in the cold storage of Doctor Ave sing their merry tunes. And no one has to read a storybook in the dim light. Every child knows that reading in the dark is bad for your eyes. Electricity\u2019s great friend, Albert the hare often comes to have a chat with him at the Elektrum Power Station. Sometimes they visit electricity\u2019s grandfather together.<\/p>\n","protected":false},"excerpt":{"rendered":"<p>The Elektrumijaam Watermill\u00a0is a very important place for the village because it provides the entire village with power. As is well known, electricity makes life more comfortable. The watermill keeps working and the icicles in the cold storage of Doctor Ave sing their merry tunes. And no one has to read a storybook in the &hellip; <a href=\"https:\/\/lottemaa.ee\/en\/a-day-in-lotte-village\/buildings-and-activites\/the-elektrumijaam-watermill\/\">Continued<\/a><\/p>\n","protected":false},"author":1,"featured_media":13451,"parent":959,"menu_order":655,"comment_status":"closed","ping_status":"closed","template":"","meta":{"_acf_changed":false,"om_disable_all_campaigns":false,"_uf_show_specific_survey":0,"_uf_disable_surveys":false,"footnotes":""},"class_list":["post-981","page","type-page","status-publish","has-post-thumbnail","hentry"],"acf":[],"yoast_head":"<!-- This site is optimized with the Yoast SEO plugin v25.5 - https:\/\/yoast.com\/wordpress\/plugins\/seo\/ -->\n<title>The Elektrumijaam Watermill | Lottemaa Teemapark<\/title>\n<meta name=\"robots\" content=\"index, follow, max-snippet:-1, max-image-preview:large, max-video-preview:-1\" \/>\n<link rel=\"canonical\" href=\"https:\/\/lottemaa.ee\/en\/a-day-in-lotte-village\/buildings-and-activites\/the-elektrumijaam-watermill\/\" \/>\n<meta property=\"og:locale\" content=\"en_US\" \/>\n<meta property=\"og:type\" content=\"article\" \/>\n<meta property=\"og:title\" content=\"The Elektrumijaam Watermill | Lottemaa Teemapark\" \/>\n<meta property=\"og:description\" content=\"The Elektrumijaam Watermill\u00a0is a very important place for the village because it provides the entire village with power. As is well known, electricity makes life more comfortable. The watermill keeps working and the icicles in the cold storage of Doctor Ave sing their merry tunes. And no one has to read a storybook in the &hellip; Continued\" \/>\n<meta property=\"og:url\" content=\"https:\/\/lottemaa.ee\/en\/a-day-in-lotte-village\/buildings-and-activites\/the-elektrumijaam-watermill\/\" \/>\n<meta property=\"og:site_name\" content=\"Lottemaa Teemapark\" \/>\n<meta property=\"article:modified_time\" content=\"2024-09-26T09:16:33+00:00\" \/>\n<meta property=\"og:image\" content=\"https:\/\/lottemaa.ee\/wp-content\/uploads\/2022\/04\/DSC_7082-scaled.jpg\" \/>\n\t<meta property=\"og:image:width\" content=\"2560\" \/>\n\t<meta property=\"og:image:height\" content=\"1696\" \/>\n\t<meta property=\"og:image:type\" content=\"image\/jpeg\" \/>\n<meta name=\"twitter:card\" content=\"summary_large_image\" \/>\n<meta name=\"twitter:label1\" content=\"Est. reading time\" \/>\n\t<meta name=\"twitter:data1\" content=\"1 minute\" \/>\n<script type=\"application\/ld+json\" class=\"yoast-schema-graph\">{\"@context\":\"https:\/\/schema.org\",\"@graph\":[{\"@type\":\"WebPage\",\"@id\":\"https:\/\/lottemaa.ee\/en\/a-day-in-lotte-village\/buildings-and-activites\/the-elektrumijaam-watermill\/\",\"url\":\"https:\/\/lottemaa.ee\/en\/a-day-in-lotte-village\/buildings-and-activites\/the-elektrumijaam-watermill\/\",\"name\":\"The Elektrumijaam Watermill | Lottemaa Teemapark\",\"isPartOf\":{\"@id\":\"https:\/\/lottemaa.ee\/#website\"},\"primaryImageOfPage\":{\"@id\":\"https:\/\/lottemaa.ee\/en\/a-day-in-lotte-village\/buildings-and-activites\/the-elektrumijaam-watermill\/#primaryimage\"},\"image\":{\"@id\":\"https:\/\/lottemaa.ee\/en\/a-day-in-lotte-village\/buildings-and-activites\/the-elektrumijaam-watermill\/#primaryimage\"},\"thumbnailUrl\":\"https:\/\/lottemaa.ee\/wp-content\/uploads\/2022\/04\/DSC_7082-scaled.jpg\",\"datePublished\":\"2016-05-16T14:04:02+00:00\",\"dateModified\":\"2024-09-26T09:16:33+00:00\",\"breadcrumb\":{\"@id\":\"https:\/\/lottemaa.ee\/en\/a-day-in-lotte-village\/buildings-and-activites\/the-elektrumijaam-watermill\/#breadcrumb\"},\"inLanguage\":\"en-US\",\"potentialAction\":[{\"@type\":\"ReadAction\",\"target\":[\"https:\/\/lottemaa.ee\/en\/a-day-in-lotte-village\/buildings-and-activites\/the-elektrumijaam-watermill\/\"]}]},{\"@type\":\"ImageObject\",\"inLanguage\":\"en-US\",\"@id\":\"https:\/\/lottemaa.ee\/en\/a-day-in-lotte-village\/buildings-and-activites\/the-elektrumijaam-watermill\/#primaryimage\",\"url\":\"https:\/\/lottemaa.ee\/wp-content\/uploads\/2022\/04\/DSC_7082-scaled.jpg\",\"contentUrl\":\"https:\/\/lottemaa.ee\/wp-content\/uploads\/2022\/04\/DSC_7082-scaled.jpg\",\"width\":2560,\"height\":1696},{\"@type\":\"BreadcrumbList\",\"@id\":\"https:\/\/lottemaa.ee\/en\/a-day-in-lotte-village\/buildings-and-activites\/the-elektrumijaam-watermill\/#breadcrumb\",\"itemListElement\":[{\"@type\":\"ListItem\",\"position\":1,\"name\":\"Home\",\"item\":\"https:\/\/lottemaa.ee\/en\/\"},{\"@type\":\"ListItem\",\"position\":2,\"name\":\"A day in Lotte Village\",\"item\":\"https:\/\/lottemaa.ee\/en\/a-day-in-lotte-village\/\"},{\"@type\":\"ListItem\",\"position\":3,\"name\":\"Houses and activites\",\"item\":\"https:\/\/lottemaa.ee\/en\/a-day-in-lotte-village\/buildings-and-activites\/\"},{\"@type\":\"ListItem\",\"position\":4,\"name\":\"The Elektrumijaam Watermill\"}]},{\"@type\":\"WebSite\",\"@id\":\"https:\/\/lottemaa.ee\/#website\",\"url\":\"https:\/\/lottemaa.ee\/\",\"name\":\"Lottemaa Teemapark\",\"description\":\"Baltimaade suurim ja k\u00f5ige \u00e4gedam kogupere teemapark Eestis P\u00e4rnumaal\",\"publisher\":{\"@id\":\"https:\/\/lottemaa.ee\/#organization\"},\"potentialAction\":[{\"@type\":\"SearchAction\",\"target\":{\"@type\":\"EntryPoint\",\"urlTemplate\":\"https:\/\/lottemaa.ee\/?s={search_term_string}\"},\"query-input\":{\"@type\":\"PropertyValueSpecification\",\"valueRequired\":true,\"valueName\":\"search_term_string\"}}],\"inLanguage\":\"en-US\"},{\"@type\":\"Organization\",\"@id\":\"https:\/\/lottemaa.ee\/#organization\",\"name\":\"Lottemaa Teemapark\",\"url\":\"https:\/\/lottemaa.ee\/\",\"logo\":{\"@type\":\"ImageObject\",\"inLanguage\":\"en-US\",\"@id\":\"https:\/\/lottemaa.ee\/#\/schema\/logo\/image\/\",\"url\":\"https:\/\/lottemaa.ee\/wp-content\/uploads\/2018\/12\/Lottemaa_LOGO.png\",\"contentUrl\":\"https:\/\/lottemaa.ee\/wp-content\/uploads\/2018\/12\/Lottemaa_LOGO.png\",\"width\":1024,\"height\":518,\"caption\":\"Lottemaa Teemapark\"},\"image\":{\"@id\":\"https:\/\/lottemaa.ee\/#\/schema\/logo\/image\/\"}}]}<\/script>\n<!-- \/ Yoast SEO plugin. -->","yoast_head_json":{"title":"The Elektrumijaam Watermill | Lottemaa Teemapark","robots":{"index":"index","follow":"follow","max-snippet":"max-snippet:-1","max-image-preview":"max-image-preview:large","max-video-preview":"max-video-preview:-1"},"canonical":"https:\/\/lottemaa.ee\/en\/a-day-in-lotte-village\/buildings-and-activites\/the-elektrumijaam-watermill\/","og_locale":"en_US","og_type":"article","og_title":"The Elektrumijaam Watermill | Lottemaa Teemapark","og_description":"The Elektrumijaam Watermill\u00a0is a very important place for the village because it provides the entire village with power. As is well known, electricity makes life more comfortable. The watermill keeps working and the icicles in the cold storage of Doctor Ave sing their merry tunes. And no one has to read a storybook in the &hellip; Continued","og_url":"https:\/\/lottemaa.ee\/en\/a-day-in-lotte-village\/buildings-and-activites\/the-elektrumijaam-watermill\/","og_site_name":"Lottemaa Teemapark","article_modified_time":"2024-09-26T09:16:33+00:00","og_image":[{"width":2560,"height":1696,"url":"https:\/\/lottemaa.ee\/wp-content\/uploads\/2022\/04\/DSC_7082-scaled.jpg","type":"image\/jpeg"}],"twitter_card":"summary_large_image","twitter_misc":{"Est. reading time":"1 minute"},"schema":{"@context":"https:\/\/schema.org","@graph":[{"@type":"WebPage","@id":"https:\/\/lottemaa.ee\/en\/a-day-in-lotte-village\/buildings-and-activites\/the-elektrumijaam-watermill\/","url":"https:\/\/lottemaa.ee\/en\/a-day-in-lotte-village\/buildings-and-activites\/the-elektrumijaam-watermill\/","name":"The Elektrumijaam Watermill | Lottemaa Teemapark","isPartOf":{"@id":"https:\/\/lottemaa.ee\/#website"},"primaryImageOfPage":{"@id":"https:\/\/lottemaa.ee\/en\/a-day-in-lotte-village\/buildings-and-activites\/the-elektrumijaam-watermill\/#primaryimage"},"image":{"@id":"https:\/\/lottemaa.ee\/en\/a-day-in-lotte-village\/buildings-and-activites\/the-elektrumijaam-watermill\/#primaryimage"},"thumbnailUrl":"https:\/\/lottemaa.ee\/wp-content\/uploads\/2022\/04\/DSC_7082-scaled.jpg","datePublished":"2016-05-16T14:04:02+00:00","dateModified":"2024-09-26T09:16:33+00:00","breadcrumb":{"@id":"https:\/\/lottemaa.ee\/en\/a-day-in-lotte-village\/buildings-and-activites\/the-elektrumijaam-watermill\/#breadcrumb"},"inLanguage":"en-US","potentialAction":[{"@type":"ReadAction","target":["https:\/\/lottemaa.ee\/en\/a-day-in-lotte-village\/buildings-and-activites\/the-elektrumijaam-watermill\/"]}]},{"@type":"ImageObject","inLanguage":"en-US","@id":"https:\/\/lottemaa.ee\/en\/a-day-in-lotte-village\/buildings-and-activites\/the-elektrumijaam-watermill\/#primaryimage","url":"https:\/\/lottemaa.ee\/wp-content\/uploads\/2022\/04\/DSC_7082-scaled.jpg","contentUrl":"https:\/\/lottemaa.ee\/wp-content\/uploads\/2022\/04\/DSC_7082-scaled.jpg","width":2560,"height":1696},{"@type":"BreadcrumbList","@id":"https:\/\/lottemaa.ee\/en\/a-day-in-lotte-village\/buildings-and-activites\/the-elektrumijaam-watermill\/#breadcrumb","itemListElement":[{"@type":"ListItem","position":1,"name":"Home","item":"https:\/\/lottemaa.ee\/en\/"},{"@type":"ListItem","position":2,"name":"A day in Lotte Village","item":"https:\/\/lottemaa.ee\/en\/a-day-in-lotte-village\/"},{"@type":"ListItem","position":3,"name":"Houses and activites","item":"https:\/\/lottemaa.ee\/en\/a-day-in-lotte-village\/buildings-and-activites\/"},{"@type":"ListItem","position":4,"name":"The Elektrumijaam Watermill"}]},{"@type":"WebSite","@id":"https:\/\/lottemaa.ee\/#website","url":"https:\/\/lottemaa.ee\/","name":"Lottemaa Teemapark","description":"Baltimaade suurim ja k\u00f5ige \u00e4gedam kogupere teemapark Eestis P\u00e4rnumaal","publisher":{"@id":"https:\/\/lottemaa.ee\/#organization"},"potentialAction":[{"@type":"SearchAction","target":{"@type":"EntryPoint","urlTemplate":"https:\/\/lottemaa.ee\/?s={search_term_string}"},"query-input":{"@type":"PropertyValueSpecification","valueRequired":true,"valueName":"search_term_string"}}],"inLanguage":"en-US"},{"@type":"Organization","@id":"https:\/\/lottemaa.ee\/#organization","name":"Lottemaa Teemapark","url":"https:\/\/lottemaa.ee\/","logo":{"@type":"ImageObject","inLanguage":"en-US","@id":"https:\/\/lottemaa.ee\/#\/schema\/logo\/image\/","url":"https:\/\/lottemaa.ee\/wp-content\/uploads\/2018\/12\/Lottemaa_LOGO.png","contentUrl":"https:\/\/lottemaa.ee\/wp-content\/uploads\/2018\/12\/Lottemaa_LOGO.png","width":1024,"height":518,"caption":"Lottemaa Teemapark"},"image":{"@id":"https:\/\/lottemaa.ee\/#\/schema\/logo\/image\/"}}]}},"_links":{"self":[{"href":"https:\/\/lottemaa.ee\/en\/wp-json\/wp\/v2\/pages\/981","targetHints":{"allow":["GET"]}}],"collection":[{"href":"https:\/\/lottemaa.ee\/en\/wp-json\/wp\/v2\/pages"}],"about":[{"href":"https:\/\/lottemaa.ee\/en\/wp-json\/wp\/v2\/types\/page"}],"author":[{"embeddable":true,"href":"https:\/\/lottemaa.ee\/en\/wp-json\/wp\/v2\/users\/1"}],"replies":[{"embeddable":true,"href":"https:\/\/lottemaa.ee\/en\/wp-json\/wp\/v2\/comments?post=981"}],"version-history":[{"count":5,"href":"https:\/\/lottemaa.ee\/en\/wp-json\/wp\/v2\/pages\/981\/revisions"}],"predecessor-version":[{"id":28595,"href":"https:\/\/lottemaa.ee\/en\/wp-json\/wp\/v2\/pages\/981\/revisions\/28595"}],"up":[{"embeddable":true,"href":"https:\/\/lottemaa.ee\/en\/wp-json\/wp\/v2\/pages\/959"}],"wp:featuredmedia":[{"embeddable":true,"href":"https:\/\/lottemaa.ee\/en\/wp-json\/wp\/v2\/media\/13451"}],"wp:attachment":[{"href":"https:\/\/lottemaa.ee\/en\/wp-json\/wp\/v2\/media?parent=981"}],"curies":[{"name":"wp","href":"https:\/\/api.w.org\/{rel}","templated":true}]}}