{"id":977,"date":"2016-05-16T17:02:28","date_gmt":"2016-05-16T14:02:28","guid":{"rendered":"http:\/\/sharks.ee\/lottemaa\/en\/?page_id=977"},"modified":"2024-09-26T12:16:05","modified_gmt":"2024-09-26T09:16:05","slug":"the-tower-of-the-discovery-of-the-internet","status":"publish","type":"page","link":"https:\/\/lottemaa.ee\/en\/a-day-in-lotte-village\/buildings-and-activites\/the-tower-of-the-discovery-of-the-internet\/","title":{"rendered":"The Tower of the Discovery of the Internet"},"content":{"rendered":"<p lang=\"en-US\" style=\"text-align: left;\">Tiny Internet men live in the Tower of the Discovery of the Internet. You cannot see them with the naked eye, but you may spot the little men of the lower floors with a magnifying glass. The higher up you go, the faster and quicker little men you will see.<\/p>\n","protected":false},"excerpt":{"rendered":"<p>Tiny Internet men live in the Tower of the Discovery of the Internet. You cannot see them with the naked eye, but you may spot the little men of the lower floors with a magnifying glass. The higher up you go, the faster and quicker little men you will see.<\/p>\n","protected":false},"author":1,"featured_media":13376,"parent":959,"menu_order":652,"comment_status":"closed","ping_status":"closed","template":"","meta":{"_acf_changed":false,"om_disable_all_campaigns":false,"_uf_show_specific_survey":0,"_uf_disable_surveys":false,"footnotes":""},"class_list":["post-977","page","type-page","status-publish","has-post-thumbnail","hentry"],"acf":[],"yoast_head":"<!-- This site is optimized with the Yoast SEO plugin v25.5 - https:\/\/yoast.com\/wordpress\/plugins\/seo\/ -->\n<title>The Tower of the Discovery of the Internet | Lottemaa Teemapark<\/title>\n<meta name=\"description\" content=\"Tiny Internet men live in the Tower of the Discovery of the Internet. You cannot see them with the naked eye, but you may spot the little men of the lower floors with a magnifying glass.\" \/>\n<meta name=\"robots\" content=\"index, follow, max-snippet:-1, max-image-preview:large, max-video-preview:-1\" \/>\n<link rel=\"canonical\" href=\"https:\/\/lottemaa.ee\/en\/a-day-in-lotte-village\/buildings-and-activites\/the-tower-of-the-discovery-of-the-internet\/\" \/>\n<meta property=\"og:locale\" content=\"en_US\" \/>\n<meta property=\"og:type\" content=\"article\" \/>\n<meta property=\"og:title\" content=\"The Tower of the Discovery of the Internet | Lottemaa Teemapark\" \/>\n<meta property=\"og:description\" content=\"Tiny Internet men live in the Tower of the Discovery of the Internet. You cannot see them with the naked eye, but you may spot the little men of the lower floors with a magnifying glass.\" \/>\n<meta property=\"og:url\" content=\"https:\/\/lottemaa.ee\/en\/a-day-in-lotte-village\/buildings-and-activites\/the-tower-of-the-discovery-of-the-internet\/\" \/>\n<meta property=\"og:site_name\" content=\"Lottemaa Teemapark\" \/>\n<meta property=\"article:modified_time\" content=\"2024-09-26T09:16:05+00:00\" \/>\n<meta property=\"og:image\" content=\"https:\/\/lottemaa.ee\/wp-content\/uploads\/2022\/04\/DSC_7455-scaled.jpg\" \/>\n\t<meta property=\"og:image:width\" content=\"1696\" \/>\n\t<meta property=\"og:image:height\" content=\"2560\" \/>\n\t<meta property=\"og:image:type\" content=\"image\/jpeg\" \/>\n<meta name=\"twitter:card\" content=\"summary_large_image\" \/>\n<meta name=\"twitter:label1\" content=\"Est. reading time\" \/>\n\t<meta name=\"twitter:data1\" content=\"1 minute\" \/>\n<script type=\"application\/ld+json\" class=\"yoast-schema-graph\">{\"@context\":\"https:\/\/schema.org\",\"@graph\":[{\"@type\":\"WebPage\",\"@id\":\"https:\/\/lottemaa.ee\/en\/a-day-in-lotte-village\/buildings-and-activites\/the-tower-of-the-discovery-of-the-internet\/\",\"url\":\"https:\/\/lottemaa.ee\/en\/a-day-in-lotte-village\/buildings-and-activites\/the-tower-of-the-discovery-of-the-internet\/\",\"name\":\"The Tower of the Discovery of the Internet | Lottemaa Teemapark\",\"isPartOf\":{\"@id\":\"https:\/\/lottemaa.ee\/#website\"},\"primaryImageOfPage\":{\"@id\":\"https:\/\/lottemaa.ee\/en\/a-day-in-lotte-village\/buildings-and-activites\/the-tower-of-the-discovery-of-the-internet\/#primaryimage\"},\"image\":{\"@id\":\"https:\/\/lottemaa.ee\/en\/a-day-in-lotte-village\/buildings-and-activites\/the-tower-of-the-discovery-of-the-internet\/#primaryimage\"},\"thumbnailUrl\":\"https:\/\/lottemaa.ee\/wp-content\/uploads\/2022\/04\/DSC_7455-scaled.jpg\",\"datePublished\":\"2016-05-16T14:02:28+00:00\",\"dateModified\":\"2024-09-26T09:16:05+00:00\",\"description\":\"Tiny Internet men live in the Tower of the Discovery of the Internet. You cannot see them with the naked eye, but you may spot the little men of the lower floors with a magnifying glass.\",\"breadcrumb\":{\"@id\":\"https:\/\/lottemaa.ee\/en\/a-day-in-lotte-village\/buildings-and-activites\/the-tower-of-the-discovery-of-the-internet\/#breadcrumb\"},\"inLanguage\":\"en-US\",\"potentialAction\":[{\"@type\":\"ReadAction\",\"target\":[\"https:\/\/lottemaa.ee\/en\/a-day-in-lotte-village\/buildings-and-activites\/the-tower-of-the-discovery-of-the-internet\/\"]}]},{\"@type\":\"ImageObject\",\"inLanguage\":\"en-US\",\"@id\":\"https:\/\/lottemaa.ee\/en\/a-day-in-lotte-village\/buildings-and-activites\/the-tower-of-the-discovery-of-the-internet\/#primaryimage\",\"url\":\"https:\/\/lottemaa.ee\/wp-content\/uploads\/2022\/04\/DSC_7455-scaled.jpg\",\"contentUrl\":\"https:\/\/lottemaa.ee\/wp-content\/uploads\/2022\/04\/DSC_7455-scaled.jpg\",\"width\":1696,\"height\":2560},{\"@type\":\"BreadcrumbList\",\"@id\":\"https:\/\/lottemaa.ee\/en\/a-day-in-lotte-village\/buildings-and-activites\/the-tower-of-the-discovery-of-the-internet\/#breadcrumb\",\"itemListElement\":[{\"@type\":\"ListItem\",\"position\":1,\"name\":\"Home\",\"item\":\"https:\/\/lottemaa.ee\/en\/\"},{\"@type\":\"ListItem\",\"position\":2,\"name\":\"A day in Lotte Village\",\"item\":\"https:\/\/lottemaa.ee\/en\/a-day-in-lotte-village\/\"},{\"@type\":\"ListItem\",\"position\":3,\"name\":\"Houses and activites\",\"item\":\"https:\/\/lottemaa.ee\/en\/a-day-in-lotte-village\/buildings-and-activites\/\"},{\"@type\":\"ListItem\",\"position\":4,\"name\":\"The Tower of the Discovery of the Internet\"}]},{\"@type\":\"WebSite\",\"@id\":\"https:\/\/lottemaa.ee\/#website\",\"url\":\"https:\/\/lottemaa.ee\/\",\"name\":\"Lottemaa Teemapark\",\"description\":\"Baltimaade suurim ja k\u00f5ige \u00e4gedam kogupere teemapark Eestis P\u00e4rnumaal\",\"publisher\":{\"@id\":\"https:\/\/lottemaa.ee\/#organization\"},\"potentialAction\":[{\"@type\":\"SearchAction\",\"target\":{\"@type\":\"EntryPoint\",\"urlTemplate\":\"https:\/\/lottemaa.ee\/?s={search_term_string}\"},\"query-input\":{\"@type\":\"PropertyValueSpecification\",\"valueRequired\":true,\"valueName\":\"search_term_string\"}}],\"inLanguage\":\"en-US\"},{\"@type\":\"Organization\",\"@id\":\"https:\/\/lottemaa.ee\/#organization\",\"name\":\"Lottemaa Teemapark\",\"url\":\"https:\/\/lottemaa.ee\/\",\"logo\":{\"@type\":\"ImageObject\",\"inLanguage\":\"en-US\",\"@id\":\"https:\/\/lottemaa.ee\/#\/schema\/logo\/image\/\",\"url\":\"https:\/\/lottemaa.ee\/wp-content\/uploads\/2018\/12\/Lottemaa_LOGO.png\",\"contentUrl\":\"https:\/\/lottemaa.ee\/wp-content\/uploads\/2018\/12\/Lottemaa_LOGO.png\",\"width\":1024,\"height\":518,\"caption\":\"Lottemaa Teemapark\"},\"image\":{\"@id\":\"https:\/\/lottemaa.ee\/#\/schema\/logo\/image\/\"}}]}<\/script>\n<!-- \/ Yoast SEO plugin. -->","yoast_head_json":{"title":"The Tower of the Discovery of the Internet | Lottemaa Teemapark","description":"Tiny Internet men live in the Tower of the Discovery of the Internet. You cannot see them with the naked eye, but you may spot the little men of the lower floors with a magnifying glass.","robots":{"index":"index","follow":"follow","max-snippet":"max-snippet:-1","max-image-preview":"max-image-preview:large","max-video-preview":"max-video-preview:-1"},"canonical":"https:\/\/lottemaa.ee\/en\/a-day-in-lotte-village\/buildings-and-activites\/the-tower-of-the-discovery-of-the-internet\/","og_locale":"en_US","og_type":"article","og_title":"The Tower of the Discovery of the Internet | Lottemaa Teemapark","og_description":"Tiny Internet men live in the Tower of the Discovery of the Internet. You cannot see them with the naked eye, but you may spot the little men of the lower floors with a magnifying glass.","og_url":"https:\/\/lottemaa.ee\/en\/a-day-in-lotte-village\/buildings-and-activites\/the-tower-of-the-discovery-of-the-internet\/","og_site_name":"Lottemaa Teemapark","article_modified_time":"2024-09-26T09:16:05+00:00","og_image":[{"width":1696,"height":2560,"url":"https:\/\/lottemaa.ee\/wp-content\/uploads\/2022\/04\/DSC_7455-scaled.jpg","type":"image\/jpeg"}],"twitter_card":"summary_large_image","twitter_misc":{"Est. reading time":"1 minute"},"schema":{"@context":"https:\/\/schema.org","@graph":[{"@type":"WebPage","@id":"https:\/\/lottemaa.ee\/en\/a-day-in-lotte-village\/buildings-and-activites\/the-tower-of-the-discovery-of-the-internet\/","url":"https:\/\/lottemaa.ee\/en\/a-day-in-lotte-village\/buildings-and-activites\/the-tower-of-the-discovery-of-the-internet\/","name":"The Tower of the Discovery of the Internet | Lottemaa Teemapark","isPartOf":{"@id":"https:\/\/lottemaa.ee\/#website"},"primaryImageOfPage":{"@id":"https:\/\/lottemaa.ee\/en\/a-day-in-lotte-village\/buildings-and-activites\/the-tower-of-the-discovery-of-the-internet\/#primaryimage"},"image":{"@id":"https:\/\/lottemaa.ee\/en\/a-day-in-lotte-village\/buildings-and-activites\/the-tower-of-the-discovery-of-the-internet\/#primaryimage"},"thumbnailUrl":"https:\/\/lottemaa.ee\/wp-content\/uploads\/2022\/04\/DSC_7455-scaled.jpg","datePublished":"2016-05-16T14:02:28+00:00","dateModified":"2024-09-26T09:16:05+00:00","description":"Tiny Internet men live in the Tower of the Discovery of the Internet. You cannot see them with the naked eye, but you may spot the little men of the lower floors with a magnifying glass.","breadcrumb":{"@id":"https:\/\/lottemaa.ee\/en\/a-day-in-lotte-village\/buildings-and-activites\/the-tower-of-the-discovery-of-the-internet\/#breadcrumb"},"inLanguage":"en-US","potentialAction":[{"@type":"ReadAction","target":["https:\/\/lottemaa.ee\/en\/a-day-in-lotte-village\/buildings-and-activites\/the-tower-of-the-discovery-of-the-internet\/"]}]},{"@type":"ImageObject","inLanguage":"en-US","@id":"https:\/\/lottemaa.ee\/en\/a-day-in-lotte-village\/buildings-and-activites\/the-tower-of-the-discovery-of-the-internet\/#primaryimage","url":"https:\/\/lottemaa.ee\/wp-content\/uploads\/2022\/04\/DSC_7455-scaled.jpg","contentUrl":"https:\/\/lottemaa.ee\/wp-content\/uploads\/2022\/04\/DSC_7455-scaled.jpg","width":1696,"height":2560},{"@type":"BreadcrumbList","@id":"https:\/\/lottemaa.ee\/en\/a-day-in-lotte-village\/buildings-and-activites\/the-tower-of-the-discovery-of-the-internet\/#breadcrumb","itemListElement":[{"@type":"ListItem","position":1,"name":"Home","item":"https:\/\/lottemaa.ee\/en\/"},{"@type":"ListItem","position":2,"name":"A day in Lotte Village","item":"https:\/\/lottemaa.ee\/en\/a-day-in-lotte-village\/"},{"@type":"ListItem","position":3,"name":"Houses and activites","item":"https:\/\/lottemaa.ee\/en\/a-day-in-lotte-village\/buildings-and-activites\/"},{"@type":"ListItem","position":4,"name":"The Tower of the Discovery of the Internet"}]},{"@type":"WebSite","@id":"https:\/\/lottemaa.ee\/#website","url":"https:\/\/lottemaa.ee\/","name":"Lottemaa Teemapark","description":"Baltimaade suurim ja k\u00f5ige \u00e4gedam kogupere teemapark Eestis P\u00e4rnumaal","publisher":{"@id":"https:\/\/lottemaa.ee\/#organization"},"potentialAction":[{"@type":"SearchAction","target":{"@type":"EntryPoint","urlTemplate":"https:\/\/lottemaa.ee\/?s={search_term_string}"},"query-input":{"@type":"PropertyValueSpecification","valueRequired":true,"valueName":"search_term_string"}}],"inLanguage":"en-US"},{"@type":"Organization","@id":"https:\/\/lottemaa.ee\/#organization","name":"Lottemaa Teemapark","url":"https:\/\/lottemaa.ee\/","logo":{"@type":"ImageObject","inLanguage":"en-US","@id":"https:\/\/lottemaa.ee\/#\/schema\/logo\/image\/","url":"https:\/\/lottemaa.ee\/wp-content\/uploads\/2018\/12\/Lottemaa_LOGO.png","contentUrl":"https:\/\/lottemaa.ee\/wp-content\/uploads\/2018\/12\/Lottemaa_LOGO.png","width":1024,"height":518,"caption":"Lottemaa Teemapark"},"image":{"@id":"https:\/\/lottemaa.ee\/#\/schema\/logo\/image\/"}}]}},"_links":{"self":[{"href":"https:\/\/lottemaa.ee\/en\/wp-json\/wp\/v2\/pages\/977","targetHints":{"allow":["GET"]}}],"collection":[{"href":"https:\/\/lottemaa.ee\/en\/wp-json\/wp\/v2\/pages"}],"about":[{"href":"https:\/\/lottemaa.ee\/en\/wp-json\/wp\/v2\/types\/page"}],"author":[{"embeddable":true,"href":"https:\/\/lottemaa.ee\/en\/wp-json\/wp\/v2\/users\/1"}],"replies":[{"embeddable":true,"href":"https:\/\/lottemaa.ee\/en\/wp-json\/wp\/v2\/comments?post=977"}],"version-history":[{"count":5,"href":"https:\/\/lottemaa.ee\/en\/wp-json\/wp\/v2\/pages\/977\/revisions"}],"predecessor-version":[{"id":28594,"href":"https:\/\/lottemaa.ee\/en\/wp-json\/wp\/v2\/pages\/977\/revisions\/28594"}],"up":[{"embeddable":true,"href":"https:\/\/lottemaa.ee\/en\/wp-json\/wp\/v2\/pages\/959"}],"wp:featuredmedia":[{"embeddable":true,"href":"https:\/\/lottemaa.ee\/en\/wp-json\/wp\/v2\/media\/13376"}],"wp:attachment":[{"href":"https:\/\/lottemaa.ee\/en\/wp-json\/wp\/v2\/media?parent=977"}],"curies":[{"name":"wp","href":"https:\/\/api.w.org\/{rel}","templated":true}]}}