{"id":973,"date":"2016-05-16T17:00:04","date_gmt":"2016-05-16T14:00:04","guid":{"rendered":"http:\/\/sharks.ee\/lottemaa\/en\/?page_id=973"},"modified":"2024-09-26T12:14:06","modified_gmt":"2024-09-26T09:14:06","slug":"jaagu-maja","status":"publish","type":"page","link":"https:\/\/lottemaa.ee\/en\/a-day-in-lotte-village\/buildings-and-activites\/jaagu-maja\/","title":{"rendered":"Jaak`s House"},"content":{"rendered":"<p style=\"text-align: left;\"><span style=\"font-weight: 400;\">\u00a0Last summer, Jaak the fly married the beautiful Latvian fly Ruta. It was love at first sight and the very next day, a sumptuous wedding was held in Gadgetville. The two loveflies now live comfortably in Jaak\u2019s little cottage. Love made Jaak\u2019s brain work overtime. Jaak, whose job is waking up the villagers every morning, has invented dozens of alarm machines. Jaak hung his inventions from trees between the houses, so that the villagers could get to know them and select the alarm of their liking.\u00a0<\/span><\/p>\n","protected":false},"excerpt":{"rendered":"<p>\u00a0Last summer, Jaak the fly married the beautiful Latvian fly Ruta. It was love at first sight and the very next day, a sumptuous wedding was held in Gadgetville. The two loveflies now live comfortably in Jaak\u2019s little cottage. Love made Jaak\u2019s brain work overtime. Jaak, whose job is waking up the villagers every morning, &hellip; <a href=\"https:\/\/lottemaa.ee\/en\/a-day-in-lotte-village\/buildings-and-activites\/jaagu-maja\/\">Continued<\/a><\/p>\n","protected":false},"author":1,"featured_media":28483,"parent":959,"menu_order":602,"comment_status":"closed","ping_status":"closed","template":"","meta":{"_acf_changed":false,"om_disable_all_campaigns":false,"_uf_show_specific_survey":0,"_uf_disable_surveys":false,"footnotes":""},"class_list":["post-973","page","type-page","status-publish","has-post-thumbnail","hentry"],"acf":[],"yoast_head":"<!-- This site is optimized with the Yoast SEO plugin v25.5 - https:\/\/yoast.com\/wordpress\/plugins\/seo\/ -->\n<title>Jaak`s House | Lottemaa Teemapark<\/title>\n<meta name=\"description\" content=\"\u00a0Last summer, Jaak the fly married the beautiful Latvian fly Ruta. It was love at first sight and the very next day, a sumptuous wedding was held in Gadgetville.\" \/>\n<meta name=\"robots\" content=\"index, follow, max-snippet:-1, max-image-preview:large, max-video-preview:-1\" \/>\n<link rel=\"canonical\" href=\"https:\/\/lottemaa.ee\/en\/a-day-in-lotte-village\/buildings-and-activites\/jaagu-maja\/\" \/>\n<meta property=\"og:locale\" content=\"en_US\" \/>\n<meta property=\"og:type\" content=\"article\" \/>\n<meta property=\"og:title\" content=\"Jaak`s House | Lottemaa Teemapark\" \/>\n<meta property=\"og:description\" content=\"\u00a0Last summer, Jaak the fly married the beautiful Latvian fly Ruta. It was love at first sight and the very next day, a sumptuous wedding was held in Gadgetville.\" \/>\n<meta property=\"og:url\" content=\"https:\/\/lottemaa.ee\/en\/a-day-in-lotte-village\/buildings-and-activites\/jaagu-maja\/\" \/>\n<meta property=\"og:site_name\" content=\"Lottemaa Teemapark\" \/>\n<meta property=\"article:modified_time\" content=\"2024-09-26T09:14:06+00:00\" \/>\n<meta property=\"og:image\" content=\"https:\/\/lottemaa.ee\/wp-content\/uploads\/2024\/09\/DSC_6564-scaled.jpg\" \/>\n\t<meta property=\"og:image:width\" content=\"2560\" \/>\n\t<meta property=\"og:image:height\" content=\"1696\" \/>\n\t<meta property=\"og:image:type\" content=\"image\/jpeg\" \/>\n<meta name=\"twitter:card\" content=\"summary_large_image\" \/>\n<meta name=\"twitter:label1\" content=\"Est. reading time\" \/>\n\t<meta name=\"twitter:data1\" content=\"1 minute\" \/>\n<script type=\"application\/ld+json\" class=\"yoast-schema-graph\">{\"@context\":\"https:\/\/schema.org\",\"@graph\":[{\"@type\":\"WebPage\",\"@id\":\"https:\/\/lottemaa.ee\/en\/a-day-in-lotte-village\/buildings-and-activites\/jaagu-maja\/\",\"url\":\"https:\/\/lottemaa.ee\/en\/a-day-in-lotte-village\/buildings-and-activites\/jaagu-maja\/\",\"name\":\"Jaak`s House | Lottemaa Teemapark\",\"isPartOf\":{\"@id\":\"https:\/\/lottemaa.ee\/#website\"},\"primaryImageOfPage\":{\"@id\":\"https:\/\/lottemaa.ee\/en\/a-day-in-lotte-village\/buildings-and-activites\/jaagu-maja\/#primaryimage\"},\"image\":{\"@id\":\"https:\/\/lottemaa.ee\/en\/a-day-in-lotte-village\/buildings-and-activites\/jaagu-maja\/#primaryimage\"},\"thumbnailUrl\":\"https:\/\/lottemaa.ee\/wp-content\/uploads\/2024\/09\/DSC_6564-scaled.jpg\",\"datePublished\":\"2016-05-16T14:00:04+00:00\",\"dateModified\":\"2024-09-26T09:14:06+00:00\",\"description\":\"\u00a0Last summer, Jaak the fly married the beautiful Latvian fly Ruta. It was love at first sight and the very next day, a sumptuous wedding was held in Gadgetville.\",\"breadcrumb\":{\"@id\":\"https:\/\/lottemaa.ee\/en\/a-day-in-lotte-village\/buildings-and-activites\/jaagu-maja\/#breadcrumb\"},\"inLanguage\":\"en-US\",\"potentialAction\":[{\"@type\":\"ReadAction\",\"target\":[\"https:\/\/lottemaa.ee\/en\/a-day-in-lotte-village\/buildings-and-activites\/jaagu-maja\/\"]}]},{\"@type\":\"ImageObject\",\"inLanguage\":\"en-US\",\"@id\":\"https:\/\/lottemaa.ee\/en\/a-day-in-lotte-village\/buildings-and-activites\/jaagu-maja\/#primaryimage\",\"url\":\"https:\/\/lottemaa.ee\/wp-content\/uploads\/2024\/09\/DSC_6564-scaled.jpg\",\"contentUrl\":\"https:\/\/lottemaa.ee\/wp-content\/uploads\/2024\/09\/DSC_6564-scaled.jpg\",\"width\":2560,\"height\":1696},{\"@type\":\"BreadcrumbList\",\"@id\":\"https:\/\/lottemaa.ee\/en\/a-day-in-lotte-village\/buildings-and-activites\/jaagu-maja\/#breadcrumb\",\"itemListElement\":[{\"@type\":\"ListItem\",\"position\":1,\"name\":\"Home\",\"item\":\"https:\/\/lottemaa.ee\/en\/\"},{\"@type\":\"ListItem\",\"position\":2,\"name\":\"A day in Lotte Village\",\"item\":\"https:\/\/lottemaa.ee\/en\/a-day-in-lotte-village\/\"},{\"@type\":\"ListItem\",\"position\":3,\"name\":\"Houses and activites\",\"item\":\"https:\/\/lottemaa.ee\/en\/a-day-in-lotte-village\/buildings-and-activites\/\"},{\"@type\":\"ListItem\",\"position\":4,\"name\":\"Jaak`s House\"}]},{\"@type\":\"WebSite\",\"@id\":\"https:\/\/lottemaa.ee\/#website\",\"url\":\"https:\/\/lottemaa.ee\/\",\"name\":\"Lottemaa Teemapark\",\"description\":\"Baltimaade suurim ja k\u00f5ige \u00e4gedam kogupere teemapark Eestis P\u00e4rnumaal\",\"publisher\":{\"@id\":\"https:\/\/lottemaa.ee\/#organization\"},\"potentialAction\":[{\"@type\":\"SearchAction\",\"target\":{\"@type\":\"EntryPoint\",\"urlTemplate\":\"https:\/\/lottemaa.ee\/?s={search_term_string}\"},\"query-input\":{\"@type\":\"PropertyValueSpecification\",\"valueRequired\":true,\"valueName\":\"search_term_string\"}}],\"inLanguage\":\"en-US\"},{\"@type\":\"Organization\",\"@id\":\"https:\/\/lottemaa.ee\/#organization\",\"name\":\"Lottemaa Teemapark\",\"url\":\"https:\/\/lottemaa.ee\/\",\"logo\":{\"@type\":\"ImageObject\",\"inLanguage\":\"en-US\",\"@id\":\"https:\/\/lottemaa.ee\/#\/schema\/logo\/image\/\",\"url\":\"https:\/\/lottemaa.ee\/wp-content\/uploads\/2018\/12\/Lottemaa_LOGO.png\",\"contentUrl\":\"https:\/\/lottemaa.ee\/wp-content\/uploads\/2018\/12\/Lottemaa_LOGO.png\",\"width\":1024,\"height\":518,\"caption\":\"Lottemaa Teemapark\"},\"image\":{\"@id\":\"https:\/\/lottemaa.ee\/#\/schema\/logo\/image\/\"}}]}<\/script>\n<!-- \/ Yoast SEO plugin. -->","yoast_head_json":{"title":"Jaak`s House | Lottemaa Teemapark","description":"\u00a0Last summer, Jaak the fly married the beautiful Latvian fly Ruta. It was love at first sight and the very next day, a sumptuous wedding was held in Gadgetville.","robots":{"index":"index","follow":"follow","max-snippet":"max-snippet:-1","max-image-preview":"max-image-preview:large","max-video-preview":"max-video-preview:-1"},"canonical":"https:\/\/lottemaa.ee\/en\/a-day-in-lotte-village\/buildings-and-activites\/jaagu-maja\/","og_locale":"en_US","og_type":"article","og_title":"Jaak`s House | Lottemaa Teemapark","og_description":"\u00a0Last summer, Jaak the fly married the beautiful Latvian fly Ruta. It was love at first sight and the very next day, a sumptuous wedding was held in Gadgetville.","og_url":"https:\/\/lottemaa.ee\/en\/a-day-in-lotte-village\/buildings-and-activites\/jaagu-maja\/","og_site_name":"Lottemaa Teemapark","article_modified_time":"2024-09-26T09:14:06+00:00","og_image":[{"width":2560,"height":1696,"url":"https:\/\/lottemaa.ee\/wp-content\/uploads\/2024\/09\/DSC_6564-scaled.jpg","type":"image\/jpeg"}],"twitter_card":"summary_large_image","twitter_misc":{"Est. reading time":"1 minute"},"schema":{"@context":"https:\/\/schema.org","@graph":[{"@type":"WebPage","@id":"https:\/\/lottemaa.ee\/en\/a-day-in-lotte-village\/buildings-and-activites\/jaagu-maja\/","url":"https:\/\/lottemaa.ee\/en\/a-day-in-lotte-village\/buildings-and-activites\/jaagu-maja\/","name":"Jaak`s House | Lottemaa Teemapark","isPartOf":{"@id":"https:\/\/lottemaa.ee\/#website"},"primaryImageOfPage":{"@id":"https:\/\/lottemaa.ee\/en\/a-day-in-lotte-village\/buildings-and-activites\/jaagu-maja\/#primaryimage"},"image":{"@id":"https:\/\/lottemaa.ee\/en\/a-day-in-lotte-village\/buildings-and-activites\/jaagu-maja\/#primaryimage"},"thumbnailUrl":"https:\/\/lottemaa.ee\/wp-content\/uploads\/2024\/09\/DSC_6564-scaled.jpg","datePublished":"2016-05-16T14:00:04+00:00","dateModified":"2024-09-26T09:14:06+00:00","description":"\u00a0Last summer, Jaak the fly married the beautiful Latvian fly Ruta. It was love at first sight and the very next day, a sumptuous wedding was held in Gadgetville.","breadcrumb":{"@id":"https:\/\/lottemaa.ee\/en\/a-day-in-lotte-village\/buildings-and-activites\/jaagu-maja\/#breadcrumb"},"inLanguage":"en-US","potentialAction":[{"@type":"ReadAction","target":["https:\/\/lottemaa.ee\/en\/a-day-in-lotte-village\/buildings-and-activites\/jaagu-maja\/"]}]},{"@type":"ImageObject","inLanguage":"en-US","@id":"https:\/\/lottemaa.ee\/en\/a-day-in-lotte-village\/buildings-and-activites\/jaagu-maja\/#primaryimage","url":"https:\/\/lottemaa.ee\/wp-content\/uploads\/2024\/09\/DSC_6564-scaled.jpg","contentUrl":"https:\/\/lottemaa.ee\/wp-content\/uploads\/2024\/09\/DSC_6564-scaled.jpg","width":2560,"height":1696},{"@type":"BreadcrumbList","@id":"https:\/\/lottemaa.ee\/en\/a-day-in-lotte-village\/buildings-and-activites\/jaagu-maja\/#breadcrumb","itemListElement":[{"@type":"ListItem","position":1,"name":"Home","item":"https:\/\/lottemaa.ee\/en\/"},{"@type":"ListItem","position":2,"name":"A day in Lotte Village","item":"https:\/\/lottemaa.ee\/en\/a-day-in-lotte-village\/"},{"@type":"ListItem","position":3,"name":"Houses and activites","item":"https:\/\/lottemaa.ee\/en\/a-day-in-lotte-village\/buildings-and-activites\/"},{"@type":"ListItem","position":4,"name":"Jaak`s House"}]},{"@type":"WebSite","@id":"https:\/\/lottemaa.ee\/#website","url":"https:\/\/lottemaa.ee\/","name":"Lottemaa Teemapark","description":"Baltimaade suurim ja k\u00f5ige \u00e4gedam kogupere teemapark Eestis P\u00e4rnumaal","publisher":{"@id":"https:\/\/lottemaa.ee\/#organization"},"potentialAction":[{"@type":"SearchAction","target":{"@type":"EntryPoint","urlTemplate":"https:\/\/lottemaa.ee\/?s={search_term_string}"},"query-input":{"@type":"PropertyValueSpecification","valueRequired":true,"valueName":"search_term_string"}}],"inLanguage":"en-US"},{"@type":"Organization","@id":"https:\/\/lottemaa.ee\/#organization","name":"Lottemaa Teemapark","url":"https:\/\/lottemaa.ee\/","logo":{"@type":"ImageObject","inLanguage":"en-US","@id":"https:\/\/lottemaa.ee\/#\/schema\/logo\/image\/","url":"https:\/\/lottemaa.ee\/wp-content\/uploads\/2018\/12\/Lottemaa_LOGO.png","contentUrl":"https:\/\/lottemaa.ee\/wp-content\/uploads\/2018\/12\/Lottemaa_LOGO.png","width":1024,"height":518,"caption":"Lottemaa Teemapark"},"image":{"@id":"https:\/\/lottemaa.ee\/#\/schema\/logo\/image\/"}}]}},"_links":{"self":[{"href":"https:\/\/lottemaa.ee\/en\/wp-json\/wp\/v2\/pages\/973","targetHints":{"allow":["GET"]}}],"collection":[{"href":"https:\/\/lottemaa.ee\/en\/wp-json\/wp\/v2\/pages"}],"about":[{"href":"https:\/\/lottemaa.ee\/en\/wp-json\/wp\/v2\/types\/page"}],"author":[{"embeddable":true,"href":"https:\/\/lottemaa.ee\/en\/wp-json\/wp\/v2\/users\/1"}],"replies":[{"embeddable":true,"href":"https:\/\/lottemaa.ee\/en\/wp-json\/wp\/v2\/comments?post=973"}],"version-history":[{"count":5,"href":"https:\/\/lottemaa.ee\/en\/wp-json\/wp\/v2\/pages\/973\/revisions"}],"predecessor-version":[{"id":28590,"href":"https:\/\/lottemaa.ee\/en\/wp-json\/wp\/v2\/pages\/973\/revisions\/28590"}],"up":[{"embeddable":true,"href":"https:\/\/lottemaa.ee\/en\/wp-json\/wp\/v2\/pages\/959"}],"wp:featuredmedia":[{"embeddable":true,"href":"https:\/\/lottemaa.ee\/en\/wp-json\/wp\/v2\/media\/28483"}],"wp:attachment":[{"href":"https:\/\/lottemaa.ee\/en\/wp-json\/wp\/v2\/media?parent=973"}],"curies":[{"name":"wp","href":"https:\/\/api.w.org\/{rel}","templated":true}]}}