{"id":9599,"date":"2020-08-16T16:35:48","date_gmt":"2020-08-16T13:35:48","guid":{"rendered":"https:\/\/test.lottemaa.ee\/?page_id=9599"},"modified":"2024-08-06T16:42:35","modified_gmt":"2024-08-06T13:42:35","slug":"paasta-meie-planeet","status":"publish","type":"page","link":"https:\/\/lottemaa.ee\/en\/a-day-in-lotte-village\/gadgets\/paasta-meie-planeet\/","title":{"rendered":"SAVE OUR PLANET"},"content":{"rendered":"<p class=\"western\" style=\"text-align: left;\"><span lang=\"en-GB\">Winner of the SEB, airBaltic and Lotte Village <strong>GREAT INVENTION COMPETITION 2020 <\/strong><\/span><span style=\"color: #4d5156;\"><span style=\"font-family: Arial, serif;\"><span style=\"font-size: small;\"><span lang=\"en-GB\">\u2013<\/span><\/span><\/span><\/span> <strong><span lang=\"en-GB\">Emili Matju\u0161enko\u2019s <\/span><\/strong><span lang=\"en-GB\">(11 years) <strong>SAVE OUR PLANET<\/strong>.<\/span><\/p>\n<p class=\"western\" style=\"text-align: left;\"><span lang=\"en-GB\">Trees and bushes are much loved in Gadgetville and that is why Emili\u2019s invention fascinated the villagers a lot. If an invention produces tree seeds, it is definitely a valuable thing! Dr Ave knows that birch trees give both birch sap and birch rods. Eduard the Bear, meanwhile, loves to lie under the great rowan tree and have beautiful dreams, and rabbits hold their important meetings in the branches of old chestnut trees. <\/span><span lang=\"en-GB\">Trees are just wonderful!<\/span><\/p>\n","protected":false},"excerpt":{"rendered":"<p>Winner of the SEB, airBaltic and Lotte Village GREAT INVENTION COMPETITION 2020 \u2013 Emili Matju\u0161enko\u2019s (11 years) SAVE OUR PLANET. Trees and bushes are much loved in Gadgetville and that is why Emili\u2019s invention fascinated the villagers a lot. If an invention produces tree seeds, it is definitely a valuable thing! Dr Ave knows that &hellip; <a href=\"https:\/\/lottemaa.ee\/en\/a-day-in-lotte-village\/gadgets\/paasta-meie-planeet\/\">Continued<\/a><\/p>\n","protected":false},"author":7,"featured_media":25775,"parent":1018,"menu_order":492,"comment_status":"closed","ping_status":"closed","template":"","meta":{"_acf_changed":false,"om_disable_all_campaigns":false,"_uf_show_specific_survey":0,"_uf_disable_surveys":false,"footnotes":""},"class_list":["post-9599","page","type-page","status-publish","has-post-thumbnail","hentry"],"acf":[],"yoast_head":"<!-- This site is optimized with the Yoast SEO plugin v25.5 - https:\/\/yoast.com\/wordpress\/plugins\/seo\/ -->\n<title>SAVE OUR PLANET | Lottemaa Teemapark<\/title>\n<meta name=\"description\" content=\"Winner of the SEB, airBaltic and Lotte Village GREAT INVENTION COMPETITION 2020 \u2013 Emili Matju\u0161enko\u2019s (11 years) SAVE OUR PLANET.\" \/>\n<meta name=\"robots\" content=\"index, follow, max-snippet:-1, max-image-preview:large, max-video-preview:-1\" \/>\n<link rel=\"canonical\" href=\"https:\/\/lottemaa.ee\/en\/a-day-in-lotte-village\/gadgets\/paasta-meie-planeet\/\" \/>\n<meta property=\"og:locale\" content=\"en_US\" \/>\n<meta property=\"og:type\" content=\"article\" \/>\n<meta property=\"og:title\" content=\"SAVE OUR PLANET | Lottemaa Teemapark\" \/>\n<meta property=\"og:description\" content=\"Winner of the SEB, airBaltic and Lotte Village GREAT INVENTION COMPETITION 2020 \u2013 Emili Matju\u0161enko\u2019s (11 years) SAVE OUR PLANET.\" \/>\n<meta property=\"og:url\" content=\"https:\/\/lottemaa.ee\/en\/a-day-in-lotte-village\/gadgets\/paasta-meie-planeet\/\" \/>\n<meta property=\"og:site_name\" content=\"Lottemaa Teemapark\" \/>\n<meta property=\"article:modified_time\" content=\"2024-08-06T13:42:35+00:00\" \/>\n<meta property=\"og:image\" content=\"https:\/\/lottemaa.ee\/wp-content\/uploads\/2020\/08\/DSCN3500-1024x768.jpg\" \/>\n\t<meta property=\"og:image:width\" content=\"1024\" \/>\n\t<meta property=\"og:image:height\" content=\"768\" \/>\n\t<meta property=\"og:image:type\" content=\"image\/jpeg\" \/>\n<meta name=\"twitter:card\" content=\"summary_large_image\" \/>\n<meta name=\"twitter:label1\" content=\"Est. reading time\" \/>\n\t<meta name=\"twitter:data1\" content=\"1 minute\" \/>\n<script type=\"application\/ld+json\" class=\"yoast-schema-graph\">{\"@context\":\"https:\/\/schema.org\",\"@graph\":[{\"@type\":\"WebPage\",\"@id\":\"https:\/\/lottemaa.ee\/en\/a-day-in-lotte-village\/gadgets\/paasta-meie-planeet\/\",\"url\":\"https:\/\/lottemaa.ee\/en\/a-day-in-lotte-village\/gadgets\/paasta-meie-planeet\/\",\"name\":\"SAVE OUR PLANET | Lottemaa Teemapark\",\"isPartOf\":{\"@id\":\"https:\/\/lottemaa.ee\/#website\"},\"primaryImageOfPage\":{\"@id\":\"https:\/\/lottemaa.ee\/en\/a-day-in-lotte-village\/gadgets\/paasta-meie-planeet\/#primaryimage\"},\"image\":{\"@id\":\"https:\/\/lottemaa.ee\/en\/a-day-in-lotte-village\/gadgets\/paasta-meie-planeet\/#primaryimage\"},\"thumbnailUrl\":\"https:\/\/lottemaa.ee\/wp-content\/uploads\/2020\/08\/DSCN3500.jpg\",\"datePublished\":\"2020-08-16T13:35:48+00:00\",\"dateModified\":\"2024-08-06T13:42:35+00:00\",\"description\":\"Winner of the SEB, airBaltic and Lotte Village GREAT INVENTION COMPETITION 2020 \u2013 Emili Matju\u0161enko\u2019s (11 years) SAVE OUR PLANET.\",\"breadcrumb\":{\"@id\":\"https:\/\/lottemaa.ee\/en\/a-day-in-lotte-village\/gadgets\/paasta-meie-planeet\/#breadcrumb\"},\"inLanguage\":\"en-US\",\"potentialAction\":[{\"@type\":\"ReadAction\",\"target\":[\"https:\/\/lottemaa.ee\/en\/a-day-in-lotte-village\/gadgets\/paasta-meie-planeet\/\"]}]},{\"@type\":\"ImageObject\",\"inLanguage\":\"en-US\",\"@id\":\"https:\/\/lottemaa.ee\/en\/a-day-in-lotte-village\/gadgets\/paasta-meie-planeet\/#primaryimage\",\"url\":\"https:\/\/lottemaa.ee\/wp-content\/uploads\/2020\/08\/DSCN3500.jpg\",\"contentUrl\":\"https:\/\/lottemaa.ee\/wp-content\/uploads\/2020\/08\/DSCN3500.jpg\",\"width\":4608,\"height\":3456},{\"@type\":\"BreadcrumbList\",\"@id\":\"https:\/\/lottemaa.ee\/en\/a-day-in-lotte-village\/gadgets\/paasta-meie-planeet\/#breadcrumb\",\"itemListElement\":[{\"@type\":\"ListItem\",\"position\":1,\"name\":\"Home\",\"item\":\"https:\/\/lottemaa.ee\/en\/\"},{\"@type\":\"ListItem\",\"position\":2,\"name\":\"A day in Lotte Village\",\"item\":\"https:\/\/lottemaa.ee\/en\/a-day-in-lotte-village\/\"},{\"@type\":\"ListItem\",\"position\":3,\"name\":\"inventions\",\"item\":\"https:\/\/lottemaa.ee\/en\/a-day-in-lotte-village\/gadgets\/\"},{\"@type\":\"ListItem\",\"position\":4,\"name\":\"SAVE OUR PLANET\"}]},{\"@type\":\"WebSite\",\"@id\":\"https:\/\/lottemaa.ee\/#website\",\"url\":\"https:\/\/lottemaa.ee\/\",\"name\":\"Lottemaa Teemapark\",\"description\":\"Baltimaade suurim ja k\u00f5ige \u00e4gedam kogupere teemapark Eestis P\u00e4rnumaal\",\"publisher\":{\"@id\":\"https:\/\/lottemaa.ee\/#organization\"},\"potentialAction\":[{\"@type\":\"SearchAction\",\"target\":{\"@type\":\"EntryPoint\",\"urlTemplate\":\"https:\/\/lottemaa.ee\/?s={search_term_string}\"},\"query-input\":{\"@type\":\"PropertyValueSpecification\",\"valueRequired\":true,\"valueName\":\"search_term_string\"}}],\"inLanguage\":\"en-US\"},{\"@type\":\"Organization\",\"@id\":\"https:\/\/lottemaa.ee\/#organization\",\"name\":\"Lottemaa Teemapark\",\"url\":\"https:\/\/lottemaa.ee\/\",\"logo\":{\"@type\":\"ImageObject\",\"inLanguage\":\"en-US\",\"@id\":\"https:\/\/lottemaa.ee\/#\/schema\/logo\/image\/\",\"url\":\"https:\/\/lottemaa.ee\/wp-content\/uploads\/2018\/12\/Lottemaa_LOGO.png\",\"contentUrl\":\"https:\/\/lottemaa.ee\/wp-content\/uploads\/2018\/12\/Lottemaa_LOGO.png\",\"width\":1024,\"height\":518,\"caption\":\"Lottemaa Teemapark\"},\"image\":{\"@id\":\"https:\/\/lottemaa.ee\/#\/schema\/logo\/image\/\"}}]}<\/script>\n<!-- \/ Yoast SEO plugin. -->","yoast_head_json":{"title":"SAVE OUR PLANET | Lottemaa Teemapark","description":"Winner of the SEB, airBaltic and Lotte Village GREAT INVENTION COMPETITION 2020 \u2013 Emili Matju\u0161enko\u2019s (11 years) SAVE OUR PLANET.","robots":{"index":"index","follow":"follow","max-snippet":"max-snippet:-1","max-image-preview":"max-image-preview:large","max-video-preview":"max-video-preview:-1"},"canonical":"https:\/\/lottemaa.ee\/en\/a-day-in-lotte-village\/gadgets\/paasta-meie-planeet\/","og_locale":"en_US","og_type":"article","og_title":"SAVE OUR PLANET | Lottemaa Teemapark","og_description":"Winner of the SEB, airBaltic and Lotte Village GREAT INVENTION COMPETITION 2020 \u2013 Emili Matju\u0161enko\u2019s (11 years) SAVE OUR PLANET.","og_url":"https:\/\/lottemaa.ee\/en\/a-day-in-lotte-village\/gadgets\/paasta-meie-planeet\/","og_site_name":"Lottemaa Teemapark","article_modified_time":"2024-08-06T13:42:35+00:00","og_image":[{"width":1024,"height":768,"url":"https:\/\/lottemaa.ee\/wp-content\/uploads\/2020\/08\/DSCN3500-1024x768.jpg","type":"image\/jpeg"}],"twitter_card":"summary_large_image","twitter_misc":{"Est. reading time":"1 minute"},"schema":{"@context":"https:\/\/schema.org","@graph":[{"@type":"WebPage","@id":"https:\/\/lottemaa.ee\/en\/a-day-in-lotte-village\/gadgets\/paasta-meie-planeet\/","url":"https:\/\/lottemaa.ee\/en\/a-day-in-lotte-village\/gadgets\/paasta-meie-planeet\/","name":"SAVE OUR PLANET | Lottemaa Teemapark","isPartOf":{"@id":"https:\/\/lottemaa.ee\/#website"},"primaryImageOfPage":{"@id":"https:\/\/lottemaa.ee\/en\/a-day-in-lotte-village\/gadgets\/paasta-meie-planeet\/#primaryimage"},"image":{"@id":"https:\/\/lottemaa.ee\/en\/a-day-in-lotte-village\/gadgets\/paasta-meie-planeet\/#primaryimage"},"thumbnailUrl":"https:\/\/lottemaa.ee\/wp-content\/uploads\/2020\/08\/DSCN3500.jpg","datePublished":"2020-08-16T13:35:48+00:00","dateModified":"2024-08-06T13:42:35+00:00","description":"Winner of the SEB, airBaltic and Lotte Village GREAT INVENTION COMPETITION 2020 \u2013 Emili Matju\u0161enko\u2019s (11 years) SAVE OUR PLANET.","breadcrumb":{"@id":"https:\/\/lottemaa.ee\/en\/a-day-in-lotte-village\/gadgets\/paasta-meie-planeet\/#breadcrumb"},"inLanguage":"en-US","potentialAction":[{"@type":"ReadAction","target":["https:\/\/lottemaa.ee\/en\/a-day-in-lotte-village\/gadgets\/paasta-meie-planeet\/"]}]},{"@type":"ImageObject","inLanguage":"en-US","@id":"https:\/\/lottemaa.ee\/en\/a-day-in-lotte-village\/gadgets\/paasta-meie-planeet\/#primaryimage","url":"https:\/\/lottemaa.ee\/wp-content\/uploads\/2020\/08\/DSCN3500.jpg","contentUrl":"https:\/\/lottemaa.ee\/wp-content\/uploads\/2020\/08\/DSCN3500.jpg","width":4608,"height":3456},{"@type":"BreadcrumbList","@id":"https:\/\/lottemaa.ee\/en\/a-day-in-lotte-village\/gadgets\/paasta-meie-planeet\/#breadcrumb","itemListElement":[{"@type":"ListItem","position":1,"name":"Home","item":"https:\/\/lottemaa.ee\/en\/"},{"@type":"ListItem","position":2,"name":"A day in Lotte Village","item":"https:\/\/lottemaa.ee\/en\/a-day-in-lotte-village\/"},{"@type":"ListItem","position":3,"name":"inventions","item":"https:\/\/lottemaa.ee\/en\/a-day-in-lotte-village\/gadgets\/"},{"@type":"ListItem","position":4,"name":"SAVE OUR PLANET"}]},{"@type":"WebSite","@id":"https:\/\/lottemaa.ee\/#website","url":"https:\/\/lottemaa.ee\/","name":"Lottemaa Teemapark","description":"Baltimaade suurim ja k\u00f5ige \u00e4gedam kogupere teemapark Eestis P\u00e4rnumaal","publisher":{"@id":"https:\/\/lottemaa.ee\/#organization"},"potentialAction":[{"@type":"SearchAction","target":{"@type":"EntryPoint","urlTemplate":"https:\/\/lottemaa.ee\/?s={search_term_string}"},"query-input":{"@type":"PropertyValueSpecification","valueRequired":true,"valueName":"search_term_string"}}],"inLanguage":"en-US"},{"@type":"Organization","@id":"https:\/\/lottemaa.ee\/#organization","name":"Lottemaa Teemapark","url":"https:\/\/lottemaa.ee\/","logo":{"@type":"ImageObject","inLanguage":"en-US","@id":"https:\/\/lottemaa.ee\/#\/schema\/logo\/image\/","url":"https:\/\/lottemaa.ee\/wp-content\/uploads\/2018\/12\/Lottemaa_LOGO.png","contentUrl":"https:\/\/lottemaa.ee\/wp-content\/uploads\/2018\/12\/Lottemaa_LOGO.png","width":1024,"height":518,"caption":"Lottemaa Teemapark"},"image":{"@id":"https:\/\/lottemaa.ee\/#\/schema\/logo\/image\/"}}]}},"_links":{"self":[{"href":"https:\/\/lottemaa.ee\/en\/wp-json\/wp\/v2\/pages\/9599","targetHints":{"allow":["GET"]}}],"collection":[{"href":"https:\/\/lottemaa.ee\/en\/wp-json\/wp\/v2\/pages"}],"about":[{"href":"https:\/\/lottemaa.ee\/en\/wp-json\/wp\/v2\/types\/page"}],"author":[{"embeddable":true,"href":"https:\/\/lottemaa.ee\/en\/wp-json\/wp\/v2\/users\/7"}],"replies":[{"embeddable":true,"href":"https:\/\/lottemaa.ee\/en\/wp-json\/wp\/v2\/comments?post=9599"}],"version-history":[{"count":4,"href":"https:\/\/lottemaa.ee\/en\/wp-json\/wp\/v2\/pages\/9599\/revisions"}],"predecessor-version":[{"id":25777,"href":"https:\/\/lottemaa.ee\/en\/wp-json\/wp\/v2\/pages\/9599\/revisions\/25777"}],"up":[{"embeddable":true,"href":"https:\/\/lottemaa.ee\/en\/wp-json\/wp\/v2\/pages\/1018"}],"wp:featuredmedia":[{"embeddable":true,"href":"https:\/\/lottemaa.ee\/en\/wp-json\/wp\/v2\/media\/25775"}],"wp:attachment":[{"href":"https:\/\/lottemaa.ee\/en\/wp-json\/wp\/v2\/media?parent=9599"}],"curies":[{"name":"wp","href":"https:\/\/api.w.org\/{rel}","templated":true}]}}