{"id":9587,"date":"2020-08-16T16:11:02","date_gmt":"2020-08-16T13:11:02","guid":{"rendered":"https:\/\/test.lottemaa.ee\/?page_id=9587"},"modified":"2024-10-01T16:35:40","modified_gmt":"2024-10-01T13:35:40","slug":"kommipaberiavaja","status":"publish","type":"page","link":"https:\/\/lottemaa.ee\/en\/a-day-in-lotte-village\/gadgets\/kommipaberiavaja\/","title":{"rendered":"CANDY WRAPPER OPENER"},"content":{"rendered":"<p style=\"text-align: left;\"><span lang=\"en-GB\">Winner of the SEB and Lotte Village <strong>GREAT INVENTION COMPETITION 201<\/strong><\/span><strong><span lang=\"en-GB\">8<\/span><\/strong> <span lang=\"en-GB\">\u2013<\/span> <span lang=\"en-GB\"><strong>Emili<\/strong> <\/span><span lang=\"en-GB\">and <\/span><span lang=\"en-GB\"><strong>Mattias K\u00f5onurm\u2019s<\/strong> <\/span><span lang=\"en-GB\"><strong>CANDY WRAPPER OPENER.<\/strong><\/span><\/p>\n<p style=\"text-align: left;\"><span lang=\"en-GB\">Everybody in Gadgetville cheered when Emili and Mattias came up with such a useful invention. Just imagine, after a few simple moves, a whole mouthful of sweetness opens before you, and you only need to pick it up and put it in your mouth.<\/span><\/p>\n","protected":false},"excerpt":{"rendered":"<p>Winner of the SEB and Lotte Village GREAT INVENTION COMPETITION 2018 \u2013 Emili and Mattias K\u00f5onurm\u2019s CANDY WRAPPER OPENER. Everybody in Gadgetville cheered when Emili and Mattias came up with such a useful invention. Just imagine, after a few simple moves, a whole mouthful of sweetness opens before you, and you only need to pick &hellip; <a href=\"https:\/\/lottemaa.ee\/en\/a-day-in-lotte-village\/gadgets\/kommipaberiavaja\/\">Continued<\/a><\/p>\n","protected":false},"author":7,"featured_media":25783,"parent":1018,"menu_order":463,"comment_status":"closed","ping_status":"closed","template":"","meta":{"_acf_changed":false,"om_disable_all_campaigns":false,"_uf_show_specific_survey":0,"_uf_disable_surveys":false,"footnotes":""},"class_list":["post-9587","page","type-page","status-publish","has-post-thumbnail","hentry"],"acf":[],"yoast_head":"<!-- This site is optimized with the Yoast SEO plugin v25.5 - https:\/\/yoast.com\/wordpress\/plugins\/seo\/ -->\n<title>CANDY WRAPPER OPENER | Lottemaa Teemapark<\/title>\n<meta name=\"description\" content=\"Winner of the SEB and Lotte Village GREAT INVENTION COMPETITION 2018 \u2013 Emili and Mattias K\u00f5onurm\u2019s CANDY WRAPPER OPENER.\" \/>\n<meta name=\"robots\" content=\"index, follow, max-snippet:-1, max-image-preview:large, max-video-preview:-1\" \/>\n<link rel=\"canonical\" href=\"https:\/\/lottemaa.ee\/en\/a-day-in-lotte-village\/gadgets\/kommipaberiavaja\/\" \/>\n<meta property=\"og:locale\" content=\"en_US\" \/>\n<meta property=\"og:type\" content=\"article\" \/>\n<meta property=\"og:title\" content=\"CANDY WRAPPER OPENER | Lottemaa Teemapark\" \/>\n<meta property=\"og:description\" content=\"Winner of the SEB and Lotte Village GREAT INVENTION COMPETITION 2018 \u2013 Emili and Mattias K\u00f5onurm\u2019s CANDY WRAPPER OPENER.\" \/>\n<meta property=\"og:url\" content=\"https:\/\/lottemaa.ee\/en\/a-day-in-lotte-village\/gadgets\/kommipaberiavaja\/\" \/>\n<meta property=\"og:site_name\" content=\"Lottemaa Teemapark\" \/>\n<meta property=\"article:modified_time\" content=\"2024-10-01T13:35:40+00:00\" \/>\n<meta property=\"og:image\" content=\"https:\/\/lottemaa.ee\/wp-content\/uploads\/2020\/08\/DSC_7636.jpg\" \/>\n\t<meta property=\"og:image:width\" content=\"4928\" \/>\n\t<meta property=\"og:image:height\" content=\"3264\" \/>\n\t<meta property=\"og:image:type\" content=\"image\/jpeg\" \/>\n<meta name=\"twitter:card\" content=\"summary_large_image\" \/>\n<meta name=\"twitter:label1\" content=\"Est. reading time\" \/>\n\t<meta name=\"twitter:data1\" content=\"1 minute\" \/>\n<script type=\"application\/ld+json\" class=\"yoast-schema-graph\">{\"@context\":\"https:\/\/schema.org\",\"@graph\":[{\"@type\":\"WebPage\",\"@id\":\"https:\/\/lottemaa.ee\/en\/a-day-in-lotte-village\/gadgets\/kommipaberiavaja\/\",\"url\":\"https:\/\/lottemaa.ee\/en\/a-day-in-lotte-village\/gadgets\/kommipaberiavaja\/\",\"name\":\"CANDY WRAPPER OPENER | Lottemaa Teemapark\",\"isPartOf\":{\"@id\":\"https:\/\/lottemaa.ee\/#website\"},\"primaryImageOfPage\":{\"@id\":\"https:\/\/lottemaa.ee\/en\/a-day-in-lotte-village\/gadgets\/kommipaberiavaja\/#primaryimage\"},\"image\":{\"@id\":\"https:\/\/lottemaa.ee\/en\/a-day-in-lotte-village\/gadgets\/kommipaberiavaja\/#primaryimage\"},\"thumbnailUrl\":\"https:\/\/lottemaa.ee\/wp-content\/uploads\/2020\/08\/DSC_7636.jpg\",\"datePublished\":\"2020-08-16T13:11:02+00:00\",\"dateModified\":\"2024-10-01T13:35:40+00:00\",\"description\":\"Winner of the SEB and Lotte Village GREAT INVENTION COMPETITION 2018 \u2013 Emili and Mattias K\u00f5onurm\u2019s CANDY WRAPPER OPENER.\",\"breadcrumb\":{\"@id\":\"https:\/\/lottemaa.ee\/en\/a-day-in-lotte-village\/gadgets\/kommipaberiavaja\/#breadcrumb\"},\"inLanguage\":\"en-US\",\"potentialAction\":[{\"@type\":\"ReadAction\",\"target\":[\"https:\/\/lottemaa.ee\/en\/a-day-in-lotte-village\/gadgets\/kommipaberiavaja\/\"]}]},{\"@type\":\"ImageObject\",\"inLanguage\":\"en-US\",\"@id\":\"https:\/\/lottemaa.ee\/en\/a-day-in-lotte-village\/gadgets\/kommipaberiavaja\/#primaryimage\",\"url\":\"https:\/\/lottemaa.ee\/wp-content\/uploads\/2020\/08\/DSC_7636.jpg\",\"contentUrl\":\"https:\/\/lottemaa.ee\/wp-content\/uploads\/2020\/08\/DSC_7636.jpg\",\"width\":4928,\"height\":3264},{\"@type\":\"BreadcrumbList\",\"@id\":\"https:\/\/lottemaa.ee\/en\/a-day-in-lotte-village\/gadgets\/kommipaberiavaja\/#breadcrumb\",\"itemListElement\":[{\"@type\":\"ListItem\",\"position\":1,\"name\":\"Home\",\"item\":\"https:\/\/lottemaa.ee\/en\/\"},{\"@type\":\"ListItem\",\"position\":2,\"name\":\"A day in Lotte Village\",\"item\":\"https:\/\/lottemaa.ee\/en\/a-day-in-lotte-village\/\"},{\"@type\":\"ListItem\",\"position\":3,\"name\":\"inventions\",\"item\":\"https:\/\/lottemaa.ee\/en\/a-day-in-lotte-village\/gadgets\/\"},{\"@type\":\"ListItem\",\"position\":4,\"name\":\"CANDY WRAPPER OPENER\"}]},{\"@type\":\"WebSite\",\"@id\":\"https:\/\/lottemaa.ee\/#website\",\"url\":\"https:\/\/lottemaa.ee\/\",\"name\":\"Lottemaa Teemapark\",\"description\":\"Baltimaade suurim ja k\u00f5ige \u00e4gedam kogupere teemapark Eestis P\u00e4rnumaal\",\"publisher\":{\"@id\":\"https:\/\/lottemaa.ee\/#organization\"},\"potentialAction\":[{\"@type\":\"SearchAction\",\"target\":{\"@type\":\"EntryPoint\",\"urlTemplate\":\"https:\/\/lottemaa.ee\/?s={search_term_string}\"},\"query-input\":{\"@type\":\"PropertyValueSpecification\",\"valueRequired\":true,\"valueName\":\"search_term_string\"}}],\"inLanguage\":\"en-US\"},{\"@type\":\"Organization\",\"@id\":\"https:\/\/lottemaa.ee\/#organization\",\"name\":\"Lottemaa Teemapark\",\"url\":\"https:\/\/lottemaa.ee\/\",\"logo\":{\"@type\":\"ImageObject\",\"inLanguage\":\"en-US\",\"@id\":\"https:\/\/lottemaa.ee\/#\/schema\/logo\/image\/\",\"url\":\"https:\/\/lottemaa.ee\/wp-content\/uploads\/2018\/12\/Lottemaa_LOGO.png\",\"contentUrl\":\"https:\/\/lottemaa.ee\/wp-content\/uploads\/2018\/12\/Lottemaa_LOGO.png\",\"width\":1024,\"height\":518,\"caption\":\"Lottemaa Teemapark\"},\"image\":{\"@id\":\"https:\/\/lottemaa.ee\/#\/schema\/logo\/image\/\"}}]}<\/script>\n<!-- \/ Yoast SEO plugin. -->","yoast_head_json":{"title":"CANDY WRAPPER OPENER | Lottemaa Teemapark","description":"Winner of the SEB and Lotte Village GREAT INVENTION COMPETITION 2018 \u2013 Emili and Mattias K\u00f5onurm\u2019s CANDY WRAPPER OPENER.","robots":{"index":"index","follow":"follow","max-snippet":"max-snippet:-1","max-image-preview":"max-image-preview:large","max-video-preview":"max-video-preview:-1"},"canonical":"https:\/\/lottemaa.ee\/en\/a-day-in-lotte-village\/gadgets\/kommipaberiavaja\/","og_locale":"en_US","og_type":"article","og_title":"CANDY WRAPPER OPENER | Lottemaa Teemapark","og_description":"Winner of the SEB and Lotte Village GREAT INVENTION COMPETITION 2018 \u2013 Emili and Mattias K\u00f5onurm\u2019s CANDY WRAPPER OPENER.","og_url":"https:\/\/lottemaa.ee\/en\/a-day-in-lotte-village\/gadgets\/kommipaberiavaja\/","og_site_name":"Lottemaa Teemapark","article_modified_time":"2024-10-01T13:35:40+00:00","og_image":[{"width":4928,"height":3264,"url":"https:\/\/lottemaa.ee\/wp-content\/uploads\/2020\/08\/DSC_7636.jpg","type":"image\/jpeg"}],"twitter_card":"summary_large_image","twitter_misc":{"Est. reading time":"1 minute"},"schema":{"@context":"https:\/\/schema.org","@graph":[{"@type":"WebPage","@id":"https:\/\/lottemaa.ee\/en\/a-day-in-lotte-village\/gadgets\/kommipaberiavaja\/","url":"https:\/\/lottemaa.ee\/en\/a-day-in-lotte-village\/gadgets\/kommipaberiavaja\/","name":"CANDY WRAPPER OPENER | Lottemaa Teemapark","isPartOf":{"@id":"https:\/\/lottemaa.ee\/#website"},"primaryImageOfPage":{"@id":"https:\/\/lottemaa.ee\/en\/a-day-in-lotte-village\/gadgets\/kommipaberiavaja\/#primaryimage"},"image":{"@id":"https:\/\/lottemaa.ee\/en\/a-day-in-lotte-village\/gadgets\/kommipaberiavaja\/#primaryimage"},"thumbnailUrl":"https:\/\/lottemaa.ee\/wp-content\/uploads\/2020\/08\/DSC_7636.jpg","datePublished":"2020-08-16T13:11:02+00:00","dateModified":"2024-10-01T13:35:40+00:00","description":"Winner of the SEB and Lotte Village GREAT INVENTION COMPETITION 2018 \u2013 Emili and Mattias K\u00f5onurm\u2019s CANDY WRAPPER OPENER.","breadcrumb":{"@id":"https:\/\/lottemaa.ee\/en\/a-day-in-lotte-village\/gadgets\/kommipaberiavaja\/#breadcrumb"},"inLanguage":"en-US","potentialAction":[{"@type":"ReadAction","target":["https:\/\/lottemaa.ee\/en\/a-day-in-lotte-village\/gadgets\/kommipaberiavaja\/"]}]},{"@type":"ImageObject","inLanguage":"en-US","@id":"https:\/\/lottemaa.ee\/en\/a-day-in-lotte-village\/gadgets\/kommipaberiavaja\/#primaryimage","url":"https:\/\/lottemaa.ee\/wp-content\/uploads\/2020\/08\/DSC_7636.jpg","contentUrl":"https:\/\/lottemaa.ee\/wp-content\/uploads\/2020\/08\/DSC_7636.jpg","width":4928,"height":3264},{"@type":"BreadcrumbList","@id":"https:\/\/lottemaa.ee\/en\/a-day-in-lotte-village\/gadgets\/kommipaberiavaja\/#breadcrumb","itemListElement":[{"@type":"ListItem","position":1,"name":"Home","item":"https:\/\/lottemaa.ee\/en\/"},{"@type":"ListItem","position":2,"name":"A day in Lotte Village","item":"https:\/\/lottemaa.ee\/en\/a-day-in-lotte-village\/"},{"@type":"ListItem","position":3,"name":"inventions","item":"https:\/\/lottemaa.ee\/en\/a-day-in-lotte-village\/gadgets\/"},{"@type":"ListItem","position":4,"name":"CANDY WRAPPER OPENER"}]},{"@type":"WebSite","@id":"https:\/\/lottemaa.ee\/#website","url":"https:\/\/lottemaa.ee\/","name":"Lottemaa Teemapark","description":"Baltimaade suurim ja k\u00f5ige \u00e4gedam kogupere teemapark Eestis P\u00e4rnumaal","publisher":{"@id":"https:\/\/lottemaa.ee\/#organization"},"potentialAction":[{"@type":"SearchAction","target":{"@type":"EntryPoint","urlTemplate":"https:\/\/lottemaa.ee\/?s={search_term_string}"},"query-input":{"@type":"PropertyValueSpecification","valueRequired":true,"valueName":"search_term_string"}}],"inLanguage":"en-US"},{"@type":"Organization","@id":"https:\/\/lottemaa.ee\/#organization","name":"Lottemaa Teemapark","url":"https:\/\/lottemaa.ee\/","logo":{"@type":"ImageObject","inLanguage":"en-US","@id":"https:\/\/lottemaa.ee\/#\/schema\/logo\/image\/","url":"https:\/\/lottemaa.ee\/wp-content\/uploads\/2018\/12\/Lottemaa_LOGO.png","contentUrl":"https:\/\/lottemaa.ee\/wp-content\/uploads\/2018\/12\/Lottemaa_LOGO.png","width":1024,"height":518,"caption":"Lottemaa Teemapark"},"image":{"@id":"https:\/\/lottemaa.ee\/#\/schema\/logo\/image\/"}}]}},"_links":{"self":[{"href":"https:\/\/lottemaa.ee\/en\/wp-json\/wp\/v2\/pages\/9587","targetHints":{"allow":["GET"]}}],"collection":[{"href":"https:\/\/lottemaa.ee\/en\/wp-json\/wp\/v2\/pages"}],"about":[{"href":"https:\/\/lottemaa.ee\/en\/wp-json\/wp\/v2\/types\/page"}],"author":[{"embeddable":true,"href":"https:\/\/lottemaa.ee\/en\/wp-json\/wp\/v2\/users\/7"}],"replies":[{"embeddable":true,"href":"https:\/\/lottemaa.ee\/en\/wp-json\/wp\/v2\/comments?post=9587"}],"version-history":[{"count":5,"href":"https:\/\/lottemaa.ee\/en\/wp-json\/wp\/v2\/pages\/9587\/revisions"}],"predecessor-version":[{"id":28774,"href":"https:\/\/lottemaa.ee\/en\/wp-json\/wp\/v2\/pages\/9587\/revisions\/28774"}],"up":[{"embeddable":true,"href":"https:\/\/lottemaa.ee\/en\/wp-json\/wp\/v2\/pages\/1018"}],"wp:featuredmedia":[{"embeddable":true,"href":"https:\/\/lottemaa.ee\/en\/wp-json\/wp\/v2\/media\/25783"}],"wp:attachment":[{"href":"https:\/\/lottemaa.ee\/en\/wp-json\/wp\/v2\/media?parent=9587"}],"curies":[{"name":"wp","href":"https:\/\/api.w.org\/{rel}","templated":true}]}}