{"id":9577,"date":"2020-08-16T12:32:39","date_gmt":"2020-08-16T09:32:39","guid":{"rendered":"https:\/\/test.lottemaa.ee\/?page_id=9577"},"modified":"2023-03-24T14:10:01","modified_gmt":"2023-03-24T12:10:01","slug":"sculpture-square","status":"publish","type":"page","link":"https:\/\/lottemaa.ee\/en\/a-day-in-lotte-village\/buildings-and-activites\/sculpture-square\/","title":{"rendered":"SCULPTURE SQUARE"},"content":{"rendered":"<p style=\"text-align: left;\"><span lang=\"en-GB\">Here are statues for all old inventors. The first resident of Gadgetville was Ladybird Uku and his statue is right on the first square of the village, at the train station. The statues of other old inventors can be found on Sculpture Square. Here we have Sven the Weasel, Kusti the Dog and other important names. Gadgetville loves to remember its inventors. On every Midsummer Night and on Christmas Day, the whole village gathers at Sculpture Square where the villagers play fun games, tell funny stories and sing beautiful songs.<\/span><\/p>\n","protected":false},"excerpt":{"rendered":"<p>Here are statues for all old inventors. The first resident of Gadgetville was Ladybird Uku and his statue is right on the first square of the village, at the train station. The statues of other old inventors can be found on Sculpture Square. Here we have Sven the Weasel, Kusti the Dog and other important &hellip; <a href=\"https:\/\/lottemaa.ee\/en\/a-day-in-lotte-village\/buildings-and-activites\/sculpture-square\/\">Continued<\/a><\/p>\n","protected":false},"author":7,"featured_media":13791,"parent":959,"menu_order":664,"comment_status":"closed","ping_status":"closed","template":"","meta":{"_acf_changed":false,"om_disable_all_campaigns":false,"_uf_show_specific_survey":0,"_uf_disable_surveys":false,"footnotes":""},"class_list":["post-9577","page","type-page","status-publish","has-post-thumbnail","hentry"],"acf":[],"yoast_head":"<!-- This site is optimized with the Yoast SEO plugin v25.5 - https:\/\/yoast.com\/wordpress\/plugins\/seo\/ -->\n<title>SCULPTURE SQUARE | Lottemaa Teemapark<\/title>\n<meta name=\"description\" content=\"Here are statues for all old inventors. The first resident of Gadgetville was Ladybird Uku and his statue is right on the first square of the village, at the train station.\" \/>\n<meta name=\"robots\" content=\"index, follow, max-snippet:-1, max-image-preview:large, max-video-preview:-1\" \/>\n<link rel=\"canonical\" href=\"https:\/\/lottemaa.ee\/en\/a-day-in-lotte-village\/buildings-and-activites\/sculpture-square\/\" \/>\n<meta property=\"og:locale\" content=\"en_US\" \/>\n<meta property=\"og:type\" content=\"article\" \/>\n<meta property=\"og:title\" content=\"SCULPTURE SQUARE | Lottemaa Teemapark\" \/>\n<meta property=\"og:description\" content=\"Here are statues for all old inventors. The first resident of Gadgetville was Ladybird Uku and his statue is right on the first square of the village, at the train station.\" \/>\n<meta property=\"og:url\" content=\"https:\/\/lottemaa.ee\/en\/a-day-in-lotte-village\/buildings-and-activites\/sculpture-square\/\" \/>\n<meta property=\"og:site_name\" content=\"Lottemaa Teemapark\" \/>\n<meta property=\"article:modified_time\" content=\"2023-03-24T12:10:01+00:00\" \/>\n<meta property=\"og:image\" content=\"https:\/\/lottemaa.ee\/wp-content\/uploads\/2022\/04\/DSC_7412-scaled.jpg\" \/>\n\t<meta property=\"og:image:width\" content=\"2560\" \/>\n\t<meta property=\"og:image:height\" content=\"1696\" \/>\n\t<meta property=\"og:image:type\" content=\"image\/jpeg\" \/>\n<meta name=\"twitter:card\" content=\"summary_large_image\" \/>\n<meta name=\"twitter:label1\" content=\"Est. reading time\" \/>\n\t<meta name=\"twitter:data1\" content=\"1 minute\" \/>\n<script type=\"application\/ld+json\" class=\"yoast-schema-graph\">{\"@context\":\"https:\/\/schema.org\",\"@graph\":[{\"@type\":\"WebPage\",\"@id\":\"https:\/\/lottemaa.ee\/en\/a-day-in-lotte-village\/buildings-and-activites\/sculpture-square\/\",\"url\":\"https:\/\/lottemaa.ee\/en\/a-day-in-lotte-village\/buildings-and-activites\/sculpture-square\/\",\"name\":\"SCULPTURE SQUARE | Lottemaa Teemapark\",\"isPartOf\":{\"@id\":\"https:\/\/lottemaa.ee\/#website\"},\"primaryImageOfPage\":{\"@id\":\"https:\/\/lottemaa.ee\/en\/a-day-in-lotte-village\/buildings-and-activites\/sculpture-square\/#primaryimage\"},\"image\":{\"@id\":\"https:\/\/lottemaa.ee\/en\/a-day-in-lotte-village\/buildings-and-activites\/sculpture-square\/#primaryimage\"},\"thumbnailUrl\":\"https:\/\/lottemaa.ee\/wp-content\/uploads\/2022\/04\/DSC_7412-scaled.jpg\",\"datePublished\":\"2020-08-16T09:32:39+00:00\",\"dateModified\":\"2023-03-24T12:10:01+00:00\",\"description\":\"Here are statues for all old inventors. The first resident of Gadgetville was Ladybird Uku and his statue is right on the first square of the village, at the train station.\",\"breadcrumb\":{\"@id\":\"https:\/\/lottemaa.ee\/en\/a-day-in-lotte-village\/buildings-and-activites\/sculpture-square\/#breadcrumb\"},\"inLanguage\":\"en-US\",\"potentialAction\":[{\"@type\":\"ReadAction\",\"target\":[\"https:\/\/lottemaa.ee\/en\/a-day-in-lotte-village\/buildings-and-activites\/sculpture-square\/\"]}]},{\"@type\":\"ImageObject\",\"inLanguage\":\"en-US\",\"@id\":\"https:\/\/lottemaa.ee\/en\/a-day-in-lotte-village\/buildings-and-activites\/sculpture-square\/#primaryimage\",\"url\":\"https:\/\/lottemaa.ee\/wp-content\/uploads\/2022\/04\/DSC_7412-scaled.jpg\",\"contentUrl\":\"https:\/\/lottemaa.ee\/wp-content\/uploads\/2022\/04\/DSC_7412-scaled.jpg\",\"width\":2560,\"height\":1696},{\"@type\":\"BreadcrumbList\",\"@id\":\"https:\/\/lottemaa.ee\/en\/a-day-in-lotte-village\/buildings-and-activites\/sculpture-square\/#breadcrumb\",\"itemListElement\":[{\"@type\":\"ListItem\",\"position\":1,\"name\":\"Home\",\"item\":\"https:\/\/lottemaa.ee\/en\/\"},{\"@type\":\"ListItem\",\"position\":2,\"name\":\"A day in Lotte Village\",\"item\":\"https:\/\/lottemaa.ee\/en\/a-day-in-lotte-village\/\"},{\"@type\":\"ListItem\",\"position\":3,\"name\":\"Houses and activites\",\"item\":\"https:\/\/lottemaa.ee\/en\/a-day-in-lotte-village\/buildings-and-activites\/\"},{\"@type\":\"ListItem\",\"position\":4,\"name\":\"SCULPTURE SQUARE\"}]},{\"@type\":\"WebSite\",\"@id\":\"https:\/\/lottemaa.ee\/#website\",\"url\":\"https:\/\/lottemaa.ee\/\",\"name\":\"Lottemaa Teemapark\",\"description\":\"Baltimaade suurim ja k\u00f5ige \u00e4gedam kogupere teemapark Eestis P\u00e4rnumaal\",\"publisher\":{\"@id\":\"https:\/\/lottemaa.ee\/#organization\"},\"potentialAction\":[{\"@type\":\"SearchAction\",\"target\":{\"@type\":\"EntryPoint\",\"urlTemplate\":\"https:\/\/lottemaa.ee\/?s={search_term_string}\"},\"query-input\":{\"@type\":\"PropertyValueSpecification\",\"valueRequired\":true,\"valueName\":\"search_term_string\"}}],\"inLanguage\":\"en-US\"},{\"@type\":\"Organization\",\"@id\":\"https:\/\/lottemaa.ee\/#organization\",\"name\":\"Lottemaa Teemapark\",\"url\":\"https:\/\/lottemaa.ee\/\",\"logo\":{\"@type\":\"ImageObject\",\"inLanguage\":\"en-US\",\"@id\":\"https:\/\/lottemaa.ee\/#\/schema\/logo\/image\/\",\"url\":\"https:\/\/lottemaa.ee\/wp-content\/uploads\/2018\/12\/Lottemaa_LOGO.png\",\"contentUrl\":\"https:\/\/lottemaa.ee\/wp-content\/uploads\/2018\/12\/Lottemaa_LOGO.png\",\"width\":1024,\"height\":518,\"caption\":\"Lottemaa Teemapark\"},\"image\":{\"@id\":\"https:\/\/lottemaa.ee\/#\/schema\/logo\/image\/\"}}]}<\/script>\n<!-- \/ Yoast SEO plugin. -->","yoast_head_json":{"title":"SCULPTURE SQUARE | Lottemaa Teemapark","description":"Here are statues for all old inventors. The first resident of Gadgetville was Ladybird Uku and his statue is right on the first square of the village, at the train station.","robots":{"index":"index","follow":"follow","max-snippet":"max-snippet:-1","max-image-preview":"max-image-preview:large","max-video-preview":"max-video-preview:-1"},"canonical":"https:\/\/lottemaa.ee\/en\/a-day-in-lotte-village\/buildings-and-activites\/sculpture-square\/","og_locale":"en_US","og_type":"article","og_title":"SCULPTURE SQUARE | Lottemaa Teemapark","og_description":"Here are statues for all old inventors. The first resident of Gadgetville was Ladybird Uku and his statue is right on the first square of the village, at the train station.","og_url":"https:\/\/lottemaa.ee\/en\/a-day-in-lotte-village\/buildings-and-activites\/sculpture-square\/","og_site_name":"Lottemaa Teemapark","article_modified_time":"2023-03-24T12:10:01+00:00","og_image":[{"width":2560,"height":1696,"url":"https:\/\/lottemaa.ee\/wp-content\/uploads\/2022\/04\/DSC_7412-scaled.jpg","type":"image\/jpeg"}],"twitter_card":"summary_large_image","twitter_misc":{"Est. reading time":"1 minute"},"schema":{"@context":"https:\/\/schema.org","@graph":[{"@type":"WebPage","@id":"https:\/\/lottemaa.ee\/en\/a-day-in-lotte-village\/buildings-and-activites\/sculpture-square\/","url":"https:\/\/lottemaa.ee\/en\/a-day-in-lotte-village\/buildings-and-activites\/sculpture-square\/","name":"SCULPTURE SQUARE | Lottemaa Teemapark","isPartOf":{"@id":"https:\/\/lottemaa.ee\/#website"},"primaryImageOfPage":{"@id":"https:\/\/lottemaa.ee\/en\/a-day-in-lotte-village\/buildings-and-activites\/sculpture-square\/#primaryimage"},"image":{"@id":"https:\/\/lottemaa.ee\/en\/a-day-in-lotte-village\/buildings-and-activites\/sculpture-square\/#primaryimage"},"thumbnailUrl":"https:\/\/lottemaa.ee\/wp-content\/uploads\/2022\/04\/DSC_7412-scaled.jpg","datePublished":"2020-08-16T09:32:39+00:00","dateModified":"2023-03-24T12:10:01+00:00","description":"Here are statues for all old inventors. The first resident of Gadgetville was Ladybird Uku and his statue is right on the first square of the village, at the train station.","breadcrumb":{"@id":"https:\/\/lottemaa.ee\/en\/a-day-in-lotte-village\/buildings-and-activites\/sculpture-square\/#breadcrumb"},"inLanguage":"en-US","potentialAction":[{"@type":"ReadAction","target":["https:\/\/lottemaa.ee\/en\/a-day-in-lotte-village\/buildings-and-activites\/sculpture-square\/"]}]},{"@type":"ImageObject","inLanguage":"en-US","@id":"https:\/\/lottemaa.ee\/en\/a-day-in-lotte-village\/buildings-and-activites\/sculpture-square\/#primaryimage","url":"https:\/\/lottemaa.ee\/wp-content\/uploads\/2022\/04\/DSC_7412-scaled.jpg","contentUrl":"https:\/\/lottemaa.ee\/wp-content\/uploads\/2022\/04\/DSC_7412-scaled.jpg","width":2560,"height":1696},{"@type":"BreadcrumbList","@id":"https:\/\/lottemaa.ee\/en\/a-day-in-lotte-village\/buildings-and-activites\/sculpture-square\/#breadcrumb","itemListElement":[{"@type":"ListItem","position":1,"name":"Home","item":"https:\/\/lottemaa.ee\/en\/"},{"@type":"ListItem","position":2,"name":"A day in Lotte Village","item":"https:\/\/lottemaa.ee\/en\/a-day-in-lotte-village\/"},{"@type":"ListItem","position":3,"name":"Houses and activites","item":"https:\/\/lottemaa.ee\/en\/a-day-in-lotte-village\/buildings-and-activites\/"},{"@type":"ListItem","position":4,"name":"SCULPTURE SQUARE"}]},{"@type":"WebSite","@id":"https:\/\/lottemaa.ee\/#website","url":"https:\/\/lottemaa.ee\/","name":"Lottemaa Teemapark","description":"Baltimaade suurim ja k\u00f5ige \u00e4gedam kogupere teemapark Eestis P\u00e4rnumaal","publisher":{"@id":"https:\/\/lottemaa.ee\/#organization"},"potentialAction":[{"@type":"SearchAction","target":{"@type":"EntryPoint","urlTemplate":"https:\/\/lottemaa.ee\/?s={search_term_string}"},"query-input":{"@type":"PropertyValueSpecification","valueRequired":true,"valueName":"search_term_string"}}],"inLanguage":"en-US"},{"@type":"Organization","@id":"https:\/\/lottemaa.ee\/#organization","name":"Lottemaa Teemapark","url":"https:\/\/lottemaa.ee\/","logo":{"@type":"ImageObject","inLanguage":"en-US","@id":"https:\/\/lottemaa.ee\/#\/schema\/logo\/image\/","url":"https:\/\/lottemaa.ee\/wp-content\/uploads\/2018\/12\/Lottemaa_LOGO.png","contentUrl":"https:\/\/lottemaa.ee\/wp-content\/uploads\/2018\/12\/Lottemaa_LOGO.png","width":1024,"height":518,"caption":"Lottemaa Teemapark"},"image":{"@id":"https:\/\/lottemaa.ee\/#\/schema\/logo\/image\/"}}]}},"_links":{"self":[{"href":"https:\/\/lottemaa.ee\/en\/wp-json\/wp\/v2\/pages\/9577","targetHints":{"allow":["GET"]}}],"collection":[{"href":"https:\/\/lottemaa.ee\/en\/wp-json\/wp\/v2\/pages"}],"about":[{"href":"https:\/\/lottemaa.ee\/en\/wp-json\/wp\/v2\/types\/page"}],"author":[{"embeddable":true,"href":"https:\/\/lottemaa.ee\/en\/wp-json\/wp\/v2\/users\/7"}],"replies":[{"embeddable":true,"href":"https:\/\/lottemaa.ee\/en\/wp-json\/wp\/v2\/comments?post=9577"}],"version-history":[{"count":2,"href":"https:\/\/lottemaa.ee\/en\/wp-json\/wp\/v2\/pages\/9577\/revisions"}],"predecessor-version":[{"id":21265,"href":"https:\/\/lottemaa.ee\/en\/wp-json\/wp\/v2\/pages\/9577\/revisions\/21265"}],"up":[{"embeddable":true,"href":"https:\/\/lottemaa.ee\/en\/wp-json\/wp\/v2\/pages\/959"}],"wp:featuredmedia":[{"embeddable":true,"href":"https:\/\/lottemaa.ee\/en\/wp-json\/wp\/v2\/media\/13791"}],"wp:attachment":[{"href":"https:\/\/lottemaa.ee\/en\/wp-json\/wp\/v2\/media?parent=9577"}],"curies":[{"name":"wp","href":"https:\/\/api.w.org\/{rel}","templated":true}]}}