{"id":9571,"date":"2020-08-16T12:29:35","date_gmt":"2020-08-16T09:29:35","guid":{"rendered":"https:\/\/test.lottemaa.ee\/?page_id=9571"},"modified":"2023-06-15T13:52:47","modified_gmt":"2023-06-15T10:52:47","slug":"muttide-kodu","status":"publish","type":"page","link":"https:\/\/lottemaa.ee\/en\/a-day-in-lotte-village\/buildings-and-activites\/muttide-kodu\/","title":{"rendered":"MOLES\u2019 HOME"},"content":{"rendered":"<p style=\"text-align: left;\"><span lang=\"en-GB\">Of course there are moles living in Gadgetville \u2013 John and James. Since moles can\u2019t stand the daylight, they live in the dim underground. Other animals, however, do not like bustling around underground. That\u2019s why Oskar invented such great pipes through which they can see how the moles are doing. Every morning Adalbert has a chat with the moles and the moles read him interesting news from the newspaper.<\/span><\/p>\n","protected":false},"excerpt":{"rendered":"<p>Of course there are moles living in Gadgetville \u2013 John and James. Since moles can\u2019t stand the daylight, they live in the dim underground. Other animals, however, do not like bustling around underground. That\u2019s why Oskar invented such great pipes through which they can see how the moles are doing. Every morning Adalbert has a &hellip; <a href=\"https:\/\/lottemaa.ee\/en\/a-day-in-lotte-village\/buildings-and-activites\/muttide-kodu\/\">Continued<\/a><\/p>\n","protected":false},"author":7,"featured_media":13139,"parent":959,"menu_order":620,"comment_status":"closed","ping_status":"closed","template":"","meta":{"_acf_changed":false,"om_disable_all_campaigns":false,"_uf_show_specific_survey":0,"_uf_disable_surveys":false,"footnotes":""},"class_list":["post-9571","page","type-page","status-publish","has-post-thumbnail","hentry"],"acf":[],"yoast_head":"<!-- This site is optimized with the Yoast SEO plugin v25.5 - https:\/\/yoast.com\/wordpress\/plugins\/seo\/ -->\n<title>MOLES\u2019 HOME | Lottemaa Teemapark<\/title>\n<meta name=\"description\" content=\"Of course there are moles living in Gadgetville \u2013 John and James. Since moles can\u2019t stand the daylight, they live in the dim underground.\" \/>\n<meta name=\"robots\" content=\"index, follow, max-snippet:-1, max-image-preview:large, max-video-preview:-1\" \/>\n<link rel=\"canonical\" href=\"https:\/\/lottemaa.ee\/en\/a-day-in-lotte-village\/buildings-and-activites\/muttide-kodu\/\" \/>\n<meta property=\"og:locale\" content=\"en_US\" \/>\n<meta property=\"og:type\" content=\"article\" \/>\n<meta property=\"og:title\" content=\"MOLES\u2019 HOME | Lottemaa Teemapark\" \/>\n<meta property=\"og:description\" content=\"Of course there are moles living in Gadgetville \u2013 John and James. Since moles can\u2019t stand the daylight, they live in the dim underground.\" \/>\n<meta property=\"og:url\" content=\"https:\/\/lottemaa.ee\/en\/a-day-in-lotte-village\/buildings-and-activites\/muttide-kodu\/\" \/>\n<meta property=\"og:site_name\" content=\"Lottemaa Teemapark\" \/>\n<meta property=\"article:modified_time\" content=\"2023-06-15T10:52:47+00:00\" \/>\n<meta property=\"og:image\" content=\"https:\/\/lottemaa.ee\/wp-content\/uploads\/2022\/04\/DSC_6875-scaled.jpg\" \/>\n\t<meta property=\"og:image:width\" content=\"2560\" \/>\n\t<meta property=\"og:image:height\" content=\"1696\" \/>\n\t<meta property=\"og:image:type\" content=\"image\/jpeg\" \/>\n<meta name=\"twitter:card\" content=\"summary_large_image\" \/>\n<meta name=\"twitter:label1\" content=\"Est. reading time\" \/>\n\t<meta name=\"twitter:data1\" content=\"1 minute\" \/>\n<script type=\"application\/ld+json\" class=\"yoast-schema-graph\">{\"@context\":\"https:\/\/schema.org\",\"@graph\":[{\"@type\":\"WebPage\",\"@id\":\"https:\/\/lottemaa.ee\/en\/a-day-in-lotte-village\/buildings-and-activites\/muttide-kodu\/\",\"url\":\"https:\/\/lottemaa.ee\/en\/a-day-in-lotte-village\/buildings-and-activites\/muttide-kodu\/\",\"name\":\"MOLES\u2019 HOME | Lottemaa Teemapark\",\"isPartOf\":{\"@id\":\"https:\/\/lottemaa.ee\/#website\"},\"primaryImageOfPage\":{\"@id\":\"https:\/\/lottemaa.ee\/en\/a-day-in-lotte-village\/buildings-and-activites\/muttide-kodu\/#primaryimage\"},\"image\":{\"@id\":\"https:\/\/lottemaa.ee\/en\/a-day-in-lotte-village\/buildings-and-activites\/muttide-kodu\/#primaryimage\"},\"thumbnailUrl\":\"https:\/\/lottemaa.ee\/wp-content\/uploads\/2022\/04\/DSC_6875-scaled.jpg\",\"datePublished\":\"2020-08-16T09:29:35+00:00\",\"dateModified\":\"2023-06-15T10:52:47+00:00\",\"description\":\"Of course there are moles living in Gadgetville \u2013 John and James. Since moles can\u2019t stand the daylight, they live in the dim underground.\",\"breadcrumb\":{\"@id\":\"https:\/\/lottemaa.ee\/en\/a-day-in-lotte-village\/buildings-and-activites\/muttide-kodu\/#breadcrumb\"},\"inLanguage\":\"en-US\",\"potentialAction\":[{\"@type\":\"ReadAction\",\"target\":[\"https:\/\/lottemaa.ee\/en\/a-day-in-lotte-village\/buildings-and-activites\/muttide-kodu\/\"]}]},{\"@type\":\"ImageObject\",\"inLanguage\":\"en-US\",\"@id\":\"https:\/\/lottemaa.ee\/en\/a-day-in-lotte-village\/buildings-and-activites\/muttide-kodu\/#primaryimage\",\"url\":\"https:\/\/lottemaa.ee\/wp-content\/uploads\/2022\/04\/DSC_6875-scaled.jpg\",\"contentUrl\":\"https:\/\/lottemaa.ee\/wp-content\/uploads\/2022\/04\/DSC_6875-scaled.jpg\",\"width\":2560,\"height\":1696},{\"@type\":\"BreadcrumbList\",\"@id\":\"https:\/\/lottemaa.ee\/en\/a-day-in-lotte-village\/buildings-and-activites\/muttide-kodu\/#breadcrumb\",\"itemListElement\":[{\"@type\":\"ListItem\",\"position\":1,\"name\":\"Home\",\"item\":\"https:\/\/lottemaa.ee\/en\/\"},{\"@type\":\"ListItem\",\"position\":2,\"name\":\"A day in Lotte Village\",\"item\":\"https:\/\/lottemaa.ee\/en\/a-day-in-lotte-village\/\"},{\"@type\":\"ListItem\",\"position\":3,\"name\":\"Houses and activites\",\"item\":\"https:\/\/lottemaa.ee\/en\/a-day-in-lotte-village\/buildings-and-activites\/\"},{\"@type\":\"ListItem\",\"position\":4,\"name\":\"MOLES\u2019 HOME\"}]},{\"@type\":\"WebSite\",\"@id\":\"https:\/\/lottemaa.ee\/#website\",\"url\":\"https:\/\/lottemaa.ee\/\",\"name\":\"Lottemaa Teemapark\",\"description\":\"Baltimaade suurim ja k\u00f5ige \u00e4gedam kogupere teemapark Eestis P\u00e4rnumaal\",\"publisher\":{\"@id\":\"https:\/\/lottemaa.ee\/#organization\"},\"potentialAction\":[{\"@type\":\"SearchAction\",\"target\":{\"@type\":\"EntryPoint\",\"urlTemplate\":\"https:\/\/lottemaa.ee\/?s={search_term_string}\"},\"query-input\":{\"@type\":\"PropertyValueSpecification\",\"valueRequired\":true,\"valueName\":\"search_term_string\"}}],\"inLanguage\":\"en-US\"},{\"@type\":\"Organization\",\"@id\":\"https:\/\/lottemaa.ee\/#organization\",\"name\":\"Lottemaa Teemapark\",\"url\":\"https:\/\/lottemaa.ee\/\",\"logo\":{\"@type\":\"ImageObject\",\"inLanguage\":\"en-US\",\"@id\":\"https:\/\/lottemaa.ee\/#\/schema\/logo\/image\/\",\"url\":\"https:\/\/lottemaa.ee\/wp-content\/uploads\/2018\/12\/Lottemaa_LOGO.png\",\"contentUrl\":\"https:\/\/lottemaa.ee\/wp-content\/uploads\/2018\/12\/Lottemaa_LOGO.png\",\"width\":1024,\"height\":518,\"caption\":\"Lottemaa Teemapark\"},\"image\":{\"@id\":\"https:\/\/lottemaa.ee\/#\/schema\/logo\/image\/\"}}]}<\/script>\n<!-- \/ Yoast SEO plugin. -->","yoast_head_json":{"title":"MOLES\u2019 HOME | Lottemaa Teemapark","description":"Of course there are moles living in Gadgetville \u2013 John and James. Since moles can\u2019t stand the daylight, they live in the dim underground.","robots":{"index":"index","follow":"follow","max-snippet":"max-snippet:-1","max-image-preview":"max-image-preview:large","max-video-preview":"max-video-preview:-1"},"canonical":"https:\/\/lottemaa.ee\/en\/a-day-in-lotte-village\/buildings-and-activites\/muttide-kodu\/","og_locale":"en_US","og_type":"article","og_title":"MOLES\u2019 HOME | Lottemaa Teemapark","og_description":"Of course there are moles living in Gadgetville \u2013 John and James. Since moles can\u2019t stand the daylight, they live in the dim underground.","og_url":"https:\/\/lottemaa.ee\/en\/a-day-in-lotte-village\/buildings-and-activites\/muttide-kodu\/","og_site_name":"Lottemaa Teemapark","article_modified_time":"2023-06-15T10:52:47+00:00","og_image":[{"width":2560,"height":1696,"url":"https:\/\/lottemaa.ee\/wp-content\/uploads\/2022\/04\/DSC_6875-scaled.jpg","type":"image\/jpeg"}],"twitter_card":"summary_large_image","twitter_misc":{"Est. reading time":"1 minute"},"schema":{"@context":"https:\/\/schema.org","@graph":[{"@type":"WebPage","@id":"https:\/\/lottemaa.ee\/en\/a-day-in-lotte-village\/buildings-and-activites\/muttide-kodu\/","url":"https:\/\/lottemaa.ee\/en\/a-day-in-lotte-village\/buildings-and-activites\/muttide-kodu\/","name":"MOLES\u2019 HOME | Lottemaa Teemapark","isPartOf":{"@id":"https:\/\/lottemaa.ee\/#website"},"primaryImageOfPage":{"@id":"https:\/\/lottemaa.ee\/en\/a-day-in-lotte-village\/buildings-and-activites\/muttide-kodu\/#primaryimage"},"image":{"@id":"https:\/\/lottemaa.ee\/en\/a-day-in-lotte-village\/buildings-and-activites\/muttide-kodu\/#primaryimage"},"thumbnailUrl":"https:\/\/lottemaa.ee\/wp-content\/uploads\/2022\/04\/DSC_6875-scaled.jpg","datePublished":"2020-08-16T09:29:35+00:00","dateModified":"2023-06-15T10:52:47+00:00","description":"Of course there are moles living in Gadgetville \u2013 John and James. Since moles can\u2019t stand the daylight, they live in the dim underground.","breadcrumb":{"@id":"https:\/\/lottemaa.ee\/en\/a-day-in-lotte-village\/buildings-and-activites\/muttide-kodu\/#breadcrumb"},"inLanguage":"en-US","potentialAction":[{"@type":"ReadAction","target":["https:\/\/lottemaa.ee\/en\/a-day-in-lotte-village\/buildings-and-activites\/muttide-kodu\/"]}]},{"@type":"ImageObject","inLanguage":"en-US","@id":"https:\/\/lottemaa.ee\/en\/a-day-in-lotte-village\/buildings-and-activites\/muttide-kodu\/#primaryimage","url":"https:\/\/lottemaa.ee\/wp-content\/uploads\/2022\/04\/DSC_6875-scaled.jpg","contentUrl":"https:\/\/lottemaa.ee\/wp-content\/uploads\/2022\/04\/DSC_6875-scaled.jpg","width":2560,"height":1696},{"@type":"BreadcrumbList","@id":"https:\/\/lottemaa.ee\/en\/a-day-in-lotte-village\/buildings-and-activites\/muttide-kodu\/#breadcrumb","itemListElement":[{"@type":"ListItem","position":1,"name":"Home","item":"https:\/\/lottemaa.ee\/en\/"},{"@type":"ListItem","position":2,"name":"A day in Lotte Village","item":"https:\/\/lottemaa.ee\/en\/a-day-in-lotte-village\/"},{"@type":"ListItem","position":3,"name":"Houses and activites","item":"https:\/\/lottemaa.ee\/en\/a-day-in-lotte-village\/buildings-and-activites\/"},{"@type":"ListItem","position":4,"name":"MOLES\u2019 HOME"}]},{"@type":"WebSite","@id":"https:\/\/lottemaa.ee\/#website","url":"https:\/\/lottemaa.ee\/","name":"Lottemaa Teemapark","description":"Baltimaade suurim ja k\u00f5ige \u00e4gedam kogupere teemapark Eestis P\u00e4rnumaal","publisher":{"@id":"https:\/\/lottemaa.ee\/#organization"},"potentialAction":[{"@type":"SearchAction","target":{"@type":"EntryPoint","urlTemplate":"https:\/\/lottemaa.ee\/?s={search_term_string}"},"query-input":{"@type":"PropertyValueSpecification","valueRequired":true,"valueName":"search_term_string"}}],"inLanguage":"en-US"},{"@type":"Organization","@id":"https:\/\/lottemaa.ee\/#organization","name":"Lottemaa Teemapark","url":"https:\/\/lottemaa.ee\/","logo":{"@type":"ImageObject","inLanguage":"en-US","@id":"https:\/\/lottemaa.ee\/#\/schema\/logo\/image\/","url":"https:\/\/lottemaa.ee\/wp-content\/uploads\/2018\/12\/Lottemaa_LOGO.png","contentUrl":"https:\/\/lottemaa.ee\/wp-content\/uploads\/2018\/12\/Lottemaa_LOGO.png","width":1024,"height":518,"caption":"Lottemaa Teemapark"},"image":{"@id":"https:\/\/lottemaa.ee\/#\/schema\/logo\/image\/"}}]}},"_links":{"self":[{"href":"https:\/\/lottemaa.ee\/en\/wp-json\/wp\/v2\/pages\/9571","targetHints":{"allow":["GET"]}}],"collection":[{"href":"https:\/\/lottemaa.ee\/en\/wp-json\/wp\/v2\/pages"}],"about":[{"href":"https:\/\/lottemaa.ee\/en\/wp-json\/wp\/v2\/types\/page"}],"author":[{"embeddable":true,"href":"https:\/\/lottemaa.ee\/en\/wp-json\/wp\/v2\/users\/7"}],"replies":[{"embeddable":true,"href":"https:\/\/lottemaa.ee\/en\/wp-json\/wp\/v2\/comments?post=9571"}],"version-history":[{"count":3,"href":"https:\/\/lottemaa.ee\/en\/wp-json\/wp\/v2\/pages\/9571\/revisions"}],"predecessor-version":[{"id":21260,"href":"https:\/\/lottemaa.ee\/en\/wp-json\/wp\/v2\/pages\/9571\/revisions\/21260"}],"up":[{"embeddable":true,"href":"https:\/\/lottemaa.ee\/en\/wp-json\/wp\/v2\/pages\/959"}],"wp:featuredmedia":[{"embeddable":true,"href":"https:\/\/lottemaa.ee\/en\/wp-json\/wp\/v2\/media\/13139"}],"wp:attachment":[{"href":"https:\/\/lottemaa.ee\/en\/wp-json\/wp\/v2\/media?parent=9571"}],"curies":[{"name":"wp","href":"https:\/\/api.w.org\/{rel}","templated":true}]}}