{"id":9559,"date":"2020-08-16T10:59:36","date_gmt":"2020-08-16T07:59:36","guid":{"rendered":"https:\/\/test.lottemaa.ee\/?page_id=9559"},"modified":"2024-08-07T12:34:51","modified_gmt":"2024-08-07T09:34:51","slug":"klausi-rannukohver","status":"publish","type":"page","link":"https:\/\/lottemaa.ee\/en\/a-day-in-lotte-village\/gadgets\/klausi-rannukohver\/","title":{"rendered":"KLAUS\u2019S TRAVEL SUITCASE"},"content":{"rendered":"<p style=\"text-align: left;\"><span lang=\"en-GB\">Klaus the Travelling Dog used to be a good traveler. He embarked on his first long trip when he was just a young dog. Klaus\u2019s mom\u2019s nose got a little damp, but Klaus\u2019s dad said it was not only the school that made children smart; travelling did too. And this is how Klaus went on his first long trip. He went on and on until he was back in Gadgetville. This is when Klaus understood that the world is not flat like a pancake but instead round as a ball. When Klaus became older, he invented a nice tool \u2013 a scooter \u2013 to assist him on his trips. Now uncle Klaus is riding his scooter, and besides being its good friend, the scooter is also his moving home. When the night falls and Klaus is on his trip, he just jumps into his travel suitcase and sleeps in there. When there is a sandstorm in the desert, the suitcase offers a good hideaway, and when it is raining, it is perfect for just lying in.<\/span><\/p>\n","protected":false},"excerpt":{"rendered":"<p>Klaus the Travelling Dog used to be a good traveler. He embarked on his first long trip when he was just a young dog. Klaus\u2019s mom\u2019s nose got a little damp, but Klaus\u2019s dad said it was not only the school that made children smart; travelling did too. And this is how Klaus went on &hellip; <a href=\"https:\/\/lottemaa.ee\/en\/a-day-in-lotte-village\/gadgets\/klausi-rannukohver\/\">Continued<\/a><\/p>\n","protected":false},"author":7,"featured_media":13289,"parent":1018,"menu_order":552,"comment_status":"closed","ping_status":"closed","template":"","meta":{"_acf_changed":false,"om_disable_all_campaigns":false,"_uf_show_specific_survey":0,"_uf_disable_surveys":false,"footnotes":""},"class_list":["post-9559","page","type-page","status-publish","has-post-thumbnail","hentry"],"acf":[],"yoast_head":"<!-- This site is optimized with the Yoast SEO plugin v25.5 - https:\/\/yoast.com\/wordpress\/plugins\/seo\/ -->\n<title>KLAUS\u2019S TRAVEL SUITCASE | Lottemaa Teemapark<\/title>\n<meta name=\"robots\" content=\"index, follow, max-snippet:-1, max-image-preview:large, max-video-preview:-1\" \/>\n<link rel=\"canonical\" href=\"https:\/\/lottemaa.ee\/en\/a-day-in-lotte-village\/gadgets\/klausi-rannukohver\/\" \/>\n<meta property=\"og:locale\" content=\"en_US\" \/>\n<meta property=\"og:type\" content=\"article\" \/>\n<meta property=\"og:title\" content=\"KLAUS\u2019S TRAVEL SUITCASE | Lottemaa Teemapark\" \/>\n<meta property=\"og:description\" content=\"Klaus the Travelling Dog used to be a good traveler. He embarked on his first long trip when he was just a young dog. Klaus\u2019s mom\u2019s nose got a little damp, but Klaus\u2019s dad said it was not only the school that made children smart; travelling did too. And this is how Klaus went on &hellip; Continued\" \/>\n<meta property=\"og:url\" content=\"https:\/\/lottemaa.ee\/en\/a-day-in-lotte-village\/gadgets\/klausi-rannukohver\/\" \/>\n<meta property=\"og:site_name\" content=\"Lottemaa Teemapark\" \/>\n<meta property=\"article:modified_time\" content=\"2024-08-07T09:34:51+00:00\" \/>\n<meta property=\"og:image\" content=\"https:\/\/lottemaa.ee\/wp-content\/uploads\/2022\/04\/DSC_7032-scaled.jpg\" \/>\n\t<meta property=\"og:image:width\" content=\"2560\" \/>\n\t<meta property=\"og:image:height\" content=\"1696\" \/>\n\t<meta property=\"og:image:type\" content=\"image\/jpeg\" \/>\n<meta name=\"twitter:card\" content=\"summary_large_image\" \/>\n<meta name=\"twitter:label1\" content=\"Est. reading time\" \/>\n\t<meta name=\"twitter:data1\" content=\"2 minutes\" \/>\n<script type=\"application\/ld+json\" class=\"yoast-schema-graph\">{\"@context\":\"https:\/\/schema.org\",\"@graph\":[{\"@type\":\"WebPage\",\"@id\":\"https:\/\/lottemaa.ee\/en\/a-day-in-lotte-village\/gadgets\/klausi-rannukohver\/\",\"url\":\"https:\/\/lottemaa.ee\/en\/a-day-in-lotte-village\/gadgets\/klausi-rannukohver\/\",\"name\":\"KLAUS\u2019S TRAVEL SUITCASE | Lottemaa Teemapark\",\"isPartOf\":{\"@id\":\"https:\/\/lottemaa.ee\/#website\"},\"primaryImageOfPage\":{\"@id\":\"https:\/\/lottemaa.ee\/en\/a-day-in-lotte-village\/gadgets\/klausi-rannukohver\/#primaryimage\"},\"image\":{\"@id\":\"https:\/\/lottemaa.ee\/en\/a-day-in-lotte-village\/gadgets\/klausi-rannukohver\/#primaryimage\"},\"thumbnailUrl\":\"https:\/\/lottemaa.ee\/wp-content\/uploads\/2022\/04\/DSC_7032-scaled.jpg\",\"datePublished\":\"2020-08-16T07:59:36+00:00\",\"dateModified\":\"2024-08-07T09:34:51+00:00\",\"breadcrumb\":{\"@id\":\"https:\/\/lottemaa.ee\/en\/a-day-in-lotte-village\/gadgets\/klausi-rannukohver\/#breadcrumb\"},\"inLanguage\":\"en-US\",\"potentialAction\":[{\"@type\":\"ReadAction\",\"target\":[\"https:\/\/lottemaa.ee\/en\/a-day-in-lotte-village\/gadgets\/klausi-rannukohver\/\"]}]},{\"@type\":\"ImageObject\",\"inLanguage\":\"en-US\",\"@id\":\"https:\/\/lottemaa.ee\/en\/a-day-in-lotte-village\/gadgets\/klausi-rannukohver\/#primaryimage\",\"url\":\"https:\/\/lottemaa.ee\/wp-content\/uploads\/2022\/04\/DSC_7032-scaled.jpg\",\"contentUrl\":\"https:\/\/lottemaa.ee\/wp-content\/uploads\/2022\/04\/DSC_7032-scaled.jpg\",\"width\":2560,\"height\":1696},{\"@type\":\"BreadcrumbList\",\"@id\":\"https:\/\/lottemaa.ee\/en\/a-day-in-lotte-village\/gadgets\/klausi-rannukohver\/#breadcrumb\",\"itemListElement\":[{\"@type\":\"ListItem\",\"position\":1,\"name\":\"Home\",\"item\":\"https:\/\/lottemaa.ee\/en\/\"},{\"@type\":\"ListItem\",\"position\":2,\"name\":\"A day in Lotte Village\",\"item\":\"https:\/\/lottemaa.ee\/en\/a-day-in-lotte-village\/\"},{\"@type\":\"ListItem\",\"position\":3,\"name\":\"inventions\",\"item\":\"https:\/\/lottemaa.ee\/en\/a-day-in-lotte-village\/gadgets\/\"},{\"@type\":\"ListItem\",\"position\":4,\"name\":\"KLAUS\u2019S TRAVEL SUITCASE\"}]},{\"@type\":\"WebSite\",\"@id\":\"https:\/\/lottemaa.ee\/#website\",\"url\":\"https:\/\/lottemaa.ee\/\",\"name\":\"Lottemaa Teemapark\",\"description\":\"Baltimaade suurim ja k\u00f5ige \u00e4gedam kogupere teemapark Eestis P\u00e4rnumaal\",\"publisher\":{\"@id\":\"https:\/\/lottemaa.ee\/#organization\"},\"potentialAction\":[{\"@type\":\"SearchAction\",\"target\":{\"@type\":\"EntryPoint\",\"urlTemplate\":\"https:\/\/lottemaa.ee\/?s={search_term_string}\"},\"query-input\":{\"@type\":\"PropertyValueSpecification\",\"valueRequired\":true,\"valueName\":\"search_term_string\"}}],\"inLanguage\":\"en-US\"},{\"@type\":\"Organization\",\"@id\":\"https:\/\/lottemaa.ee\/#organization\",\"name\":\"Lottemaa Teemapark\",\"url\":\"https:\/\/lottemaa.ee\/\",\"logo\":{\"@type\":\"ImageObject\",\"inLanguage\":\"en-US\",\"@id\":\"https:\/\/lottemaa.ee\/#\/schema\/logo\/image\/\",\"url\":\"https:\/\/lottemaa.ee\/wp-content\/uploads\/2018\/12\/Lottemaa_LOGO.png\",\"contentUrl\":\"https:\/\/lottemaa.ee\/wp-content\/uploads\/2018\/12\/Lottemaa_LOGO.png\",\"width\":1024,\"height\":518,\"caption\":\"Lottemaa Teemapark\"},\"image\":{\"@id\":\"https:\/\/lottemaa.ee\/#\/schema\/logo\/image\/\"}}]}<\/script>\n<!-- \/ Yoast SEO plugin. -->","yoast_head_json":{"title":"KLAUS\u2019S TRAVEL SUITCASE | Lottemaa Teemapark","robots":{"index":"index","follow":"follow","max-snippet":"max-snippet:-1","max-image-preview":"max-image-preview:large","max-video-preview":"max-video-preview:-1"},"canonical":"https:\/\/lottemaa.ee\/en\/a-day-in-lotte-village\/gadgets\/klausi-rannukohver\/","og_locale":"en_US","og_type":"article","og_title":"KLAUS\u2019S TRAVEL SUITCASE | Lottemaa Teemapark","og_description":"Klaus the Travelling Dog used to be a good traveler. He embarked on his first long trip when he was just a young dog. Klaus\u2019s mom\u2019s nose got a little damp, but Klaus\u2019s dad said it was not only the school that made children smart; travelling did too. And this is how Klaus went on &hellip; Continued","og_url":"https:\/\/lottemaa.ee\/en\/a-day-in-lotte-village\/gadgets\/klausi-rannukohver\/","og_site_name":"Lottemaa Teemapark","article_modified_time":"2024-08-07T09:34:51+00:00","og_image":[{"width":2560,"height":1696,"url":"https:\/\/lottemaa.ee\/wp-content\/uploads\/2022\/04\/DSC_7032-scaled.jpg","type":"image\/jpeg"}],"twitter_card":"summary_large_image","twitter_misc":{"Est. reading time":"2 minutes"},"schema":{"@context":"https:\/\/schema.org","@graph":[{"@type":"WebPage","@id":"https:\/\/lottemaa.ee\/en\/a-day-in-lotte-village\/gadgets\/klausi-rannukohver\/","url":"https:\/\/lottemaa.ee\/en\/a-day-in-lotte-village\/gadgets\/klausi-rannukohver\/","name":"KLAUS\u2019S TRAVEL SUITCASE | Lottemaa Teemapark","isPartOf":{"@id":"https:\/\/lottemaa.ee\/#website"},"primaryImageOfPage":{"@id":"https:\/\/lottemaa.ee\/en\/a-day-in-lotte-village\/gadgets\/klausi-rannukohver\/#primaryimage"},"image":{"@id":"https:\/\/lottemaa.ee\/en\/a-day-in-lotte-village\/gadgets\/klausi-rannukohver\/#primaryimage"},"thumbnailUrl":"https:\/\/lottemaa.ee\/wp-content\/uploads\/2022\/04\/DSC_7032-scaled.jpg","datePublished":"2020-08-16T07:59:36+00:00","dateModified":"2024-08-07T09:34:51+00:00","breadcrumb":{"@id":"https:\/\/lottemaa.ee\/en\/a-day-in-lotte-village\/gadgets\/klausi-rannukohver\/#breadcrumb"},"inLanguage":"en-US","potentialAction":[{"@type":"ReadAction","target":["https:\/\/lottemaa.ee\/en\/a-day-in-lotte-village\/gadgets\/klausi-rannukohver\/"]}]},{"@type":"ImageObject","inLanguage":"en-US","@id":"https:\/\/lottemaa.ee\/en\/a-day-in-lotte-village\/gadgets\/klausi-rannukohver\/#primaryimage","url":"https:\/\/lottemaa.ee\/wp-content\/uploads\/2022\/04\/DSC_7032-scaled.jpg","contentUrl":"https:\/\/lottemaa.ee\/wp-content\/uploads\/2022\/04\/DSC_7032-scaled.jpg","width":2560,"height":1696},{"@type":"BreadcrumbList","@id":"https:\/\/lottemaa.ee\/en\/a-day-in-lotte-village\/gadgets\/klausi-rannukohver\/#breadcrumb","itemListElement":[{"@type":"ListItem","position":1,"name":"Home","item":"https:\/\/lottemaa.ee\/en\/"},{"@type":"ListItem","position":2,"name":"A day in Lotte Village","item":"https:\/\/lottemaa.ee\/en\/a-day-in-lotte-village\/"},{"@type":"ListItem","position":3,"name":"inventions","item":"https:\/\/lottemaa.ee\/en\/a-day-in-lotte-village\/gadgets\/"},{"@type":"ListItem","position":4,"name":"KLAUS\u2019S TRAVEL SUITCASE"}]},{"@type":"WebSite","@id":"https:\/\/lottemaa.ee\/#website","url":"https:\/\/lottemaa.ee\/","name":"Lottemaa Teemapark","description":"Baltimaade suurim ja k\u00f5ige \u00e4gedam kogupere teemapark Eestis P\u00e4rnumaal","publisher":{"@id":"https:\/\/lottemaa.ee\/#organization"},"potentialAction":[{"@type":"SearchAction","target":{"@type":"EntryPoint","urlTemplate":"https:\/\/lottemaa.ee\/?s={search_term_string}"},"query-input":{"@type":"PropertyValueSpecification","valueRequired":true,"valueName":"search_term_string"}}],"inLanguage":"en-US"},{"@type":"Organization","@id":"https:\/\/lottemaa.ee\/#organization","name":"Lottemaa Teemapark","url":"https:\/\/lottemaa.ee\/","logo":{"@type":"ImageObject","inLanguage":"en-US","@id":"https:\/\/lottemaa.ee\/#\/schema\/logo\/image\/","url":"https:\/\/lottemaa.ee\/wp-content\/uploads\/2018\/12\/Lottemaa_LOGO.png","contentUrl":"https:\/\/lottemaa.ee\/wp-content\/uploads\/2018\/12\/Lottemaa_LOGO.png","width":1024,"height":518,"caption":"Lottemaa Teemapark"},"image":{"@id":"https:\/\/lottemaa.ee\/#\/schema\/logo\/image\/"}}]}},"_links":{"self":[{"href":"https:\/\/lottemaa.ee\/en\/wp-json\/wp\/v2\/pages\/9559","targetHints":{"allow":["GET"]}}],"collection":[{"href":"https:\/\/lottemaa.ee\/en\/wp-json\/wp\/v2\/pages"}],"about":[{"href":"https:\/\/lottemaa.ee\/en\/wp-json\/wp\/v2\/types\/page"}],"author":[{"embeddable":true,"href":"https:\/\/lottemaa.ee\/en\/wp-json\/wp\/v2\/users\/7"}],"replies":[{"embeddable":true,"href":"https:\/\/lottemaa.ee\/en\/wp-json\/wp\/v2\/comments?post=9559"}],"version-history":[{"count":4,"href":"https:\/\/lottemaa.ee\/en\/wp-json\/wp\/v2\/pages\/9559\/revisions"}],"predecessor-version":[{"id":20508,"href":"https:\/\/lottemaa.ee\/en\/wp-json\/wp\/v2\/pages\/9559\/revisions\/20508"}],"up":[{"embeddable":true,"href":"https:\/\/lottemaa.ee\/en\/wp-json\/wp\/v2\/pages\/1018"}],"wp:featuredmedia":[{"embeddable":true,"href":"https:\/\/lottemaa.ee\/en\/wp-json\/wp\/v2\/media\/13289"}],"wp:attachment":[{"href":"https:\/\/lottemaa.ee\/en\/wp-json\/wp\/v2\/media?parent=9559"}],"curies":[{"name":"wp","href":"https:\/\/api.w.org\/{rel}","templated":true}]}}