{"id":9523,"date":"2020-08-14T16:40:50","date_gmt":"2020-08-14T13:40:50","guid":{"rendered":"https:\/\/test.lottemaa.ee\/?page_id=9523"},"modified":"2024-08-07T13:30:10","modified_gmt":"2024-08-07T10:30:10","slug":"tolmuimeja-tramm","status":"publish","type":"page","link":"https:\/\/lottemaa.ee\/en\/a-day-in-lotte-village\/gadgets\/tolmuimeja-tramm\/","title":{"rendered":"VACUUM CLEANER TRAM"},"content":{"rendered":"<p style=\"text-align: left;\"><span lang=\"en-GB\">This is Adalbert\u2019s first invention. When Adalbert the Rabbit was a young inventor, he desperately wanted to impress the rabbit carrying a suitcase, so he asked Theodor to visit him to present his first invention. Theodor brought along some more important rabbits and everybody came to admire Adalbert\u2019s invention. But unfortunately, the invention did not work. Despite its groaning and moaning it simply refused to turn on. Then Oskar lent Adalbert a little bit of electricity and the invention roared and turned on. The roar was such that it knocked the important rabbits\u2019 socks off, and this is how the new invention got its distinguished name: tram!<\/span><\/p>\n","protected":false},"excerpt":{"rendered":"<p>This is Adalbert\u2019s first invention. When Adalbert the Rabbit was a young inventor, he desperately wanted to impress the rabbit carrying a suitcase, so he asked Theodor to visit him to present his first invention. Theodor brought along some more important rabbits and everybody came to admire Adalbert\u2019s invention. But unfortunately, the invention did not &hellip; <a href=\"https:\/\/lottemaa.ee\/en\/a-day-in-lotte-village\/gadgets\/tolmuimeja-tramm\/\">Continued<\/a><\/p>\n","protected":false},"author":7,"featured_media":26919,"parent":1018,"menu_order":540,"comment_status":"closed","ping_status":"closed","template":"","meta":{"_acf_changed":false,"om_disable_all_campaigns":false,"_uf_show_specific_survey":0,"_uf_disable_surveys":false,"footnotes":""},"class_list":["post-9523","page","type-page","status-publish","has-post-thumbnail","hentry"],"acf":[],"yoast_head":"<!-- This site is optimized with the Yoast SEO plugin v25.5 - https:\/\/yoast.com\/wordpress\/plugins\/seo\/ -->\n<title>VACUUM CLEANER TRAM | Lottemaa Teemapark<\/title>\n<meta name=\"description\" content=\"This is Adalbert\u2019s first invention. When Adalbert the Rabbit was a young inventor, he desperately wanted to impress the rabbit carrying a suitcase, so he asked Theodor to visit him to present his first invention.\" \/>\n<meta name=\"robots\" content=\"index, follow, max-snippet:-1, max-image-preview:large, max-video-preview:-1\" \/>\n<link rel=\"canonical\" href=\"https:\/\/lottemaa.ee\/en\/a-day-in-lotte-village\/gadgets\/tolmuimeja-tramm\/\" \/>\n<meta property=\"og:locale\" content=\"en_US\" \/>\n<meta property=\"og:type\" content=\"article\" \/>\n<meta property=\"og:title\" content=\"VACUUM CLEANER TRAM | Lottemaa Teemapark\" \/>\n<meta property=\"og:description\" content=\"This is Adalbert\u2019s first invention. When Adalbert the Rabbit was a young inventor, he desperately wanted to impress the rabbit carrying a suitcase, so he asked Theodor to visit him to present his first invention.\" \/>\n<meta property=\"og:url\" content=\"https:\/\/lottemaa.ee\/en\/a-day-in-lotte-village\/gadgets\/tolmuimeja-tramm\/\" \/>\n<meta property=\"og:site_name\" content=\"Lottemaa Teemapark\" \/>\n<meta property=\"article:modified_time\" content=\"2024-08-07T10:30:10+00:00\" \/>\n<meta property=\"og:image\" content=\"https:\/\/lottemaa.ee\/wp-content\/uploads\/2024\/07\/Lottemaa-IV-400.jpg\" \/>\n\t<meta property=\"og:image:width\" content=\"2000\" \/>\n\t<meta property=\"og:image:height\" content=\"1333\" \/>\n\t<meta property=\"og:image:type\" content=\"image\/jpeg\" \/>\n<meta name=\"twitter:card\" content=\"summary_large_image\" \/>\n<meta name=\"twitter:label1\" content=\"Est. reading time\" \/>\n\t<meta name=\"twitter:data1\" content=\"1 minute\" \/>\n<script type=\"application\/ld+json\" class=\"yoast-schema-graph\">{\"@context\":\"https:\/\/schema.org\",\"@graph\":[{\"@type\":\"WebPage\",\"@id\":\"https:\/\/lottemaa.ee\/en\/a-day-in-lotte-village\/gadgets\/tolmuimeja-tramm\/\",\"url\":\"https:\/\/lottemaa.ee\/en\/a-day-in-lotte-village\/gadgets\/tolmuimeja-tramm\/\",\"name\":\"VACUUM CLEANER TRAM | Lottemaa Teemapark\",\"isPartOf\":{\"@id\":\"https:\/\/lottemaa.ee\/#website\"},\"primaryImageOfPage\":{\"@id\":\"https:\/\/lottemaa.ee\/en\/a-day-in-lotte-village\/gadgets\/tolmuimeja-tramm\/#primaryimage\"},\"image\":{\"@id\":\"https:\/\/lottemaa.ee\/en\/a-day-in-lotte-village\/gadgets\/tolmuimeja-tramm\/#primaryimage\"},\"thumbnailUrl\":\"https:\/\/lottemaa.ee\/wp-content\/uploads\/2024\/07\/Lottemaa-IV-400.jpg\",\"datePublished\":\"2020-08-14T13:40:50+00:00\",\"dateModified\":\"2024-08-07T10:30:10+00:00\",\"description\":\"This is Adalbert\u2019s first invention. When Adalbert the Rabbit was a young inventor, he desperately wanted to impress the rabbit carrying a suitcase, so he asked Theodor to visit him to present his first invention.\",\"breadcrumb\":{\"@id\":\"https:\/\/lottemaa.ee\/en\/a-day-in-lotte-village\/gadgets\/tolmuimeja-tramm\/#breadcrumb\"},\"inLanguage\":\"en-US\",\"potentialAction\":[{\"@type\":\"ReadAction\",\"target\":[\"https:\/\/lottemaa.ee\/en\/a-day-in-lotte-village\/gadgets\/tolmuimeja-tramm\/\"]}]},{\"@type\":\"ImageObject\",\"inLanguage\":\"en-US\",\"@id\":\"https:\/\/lottemaa.ee\/en\/a-day-in-lotte-village\/gadgets\/tolmuimeja-tramm\/#primaryimage\",\"url\":\"https:\/\/lottemaa.ee\/wp-content\/uploads\/2024\/07\/Lottemaa-IV-400.jpg\",\"contentUrl\":\"https:\/\/lottemaa.ee\/wp-content\/uploads\/2024\/07\/Lottemaa-IV-400.jpg\",\"width\":2000,\"height\":1333},{\"@type\":\"BreadcrumbList\",\"@id\":\"https:\/\/lottemaa.ee\/en\/a-day-in-lotte-village\/gadgets\/tolmuimeja-tramm\/#breadcrumb\",\"itemListElement\":[{\"@type\":\"ListItem\",\"position\":1,\"name\":\"Home\",\"item\":\"https:\/\/lottemaa.ee\/en\/\"},{\"@type\":\"ListItem\",\"position\":2,\"name\":\"A day in Lotte Village\",\"item\":\"https:\/\/lottemaa.ee\/en\/a-day-in-lotte-village\/\"},{\"@type\":\"ListItem\",\"position\":3,\"name\":\"inventions\",\"item\":\"https:\/\/lottemaa.ee\/en\/a-day-in-lotte-village\/gadgets\/\"},{\"@type\":\"ListItem\",\"position\":4,\"name\":\"VACUUM CLEANER TRAM\"}]},{\"@type\":\"WebSite\",\"@id\":\"https:\/\/lottemaa.ee\/#website\",\"url\":\"https:\/\/lottemaa.ee\/\",\"name\":\"Lottemaa Teemapark\",\"description\":\"Baltimaade suurim ja k\u00f5ige \u00e4gedam kogupere teemapark Eestis P\u00e4rnumaal\",\"publisher\":{\"@id\":\"https:\/\/lottemaa.ee\/#organization\"},\"potentialAction\":[{\"@type\":\"SearchAction\",\"target\":{\"@type\":\"EntryPoint\",\"urlTemplate\":\"https:\/\/lottemaa.ee\/?s={search_term_string}\"},\"query-input\":{\"@type\":\"PropertyValueSpecification\",\"valueRequired\":true,\"valueName\":\"search_term_string\"}}],\"inLanguage\":\"en-US\"},{\"@type\":\"Organization\",\"@id\":\"https:\/\/lottemaa.ee\/#organization\",\"name\":\"Lottemaa Teemapark\",\"url\":\"https:\/\/lottemaa.ee\/\",\"logo\":{\"@type\":\"ImageObject\",\"inLanguage\":\"en-US\",\"@id\":\"https:\/\/lottemaa.ee\/#\/schema\/logo\/image\/\",\"url\":\"https:\/\/lottemaa.ee\/wp-content\/uploads\/2018\/12\/Lottemaa_LOGO.png\",\"contentUrl\":\"https:\/\/lottemaa.ee\/wp-content\/uploads\/2018\/12\/Lottemaa_LOGO.png\",\"width\":1024,\"height\":518,\"caption\":\"Lottemaa Teemapark\"},\"image\":{\"@id\":\"https:\/\/lottemaa.ee\/#\/schema\/logo\/image\/\"}}]}<\/script>\n<!-- \/ Yoast SEO plugin. -->","yoast_head_json":{"title":"VACUUM CLEANER TRAM | Lottemaa Teemapark","description":"This is Adalbert\u2019s first invention. When Adalbert the Rabbit was a young inventor, he desperately wanted to impress the rabbit carrying a suitcase, so he asked Theodor to visit him to present his first invention.","robots":{"index":"index","follow":"follow","max-snippet":"max-snippet:-1","max-image-preview":"max-image-preview:large","max-video-preview":"max-video-preview:-1"},"canonical":"https:\/\/lottemaa.ee\/en\/a-day-in-lotte-village\/gadgets\/tolmuimeja-tramm\/","og_locale":"en_US","og_type":"article","og_title":"VACUUM CLEANER TRAM | Lottemaa Teemapark","og_description":"This is Adalbert\u2019s first invention. When Adalbert the Rabbit was a young inventor, he desperately wanted to impress the rabbit carrying a suitcase, so he asked Theodor to visit him to present his first invention.","og_url":"https:\/\/lottemaa.ee\/en\/a-day-in-lotte-village\/gadgets\/tolmuimeja-tramm\/","og_site_name":"Lottemaa Teemapark","article_modified_time":"2024-08-07T10:30:10+00:00","og_image":[{"width":2000,"height":1333,"url":"https:\/\/lottemaa.ee\/wp-content\/uploads\/2024\/07\/Lottemaa-IV-400.jpg","type":"image\/jpeg"}],"twitter_card":"summary_large_image","twitter_misc":{"Est. reading time":"1 minute"},"schema":{"@context":"https:\/\/schema.org","@graph":[{"@type":"WebPage","@id":"https:\/\/lottemaa.ee\/en\/a-day-in-lotte-village\/gadgets\/tolmuimeja-tramm\/","url":"https:\/\/lottemaa.ee\/en\/a-day-in-lotte-village\/gadgets\/tolmuimeja-tramm\/","name":"VACUUM CLEANER TRAM | Lottemaa Teemapark","isPartOf":{"@id":"https:\/\/lottemaa.ee\/#website"},"primaryImageOfPage":{"@id":"https:\/\/lottemaa.ee\/en\/a-day-in-lotte-village\/gadgets\/tolmuimeja-tramm\/#primaryimage"},"image":{"@id":"https:\/\/lottemaa.ee\/en\/a-day-in-lotte-village\/gadgets\/tolmuimeja-tramm\/#primaryimage"},"thumbnailUrl":"https:\/\/lottemaa.ee\/wp-content\/uploads\/2024\/07\/Lottemaa-IV-400.jpg","datePublished":"2020-08-14T13:40:50+00:00","dateModified":"2024-08-07T10:30:10+00:00","description":"This is Adalbert\u2019s first invention. When Adalbert the Rabbit was a young inventor, he desperately wanted to impress the rabbit carrying a suitcase, so he asked Theodor to visit him to present his first invention.","breadcrumb":{"@id":"https:\/\/lottemaa.ee\/en\/a-day-in-lotte-village\/gadgets\/tolmuimeja-tramm\/#breadcrumb"},"inLanguage":"en-US","potentialAction":[{"@type":"ReadAction","target":["https:\/\/lottemaa.ee\/en\/a-day-in-lotte-village\/gadgets\/tolmuimeja-tramm\/"]}]},{"@type":"ImageObject","inLanguage":"en-US","@id":"https:\/\/lottemaa.ee\/en\/a-day-in-lotte-village\/gadgets\/tolmuimeja-tramm\/#primaryimage","url":"https:\/\/lottemaa.ee\/wp-content\/uploads\/2024\/07\/Lottemaa-IV-400.jpg","contentUrl":"https:\/\/lottemaa.ee\/wp-content\/uploads\/2024\/07\/Lottemaa-IV-400.jpg","width":2000,"height":1333},{"@type":"BreadcrumbList","@id":"https:\/\/lottemaa.ee\/en\/a-day-in-lotte-village\/gadgets\/tolmuimeja-tramm\/#breadcrumb","itemListElement":[{"@type":"ListItem","position":1,"name":"Home","item":"https:\/\/lottemaa.ee\/en\/"},{"@type":"ListItem","position":2,"name":"A day in Lotte Village","item":"https:\/\/lottemaa.ee\/en\/a-day-in-lotte-village\/"},{"@type":"ListItem","position":3,"name":"inventions","item":"https:\/\/lottemaa.ee\/en\/a-day-in-lotte-village\/gadgets\/"},{"@type":"ListItem","position":4,"name":"VACUUM CLEANER TRAM"}]},{"@type":"WebSite","@id":"https:\/\/lottemaa.ee\/#website","url":"https:\/\/lottemaa.ee\/","name":"Lottemaa Teemapark","description":"Baltimaade suurim ja k\u00f5ige \u00e4gedam kogupere teemapark Eestis P\u00e4rnumaal","publisher":{"@id":"https:\/\/lottemaa.ee\/#organization"},"potentialAction":[{"@type":"SearchAction","target":{"@type":"EntryPoint","urlTemplate":"https:\/\/lottemaa.ee\/?s={search_term_string}"},"query-input":{"@type":"PropertyValueSpecification","valueRequired":true,"valueName":"search_term_string"}}],"inLanguage":"en-US"},{"@type":"Organization","@id":"https:\/\/lottemaa.ee\/#organization","name":"Lottemaa Teemapark","url":"https:\/\/lottemaa.ee\/","logo":{"@type":"ImageObject","inLanguage":"en-US","@id":"https:\/\/lottemaa.ee\/#\/schema\/logo\/image\/","url":"https:\/\/lottemaa.ee\/wp-content\/uploads\/2018\/12\/Lottemaa_LOGO.png","contentUrl":"https:\/\/lottemaa.ee\/wp-content\/uploads\/2018\/12\/Lottemaa_LOGO.png","width":1024,"height":518,"caption":"Lottemaa Teemapark"},"image":{"@id":"https:\/\/lottemaa.ee\/#\/schema\/logo\/image\/"}}]}},"_links":{"self":[{"href":"https:\/\/lottemaa.ee\/en\/wp-json\/wp\/v2\/pages\/9523","targetHints":{"allow":["GET"]}}],"collection":[{"href":"https:\/\/lottemaa.ee\/en\/wp-json\/wp\/v2\/pages"}],"about":[{"href":"https:\/\/lottemaa.ee\/en\/wp-json\/wp\/v2\/types\/page"}],"author":[{"embeddable":true,"href":"https:\/\/lottemaa.ee\/en\/wp-json\/wp\/v2\/users\/7"}],"replies":[{"embeddable":true,"href":"https:\/\/lottemaa.ee\/en\/wp-json\/wp\/v2\/comments?post=9523"}],"version-history":[{"count":5,"href":"https:\/\/lottemaa.ee\/en\/wp-json\/wp\/v2\/pages\/9523\/revisions"}],"predecessor-version":[{"id":27906,"href":"https:\/\/lottemaa.ee\/en\/wp-json\/wp\/v2\/pages\/9523\/revisions\/27906"}],"up":[{"embeddable":true,"href":"https:\/\/lottemaa.ee\/en\/wp-json\/wp\/v2\/pages\/1018"}],"wp:featuredmedia":[{"embeddable":true,"href":"https:\/\/lottemaa.ee\/en\/wp-json\/wp\/v2\/media\/26919"}],"wp:attachment":[{"href":"https:\/\/lottemaa.ee\/en\/wp-json\/wp\/v2\/media?parent=9523"}],"curies":[{"name":"wp","href":"https:\/\/api.w.org\/{rel}","templated":true}]}}