{"id":952,"date":"2016-05-16T16:43:42","date_gmt":"2016-05-16T13:43:42","guid":{"rendered":"http:\/\/sharks.ee\/lottemaa\/en\/?page_id=952"},"modified":"2026-01-25T13:55:06","modified_gmt":"2026-01-25T11:55:06","slug":"internal-rules-of-the-theme-park","status":"publish","type":"page","link":"https:\/\/lottemaa.ee\/en\/a-day-in-lotte-village\/internal-rules-of-the-theme-park\/","title":{"rendered":"Internal rules of the theme park"},"content":{"rendered":"<ul>\n<li style=\"text-align: left;\">By purchasing a ticket to the Lotte Village theme park, you are confirming that you have read and agree with the internal rules of the theme park.<\/li>\n<li style=\"text-align: left;\"><span style=\"color: #ff0000;\"><strong>THE DAY TICKET<\/strong><\/span> or <span style=\"color: #ff0000;\"><strong>HAND STAMP<\/strong> <\/span>allows you to visit the theme park on the specific date you exchange the ticket for the stamp.<\/li>\n<li style=\"text-align: left;\">By presenting the stamp you can exit and enter the theme park throughout the day of your visit without having to purchase a new ticket.<\/li>\n<li style=\"text-align: left;\">The staff of the theme park has the right to check hand stamps and if a visitor fails to present one, to escort them out of the premises of the theme park.<\/li>\n<li style=\"text-align: left;\">The entrance of the theme park offers stickers for children in case of getting lost. We recommend writing the phone number of the parent or accompanying adult on the child\u2019s sticker. Please place the sticker in a visible spot on the child\u2019s clothing. This makes it easier for us to find the lost parents.<\/li>\n<li style=\"text-align: left;\">The children in the theme park <span style=\"color: #ff0000;\"><strong>ARE THE RESPONSIBILITY OF THEIRPARENTS OR ACCOMPANYING ADULTS<\/strong><\/span>. The parents, guardians or accompanying adults are obligated to keep an eye on the children they accompany in the theme park. The staff of Lotte Village takes no responsibility for and does not monitor children on the premises or attractions.<\/li>\n<li style=\"text-align: left;\"><span style=\"color: #ff0000;\"><strong>THE BEACH AREA<\/strong> <\/span>is outside the theme park territory and is for public use. Bathing and swimming will be at your own discretion as the beach does not have a lifeguard service. You need to present a stamp to our staff member when returning from the beach.<\/li>\n<li style=\"text-align: left;\"><span style=\"color: #ff0000;\"><strong>THE ADVENTURE PARK<\/strong><\/span> on the territory is intended for public use and climbing on the adventure trail is allowed only under the supervision of an adult.<\/li>\n<li style=\"text-align: left;\"><span style=\"color: #ff0000;\"><strong>PARKING FOR QUESTS IS PAID<\/strong><\/span>, the car park is unmonitored. In summer, it is open for visitors from <span style=\"color: #ff0000;\"><strong>9:45-18:15<\/strong> <\/span>and in winter from <span style=\"color: #ff0000;\"><strong>14:45-19:15<\/strong><\/span>. Cars, trailers and other vehicles with visible advertising purposes are allowed only with our written consent.<\/li>\n<li style=\"text-align: left;\">Please <span style=\"color: #ff0000;\"><strong>BE POLITE<\/strong><\/span> to all visitors and playmates in the theme park and follow the general rules of good conduct and manners.<\/li>\n<li style=\"text-align: left;\">Pets, even small and well-behaved ones, are <span style=\"color: #ff0000;\"><strong>NOT ALLOWED<\/strong> <\/span>in the theme park.<\/li>\n<li style=\"text-align: left;\">Riding on bicycles, skateboards and roller skates, etc. is <span style=\"color: #ff0000;\"><strong>NOT ALLOWED<\/strong><\/span> on the premises of the theme park.<\/li>\n<li style=\"text-align: left;\">Smoking is <span style=\"color: #ff0000;\"><strong>PROHIBITED<\/strong><\/span> on the premises of the theme park (except in designated areas).<\/li>\n<li style=\"text-align: left;\">Consumption of alcohol is <span style=\"color: #ff0000;\"><strong>PROHIBITED<\/strong><\/span> on the premises of the theme park (except in designated areas).<\/li>\n<li style=\"text-align: left;\">Damaging and plundering the trees, bushes, flowers, mushrooms, etc. in the park is <span style=\"color: #ff0000;\"><strong>PROHIBITED<\/strong>.<\/span><\/li>\n<li style=\"text-align: left;\">Use the attractions, games and other equipment in the park <span style=\"color: #ff0000;\"><strong>CAREFULLY AND<\/strong> <strong>RESPONSIBLY<\/strong><\/span>.<\/li>\n<li style=\"text-align: left;\">Do not litter and always <span style=\"color: #ff0000;\"><strong>PUT LITTER IN TRASH BINS<\/strong><\/span> Please follow the rules of waste sorting.<\/li>\n<li style=\"text-align: left;\">We kindly ask the visitors<span style=\"color: #ff0000;\"> <strong>NOT TO ENTER<\/strong><\/span> the buildings, areas or rooms of the theme park that are closed to the public without the permission of a staff member.<\/li>\n<li style=\"text-align: left;\"><span style=\"color: #ff0000;\"><strong>NOTIFY A STAFF MEMBER IMMEDIATELY<\/strong><\/span> in case of an accident or injury if or you notice something dangerous \u2013 violation of rules, flooding, a fire, etc.<\/li>\n<li style=\"text-align: left;\">Keep an eye on your <span style=\"color: #ff0000;\"><strong>PERSONAL BELONGINGS<\/strong><\/span> (bags, mobile phones, keys etc). The Lotte Village theme park is not responsible for damages related to the loss, theft or damaging of the personal belongings of visitors.<\/li>\n<li style=\"text-align: left;\">Take <span style=\"color: #ff0000;\"><strong>FOUND ITEMS<\/strong><\/span> to a member of the staff. We store found items for one calendar month. If you lost something, please contact us at <span style=\"color: #000000;\"><strong>https:\/\/lottemaa.ee\/en\/contact-us\/<\/strong><\/span><\/li>\n<li style=\"text-align: left;\">The staff of the theme park <span style=\"color: #ff0000;\"><strong>HAS THE RIGHT TO REMOVE QUESTS<\/strong> <\/span>who do not comply with the internal rules of the park.<\/li>\n<li style=\"text-align: left;\">The staff of the theme park is always ready to explain the requirements and recommendations of the internal rules. In case of problems, we recommend contacting a member of the staff. <span style=\"color: #ff0000;\"><strong>WE ARE EAGER TO HELP YOU!<\/strong><\/span><\/li>\n<\/ul>\n<p style=\"text-align: left;\"><span style=\"color: #ff0000;\"><strong>NB!<\/strong><\/span> Security cameras are installed in the park for your safety.<\/p>\n","protected":false},"excerpt":{"rendered":"<p>By purchasing a ticket to the Lotte Village theme park, you are confirming that you have read and agree with the internal rules of the theme park. THE DAY TICKET or HAND STAMP allows you to visit the theme park on the specific date you exchange the ticket for the stamp. By presenting the stamp &hellip; <a href=\"https:\/\/lottemaa.ee\/en\/a-day-in-lotte-village\/internal-rules-of-the-theme-park\/\">Continued<\/a><\/p>\n","protected":false},"author":1,"featured_media":246,"parent":587,"menu_order":381,"comment_status":"closed","ping_status":"closed","template":"","meta":{"_acf_changed":false,"om_disable_all_campaigns":false,"_uf_show_specific_survey":0,"_uf_disable_surveys":false,"footnotes":""},"class_list":["post-952","page","type-page","status-publish","has-post-thumbnail","hentry"],"acf":[],"yoast_head":"<!-- This site is optimized with the Yoast SEO plugin v25.5 - https:\/\/yoast.com\/wordpress\/plugins\/seo\/ -->\n<title>Internal rules of the theme park | Lottemaa Teemapark<\/title>\n<meta name=\"robots\" content=\"index, follow, max-snippet:-1, max-image-preview:large, max-video-preview:-1\" \/>\n<link rel=\"canonical\" href=\"https:\/\/lottemaa.ee\/en\/a-day-in-lotte-village\/internal-rules-of-the-theme-park\/\" \/>\n<meta property=\"og:locale\" content=\"en_US\" \/>\n<meta property=\"og:type\" content=\"article\" \/>\n<meta property=\"og:title\" content=\"Internal rules of the theme park | Lottemaa Teemapark\" \/>\n<meta property=\"og:description\" content=\"By purchasing a ticket to the Lotte Village theme park, you are confirming that you have read and agree with the internal rules of the theme park. THE DAY TICKET or HAND STAMP allows you to visit the theme park on the specific date you exchange the ticket for the stamp. By presenting the stamp &hellip; Continued\" \/>\n<meta property=\"og:url\" content=\"https:\/\/lottemaa.ee\/en\/a-day-in-lotte-village\/internal-rules-of-the-theme-park\/\" \/>\n<meta property=\"og:site_name\" content=\"Lottemaa Teemapark\" \/>\n<meta property=\"article:modified_time\" content=\"2026-01-25T11:55:06+00:00\" \/>\n<meta property=\"og:image\" content=\"https:\/\/lottemaa.ee\/wp-content\/uploads\/2016\/04\/lottemaa-teemapargi-k\u00fclastuse-reeglid.jpg\" \/>\n\t<meta property=\"og:image:width\" content=\"287\" \/>\n\t<meta property=\"og:image:height\" content=\"255\" \/>\n\t<meta property=\"og:image:type\" content=\"image\/jpeg\" \/>\n<meta name=\"twitter:card\" content=\"summary_large_image\" \/>\n<meta name=\"twitter:label1\" content=\"Est. reading time\" \/>\n\t<meta name=\"twitter:data1\" content=\"4 minutes\" \/>\n<script type=\"application\/ld+json\" class=\"yoast-schema-graph\">{\"@context\":\"https:\/\/schema.org\",\"@graph\":[{\"@type\":\"WebPage\",\"@id\":\"https:\/\/lottemaa.ee\/en\/a-day-in-lotte-village\/internal-rules-of-the-theme-park\/\",\"url\":\"https:\/\/lottemaa.ee\/en\/a-day-in-lotte-village\/internal-rules-of-the-theme-park\/\",\"name\":\"Internal rules of the theme park | Lottemaa Teemapark\",\"isPartOf\":{\"@id\":\"https:\/\/lottemaa.ee\/#website\"},\"primaryImageOfPage\":{\"@id\":\"https:\/\/lottemaa.ee\/en\/a-day-in-lotte-village\/internal-rules-of-the-theme-park\/#primaryimage\"},\"image\":{\"@id\":\"https:\/\/lottemaa.ee\/en\/a-day-in-lotte-village\/internal-rules-of-the-theme-park\/#primaryimage\"},\"thumbnailUrl\":\"https:\/\/lottemaa.ee\/wp-content\/uploads\/2016\/04\/lottemaa-teemapargi-k\u00fclastuse-reeglid.jpg\",\"datePublished\":\"2016-05-16T13:43:42+00:00\",\"dateModified\":\"2026-01-25T11:55:06+00:00\",\"breadcrumb\":{\"@id\":\"https:\/\/lottemaa.ee\/en\/a-day-in-lotte-village\/internal-rules-of-the-theme-park\/#breadcrumb\"},\"inLanguage\":\"en-US\",\"potentialAction\":[{\"@type\":\"ReadAction\",\"target\":[\"https:\/\/lottemaa.ee\/en\/a-day-in-lotte-village\/internal-rules-of-the-theme-park\/\"]}]},{\"@type\":\"ImageObject\",\"inLanguage\":\"en-US\",\"@id\":\"https:\/\/lottemaa.ee\/en\/a-day-in-lotte-village\/internal-rules-of-the-theme-park\/#primaryimage\",\"url\":\"https:\/\/lottemaa.ee\/wp-content\/uploads\/2016\/04\/lottemaa-teemapargi-k\u00fclastuse-reeglid.jpg\",\"contentUrl\":\"https:\/\/lottemaa.ee\/wp-content\/uploads\/2016\/04\/lottemaa-teemapargi-k\u00fclastuse-reeglid.jpg\",\"width\":287,\"height\":255},{\"@type\":\"BreadcrumbList\",\"@id\":\"https:\/\/lottemaa.ee\/en\/a-day-in-lotte-village\/internal-rules-of-the-theme-park\/#breadcrumb\",\"itemListElement\":[{\"@type\":\"ListItem\",\"position\":1,\"name\":\"Home\",\"item\":\"https:\/\/lottemaa.ee\/en\/\"},{\"@type\":\"ListItem\",\"position\":2,\"name\":\"A day in Lotte Village\",\"item\":\"https:\/\/lottemaa.ee\/en\/a-day-in-lotte-village\/\"},{\"@type\":\"ListItem\",\"position\":3,\"name\":\"Internal rules of the theme park\"}]},{\"@type\":\"WebSite\",\"@id\":\"https:\/\/lottemaa.ee\/#website\",\"url\":\"https:\/\/lottemaa.ee\/\",\"name\":\"Lottemaa Teemapark\",\"description\":\"Baltimaade suurim ja k\u00f5ige \u00e4gedam kogupere teemapark Eestis P\u00e4rnumaal\",\"publisher\":{\"@id\":\"https:\/\/lottemaa.ee\/#organization\"},\"potentialAction\":[{\"@type\":\"SearchAction\",\"target\":{\"@type\":\"EntryPoint\",\"urlTemplate\":\"https:\/\/lottemaa.ee\/?s={search_term_string}\"},\"query-input\":{\"@type\":\"PropertyValueSpecification\",\"valueRequired\":true,\"valueName\":\"search_term_string\"}}],\"inLanguage\":\"en-US\"},{\"@type\":\"Organization\",\"@id\":\"https:\/\/lottemaa.ee\/#organization\",\"name\":\"Lottemaa Teemapark\",\"url\":\"https:\/\/lottemaa.ee\/\",\"logo\":{\"@type\":\"ImageObject\",\"inLanguage\":\"en-US\",\"@id\":\"https:\/\/lottemaa.ee\/#\/schema\/logo\/image\/\",\"url\":\"https:\/\/lottemaa.ee\/wp-content\/uploads\/2018\/12\/Lottemaa_LOGO.png\",\"contentUrl\":\"https:\/\/lottemaa.ee\/wp-content\/uploads\/2018\/12\/Lottemaa_LOGO.png\",\"width\":1024,\"height\":518,\"caption\":\"Lottemaa Teemapark\"},\"image\":{\"@id\":\"https:\/\/lottemaa.ee\/#\/schema\/logo\/image\/\"}}]}<\/script>\n<!-- \/ Yoast SEO plugin. -->","yoast_head_json":{"title":"Internal rules of the theme park | Lottemaa Teemapark","robots":{"index":"index","follow":"follow","max-snippet":"max-snippet:-1","max-image-preview":"max-image-preview:large","max-video-preview":"max-video-preview:-1"},"canonical":"https:\/\/lottemaa.ee\/en\/a-day-in-lotte-village\/internal-rules-of-the-theme-park\/","og_locale":"en_US","og_type":"article","og_title":"Internal rules of the theme park | Lottemaa Teemapark","og_description":"By purchasing a ticket to the Lotte Village theme park, you are confirming that you have read and agree with the internal rules of the theme park. THE DAY TICKET or HAND STAMP allows you to visit the theme park on the specific date you exchange the ticket for the stamp. By presenting the stamp &hellip; Continued","og_url":"https:\/\/lottemaa.ee\/en\/a-day-in-lotte-village\/internal-rules-of-the-theme-park\/","og_site_name":"Lottemaa Teemapark","article_modified_time":"2026-01-25T11:55:06+00:00","og_image":[{"width":287,"height":255,"url":"https:\/\/lottemaa.ee\/wp-content\/uploads\/2016\/04\/lottemaa-teemapargi-k\u00fclastuse-reeglid.jpg","type":"image\/jpeg"}],"twitter_card":"summary_large_image","twitter_misc":{"Est. reading time":"4 minutes"},"schema":{"@context":"https:\/\/schema.org","@graph":[{"@type":"WebPage","@id":"https:\/\/lottemaa.ee\/en\/a-day-in-lotte-village\/internal-rules-of-the-theme-park\/","url":"https:\/\/lottemaa.ee\/en\/a-day-in-lotte-village\/internal-rules-of-the-theme-park\/","name":"Internal rules of the theme park | Lottemaa Teemapark","isPartOf":{"@id":"https:\/\/lottemaa.ee\/#website"},"primaryImageOfPage":{"@id":"https:\/\/lottemaa.ee\/en\/a-day-in-lotte-village\/internal-rules-of-the-theme-park\/#primaryimage"},"image":{"@id":"https:\/\/lottemaa.ee\/en\/a-day-in-lotte-village\/internal-rules-of-the-theme-park\/#primaryimage"},"thumbnailUrl":"https:\/\/lottemaa.ee\/wp-content\/uploads\/2016\/04\/lottemaa-teemapargi-k\u00fclastuse-reeglid.jpg","datePublished":"2016-05-16T13:43:42+00:00","dateModified":"2026-01-25T11:55:06+00:00","breadcrumb":{"@id":"https:\/\/lottemaa.ee\/en\/a-day-in-lotte-village\/internal-rules-of-the-theme-park\/#breadcrumb"},"inLanguage":"en-US","potentialAction":[{"@type":"ReadAction","target":["https:\/\/lottemaa.ee\/en\/a-day-in-lotte-village\/internal-rules-of-the-theme-park\/"]}]},{"@type":"ImageObject","inLanguage":"en-US","@id":"https:\/\/lottemaa.ee\/en\/a-day-in-lotte-village\/internal-rules-of-the-theme-park\/#primaryimage","url":"https:\/\/lottemaa.ee\/wp-content\/uploads\/2016\/04\/lottemaa-teemapargi-k\u00fclastuse-reeglid.jpg","contentUrl":"https:\/\/lottemaa.ee\/wp-content\/uploads\/2016\/04\/lottemaa-teemapargi-k\u00fclastuse-reeglid.jpg","width":287,"height":255},{"@type":"BreadcrumbList","@id":"https:\/\/lottemaa.ee\/en\/a-day-in-lotte-village\/internal-rules-of-the-theme-park\/#breadcrumb","itemListElement":[{"@type":"ListItem","position":1,"name":"Home","item":"https:\/\/lottemaa.ee\/en\/"},{"@type":"ListItem","position":2,"name":"A day in Lotte Village","item":"https:\/\/lottemaa.ee\/en\/a-day-in-lotte-village\/"},{"@type":"ListItem","position":3,"name":"Internal rules of the theme park"}]},{"@type":"WebSite","@id":"https:\/\/lottemaa.ee\/#website","url":"https:\/\/lottemaa.ee\/","name":"Lottemaa Teemapark","description":"Baltimaade suurim ja k\u00f5ige \u00e4gedam kogupere teemapark Eestis P\u00e4rnumaal","publisher":{"@id":"https:\/\/lottemaa.ee\/#organization"},"potentialAction":[{"@type":"SearchAction","target":{"@type":"EntryPoint","urlTemplate":"https:\/\/lottemaa.ee\/?s={search_term_string}"},"query-input":{"@type":"PropertyValueSpecification","valueRequired":true,"valueName":"search_term_string"}}],"inLanguage":"en-US"},{"@type":"Organization","@id":"https:\/\/lottemaa.ee\/#organization","name":"Lottemaa Teemapark","url":"https:\/\/lottemaa.ee\/","logo":{"@type":"ImageObject","inLanguage":"en-US","@id":"https:\/\/lottemaa.ee\/#\/schema\/logo\/image\/","url":"https:\/\/lottemaa.ee\/wp-content\/uploads\/2018\/12\/Lottemaa_LOGO.png","contentUrl":"https:\/\/lottemaa.ee\/wp-content\/uploads\/2018\/12\/Lottemaa_LOGO.png","width":1024,"height":518,"caption":"Lottemaa Teemapark"},"image":{"@id":"https:\/\/lottemaa.ee\/#\/schema\/logo\/image\/"}}]}},"_links":{"self":[{"href":"https:\/\/lottemaa.ee\/en\/wp-json\/wp\/v2\/pages\/952","targetHints":{"allow":["GET"]}}],"collection":[{"href":"https:\/\/lottemaa.ee\/en\/wp-json\/wp\/v2\/pages"}],"about":[{"href":"https:\/\/lottemaa.ee\/en\/wp-json\/wp\/v2\/types\/page"}],"author":[{"embeddable":true,"href":"https:\/\/lottemaa.ee\/en\/wp-json\/wp\/v2\/users\/1"}],"replies":[{"embeddable":true,"href":"https:\/\/lottemaa.ee\/en\/wp-json\/wp\/v2\/comments?post=952"}],"version-history":[{"count":5,"href":"https:\/\/lottemaa.ee\/en\/wp-json\/wp\/v2\/pages\/952\/revisions"}],"predecessor-version":[{"id":32811,"href":"https:\/\/lottemaa.ee\/en\/wp-json\/wp\/v2\/pages\/952\/revisions\/32811"}],"up":[{"embeddable":true,"href":"https:\/\/lottemaa.ee\/en\/wp-json\/wp\/v2\/pages\/587"}],"wp:featuredmedia":[{"embeddable":true,"href":"https:\/\/lottemaa.ee\/en\/wp-json\/wp\/v2\/media\/246"}],"wp:attachment":[{"href":"https:\/\/lottemaa.ee\/en\/wp-json\/wp\/v2\/media?parent=952"}],"curies":[{"name":"wp","href":"https:\/\/api.w.org\/{rel}","templated":true}]}}