{"id":947,"date":"2016-05-16T16:27:41","date_gmt":"2016-05-16T13:27:41","guid":{"rendered":"http:\/\/sharks.ee\/lottemaa\/en\/?page_id=947"},"modified":"2024-09-26T14:16:10","modified_gmt":"2024-09-26T11:16:10","slug":"accommodation","status":"publish","type":"page","link":"https:\/\/lottemaa.ee\/en\/a-day-in-lotte-village\/accommodation\/","title":{"rendered":"Accommodation"},"content":{"rendered":"<p lang=\"en-US\"><span style=\"font-size: large;\">If you wish to remain in P\u00e4rnu county for several days while visiting Lotte Village, our great partners will guarantee pleasant accommodation. We recommend the following hotels:<\/span><\/p>\n<p><strong>Strand Spa &amp; Confernce Hotel<br \/>\n<\/strong><a href=\"https:\/\/www.hestiahotels.com\/strand\/en\/special\/a-family-adventure-at-the-lotte-play-studio\/\" target=\"_blank\" rel=\"noopener noreferrer\">www.strand.ee<\/a><\/p>\n<p><strong>Wasa Hotel<\/strong><br \/>\n<a href=\"https:\/\/wasahotels.ee\">www.<\/a><a href=\"https:\/\/wasahotels.ee\/en\/\">wasahotels.ee<\/a><\/p>\n<p><strong>Rannahotell Hotel &amp; Restaurant<br \/>\n<\/strong><a href=\"http:\/\/www.rannahotell.ee\" target=\"_blank\" rel=\"noopener noreferrer\">www.rannahotell.ee<\/a><\/p>\n<p><strong>Villa Wesset<br \/>\n<\/strong><a href=\"https:\/\/wesset.ee\" target=\"_blank\" rel=\"noopener noreferrer\">www.wesset.ee<\/a><\/p>\n<p><strong>Kurgo Villa Hotel &amp; Restaurant<\/strong><br \/>\n<a href=\"https:\/\/kurgovilla.ee\/paketid\/lottemaa-suveseikluse-pakett\/\" target=\"_blank\" rel=\"noopener noreferrer\">www.kurgovilla.ee<\/a><\/p>\n<p><strong>Tervise Paradiis Spa Hotel &amp; Water park<br \/>\n<\/strong><a href=\"http:\/\/www.terviseparadiis.ee\/en\" target=\"_blank\" rel=\"noopener noreferrer\">www.terviseparadiis.ee<\/a><\/p>\n<p><strong>ESTONIA Resort Hotel &amp; Spa<br \/>\n<\/strong><a href=\"https:\/\/www.spaestonia.ee\/resort\/en\/\" target=\"_blank\" rel=\"noopener noreferrer\">www.spaestonia.ee<\/a><\/p>\n<p><strong>P\u00e4rnu Hotel<\/strong><br \/>\n<a href=\"https:\/\/www.hotelparnu.com\/en\/\" target=\"_blank\" rel=\"noopener noreferrer\">www.hotelparnu.com<\/a><\/p>\n<p><strong>Ammende Villa<\/strong><br \/>\n<a href=\"https:\/\/ammende.ee\/en\/offers\/2-night-family-package\/\" target=\"_blank\" rel=\"noopener noreferrer\">www.ammende.ee<\/a><\/p>\n<p><strong>Hotel Tammsaare<\/strong><br \/>\n<a href=\"https:\/\/hotelltammsaare.ee\/?lang=en\" target=\"_blank\" rel=\"noopener noreferrer\">www.hotelltammsaare.ee<\/a><\/p>\n","protected":false},"excerpt":{"rendered":"<p>If you wish to remain in P\u00e4rnu county for several days while visiting Lotte Village, our great partners will guarantee pleasant accommodation. We recommend the following hotels: Strand Spa &amp; Confernce Hotel www.strand.ee Wasa Hotel www.wasahotels.ee Rannahotell Hotel &amp; Restaurant www.rannahotell.ee Villa Wesset www.wesset.ee Kurgo Villa Hotel &amp; Restaurant www.kurgovilla.ee Tervise Paradiis Spa Hotel &amp; &hellip; <a href=\"https:\/\/lottemaa.ee\/en\/a-day-in-lotte-village\/accommodation\/\">Continued<\/a><\/p>\n","protected":false},"author":1,"featured_media":143,"parent":587,"menu_order":747,"comment_status":"closed","ping_status":"closed","template":"","meta":{"_acf_changed":false,"om_disable_all_campaigns":false,"_uf_show_specific_survey":0,"_uf_disable_surveys":false,"footnotes":""},"class_list":["post-947","page","type-page","status-publish","has-post-thumbnail","hentry"],"acf":[],"yoast_head":"<!-- This site is optimized with the Yoast SEO plugin v25.5 - https:\/\/yoast.com\/wordpress\/plugins\/seo\/ -->\n<title>Accommodation in P\u00e4rnu \u2013 Lotte Village Theme Park<\/title>\n<meta name=\"description\" content=\"Lotte Village has activities to offer for several days. Find pleasant overnight accommodation in P\u00e4rnu with one of our partners.\" \/>\n<meta name=\"robots\" content=\"index, follow, max-snippet:-1, max-image-preview:large, max-video-preview:-1\" \/>\n<link rel=\"canonical\" href=\"https:\/\/lottemaa.ee\/en\/a-day-in-lotte-village\/accommodation\/\" \/>\n<meta property=\"og:locale\" content=\"en_US\" \/>\n<meta property=\"og:type\" content=\"article\" \/>\n<meta property=\"og:title\" content=\"Accommodation in P\u00e4rnu \u2013 Lotte Village Theme Park\" \/>\n<meta property=\"og:description\" content=\"Lotte Village has activities to offer for several days. Find pleasant overnight accommodation in P\u00e4rnu with one of our partners.\" \/>\n<meta property=\"og:url\" content=\"https:\/\/lottemaa.ee\/en\/a-day-in-lotte-village\/accommodation\/\" \/>\n<meta property=\"og:site_name\" content=\"Lottemaa Teemapark\" \/>\n<meta property=\"article:modified_time\" content=\"2024-09-26T11:16:10+00:00\" \/>\n<meta property=\"og:image\" content=\"https:\/\/lottemaa.ee\/wp-content\/uploads\/2016\/04\/lottemaa-majutus.jpg\" \/>\n\t<meta property=\"og:image:width\" content=\"288\" \/>\n\t<meta property=\"og:image:height\" content=\"251\" \/>\n\t<meta property=\"og:image:type\" content=\"image\/jpeg\" \/>\n<meta name=\"twitter:card\" content=\"summary_large_image\" \/>\n<meta name=\"twitter:label1\" content=\"Est. reading time\" \/>\n\t<meta name=\"twitter:data1\" content=\"1 minute\" \/>\n<script type=\"application\/ld+json\" class=\"yoast-schema-graph\">{\"@context\":\"https:\/\/schema.org\",\"@graph\":[{\"@type\":\"WebPage\",\"@id\":\"https:\/\/lottemaa.ee\/en\/a-day-in-lotte-village\/accommodation\/\",\"url\":\"https:\/\/lottemaa.ee\/en\/a-day-in-lotte-village\/accommodation\/\",\"name\":\"Accommodation in P\u00e4rnu \u2013 Lotte Village Theme Park\",\"isPartOf\":{\"@id\":\"https:\/\/lottemaa.ee\/#website\"},\"primaryImageOfPage\":{\"@id\":\"https:\/\/lottemaa.ee\/en\/a-day-in-lotte-village\/accommodation\/#primaryimage\"},\"image\":{\"@id\":\"https:\/\/lottemaa.ee\/en\/a-day-in-lotte-village\/accommodation\/#primaryimage\"},\"thumbnailUrl\":\"https:\/\/lottemaa.ee\/wp-content\/uploads\/2016\/04\/lottemaa-majutus.jpg\",\"datePublished\":\"2016-05-16T13:27:41+00:00\",\"dateModified\":\"2024-09-26T11:16:10+00:00\",\"description\":\"Lotte Village has activities to offer for several days. Find pleasant overnight accommodation in P\u00e4rnu with one of our partners.\",\"breadcrumb\":{\"@id\":\"https:\/\/lottemaa.ee\/en\/a-day-in-lotte-village\/accommodation\/#breadcrumb\"},\"inLanguage\":\"en-US\",\"potentialAction\":[{\"@type\":\"ReadAction\",\"target\":[\"https:\/\/lottemaa.ee\/en\/a-day-in-lotte-village\/accommodation\/\"]}]},{\"@type\":\"ImageObject\",\"inLanguage\":\"en-US\",\"@id\":\"https:\/\/lottemaa.ee\/en\/a-day-in-lotte-village\/accommodation\/#primaryimage\",\"url\":\"https:\/\/lottemaa.ee\/wp-content\/uploads\/2016\/04\/lottemaa-majutus.jpg\",\"contentUrl\":\"https:\/\/lottemaa.ee\/wp-content\/uploads\/2016\/04\/lottemaa-majutus.jpg\",\"width\":288,\"height\":251},{\"@type\":\"BreadcrumbList\",\"@id\":\"https:\/\/lottemaa.ee\/en\/a-day-in-lotte-village\/accommodation\/#breadcrumb\",\"itemListElement\":[{\"@type\":\"ListItem\",\"position\":1,\"name\":\"Home\",\"item\":\"https:\/\/lottemaa.ee\/en\/\"},{\"@type\":\"ListItem\",\"position\":2,\"name\":\"A day in Lotte Village\",\"item\":\"https:\/\/lottemaa.ee\/en\/a-day-in-lotte-village\/\"},{\"@type\":\"ListItem\",\"position\":3,\"name\":\"Accommodation\"}]},{\"@type\":\"WebSite\",\"@id\":\"https:\/\/lottemaa.ee\/#website\",\"url\":\"https:\/\/lottemaa.ee\/\",\"name\":\"Lottemaa Teemapark\",\"description\":\"Baltimaade suurim ja k\u00f5ige \u00e4gedam kogupere teemapark Eestis P\u00e4rnumaal\",\"publisher\":{\"@id\":\"https:\/\/lottemaa.ee\/#organization\"},\"potentialAction\":[{\"@type\":\"SearchAction\",\"target\":{\"@type\":\"EntryPoint\",\"urlTemplate\":\"https:\/\/lottemaa.ee\/?s={search_term_string}\"},\"query-input\":{\"@type\":\"PropertyValueSpecification\",\"valueRequired\":true,\"valueName\":\"search_term_string\"}}],\"inLanguage\":\"en-US\"},{\"@type\":\"Organization\",\"@id\":\"https:\/\/lottemaa.ee\/#organization\",\"name\":\"Lottemaa Teemapark\",\"url\":\"https:\/\/lottemaa.ee\/\",\"logo\":{\"@type\":\"ImageObject\",\"inLanguage\":\"en-US\",\"@id\":\"https:\/\/lottemaa.ee\/#\/schema\/logo\/image\/\",\"url\":\"https:\/\/lottemaa.ee\/wp-content\/uploads\/2018\/12\/Lottemaa_LOGO.png\",\"contentUrl\":\"https:\/\/lottemaa.ee\/wp-content\/uploads\/2018\/12\/Lottemaa_LOGO.png\",\"width\":1024,\"height\":518,\"caption\":\"Lottemaa Teemapark\"},\"image\":{\"@id\":\"https:\/\/lottemaa.ee\/#\/schema\/logo\/image\/\"}}]}<\/script>\n<!-- \/ Yoast SEO plugin. -->","yoast_head_json":{"title":"Accommodation in P\u00e4rnu \u2013 Lotte Village Theme Park","description":"Lotte Village has activities to offer for several days. Find pleasant overnight accommodation in P\u00e4rnu with one of our partners.","robots":{"index":"index","follow":"follow","max-snippet":"max-snippet:-1","max-image-preview":"max-image-preview:large","max-video-preview":"max-video-preview:-1"},"canonical":"https:\/\/lottemaa.ee\/en\/a-day-in-lotte-village\/accommodation\/","og_locale":"en_US","og_type":"article","og_title":"Accommodation in P\u00e4rnu \u2013 Lotte Village Theme Park","og_description":"Lotte Village has activities to offer for several days. Find pleasant overnight accommodation in P\u00e4rnu with one of our partners.","og_url":"https:\/\/lottemaa.ee\/en\/a-day-in-lotte-village\/accommodation\/","og_site_name":"Lottemaa Teemapark","article_modified_time":"2024-09-26T11:16:10+00:00","og_image":[{"width":288,"height":251,"url":"https:\/\/lottemaa.ee\/wp-content\/uploads\/2016\/04\/lottemaa-majutus.jpg","type":"image\/jpeg"}],"twitter_card":"summary_large_image","twitter_misc":{"Est. reading time":"1 minute"},"schema":{"@context":"https:\/\/schema.org","@graph":[{"@type":"WebPage","@id":"https:\/\/lottemaa.ee\/en\/a-day-in-lotte-village\/accommodation\/","url":"https:\/\/lottemaa.ee\/en\/a-day-in-lotte-village\/accommodation\/","name":"Accommodation in P\u00e4rnu \u2013 Lotte Village Theme Park","isPartOf":{"@id":"https:\/\/lottemaa.ee\/#website"},"primaryImageOfPage":{"@id":"https:\/\/lottemaa.ee\/en\/a-day-in-lotte-village\/accommodation\/#primaryimage"},"image":{"@id":"https:\/\/lottemaa.ee\/en\/a-day-in-lotte-village\/accommodation\/#primaryimage"},"thumbnailUrl":"https:\/\/lottemaa.ee\/wp-content\/uploads\/2016\/04\/lottemaa-majutus.jpg","datePublished":"2016-05-16T13:27:41+00:00","dateModified":"2024-09-26T11:16:10+00:00","description":"Lotte Village has activities to offer for several days. Find pleasant overnight accommodation in P\u00e4rnu with one of our partners.","breadcrumb":{"@id":"https:\/\/lottemaa.ee\/en\/a-day-in-lotte-village\/accommodation\/#breadcrumb"},"inLanguage":"en-US","potentialAction":[{"@type":"ReadAction","target":["https:\/\/lottemaa.ee\/en\/a-day-in-lotte-village\/accommodation\/"]}]},{"@type":"ImageObject","inLanguage":"en-US","@id":"https:\/\/lottemaa.ee\/en\/a-day-in-lotte-village\/accommodation\/#primaryimage","url":"https:\/\/lottemaa.ee\/wp-content\/uploads\/2016\/04\/lottemaa-majutus.jpg","contentUrl":"https:\/\/lottemaa.ee\/wp-content\/uploads\/2016\/04\/lottemaa-majutus.jpg","width":288,"height":251},{"@type":"BreadcrumbList","@id":"https:\/\/lottemaa.ee\/en\/a-day-in-lotte-village\/accommodation\/#breadcrumb","itemListElement":[{"@type":"ListItem","position":1,"name":"Home","item":"https:\/\/lottemaa.ee\/en\/"},{"@type":"ListItem","position":2,"name":"A day in Lotte Village","item":"https:\/\/lottemaa.ee\/en\/a-day-in-lotte-village\/"},{"@type":"ListItem","position":3,"name":"Accommodation"}]},{"@type":"WebSite","@id":"https:\/\/lottemaa.ee\/#website","url":"https:\/\/lottemaa.ee\/","name":"Lottemaa Teemapark","description":"Baltimaade suurim ja k\u00f5ige \u00e4gedam kogupere teemapark Eestis P\u00e4rnumaal","publisher":{"@id":"https:\/\/lottemaa.ee\/#organization"},"potentialAction":[{"@type":"SearchAction","target":{"@type":"EntryPoint","urlTemplate":"https:\/\/lottemaa.ee\/?s={search_term_string}"},"query-input":{"@type":"PropertyValueSpecification","valueRequired":true,"valueName":"search_term_string"}}],"inLanguage":"en-US"},{"@type":"Organization","@id":"https:\/\/lottemaa.ee\/#organization","name":"Lottemaa Teemapark","url":"https:\/\/lottemaa.ee\/","logo":{"@type":"ImageObject","inLanguage":"en-US","@id":"https:\/\/lottemaa.ee\/#\/schema\/logo\/image\/","url":"https:\/\/lottemaa.ee\/wp-content\/uploads\/2018\/12\/Lottemaa_LOGO.png","contentUrl":"https:\/\/lottemaa.ee\/wp-content\/uploads\/2018\/12\/Lottemaa_LOGO.png","width":1024,"height":518,"caption":"Lottemaa Teemapark"},"image":{"@id":"https:\/\/lottemaa.ee\/#\/schema\/logo\/image\/"}}]}},"_links":{"self":[{"href":"https:\/\/lottemaa.ee\/en\/wp-json\/wp\/v2\/pages\/947","targetHints":{"allow":["GET"]}}],"collection":[{"href":"https:\/\/lottemaa.ee\/en\/wp-json\/wp\/v2\/pages"}],"about":[{"href":"https:\/\/lottemaa.ee\/en\/wp-json\/wp\/v2\/types\/page"}],"author":[{"embeddable":true,"href":"https:\/\/lottemaa.ee\/en\/wp-json\/wp\/v2\/users\/1"}],"replies":[{"embeddable":true,"href":"https:\/\/lottemaa.ee\/en\/wp-json\/wp\/v2\/comments?post=947"}],"version-history":[{"count":5,"href":"https:\/\/lottemaa.ee\/en\/wp-json\/wp\/v2\/pages\/947\/revisions"}],"predecessor-version":[{"id":21515,"href":"https:\/\/lottemaa.ee\/en\/wp-json\/wp\/v2\/pages\/947\/revisions\/21515"}],"up":[{"embeddable":true,"href":"https:\/\/lottemaa.ee\/en\/wp-json\/wp\/v2\/pages\/587"}],"wp:featuredmedia":[{"embeddable":true,"href":"https:\/\/lottemaa.ee\/en\/wp-json\/wp\/v2\/media\/143"}],"wp:attachment":[{"href":"https:\/\/lottemaa.ee\/en\/wp-json\/wp\/v2\/media?parent=947"}],"curies":[{"name":"wp","href":"https:\/\/api.w.org\/{rel}","templated":true}]}}