{"id":944,"date":"2016-05-16T16:18:20","date_gmt":"2016-05-16T13:18:20","guid":{"rendered":"http:\/\/sharks.ee\/lottemaa\/en\/?page_id=944"},"modified":"2026-01-25T13:51:28","modified_gmt":"2026-01-25T11:51:28","slug":"good-to-know","status":"publish","type":"page","link":"https:\/\/lottemaa.ee\/en\/a-day-in-lotte-village\/good-to-know\/","title":{"rendered":"Useful information"},"content":{"rendered":"<h3 style=\"text-align: left;\">PLANNING YOUR VISIT<\/h3>\n<p style=\"text-align: left;\">We suggest that you plan a whole day for your visit to Lotte Village. This way you can enjoy all the bustle of village life, performances, the concert, workshops and other attractions. Be sure to look at our programme before your visit in order to arrive on time and take full advantage of your day.<\/p>\n<h3 style=\"text-align: left;\">TICKET INFORMATION<\/h3>\n<p style=\"text-align: left;\">You don\u2019t need to pre-book your tickets to the theme park. Tickets are available in the ticket offices of our car park and entrances as well as online.<br \/>\nAll tickets purchased on the spot and e-tickets are valid as day passes throughout the season.<br \/>\nNo need to print your e-ticket. Just use your smart device to display it.<\/p>\n<h3 style=\"text-align: left;\">Attention!<\/h3>\n<p style=\"text-align: left;\">Tickets that are not used during the season will not be refunded or exchanged.<br \/>\nDamaged tickets will be deemed invalid.<\/p>\n<h3 style=\"text-align: left;\">METHODS OF PAYMENT<\/h3>\n<p style=\"text-align: left;\">You can pay in cash (in euros) or by card in all the sales points of the theme park.<\/p>\n<h3 style=\"text-align: left;\">PARKING<\/h3>\n<p style=\"text-align: left;\">The car park of Lotte Village is open for visitors from <strong>9:45-18:15<\/strong> in summer and from <strong>14:45-19:15<\/strong> in winter. Parking is paid.<br \/>\nThe car park is unmonitored.<br \/>\nIt is forbidden to park in the parking lots next to the entrance of the theme park (except for cars with disability certificates). The local municipality has the right to tow vehicles that have been parked incorrectly.<\/p>\n<h3 style=\"text-align: left;\">TRAIN RIDE<\/h3>\n<p style=\"text-align: left;\">The entrance to Lotte Village is <strong>800<\/strong> meters away from the car park.<br \/>\nYou can enjoy a ride from the car park to the entrance and back to the car park in a mini-train, which leaves every <strong>15 minutes<\/strong>. In summer, the first train from the car park embarks at 10:00 at the latest; the last train from Lotte Village back to the car park leaves at <strong>18:15<\/strong>. In winter, the first train leaves the car park at <strong>15:00<\/strong> at the latest, and the last train from Lotte Village back to the car park leaves at <strong>19:15<\/strong>.<br \/>\nYou need a ticket to board the train. Tickets can be purchased from the ticket offices in the car park and entrances, and also online.<\/p>\n<h3 style=\"text-align: left;\">SECURITY<\/h3>\n<p style=\"text-align: left;\">It is crucial for us that your visit to Lotte Village be smooth and fun. We have paid great attention to security. Every theme park attraction has been manufactured according to all current standards and safety norms. The staff of the theme park inspects the working order and safety of the attractions daily. There are first aid supplies in every building. In case of an accident, please turn to a staff member. All our employees have undergone first aid training.<br \/>\nChildren in the theme park must remain under the supervision of their parent or other accompanying adult.<br \/>\nAt the entrance of the theme park, there are stickers for toddlers in case of getting lost, where you can write the name of the child and the phone number of their parent or accompanying adult. Please place the sticker in a visible spot on the child\u2019s clothing. This makes it easier for us to reunite the lost children with their parents.<br \/>\nThe beach area is intended for public use, but bathe and swim at your own discretion as there is no lifeguard service.<br \/>\nThe adventure park is for public use and climbing on the adventure trail is allowed only under the supervision of an adult.<\/p>\n<h3 style=\"text-align: left;\">FOOD\/DRINKS<\/h3>\n<p style=\"text-align: left;\">The theme park offers seven different places to eat where you can enjoy a hefty meal or lighter snacks.<br \/>\nYou can also take a picnic basket along from home and have a pleasant lunch in Lotte Village.<br \/>\nYou can drink the tap water of Lotte Village and there are outdoor taps on the territory with locations marked on the theme park map.<\/p>\n<h3 style=\"text-align: left;\">FIRST AID<\/h3>\n<p style=\"text-align: left;\">If you need medical attention, just turn to our closest staff member \u2013 even the characters have been trained to take action in case of an emergency.<br \/>\nEvery building of the theme park is equipped with first aid kits and there is a separate first aid room in the Pig\u2019s House.<\/p>\n<h3 style=\"text-align: left;\">PETS<\/h3>\n<p style=\"text-align: left;\">Very many guests visit Lotte Village on a daily basis and their attitudes towards pets differ. Therefore, we kindly ask you to respect their wishes and not bring pets along \u2013 even small and well-behaved pets are forbidden in our theme park.<\/p>\n<h3 style=\"text-align: left;\">TOILETS<\/h3>\n<p style=\"text-align: left;\">There are toilets in all the major buildings of the theme park.<br \/>\nIn all special needs toilets \u2013 in the Station Building, Lotte\u2019s House, Rabbit\u2019s House and under the spectator tribune under Giovanni\u2019s House \u2013 there are diaper changing stations and larger sinks.<\/p>\n<h3 style=\"text-align: left;\">WEATHER<\/h3>\n<p style=\"text-align: left;\">Our theme park is open regardless of the weather. In extreme weather conditions, however, we retain the right to close the park. In those cases, we will announce it on our social media channels and website.<br \/>\nIn case of heavy rain or a snowstorm, the performances will take place in the houses. In winter, the beach, some attractions, shops and kiosks are closed.<br \/>\nOn a rainy day, you can buy a rain poncho from our parking lot and Artur\u2019s Shop.<\/p>\n<h3 style=\"text-align: left;\">FOR PARENTS OF SMALL CHILDREN<\/h3>\n<p style=\"text-align: left;\">All family members are welcome to the theme park, even the smallest ones. You can easily stroll around with your pram. In case of rain, you can leave the pram under a special shelter.<br \/>\nNote! Please do not enter the buildings with a pram.<br \/>\nTo care for your children in our theme park you are welcome to visit the Pig\u2019s House. There you can warm up your toddler\u2019s food, breastfeed your baby and change diapers. Your little ones can also rest on sleep pillows or have fun in the playroom.<br \/>\nIn all special needs toilets \u2013 in the Station Building, Lotte\u2019s House, Rabbit\u2019s House and under the spectator tribune of Giovanni\u2019s House \u2013 there are diaper changing stations and larger sinks where you can comfortably wash your baby.<\/p>\n<h3 style=\"text-align: left;\">LOST AND FOUND<\/h3>\n<p style=\"text-align: left;\">You can find information about found items from our staff members or at the e-mail address info@lottemaa.ee.<br \/>\nFound items are stored for one month. If you find a lost item in our theme park, please hand it over to a staff member.<\/p>\n<h3 style=\"text-align: left;\">FOR GUESTS WITH SPECIAL NEEDS<\/h3>\n<p style=\"text-align: left;\">Our theme park offers a wide range of activities that are doable and easily accessible for guests with special needs. Activities mostly take place outdoors; most buildings are accessible by wheelchair or other mobility aids. We continue to strive to make your visit even more comfortable.<br \/>\nA person accompanying guests with profound and severe disabilities can visit Lotte village free of charge.<br \/>\nThere are parking spaces for guests with disabilities in the immediate vicinity of the train station of the theme park. The train driver will happily assist you in boarding the train, there is also plenty of room for your wheelchair and other mobility aids.<br \/>\nThere are 5 parking spaces for people with disabilities near the entrance of the theme park. If these are not vacant, please park your vehicle in the large car park.<br \/>\nThe roads and trails of the theme park are easily accessible by wheelchair and most buildings can be accessed by a wheelchair without assistance. In case of difficulties, our staff members are happy to help.<br \/>\nThere is a special needs elevator in Lotte\u2019s House, which allows you to visit the upper floors and tower of Lotte\u2019s House.<br \/>\nIn Giovanni\u2019s theatre, there are spaces designated for guests with disabilities in front of the first-row seats.<br \/>\nThere are 4 special needs toilets in the theme park: in the Station Building, Rabbit\u2019s House, Lotte\u2019s House and under the spectator tribune of Giovanni\u2019s House.<\/p>\n","protected":false},"excerpt":{"rendered":"<p>PLANNING YOUR VISIT We suggest that you plan a whole day for your visit to Lotte Village. This way you can enjoy all the bustle of village life, performances, the concert, workshops and other attractions. Be sure to look at our programme before your visit in order to arrive on time and take full advantage &hellip; <a href=\"https:\/\/lottemaa.ee\/en\/a-day-in-lotte-village\/good-to-know\/\">Continued<\/a><\/p>\n","protected":false},"author":1,"featured_media":137,"parent":587,"menu_order":379,"comment_status":"closed","ping_status":"closed","template":"","meta":{"_acf_changed":false,"om_disable_all_campaigns":false,"_uf_show_specific_survey":0,"_uf_disable_surveys":false,"footnotes":""},"class_list":["post-944","page","type-page","status-publish","has-post-thumbnail","hentry"],"acf":[],"yoast_head":"<!-- This site is optimized with the Yoast SEO plugin v25.5 - https:\/\/yoast.com\/wordpress\/plugins\/seo\/ -->\n<title>Useful information | Lottemaa Teemapark<\/title>\n<meta name=\"robots\" content=\"index, follow, max-snippet:-1, max-image-preview:large, max-video-preview:-1\" \/>\n<link rel=\"canonical\" href=\"https:\/\/lottemaa.ee\/en\/a-day-in-lotte-village\/good-to-know\/\" \/>\n<meta property=\"og:locale\" content=\"en_US\" \/>\n<meta property=\"og:type\" content=\"article\" \/>\n<meta property=\"og:title\" content=\"Useful information | Lottemaa Teemapark\" \/>\n<meta property=\"og:description\" content=\"PLANNING YOUR VISIT We suggest that you plan a whole day for your visit to Lotte Village. This way you can enjoy all the bustle of village life, performances, the concert, workshops and other attractions. Be sure to look at our programme before your visit in order to arrive on time and take full advantage &hellip; Continued\" \/>\n<meta property=\"og:url\" content=\"https:\/\/lottemaa.ee\/en\/a-day-in-lotte-village\/good-to-know\/\" \/>\n<meta property=\"og:site_name\" content=\"Lottemaa Teemapark\" \/>\n<meta property=\"article:modified_time\" content=\"2026-01-25T11:51:28+00:00\" \/>\n<meta property=\"og:image\" content=\"https:\/\/lottemaa.ee\/wp-content\/uploads\/2016\/04\/lottemaa-hea-teada.jpg\" \/>\n\t<meta property=\"og:image:width\" content=\"285\" \/>\n\t<meta property=\"og:image:height\" content=\"249\" \/>\n\t<meta property=\"og:image:type\" content=\"image\/jpeg\" \/>\n<meta name=\"twitter:card\" content=\"summary_large_image\" \/>\n<meta name=\"twitter:label1\" content=\"Est. reading time\" \/>\n\t<meta name=\"twitter:data1\" content=\"8 minutes\" \/>\n<script type=\"application\/ld+json\" class=\"yoast-schema-graph\">{\"@context\":\"https:\/\/schema.org\",\"@graph\":[{\"@type\":\"WebPage\",\"@id\":\"https:\/\/lottemaa.ee\/en\/a-day-in-lotte-village\/good-to-know\/\",\"url\":\"https:\/\/lottemaa.ee\/en\/a-day-in-lotte-village\/good-to-know\/\",\"name\":\"Useful information | Lottemaa Teemapark\",\"isPartOf\":{\"@id\":\"https:\/\/lottemaa.ee\/#website\"},\"primaryImageOfPage\":{\"@id\":\"https:\/\/lottemaa.ee\/en\/a-day-in-lotte-village\/good-to-know\/#primaryimage\"},\"image\":{\"@id\":\"https:\/\/lottemaa.ee\/en\/a-day-in-lotte-village\/good-to-know\/#primaryimage\"},\"thumbnailUrl\":\"https:\/\/lottemaa.ee\/wp-content\/uploads\/2016\/04\/lottemaa-hea-teada.jpg\",\"datePublished\":\"2016-05-16T13:18:20+00:00\",\"dateModified\":\"2026-01-25T11:51:28+00:00\",\"breadcrumb\":{\"@id\":\"https:\/\/lottemaa.ee\/en\/a-day-in-lotte-village\/good-to-know\/#breadcrumb\"},\"inLanguage\":\"en-US\",\"potentialAction\":[{\"@type\":\"ReadAction\",\"target\":[\"https:\/\/lottemaa.ee\/en\/a-day-in-lotte-village\/good-to-know\/\"]}]},{\"@type\":\"ImageObject\",\"inLanguage\":\"en-US\",\"@id\":\"https:\/\/lottemaa.ee\/en\/a-day-in-lotte-village\/good-to-know\/#primaryimage\",\"url\":\"https:\/\/lottemaa.ee\/wp-content\/uploads\/2016\/04\/lottemaa-hea-teada.jpg\",\"contentUrl\":\"https:\/\/lottemaa.ee\/wp-content\/uploads\/2016\/04\/lottemaa-hea-teada.jpg\",\"width\":285,\"height\":249},{\"@type\":\"BreadcrumbList\",\"@id\":\"https:\/\/lottemaa.ee\/en\/a-day-in-lotte-village\/good-to-know\/#breadcrumb\",\"itemListElement\":[{\"@type\":\"ListItem\",\"position\":1,\"name\":\"Home\",\"item\":\"https:\/\/lottemaa.ee\/en\/\"},{\"@type\":\"ListItem\",\"position\":2,\"name\":\"A day in Lotte Village\",\"item\":\"https:\/\/lottemaa.ee\/en\/a-day-in-lotte-village\/\"},{\"@type\":\"ListItem\",\"position\":3,\"name\":\"Useful information\"}]},{\"@type\":\"WebSite\",\"@id\":\"https:\/\/lottemaa.ee\/#website\",\"url\":\"https:\/\/lottemaa.ee\/\",\"name\":\"Lottemaa Teemapark\",\"description\":\"Baltimaade suurim ja k\u00f5ige \u00e4gedam kogupere teemapark Eestis P\u00e4rnumaal\",\"publisher\":{\"@id\":\"https:\/\/lottemaa.ee\/#organization\"},\"potentialAction\":[{\"@type\":\"SearchAction\",\"target\":{\"@type\":\"EntryPoint\",\"urlTemplate\":\"https:\/\/lottemaa.ee\/?s={search_term_string}\"},\"query-input\":{\"@type\":\"PropertyValueSpecification\",\"valueRequired\":true,\"valueName\":\"search_term_string\"}}],\"inLanguage\":\"en-US\"},{\"@type\":\"Organization\",\"@id\":\"https:\/\/lottemaa.ee\/#organization\",\"name\":\"Lottemaa Teemapark\",\"url\":\"https:\/\/lottemaa.ee\/\",\"logo\":{\"@type\":\"ImageObject\",\"inLanguage\":\"en-US\",\"@id\":\"https:\/\/lottemaa.ee\/#\/schema\/logo\/image\/\",\"url\":\"https:\/\/lottemaa.ee\/wp-content\/uploads\/2018\/12\/Lottemaa_LOGO.png\",\"contentUrl\":\"https:\/\/lottemaa.ee\/wp-content\/uploads\/2018\/12\/Lottemaa_LOGO.png\",\"width\":1024,\"height\":518,\"caption\":\"Lottemaa Teemapark\"},\"image\":{\"@id\":\"https:\/\/lottemaa.ee\/#\/schema\/logo\/image\/\"}}]}<\/script>\n<!-- \/ Yoast SEO plugin. -->","yoast_head_json":{"title":"Useful information | Lottemaa Teemapark","robots":{"index":"index","follow":"follow","max-snippet":"max-snippet:-1","max-image-preview":"max-image-preview:large","max-video-preview":"max-video-preview:-1"},"canonical":"https:\/\/lottemaa.ee\/en\/a-day-in-lotte-village\/good-to-know\/","og_locale":"en_US","og_type":"article","og_title":"Useful information | Lottemaa Teemapark","og_description":"PLANNING YOUR VISIT We suggest that you plan a whole day for your visit to Lotte Village. This way you can enjoy all the bustle of village life, performances, the concert, workshops and other attractions. Be sure to look at our programme before your visit in order to arrive on time and take full advantage &hellip; Continued","og_url":"https:\/\/lottemaa.ee\/en\/a-day-in-lotte-village\/good-to-know\/","og_site_name":"Lottemaa Teemapark","article_modified_time":"2026-01-25T11:51:28+00:00","og_image":[{"width":285,"height":249,"url":"https:\/\/lottemaa.ee\/wp-content\/uploads\/2016\/04\/lottemaa-hea-teada.jpg","type":"image\/jpeg"}],"twitter_card":"summary_large_image","twitter_misc":{"Est. reading time":"8 minutes"},"schema":{"@context":"https:\/\/schema.org","@graph":[{"@type":"WebPage","@id":"https:\/\/lottemaa.ee\/en\/a-day-in-lotte-village\/good-to-know\/","url":"https:\/\/lottemaa.ee\/en\/a-day-in-lotte-village\/good-to-know\/","name":"Useful information | Lottemaa Teemapark","isPartOf":{"@id":"https:\/\/lottemaa.ee\/#website"},"primaryImageOfPage":{"@id":"https:\/\/lottemaa.ee\/en\/a-day-in-lotte-village\/good-to-know\/#primaryimage"},"image":{"@id":"https:\/\/lottemaa.ee\/en\/a-day-in-lotte-village\/good-to-know\/#primaryimage"},"thumbnailUrl":"https:\/\/lottemaa.ee\/wp-content\/uploads\/2016\/04\/lottemaa-hea-teada.jpg","datePublished":"2016-05-16T13:18:20+00:00","dateModified":"2026-01-25T11:51:28+00:00","breadcrumb":{"@id":"https:\/\/lottemaa.ee\/en\/a-day-in-lotte-village\/good-to-know\/#breadcrumb"},"inLanguage":"en-US","potentialAction":[{"@type":"ReadAction","target":["https:\/\/lottemaa.ee\/en\/a-day-in-lotte-village\/good-to-know\/"]}]},{"@type":"ImageObject","inLanguage":"en-US","@id":"https:\/\/lottemaa.ee\/en\/a-day-in-lotte-village\/good-to-know\/#primaryimage","url":"https:\/\/lottemaa.ee\/wp-content\/uploads\/2016\/04\/lottemaa-hea-teada.jpg","contentUrl":"https:\/\/lottemaa.ee\/wp-content\/uploads\/2016\/04\/lottemaa-hea-teada.jpg","width":285,"height":249},{"@type":"BreadcrumbList","@id":"https:\/\/lottemaa.ee\/en\/a-day-in-lotte-village\/good-to-know\/#breadcrumb","itemListElement":[{"@type":"ListItem","position":1,"name":"Home","item":"https:\/\/lottemaa.ee\/en\/"},{"@type":"ListItem","position":2,"name":"A day in Lotte Village","item":"https:\/\/lottemaa.ee\/en\/a-day-in-lotte-village\/"},{"@type":"ListItem","position":3,"name":"Useful information"}]},{"@type":"WebSite","@id":"https:\/\/lottemaa.ee\/#website","url":"https:\/\/lottemaa.ee\/","name":"Lottemaa Teemapark","description":"Baltimaade suurim ja k\u00f5ige \u00e4gedam kogupere teemapark Eestis P\u00e4rnumaal","publisher":{"@id":"https:\/\/lottemaa.ee\/#organization"},"potentialAction":[{"@type":"SearchAction","target":{"@type":"EntryPoint","urlTemplate":"https:\/\/lottemaa.ee\/?s={search_term_string}"},"query-input":{"@type":"PropertyValueSpecification","valueRequired":true,"valueName":"search_term_string"}}],"inLanguage":"en-US"},{"@type":"Organization","@id":"https:\/\/lottemaa.ee\/#organization","name":"Lottemaa Teemapark","url":"https:\/\/lottemaa.ee\/","logo":{"@type":"ImageObject","inLanguage":"en-US","@id":"https:\/\/lottemaa.ee\/#\/schema\/logo\/image\/","url":"https:\/\/lottemaa.ee\/wp-content\/uploads\/2018\/12\/Lottemaa_LOGO.png","contentUrl":"https:\/\/lottemaa.ee\/wp-content\/uploads\/2018\/12\/Lottemaa_LOGO.png","width":1024,"height":518,"caption":"Lottemaa Teemapark"},"image":{"@id":"https:\/\/lottemaa.ee\/#\/schema\/logo\/image\/"}}]}},"_links":{"self":[{"href":"https:\/\/lottemaa.ee\/en\/wp-json\/wp\/v2\/pages\/944","targetHints":{"allow":["GET"]}}],"collection":[{"href":"https:\/\/lottemaa.ee\/en\/wp-json\/wp\/v2\/pages"}],"about":[{"href":"https:\/\/lottemaa.ee\/en\/wp-json\/wp\/v2\/types\/page"}],"author":[{"embeddable":true,"href":"https:\/\/lottemaa.ee\/en\/wp-json\/wp\/v2\/users\/1"}],"replies":[{"embeddable":true,"href":"https:\/\/lottemaa.ee\/en\/wp-json\/wp\/v2\/comments?post=944"}],"version-history":[{"count":5,"href":"https:\/\/lottemaa.ee\/en\/wp-json\/wp\/v2\/pages\/944\/revisions"}],"predecessor-version":[{"id":32807,"href":"https:\/\/lottemaa.ee\/en\/wp-json\/wp\/v2\/pages\/944\/revisions\/32807"}],"up":[{"embeddable":true,"href":"https:\/\/lottemaa.ee\/en\/wp-json\/wp\/v2\/pages\/587"}],"wp:featuredmedia":[{"embeddable":true,"href":"https:\/\/lottemaa.ee\/en\/wp-json\/wp\/v2\/media\/137"}],"wp:attachment":[{"href":"https:\/\/lottemaa.ee\/en\/wp-json\/wp\/v2\/media?parent=944"}],"curies":[{"name":"wp","href":"https:\/\/api.w.org\/{rel}","templated":true}]}}