{"id":939,"date":"2016-05-16T16:12:05","date_gmt":"2016-05-16T13:12:05","guid":{"rendered":"http:\/\/sharks.ee\/lottemaa\/en\/?page_id=939"},"modified":"2025-12-29T13:03:49","modified_gmt":"2025-12-29T11:03:49","slug":"how-to-get-here","status":"publish","type":"page","link":"https:\/\/lottemaa.ee\/en\/a-day-in-lotte-village\/how-to-get-here\/","title":{"rendered":"Getting there"},"content":{"rendered":"<p style=\"text-align: left;\">Lotte Village is located <strong>6 km<\/strong> from P\u00e4rnu towards Riga.<br \/>\nSee the location <a href=\"https:\/\/ul.waze.com\/ul?ll=58.30748230%2C24.60335612&amp;navigate=yes&amp;zoom=17&amp;utm_campaign=default&amp;utm_source=waze_website&amp;utm_medium=lm_share_location\"><strong>HERE \u00bb<\/strong><\/a><\/p>\n<h3 style=\"text-align: left;\"><span style=\"color: #0000ff;\">FOR THOSE ARRIVING BY CAR:<\/span><\/h3>\n<p style=\"text-align: left;\">Use the\u00a0<a href=\"https:\/\/www.waze.com\/et\/live-map\/\">Waze<\/a>\u00a0app for safe arrival. Use\u00a0<a href=\"https:\/\/www.waze.com\/et\/live-map\/directions\/lottemaa-parkla-reiu?to=place.w.16122439.161224391.2855278\"><strong>LOTTEMAA PARKLA<\/strong><\/a> (Lotte Village car park) as your destination.<\/p>\n<h3 style=\"text-align: left;\"><span style=\"color: #ff0000;\">Parking<\/span><\/h3>\n<p style=\"text-align: left;\">Parking is available in the Lotte Village car park. See the location <a href=\"https:\/\/ul.waze.com\/ul?ll=58.30748230%2C24.60335612&amp;navigate=yes&amp;zoom=17&amp;utm_campaign=default&amp;utm_source=waze_website&amp;utm_medium=lm_share_location\"><strong>HERE \u00bb<\/strong><\/a><\/p>\n<p style=\"text-align: left;\">The parking fee is <strong>\u20ac4 for the whole day.<br \/>\n\u20ac3 when paying with Snabb<br \/>\n<\/strong><\/p>\n<p style=\"text-align: left;\">From 29.07.2024, payment is possible in:<br \/>\n\u2013 the\u00a0<strong>Snabb<\/strong>\u00a0<a href=\"https:\/\/snabb.xyz\/\">mobile application \u00bb<\/a>\u00a0(a payment brokerage fee of \u20ac0.20 is added)<br \/>\n\u2013\u00a0the <strong>Snabb<\/strong>\u00a0<a href=\"https:\/\/barking-api.com\/ticket\/?uuid=bed1eb24-b95f-4676-a411-f587448a29c1\">website \u00bb<\/a>\u00a0(a payment brokerage fee of \u20ac0.20 is added)<br \/>\n\u2013 With cash or credit card at <strong>Lotte Village cash decks<\/strong><\/p>\n<p style=\"text-align: left;\">Cash decks are open for visitors from <strong>9:45-18:15<\/strong> in summer and from <strong>14:45-19:15<\/strong> in winter.<\/p>\n<p style=\"text-align: left;\">Cars, trailers and other vehicles parked with visible advertising materials are only permitted with the written permission of the theme park.<br \/>\nThe car park is unguarded.<\/p>\n<p style=\"text-align: left;\">A <strong>disabled parking space<\/strong> is located in close proximity to the Lotte Village entrance. Parking there is free for vehicles with disability parking permits.<br \/>\nSee the exact location <a href=\"https:\/\/maps.app.goo.gl\/VHsp8CmH46yMy2pH9\">HERE \u00bb<\/a><\/p>\n<h3 style=\"text-align: left;\"><span style=\"color: #0000ff;\">Electric vehicle charging<\/span><\/h3>\n<p style=\"text-align: left;\">The Lotte Village car park has an\u00a0<a href=\"https:\/\/www.alexela.ee\/\">Alexela<\/a>\u00a0charging station with two charging spots, equipped with 22 kW AC integrated spiral cables.<br \/>\nSee the exact location\u00a0<a href=\"https:\/\/maps.app.goo.gl\/xmVnuwLeBqdMS8j38\">HERE\u00a0<strong>\u00bb<\/strong><\/a><\/p>\n<h3 style=\"text-align: left;\"><span style=\"color: #ff0000;\">Train to the entrance and back\u00a0<\/span><\/h3>\n<p style=\"text-align: left;\">The entrance to Lotte Village is located near the car park, a nice <strong>800 m<\/strong> walk away.<\/p>\n<p style=\"text-align: left;\">You can enjoy a ride from Lotte Village car park to the entrance and back to the car park in a mini-train, which leaves every <strong>15 minutes<\/strong>. In summer, the first train from the car park embarks at <strong>10:00<\/strong> at the latest; the last train from Lotte Village back to the car park leaves at <strong>18:15<\/strong>. In winter, the first train from the car park embarks at <strong>15:00<\/strong> at the latest; the last train from Lotte Village back to the car park leaves at <strong>19:15<\/strong>.<\/p>\n<p style=\"text-align: left;\">The train ticket costs <strong>\u20ac2<\/strong> (one way).<\/p>\n<h3 style=\"text-align: left;\"><span style=\"color: #0000ff;\">FOR THOSE ARRIVING BY BUS:<\/span><\/h3>\n<p style=\"text-align: left;\">During the summer months, from 1 June to 31 August, <a href=\"https:\/\/luxexpress.eu\/news\/lottemaa\/\"><strong>LUX EXPRESS<\/strong><\/a> buses on the Tartu-Viljandi-P\u00e4rnu route now stop directly next to the Lotte Village car park (bus stop \u201c<strong>Lottemaa<\/strong>\u201d).<br \/>\n<strong>Please note!<\/strong>\u00a0The bus will only stop at Lottemaa bus stop if a ticket has been purchased in advance.<br \/>\nMore information is available <a href=\"https:\/\/luxexpress.eu\/news\/lottemaa\/\"><strong>HERE \u00bb<\/strong><\/a><\/p>\n<p style=\"text-align: left;\">You can also use\u00a0<a href=\"https:\/\/www.tpilet.ee\/\"><strong>URBAN BUSES<\/strong><\/a> to visit Lotte Village.<br \/>\nThe timetables are available<strong>\u00a0<\/strong><a href=\"https:\/\/www.tpilet.ee\/?departureStop=8723&amp;destinationStop=8338\"><strong>HERE \u00bb<\/strong><\/a><br \/>\nDestination <strong>Lottemaa<\/strong>.<\/p>\n<p style=\"text-align: left;\">The \u201cLottemaa\u201d bus stop is located right next to the new four-lane road, with a new pedestrian and bike path on both sides leading directly to Lotte Village entrance. You can cross the road via a new pedestrian tunnel. It is also possible to catch a train from Lotte Village car park to reduce the walking distance to the entrance. The train ticket costs <strong>\u20ac2<\/strong> (one way).<\/p>\n<h3 style=\"text-align: left;\"><span style=\"color: #ff0000;\">FOR THOSE ARRIVING BY TAXI:<\/span><\/h3>\n<p style=\"text-align: left;\">Coming from P\u00e4rnu, you can use the\u00a0<a href=\"https:\/\/parnutakso.ee\/\"><strong>P\u00c4RNU TAXI SERVICE<\/strong><\/a>. The fee is <strong>\u20ac15 one way (\u20ac17<\/strong> for a taxi van).<br \/>\nOrder by calling\u00a0 1222 or +372 5539 222<\/p>\n<h3 style=\"text-align: left;\"><span style=\"color: #0000ff;\">FOR THOSE ARRIVING BY BIKE:<\/span><\/h3>\n<p style=\"text-align: left;\">The light traffic road from the P\u00e4rnu city limits to the Lotte Village.<br \/>\nBicycle racks are located at the Lotte Village entrance. Entry into the theme park with bicycles is prohibited.<\/p>\n","protected":false},"excerpt":{"rendered":"<p>Lotte Village is located 6 km from P\u00e4rnu towards Riga. See the location HERE \u00bb FOR THOSE ARRIVING BY CAR: Use the\u00a0Waze\u00a0app for safe arrival. Use\u00a0LOTTEMAA PARKLA (Lotte Village car park) as your destination. Parking Parking is available in the Lotte Village car park. See the location HERE \u00bb The parking fee is \u20ac4 for &hellip; <a href=\"https:\/\/lottemaa.ee\/en\/a-day-in-lotte-village\/how-to-get-here\/\">Continued<\/a><\/p>\n","protected":false},"author":1,"featured_media":25242,"parent":587,"menu_order":363,"comment_status":"closed","ping_status":"closed","template":"","meta":{"_acf_changed":false,"om_disable_all_campaigns":false,"_uf_show_specific_survey":0,"_uf_disable_surveys":false,"footnotes":""},"class_list":["post-939","page","type-page","status-publish","has-post-thumbnail","hentry"],"acf":[],"yoast_head":"<!-- This site is optimized with the Yoast SEO plugin v25.5 - https:\/\/yoast.com\/wordpress\/plugins\/seo\/ -->\n<title>Getting there | Lottemaa Teemapark<\/title>\n<meta name=\"robots\" content=\"index, follow, max-snippet:-1, max-image-preview:large, max-video-preview:-1\" \/>\n<link rel=\"canonical\" href=\"https:\/\/lottemaa.ee\/en\/a-day-in-lotte-village\/how-to-get-here\/\" \/>\n<meta property=\"og:locale\" content=\"en_US\" \/>\n<meta property=\"og:type\" content=\"article\" \/>\n<meta property=\"og:title\" content=\"Getting there | Lottemaa Teemapark\" \/>\n<meta property=\"og:description\" content=\"Lotte Village is located 6 km from P\u00e4rnu towards Riga. See the location HERE \u00bb FOR THOSE ARRIVING BY CAR: Use the\u00a0Waze\u00a0app for safe arrival. Use\u00a0LOTTEMAA PARKLA (Lotte Village car park) as your destination. Parking Parking is available in the Lotte Village car park. See the location HERE \u00bb The parking fee is \u20ac4 for &hellip; Continued\" \/>\n<meta property=\"og:url\" content=\"https:\/\/lottemaa.ee\/en\/a-day-in-lotte-village\/how-to-get-here\/\" \/>\n<meta property=\"og:site_name\" content=\"Lottemaa Teemapark\" \/>\n<meta property=\"article:modified_time\" content=\"2025-12-29T11:03:49+00:00\" \/>\n<meta property=\"og:image\" content=\"https:\/\/lottemaa.ee\/wp-content\/uploads\/2024\/02\/kuidas_tulla_avalehel.png\" \/>\n\t<meta property=\"og:image:width\" content=\"288\" \/>\n\t<meta property=\"og:image:height\" content=\"291\" \/>\n\t<meta property=\"og:image:type\" content=\"image\/png\" \/>\n<meta name=\"twitter:card\" content=\"summary_large_image\" \/>\n<meta name=\"twitter:label1\" content=\"Est. reading time\" \/>\n\t<meta name=\"twitter:data1\" content=\"4 minutes\" \/>\n<script type=\"application\/ld+json\" class=\"yoast-schema-graph\">{\"@context\":\"https:\/\/schema.org\",\"@graph\":[{\"@type\":\"WebPage\",\"@id\":\"https:\/\/lottemaa.ee\/en\/a-day-in-lotte-village\/how-to-get-here\/\",\"url\":\"https:\/\/lottemaa.ee\/en\/a-day-in-lotte-village\/how-to-get-here\/\",\"name\":\"Getting there | Lottemaa Teemapark\",\"isPartOf\":{\"@id\":\"https:\/\/lottemaa.ee\/#website\"},\"primaryImageOfPage\":{\"@id\":\"https:\/\/lottemaa.ee\/en\/a-day-in-lotte-village\/how-to-get-here\/#primaryimage\"},\"image\":{\"@id\":\"https:\/\/lottemaa.ee\/en\/a-day-in-lotte-village\/how-to-get-here\/#primaryimage\"},\"thumbnailUrl\":\"https:\/\/lottemaa.ee\/wp-content\/uploads\/2024\/02\/kuidas_tulla_avalehel.png\",\"datePublished\":\"2016-05-16T13:12:05+00:00\",\"dateModified\":\"2025-12-29T11:03:49+00:00\",\"breadcrumb\":{\"@id\":\"https:\/\/lottemaa.ee\/en\/a-day-in-lotte-village\/how-to-get-here\/#breadcrumb\"},\"inLanguage\":\"en-US\",\"potentialAction\":[{\"@type\":\"ReadAction\",\"target\":[\"https:\/\/lottemaa.ee\/en\/a-day-in-lotte-village\/how-to-get-here\/\"]}]},{\"@type\":\"ImageObject\",\"inLanguage\":\"en-US\",\"@id\":\"https:\/\/lottemaa.ee\/en\/a-day-in-lotte-village\/how-to-get-here\/#primaryimage\",\"url\":\"https:\/\/lottemaa.ee\/wp-content\/uploads\/2024\/02\/kuidas_tulla_avalehel.png\",\"contentUrl\":\"https:\/\/lottemaa.ee\/wp-content\/uploads\/2024\/02\/kuidas_tulla_avalehel.png\",\"width\":288,\"height\":291},{\"@type\":\"BreadcrumbList\",\"@id\":\"https:\/\/lottemaa.ee\/en\/a-day-in-lotte-village\/how-to-get-here\/#breadcrumb\",\"itemListElement\":[{\"@type\":\"ListItem\",\"position\":1,\"name\":\"Home\",\"item\":\"https:\/\/lottemaa.ee\/en\/\"},{\"@type\":\"ListItem\",\"position\":2,\"name\":\"A day in Lotte Village\",\"item\":\"https:\/\/lottemaa.ee\/en\/a-day-in-lotte-village\/\"},{\"@type\":\"ListItem\",\"position\":3,\"name\":\"Getting there\"}]},{\"@type\":\"WebSite\",\"@id\":\"https:\/\/lottemaa.ee\/#website\",\"url\":\"https:\/\/lottemaa.ee\/\",\"name\":\"Lottemaa Teemapark\",\"description\":\"Baltimaade suurim ja k\u00f5ige \u00e4gedam kogupere teemapark Eestis P\u00e4rnumaal\",\"publisher\":{\"@id\":\"https:\/\/lottemaa.ee\/#organization\"},\"potentialAction\":[{\"@type\":\"SearchAction\",\"target\":{\"@type\":\"EntryPoint\",\"urlTemplate\":\"https:\/\/lottemaa.ee\/?s={search_term_string}\"},\"query-input\":{\"@type\":\"PropertyValueSpecification\",\"valueRequired\":true,\"valueName\":\"search_term_string\"}}],\"inLanguage\":\"en-US\"},{\"@type\":\"Organization\",\"@id\":\"https:\/\/lottemaa.ee\/#organization\",\"name\":\"Lottemaa Teemapark\",\"url\":\"https:\/\/lottemaa.ee\/\",\"logo\":{\"@type\":\"ImageObject\",\"inLanguage\":\"en-US\",\"@id\":\"https:\/\/lottemaa.ee\/#\/schema\/logo\/image\/\",\"url\":\"https:\/\/lottemaa.ee\/wp-content\/uploads\/2018\/12\/Lottemaa_LOGO.png\",\"contentUrl\":\"https:\/\/lottemaa.ee\/wp-content\/uploads\/2018\/12\/Lottemaa_LOGO.png\",\"width\":1024,\"height\":518,\"caption\":\"Lottemaa Teemapark\"},\"image\":{\"@id\":\"https:\/\/lottemaa.ee\/#\/schema\/logo\/image\/\"}}]}<\/script>\n<!-- \/ Yoast SEO plugin. -->","yoast_head_json":{"title":"Getting there | Lottemaa Teemapark","robots":{"index":"index","follow":"follow","max-snippet":"max-snippet:-1","max-image-preview":"max-image-preview:large","max-video-preview":"max-video-preview:-1"},"canonical":"https:\/\/lottemaa.ee\/en\/a-day-in-lotte-village\/how-to-get-here\/","og_locale":"en_US","og_type":"article","og_title":"Getting there | Lottemaa Teemapark","og_description":"Lotte Village is located 6 km from P\u00e4rnu towards Riga. See the location HERE \u00bb FOR THOSE ARRIVING BY CAR: Use the\u00a0Waze\u00a0app for safe arrival. Use\u00a0LOTTEMAA PARKLA (Lotte Village car park) as your destination. Parking Parking is available in the Lotte Village car park. See the location HERE \u00bb The parking fee is \u20ac4 for &hellip; Continued","og_url":"https:\/\/lottemaa.ee\/en\/a-day-in-lotte-village\/how-to-get-here\/","og_site_name":"Lottemaa Teemapark","article_modified_time":"2025-12-29T11:03:49+00:00","og_image":[{"width":288,"height":291,"url":"https:\/\/lottemaa.ee\/wp-content\/uploads\/2024\/02\/kuidas_tulla_avalehel.png","type":"image\/png"}],"twitter_card":"summary_large_image","twitter_misc":{"Est. reading time":"4 minutes"},"schema":{"@context":"https:\/\/schema.org","@graph":[{"@type":"WebPage","@id":"https:\/\/lottemaa.ee\/en\/a-day-in-lotte-village\/how-to-get-here\/","url":"https:\/\/lottemaa.ee\/en\/a-day-in-lotte-village\/how-to-get-here\/","name":"Getting there | Lottemaa Teemapark","isPartOf":{"@id":"https:\/\/lottemaa.ee\/#website"},"primaryImageOfPage":{"@id":"https:\/\/lottemaa.ee\/en\/a-day-in-lotte-village\/how-to-get-here\/#primaryimage"},"image":{"@id":"https:\/\/lottemaa.ee\/en\/a-day-in-lotte-village\/how-to-get-here\/#primaryimage"},"thumbnailUrl":"https:\/\/lottemaa.ee\/wp-content\/uploads\/2024\/02\/kuidas_tulla_avalehel.png","datePublished":"2016-05-16T13:12:05+00:00","dateModified":"2025-12-29T11:03:49+00:00","breadcrumb":{"@id":"https:\/\/lottemaa.ee\/en\/a-day-in-lotte-village\/how-to-get-here\/#breadcrumb"},"inLanguage":"en-US","potentialAction":[{"@type":"ReadAction","target":["https:\/\/lottemaa.ee\/en\/a-day-in-lotte-village\/how-to-get-here\/"]}]},{"@type":"ImageObject","inLanguage":"en-US","@id":"https:\/\/lottemaa.ee\/en\/a-day-in-lotte-village\/how-to-get-here\/#primaryimage","url":"https:\/\/lottemaa.ee\/wp-content\/uploads\/2024\/02\/kuidas_tulla_avalehel.png","contentUrl":"https:\/\/lottemaa.ee\/wp-content\/uploads\/2024\/02\/kuidas_tulla_avalehel.png","width":288,"height":291},{"@type":"BreadcrumbList","@id":"https:\/\/lottemaa.ee\/en\/a-day-in-lotte-village\/how-to-get-here\/#breadcrumb","itemListElement":[{"@type":"ListItem","position":1,"name":"Home","item":"https:\/\/lottemaa.ee\/en\/"},{"@type":"ListItem","position":2,"name":"A day in Lotte Village","item":"https:\/\/lottemaa.ee\/en\/a-day-in-lotte-village\/"},{"@type":"ListItem","position":3,"name":"Getting there"}]},{"@type":"WebSite","@id":"https:\/\/lottemaa.ee\/#website","url":"https:\/\/lottemaa.ee\/","name":"Lottemaa Teemapark","description":"Baltimaade suurim ja k\u00f5ige \u00e4gedam kogupere teemapark Eestis P\u00e4rnumaal","publisher":{"@id":"https:\/\/lottemaa.ee\/#organization"},"potentialAction":[{"@type":"SearchAction","target":{"@type":"EntryPoint","urlTemplate":"https:\/\/lottemaa.ee\/?s={search_term_string}"},"query-input":{"@type":"PropertyValueSpecification","valueRequired":true,"valueName":"search_term_string"}}],"inLanguage":"en-US"},{"@type":"Organization","@id":"https:\/\/lottemaa.ee\/#organization","name":"Lottemaa Teemapark","url":"https:\/\/lottemaa.ee\/","logo":{"@type":"ImageObject","inLanguage":"en-US","@id":"https:\/\/lottemaa.ee\/#\/schema\/logo\/image\/","url":"https:\/\/lottemaa.ee\/wp-content\/uploads\/2018\/12\/Lottemaa_LOGO.png","contentUrl":"https:\/\/lottemaa.ee\/wp-content\/uploads\/2018\/12\/Lottemaa_LOGO.png","width":1024,"height":518,"caption":"Lottemaa Teemapark"},"image":{"@id":"https:\/\/lottemaa.ee\/#\/schema\/logo\/image\/"}}]}},"_links":{"self":[{"href":"https:\/\/lottemaa.ee\/en\/wp-json\/wp\/v2\/pages\/939","targetHints":{"allow":["GET"]}}],"collection":[{"href":"https:\/\/lottemaa.ee\/en\/wp-json\/wp\/v2\/pages"}],"about":[{"href":"https:\/\/lottemaa.ee\/en\/wp-json\/wp\/v2\/types\/page"}],"author":[{"embeddable":true,"href":"https:\/\/lottemaa.ee\/en\/wp-json\/wp\/v2\/users\/1"}],"replies":[{"embeddable":true,"href":"https:\/\/lottemaa.ee\/en\/wp-json\/wp\/v2\/comments?post=939"}],"version-history":[{"count":5,"href":"https:\/\/lottemaa.ee\/en\/wp-json\/wp\/v2\/pages\/939\/revisions"}],"predecessor-version":[{"id":32503,"href":"https:\/\/lottemaa.ee\/en\/wp-json\/wp\/v2\/pages\/939\/revisions\/32503"}],"up":[{"embeddable":true,"href":"https:\/\/lottemaa.ee\/en\/wp-json\/wp\/v2\/pages\/587"}],"wp:featuredmedia":[{"embeddable":true,"href":"https:\/\/lottemaa.ee\/en\/wp-json\/wp\/v2\/media\/25242"}],"wp:attachment":[{"href":"https:\/\/lottemaa.ee\/en\/wp-json\/wp\/v2\/media?parent=939"}],"curies":[{"name":"wp","href":"https:\/\/api.w.org\/{rel}","templated":true}]}}