{"id":8098,"date":"2019-10-01T14:57:48","date_gmt":"2019-10-01T11:57:48","guid":{"rendered":"https:\/\/test.lottemaa.ee\/?page_id=8098"},"modified":"2025-11-11T14:06:23","modified_gmt":"2025-11-11T12:06:23","slug":"company-events-at-lotte-village","status":"publish","type":"page","link":"https:\/\/lottemaa.ee\/en\/organise-an-event\/company-events-at-lotte-village\/","title":{"rendered":"ORGANISING SUMMER DAYS"},"content":{"rendered":"<p style=\"text-align: left;\">Lotte Village has everything it takes to organise perfect company summer days for entire families!<br \/>\nWe offer an inspiring and colourful environment located in the seaside woods of P\u00e4rnu County and a full-day programme \u2013 performances, a concert, a marathon, sports games, activities and discoveries for the smallest members of the family as well as their parents; a restaurant and several caf\u00e9s, and most importantly \u2013 fairy-tale characters who make every event memorable.<\/p>\n<p style=\"text-align: left;\">The Lotte Village Theme Park can host events with up to <span style=\"color: #000000;\"><strong>2,000<\/strong><\/span> participants. Depending on the number of participants, the event may be held privately outside the opening hours of Lotte Village or when the theme park is open to the public.<\/p>\n<h3 style=\"text-align: left;\"><span style=\"color: #0000ff;\">HAVING AN EVENT DURING THE OPENING HOURS OF LOTTE VILLAGE:<\/span><\/h3>\n<p style=\"text-align: left;\">Our beautiful summer is the best time for organising family summer days and company events. From <strong>13<\/strong><span style=\"color: #000000;\"><strong> June to 30 August 2026<\/strong><\/span>, we can host events with up to<span style=\"color: #000000;\"> <strong>500<\/strong><\/span> participants during the opening hours of the theme park. You, your colleagues and their families can all enjoy the bustle of village life, performances and concerts, go on adventures and discover our attractions. We can also arrange group catering and a private area for the official part of your event.<\/p>\n<h3 style=\"text-align: left;\"><span style=\"color: #ff0000;\">Discount price:<\/span><\/h3>\n<p style=\"text-align: left;\">\u2013 for <span style=\"color: #000000;\"><strong>20-200<\/strong> <\/span>participants <span style=\"color: #000000;\"><strong>\u20ac26<\/strong>\u00a0<\/span>per person<br \/>\nFor groups of more than <strong>200<\/strong> people, please request a quote!<br \/>\nThe full price is <span style=\"color: #000000;\"><strong>\u20ac28<\/strong><\/span>\u00a0per person. The prices include <span style=\"color: #000000;\"><strong>VAT<\/strong><\/span>.<\/p>\n<h3 style=\"text-align: left;\"><span style=\"color: #0000ff;\">For an additional fee, you can order:<\/span><\/h3>\n<p style=\"text-align: left;\">\u2013 Snacks, coffee and tea<br \/>\n\u2013 Catering<br \/>\n\u2013 Transportation of participants from the car park to Lotte Village and back<br \/>\n\u2013 Parking in the Lotte Village car park (group buses may park free of charge)<br \/>\n\u2013 Thematic Lotte Village gifts from Artur\u2019s shop, see the selection <a href=\"https:\/\/e-pood.lottemaa.ee\/en\"><strong>HERE\u00bb<\/strong><\/a><br \/>\n\u2013 Accommodation with breakfast and spa at the <strong><a href=\"https:\/\/www.strand.ee\/en\/\">Strand SPA &amp; Conference Hotel<\/a> <\/strong>in P\u00e4rnu<\/p>\n<h3 style=\"text-align: left;\"><span style=\"color: #ff0000;\">A PRIVATE EVENT JUST FOR YOUR COMPANY:<\/span><\/h3>\n<p style=\"text-align: left;\">We open Lotte Village for your company alone to experience our wonderful<strong> 4-hour<\/strong> programme. If you wish, we will also arrange catering for the entire group.<br \/>\nPrice from <span style=\"color: #000000;\"><strong>\u20ac11,700<\/strong><\/span><\/p>\n<h3 style=\"text-align: left;\"><span style=\"color: #0000ff;\">The offer includes:<\/span><\/h3>\n<p style=\"text-align: left;\">\u2013 Admittance of up to <span style=\"color: #000000;\"><strong>1,500<\/strong><\/span> participants during off-season (Mon-Sun from <span style=\"color: #000000;\"><strong>10.00-18.00<\/strong><\/span>).<br \/>\n\u2013 An exciting Lotte Village programme with great performances, a concert, sports games and all sorts of fun and games with the beloved Lotte Village characters. Duration of the programme is <span style=\"color: #000000;\"><strong>4<\/strong><\/span> hours.<br \/>\n\u2013 Availability of the car park throughout the event.<\/p>\n<p style=\"text-align: left;\"><span style=\"color: #000000;\"><strong>VAT<\/strong><\/span> is not included.<br \/>\nThere are many opportunities to organise events in Lotte Village. Don\u2019t hesitate to request additional information by contacting <strong><a href=\"mailto:tellimine@lottemaa.ee\">tellimine@lottemaa.ee<\/a><\/strong><\/p>\n","protected":false},"excerpt":{"rendered":"<p>Lotte Village has everything it takes to organise perfect company summer days for entire families! We offer an inspiring and colourful environment located in the seaside woods of P\u00e4rnu County and a full-day programme \u2013 performances, a concert, a marathon, sports games, activities and discoveries for the smallest members of the family as well as &hellip; <a href=\"https:\/\/lottemaa.ee\/en\/organise-an-event\/company-events-at-lotte-village\/\">Continued<\/a><\/p>\n","protected":false},"author":7,"featured_media":299,"parent":11901,"menu_order":321,"comment_status":"closed","ping_status":"closed","template":"","meta":{"_acf_changed":false,"om_disable_all_campaigns":false,"_uf_show_specific_survey":0,"_uf_disable_surveys":false,"footnotes":""},"class_list":["post-8098","page","type-page","status-publish","has-post-thumbnail","hentry"],"acf":[],"yoast_head":"<!-- This site is optimized with the Yoast SEO plugin v25.5 - https:\/\/yoast.com\/wordpress\/plugins\/seo\/ -->\n<title>Company events at Lotte Village | 6km from P\u00e4rnu, Estonia!<\/title>\n<meta name=\"description\" content=\"Bring your colleagues out from concrete buildings. We got everything to hold training sessions, seminars, even company\u2019s summer or winter days.\" \/>\n<meta name=\"robots\" content=\"index, follow, max-snippet:-1, max-image-preview:large, max-video-preview:-1\" \/>\n<link rel=\"canonical\" href=\"https:\/\/lottemaa.ee\/en\/organise-an-event\/company-events-at-lotte-village\/\" \/>\n<meta property=\"og:locale\" content=\"en_US\" \/>\n<meta property=\"og:type\" content=\"article\" \/>\n<meta property=\"og:title\" content=\"Company events at Lotte Village | 6km from P\u00e4rnu, Estonia!\" \/>\n<meta property=\"og:description\" content=\"Bring your colleagues out from concrete buildings. We got everything to hold training sessions, seminars, even company\u2019s summer or winter days.\" \/>\n<meta property=\"og:url\" content=\"https:\/\/lottemaa.ee\/en\/organise-an-event\/company-events-at-lotte-village\/\" \/>\n<meta property=\"og:site_name\" content=\"Lottemaa Teemapark\" \/>\n<meta property=\"article:modified_time\" content=\"2025-11-11T12:06:23+00:00\" \/>\n<meta property=\"og:image\" content=\"https:\/\/lottemaa.ee\/wp-content\/uploads\/2016\/04\/lottemaa-rand.jpg\" \/>\n\t<meta property=\"og:image:width\" content=\"291\" \/>\n\t<meta property=\"og:image:height\" content=\"255\" \/>\n\t<meta property=\"og:image:type\" content=\"image\/jpeg\" \/>\n<meta name=\"twitter:card\" content=\"summary_large_image\" \/>\n<meta name=\"twitter:label1\" content=\"Est. reading time\" \/>\n\t<meta name=\"twitter:data1\" content=\"3 minutes\" \/>\n<script type=\"application\/ld+json\" class=\"yoast-schema-graph\">{\"@context\":\"https:\/\/schema.org\",\"@graph\":[{\"@type\":\"WebPage\",\"@id\":\"https:\/\/lottemaa.ee\/en\/organise-an-event\/company-events-at-lotte-village\/\",\"url\":\"https:\/\/lottemaa.ee\/en\/organise-an-event\/company-events-at-lotte-village\/\",\"name\":\"Company events at Lotte Village | 6km from P\u00e4rnu, Estonia!\",\"isPartOf\":{\"@id\":\"https:\/\/lottemaa.ee\/#website\"},\"primaryImageOfPage\":{\"@id\":\"https:\/\/lottemaa.ee\/en\/organise-an-event\/company-events-at-lotte-village\/#primaryimage\"},\"image\":{\"@id\":\"https:\/\/lottemaa.ee\/en\/organise-an-event\/company-events-at-lotte-village\/#primaryimage\"},\"thumbnailUrl\":\"https:\/\/lottemaa.ee\/wp-content\/uploads\/2016\/04\/lottemaa-rand.jpg\",\"datePublished\":\"2019-10-01T11:57:48+00:00\",\"dateModified\":\"2025-11-11T12:06:23+00:00\",\"description\":\"Bring your colleagues out from concrete buildings. We got everything to hold training sessions, seminars, even company\u2019s summer or winter days.\",\"breadcrumb\":{\"@id\":\"https:\/\/lottemaa.ee\/en\/organise-an-event\/company-events-at-lotte-village\/#breadcrumb\"},\"inLanguage\":\"en-US\",\"potentialAction\":[{\"@type\":\"ReadAction\",\"target\":[\"https:\/\/lottemaa.ee\/en\/organise-an-event\/company-events-at-lotte-village\/\"]}]},{\"@type\":\"ImageObject\",\"inLanguage\":\"en-US\",\"@id\":\"https:\/\/lottemaa.ee\/en\/organise-an-event\/company-events-at-lotte-village\/#primaryimage\",\"url\":\"https:\/\/lottemaa.ee\/wp-content\/uploads\/2016\/04\/lottemaa-rand.jpg\",\"contentUrl\":\"https:\/\/lottemaa.ee\/wp-content\/uploads\/2016\/04\/lottemaa-rand.jpg\",\"width\":291,\"height\":255},{\"@type\":\"BreadcrumbList\",\"@id\":\"https:\/\/lottemaa.ee\/en\/organise-an-event\/company-events-at-lotte-village\/#breadcrumb\",\"itemListElement\":[{\"@type\":\"ListItem\",\"position\":1,\"name\":\"Home\",\"item\":\"https:\/\/lottemaa.ee\/en\/\"},{\"@type\":\"ListItem\",\"position\":2,\"name\":\"ORGANISE AN EVENT\",\"item\":\"https:\/\/lottemaa.ee\/en\/organise-an-event\/\"},{\"@type\":\"ListItem\",\"position\":3,\"name\":\"ORGANISING SUMMER DAYS\"}]},{\"@type\":\"WebSite\",\"@id\":\"https:\/\/lottemaa.ee\/#website\",\"url\":\"https:\/\/lottemaa.ee\/\",\"name\":\"Lottemaa Teemapark\",\"description\":\"Baltimaade suurim ja k\u00f5ige \u00e4gedam kogupere teemapark Eestis P\u00e4rnumaal\",\"publisher\":{\"@id\":\"https:\/\/lottemaa.ee\/#organization\"},\"potentialAction\":[{\"@type\":\"SearchAction\",\"target\":{\"@type\":\"EntryPoint\",\"urlTemplate\":\"https:\/\/lottemaa.ee\/?s={search_term_string}\"},\"query-input\":{\"@type\":\"PropertyValueSpecification\",\"valueRequired\":true,\"valueName\":\"search_term_string\"}}],\"inLanguage\":\"en-US\"},{\"@type\":\"Organization\",\"@id\":\"https:\/\/lottemaa.ee\/#organization\",\"name\":\"Lottemaa Teemapark\",\"url\":\"https:\/\/lottemaa.ee\/\",\"logo\":{\"@type\":\"ImageObject\",\"inLanguage\":\"en-US\",\"@id\":\"https:\/\/lottemaa.ee\/#\/schema\/logo\/image\/\",\"url\":\"https:\/\/lottemaa.ee\/wp-content\/uploads\/2018\/12\/Lottemaa_LOGO.png\",\"contentUrl\":\"https:\/\/lottemaa.ee\/wp-content\/uploads\/2018\/12\/Lottemaa_LOGO.png\",\"width\":1024,\"height\":518,\"caption\":\"Lottemaa Teemapark\"},\"image\":{\"@id\":\"https:\/\/lottemaa.ee\/#\/schema\/logo\/image\/\"}}]}<\/script>\n<!-- \/ Yoast SEO plugin. -->","yoast_head_json":{"title":"Company events at Lotte Village | 6km from P\u00e4rnu, Estonia!","description":"Bring your colleagues out from concrete buildings. We got everything to hold training sessions, seminars, even company\u2019s summer or winter days.","robots":{"index":"index","follow":"follow","max-snippet":"max-snippet:-1","max-image-preview":"max-image-preview:large","max-video-preview":"max-video-preview:-1"},"canonical":"https:\/\/lottemaa.ee\/en\/organise-an-event\/company-events-at-lotte-village\/","og_locale":"en_US","og_type":"article","og_title":"Company events at Lotte Village | 6km from P\u00e4rnu, Estonia!","og_description":"Bring your colleagues out from concrete buildings. We got everything to hold training sessions, seminars, even company\u2019s summer or winter days.","og_url":"https:\/\/lottemaa.ee\/en\/organise-an-event\/company-events-at-lotte-village\/","og_site_name":"Lottemaa Teemapark","article_modified_time":"2025-11-11T12:06:23+00:00","og_image":[{"width":291,"height":255,"url":"https:\/\/lottemaa.ee\/wp-content\/uploads\/2016\/04\/lottemaa-rand.jpg","type":"image\/jpeg"}],"twitter_card":"summary_large_image","twitter_misc":{"Est. reading time":"3 minutes"},"schema":{"@context":"https:\/\/schema.org","@graph":[{"@type":"WebPage","@id":"https:\/\/lottemaa.ee\/en\/organise-an-event\/company-events-at-lotte-village\/","url":"https:\/\/lottemaa.ee\/en\/organise-an-event\/company-events-at-lotte-village\/","name":"Company events at Lotte Village | 6km from P\u00e4rnu, Estonia!","isPartOf":{"@id":"https:\/\/lottemaa.ee\/#website"},"primaryImageOfPage":{"@id":"https:\/\/lottemaa.ee\/en\/organise-an-event\/company-events-at-lotte-village\/#primaryimage"},"image":{"@id":"https:\/\/lottemaa.ee\/en\/organise-an-event\/company-events-at-lotte-village\/#primaryimage"},"thumbnailUrl":"https:\/\/lottemaa.ee\/wp-content\/uploads\/2016\/04\/lottemaa-rand.jpg","datePublished":"2019-10-01T11:57:48+00:00","dateModified":"2025-11-11T12:06:23+00:00","description":"Bring your colleagues out from concrete buildings. We got everything to hold training sessions, seminars, even company\u2019s summer or winter days.","breadcrumb":{"@id":"https:\/\/lottemaa.ee\/en\/organise-an-event\/company-events-at-lotte-village\/#breadcrumb"},"inLanguage":"en-US","potentialAction":[{"@type":"ReadAction","target":["https:\/\/lottemaa.ee\/en\/organise-an-event\/company-events-at-lotte-village\/"]}]},{"@type":"ImageObject","inLanguage":"en-US","@id":"https:\/\/lottemaa.ee\/en\/organise-an-event\/company-events-at-lotte-village\/#primaryimage","url":"https:\/\/lottemaa.ee\/wp-content\/uploads\/2016\/04\/lottemaa-rand.jpg","contentUrl":"https:\/\/lottemaa.ee\/wp-content\/uploads\/2016\/04\/lottemaa-rand.jpg","width":291,"height":255},{"@type":"BreadcrumbList","@id":"https:\/\/lottemaa.ee\/en\/organise-an-event\/company-events-at-lotte-village\/#breadcrumb","itemListElement":[{"@type":"ListItem","position":1,"name":"Home","item":"https:\/\/lottemaa.ee\/en\/"},{"@type":"ListItem","position":2,"name":"ORGANISE AN EVENT","item":"https:\/\/lottemaa.ee\/en\/organise-an-event\/"},{"@type":"ListItem","position":3,"name":"ORGANISING SUMMER DAYS"}]},{"@type":"WebSite","@id":"https:\/\/lottemaa.ee\/#website","url":"https:\/\/lottemaa.ee\/","name":"Lottemaa Teemapark","description":"Baltimaade suurim ja k\u00f5ige \u00e4gedam kogupere teemapark Eestis P\u00e4rnumaal","publisher":{"@id":"https:\/\/lottemaa.ee\/#organization"},"potentialAction":[{"@type":"SearchAction","target":{"@type":"EntryPoint","urlTemplate":"https:\/\/lottemaa.ee\/?s={search_term_string}"},"query-input":{"@type":"PropertyValueSpecification","valueRequired":true,"valueName":"search_term_string"}}],"inLanguage":"en-US"},{"@type":"Organization","@id":"https:\/\/lottemaa.ee\/#organization","name":"Lottemaa Teemapark","url":"https:\/\/lottemaa.ee\/","logo":{"@type":"ImageObject","inLanguage":"en-US","@id":"https:\/\/lottemaa.ee\/#\/schema\/logo\/image\/","url":"https:\/\/lottemaa.ee\/wp-content\/uploads\/2018\/12\/Lottemaa_LOGO.png","contentUrl":"https:\/\/lottemaa.ee\/wp-content\/uploads\/2018\/12\/Lottemaa_LOGO.png","width":1024,"height":518,"caption":"Lottemaa Teemapark"},"image":{"@id":"https:\/\/lottemaa.ee\/#\/schema\/logo\/image\/"}}]}},"_links":{"self":[{"href":"https:\/\/lottemaa.ee\/en\/wp-json\/wp\/v2\/pages\/8098","targetHints":{"allow":["GET"]}}],"collection":[{"href":"https:\/\/lottemaa.ee\/en\/wp-json\/wp\/v2\/pages"}],"about":[{"href":"https:\/\/lottemaa.ee\/en\/wp-json\/wp\/v2\/types\/page"}],"author":[{"embeddable":true,"href":"https:\/\/lottemaa.ee\/en\/wp-json\/wp\/v2\/users\/7"}],"replies":[{"embeddable":true,"href":"https:\/\/lottemaa.ee\/en\/wp-json\/wp\/v2\/comments?post=8098"}],"version-history":[{"count":5,"href":"https:\/\/lottemaa.ee\/en\/wp-json\/wp\/v2\/pages\/8098\/revisions"}],"predecessor-version":[{"id":31912,"href":"https:\/\/lottemaa.ee\/en\/wp-json\/wp\/v2\/pages\/8098\/revisions\/31912"}],"up":[{"embeddable":true,"href":"https:\/\/lottemaa.ee\/en\/wp-json\/wp\/v2\/pages\/11901"}],"wp:featuredmedia":[{"embeddable":true,"href":"https:\/\/lottemaa.ee\/en\/wp-json\/wp\/v2\/media\/299"}],"wp:attachment":[{"href":"https:\/\/lottemaa.ee\/en\/wp-json\/wp\/v2\/media?parent=8098"}],"curies":[{"name":"wp","href":"https:\/\/api.w.org\/{rel}","templated":true}]}}