{"id":605,"date":"2016-05-10T20:26:17","date_gmt":"2016-05-10T17:26:17","guid":{"rendered":"http:\/\/sharks.ee\/lottemaa\/en\/?page_id=605"},"modified":"2026-01-05T15:57:10","modified_gmt":"2026-01-05T13:57:10","slug":"contact-us","status":"publish","type":"page","link":"https:\/\/lottemaa.ee\/en\/contact-us\/","title":{"rendered":"Contact Us"},"content":{"rendered":"<p><span lang=\"EN-US\">Lotte Village theme park is currently CLOSED to visitors.<br \/>\nSee you again in summer 2026, from 13 June to 30 August every day from 10 am to 6 pm.<\/span><\/p>\n<hr \/>\n<p><strong>LOTTEMAA TEEMAPARK O\u00dc<\/strong><\/p>\n<p>Office is open Mon-Fri from 9am to 5pm<br \/>\nInfo tel: <strong>+372 5885 5699<\/strong><br \/>\nE-mail:<strong><a href=\"mailto:info@lottemaa.ee\"> info@lottemaa.ee<\/a><\/strong><br \/>\nAddress: Reiu Village, H\u00e4\u00e4demeeste parish, P\u00e4rnu County 86508, Estonia<\/p>\n<p>Reg.code: 12455303<br \/>\nKMKR: EE101642817<\/p>\n<hr \/>\n<h1 style=\"text-align: left;\">Our team<\/h1>\n<p>CEO | Margit Toodu | <span style=\"color: #3366ff;\"><strong>margit[@]lottemaa.ee<\/strong><\/span><\/p>\n<p>Marketing Manager | Kaire Lerg | <span style=\"color: #3366ff;\"><strong>kaire[@]lottemaa.ee<\/strong><\/span><\/p>\n<p>Marketing and Sales specialist| Karmen Sule |<span style=\"color: #3366ff;\"> <strong>karmen[@]lottemaa.ee<\/strong><\/span><\/p>\n<p>Social Media Specialist | Kethlin Hiis |<span style=\"color: #3366ff;\"><strong> kethlin[@]lottemaa.ee<\/strong><\/span><\/p>\n<p>Creative Content Manager | Hana Kivi |<span style=\"color: #3366ff;\"> <strong>hana[@]lottemaa.ee<\/strong><\/span><\/p>\n<p>Catering |<span style=\"color: #333333;\"> Helena Viirmaa| <\/span><span style=\"color: #3366ff;\"><strong>toitlustus[@]lottemaa.ee<\/strong><\/span><\/p>\n<p>Head of Administration | Alar Kullamaa |<span style=\"color: #3366ff;\"> <strong>alar[@]lottemaa.ee<\/strong><\/span><\/p>\n<p>Trade and Special Events Coordinator | Nele Lemmik | <span style=\"color: #3366ff;\"><strong>nele[@]lottemaa.ee<\/strong><\/span><\/p>\n<p>&nbsp;<\/p>\n","protected":false},"excerpt":{"rendered":"<p>Lotte Village theme park is currently CLOSED to visitors. See you again in summer 2026, from 13 June to 30 August every day from 10 am to 6 pm. LOTTEMAA TEEMAPARK O\u00dc Office is open Mon-Fri from 9am to 5pm Info tel: +372 5885 5699 E-mail: info@lottemaa.ee Address: Reiu Village, H\u00e4\u00e4demeeste parish, P\u00e4rnu County 86508, &hellip; <a href=\"https:\/\/lottemaa.ee\/en\/contact-us\/\">Continued<\/a><\/p>\n","protected":false},"author":1,"featured_media":0,"parent":0,"menu_order":813,"comment_status":"closed","ping_status":"closed","template":"","meta":{"_acf_changed":false,"om_disable_all_campaigns":false,"_uf_show_specific_survey":0,"_uf_disable_surveys":false,"footnotes":""},"class_list":["post-605","page","type-page","status-publish","hentry"],"acf":[],"yoast_head":"<!-- This site is optimized with the Yoast SEO plugin v25.5 - https:\/\/yoast.com\/wordpress\/plugins\/seo\/ -->\n<title>Contact Us | Lottemaa Teemapark<\/title>\n<meta name=\"robots\" content=\"index, follow, max-snippet:-1, max-image-preview:large, max-video-preview:-1\" \/>\n<link rel=\"canonical\" href=\"https:\/\/lottemaa.ee\/en\/contact-us\/\" \/>\n<meta property=\"og:locale\" content=\"en_US\" \/>\n<meta property=\"og:type\" content=\"article\" \/>\n<meta property=\"og:title\" content=\"Contact Us | Lottemaa Teemapark\" \/>\n<meta property=\"og:description\" content=\"Lotte Village theme park is currently CLOSED to visitors. See you again in summer 2026, from 13 June to 30 August every day from 10 am to 6 pm. LOTTEMAA TEEMAPARK O\u00dc Office is open Mon-Fri from 9am to 5pm Info tel: +372 5885 5699 E-mail: info@lottemaa.ee Address: Reiu Village, H\u00e4\u00e4demeeste parish, P\u00e4rnu County 86508, &hellip; Continued\" \/>\n<meta property=\"og:url\" content=\"https:\/\/lottemaa.ee\/en\/contact-us\/\" \/>\n<meta property=\"og:site_name\" content=\"Lottemaa Teemapark\" \/>\n<meta property=\"article:modified_time\" content=\"2026-01-05T13:57:10+00:00\" \/>\n<meta name=\"twitter:card\" content=\"summary_large_image\" \/>\n<meta name=\"twitter:label1\" content=\"Est. reading time\" \/>\n\t<meta name=\"twitter:data1\" content=\"1 minute\" \/>\n<script type=\"application\/ld+json\" class=\"yoast-schema-graph\">{\"@context\":\"https:\/\/schema.org\",\"@graph\":[{\"@type\":\"WebPage\",\"@id\":\"https:\/\/lottemaa.ee\/en\/contact-us\/\",\"url\":\"https:\/\/lottemaa.ee\/en\/contact-us\/\",\"name\":\"Contact Us | Lottemaa Teemapark\",\"isPartOf\":{\"@id\":\"https:\/\/lottemaa.ee\/#website\"},\"datePublished\":\"2016-05-10T17:26:17+00:00\",\"dateModified\":\"2026-01-05T13:57:10+00:00\",\"breadcrumb\":{\"@id\":\"https:\/\/lottemaa.ee\/en\/contact-us\/#breadcrumb\"},\"inLanguage\":\"en-US\",\"potentialAction\":[{\"@type\":\"ReadAction\",\"target\":[\"https:\/\/lottemaa.ee\/en\/contact-us\/\"]}]},{\"@type\":\"BreadcrumbList\",\"@id\":\"https:\/\/lottemaa.ee\/en\/contact-us\/#breadcrumb\",\"itemListElement\":[{\"@type\":\"ListItem\",\"position\":1,\"name\":\"Home\",\"item\":\"https:\/\/lottemaa.ee\/en\/\"},{\"@type\":\"ListItem\",\"position\":2,\"name\":\"Contact Us\"}]},{\"@type\":\"WebSite\",\"@id\":\"https:\/\/lottemaa.ee\/#website\",\"url\":\"https:\/\/lottemaa.ee\/\",\"name\":\"Lottemaa Teemapark\",\"description\":\"Baltimaade suurim ja k\u00f5ige \u00e4gedam kogupere teemapark Eestis P\u00e4rnumaal\",\"publisher\":{\"@id\":\"https:\/\/lottemaa.ee\/#organization\"},\"potentialAction\":[{\"@type\":\"SearchAction\",\"target\":{\"@type\":\"EntryPoint\",\"urlTemplate\":\"https:\/\/lottemaa.ee\/?s={search_term_string}\"},\"query-input\":{\"@type\":\"PropertyValueSpecification\",\"valueRequired\":true,\"valueName\":\"search_term_string\"}}],\"inLanguage\":\"en-US\"},{\"@type\":\"Organization\",\"@id\":\"https:\/\/lottemaa.ee\/#organization\",\"name\":\"Lottemaa Teemapark\",\"url\":\"https:\/\/lottemaa.ee\/\",\"logo\":{\"@type\":\"ImageObject\",\"inLanguage\":\"en-US\",\"@id\":\"https:\/\/lottemaa.ee\/#\/schema\/logo\/image\/\",\"url\":\"https:\/\/lottemaa.ee\/wp-content\/uploads\/2018\/12\/Lottemaa_LOGO.png\",\"contentUrl\":\"https:\/\/lottemaa.ee\/wp-content\/uploads\/2018\/12\/Lottemaa_LOGO.png\",\"width\":1024,\"height\":518,\"caption\":\"Lottemaa Teemapark\"},\"image\":{\"@id\":\"https:\/\/lottemaa.ee\/#\/schema\/logo\/image\/\"}}]}<\/script>\n<!-- \/ Yoast SEO plugin. -->","yoast_head_json":{"title":"Contact Us | Lottemaa Teemapark","robots":{"index":"index","follow":"follow","max-snippet":"max-snippet:-1","max-image-preview":"max-image-preview:large","max-video-preview":"max-video-preview:-1"},"canonical":"https:\/\/lottemaa.ee\/en\/contact-us\/","og_locale":"en_US","og_type":"article","og_title":"Contact Us | Lottemaa Teemapark","og_description":"Lotte Village theme park is currently CLOSED to visitors. See you again in summer 2026, from 13 June to 30 August every day from 10 am to 6 pm. LOTTEMAA TEEMAPARK O\u00dc Office is open Mon-Fri from 9am to 5pm Info tel: +372 5885 5699 E-mail: info@lottemaa.ee Address: Reiu Village, H\u00e4\u00e4demeeste parish, P\u00e4rnu County 86508, &hellip; Continued","og_url":"https:\/\/lottemaa.ee\/en\/contact-us\/","og_site_name":"Lottemaa Teemapark","article_modified_time":"2026-01-05T13:57:10+00:00","twitter_card":"summary_large_image","twitter_misc":{"Est. reading time":"1 minute"},"schema":{"@context":"https:\/\/schema.org","@graph":[{"@type":"WebPage","@id":"https:\/\/lottemaa.ee\/en\/contact-us\/","url":"https:\/\/lottemaa.ee\/en\/contact-us\/","name":"Contact Us | Lottemaa Teemapark","isPartOf":{"@id":"https:\/\/lottemaa.ee\/#website"},"datePublished":"2016-05-10T17:26:17+00:00","dateModified":"2026-01-05T13:57:10+00:00","breadcrumb":{"@id":"https:\/\/lottemaa.ee\/en\/contact-us\/#breadcrumb"},"inLanguage":"en-US","potentialAction":[{"@type":"ReadAction","target":["https:\/\/lottemaa.ee\/en\/contact-us\/"]}]},{"@type":"BreadcrumbList","@id":"https:\/\/lottemaa.ee\/en\/contact-us\/#breadcrumb","itemListElement":[{"@type":"ListItem","position":1,"name":"Home","item":"https:\/\/lottemaa.ee\/en\/"},{"@type":"ListItem","position":2,"name":"Contact Us"}]},{"@type":"WebSite","@id":"https:\/\/lottemaa.ee\/#website","url":"https:\/\/lottemaa.ee\/","name":"Lottemaa Teemapark","description":"Baltimaade suurim ja k\u00f5ige \u00e4gedam kogupere teemapark Eestis P\u00e4rnumaal","publisher":{"@id":"https:\/\/lottemaa.ee\/#organization"},"potentialAction":[{"@type":"SearchAction","target":{"@type":"EntryPoint","urlTemplate":"https:\/\/lottemaa.ee\/?s={search_term_string}"},"query-input":{"@type":"PropertyValueSpecification","valueRequired":true,"valueName":"search_term_string"}}],"inLanguage":"en-US"},{"@type":"Organization","@id":"https:\/\/lottemaa.ee\/#organization","name":"Lottemaa Teemapark","url":"https:\/\/lottemaa.ee\/","logo":{"@type":"ImageObject","inLanguage":"en-US","@id":"https:\/\/lottemaa.ee\/#\/schema\/logo\/image\/","url":"https:\/\/lottemaa.ee\/wp-content\/uploads\/2018\/12\/Lottemaa_LOGO.png","contentUrl":"https:\/\/lottemaa.ee\/wp-content\/uploads\/2018\/12\/Lottemaa_LOGO.png","width":1024,"height":518,"caption":"Lottemaa Teemapark"},"image":{"@id":"https:\/\/lottemaa.ee\/#\/schema\/logo\/image\/"}}]}},"_links":{"self":[{"href":"https:\/\/lottemaa.ee\/en\/wp-json\/wp\/v2\/pages\/605","targetHints":{"allow":["GET"]}}],"collection":[{"href":"https:\/\/lottemaa.ee\/en\/wp-json\/wp\/v2\/pages"}],"about":[{"href":"https:\/\/lottemaa.ee\/en\/wp-json\/wp\/v2\/types\/page"}],"author":[{"embeddable":true,"href":"https:\/\/lottemaa.ee\/en\/wp-json\/wp\/v2\/users\/1"}],"replies":[{"embeddable":true,"href":"https:\/\/lottemaa.ee\/en\/wp-json\/wp\/v2\/comments?post=605"}],"version-history":[{"count":5,"href":"https:\/\/lottemaa.ee\/en\/wp-json\/wp\/v2\/pages\/605\/revisions"}],"predecessor-version":[{"id":32632,"href":"https:\/\/lottemaa.ee\/en\/wp-json\/wp\/v2\/pages\/605\/revisions\/32632"}],"wp:attachment":[{"href":"https:\/\/lottemaa.ee\/en\/wp-json\/wp\/v2\/media?parent=605"}],"curies":[{"name":"wp","href":"https:\/\/api.w.org\/{rel}","templated":true}]}}