{"id":561,"date":"2016-05-10T20:19:19","date_gmt":"2016-05-10T17:19:19","guid":{"rendered":"http:\/\/sharks.ee\/lottemaa\/en\/?page_id=561"},"modified":"2026-01-05T15:30:13","modified_gmt":"2026-01-05T13:30:13","slug":"ticket-information","status":"publish","type":"page","link":"https:\/\/lottemaa.ee\/en\/ticket-information\/","title":{"rendered":"Ticket Information"},"content":{"rendered":"<p><a href=\"https:\/\/fienta.com\/lottemaa-suvi-2026\"><img loading=\"lazy\" decoding=\"async\" class=\"alignleft wp-image-19192 size-medium\" src=\"https:\/\/lottemaa.ee\/wp-content\/uploads\/2023\/01\/osta_pilet_siit_eng-300x82.png\" alt=\"\" width=\"300\" height=\"82\" srcset=\"https:\/\/lottemaa.ee\/wp-content\/uploads\/2023\/01\/osta_pilet_siit_eng-300x82.png 300w, https:\/\/lottemaa.ee\/wp-content\/uploads\/2023\/01\/osta_pilet_siit_eng-114x31.png 114w, https:\/\/lottemaa.ee\/wp-content\/uploads\/2023\/01\/osta_pilet_siit_eng.png 373w\" sizes=\"auto, (max-width: 300px) 100vw, 300px\" \/><\/a><\/p>\n<table style=\"height: 372px; width: 100.408%;\" width=\"840\">\n<tbody>\n<tr style=\"height: 48px;\">\n<td style=\"width: 94.3201%; height: 48px;\"><strong>REGULAR TICKET<\/strong><br \/>\nTicket for visitor aged 2 years and older<\/td>\n<td style=\"height: 10px; width: 32.8361%;\"><strong>28 \u20ac<\/strong><\/td>\n<\/tr>\n<tr>\n<td style=\"width: 94.3201%;\"><strong>Two-day ticket<br \/>\n<\/strong>Valid for two consecutive days<strong><br \/>\n<\/strong><\/td>\n<td style=\"width: 32.8361%;\"><strong>41 \u20ac<\/strong><\/td>\n<\/tr>\n<tr style=\"height: 24px;\">\n<td style=\"width: 94.3201%; height: 24px;\"><strong>Child aged 0-1<\/strong> (1 year included)<\/td>\n<td style=\"height: 24px; width: 32.8361%;\"><strong>free<\/strong><\/td>\n<\/tr>\n<tr style=\"height: 48px;\">\n<td style=\"width: 94.3201%; height: 48px;\"><strong>Pensioner ticket<\/strong><br \/>\nOn the basis of a pension certificate<\/td>\n<td style=\"height: 48px; width: 32.8361%;\"><strong>21 \u20ac<\/strong><\/td>\n<\/tr>\n<tr style=\"height: 48px;\">\n<td style=\"width: 94.3201%; height: 48px;\"><strong>Special needs adult ticket<\/strong><br \/>\nOn the basis of a disability card or pension certificate<\/td>\n<td style=\"height: 48px; width: 32.8361%;\"><strong>21 \u20ac<\/strong><\/td>\n<\/tr>\n<tr style=\"height: 48px;\">\n<td style=\"width: 94.3201%; height: 48px;\"><strong>Ticket for disabled child aged 2 and older<\/strong><br \/>\nOn the basis of a disability card<\/td>\n<td style=\"height: 72px; width: 32.8361%;\"><strong>16 \u20ac<\/strong><\/td>\n<\/tr>\n<tr style=\"height: 10px;\">\n<td style=\"width: 94.3201%; height: 10px;\"><strong>Ticket for person accompanying disabled person aged 2 and older<\/strong><br \/>\nEntrance to Lotte Village is free of charge for the person accompanying a disabled visitor who has a severe or profound disability and needs assistance in visiting the theme park.<br \/>\nOn the basis of a disability card<\/td>\n<td style=\"height: 72px; width: 32.8361%;\"><strong>free<\/strong><\/td>\n<\/tr>\n<tr style=\"height: 73px;\">\n<td style=\"width: 94.3201%; height: 73px;\"><strong>PARKING TICKET<\/strong><br \/>\nFor 1 vehicle for whole day.<br \/>\n\u20ac3 when paying with Snabb<\/td>\n<td style=\"height: 48px; width: 32.8361%;\"><strong>4 \u20ac<\/strong><\/td>\n<\/tr>\n<tr style=\"height: 49px;\">\n<td style=\"width: 94.3201%; height: 49px;\"><strong>TRAIN TICKET<\/strong><br \/>\nFor 1 direction (parking lot to entrance or entrance to parking lot) for visitors aged 2 years and older<\/td>\n<td style=\"height: 71px; width: 32.8361%;\"><strong>2 \u20ac<\/strong><\/td>\n<\/tr>\n<\/tbody>\n<\/table>\n<p><a href=\"https:\/\/fienta.com\/lottemaa-suvi-2026\"><img loading=\"lazy\" decoding=\"async\" class=\"alignnone\" src=\"https:\/\/lottemaa.ee\/wp-content\/uploads\/2023\/01\/osta_pilet_siit_eng-300x82.png\" alt=\"\" width=\"300\" height=\"82\" \/><\/a><\/p>\n<h3>Pay attention!<\/h3>\n<p>&#8211; Tickets that are not used during the season<span style=\"color: #000000;\"> <strong>will not be refunded or exchanged<\/strong>.<\/span><br \/>\n&#8211; Damaged tickets will be deemed invalid.<\/p>\n<hr \/>\n<p><span style=\"color: #000000;\"><strong>NO NEED TO PRINT YOUR E-TICKET. JUST USE YOUR SMART DEVICE TO DISPLAY YOUR TICKET.<\/strong><\/span><\/p>\n<p>Tickets to the theme park will be checked at the Lotte Village entrance.<\/p>\n<p><span style=\"color: #000000;\"><strong>A pre-purchased<\/strong><\/span> train ticket allows you to board the train right away and await its departure; the driver will check the validity of your ticket right before departure.<\/p>\n<p>Tickets you can purchase either in the car park, at the Lotte Village entrance or from the ticket office at the beach.<\/p>\n<p><span style=\"color: #000000;\"><strong>Methods of payment<\/strong><\/span> &#8211; Both cash (in euros) and card payments are accepted for tickets, food and services.<\/p>\n<hr \/>\n<h3>Pay attention!<\/h3>\n<p>&#8211; Parents or accompanying adults are responsible for children in the territory of Lotte Village.<br \/>\n&#8211; Unfortunately we cannot allow pets to be taken to the theme park.<\/p>\n<p><strong><u><a href=\"https:\/\/lottemaa.ee\/tule-kulla\/teemapargi-kulastuse-reeglid\/\">House<\/a><\/u><\/strong> rules of the theme park<\/p>\n","protected":false},"excerpt":{"rendered":"<p>REGULAR TICKET Ticket for visitor aged 2 years and older 28 \u20ac Two-day ticket Valid for two consecutive days 41 \u20ac Child aged 0-1 (1 year included) free Pensioner ticket On the basis of a pension certificate 21 \u20ac Special needs adult ticket On the basis of a disability card or pension certificate 21 \u20ac &hellip; <a href=\"https:\/\/lottemaa.ee\/en\/ticket-information\/\">Continued<\/a><\/p>\n","protected":false},"author":1,"featured_media":32224,"parent":0,"menu_order":340,"comment_status":"closed","ping_status":"closed","template":"","meta":{"_acf_changed":false,"om_disable_all_campaigns":false,"_uf_show_specific_survey":0,"_uf_disable_surveys":false,"footnotes":""},"class_list":["post-561","page","type-page","status-publish","has-post-thumbnail","hentry"],"acf":[],"yoast_head":"<!-- This site is optimized with the Yoast SEO plugin v25.5 - https:\/\/yoast.com\/wordpress\/plugins\/seo\/ -->\n<title>Lotte Village tickets and discounts | Lotte Village them park<\/title>\n<meta name=\"description\" content=\"70 000 m2 excitements for the whole family! Buy tickets without standing and spending time in line.\" \/>\n<meta name=\"robots\" content=\"index, follow, max-snippet:-1, max-image-preview:large, max-video-preview:-1\" \/>\n<link rel=\"canonical\" href=\"https:\/\/lottemaa.ee\/en\/ticket-information\/\" \/>\n<meta property=\"og:locale\" content=\"en_US\" \/>\n<meta property=\"og:type\" content=\"article\" \/>\n<meta property=\"og:title\" content=\"Lotte Village tickets and discounts | Lotte Village them park\" \/>\n<meta property=\"og:description\" content=\"70 000 m2 excitements for the whole family! Buy tickets without standing and spending time in line.\" \/>\n<meta property=\"og:url\" content=\"https:\/\/lottemaa.ee\/en\/ticket-information\/\" \/>\n<meta property=\"og:site_name\" content=\"Lottemaa Teemapark\" \/>\n<meta property=\"article:modified_time\" content=\"2026-01-05T13:30:13+00:00\" \/>\n<meta property=\"og:image\" content=\"https:\/\/lottemaa.ee\/wp-content\/uploads\/2025\/11\/lottemaa-programm.jpg\" \/>\n\t<meta property=\"og:image:width\" content=\"285\" \/>\n\t<meta property=\"og:image:height\" content=\"297\" \/>\n\t<meta property=\"og:image:type\" content=\"image\/jpeg\" \/>\n<meta name=\"twitter:card\" content=\"summary_large_image\" \/>\n<meta name=\"twitter:label1\" content=\"Est. reading time\" \/>\n\t<meta name=\"twitter:data1\" content=\"3 minutes\" \/>\n<script type=\"application\/ld+json\" class=\"yoast-schema-graph\">{\"@context\":\"https:\/\/schema.org\",\"@graph\":[{\"@type\":\"WebPage\",\"@id\":\"https:\/\/lottemaa.ee\/en\/ticket-information\/\",\"url\":\"https:\/\/lottemaa.ee\/en\/ticket-information\/\",\"name\":\"Lotte Village tickets and discounts | Lotte Village them park\",\"isPartOf\":{\"@id\":\"https:\/\/lottemaa.ee\/#website\"},\"primaryImageOfPage\":{\"@id\":\"https:\/\/lottemaa.ee\/en\/ticket-information\/#primaryimage\"},\"image\":{\"@id\":\"https:\/\/lottemaa.ee\/en\/ticket-information\/#primaryimage\"},\"thumbnailUrl\":\"https:\/\/lottemaa.ee\/wp-content\/uploads\/2025\/11\/lottemaa-programm.jpg\",\"datePublished\":\"2016-05-10T17:19:19+00:00\",\"dateModified\":\"2026-01-05T13:30:13+00:00\",\"description\":\"70 000 m2 excitements for the whole family! Buy tickets without standing and spending time in line.\",\"breadcrumb\":{\"@id\":\"https:\/\/lottemaa.ee\/en\/ticket-information\/#breadcrumb\"},\"inLanguage\":\"en-US\",\"potentialAction\":[{\"@type\":\"ReadAction\",\"target\":[\"https:\/\/lottemaa.ee\/en\/ticket-information\/\"]}]},{\"@type\":\"ImageObject\",\"inLanguage\":\"en-US\",\"@id\":\"https:\/\/lottemaa.ee\/en\/ticket-information\/#primaryimage\",\"url\":\"https:\/\/lottemaa.ee\/wp-content\/uploads\/2025\/11\/lottemaa-programm.jpg\",\"contentUrl\":\"https:\/\/lottemaa.ee\/wp-content\/uploads\/2025\/11\/lottemaa-programm.jpg\",\"width\":285,\"height\":297},{\"@type\":\"BreadcrumbList\",\"@id\":\"https:\/\/lottemaa.ee\/en\/ticket-information\/#breadcrumb\",\"itemListElement\":[{\"@type\":\"ListItem\",\"position\":1,\"name\":\"Home\",\"item\":\"https:\/\/lottemaa.ee\/en\/\"},{\"@type\":\"ListItem\",\"position\":2,\"name\":\"Ticket Information\"}]},{\"@type\":\"WebSite\",\"@id\":\"https:\/\/lottemaa.ee\/#website\",\"url\":\"https:\/\/lottemaa.ee\/\",\"name\":\"Lottemaa Teemapark\",\"description\":\"Baltimaade suurim ja k\u00f5ige \u00e4gedam kogupere teemapark Eestis P\u00e4rnumaal\",\"publisher\":{\"@id\":\"https:\/\/lottemaa.ee\/#organization\"},\"potentialAction\":[{\"@type\":\"SearchAction\",\"target\":{\"@type\":\"EntryPoint\",\"urlTemplate\":\"https:\/\/lottemaa.ee\/?s={search_term_string}\"},\"query-input\":{\"@type\":\"PropertyValueSpecification\",\"valueRequired\":true,\"valueName\":\"search_term_string\"}}],\"inLanguage\":\"en-US\"},{\"@type\":\"Organization\",\"@id\":\"https:\/\/lottemaa.ee\/#organization\",\"name\":\"Lottemaa Teemapark\",\"url\":\"https:\/\/lottemaa.ee\/\",\"logo\":{\"@type\":\"ImageObject\",\"inLanguage\":\"en-US\",\"@id\":\"https:\/\/lottemaa.ee\/#\/schema\/logo\/image\/\",\"url\":\"https:\/\/lottemaa.ee\/wp-content\/uploads\/2018\/12\/Lottemaa_LOGO.png\",\"contentUrl\":\"https:\/\/lottemaa.ee\/wp-content\/uploads\/2018\/12\/Lottemaa_LOGO.png\",\"width\":1024,\"height\":518,\"caption\":\"Lottemaa Teemapark\"},\"image\":{\"@id\":\"https:\/\/lottemaa.ee\/#\/schema\/logo\/image\/\"}}]}<\/script>\n<!-- \/ Yoast SEO plugin. -->","yoast_head_json":{"title":"Lotte Village tickets and discounts | Lotte Village them park","description":"70 000 m2 excitements for the whole family! Buy tickets without standing and spending time in line.","robots":{"index":"index","follow":"follow","max-snippet":"max-snippet:-1","max-image-preview":"max-image-preview:large","max-video-preview":"max-video-preview:-1"},"canonical":"https:\/\/lottemaa.ee\/en\/ticket-information\/","og_locale":"en_US","og_type":"article","og_title":"Lotte Village tickets and discounts | Lotte Village them park","og_description":"70 000 m2 excitements for the whole family! Buy tickets without standing and spending time in line.","og_url":"https:\/\/lottemaa.ee\/en\/ticket-information\/","og_site_name":"Lottemaa Teemapark","article_modified_time":"2026-01-05T13:30:13+00:00","og_image":[{"width":285,"height":297,"url":"https:\/\/lottemaa.ee\/wp-content\/uploads\/2025\/11\/lottemaa-programm.jpg","type":"image\/jpeg"}],"twitter_card":"summary_large_image","twitter_misc":{"Est. reading time":"3 minutes"},"schema":{"@context":"https:\/\/schema.org","@graph":[{"@type":"WebPage","@id":"https:\/\/lottemaa.ee\/en\/ticket-information\/","url":"https:\/\/lottemaa.ee\/en\/ticket-information\/","name":"Lotte Village tickets and discounts | Lotte Village them park","isPartOf":{"@id":"https:\/\/lottemaa.ee\/#website"},"primaryImageOfPage":{"@id":"https:\/\/lottemaa.ee\/en\/ticket-information\/#primaryimage"},"image":{"@id":"https:\/\/lottemaa.ee\/en\/ticket-information\/#primaryimage"},"thumbnailUrl":"https:\/\/lottemaa.ee\/wp-content\/uploads\/2025\/11\/lottemaa-programm.jpg","datePublished":"2016-05-10T17:19:19+00:00","dateModified":"2026-01-05T13:30:13+00:00","description":"70 000 m2 excitements for the whole family! Buy tickets without standing and spending time in line.","breadcrumb":{"@id":"https:\/\/lottemaa.ee\/en\/ticket-information\/#breadcrumb"},"inLanguage":"en-US","potentialAction":[{"@type":"ReadAction","target":["https:\/\/lottemaa.ee\/en\/ticket-information\/"]}]},{"@type":"ImageObject","inLanguage":"en-US","@id":"https:\/\/lottemaa.ee\/en\/ticket-information\/#primaryimage","url":"https:\/\/lottemaa.ee\/wp-content\/uploads\/2025\/11\/lottemaa-programm.jpg","contentUrl":"https:\/\/lottemaa.ee\/wp-content\/uploads\/2025\/11\/lottemaa-programm.jpg","width":285,"height":297},{"@type":"BreadcrumbList","@id":"https:\/\/lottemaa.ee\/en\/ticket-information\/#breadcrumb","itemListElement":[{"@type":"ListItem","position":1,"name":"Home","item":"https:\/\/lottemaa.ee\/en\/"},{"@type":"ListItem","position":2,"name":"Ticket Information"}]},{"@type":"WebSite","@id":"https:\/\/lottemaa.ee\/#website","url":"https:\/\/lottemaa.ee\/","name":"Lottemaa Teemapark","description":"Baltimaade suurim ja k\u00f5ige \u00e4gedam kogupere teemapark Eestis P\u00e4rnumaal","publisher":{"@id":"https:\/\/lottemaa.ee\/#organization"},"potentialAction":[{"@type":"SearchAction","target":{"@type":"EntryPoint","urlTemplate":"https:\/\/lottemaa.ee\/?s={search_term_string}"},"query-input":{"@type":"PropertyValueSpecification","valueRequired":true,"valueName":"search_term_string"}}],"inLanguage":"en-US"},{"@type":"Organization","@id":"https:\/\/lottemaa.ee\/#organization","name":"Lottemaa Teemapark","url":"https:\/\/lottemaa.ee\/","logo":{"@type":"ImageObject","inLanguage":"en-US","@id":"https:\/\/lottemaa.ee\/#\/schema\/logo\/image\/","url":"https:\/\/lottemaa.ee\/wp-content\/uploads\/2018\/12\/Lottemaa_LOGO.png","contentUrl":"https:\/\/lottemaa.ee\/wp-content\/uploads\/2018\/12\/Lottemaa_LOGO.png","width":1024,"height":518,"caption":"Lottemaa Teemapark"},"image":{"@id":"https:\/\/lottemaa.ee\/#\/schema\/logo\/image\/"}}]}},"_links":{"self":[{"href":"https:\/\/lottemaa.ee\/en\/wp-json\/wp\/v2\/pages\/561","targetHints":{"allow":["GET"]}}],"collection":[{"href":"https:\/\/lottemaa.ee\/en\/wp-json\/wp\/v2\/pages"}],"about":[{"href":"https:\/\/lottemaa.ee\/en\/wp-json\/wp\/v2\/types\/page"}],"author":[{"embeddable":true,"href":"https:\/\/lottemaa.ee\/en\/wp-json\/wp\/v2\/users\/1"}],"replies":[{"embeddable":true,"href":"https:\/\/lottemaa.ee\/en\/wp-json\/wp\/v2\/comments?post=561"}],"version-history":[{"count":5,"href":"https:\/\/lottemaa.ee\/en\/wp-json\/wp\/v2\/pages\/561\/revisions"}],"predecessor-version":[{"id":32627,"href":"https:\/\/lottemaa.ee\/en\/wp-json\/wp\/v2\/pages\/561\/revisions\/32627"}],"wp:featuredmedia":[{"embeddable":true,"href":"https:\/\/lottemaa.ee\/en\/wp-json\/wp\/v2\/media\/32224"}],"wp:attachment":[{"href":"https:\/\/lottemaa.ee\/en\/wp-json\/wp\/v2\/media?parent=561"}],"curies":[{"name":"wp","href":"https:\/\/api.w.org\/{rel}","templated":true}]}}