{"id":32181,"date":"2025-11-25T16:01:30","date_gmt":"2025-11-25T14:01:30","guid":{"rendered":"https:\/\/lottemaa.ee\/?page_id=32181"},"modified":"2026-04-22T16:03:01","modified_gmt":"2026-04-22T13:03:01","slug":"club-one-special-offer","status":"publish","type":"page","link":"https:\/\/lottemaa.ee\/en\/special-offers\/club-one-special-offer\/","title":{"rendered":"CLUB ONE special offer"},"content":{"rendered":"<p style=\"text-align: left;\"><img loading=\"lazy\" decoding=\"async\" class=\"alignright size-medium wp-image-30511\" src=\"https:\/\/lottemaa.ee\/wp-content\/uploads\/2025\/06\/ClubOne_soodus_joul2021_1080x1080_eng-300x300.jpg\" alt=\"\" width=\"300\" height=\"300\" srcset=\"https:\/\/lottemaa.ee\/wp-content\/uploads\/2025\/06\/ClubOne_soodus_joul2021_1080x1080_eng-300x300.jpg 300w, https:\/\/lottemaa.ee\/wp-content\/uploads\/2025\/06\/ClubOne_soodus_joul2021_1080x1080_eng-1024x1024.jpg 1024w, https:\/\/lottemaa.ee\/wp-content\/uploads\/2025\/06\/ClubOne_soodus_joul2021_1080x1080_eng-150x150.jpg 150w, https:\/\/lottemaa.ee\/wp-content\/uploads\/2025\/06\/ClubOne_soodus_joul2021_1080x1080_eng-768x768.jpg 768w, https:\/\/lottemaa.ee\/wp-content\/uploads\/2025\/06\/ClubOne_soodus_joul2021_1080x1080_eng-114x114.jpg 114w, https:\/\/lottemaa.ee\/wp-content\/uploads\/2025\/06\/ClubOne_soodus_joul2021_1080x1080_eng.jpg 1080w\" sizes=\"auto, (max-width: 300px) 100vw, 300px\" \/>Special offer for the <a href=\"https:\/\/clubone.tallink.com\/\"><strong>Tallink CLUB ONE<\/strong><\/a> club member:<\/p>\n<p style=\"text-align: left;\"><strong>Lotte Village <\/strong>ticket <strong>23 \u20ac\/p.p<\/strong><br \/>\nRegular price 28 \u20ac\/p.p<\/p>\n<h3 style=\"text-align: left;\"><span style=\"color: #ff0000;\">OFFER IS VALID:<\/span><\/h3>\n<p style=\"text-align: left;\">for purchasing ticket from Lottemaa <span style=\"color: #0000ff;\"><strong>TICKET OFFICES<\/strong><\/span> from <b><span style=\"color: #000000;\">13.-26.06.2026<\/span><\/b><span style=\"color: #000000;\"> and<\/span><b><span style=\"color: #000000;\"> 17.-30.08.2026<\/span><\/b>with<span style=\"color: #000000;\"><strong> CLUB ONE<\/strong><\/span> app and extends to the cardholder&#8217;s family. Purchased tickets are valid for use on the same day of purchase.<br \/>\nfor purchasing tickets from the Lottemaa <span style=\"color: #ff0000;\"><strong>WEBSITE<\/strong><\/span> from <span style=\"color: #000000;\"><b>13.-26.06.2026<\/b> <\/span>and<b><span style=\"color: #000000;\"> 17.-30.08.2026<\/span> <\/b>with the discount code <span style=\"color: #000000;\"><strong>clubone2026<\/strong>.<\/span> Be prepared to show your <span style=\"color: #000000;\"><strong>CLUB ONE<\/strong> <\/span>club card at the ticket control.<\/p>\n<h3 style=\"text-align: left;\"><span style=\"color: #0000ff;\">PLEASE NOTE!<\/span><\/h3>\n<p style=\"text-align: left;\">Purchased tickets are valid for use during the opening hours of Lottemaa on<span style=\"color: #000000;\"> <strong>13.-26.06.2026<\/strong> <\/span>and<strong><span style=\"color: #000000;\">17.-30.08.2026.<\/span><\/strong><\/p>\n","protected":false},"excerpt":{"rendered":"<p>Special offer for the Tallink CLUB ONE club member: Lotte Village ticket 23 \u20ac\/p.p Regular price 28 \u20ac\/p.p OFFER IS VALID: for purchasing ticket from Lottemaa TICKET OFFICES from 13.-26.06.2026 and 17.-30.08.2026with CLUB ONE app and extends to the cardholder&#8217;s family. Purchased tickets are valid for use on the same day of purchase. for purchasing &hellip; <a href=\"https:\/\/lottemaa.ee\/en\/special-offers\/club-one-special-offer\/\">Continued<\/a><\/p>\n","protected":false},"author":7,"featured_media":29250,"parent":954,"menu_order":763,"comment_status":"closed","ping_status":"closed","template":"","meta":{"_acf_changed":false,"om_disable_all_campaigns":false,"_uf_show_specific_survey":0,"_uf_disable_surveys":false,"footnotes":""},"class_list":["post-32181","page","type-page","status-publish","has-post-thumbnail","hentry"],"acf":[],"yoast_head":"<!-- This site is optimized with the Yoast SEO plugin v25.5 - https:\/\/yoast.com\/wordpress\/plugins\/seo\/ -->\n<title>CLUB ONE special offer | Lottemaa Teemapark<\/title>\n<meta name=\"description\" content=\"Special offer for the Tallink CLUB ONE club member:Lotte Village ticket 23 \u20ac\/p.p. Regular price 28 \u20ac\/p.p \u20ac\" \/>\n<meta name=\"robots\" content=\"index, follow, max-snippet:-1, max-image-preview:large, max-video-preview:-1\" \/>\n<link rel=\"canonical\" href=\"https:\/\/lottemaa.ee\/en\/special-offers\/club-one-special-offer\/\" \/>\n<meta property=\"og:locale\" content=\"en_US\" \/>\n<meta property=\"og:type\" content=\"article\" \/>\n<meta property=\"og:title\" content=\"CLUB ONE special offer | Lottemaa Teemapark\" \/>\n<meta property=\"og:description\" content=\"Special offer for the Tallink CLUB ONE club member:Lotte Village ticket 23 \u20ac\/p.p. Regular price 28 \u20ac\/p.p \u20ac\" \/>\n<meta property=\"og:url\" content=\"https:\/\/lottemaa.ee\/en\/special-offers\/club-one-special-offer\/\" \/>\n<meta property=\"og:site_name\" content=\"Lottemaa Teemapark\" \/>\n<meta property=\"article:modified_time\" content=\"2026-04-22T13:03:01+00:00\" \/>\n<meta property=\"og:image\" content=\"https:\/\/lottemaa.ee\/wp-content\/uploads\/2024\/11\/ClubOne_soodus_1080x1080_tyhi.jpg\" \/>\n\t<meta property=\"og:image:width\" content=\"1080\" \/>\n\t<meta property=\"og:image:height\" content=\"1080\" \/>\n\t<meta property=\"og:image:type\" content=\"image\/jpeg\" \/>\n<meta name=\"twitter:card\" content=\"summary_large_image\" \/>\n<meta name=\"twitter:label1\" content=\"Est. reading time\" \/>\n\t<meta name=\"twitter:data1\" content=\"1 minute\" \/>\n<script type=\"application\/ld+json\" class=\"yoast-schema-graph\">{\"@context\":\"https:\/\/schema.org\",\"@graph\":[{\"@type\":\"WebPage\",\"@id\":\"https:\/\/lottemaa.ee\/en\/special-offers\/club-one-special-offer\/\",\"url\":\"https:\/\/lottemaa.ee\/en\/special-offers\/club-one-special-offer\/\",\"name\":\"CLUB ONE special offer | Lottemaa Teemapark\",\"isPartOf\":{\"@id\":\"https:\/\/lottemaa.ee\/#website\"},\"primaryImageOfPage\":{\"@id\":\"https:\/\/lottemaa.ee\/en\/special-offers\/club-one-special-offer\/#primaryimage\"},\"image\":{\"@id\":\"https:\/\/lottemaa.ee\/en\/special-offers\/club-one-special-offer\/#primaryimage\"},\"thumbnailUrl\":\"https:\/\/lottemaa.ee\/wp-content\/uploads\/2024\/11\/ClubOne_soodus_1080x1080_tyhi.jpg\",\"datePublished\":\"2025-11-25T14:01:30+00:00\",\"dateModified\":\"2026-04-22T13:03:01+00:00\",\"description\":\"Special offer for the Tallink CLUB ONE club member:Lotte Village ticket 23 \u20ac\/p.p. Regular price 28 \u20ac\/p.p \u20ac\",\"breadcrumb\":{\"@id\":\"https:\/\/lottemaa.ee\/en\/special-offers\/club-one-special-offer\/#breadcrumb\"},\"inLanguage\":\"en-US\",\"potentialAction\":[{\"@type\":\"ReadAction\",\"target\":[\"https:\/\/lottemaa.ee\/en\/special-offers\/club-one-special-offer\/\"]}]},{\"@type\":\"ImageObject\",\"inLanguage\":\"en-US\",\"@id\":\"https:\/\/lottemaa.ee\/en\/special-offers\/club-one-special-offer\/#primaryimage\",\"url\":\"https:\/\/lottemaa.ee\/wp-content\/uploads\/2024\/11\/ClubOne_soodus_1080x1080_tyhi.jpg\",\"contentUrl\":\"https:\/\/lottemaa.ee\/wp-content\/uploads\/2024\/11\/ClubOne_soodus_1080x1080_tyhi.jpg\",\"width\":1080,\"height\":1080},{\"@type\":\"BreadcrumbList\",\"@id\":\"https:\/\/lottemaa.ee\/en\/special-offers\/club-one-special-offer\/#breadcrumb\",\"itemListElement\":[{\"@type\":\"ListItem\",\"position\":1,\"name\":\"Home\",\"item\":\"https:\/\/lottemaa.ee\/en\/\"},{\"@type\":\"ListItem\",\"position\":2,\"name\":\"Special offers\",\"item\":\"https:\/\/lottemaa.ee\/en\/special-offers\/\"},{\"@type\":\"ListItem\",\"position\":3,\"name\":\"CLUB ONE special offer\"}]},{\"@type\":\"WebSite\",\"@id\":\"https:\/\/lottemaa.ee\/#website\",\"url\":\"https:\/\/lottemaa.ee\/\",\"name\":\"Lottemaa Teemapark\",\"description\":\"Baltimaade suurim ja k\u00f5ige \u00e4gedam kogupere teemapark Eestis P\u00e4rnumaal\",\"publisher\":{\"@id\":\"https:\/\/lottemaa.ee\/#organization\"},\"potentialAction\":[{\"@type\":\"SearchAction\",\"target\":{\"@type\":\"EntryPoint\",\"urlTemplate\":\"https:\/\/lottemaa.ee\/?s={search_term_string}\"},\"query-input\":{\"@type\":\"PropertyValueSpecification\",\"valueRequired\":true,\"valueName\":\"search_term_string\"}}],\"inLanguage\":\"en-US\"},{\"@type\":\"Organization\",\"@id\":\"https:\/\/lottemaa.ee\/#organization\",\"name\":\"Lottemaa Teemapark\",\"url\":\"https:\/\/lottemaa.ee\/\",\"logo\":{\"@type\":\"ImageObject\",\"inLanguage\":\"en-US\",\"@id\":\"https:\/\/lottemaa.ee\/#\/schema\/logo\/image\/\",\"url\":\"https:\/\/lottemaa.ee\/wp-content\/uploads\/2018\/12\/Lottemaa_LOGO.png\",\"contentUrl\":\"https:\/\/lottemaa.ee\/wp-content\/uploads\/2018\/12\/Lottemaa_LOGO.png\",\"width\":1024,\"height\":518,\"caption\":\"Lottemaa Teemapark\"},\"image\":{\"@id\":\"https:\/\/lottemaa.ee\/#\/schema\/logo\/image\/\"}}]}<\/script>\n<!-- \/ Yoast SEO plugin. -->","yoast_head_json":{"title":"CLUB ONE special offer | Lottemaa Teemapark","description":"Special offer for the Tallink CLUB ONE club member:Lotte Village ticket 23 \u20ac\/p.p. Regular price 28 \u20ac\/p.p \u20ac","robots":{"index":"index","follow":"follow","max-snippet":"max-snippet:-1","max-image-preview":"max-image-preview:large","max-video-preview":"max-video-preview:-1"},"canonical":"https:\/\/lottemaa.ee\/en\/special-offers\/club-one-special-offer\/","og_locale":"en_US","og_type":"article","og_title":"CLUB ONE special offer | Lottemaa Teemapark","og_description":"Special offer for the Tallink CLUB ONE club member:Lotte Village ticket 23 \u20ac\/p.p. Regular price 28 \u20ac\/p.p \u20ac","og_url":"https:\/\/lottemaa.ee\/en\/special-offers\/club-one-special-offer\/","og_site_name":"Lottemaa Teemapark","article_modified_time":"2026-04-22T13:03:01+00:00","og_image":[{"width":1080,"height":1080,"url":"https:\/\/lottemaa.ee\/wp-content\/uploads\/2024\/11\/ClubOne_soodus_1080x1080_tyhi.jpg","type":"image\/jpeg"}],"twitter_card":"summary_large_image","twitter_misc":{"Est. reading time":"1 minute"},"schema":{"@context":"https:\/\/schema.org","@graph":[{"@type":"WebPage","@id":"https:\/\/lottemaa.ee\/en\/special-offers\/club-one-special-offer\/","url":"https:\/\/lottemaa.ee\/en\/special-offers\/club-one-special-offer\/","name":"CLUB ONE special offer | Lottemaa Teemapark","isPartOf":{"@id":"https:\/\/lottemaa.ee\/#website"},"primaryImageOfPage":{"@id":"https:\/\/lottemaa.ee\/en\/special-offers\/club-one-special-offer\/#primaryimage"},"image":{"@id":"https:\/\/lottemaa.ee\/en\/special-offers\/club-one-special-offer\/#primaryimage"},"thumbnailUrl":"https:\/\/lottemaa.ee\/wp-content\/uploads\/2024\/11\/ClubOne_soodus_1080x1080_tyhi.jpg","datePublished":"2025-11-25T14:01:30+00:00","dateModified":"2026-04-22T13:03:01+00:00","description":"Special offer for the Tallink CLUB ONE club member:Lotte Village ticket 23 \u20ac\/p.p. Regular price 28 \u20ac\/p.p \u20ac","breadcrumb":{"@id":"https:\/\/lottemaa.ee\/en\/special-offers\/club-one-special-offer\/#breadcrumb"},"inLanguage":"en-US","potentialAction":[{"@type":"ReadAction","target":["https:\/\/lottemaa.ee\/en\/special-offers\/club-one-special-offer\/"]}]},{"@type":"ImageObject","inLanguage":"en-US","@id":"https:\/\/lottemaa.ee\/en\/special-offers\/club-one-special-offer\/#primaryimage","url":"https:\/\/lottemaa.ee\/wp-content\/uploads\/2024\/11\/ClubOne_soodus_1080x1080_tyhi.jpg","contentUrl":"https:\/\/lottemaa.ee\/wp-content\/uploads\/2024\/11\/ClubOne_soodus_1080x1080_tyhi.jpg","width":1080,"height":1080},{"@type":"BreadcrumbList","@id":"https:\/\/lottemaa.ee\/en\/special-offers\/club-one-special-offer\/#breadcrumb","itemListElement":[{"@type":"ListItem","position":1,"name":"Home","item":"https:\/\/lottemaa.ee\/en\/"},{"@type":"ListItem","position":2,"name":"Special offers","item":"https:\/\/lottemaa.ee\/en\/special-offers\/"},{"@type":"ListItem","position":3,"name":"CLUB ONE special offer"}]},{"@type":"WebSite","@id":"https:\/\/lottemaa.ee\/#website","url":"https:\/\/lottemaa.ee\/","name":"Lottemaa Teemapark","description":"Baltimaade suurim ja k\u00f5ige \u00e4gedam kogupere teemapark Eestis P\u00e4rnumaal","publisher":{"@id":"https:\/\/lottemaa.ee\/#organization"},"potentialAction":[{"@type":"SearchAction","target":{"@type":"EntryPoint","urlTemplate":"https:\/\/lottemaa.ee\/?s={search_term_string}"},"query-input":{"@type":"PropertyValueSpecification","valueRequired":true,"valueName":"search_term_string"}}],"inLanguage":"en-US"},{"@type":"Organization","@id":"https:\/\/lottemaa.ee\/#organization","name":"Lottemaa Teemapark","url":"https:\/\/lottemaa.ee\/","logo":{"@type":"ImageObject","inLanguage":"en-US","@id":"https:\/\/lottemaa.ee\/#\/schema\/logo\/image\/","url":"https:\/\/lottemaa.ee\/wp-content\/uploads\/2018\/12\/Lottemaa_LOGO.png","contentUrl":"https:\/\/lottemaa.ee\/wp-content\/uploads\/2018\/12\/Lottemaa_LOGO.png","width":1024,"height":518,"caption":"Lottemaa Teemapark"},"image":{"@id":"https:\/\/lottemaa.ee\/#\/schema\/logo\/image\/"}}]}},"_links":{"self":[{"href":"https:\/\/lottemaa.ee\/en\/wp-json\/wp\/v2\/pages\/32181","targetHints":{"allow":["GET"]}}],"collection":[{"href":"https:\/\/lottemaa.ee\/en\/wp-json\/wp\/v2\/pages"}],"about":[{"href":"https:\/\/lottemaa.ee\/en\/wp-json\/wp\/v2\/types\/page"}],"author":[{"embeddable":true,"href":"https:\/\/lottemaa.ee\/en\/wp-json\/wp\/v2\/users\/7"}],"replies":[{"embeddable":true,"href":"https:\/\/lottemaa.ee\/en\/wp-json\/wp\/v2\/comments?post=32181"}],"version-history":[{"count":5,"href":"https:\/\/lottemaa.ee\/en\/wp-json\/wp\/v2\/pages\/32181\/revisions"}],"predecessor-version":[{"id":33250,"href":"https:\/\/lottemaa.ee\/en\/wp-json\/wp\/v2\/pages\/32181\/revisions\/33250"}],"up":[{"embeddable":true,"href":"https:\/\/lottemaa.ee\/en\/wp-json\/wp\/v2\/pages\/954"}],"wp:featuredmedia":[{"embeddable":true,"href":"https:\/\/lottemaa.ee\/en\/wp-json\/wp\/v2\/media\/29250"}],"wp:attachment":[{"href":"https:\/\/lottemaa.ee\/en\/wp-json\/wp\/v2\/media?parent=32181"}],"curies":[{"name":"wp","href":"https:\/\/api.w.org\/{rel}","templated":true}]}}