{"id":27925,"date":"2024-08-08T13:42:15","date_gmt":"2024-08-08T10:42:15","guid":{"rendered":"https:\/\/lottemaa.ee\/?page_id=27925"},"modified":"2024-09-26T14:09:07","modified_gmt":"2024-09-26T11:09:07","slug":"lotte-films","status":"publish","type":"page","link":"https:\/\/lottemaa.ee\/en\/about-us\/lotte-films\/","title":{"rendered":"Lotte films"},"content":{"rendered":"<h3 style=\"text-align: left;\"><span style=\"color: #ff0000;\"><img loading=\"lazy\" decoding=\"async\" class=\"wp-image-19457 alignright\" src=\"https:\/\/lottemaa.ee\/wp-content\/uploads\/2023\/01\/raamatud_kodukale_287x255_3.jpg\" alt=\"\" width=\"243\" height=\"216\" srcset=\"https:\/\/lottemaa.ee\/wp-content\/uploads\/2023\/01\/raamatud_kodukale_287x255_3.jpg 287w, https:\/\/lottemaa.ee\/wp-content\/uploads\/2023\/01\/raamatud_kodukale_287x255_3-285x255.jpg 285w, https:\/\/lottemaa.ee\/wp-content\/uploads\/2023\/01\/raamatud_kodukale_287x255_3-114x101.jpg 114w\" sizes=\"auto, (max-width: 243px) 100vw, 243px\" \/>LOTTE AND THE LOST DRAGONS<br \/>\n<\/span><\/h3>\n<p style=\"text-align: left;\">In this third film of the series of Lotte films that children know and love, the spirited girl dog Lotte gets a little sister named Roosi. Karl the raccoon and Viktor the fish are scientists who come to Gadgetville. They are taking part in a big folk song collecting competition. Whoever succeeds in recording the folk song of the world\u2019s oldest animal species, the mythical fire-breathing dragon, wins the competition\u2019s grand prize. Lotte and Roosi decide to help the scientists. Exciting and unexpected adventures await the sisters.<\/p>\n<p style=\"text-align: left;\">Audio: Estonian<br \/>\nSubtitles: Estonian, English, French, Russian<br \/>\nRunning time: 78 min<\/p>\n<hr \/>\n<h3 class=\"entry-title\" style=\"text-align: left;\"><span style=\"color: #333399;\"><img loading=\"lazy\" decoding=\"async\" class=\"alignright wp-image-19452\" src=\"https:\/\/lottemaa.ee\/wp-content\/uploads\/2023\/01\/raamatud_kodukale_287x255_2.jpg\" alt=\"\" width=\"243\" height=\"216\" srcset=\"https:\/\/lottemaa.ee\/wp-content\/uploads\/2023\/01\/raamatud_kodukale_287x255_2.jpg 287w, https:\/\/lottemaa.ee\/wp-content\/uploads\/2023\/01\/raamatud_kodukale_287x255_2-285x255.jpg 285w, https:\/\/lottemaa.ee\/wp-content\/uploads\/2023\/01\/raamatud_kodukale_287x255_2-114x101.jpg 114w\" sizes=\"auto, (max-width: 243px) 100vw, 243px\" \/>LOTTE AND THE MOONSTONE SECRET<br \/>\n<\/span><\/h3>\n<p style=\"text-align: left;\">One night something unexpected happens in Gadgetville \u2013 two mysterious strangers slip into the village and try to steal from Klaus a stone that he had brought back from a trip to the mountains. Klaus and Lotte want to get to the bottom of the matter and decide to visit Klaus\u2019s travel companions who have the two remaining stones. It turns out that there are others who desire the stones as well. Exciting and hilarious adventures abound until the end of the film.<\/p>\n<p style=\"text-align: left;\">Audio: Estonian<br \/>\nSubtitles: Estonian, English, French, Russian<br \/>\nRunning time: 73 min<\/p>\n<p>&nbsp;<\/p>\n<hr \/>\n<h3 class=\"entry-title\" style=\"text-align: left;\"><span style=\"color: #ff0000;\"><img loading=\"lazy\" decoding=\"async\" class=\"alignright wp-image-19448\" src=\"https:\/\/lottemaa.ee\/wp-content\/uploads\/2023\/01\/raamatud_kodukale_287x255_1-1.jpg\" alt=\"\" width=\"243\" height=\"216\" srcset=\"https:\/\/lottemaa.ee\/wp-content\/uploads\/2023\/01\/raamatud_kodukale_287x255_1-1.jpg 287w, https:\/\/lottemaa.ee\/wp-content\/uploads\/2023\/01\/raamatud_kodukale_287x255_1-1-285x255.jpg 285w, https:\/\/lottemaa.ee\/wp-content\/uploads\/2023\/01\/raamatud_kodukale_287x255_1-1-114x101.jpg 114w\" sizes=\"auto, (max-width: 243px) 100vw, 243px\" \/>LOTTE FROM GADGETVILLE<br \/>\n<\/span><\/h3>\n<p style=\"text-align: left;\">The main character in the film, the puppy girl Lotte, lives together with her friends Bruno the kitten and Albert the leveret in Gadgetville on the shores of a large sea. Every year the villagers organize a new inventions competition. One of the most famous inventors in the village is Lotte\u2019s father, Oskar. Oskar\u2019s main rival is Adalbert the hare. On the eve of the next inventions competition Lotte and Bruno find a soaked book in the sea. Susumu the bee, a gardener and judo trainer all the way from Japan, climbs out from between the pages.<\/p>\n<p style=\"text-align: left;\">Audio: Estonian<br \/>\nSubtitles: Estonian, English, French, Russian<br \/>\nRunning time: 78 min<\/p>\n<hr \/>\n<h3 class=\"entry-title\" style=\"text-align: left;\"><span style=\"color: #333399;\"><img loading=\"lazy\" decoding=\"async\" class=\"alignright wp-image-19487\" src=\"https:\/\/lottemaa.ee\/wp-content\/uploads\/2023\/01\/raamatud_kodukale_287x255_9.jpg\" alt=\"\" width=\"243\" height=\"216\" srcset=\"https:\/\/lottemaa.ee\/wp-content\/uploads\/2023\/01\/raamatud_kodukale_287x255_9.jpg 287w, https:\/\/lottemaa.ee\/wp-content\/uploads\/2023\/01\/raamatud_kodukale_287x255_9-285x255.jpg 285w, https:\/\/lottemaa.ee\/wp-content\/uploads\/2023\/01\/raamatud_kodukale_287x255_9-114x101.jpg 114w\" sizes=\"auto, (max-width: 243px) 100vw, 243px\" \/>LOTTE JOURNEY SOUTH<br \/>\n<\/span><\/h3>\n<p style=\"text-align: left;\">Little baby bird Pippo falls behind his flock on their way south for the winter and lands in the chimney of little girl dog Lotte.\u00a0 Lotte decides that Pippo must be taken south to be reunited with his flock.\u00a0 Lotte\u2019s father, Oskar the inventor, has just finished building a flying machine.\u00a0 Oskar\u2019s friend, the old traveler dog Klaus, is invited along on the trip.\u00a0 The exciting journey south begins.\u00a0 New adventures and encounters await our travelers in each episode of the serial.\u00a0 Many of these new acquaintances have run into difficulties and the travelers help them.<\/p>\n<p style=\"text-align: left;\">Audio: Estonian, English, Russian<br \/>\nSubtitles: Estonian, English, Russian<br \/>\nRunning time: 78 min<\/p>\n","protected":false},"excerpt":{"rendered":"<p>LOTTE AND THE LOST DRAGONS In this third film of the series of Lotte films that children know and love, the spirited girl dog Lotte gets a little sister named Roosi. Karl the raccoon and Viktor the fish are scientists who come to Gadgetville. They are taking part in a big folk song collecting competition. &hellip; <a href=\"https:\/\/lottemaa.ee\/en\/about-us\/lotte-films\/\">Continued<\/a><\/p>\n","protected":false},"author":11,"featured_media":12308,"parent":595,"menu_order":57,"comment_status":"closed","ping_status":"closed","template":"","meta":{"_acf_changed":false,"om_disable_all_campaigns":false,"_uf_show_specific_survey":0,"_uf_disable_surveys":false,"footnotes":""},"class_list":["post-27925","page","type-page","status-publish","has-post-thumbnail","hentry"],"acf":[],"yoast_head":"<!-- This site is optimized with the Yoast SEO plugin v25.5 - https:\/\/yoast.com\/wordpress\/plugins\/seo\/ -->\n<title>Lotte films | Lottemaa Teemapark<\/title>\n<meta name=\"robots\" content=\"index, follow, max-snippet:-1, max-image-preview:large, max-video-preview:-1\" \/>\n<link rel=\"canonical\" href=\"https:\/\/lottemaa.ee\/en\/about-us\/lotte-films\/\" \/>\n<meta property=\"og:locale\" content=\"en_US\" \/>\n<meta property=\"og:type\" content=\"article\" \/>\n<meta property=\"og:title\" content=\"Lotte films | Lottemaa Teemapark\" \/>\n<meta property=\"og:description\" content=\"LOTTE AND THE LOST DRAGONS In this third film of the series of Lotte films that children know and love, the spirited girl dog Lotte gets a little sister named Roosi. Karl the raccoon and Viktor the fish are scientists who come to Gadgetville. They are taking part in a big folk song collecting competition. &hellip; Continued\" \/>\n<meta property=\"og:url\" content=\"https:\/\/lottemaa.ee\/en\/about-us\/lotte-films\/\" \/>\n<meta property=\"og:site_name\" content=\"Lottemaa Teemapark\" \/>\n<meta property=\"article:modified_time\" content=\"2024-09-26T11:09:07+00:00\" \/>\n<meta property=\"og:image\" content=\"https:\/\/lottemaa.ee\/wp-content\/uploads\/2022\/01\/filmiriiul_285x296.jpg\" \/>\n\t<meta property=\"og:image:width\" content=\"296\" \/>\n\t<meta property=\"og:image:height\" content=\"285\" \/>\n\t<meta property=\"og:image:type\" content=\"image\/jpeg\" \/>\n<meta name=\"twitter:card\" content=\"summary_large_image\" \/>\n<meta name=\"twitter:label1\" content=\"Est. reading time\" \/>\n\t<meta name=\"twitter:data1\" content=\"4 minutes\" \/>\n<script type=\"application\/ld+json\" class=\"yoast-schema-graph\">{\"@context\":\"https:\/\/schema.org\",\"@graph\":[{\"@type\":\"WebPage\",\"@id\":\"https:\/\/lottemaa.ee\/en\/about-us\/lotte-films\/\",\"url\":\"https:\/\/lottemaa.ee\/en\/about-us\/lotte-films\/\",\"name\":\"Lotte films | Lottemaa Teemapark\",\"isPartOf\":{\"@id\":\"https:\/\/lottemaa.ee\/#website\"},\"primaryImageOfPage\":{\"@id\":\"https:\/\/lottemaa.ee\/en\/about-us\/lotte-films\/#primaryimage\"},\"image\":{\"@id\":\"https:\/\/lottemaa.ee\/en\/about-us\/lotte-films\/#primaryimage\"},\"thumbnailUrl\":\"https:\/\/lottemaa.ee\/wp-content\/uploads\/2022\/01\/filmiriiul_285x296.jpg\",\"datePublished\":\"2024-08-08T10:42:15+00:00\",\"dateModified\":\"2024-09-26T11:09:07+00:00\",\"breadcrumb\":{\"@id\":\"https:\/\/lottemaa.ee\/en\/about-us\/lotte-films\/#breadcrumb\"},\"inLanguage\":\"en-US\",\"potentialAction\":[{\"@type\":\"ReadAction\",\"target\":[\"https:\/\/lottemaa.ee\/en\/about-us\/lotte-films\/\"]}]},{\"@type\":\"ImageObject\",\"inLanguage\":\"en-US\",\"@id\":\"https:\/\/lottemaa.ee\/en\/about-us\/lotte-films\/#primaryimage\",\"url\":\"https:\/\/lottemaa.ee\/wp-content\/uploads\/2022\/01\/filmiriiul_285x296.jpg\",\"contentUrl\":\"https:\/\/lottemaa.ee\/wp-content\/uploads\/2022\/01\/filmiriiul_285x296.jpg\",\"width\":296,\"height\":285},{\"@type\":\"BreadcrumbList\",\"@id\":\"https:\/\/lottemaa.ee\/en\/about-us\/lotte-films\/#breadcrumb\",\"itemListElement\":[{\"@type\":\"ListItem\",\"position\":1,\"name\":\"Home\",\"item\":\"https:\/\/lottemaa.ee\/en\/\"},{\"@type\":\"ListItem\",\"position\":2,\"name\":\"About Us\",\"item\":\"https:\/\/lottemaa.ee\/en\/about-us\/\"},{\"@type\":\"ListItem\",\"position\":3,\"name\":\"Lotte films\"}]},{\"@type\":\"WebSite\",\"@id\":\"https:\/\/lottemaa.ee\/#website\",\"url\":\"https:\/\/lottemaa.ee\/\",\"name\":\"Lottemaa Teemapark\",\"description\":\"Baltimaade suurim ja k\u00f5ige \u00e4gedam kogupere teemapark Eestis P\u00e4rnumaal\",\"publisher\":{\"@id\":\"https:\/\/lottemaa.ee\/#organization\"},\"potentialAction\":[{\"@type\":\"SearchAction\",\"target\":{\"@type\":\"EntryPoint\",\"urlTemplate\":\"https:\/\/lottemaa.ee\/?s={search_term_string}\"},\"query-input\":{\"@type\":\"PropertyValueSpecification\",\"valueRequired\":true,\"valueName\":\"search_term_string\"}}],\"inLanguage\":\"en-US\"},{\"@type\":\"Organization\",\"@id\":\"https:\/\/lottemaa.ee\/#organization\",\"name\":\"Lottemaa Teemapark\",\"url\":\"https:\/\/lottemaa.ee\/\",\"logo\":{\"@type\":\"ImageObject\",\"inLanguage\":\"en-US\",\"@id\":\"https:\/\/lottemaa.ee\/#\/schema\/logo\/image\/\",\"url\":\"https:\/\/lottemaa.ee\/wp-content\/uploads\/2018\/12\/Lottemaa_LOGO.png\",\"contentUrl\":\"https:\/\/lottemaa.ee\/wp-content\/uploads\/2018\/12\/Lottemaa_LOGO.png\",\"width\":1024,\"height\":518,\"caption\":\"Lottemaa Teemapark\"},\"image\":{\"@id\":\"https:\/\/lottemaa.ee\/#\/schema\/logo\/image\/\"}}]}<\/script>\n<!-- \/ Yoast SEO plugin. -->","yoast_head_json":{"title":"Lotte films | Lottemaa Teemapark","robots":{"index":"index","follow":"follow","max-snippet":"max-snippet:-1","max-image-preview":"max-image-preview:large","max-video-preview":"max-video-preview:-1"},"canonical":"https:\/\/lottemaa.ee\/en\/about-us\/lotte-films\/","og_locale":"en_US","og_type":"article","og_title":"Lotte films | Lottemaa Teemapark","og_description":"LOTTE AND THE LOST DRAGONS In this third film of the series of Lotte films that children know and love, the spirited girl dog Lotte gets a little sister named Roosi. Karl the raccoon and Viktor the fish are scientists who come to Gadgetville. They are taking part in a big folk song collecting competition. &hellip; Continued","og_url":"https:\/\/lottemaa.ee\/en\/about-us\/lotte-films\/","og_site_name":"Lottemaa Teemapark","article_modified_time":"2024-09-26T11:09:07+00:00","og_image":[{"width":296,"height":285,"url":"https:\/\/lottemaa.ee\/wp-content\/uploads\/2022\/01\/filmiriiul_285x296.jpg","type":"image\/jpeg"}],"twitter_card":"summary_large_image","twitter_misc":{"Est. reading time":"4 minutes"},"schema":{"@context":"https:\/\/schema.org","@graph":[{"@type":"WebPage","@id":"https:\/\/lottemaa.ee\/en\/about-us\/lotte-films\/","url":"https:\/\/lottemaa.ee\/en\/about-us\/lotte-films\/","name":"Lotte films | Lottemaa Teemapark","isPartOf":{"@id":"https:\/\/lottemaa.ee\/#website"},"primaryImageOfPage":{"@id":"https:\/\/lottemaa.ee\/en\/about-us\/lotte-films\/#primaryimage"},"image":{"@id":"https:\/\/lottemaa.ee\/en\/about-us\/lotte-films\/#primaryimage"},"thumbnailUrl":"https:\/\/lottemaa.ee\/wp-content\/uploads\/2022\/01\/filmiriiul_285x296.jpg","datePublished":"2024-08-08T10:42:15+00:00","dateModified":"2024-09-26T11:09:07+00:00","breadcrumb":{"@id":"https:\/\/lottemaa.ee\/en\/about-us\/lotte-films\/#breadcrumb"},"inLanguage":"en-US","potentialAction":[{"@type":"ReadAction","target":["https:\/\/lottemaa.ee\/en\/about-us\/lotte-films\/"]}]},{"@type":"ImageObject","inLanguage":"en-US","@id":"https:\/\/lottemaa.ee\/en\/about-us\/lotte-films\/#primaryimage","url":"https:\/\/lottemaa.ee\/wp-content\/uploads\/2022\/01\/filmiriiul_285x296.jpg","contentUrl":"https:\/\/lottemaa.ee\/wp-content\/uploads\/2022\/01\/filmiriiul_285x296.jpg","width":296,"height":285},{"@type":"BreadcrumbList","@id":"https:\/\/lottemaa.ee\/en\/about-us\/lotte-films\/#breadcrumb","itemListElement":[{"@type":"ListItem","position":1,"name":"Home","item":"https:\/\/lottemaa.ee\/en\/"},{"@type":"ListItem","position":2,"name":"About Us","item":"https:\/\/lottemaa.ee\/en\/about-us\/"},{"@type":"ListItem","position":3,"name":"Lotte films"}]},{"@type":"WebSite","@id":"https:\/\/lottemaa.ee\/#website","url":"https:\/\/lottemaa.ee\/","name":"Lottemaa Teemapark","description":"Baltimaade suurim ja k\u00f5ige \u00e4gedam kogupere teemapark Eestis P\u00e4rnumaal","publisher":{"@id":"https:\/\/lottemaa.ee\/#organization"},"potentialAction":[{"@type":"SearchAction","target":{"@type":"EntryPoint","urlTemplate":"https:\/\/lottemaa.ee\/?s={search_term_string}"},"query-input":{"@type":"PropertyValueSpecification","valueRequired":true,"valueName":"search_term_string"}}],"inLanguage":"en-US"},{"@type":"Organization","@id":"https:\/\/lottemaa.ee\/#organization","name":"Lottemaa Teemapark","url":"https:\/\/lottemaa.ee\/","logo":{"@type":"ImageObject","inLanguage":"en-US","@id":"https:\/\/lottemaa.ee\/#\/schema\/logo\/image\/","url":"https:\/\/lottemaa.ee\/wp-content\/uploads\/2018\/12\/Lottemaa_LOGO.png","contentUrl":"https:\/\/lottemaa.ee\/wp-content\/uploads\/2018\/12\/Lottemaa_LOGO.png","width":1024,"height":518,"caption":"Lottemaa Teemapark"},"image":{"@id":"https:\/\/lottemaa.ee\/#\/schema\/logo\/image\/"}}]}},"_links":{"self":[{"href":"https:\/\/lottemaa.ee\/en\/wp-json\/wp\/v2\/pages\/27925","targetHints":{"allow":["GET"]}}],"collection":[{"href":"https:\/\/lottemaa.ee\/en\/wp-json\/wp\/v2\/pages"}],"about":[{"href":"https:\/\/lottemaa.ee\/en\/wp-json\/wp\/v2\/types\/page"}],"author":[{"embeddable":true,"href":"https:\/\/lottemaa.ee\/en\/wp-json\/wp\/v2\/users\/11"}],"replies":[{"embeddable":true,"href":"https:\/\/lottemaa.ee\/en\/wp-json\/wp\/v2\/comments?post=27925"}],"version-history":[{"count":5,"href":"https:\/\/lottemaa.ee\/en\/wp-json\/wp\/v2\/pages\/27925\/revisions"}],"predecessor-version":[{"id":28609,"href":"https:\/\/lottemaa.ee\/en\/wp-json\/wp\/v2\/pages\/27925\/revisions\/28609"}],"up":[{"embeddable":true,"href":"https:\/\/lottemaa.ee\/en\/wp-json\/wp\/v2\/pages\/595"}],"wp:featuredmedia":[{"embeddable":true,"href":"https:\/\/lottemaa.ee\/en\/wp-json\/wp\/v2\/media\/12308"}],"wp:attachment":[{"href":"https:\/\/lottemaa.ee\/en\/wp-json\/wp\/v2\/media?parent=27925"}],"curies":[{"name":"wp","href":"https:\/\/api.w.org\/{rel}","templated":true}]}}