{"id":27915,"date":"2024-08-08T13:29:44","date_gmt":"2024-08-08T10:29:44","guid":{"rendered":"https:\/\/lottemaa.ee\/?page_id=27915"},"modified":"2024-09-25T16:59:23","modified_gmt":"2024-09-25T13:59:23","slug":"books","status":"publish","type":"page","link":"https:\/\/lottemaa.ee\/en\/about-us\/books\/","title":{"rendered":"Books"},"content":{"rendered":"<h3><span style=\"color: #333399;\"><img loading=\"lazy\" decoding=\"async\" class=\"alignleft wp-image-24224\" src=\"https:\/\/lottemaa.ee\/wp-content\/uploads\/2023\/11\/raamatud_kodukale_287x255_10-150x150.jpg\" alt=\"\" width=\"217\" height=\"193\" srcset=\"https:\/\/lottemaa.ee\/wp-content\/uploads\/2023\/11\/raamatud_kodukale_287x255_10-285x255.jpg 285w, https:\/\/lottemaa.ee\/wp-content\/uploads\/2023\/11\/raamatud_kodukale_287x255_10-114x101.jpg 114w, https:\/\/lottemaa.ee\/wp-content\/uploads\/2023\/11\/raamatud_kodukale_287x255_10.jpg 287w\" sizes=\"auto, (max-width: 217px) 100vw, 217px\" \/>WEDDING PARTY IN GADGETVILLE<br \/>\n<\/span><\/h3>\n<p style=\"text-align: left;\">Love can arrive in many ways: secretly, joyfully shouting or completely out of the blue. The latter is the most interesting, since all kinds of delightful adventures start happening with lots of fun. That definitely holds true for Gadgetville. All of this and a whole lot more will happen at Ave\u2019s and Mihkel\u2019s wedding party. It\u2019s the kind of events that you may not have seen in years!<\/p>\n<p>&nbsp;<\/p>\n<p>&nbsp;<\/p>\n<hr \/>\n<h3 style=\"text-align: left;\"><span style=\"color: #ff0000;\"><img loading=\"lazy\" decoding=\"async\" class=\"alignleft wp-image-19467\" src=\"https:\/\/lottemaa.ee\/wp-content\/uploads\/2023\/01\/raamatud_kodukale_287x255_5.jpg\" alt=\"\" width=\"217\" height=\"193\" srcset=\"https:\/\/lottemaa.ee\/wp-content\/uploads\/2023\/01\/raamatud_kodukale_287x255_5.jpg 287w, https:\/\/lottemaa.ee\/wp-content\/uploads\/2023\/01\/raamatud_kodukale_287x255_5-285x255.jpg 285w, https:\/\/lottemaa.ee\/wp-content\/uploads\/2023\/01\/raamatud_kodukale_287x255_5-114x101.jpg 114w\" sizes=\"auto, (max-width: 217px) 100vw, 217px\" \/>GADGETVILLE TALES<br \/>\n<\/span><\/h3>\n<p style=\"text-align: left;\">There\u2019s never a dull moment in Gadgetville.<br \/>\nLadybirds are building a hut on Lotte\u2019s head.<br \/>\nThe wooden ears of Otto the Rabbit suddenly start blossoming.<br \/>\nJuhan the Fly uses a rocket made from an empty cucumber barrel and flies to the far side of the Moon to bathe in a chocolate river there.<br \/>\nVisitors from far and wide, an Australian iron duck Pauliine and Fredy the Quail from Zanzibar, come to Gadgetville.<br \/>\nThere\u2019s nothing peculiar about it for villagers though: this is what daily life in Gadgetville looks like.<\/p>\n<p>&nbsp;<\/p>\n<hr \/>\n<h3 style=\"text-align: left;\"><span style=\"color: #333399;\"><img loading=\"lazy\" decoding=\"async\" class=\"alignleft wp-image-19472\" src=\"https:\/\/lottemaa.ee\/wp-content\/uploads\/2023\/01\/raamatud_kodukale_287x255_6.jpg\" alt=\"\" width=\"217\" height=\"193\" srcset=\"https:\/\/lottemaa.ee\/wp-content\/uploads\/2023\/01\/raamatud_kodukale_287x255_6.jpg 287w, https:\/\/lottemaa.ee\/wp-content\/uploads\/2023\/01\/raamatud_kodukale_287x255_6-285x255.jpg 285w, https:\/\/lottemaa.ee\/wp-content\/uploads\/2023\/01\/raamatud_kodukale_287x255_6-114x101.jpg 114w\" sizes=\"auto, (max-width: 217px) 100vw, 217px\" \/>CHRISTMAS AT GADGETVILLE<br \/>\n<\/span><\/h3>\n<p style=\"text-align: left;\">Gadgetville is covered in snow. Winter has arrived. But this doesn\u2019t mean hibernation, as the village is buzzing with life. The Christmas season is around the corner\u2026<br \/>\nDo you know how Christmas is celebrated in Gadgetville?<\/p>\n<p style=\"text-align: left;\">What kinds of preparations are made, what adventures and mishaps happen, how are gifts made and will Santa really visit the village?<\/p>\n<p>&nbsp;<\/p>\n<hr \/>\n<h3 style=\"text-align: left;\"><span style=\"color: #ff0000;\"><img loading=\"lazy\" decoding=\"async\" class=\"alignleft wp-image-19462\" src=\"https:\/\/lottemaa.ee\/wp-content\/uploads\/2023\/01\/raamatud_kodukale_287x255_4.jpg\" alt=\"\" width=\"217\" height=\"193\" srcset=\"https:\/\/lottemaa.ee\/wp-content\/uploads\/2023\/01\/raamatud_kodukale_287x255_4.jpg 287w, https:\/\/lottemaa.ee\/wp-content\/uploads\/2023\/01\/raamatud_kodukale_287x255_4-285x255.jpg 285w, https:\/\/lottemaa.ee\/wp-content\/uploads\/2023\/01\/raamatud_kodukale_287x255_4-114x101.jpg 114w\" sizes=\"auto, (max-width: 217px) 100vw, 217px\" \/>LOTTE FROM GADGETVILLE<br \/>\n<\/span><\/h3>\n<p style=\"text-align: left;\">Somewhere in Europe, next to a great sea, there is the village of Gadgetville, where inventing all kinds of useful gadgets for the home is highly valued. Every year, the villagers hold a competition of new inventions. One of the most famous inventors in the village is Oskar, father of the lively puppy girl Lotte. His main rival is Adalbert the hare, whose wife also participates in the competition wholeheartedly. Winning would be important for the family and would be a great honour for the entire hare clan. On the eve of another inventions competition, Lotte and her friend, Bruno the kitten find a sodden book in the sea. Susumu the Bee, a gardener from the far-away Japan, climbs out of the book.<br \/>\nSusumu teaches the villagers some judo moves before the competition and they eagerly begin using them to make their everyday lives easier. The villagers think that when it comes to household chores, judo may be even more helpful than complicated and stubborn machines.<\/p>\n<p>&nbsp;<\/p>\n<hr \/>\n<h3 style=\"text-align: left;\"><span style=\"color: #333399;\"><img loading=\"lazy\" decoding=\"async\" class=\"alignleft wp-image-19482\" src=\"https:\/\/lottemaa.ee\/wp-content\/uploads\/2023\/01\/raamatud_kodukale_287x255_8.jpg\" alt=\"\" width=\"217\" height=\"193\" srcset=\"https:\/\/lottemaa.ee\/wp-content\/uploads\/2023\/01\/raamatud_kodukale_287x255_8.jpg 287w, https:\/\/lottemaa.ee\/wp-content\/uploads\/2023\/01\/raamatud_kodukale_287x255_8-285x255.jpg 285w, https:\/\/lottemaa.ee\/wp-content\/uploads\/2023\/01\/raamatud_kodukale_287x255_8-114x101.jpg 114w\" sizes=\"auto, (max-width: 217px) 100vw, 217px\" \/>LOTTE\u2019S JOURNEY SOUTH<br \/>\n<\/span><\/h3>\n<p style=\"text-align: left;\">The little tired bird Pippo is left behind when a flock of birds flies south. Lotte decides to take Pippo south herself. They set off with her father Oskar and the old rover dog Klaus in the flying machine invented by Oskar. The travellers will meet many exciting adventures.<\/p>\n<p>&nbsp;<\/p>\n<p>&nbsp;<\/p>\n<p>&nbsp;<\/p>\n<hr \/>\n<h3 style=\"text-align: left;\"><span style=\"color: #ff0000;\"><img loading=\"lazy\" decoding=\"async\" class=\"alignleft wp-image-19477\" src=\"https:\/\/lottemaa.ee\/wp-content\/uploads\/2023\/01\/raamatud_kodukale_287x255_7.jpg\" alt=\"\" width=\"217\" height=\"193\" srcset=\"https:\/\/lottemaa.ee\/wp-content\/uploads\/2023\/01\/raamatud_kodukale_287x255_7.jpg 287w, https:\/\/lottemaa.ee\/wp-content\/uploads\/2023\/01\/raamatud_kodukale_287x255_7-285x255.jpg 285w, https:\/\/lottemaa.ee\/wp-content\/uploads\/2023\/01\/raamatud_kodukale_287x255_7-114x101.jpg 114w\" sizes=\"auto, (max-width: 217px) 100vw, 217px\" \/>LOTTE AND THE MOONSTONE SECRET<br \/>\n<\/span><\/h3>\n<p style=\"text-align: left;\">One night, two strangers sneak into Gadgetville. They are searching for three stones brought along by Klaus the rover on his last journey. One stone was left with Klaus, the other two with his travelling companions. Realising that the stones hide a secret, Lotte and Klaus go to collect the remaining stones. When Klaus falls ill unexpectedly, Lotte continues the journey alone. It soon transpires that the secret of the stones is greater than Lotte and Klaus had imagined.<\/p>\n","protected":false},"excerpt":{"rendered":"<p>WEDDING PARTY IN GADGETVILLE Love can arrive in many ways: secretly, joyfully shouting or completely out of the blue. The latter is the most interesting, since all kinds of delightful adventures start happening with lots of fun. That definitely holds true for Gadgetville. All of this and a whole lot more will happen at Ave\u2019s &hellip; <a href=\"https:\/\/lottemaa.ee\/en\/about-us\/books\/\">Continued<\/a><\/p>\n","protected":false},"author":11,"featured_media":25147,"parent":595,"menu_order":26,"comment_status":"closed","ping_status":"closed","template":"","meta":{"_acf_changed":false,"om_disable_all_campaigns":false,"_uf_show_specific_survey":0,"_uf_disable_surveys":false,"footnotes":""},"class_list":["post-27915","page","type-page","status-publish","has-post-thumbnail","hentry"],"acf":[],"yoast_head":"<!-- This site is optimized with the Yoast SEO plugin v25.5 - https:\/\/yoast.com\/wordpress\/plugins\/seo\/ -->\n<title>Books | Lottemaa Teemapark<\/title>\n<meta name=\"robots\" content=\"index, follow, max-snippet:-1, max-image-preview:large, max-video-preview:-1\" \/>\n<link rel=\"canonical\" href=\"https:\/\/lottemaa.ee\/en\/about-us\/books\/\" \/>\n<meta property=\"og:locale\" content=\"en_US\" \/>\n<meta property=\"og:type\" content=\"article\" \/>\n<meta property=\"og:title\" content=\"Books | Lottemaa Teemapark\" \/>\n<meta property=\"og:description\" content=\"WEDDING PARTY IN GADGETVILLE Love can arrive in many ways: secretly, joyfully shouting or completely out of the blue. The latter is the most interesting, since all kinds of delightful adventures start happening with lots of fun. That definitely holds true for Gadgetville. All of this and a whole lot more will happen at Ave\u2019s &hellip; Continued\" \/>\n<meta property=\"og:url\" content=\"https:\/\/lottemaa.ee\/en\/about-us\/books\/\" \/>\n<meta property=\"og:site_name\" content=\"Lottemaa Teemapark\" \/>\n<meta property=\"article:modified_time\" content=\"2024-09-25T13:59:23+00:00\" \/>\n<meta property=\"og:image\" content=\"https:\/\/lottemaa.ee\/wp-content\/uploads\/2024\/02\/lotte_loeb_288x251.jpg\" \/>\n\t<meta property=\"og:image:width\" content=\"288\" \/>\n\t<meta property=\"og:image:height\" content=\"251\" \/>\n\t<meta property=\"og:image:type\" content=\"image\/jpeg\" \/>\n<meta name=\"twitter:card\" content=\"summary_large_image\" \/>\n<meta name=\"twitter:label1\" content=\"Est. reading time\" \/>\n\t<meta name=\"twitter:data1\" content=\"5 minutes\" \/>\n<script type=\"application\/ld+json\" class=\"yoast-schema-graph\">{\"@context\":\"https:\/\/schema.org\",\"@graph\":[{\"@type\":\"WebPage\",\"@id\":\"https:\/\/lottemaa.ee\/en\/about-us\/books\/\",\"url\":\"https:\/\/lottemaa.ee\/en\/about-us\/books\/\",\"name\":\"Books | Lottemaa Teemapark\",\"isPartOf\":{\"@id\":\"https:\/\/lottemaa.ee\/#website\"},\"primaryImageOfPage\":{\"@id\":\"https:\/\/lottemaa.ee\/en\/about-us\/books\/#primaryimage\"},\"image\":{\"@id\":\"https:\/\/lottemaa.ee\/en\/about-us\/books\/#primaryimage\"},\"thumbnailUrl\":\"https:\/\/lottemaa.ee\/wp-content\/uploads\/2024\/02\/lotte_loeb_288x251.jpg\",\"datePublished\":\"2024-08-08T10:29:44+00:00\",\"dateModified\":\"2024-09-25T13:59:23+00:00\",\"breadcrumb\":{\"@id\":\"https:\/\/lottemaa.ee\/en\/about-us\/books\/#breadcrumb\"},\"inLanguage\":\"en-US\",\"potentialAction\":[{\"@type\":\"ReadAction\",\"target\":[\"https:\/\/lottemaa.ee\/en\/about-us\/books\/\"]}]},{\"@type\":\"ImageObject\",\"inLanguage\":\"en-US\",\"@id\":\"https:\/\/lottemaa.ee\/en\/about-us\/books\/#primaryimage\",\"url\":\"https:\/\/lottemaa.ee\/wp-content\/uploads\/2024\/02\/lotte_loeb_288x251.jpg\",\"contentUrl\":\"https:\/\/lottemaa.ee\/wp-content\/uploads\/2024\/02\/lotte_loeb_288x251.jpg\",\"width\":288,\"height\":251},{\"@type\":\"BreadcrumbList\",\"@id\":\"https:\/\/lottemaa.ee\/en\/about-us\/books\/#breadcrumb\",\"itemListElement\":[{\"@type\":\"ListItem\",\"position\":1,\"name\":\"Home\",\"item\":\"https:\/\/lottemaa.ee\/en\/\"},{\"@type\":\"ListItem\",\"position\":2,\"name\":\"About Us\",\"item\":\"https:\/\/lottemaa.ee\/en\/about-us\/\"},{\"@type\":\"ListItem\",\"position\":3,\"name\":\"Books\"}]},{\"@type\":\"WebSite\",\"@id\":\"https:\/\/lottemaa.ee\/#website\",\"url\":\"https:\/\/lottemaa.ee\/\",\"name\":\"Lottemaa Teemapark\",\"description\":\"Baltimaade suurim ja k\u00f5ige \u00e4gedam kogupere teemapark Eestis P\u00e4rnumaal\",\"publisher\":{\"@id\":\"https:\/\/lottemaa.ee\/#organization\"},\"potentialAction\":[{\"@type\":\"SearchAction\",\"target\":{\"@type\":\"EntryPoint\",\"urlTemplate\":\"https:\/\/lottemaa.ee\/?s={search_term_string}\"},\"query-input\":{\"@type\":\"PropertyValueSpecification\",\"valueRequired\":true,\"valueName\":\"search_term_string\"}}],\"inLanguage\":\"en-US\"},{\"@type\":\"Organization\",\"@id\":\"https:\/\/lottemaa.ee\/#organization\",\"name\":\"Lottemaa Teemapark\",\"url\":\"https:\/\/lottemaa.ee\/\",\"logo\":{\"@type\":\"ImageObject\",\"inLanguage\":\"en-US\",\"@id\":\"https:\/\/lottemaa.ee\/#\/schema\/logo\/image\/\",\"url\":\"https:\/\/lottemaa.ee\/wp-content\/uploads\/2018\/12\/Lottemaa_LOGO.png\",\"contentUrl\":\"https:\/\/lottemaa.ee\/wp-content\/uploads\/2018\/12\/Lottemaa_LOGO.png\",\"width\":1024,\"height\":518,\"caption\":\"Lottemaa Teemapark\"},\"image\":{\"@id\":\"https:\/\/lottemaa.ee\/#\/schema\/logo\/image\/\"}}]}<\/script>\n<!-- \/ Yoast SEO plugin. -->","yoast_head_json":{"title":"Books | Lottemaa Teemapark","robots":{"index":"index","follow":"follow","max-snippet":"max-snippet:-1","max-image-preview":"max-image-preview:large","max-video-preview":"max-video-preview:-1"},"canonical":"https:\/\/lottemaa.ee\/en\/about-us\/books\/","og_locale":"en_US","og_type":"article","og_title":"Books | Lottemaa Teemapark","og_description":"WEDDING PARTY IN GADGETVILLE Love can arrive in many ways: secretly, joyfully shouting or completely out of the blue. The latter is the most interesting, since all kinds of delightful adventures start happening with lots of fun. That definitely holds true for Gadgetville. All of this and a whole lot more will happen at Ave\u2019s &hellip; Continued","og_url":"https:\/\/lottemaa.ee\/en\/about-us\/books\/","og_site_name":"Lottemaa Teemapark","article_modified_time":"2024-09-25T13:59:23+00:00","og_image":[{"width":288,"height":251,"url":"https:\/\/lottemaa.ee\/wp-content\/uploads\/2024\/02\/lotte_loeb_288x251.jpg","type":"image\/jpeg"}],"twitter_card":"summary_large_image","twitter_misc":{"Est. reading time":"5 minutes"},"schema":{"@context":"https:\/\/schema.org","@graph":[{"@type":"WebPage","@id":"https:\/\/lottemaa.ee\/en\/about-us\/books\/","url":"https:\/\/lottemaa.ee\/en\/about-us\/books\/","name":"Books | Lottemaa Teemapark","isPartOf":{"@id":"https:\/\/lottemaa.ee\/#website"},"primaryImageOfPage":{"@id":"https:\/\/lottemaa.ee\/en\/about-us\/books\/#primaryimage"},"image":{"@id":"https:\/\/lottemaa.ee\/en\/about-us\/books\/#primaryimage"},"thumbnailUrl":"https:\/\/lottemaa.ee\/wp-content\/uploads\/2024\/02\/lotte_loeb_288x251.jpg","datePublished":"2024-08-08T10:29:44+00:00","dateModified":"2024-09-25T13:59:23+00:00","breadcrumb":{"@id":"https:\/\/lottemaa.ee\/en\/about-us\/books\/#breadcrumb"},"inLanguage":"en-US","potentialAction":[{"@type":"ReadAction","target":["https:\/\/lottemaa.ee\/en\/about-us\/books\/"]}]},{"@type":"ImageObject","inLanguage":"en-US","@id":"https:\/\/lottemaa.ee\/en\/about-us\/books\/#primaryimage","url":"https:\/\/lottemaa.ee\/wp-content\/uploads\/2024\/02\/lotte_loeb_288x251.jpg","contentUrl":"https:\/\/lottemaa.ee\/wp-content\/uploads\/2024\/02\/lotte_loeb_288x251.jpg","width":288,"height":251},{"@type":"BreadcrumbList","@id":"https:\/\/lottemaa.ee\/en\/about-us\/books\/#breadcrumb","itemListElement":[{"@type":"ListItem","position":1,"name":"Home","item":"https:\/\/lottemaa.ee\/en\/"},{"@type":"ListItem","position":2,"name":"About Us","item":"https:\/\/lottemaa.ee\/en\/about-us\/"},{"@type":"ListItem","position":3,"name":"Books"}]},{"@type":"WebSite","@id":"https:\/\/lottemaa.ee\/#website","url":"https:\/\/lottemaa.ee\/","name":"Lottemaa Teemapark","description":"Baltimaade suurim ja k\u00f5ige \u00e4gedam kogupere teemapark Eestis P\u00e4rnumaal","publisher":{"@id":"https:\/\/lottemaa.ee\/#organization"},"potentialAction":[{"@type":"SearchAction","target":{"@type":"EntryPoint","urlTemplate":"https:\/\/lottemaa.ee\/?s={search_term_string}"},"query-input":{"@type":"PropertyValueSpecification","valueRequired":true,"valueName":"search_term_string"}}],"inLanguage":"en-US"},{"@type":"Organization","@id":"https:\/\/lottemaa.ee\/#organization","name":"Lottemaa Teemapark","url":"https:\/\/lottemaa.ee\/","logo":{"@type":"ImageObject","inLanguage":"en-US","@id":"https:\/\/lottemaa.ee\/#\/schema\/logo\/image\/","url":"https:\/\/lottemaa.ee\/wp-content\/uploads\/2018\/12\/Lottemaa_LOGO.png","contentUrl":"https:\/\/lottemaa.ee\/wp-content\/uploads\/2018\/12\/Lottemaa_LOGO.png","width":1024,"height":518,"caption":"Lottemaa Teemapark"},"image":{"@id":"https:\/\/lottemaa.ee\/#\/schema\/logo\/image\/"}}]}},"_links":{"self":[{"href":"https:\/\/lottemaa.ee\/en\/wp-json\/wp\/v2\/pages\/27915","targetHints":{"allow":["GET"]}}],"collection":[{"href":"https:\/\/lottemaa.ee\/en\/wp-json\/wp\/v2\/pages"}],"about":[{"href":"https:\/\/lottemaa.ee\/en\/wp-json\/wp\/v2\/types\/page"}],"author":[{"embeddable":true,"href":"https:\/\/lottemaa.ee\/en\/wp-json\/wp\/v2\/users\/11"}],"replies":[{"embeddable":true,"href":"https:\/\/lottemaa.ee\/en\/wp-json\/wp\/v2\/comments?post=27915"}],"version-history":[{"count":5,"href":"https:\/\/lottemaa.ee\/en\/wp-json\/wp\/v2\/pages\/27915\/revisions"}],"predecessor-version":[{"id":27924,"href":"https:\/\/lottemaa.ee\/en\/wp-json\/wp\/v2\/pages\/27915\/revisions\/27924"}],"up":[{"embeddable":true,"href":"https:\/\/lottemaa.ee\/en\/wp-json\/wp\/v2\/pages\/595"}],"wp:featuredmedia":[{"embeddable":true,"href":"https:\/\/lottemaa.ee\/en\/wp-json\/wp\/v2\/media\/25147"}],"wp:attachment":[{"href":"https:\/\/lottemaa.ee\/en\/wp-json\/wp\/v2\/media?parent=27915"}],"curies":[{"name":"wp","href":"https:\/\/api.w.org\/{rel}","templated":true}]}}