{"id":2734,"date":"2016-06-25T11:06:47","date_gmt":"2016-06-25T08:06:47","guid":{"rendered":"http:\/\/test.lottemaa.ee\/en\/?page_id=2734"},"modified":"2026-01-04T22:03:18","modified_gmt":"2026-01-04T20:03:18","slug":"gadgetville-cafe","status":"publish","type":"page","link":"https:\/\/lottemaa.ee\/en\/a-day-in-lotte-village\/food-drink\/gadgetville-cafe\/","title":{"rendered":"Gadgetville caf\u00e9"},"content":{"rendered":"<p style=\"text-align: left;\">Lotte Village Caf\u00e9 offers excellent meals. There are fresh salads, tasty soups, yummy handmade burgers, wonderful pastas, Italian pizzas, heavier and lighter main courses, and, of course, the world\u2019s best ice cream cocktails and smoothies. The caf\u00e9 seats 170 people.<\/p>\n","protected":false},"excerpt":{"rendered":"<p>Lotte Village Caf\u00e9 offers excellent meals. There are fresh salads, tasty soups, yummy handmade burgers, wonderful pastas, Italian pizzas, heavier and lighter main courses, and, of course, the world\u2019s best ice cream cocktails and smoothies. The caf\u00e9 seats 170 people.<\/p>\n","protected":false},"author":7,"featured_media":28184,"parent":1030,"menu_order":424,"comment_status":"closed","ping_status":"closed","template":"","meta":{"_acf_changed":false,"om_disable_all_campaigns":false,"_uf_show_specific_survey":0,"_uf_disable_surveys":false,"footnotes":""},"class_list":["post-2734","page","type-page","status-publish","has-post-thumbnail","hentry"],"acf":[],"yoast_head":"<!-- This site is optimized with the Yoast SEO plugin v25.5 - https:\/\/yoast.com\/wordpress\/plugins\/seo\/ -->\n<title>Gadgetville caf\u00e9 | Lottemaa Teemapark<\/title>\n<meta name=\"description\" content=\"Lotte Village Caf\u00e9 offers excellent meals. There are fresh salads, tasty soups, yummy handmade burgers, wonderful pastas, Italian pizzas, heavier and lighter main courses, and, of course, the world\u2019s best ice cream cocktails and smoothies. The caf\u00e9 seats 250 people.\" \/>\n<meta name=\"robots\" content=\"index, follow, max-snippet:-1, max-image-preview:large, max-video-preview:-1\" \/>\n<link rel=\"canonical\" href=\"https:\/\/lottemaa.ee\/en\/a-day-in-lotte-village\/food-drink\/gadgetville-cafe\/\" \/>\n<meta property=\"og:locale\" content=\"en_US\" \/>\n<meta property=\"og:type\" content=\"article\" \/>\n<meta property=\"og:title\" content=\"Gadgetville caf\u00e9 | Lottemaa Teemapark\" \/>\n<meta property=\"og:description\" content=\"Lotte Village Caf\u00e9 offers excellent meals. There are fresh salads, tasty soups, yummy handmade burgers, wonderful pastas, Italian pizzas, heavier and lighter main courses, and, of course, the world\u2019s best ice cream cocktails and smoothies. The caf\u00e9 seats 250 people.\" \/>\n<meta property=\"og:url\" content=\"https:\/\/lottemaa.ee\/en\/a-day-in-lotte-village\/food-drink\/gadgetville-cafe\/\" \/>\n<meta property=\"og:site_name\" content=\"Lottemaa Teemapark\" \/>\n<meta property=\"article:modified_time\" content=\"2026-01-04T20:03:18+00:00\" \/>\n<meta property=\"og:image\" content=\"https:\/\/lottemaa.ee\/wp-content\/uploads\/2024\/09\/Suve-viimane-paev-print-2-scaled.jpg\" \/>\n\t<meta property=\"og:image:width\" content=\"2560\" \/>\n\t<meta property=\"og:image:height\" content=\"1707\" \/>\n\t<meta property=\"og:image:type\" content=\"image\/jpeg\" \/>\n<meta name=\"twitter:card\" content=\"summary_large_image\" \/>\n<meta name=\"twitter:label1\" content=\"Est. reading time\" \/>\n\t<meta name=\"twitter:data1\" content=\"1 minute\" \/>\n<script type=\"application\/ld+json\" class=\"yoast-schema-graph\">{\"@context\":\"https:\/\/schema.org\",\"@graph\":[{\"@type\":\"WebPage\",\"@id\":\"https:\/\/lottemaa.ee\/en\/a-day-in-lotte-village\/food-drink\/gadgetville-cafe\/\",\"url\":\"https:\/\/lottemaa.ee\/en\/a-day-in-lotte-village\/food-drink\/gadgetville-cafe\/\",\"name\":\"Gadgetville caf\u00e9 | Lottemaa Teemapark\",\"isPartOf\":{\"@id\":\"https:\/\/lottemaa.ee\/#website\"},\"primaryImageOfPage\":{\"@id\":\"https:\/\/lottemaa.ee\/en\/a-day-in-lotte-village\/food-drink\/gadgetville-cafe\/#primaryimage\"},\"image\":{\"@id\":\"https:\/\/lottemaa.ee\/en\/a-day-in-lotte-village\/food-drink\/gadgetville-cafe\/#primaryimage\"},\"thumbnailUrl\":\"https:\/\/lottemaa.ee\/wp-content\/uploads\/2024\/09\/Suve-viimane-paev-print-2-scaled.jpg\",\"datePublished\":\"2016-06-25T08:06:47+00:00\",\"dateModified\":\"2026-01-04T20:03:18+00:00\",\"description\":\"Lotte Village Caf\u00e9 offers excellent meals. There are fresh salads, tasty soups, yummy handmade burgers, wonderful pastas, Italian pizzas, heavier and lighter main courses, and, of course, the world\u2019s best ice cream cocktails and smoothies. The caf\u00e9 seats 250 people.\",\"breadcrumb\":{\"@id\":\"https:\/\/lottemaa.ee\/en\/a-day-in-lotte-village\/food-drink\/gadgetville-cafe\/#breadcrumb\"},\"inLanguage\":\"en-US\",\"potentialAction\":[{\"@type\":\"ReadAction\",\"target\":[\"https:\/\/lottemaa.ee\/en\/a-day-in-lotte-village\/food-drink\/gadgetville-cafe\/\"]}]},{\"@type\":\"ImageObject\",\"inLanguage\":\"en-US\",\"@id\":\"https:\/\/lottemaa.ee\/en\/a-day-in-lotte-village\/food-drink\/gadgetville-cafe\/#primaryimage\",\"url\":\"https:\/\/lottemaa.ee\/wp-content\/uploads\/2024\/09\/Suve-viimane-paev-print-2-scaled.jpg\",\"contentUrl\":\"https:\/\/lottemaa.ee\/wp-content\/uploads\/2024\/09\/Suve-viimane-paev-print-2-scaled.jpg\",\"width\":2560,\"height\":1707},{\"@type\":\"BreadcrumbList\",\"@id\":\"https:\/\/lottemaa.ee\/en\/a-day-in-lotte-village\/food-drink\/gadgetville-cafe\/#breadcrumb\",\"itemListElement\":[{\"@type\":\"ListItem\",\"position\":1,\"name\":\"Home\",\"item\":\"https:\/\/lottemaa.ee\/en\/\"},{\"@type\":\"ListItem\",\"position\":2,\"name\":\"A day in Lotte Village\",\"item\":\"https:\/\/lottemaa.ee\/en\/a-day-in-lotte-village\/\"},{\"@type\":\"ListItem\",\"position\":3,\"name\":\"Eating and drinking\",\"item\":\"https:\/\/lottemaa.ee\/en\/a-day-in-lotte-village\/food-drink\/\"},{\"@type\":\"ListItem\",\"position\":4,\"name\":\"Gadgetville caf\u00e9\"}]},{\"@type\":\"WebSite\",\"@id\":\"https:\/\/lottemaa.ee\/#website\",\"url\":\"https:\/\/lottemaa.ee\/\",\"name\":\"Lottemaa Teemapark\",\"description\":\"Baltimaade suurim ja k\u00f5ige \u00e4gedam kogupere teemapark Eestis P\u00e4rnumaal\",\"publisher\":{\"@id\":\"https:\/\/lottemaa.ee\/#organization\"},\"potentialAction\":[{\"@type\":\"SearchAction\",\"target\":{\"@type\":\"EntryPoint\",\"urlTemplate\":\"https:\/\/lottemaa.ee\/?s={search_term_string}\"},\"query-input\":{\"@type\":\"PropertyValueSpecification\",\"valueRequired\":true,\"valueName\":\"search_term_string\"}}],\"inLanguage\":\"en-US\"},{\"@type\":\"Organization\",\"@id\":\"https:\/\/lottemaa.ee\/#organization\",\"name\":\"Lottemaa Teemapark\",\"url\":\"https:\/\/lottemaa.ee\/\",\"logo\":{\"@type\":\"ImageObject\",\"inLanguage\":\"en-US\",\"@id\":\"https:\/\/lottemaa.ee\/#\/schema\/logo\/image\/\",\"url\":\"https:\/\/lottemaa.ee\/wp-content\/uploads\/2018\/12\/Lottemaa_LOGO.png\",\"contentUrl\":\"https:\/\/lottemaa.ee\/wp-content\/uploads\/2018\/12\/Lottemaa_LOGO.png\",\"width\":1024,\"height\":518,\"caption\":\"Lottemaa Teemapark\"},\"image\":{\"@id\":\"https:\/\/lottemaa.ee\/#\/schema\/logo\/image\/\"}}]}<\/script>\n<!-- \/ Yoast SEO plugin. -->","yoast_head_json":{"title":"Gadgetville caf\u00e9 | Lottemaa Teemapark","description":"Lotte Village Caf\u00e9 offers excellent meals. There are fresh salads, tasty soups, yummy handmade burgers, wonderful pastas, Italian pizzas, heavier and lighter main courses, and, of course, the world\u2019s best ice cream cocktails and smoothies. The caf\u00e9 seats 250 people.","robots":{"index":"index","follow":"follow","max-snippet":"max-snippet:-1","max-image-preview":"max-image-preview:large","max-video-preview":"max-video-preview:-1"},"canonical":"https:\/\/lottemaa.ee\/en\/a-day-in-lotte-village\/food-drink\/gadgetville-cafe\/","og_locale":"en_US","og_type":"article","og_title":"Gadgetville caf\u00e9 | Lottemaa Teemapark","og_description":"Lotte Village Caf\u00e9 offers excellent meals. There are fresh salads, tasty soups, yummy handmade burgers, wonderful pastas, Italian pizzas, heavier and lighter main courses, and, of course, the world\u2019s best ice cream cocktails and smoothies. The caf\u00e9 seats 250 people.","og_url":"https:\/\/lottemaa.ee\/en\/a-day-in-lotte-village\/food-drink\/gadgetville-cafe\/","og_site_name":"Lottemaa Teemapark","article_modified_time":"2026-01-04T20:03:18+00:00","og_image":[{"width":2560,"height":1707,"url":"https:\/\/lottemaa.ee\/wp-content\/uploads\/2024\/09\/Suve-viimane-paev-print-2-scaled.jpg","type":"image\/jpeg"}],"twitter_card":"summary_large_image","twitter_misc":{"Est. reading time":"1 minute"},"schema":{"@context":"https:\/\/schema.org","@graph":[{"@type":"WebPage","@id":"https:\/\/lottemaa.ee\/en\/a-day-in-lotte-village\/food-drink\/gadgetville-cafe\/","url":"https:\/\/lottemaa.ee\/en\/a-day-in-lotte-village\/food-drink\/gadgetville-cafe\/","name":"Gadgetville caf\u00e9 | Lottemaa Teemapark","isPartOf":{"@id":"https:\/\/lottemaa.ee\/#website"},"primaryImageOfPage":{"@id":"https:\/\/lottemaa.ee\/en\/a-day-in-lotte-village\/food-drink\/gadgetville-cafe\/#primaryimage"},"image":{"@id":"https:\/\/lottemaa.ee\/en\/a-day-in-lotte-village\/food-drink\/gadgetville-cafe\/#primaryimage"},"thumbnailUrl":"https:\/\/lottemaa.ee\/wp-content\/uploads\/2024\/09\/Suve-viimane-paev-print-2-scaled.jpg","datePublished":"2016-06-25T08:06:47+00:00","dateModified":"2026-01-04T20:03:18+00:00","description":"Lotte Village Caf\u00e9 offers excellent meals. There are fresh salads, tasty soups, yummy handmade burgers, wonderful pastas, Italian pizzas, heavier and lighter main courses, and, of course, the world\u2019s best ice cream cocktails and smoothies. The caf\u00e9 seats 250 people.","breadcrumb":{"@id":"https:\/\/lottemaa.ee\/en\/a-day-in-lotte-village\/food-drink\/gadgetville-cafe\/#breadcrumb"},"inLanguage":"en-US","potentialAction":[{"@type":"ReadAction","target":["https:\/\/lottemaa.ee\/en\/a-day-in-lotte-village\/food-drink\/gadgetville-cafe\/"]}]},{"@type":"ImageObject","inLanguage":"en-US","@id":"https:\/\/lottemaa.ee\/en\/a-day-in-lotte-village\/food-drink\/gadgetville-cafe\/#primaryimage","url":"https:\/\/lottemaa.ee\/wp-content\/uploads\/2024\/09\/Suve-viimane-paev-print-2-scaled.jpg","contentUrl":"https:\/\/lottemaa.ee\/wp-content\/uploads\/2024\/09\/Suve-viimane-paev-print-2-scaled.jpg","width":2560,"height":1707},{"@type":"BreadcrumbList","@id":"https:\/\/lottemaa.ee\/en\/a-day-in-lotte-village\/food-drink\/gadgetville-cafe\/#breadcrumb","itemListElement":[{"@type":"ListItem","position":1,"name":"Home","item":"https:\/\/lottemaa.ee\/en\/"},{"@type":"ListItem","position":2,"name":"A day in Lotte Village","item":"https:\/\/lottemaa.ee\/en\/a-day-in-lotte-village\/"},{"@type":"ListItem","position":3,"name":"Eating and drinking","item":"https:\/\/lottemaa.ee\/en\/a-day-in-lotte-village\/food-drink\/"},{"@type":"ListItem","position":4,"name":"Gadgetville caf\u00e9"}]},{"@type":"WebSite","@id":"https:\/\/lottemaa.ee\/#website","url":"https:\/\/lottemaa.ee\/","name":"Lottemaa Teemapark","description":"Baltimaade suurim ja k\u00f5ige \u00e4gedam kogupere teemapark Eestis P\u00e4rnumaal","publisher":{"@id":"https:\/\/lottemaa.ee\/#organization"},"potentialAction":[{"@type":"SearchAction","target":{"@type":"EntryPoint","urlTemplate":"https:\/\/lottemaa.ee\/?s={search_term_string}"},"query-input":{"@type":"PropertyValueSpecification","valueRequired":true,"valueName":"search_term_string"}}],"inLanguage":"en-US"},{"@type":"Organization","@id":"https:\/\/lottemaa.ee\/#organization","name":"Lottemaa Teemapark","url":"https:\/\/lottemaa.ee\/","logo":{"@type":"ImageObject","inLanguage":"en-US","@id":"https:\/\/lottemaa.ee\/#\/schema\/logo\/image\/","url":"https:\/\/lottemaa.ee\/wp-content\/uploads\/2018\/12\/Lottemaa_LOGO.png","contentUrl":"https:\/\/lottemaa.ee\/wp-content\/uploads\/2018\/12\/Lottemaa_LOGO.png","width":1024,"height":518,"caption":"Lottemaa Teemapark"},"image":{"@id":"https:\/\/lottemaa.ee\/#\/schema\/logo\/image\/"}}]}},"_links":{"self":[{"href":"https:\/\/lottemaa.ee\/en\/wp-json\/wp\/v2\/pages\/2734","targetHints":{"allow":["GET"]}}],"collection":[{"href":"https:\/\/lottemaa.ee\/en\/wp-json\/wp\/v2\/pages"}],"about":[{"href":"https:\/\/lottemaa.ee\/en\/wp-json\/wp\/v2\/types\/page"}],"author":[{"embeddable":true,"href":"https:\/\/lottemaa.ee\/en\/wp-json\/wp\/v2\/users\/7"}],"replies":[{"embeddable":true,"href":"https:\/\/lottemaa.ee\/en\/wp-json\/wp\/v2\/comments?post=2734"}],"version-history":[{"count":5,"href":"https:\/\/lottemaa.ee\/en\/wp-json\/wp\/v2\/pages\/2734\/revisions"}],"predecessor-version":[{"id":32567,"href":"https:\/\/lottemaa.ee\/en\/wp-json\/wp\/v2\/pages\/2734\/revisions\/32567"}],"up":[{"embeddable":true,"href":"https:\/\/lottemaa.ee\/en\/wp-json\/wp\/v2\/pages\/1030"}],"wp:featuredmedia":[{"embeddable":true,"href":"https:\/\/lottemaa.ee\/en\/wp-json\/wp\/v2\/media\/28184"}],"wp:attachment":[{"href":"https:\/\/lottemaa.ee\/en\/wp-json\/wp\/v2\/media?parent=2734"}],"curies":[{"name":"wp","href":"https:\/\/api.w.org\/{rel}","templated":true}]}}