{"id":2716,"date":"2016-06-24T16:53:03","date_gmt":"2016-06-24T13:53:03","guid":{"rendered":"http:\/\/test.lottemaa.ee\/en\/?page_id=2716"},"modified":"2024-09-27T17:43:23","modified_gmt":"2024-09-27T14:43:23","slug":"insects","status":"publish","type":"page","link":"https:\/\/lottemaa.ee\/en\/about-us\/gadgetville-residents\/insects\/","title":{"rendered":"insects"},"content":{"rendered":"<p style=\"text-align: left;\">There are many different <strong>insects<\/strong> living in Gadgetville. Ants are the most numerous, they have even built three big houses to live in. Ladybirds mainly live in the trees. They have their small houses, a caf\u00e9, a carpentry, a sauna and a library there. Grasshoppers dwell in small huts made of twigs and grasses in summer. They have no time to build larger cottages, their orchestra plays sweet night melodies for the villagers in all the summer nights on the seaside in the branches of an old conker tree. When autumn comes, grasshoppers move to the attic of Lotte\u2019s house, resting there until the next summer. Only on New Year\u2019s Eve do they come down and party with the other villagers till morning.<\/p>\n","protected":false},"excerpt":{"rendered":"<p>There are many different insects living in Gadgetville. Ants are the most numerous, they have even built three big houses to live in. Ladybirds mainly live in the trees. They have their small houses, a caf\u00e9, a carpentry, a sauna and a library there. Grasshoppers dwell in small huts made of twigs and grasses in &hellip; <a href=\"https:\/\/lottemaa.ee\/en\/about-us\/gadgetville-residents\/insects\/\">Continued<\/a><\/p>\n","protected":false},"author":7,"featured_media":2475,"parent":983,"menu_order":447,"comment_status":"closed","ping_status":"closed","template":"","meta":{"_acf_changed":false,"om_disable_all_campaigns":false,"_uf_show_specific_survey":0,"_uf_disable_surveys":false,"footnotes":""},"class_list":["post-2716","page","type-page","status-publish","has-post-thumbnail","hentry"],"acf":[],"yoast_head":"<!-- This site is optimized with the Yoast SEO plugin v25.5 - https:\/\/yoast.com\/wordpress\/plugins\/seo\/ -->\n<title>insects | Lottemaa Teemapark<\/title>\n<meta name=\"description\" content=\"There are many different insects living in Gadgetville. Ants are the most numerous, they have even built three big houses to live in.\" \/>\n<meta name=\"robots\" content=\"index, follow, max-snippet:-1, max-image-preview:large, max-video-preview:-1\" \/>\n<link rel=\"canonical\" href=\"https:\/\/lottemaa.ee\/en\/about-us\/gadgetville-residents\/insects\/\" \/>\n<meta property=\"og:locale\" content=\"en_US\" \/>\n<meta property=\"og:type\" content=\"article\" \/>\n<meta property=\"og:title\" content=\"insects | Lottemaa Teemapark\" \/>\n<meta property=\"og:description\" content=\"There are many different insects living in Gadgetville. Ants are the most numerous, they have even built three big houses to live in.\" \/>\n<meta property=\"og:url\" content=\"https:\/\/lottemaa.ee\/en\/about-us\/gadgetville-residents\/insects\/\" \/>\n<meta property=\"og:site_name\" content=\"Lottemaa Teemapark\" \/>\n<meta property=\"article:modified_time\" content=\"2024-09-27T14:43:23+00:00\" \/>\n<meta property=\"og:image\" content=\"https:\/\/lottemaa.ee\/wp-content\/uploads\/2016\/06\/putukad-1.jpg\" \/>\n\t<meta property=\"og:image:width\" content=\"316\" \/>\n\t<meta property=\"og:image:height\" content=\"177\" \/>\n\t<meta property=\"og:image:type\" content=\"image\/jpeg\" \/>\n<meta name=\"twitter:card\" content=\"summary_large_image\" \/>\n<meta name=\"twitter:label1\" content=\"Est. reading time\" \/>\n\t<meta name=\"twitter:data1\" content=\"1 minute\" \/>\n<script type=\"application\/ld+json\" class=\"yoast-schema-graph\">{\"@context\":\"https:\/\/schema.org\",\"@graph\":[{\"@type\":\"WebPage\",\"@id\":\"https:\/\/lottemaa.ee\/en\/about-us\/gadgetville-residents\/insects\/\",\"url\":\"https:\/\/lottemaa.ee\/en\/about-us\/gadgetville-residents\/insects\/\",\"name\":\"insects | Lottemaa Teemapark\",\"isPartOf\":{\"@id\":\"https:\/\/lottemaa.ee\/#website\"},\"primaryImageOfPage\":{\"@id\":\"https:\/\/lottemaa.ee\/en\/about-us\/gadgetville-residents\/insects\/#primaryimage\"},\"image\":{\"@id\":\"https:\/\/lottemaa.ee\/en\/about-us\/gadgetville-residents\/insects\/#primaryimage\"},\"thumbnailUrl\":\"https:\/\/lottemaa.ee\/wp-content\/uploads\/2016\/06\/putukad-1.jpg\",\"datePublished\":\"2016-06-24T13:53:03+00:00\",\"dateModified\":\"2024-09-27T14:43:23+00:00\",\"description\":\"There are many different insects living in Gadgetville. Ants are the most numerous, they have even built three big houses to live in.\",\"breadcrumb\":{\"@id\":\"https:\/\/lottemaa.ee\/en\/about-us\/gadgetville-residents\/insects\/#breadcrumb\"},\"inLanguage\":\"en-US\",\"potentialAction\":[{\"@type\":\"ReadAction\",\"target\":[\"https:\/\/lottemaa.ee\/en\/about-us\/gadgetville-residents\/insects\/\"]}]},{\"@type\":\"ImageObject\",\"inLanguage\":\"en-US\",\"@id\":\"https:\/\/lottemaa.ee\/en\/about-us\/gadgetville-residents\/insects\/#primaryimage\",\"url\":\"https:\/\/lottemaa.ee\/wp-content\/uploads\/2016\/06\/putukad-1.jpg\",\"contentUrl\":\"https:\/\/lottemaa.ee\/wp-content\/uploads\/2016\/06\/putukad-1.jpg\",\"width\":316,\"height\":177},{\"@type\":\"BreadcrumbList\",\"@id\":\"https:\/\/lottemaa.ee\/en\/about-us\/gadgetville-residents\/insects\/#breadcrumb\",\"itemListElement\":[{\"@type\":\"ListItem\",\"position\":1,\"name\":\"Home\",\"item\":\"https:\/\/lottemaa.ee\/en\/\"},{\"@type\":\"ListItem\",\"position\":2,\"name\":\"About Us\",\"item\":\"https:\/\/lottemaa.ee\/en\/about-us\/\"},{\"@type\":\"ListItem\",\"position\":3,\"name\":\"Gadgetville residents\",\"item\":\"https:\/\/lottemaa.ee\/en\/about-us\/gadgetville-residents\/\"},{\"@type\":\"ListItem\",\"position\":4,\"name\":\"insects\"}]},{\"@type\":\"WebSite\",\"@id\":\"https:\/\/lottemaa.ee\/#website\",\"url\":\"https:\/\/lottemaa.ee\/\",\"name\":\"Lottemaa Teemapark\",\"description\":\"Baltimaade suurim ja k\u00f5ige \u00e4gedam kogupere teemapark Eestis P\u00e4rnumaal\",\"publisher\":{\"@id\":\"https:\/\/lottemaa.ee\/#organization\"},\"potentialAction\":[{\"@type\":\"SearchAction\",\"target\":{\"@type\":\"EntryPoint\",\"urlTemplate\":\"https:\/\/lottemaa.ee\/?s={search_term_string}\"},\"query-input\":{\"@type\":\"PropertyValueSpecification\",\"valueRequired\":true,\"valueName\":\"search_term_string\"}}],\"inLanguage\":\"en-US\"},{\"@type\":\"Organization\",\"@id\":\"https:\/\/lottemaa.ee\/#organization\",\"name\":\"Lottemaa Teemapark\",\"url\":\"https:\/\/lottemaa.ee\/\",\"logo\":{\"@type\":\"ImageObject\",\"inLanguage\":\"en-US\",\"@id\":\"https:\/\/lottemaa.ee\/#\/schema\/logo\/image\/\",\"url\":\"https:\/\/lottemaa.ee\/wp-content\/uploads\/2018\/12\/Lottemaa_LOGO.png\",\"contentUrl\":\"https:\/\/lottemaa.ee\/wp-content\/uploads\/2018\/12\/Lottemaa_LOGO.png\",\"width\":1024,\"height\":518,\"caption\":\"Lottemaa Teemapark\"},\"image\":{\"@id\":\"https:\/\/lottemaa.ee\/#\/schema\/logo\/image\/\"}}]}<\/script>\n<!-- \/ Yoast SEO plugin. -->","yoast_head_json":{"title":"insects | Lottemaa Teemapark","description":"There are many different insects living in Gadgetville. Ants are the most numerous, they have even built three big houses to live in.","robots":{"index":"index","follow":"follow","max-snippet":"max-snippet:-1","max-image-preview":"max-image-preview:large","max-video-preview":"max-video-preview:-1"},"canonical":"https:\/\/lottemaa.ee\/en\/about-us\/gadgetville-residents\/insects\/","og_locale":"en_US","og_type":"article","og_title":"insects | Lottemaa Teemapark","og_description":"There are many different insects living in Gadgetville. Ants are the most numerous, they have even built three big houses to live in.","og_url":"https:\/\/lottemaa.ee\/en\/about-us\/gadgetville-residents\/insects\/","og_site_name":"Lottemaa Teemapark","article_modified_time":"2024-09-27T14:43:23+00:00","og_image":[{"width":316,"height":177,"url":"https:\/\/lottemaa.ee\/wp-content\/uploads\/2016\/06\/putukad-1.jpg","type":"image\/jpeg"}],"twitter_card":"summary_large_image","twitter_misc":{"Est. reading time":"1 minute"},"schema":{"@context":"https:\/\/schema.org","@graph":[{"@type":"WebPage","@id":"https:\/\/lottemaa.ee\/en\/about-us\/gadgetville-residents\/insects\/","url":"https:\/\/lottemaa.ee\/en\/about-us\/gadgetville-residents\/insects\/","name":"insects | Lottemaa Teemapark","isPartOf":{"@id":"https:\/\/lottemaa.ee\/#website"},"primaryImageOfPage":{"@id":"https:\/\/lottemaa.ee\/en\/about-us\/gadgetville-residents\/insects\/#primaryimage"},"image":{"@id":"https:\/\/lottemaa.ee\/en\/about-us\/gadgetville-residents\/insects\/#primaryimage"},"thumbnailUrl":"https:\/\/lottemaa.ee\/wp-content\/uploads\/2016\/06\/putukad-1.jpg","datePublished":"2016-06-24T13:53:03+00:00","dateModified":"2024-09-27T14:43:23+00:00","description":"There are many different insects living in Gadgetville. Ants are the most numerous, they have even built three big houses to live in.","breadcrumb":{"@id":"https:\/\/lottemaa.ee\/en\/about-us\/gadgetville-residents\/insects\/#breadcrumb"},"inLanguage":"en-US","potentialAction":[{"@type":"ReadAction","target":["https:\/\/lottemaa.ee\/en\/about-us\/gadgetville-residents\/insects\/"]}]},{"@type":"ImageObject","inLanguage":"en-US","@id":"https:\/\/lottemaa.ee\/en\/about-us\/gadgetville-residents\/insects\/#primaryimage","url":"https:\/\/lottemaa.ee\/wp-content\/uploads\/2016\/06\/putukad-1.jpg","contentUrl":"https:\/\/lottemaa.ee\/wp-content\/uploads\/2016\/06\/putukad-1.jpg","width":316,"height":177},{"@type":"BreadcrumbList","@id":"https:\/\/lottemaa.ee\/en\/about-us\/gadgetville-residents\/insects\/#breadcrumb","itemListElement":[{"@type":"ListItem","position":1,"name":"Home","item":"https:\/\/lottemaa.ee\/en\/"},{"@type":"ListItem","position":2,"name":"About Us","item":"https:\/\/lottemaa.ee\/en\/about-us\/"},{"@type":"ListItem","position":3,"name":"Gadgetville residents","item":"https:\/\/lottemaa.ee\/en\/about-us\/gadgetville-residents\/"},{"@type":"ListItem","position":4,"name":"insects"}]},{"@type":"WebSite","@id":"https:\/\/lottemaa.ee\/#website","url":"https:\/\/lottemaa.ee\/","name":"Lottemaa Teemapark","description":"Baltimaade suurim ja k\u00f5ige \u00e4gedam kogupere teemapark Eestis P\u00e4rnumaal","publisher":{"@id":"https:\/\/lottemaa.ee\/#organization"},"potentialAction":[{"@type":"SearchAction","target":{"@type":"EntryPoint","urlTemplate":"https:\/\/lottemaa.ee\/?s={search_term_string}"},"query-input":{"@type":"PropertyValueSpecification","valueRequired":true,"valueName":"search_term_string"}}],"inLanguage":"en-US"},{"@type":"Organization","@id":"https:\/\/lottemaa.ee\/#organization","name":"Lottemaa Teemapark","url":"https:\/\/lottemaa.ee\/","logo":{"@type":"ImageObject","inLanguage":"en-US","@id":"https:\/\/lottemaa.ee\/#\/schema\/logo\/image\/","url":"https:\/\/lottemaa.ee\/wp-content\/uploads\/2018\/12\/Lottemaa_LOGO.png","contentUrl":"https:\/\/lottemaa.ee\/wp-content\/uploads\/2018\/12\/Lottemaa_LOGO.png","width":1024,"height":518,"caption":"Lottemaa Teemapark"},"image":{"@id":"https:\/\/lottemaa.ee\/#\/schema\/logo\/image\/"}}]}},"_links":{"self":[{"href":"https:\/\/lottemaa.ee\/en\/wp-json\/wp\/v2\/pages\/2716","targetHints":{"allow":["GET"]}}],"collection":[{"href":"https:\/\/lottemaa.ee\/en\/wp-json\/wp\/v2\/pages"}],"about":[{"href":"https:\/\/lottemaa.ee\/en\/wp-json\/wp\/v2\/types\/page"}],"author":[{"embeddable":true,"href":"https:\/\/lottemaa.ee\/en\/wp-json\/wp\/v2\/users\/7"}],"replies":[{"embeddable":true,"href":"https:\/\/lottemaa.ee\/en\/wp-json\/wp\/v2\/comments?post=2716"}],"version-history":[{"count":2,"href":"https:\/\/lottemaa.ee\/en\/wp-json\/wp\/v2\/pages\/2716\/revisions"}],"predecessor-version":[{"id":20684,"href":"https:\/\/lottemaa.ee\/en\/wp-json\/wp\/v2\/pages\/2716\/revisions\/20684"}],"up":[{"embeddable":true,"href":"https:\/\/lottemaa.ee\/en\/wp-json\/wp\/v2\/pages\/983"}],"wp:featuredmedia":[{"embeddable":true,"href":"https:\/\/lottemaa.ee\/en\/wp-json\/wp\/v2\/media\/2475"}],"wp:attachment":[{"href":"https:\/\/lottemaa.ee\/en\/wp-json\/wp\/v2\/media?parent=2716"}],"curies":[{"name":"wp","href":"https:\/\/api.w.org\/{rel}","templated":true}]}}