{"id":25119,"date":"2024-02-21T12:18:37","date_gmt":"2024-02-21T10:18:37","guid":{"rendered":"https:\/\/lottemaa.ee\/?page_id=25119"},"modified":"2025-11-11T13:06:22","modified_gmt":"2025-11-11T11:06:22","slug":"a-group-visit-to-lottemaa","status":"publish","type":"page","link":"https:\/\/lottemaa.ee\/en\/special-offers\/a-group-visit-to-lottemaa\/","title":{"rendered":"A group visit to Lottemaa"},"content":{"rendered":"<p style=\"text-align: left;\">Gather a group of friends and organize an event at Lotte Village!<\/p>\n<h3 style=\"text-align: left;\"><span style=\"color: #0000ff;\">Special offer for groups:<\/span><\/h3>\n<p style=\"text-align: left;\"><a href=\"https:\/\/fienta.com\/lottemaa-joulumaa-2025\"><strong>CHRISTMAS WONDERLAND<\/strong><\/a> tickets:<br \/>\n\u2013 for\u00a0<span style=\"color: #000000;\"><strong>20-200<\/strong>\u00a0<\/span>participants\u00a0<span style=\"color: #000000;\"><strong>\u20ac21<\/strong>\u00a0<\/span>per person<br \/>\n\u2013 For more than <strong>200<\/strong> visitors, request a custom offer.<br \/>\n(regular price <span style=\"color: #000000;\"><strong>23 \u20ac<\/strong><\/span>\/per person)<br \/>\nTicket for visitor aged <span style=\"color: #000000;\"><strong>2<\/strong><\/span> and older.<\/p>\n<h3 style=\"text-align: left;\"><span style=\"color: #ff0000;\">The offer is valid:<\/span><\/h3>\n<p style=\"text-align: left;\">&#8211; for visiting Lotte Village during <span style=\"color: #000000;\"><strong>opening times 13.-14.12 | 20.-21.12 | 26.-30.12 | 2.-4.01<br \/>\n<\/strong><\/span><br \/>\n&#8211; for groups of at least <span style=\"color: #000000;\"><strong>20 people<\/strong><\/span><br \/>\n&#8211; for booking at least <span style=\"color: #000000;\"><strong>5 work days before arrival<\/strong><\/span> and paying by prepayment invoice<\/p>\n<h3 style=\"text-align: left;\"><span style=\"color: #0000ff;\">For additional cost:<\/span><\/h3>\n<p style=\"text-align: left;\">&#8211; Use of the characters\u2019 houses up to <span style=\"color: #000000;\"><strong>2<\/strong> <\/span>hours after the closing time of the theme park <strong>300 \u20ac\/1h<\/strong><br \/>\n&#8211; Snacks, coffee, tea<br \/>\n&#8211; Catering<br \/>\n&#8211; Parking<span style=\"color: #000000;\"><strong> 3<\/strong><\/span> \u20ac\/day per car (Snabb)<br \/>\n&#8211; A train trip from the parking lot to the Gadgetville\u2019s gate and back <span style=\"color: #000000;\"><strong>2<\/strong> <\/span>\u20ac\/<span style=\"color: #000000;\"><strong>1<\/strong><\/span> way \/<span style=\"color: #000000;\"><strong>1<\/strong><\/span> person<br \/>\n&#8211; Thematic Lotte Village gifts from Artur\u2019s shop, <strong><a href=\"http:\/\/e-pood.lottemaa.ee\/en\" target=\"_blank\" rel=\"noopener noreferrer\">see the options here \u00bb<\/a><\/strong><br \/>\n&#8211; Accommodation in P\u00e4rnu with breakfast and spa at <strong><a href=\"https:\/\/www.strand.ee\/en\/\" target=\"_blank\" rel=\"noopener noreferrer\">Hestia Hotel Strand<\/a><\/strong><\/p>\n<p style=\"text-align: left;\">All prices contain <span style=\"color: #000000;\"><strong>VAT!<\/strong><\/span><br \/>\n<strong><span style=\"color: #000000;\">Additional information and booking:<\/span>\u00a0<a href=\"mailto:tellimine@lottemaa.ee\">tellimine@lottemaa.ee<\/a><\/strong><\/p>\n","protected":false},"excerpt":{"rendered":"<p>Gather a group of friends and organize an event at Lotte Village! Special offer for groups: CHRISTMAS WONDERLAND tickets: \u2013 for\u00a020-200\u00a0participants\u00a0\u20ac21\u00a0per person \u2013 For more than 200 visitors, request a custom offer. (regular price 23 \u20ac\/per person) Ticket for visitor aged 2 and older. The offer is valid: &#8211; for visiting Lotte Village during opening &hellip; <a href=\"https:\/\/lottemaa.ee\/en\/special-offers\/a-group-visit-to-lottemaa\/\">Continued<\/a><\/p>\n","protected":false},"author":11,"featured_media":348,"parent":954,"menu_order":782,"comment_status":"closed","ping_status":"closed","template":"","meta":{"_acf_changed":false,"om_disable_all_campaigns":false,"_uf_show_specific_survey":0,"_uf_disable_surveys":false,"footnotes":""},"class_list":["post-25119","page","type-page","status-publish","has-post-thumbnail","hentry"],"acf":[],"yoast_head":"<!-- This site is optimized with the Yoast SEO plugin v25.5 - https:\/\/yoast.com\/wordpress\/plugins\/seo\/ -->\n<title>Special offer for groups! | Biggest theme park in Estonia! | Lottemaa<\/title>\n<meta name=\"description\" content=\"Gather a group of friends or colleagues and spend a day at greatest theme park in Estonia!\" \/>\n<meta name=\"robots\" content=\"index, follow, max-snippet:-1, max-image-preview:large, max-video-preview:-1\" \/>\n<link rel=\"canonical\" href=\"https:\/\/lottemaa.ee\/en\/special-offers\/a-group-visit-to-lottemaa\/\" \/>\n<meta property=\"og:locale\" content=\"en_US\" \/>\n<meta property=\"og:type\" content=\"article\" \/>\n<meta property=\"og:title\" content=\"Special offer for groups! | Biggest theme park in Estonia! | Lottemaa\" \/>\n<meta property=\"og:description\" content=\"Gather a group of friends or colleagues and spend a day at greatest theme park in Estonia!\" \/>\n<meta property=\"og:url\" content=\"https:\/\/lottemaa.ee\/en\/special-offers\/a-group-visit-to-lottemaa\/\" \/>\n<meta property=\"og:site_name\" content=\"Lottemaa Teemapark\" \/>\n<meta property=\"article:modified_time\" content=\"2025-11-11T11:06:22+00:00\" \/>\n<meta property=\"og:image\" content=\"https:\/\/lottemaa.ee\/wp-content\/uploads\/2016\/04\/lottemaa-leiutajad.jpg\" \/>\n\t<meta property=\"og:image:width\" content=\"285\" \/>\n\t<meta property=\"og:image:height\" content=\"249\" \/>\n\t<meta property=\"og:image:type\" content=\"image\/jpeg\" \/>\n<meta name=\"twitter:card\" content=\"summary_large_image\" \/>\n<meta name=\"twitter:label1\" content=\"Est. reading time\" \/>\n\t<meta name=\"twitter:data1\" content=\"2 minutes\" \/>\n<script type=\"application\/ld+json\" class=\"yoast-schema-graph\">{\"@context\":\"https:\/\/schema.org\",\"@graph\":[{\"@type\":\"WebPage\",\"@id\":\"https:\/\/lottemaa.ee\/en\/special-offers\/a-group-visit-to-lottemaa\/\",\"url\":\"https:\/\/lottemaa.ee\/en\/special-offers\/a-group-visit-to-lottemaa\/\",\"name\":\"Special offer for groups! | Biggest theme park in Estonia! | Lottemaa\",\"isPartOf\":{\"@id\":\"https:\/\/lottemaa.ee\/#website\"},\"primaryImageOfPage\":{\"@id\":\"https:\/\/lottemaa.ee\/en\/special-offers\/a-group-visit-to-lottemaa\/#primaryimage\"},\"image\":{\"@id\":\"https:\/\/lottemaa.ee\/en\/special-offers\/a-group-visit-to-lottemaa\/#primaryimage\"},\"thumbnailUrl\":\"https:\/\/lottemaa.ee\/wp-content\/uploads\/2016\/04\/lottemaa-leiutajad.jpg\",\"datePublished\":\"2024-02-21T10:18:37+00:00\",\"dateModified\":\"2025-11-11T11:06:22+00:00\",\"description\":\"Gather a group of friends or colleagues and spend a day at greatest theme park in Estonia!\",\"breadcrumb\":{\"@id\":\"https:\/\/lottemaa.ee\/en\/special-offers\/a-group-visit-to-lottemaa\/#breadcrumb\"},\"inLanguage\":\"en-US\",\"potentialAction\":[{\"@type\":\"ReadAction\",\"target\":[\"https:\/\/lottemaa.ee\/en\/special-offers\/a-group-visit-to-lottemaa\/\"]}]},{\"@type\":\"ImageObject\",\"inLanguage\":\"en-US\",\"@id\":\"https:\/\/lottemaa.ee\/en\/special-offers\/a-group-visit-to-lottemaa\/#primaryimage\",\"url\":\"https:\/\/lottemaa.ee\/wp-content\/uploads\/2016\/04\/lottemaa-leiutajad.jpg\",\"contentUrl\":\"https:\/\/lottemaa.ee\/wp-content\/uploads\/2016\/04\/lottemaa-leiutajad.jpg\",\"width\":285,\"height\":249},{\"@type\":\"BreadcrumbList\",\"@id\":\"https:\/\/lottemaa.ee\/en\/special-offers\/a-group-visit-to-lottemaa\/#breadcrumb\",\"itemListElement\":[{\"@type\":\"ListItem\",\"position\":1,\"name\":\"Home\",\"item\":\"https:\/\/lottemaa.ee\/en\/\"},{\"@type\":\"ListItem\",\"position\":2,\"name\":\"Special offers\",\"item\":\"https:\/\/lottemaa.ee\/en\/special-offers\/\"},{\"@type\":\"ListItem\",\"position\":3,\"name\":\"A group visit to Lottemaa\"}]},{\"@type\":\"WebSite\",\"@id\":\"https:\/\/lottemaa.ee\/#website\",\"url\":\"https:\/\/lottemaa.ee\/\",\"name\":\"Lottemaa Teemapark\",\"description\":\"Baltimaade suurim ja k\u00f5ige \u00e4gedam kogupere teemapark Eestis P\u00e4rnumaal\",\"publisher\":{\"@id\":\"https:\/\/lottemaa.ee\/#organization\"},\"potentialAction\":[{\"@type\":\"SearchAction\",\"target\":{\"@type\":\"EntryPoint\",\"urlTemplate\":\"https:\/\/lottemaa.ee\/?s={search_term_string}\"},\"query-input\":{\"@type\":\"PropertyValueSpecification\",\"valueRequired\":true,\"valueName\":\"search_term_string\"}}],\"inLanguage\":\"en-US\"},{\"@type\":\"Organization\",\"@id\":\"https:\/\/lottemaa.ee\/#organization\",\"name\":\"Lottemaa Teemapark\",\"url\":\"https:\/\/lottemaa.ee\/\",\"logo\":{\"@type\":\"ImageObject\",\"inLanguage\":\"en-US\",\"@id\":\"https:\/\/lottemaa.ee\/#\/schema\/logo\/image\/\",\"url\":\"https:\/\/lottemaa.ee\/wp-content\/uploads\/2018\/12\/Lottemaa_LOGO.png\",\"contentUrl\":\"https:\/\/lottemaa.ee\/wp-content\/uploads\/2018\/12\/Lottemaa_LOGO.png\",\"width\":1024,\"height\":518,\"caption\":\"Lottemaa Teemapark\"},\"image\":{\"@id\":\"https:\/\/lottemaa.ee\/#\/schema\/logo\/image\/\"}}]}<\/script>\n<!-- \/ Yoast SEO plugin. -->","yoast_head_json":{"title":"Special offer for groups! | Biggest theme park in Estonia! | Lottemaa","description":"Gather a group of friends or colleagues and spend a day at greatest theme park in Estonia!","robots":{"index":"index","follow":"follow","max-snippet":"max-snippet:-1","max-image-preview":"max-image-preview:large","max-video-preview":"max-video-preview:-1"},"canonical":"https:\/\/lottemaa.ee\/en\/special-offers\/a-group-visit-to-lottemaa\/","og_locale":"en_US","og_type":"article","og_title":"Special offer for groups! | Biggest theme park in Estonia! | Lottemaa","og_description":"Gather a group of friends or colleagues and spend a day at greatest theme park in Estonia!","og_url":"https:\/\/lottemaa.ee\/en\/special-offers\/a-group-visit-to-lottemaa\/","og_site_name":"Lottemaa Teemapark","article_modified_time":"2025-11-11T11:06:22+00:00","og_image":[{"width":285,"height":249,"url":"https:\/\/lottemaa.ee\/wp-content\/uploads\/2016\/04\/lottemaa-leiutajad.jpg","type":"image\/jpeg"}],"twitter_card":"summary_large_image","twitter_misc":{"Est. reading time":"2 minutes"},"schema":{"@context":"https:\/\/schema.org","@graph":[{"@type":"WebPage","@id":"https:\/\/lottemaa.ee\/en\/special-offers\/a-group-visit-to-lottemaa\/","url":"https:\/\/lottemaa.ee\/en\/special-offers\/a-group-visit-to-lottemaa\/","name":"Special offer for groups! | Biggest theme park in Estonia! | Lottemaa","isPartOf":{"@id":"https:\/\/lottemaa.ee\/#website"},"primaryImageOfPage":{"@id":"https:\/\/lottemaa.ee\/en\/special-offers\/a-group-visit-to-lottemaa\/#primaryimage"},"image":{"@id":"https:\/\/lottemaa.ee\/en\/special-offers\/a-group-visit-to-lottemaa\/#primaryimage"},"thumbnailUrl":"https:\/\/lottemaa.ee\/wp-content\/uploads\/2016\/04\/lottemaa-leiutajad.jpg","datePublished":"2024-02-21T10:18:37+00:00","dateModified":"2025-11-11T11:06:22+00:00","description":"Gather a group of friends or colleagues and spend a day at greatest theme park in Estonia!","breadcrumb":{"@id":"https:\/\/lottemaa.ee\/en\/special-offers\/a-group-visit-to-lottemaa\/#breadcrumb"},"inLanguage":"en-US","potentialAction":[{"@type":"ReadAction","target":["https:\/\/lottemaa.ee\/en\/special-offers\/a-group-visit-to-lottemaa\/"]}]},{"@type":"ImageObject","inLanguage":"en-US","@id":"https:\/\/lottemaa.ee\/en\/special-offers\/a-group-visit-to-lottemaa\/#primaryimage","url":"https:\/\/lottemaa.ee\/wp-content\/uploads\/2016\/04\/lottemaa-leiutajad.jpg","contentUrl":"https:\/\/lottemaa.ee\/wp-content\/uploads\/2016\/04\/lottemaa-leiutajad.jpg","width":285,"height":249},{"@type":"BreadcrumbList","@id":"https:\/\/lottemaa.ee\/en\/special-offers\/a-group-visit-to-lottemaa\/#breadcrumb","itemListElement":[{"@type":"ListItem","position":1,"name":"Home","item":"https:\/\/lottemaa.ee\/en\/"},{"@type":"ListItem","position":2,"name":"Special offers","item":"https:\/\/lottemaa.ee\/en\/special-offers\/"},{"@type":"ListItem","position":3,"name":"A group visit to Lottemaa"}]},{"@type":"WebSite","@id":"https:\/\/lottemaa.ee\/#website","url":"https:\/\/lottemaa.ee\/","name":"Lottemaa Teemapark","description":"Baltimaade suurim ja k\u00f5ige \u00e4gedam kogupere teemapark Eestis P\u00e4rnumaal","publisher":{"@id":"https:\/\/lottemaa.ee\/#organization"},"potentialAction":[{"@type":"SearchAction","target":{"@type":"EntryPoint","urlTemplate":"https:\/\/lottemaa.ee\/?s={search_term_string}"},"query-input":{"@type":"PropertyValueSpecification","valueRequired":true,"valueName":"search_term_string"}}],"inLanguage":"en-US"},{"@type":"Organization","@id":"https:\/\/lottemaa.ee\/#organization","name":"Lottemaa Teemapark","url":"https:\/\/lottemaa.ee\/","logo":{"@type":"ImageObject","inLanguage":"en-US","@id":"https:\/\/lottemaa.ee\/#\/schema\/logo\/image\/","url":"https:\/\/lottemaa.ee\/wp-content\/uploads\/2018\/12\/Lottemaa_LOGO.png","contentUrl":"https:\/\/lottemaa.ee\/wp-content\/uploads\/2018\/12\/Lottemaa_LOGO.png","width":1024,"height":518,"caption":"Lottemaa Teemapark"},"image":{"@id":"https:\/\/lottemaa.ee\/#\/schema\/logo\/image\/"}}]}},"_links":{"self":[{"href":"https:\/\/lottemaa.ee\/en\/wp-json\/wp\/v2\/pages\/25119","targetHints":{"allow":["GET"]}}],"collection":[{"href":"https:\/\/lottemaa.ee\/en\/wp-json\/wp\/v2\/pages"}],"about":[{"href":"https:\/\/lottemaa.ee\/en\/wp-json\/wp\/v2\/types\/page"}],"author":[{"embeddable":true,"href":"https:\/\/lottemaa.ee\/en\/wp-json\/wp\/v2\/users\/11"}],"replies":[{"embeddable":true,"href":"https:\/\/lottemaa.ee\/en\/wp-json\/wp\/v2\/comments?post=25119"}],"version-history":[{"count":5,"href":"https:\/\/lottemaa.ee\/en\/wp-json\/wp\/v2\/pages\/25119\/revisions"}],"predecessor-version":[{"id":31900,"href":"https:\/\/lottemaa.ee\/en\/wp-json\/wp\/v2\/pages\/25119\/revisions\/31900"}],"up":[{"embeddable":true,"href":"https:\/\/lottemaa.ee\/en\/wp-json\/wp\/v2\/pages\/954"}],"wp:featuredmedia":[{"embeddable":true,"href":"https:\/\/lottemaa.ee\/en\/wp-json\/wp\/v2\/media\/348"}],"wp:attachment":[{"href":"https:\/\/lottemaa.ee\/en\/wp-json\/wp\/v2\/media?parent=25119"}],"curies":[{"name":"wp","href":"https:\/\/api.w.org\/{rel}","templated":true}]}}