{"id":24499,"date":"2023-12-27T13:48:41","date_gmt":"2023-12-27T11:48:41","guid":{"rendered":"https:\/\/lottemaa.ee\/?page_id=24499"},"modified":"2026-01-04T22:28:34","modified_gmt":"2026-01-04T20:28:34","slug":"lotte-village-gift-card","status":"publish","type":"page","link":"https:\/\/lottemaa.ee\/en\/lotte-village-gift-card\/","title":{"rendered":"GIFT CARD"},"content":{"rendered":"<p style=\"text-align: left;\"><strong><span style=\"color: #000000;\"><img loading=\"lazy\" decoding=\"async\" class=\"alignright size-medium wp-image-24797\" src=\"https:\/\/lottemaa.ee\/wp-content\/uploads\/2024\/01\/kinkekaart_banner_1080x1080_eng-300x300.jpg\" alt=\"\" width=\"300\" height=\"300\" srcset=\"https:\/\/lottemaa.ee\/wp-content\/uploads\/2024\/01\/kinkekaart_banner_1080x1080_eng-300x300.jpg 300w, https:\/\/lottemaa.ee\/wp-content\/uploads\/2024\/01\/kinkekaart_banner_1080x1080_eng-1024x1024.jpg 1024w, https:\/\/lottemaa.ee\/wp-content\/uploads\/2024\/01\/kinkekaart_banner_1080x1080_eng-150x150.jpg 150w, https:\/\/lottemaa.ee\/wp-content\/uploads\/2024\/01\/kinkekaart_banner_1080x1080_eng-768x768.jpg 768w, https:\/\/lottemaa.ee\/wp-content\/uploads\/2024\/01\/kinkekaart_banner_1080x1080_eng-114x114.jpg 114w, https:\/\/lottemaa.ee\/wp-content\/uploads\/2024\/01\/kinkekaart_banner_1080x1080_eng.jpg 1080w\" sizes=\"auto, (max-width: 300px) 100vw, 300px\" \/>With a Lotte Village gift card, Lotte fans will receive a truly precious and long-awaited surprise.<\/span><\/strong><\/p>\n<p style=\"text-align: left;\">You can choose the value of the gift card yourself. It gives the recipient the opportunity to purchase tickets for their desired season from our official ticketing platform, Fienta.com.<\/p>\n<p style=\"text-align: left;\">The gift card can be used multiple times until its total amount has been redeemed. If the purchase amount exceeds the value of the gift card, the remaining amount can be paid additionally.<\/p>\n<p style=\"text-align: left;\">The gift card is valid for exactly <span style=\"color: #000000;\"><strong>one year<\/strong><\/span> starting from the moment of issuance.<\/p>\n<p style=\"text-align: left;\">View a sample gift card<a href=\"https:\/\/lottemaa.ee\/wp-content\/uploads\/2026\/01\/gift-card-123456789.pdf\"><strong> HERE \u00bb<\/strong><\/a><\/p>\n<p style=\"text-align: left;\"><a href=\"https:\/\/fienta.com\/lottemaa-kinkekaart\"><img loading=\"lazy\" decoding=\"async\" class=\"size-full wp-image-24500 alignnone\" src=\"https:\/\/lottemaa.ee\/wp-content\/uploads\/2023\/12\/osta_siit_eng.png\" alt=\"\" width=\"312\" height=\"103\" srcset=\"https:\/\/lottemaa.ee\/wp-content\/uploads\/2023\/12\/osta_siit_eng.png 312w, https:\/\/lottemaa.ee\/wp-content\/uploads\/2023\/12\/osta_siit_eng-300x99.png 300w, https:\/\/lottemaa.ee\/wp-content\/uploads\/2023\/12\/osta_siit_eng-114x38.png 114w\" sizes=\"auto, (max-width: 312px) 100vw, 312px\" \/><\/a><\/p>\n<h3 style=\"text-align: left;\">PLEASE NOTE!<\/h3>\n<p>\u2013 The gift card <span style=\"color: #000000;\"><strong>CANNOT<\/strong> <\/span>be extended, refunded, modified or used to purchase other gift cards.<br \/>\n\u2013 The gift card is only valid for purchasing Lotte village tickets on the Fienta.com website. The gift card is <span style=\"color: #000000;\"><strong>NOT VALID<\/strong><\/span> for purchases at Lotte village\u2019s on-site ticket counters, in its catering establishments or its stores.<\/p>\n","protected":false},"excerpt":{"rendered":"<p>With a Lotte Village gift card, Lotte fans will receive a truly precious and long-awaited surprise. You can choose the value of the gift card yourself. It gives the recipient the opportunity to purchase tickets for their desired season from our official ticketing platform, Fienta.com. The gift card can be used multiple times until its &hellip; <a href=\"https:\/\/lottemaa.ee\/en\/lotte-village-gift-card\/\">Continued<\/a><\/p>\n","protected":false},"author":7,"featured_media":24797,"parent":0,"menu_order":30,"comment_status":"closed","ping_status":"closed","template":"","meta":{"_acf_changed":false,"om_disable_all_campaigns":false,"_uf_show_specific_survey":0,"_uf_disable_surveys":false,"footnotes":""},"class_list":["post-24499","page","type-page","status-publish","has-post-thumbnail","hentry"],"acf":[],"yoast_head":"<!-- This site is optimized with the Yoast SEO plugin v25.5 - https:\/\/yoast.com\/wordpress\/plugins\/seo\/ -->\n<title>Lotte Village Gift card | Lottemaa Teemapark<\/title>\n<meta name=\"description\" content=\"Perfect gift to Lotte fans! Buy Lottemaa Gift Card from here.\" \/>\n<meta name=\"robots\" content=\"index, follow, max-snippet:-1, max-image-preview:large, max-video-preview:-1\" \/>\n<link rel=\"canonical\" href=\"https:\/\/lottemaa.ee\/en\/lotte-village-gift-card\/\" \/>\n<meta property=\"og:locale\" content=\"en_US\" \/>\n<meta property=\"og:type\" content=\"article\" \/>\n<meta property=\"og:title\" content=\"Lotte Village Gift card | Lottemaa Teemapark\" \/>\n<meta property=\"og:description\" content=\"Perfect gift to Lotte fans! Buy Lottemaa Gift Card from here.\" \/>\n<meta property=\"og:url\" content=\"https:\/\/lottemaa.ee\/en\/lotte-village-gift-card\/\" \/>\n<meta property=\"og:site_name\" content=\"Lottemaa Teemapark\" \/>\n<meta property=\"article:modified_time\" content=\"2026-01-04T20:28:34+00:00\" \/>\n<meta property=\"og:image\" content=\"https:\/\/lottemaa.ee\/wp-content\/uploads\/2024\/01\/kinkekaart_banner_1080x1080_eng.jpg\" \/>\n\t<meta property=\"og:image:width\" content=\"1080\" \/>\n\t<meta property=\"og:image:height\" content=\"1080\" \/>\n\t<meta property=\"og:image:type\" content=\"image\/jpeg\" \/>\n<meta name=\"twitter:card\" content=\"summary_large_image\" \/>\n<meta name=\"twitter:label1\" content=\"Est. reading time\" \/>\n\t<meta name=\"twitter:data1\" content=\"2 minutes\" \/>\n<script type=\"application\/ld+json\" class=\"yoast-schema-graph\">{\"@context\":\"https:\/\/schema.org\",\"@graph\":[{\"@type\":\"WebPage\",\"@id\":\"https:\/\/lottemaa.ee\/en\/lotte-village-gift-card\/\",\"url\":\"https:\/\/lottemaa.ee\/en\/lotte-village-gift-card\/\",\"name\":\"Lotte Village Gift card | Lottemaa Teemapark\",\"isPartOf\":{\"@id\":\"https:\/\/lottemaa.ee\/#website\"},\"primaryImageOfPage\":{\"@id\":\"https:\/\/lottemaa.ee\/en\/lotte-village-gift-card\/#primaryimage\"},\"image\":{\"@id\":\"https:\/\/lottemaa.ee\/en\/lotte-village-gift-card\/#primaryimage\"},\"thumbnailUrl\":\"https:\/\/lottemaa.ee\/wp-content\/uploads\/2024\/01\/kinkekaart_banner_1080x1080_eng.jpg\",\"datePublished\":\"2023-12-27T11:48:41+00:00\",\"dateModified\":\"2026-01-04T20:28:34+00:00\",\"description\":\"Perfect gift to Lotte fans! Buy Lottemaa Gift Card from here.\",\"breadcrumb\":{\"@id\":\"https:\/\/lottemaa.ee\/en\/lotte-village-gift-card\/#breadcrumb\"},\"inLanguage\":\"en-US\",\"potentialAction\":[{\"@type\":\"ReadAction\",\"target\":[\"https:\/\/lottemaa.ee\/en\/lotte-village-gift-card\/\"]}]},{\"@type\":\"ImageObject\",\"inLanguage\":\"en-US\",\"@id\":\"https:\/\/lottemaa.ee\/en\/lotte-village-gift-card\/#primaryimage\",\"url\":\"https:\/\/lottemaa.ee\/wp-content\/uploads\/2024\/01\/kinkekaart_banner_1080x1080_eng.jpg\",\"contentUrl\":\"https:\/\/lottemaa.ee\/wp-content\/uploads\/2024\/01\/kinkekaart_banner_1080x1080_eng.jpg\",\"width\":1080,\"height\":1080},{\"@type\":\"BreadcrumbList\",\"@id\":\"https:\/\/lottemaa.ee\/en\/lotte-village-gift-card\/#breadcrumb\",\"itemListElement\":[{\"@type\":\"ListItem\",\"position\":1,\"name\":\"Home\",\"item\":\"https:\/\/lottemaa.ee\/en\/\"},{\"@type\":\"ListItem\",\"position\":2,\"name\":\"GIFT CARD\"}]},{\"@type\":\"WebSite\",\"@id\":\"https:\/\/lottemaa.ee\/#website\",\"url\":\"https:\/\/lottemaa.ee\/\",\"name\":\"Lottemaa Teemapark\",\"description\":\"Baltimaade suurim ja k\u00f5ige \u00e4gedam kogupere teemapark Eestis P\u00e4rnumaal\",\"publisher\":{\"@id\":\"https:\/\/lottemaa.ee\/#organization\"},\"potentialAction\":[{\"@type\":\"SearchAction\",\"target\":{\"@type\":\"EntryPoint\",\"urlTemplate\":\"https:\/\/lottemaa.ee\/?s={search_term_string}\"},\"query-input\":{\"@type\":\"PropertyValueSpecification\",\"valueRequired\":true,\"valueName\":\"search_term_string\"}}],\"inLanguage\":\"en-US\"},{\"@type\":\"Organization\",\"@id\":\"https:\/\/lottemaa.ee\/#organization\",\"name\":\"Lottemaa Teemapark\",\"url\":\"https:\/\/lottemaa.ee\/\",\"logo\":{\"@type\":\"ImageObject\",\"inLanguage\":\"en-US\",\"@id\":\"https:\/\/lottemaa.ee\/#\/schema\/logo\/image\/\",\"url\":\"https:\/\/lottemaa.ee\/wp-content\/uploads\/2018\/12\/Lottemaa_LOGO.png\",\"contentUrl\":\"https:\/\/lottemaa.ee\/wp-content\/uploads\/2018\/12\/Lottemaa_LOGO.png\",\"width\":1024,\"height\":518,\"caption\":\"Lottemaa Teemapark\"},\"image\":{\"@id\":\"https:\/\/lottemaa.ee\/#\/schema\/logo\/image\/\"}}]}<\/script>\n<!-- \/ Yoast SEO plugin. -->","yoast_head_json":{"title":"Lotte Village Gift card | Lottemaa Teemapark","description":"Perfect gift to Lotte fans! Buy Lottemaa Gift Card from here.","robots":{"index":"index","follow":"follow","max-snippet":"max-snippet:-1","max-image-preview":"max-image-preview:large","max-video-preview":"max-video-preview:-1"},"canonical":"https:\/\/lottemaa.ee\/en\/lotte-village-gift-card\/","og_locale":"en_US","og_type":"article","og_title":"Lotte Village Gift card | Lottemaa Teemapark","og_description":"Perfect gift to Lotte fans! Buy Lottemaa Gift Card from here.","og_url":"https:\/\/lottemaa.ee\/en\/lotte-village-gift-card\/","og_site_name":"Lottemaa Teemapark","article_modified_time":"2026-01-04T20:28:34+00:00","og_image":[{"width":1080,"height":1080,"url":"https:\/\/lottemaa.ee\/wp-content\/uploads\/2024\/01\/kinkekaart_banner_1080x1080_eng.jpg","type":"image\/jpeg"}],"twitter_card":"summary_large_image","twitter_misc":{"Est. reading time":"2 minutes"},"schema":{"@context":"https:\/\/schema.org","@graph":[{"@type":"WebPage","@id":"https:\/\/lottemaa.ee\/en\/lotte-village-gift-card\/","url":"https:\/\/lottemaa.ee\/en\/lotte-village-gift-card\/","name":"Lotte Village Gift card | Lottemaa Teemapark","isPartOf":{"@id":"https:\/\/lottemaa.ee\/#website"},"primaryImageOfPage":{"@id":"https:\/\/lottemaa.ee\/en\/lotte-village-gift-card\/#primaryimage"},"image":{"@id":"https:\/\/lottemaa.ee\/en\/lotte-village-gift-card\/#primaryimage"},"thumbnailUrl":"https:\/\/lottemaa.ee\/wp-content\/uploads\/2024\/01\/kinkekaart_banner_1080x1080_eng.jpg","datePublished":"2023-12-27T11:48:41+00:00","dateModified":"2026-01-04T20:28:34+00:00","description":"Perfect gift to Lotte fans! Buy Lottemaa Gift Card from here.","breadcrumb":{"@id":"https:\/\/lottemaa.ee\/en\/lotte-village-gift-card\/#breadcrumb"},"inLanguage":"en-US","potentialAction":[{"@type":"ReadAction","target":["https:\/\/lottemaa.ee\/en\/lotte-village-gift-card\/"]}]},{"@type":"ImageObject","inLanguage":"en-US","@id":"https:\/\/lottemaa.ee\/en\/lotte-village-gift-card\/#primaryimage","url":"https:\/\/lottemaa.ee\/wp-content\/uploads\/2024\/01\/kinkekaart_banner_1080x1080_eng.jpg","contentUrl":"https:\/\/lottemaa.ee\/wp-content\/uploads\/2024\/01\/kinkekaart_banner_1080x1080_eng.jpg","width":1080,"height":1080},{"@type":"BreadcrumbList","@id":"https:\/\/lottemaa.ee\/en\/lotte-village-gift-card\/#breadcrumb","itemListElement":[{"@type":"ListItem","position":1,"name":"Home","item":"https:\/\/lottemaa.ee\/en\/"},{"@type":"ListItem","position":2,"name":"GIFT CARD"}]},{"@type":"WebSite","@id":"https:\/\/lottemaa.ee\/#website","url":"https:\/\/lottemaa.ee\/","name":"Lottemaa Teemapark","description":"Baltimaade suurim ja k\u00f5ige \u00e4gedam kogupere teemapark Eestis P\u00e4rnumaal","publisher":{"@id":"https:\/\/lottemaa.ee\/#organization"},"potentialAction":[{"@type":"SearchAction","target":{"@type":"EntryPoint","urlTemplate":"https:\/\/lottemaa.ee\/?s={search_term_string}"},"query-input":{"@type":"PropertyValueSpecification","valueRequired":true,"valueName":"search_term_string"}}],"inLanguage":"en-US"},{"@type":"Organization","@id":"https:\/\/lottemaa.ee\/#organization","name":"Lottemaa Teemapark","url":"https:\/\/lottemaa.ee\/","logo":{"@type":"ImageObject","inLanguage":"en-US","@id":"https:\/\/lottemaa.ee\/#\/schema\/logo\/image\/","url":"https:\/\/lottemaa.ee\/wp-content\/uploads\/2018\/12\/Lottemaa_LOGO.png","contentUrl":"https:\/\/lottemaa.ee\/wp-content\/uploads\/2018\/12\/Lottemaa_LOGO.png","width":1024,"height":518,"caption":"Lottemaa Teemapark"},"image":{"@id":"https:\/\/lottemaa.ee\/#\/schema\/logo\/image\/"}}]}},"_links":{"self":[{"href":"https:\/\/lottemaa.ee\/en\/wp-json\/wp\/v2\/pages\/24499","targetHints":{"allow":["GET"]}}],"collection":[{"href":"https:\/\/lottemaa.ee\/en\/wp-json\/wp\/v2\/pages"}],"about":[{"href":"https:\/\/lottemaa.ee\/en\/wp-json\/wp\/v2\/types\/page"}],"author":[{"embeddable":true,"href":"https:\/\/lottemaa.ee\/en\/wp-json\/wp\/v2\/users\/7"}],"replies":[{"embeddable":true,"href":"https:\/\/lottemaa.ee\/en\/wp-json\/wp\/v2\/comments?post=24499"}],"version-history":[{"count":5,"href":"https:\/\/lottemaa.ee\/en\/wp-json\/wp\/v2\/pages\/24499\/revisions"}],"predecessor-version":[{"id":32600,"href":"https:\/\/lottemaa.ee\/en\/wp-json\/wp\/v2\/pages\/24499\/revisions\/32600"}],"wp:featuredmedia":[{"embeddable":true,"href":"https:\/\/lottemaa.ee\/en\/wp-json\/wp\/v2\/media\/24797"}],"wp:attachment":[{"href":"https:\/\/lottemaa.ee\/en\/wp-json\/wp\/v2\/media?parent=24499"}],"curies":[{"name":"wp","href":"https:\/\/api.w.org\/{rel}","templated":true}]}}