{"id":23455,"date":"2023-08-23T12:51:29","date_gmt":"2023-08-23T09:51:29","guid":{"rendered":"https:\/\/lottemaa.ee\/?page_id=23455"},"modified":"2025-12-09T10:27:06","modified_gmt":"2025-12-09T08:27:06","slug":"christmas-wonderland","status":"publish","type":"page","link":"https:\/\/lottemaa.ee\/en\/christmas-wonderland\/","title":{"rendered":"CHRISTMAS WONDERLAND"},"content":{"rendered":"<p><strong>Estonia\u2019s most magical Christmas event for the whole family!<\/strong><\/p>\n<h3><span style=\"color: #0000ff;\">13.-14.12 | 20.-21.12 | 26.-30.12 | 2.-4.01<\/span><br \/>\n<span style=\"color: #ff0000;\">every day from 3 pm to 7 pm<\/span><\/h3>\n<p style=\"text-align: left;\">This winter, Lotte Village transforms into a <strong>truly magical fairytale world<\/strong>. The gates open at twilight when Gadgetville turns, as if by magic, into a mystical and breathtaking winter dreamland. The villagers have decorated their homes and forest paths with sparkling Christmas lights, revealing a secret, moonlit side of the village you\u2019ve never experienced before!<\/p>\n<p style=\"text-align: left;\">Expect Christmas <strong>PLAYS<\/strong> full of excitement, surprises, humour and laughter, and a lively winter <strong>CONCERT<\/strong> that will warm even the most reserved hearts!<\/p>\n<p style=\"text-align: left;\">Whatever the weather \u2013 be it rain or crisp frost \u2013 the village houses are always cosy and welcoming, full of fun and discoveries.<\/p>\n<h3><span style=\"color: #0000ff;\">PROGRAM HIGHLIGHTS:<\/span><\/h3>\n<p>&#8211; <strong>NEW!<\/strong> A warm and humorous main performance<br \/>\n&#8211; <strong>NEW!<\/strong> Small shows at different sites in the village<br \/>\n&#8211; Concert with timeless favourites and brand new Gadgetville songs<br \/>\n&#8211; Meet Gadgetville\u2019s very own Santa Claus, Wolfgang!<br \/>\n&#8211; Songs and games with Lotte and her friends<br \/>\n&#8211; Winter sports with Bruno\u2019s dad, Mati<br \/>\n&#8211; Adventures on the Gadgetville adventure trail<\/p>\n<p>See the <strong>FULL PROGRAM<\/strong> <a href=\"https:\/\/lottemaa.ee\/en\/a-day-in-lotte-village\/programme\/\">here \u00bb<\/a><\/p>\n<p>The <a href=\"https:\/\/lottemaa.ee\/en\/a-day-in-lotte-village\/food-drink\/gadgetville-cafe\/\"><strong>Lotte village caf\u00e9<\/strong><\/a> and <strong><a href=\"https:\/\/lottemaa.ee\/en\/a-day-in-lotte-village\/food-drink\/mammas-pancakes\/\">Anna\u00b4s Pancakes<\/a><\/strong> House will be open throughout the event.<br \/>\nAt <a href=\"https:\/\/lottemaa.ee\/en\/a-day-in-lotte-village\/arturs-shopsouvenirs\/\"><strong>Artur&#8217;s shop<\/strong><\/a>, you\u2019ll find fun gifts and souvenirs to remember your magical winter day in Lotte Village.<\/p>\n<p><a href=\"https:\/\/fienta.com\/lottemaa-joulumaa-2025\"><img loading=\"lazy\" decoding=\"async\" class=\"alignnone wp-image-19192 size-full\" src=\"https:\/\/lottemaa.ee\/wp-content\/uploads\/2023\/01\/osta_pilet_siit_eng.png\" alt=\"\" width=\"373\" height=\"102\" srcset=\"https:\/\/lottemaa.ee\/wp-content\/uploads\/2023\/01\/osta_pilet_siit_eng.png 373w, https:\/\/lottemaa.ee\/wp-content\/uploads\/2023\/01\/osta_pilet_siit_eng-300x82.png 300w, https:\/\/lottemaa.ee\/wp-content\/uploads\/2023\/01\/osta_pilet_siit_eng-114x31.png 114w\" sizes=\"auto, (max-width: 373px) 100vw, 373px\" \/><\/a><\/p>\n<hr \/>\n<p><strong>See more:<\/strong><\/p>\n<ul>\n<li>Special offer for <strong>groups<\/strong> <a href=\"https:\/\/lottemaa.ee\/en\/special-offers\/a-group-visit-to-lottemaa\/\">HERE \u00bb<\/a><\/li>\n<li>Special offer for <a href=\"https:\/\/clubone.tallink.com\/\">Tallink<\/a> <strong>CLUB ONE<\/strong> card owner, <a href=\"https:\/\/lottemaa.ee\/en\/special-offers\/club-one-special-offer\/\">HERE \u00bb<\/a><\/li>\n<\/ul>\n","protected":false},"excerpt":{"rendered":"<p>Estonia\u2019s most magical Christmas event for the whole family! 13.-14.12 | 20.-21.12 | 26.-30.12 | 2.-4.01 every day from 3 pm to 7 pm This winter, Lotte Village transforms into a truly magical fairytale world. The gates open at twilight when Gadgetville turns, as if by magic, into a mystical and breathtaking winter dreamland. The &hellip; <a href=\"https:\/\/lottemaa.ee\/en\/christmas-wonderland\/\">Continued<\/a><\/p>\n","protected":false},"author":11,"featured_media":31071,"parent":0,"menu_order":15,"comment_status":"closed","ping_status":"closed","template":"","meta":{"_acf_changed":false,"om_disable_all_campaigns":false,"_uf_show_specific_survey":0,"_uf_disable_surveys":false,"footnotes":""},"class_list":["post-23455","page","type-page","status-publish","has-post-thumbnail","hentry"],"acf":[],"yoast_head":"<!-- This site is optimized with the Yoast SEO plugin v25.5 - https:\/\/yoast.com\/wordpress\/plugins\/seo\/ -->\n<title>CHRISTMAS WONDERLAND | Lottemaa Teemapark<\/title>\n<meta name=\"description\" content=\"At Christmas time, Gadgetville transforms into a winter wonderland. Visitors are welcome to enjoy delightful Christmas plays full of surprises and a festive concert.\" \/>\n<meta name=\"robots\" content=\"index, follow, max-snippet:-1, max-image-preview:large, max-video-preview:-1\" \/>\n<link rel=\"canonical\" href=\"https:\/\/lottemaa.ee\/en\/christmas-wonderland\/\" \/>\n<meta property=\"og:locale\" content=\"en_US\" \/>\n<meta property=\"og:type\" content=\"article\" \/>\n<meta property=\"og:title\" content=\"CHRISTMAS WONDERLAND | Lottemaa Teemapark\" \/>\n<meta property=\"og:description\" content=\"At Christmas time, Gadgetville transforms into a winter wonderland. Visitors are welcome to enjoy delightful Christmas plays full of surprises and a festive concert.\" \/>\n<meta property=\"og:url\" content=\"https:\/\/lottemaa.ee\/en\/christmas-wonderland\/\" \/>\n<meta property=\"og:site_name\" content=\"Lottemaa Teemapark\" \/>\n<meta property=\"article:modified_time\" content=\"2025-12-09T08:27:06+00:00\" \/>\n<meta property=\"og:image\" content=\"https:\/\/lottemaa.ee\/wp-content\/uploads\/2025\/08\/joulumaa2025_perepaevad_1080x1080.jpg\" \/>\n\t<meta property=\"og:image:width\" content=\"1080\" \/>\n\t<meta property=\"og:image:height\" content=\"1080\" \/>\n\t<meta property=\"og:image:type\" content=\"image\/jpeg\" \/>\n<meta name=\"twitter:card\" content=\"summary_large_image\" \/>\n<meta name=\"twitter:label1\" content=\"Est. reading time\" \/>\n\t<meta name=\"twitter:data1\" content=\"2 minutes\" \/>\n<script type=\"application\/ld+json\" class=\"yoast-schema-graph\">{\"@context\":\"https:\/\/schema.org\",\"@graph\":[{\"@type\":\"WebPage\",\"@id\":\"https:\/\/lottemaa.ee\/en\/christmas-wonderland\/\",\"url\":\"https:\/\/lottemaa.ee\/en\/christmas-wonderland\/\",\"name\":\"CHRISTMAS WONDERLAND | Lottemaa Teemapark\",\"isPartOf\":{\"@id\":\"https:\/\/lottemaa.ee\/#website\"},\"primaryImageOfPage\":{\"@id\":\"https:\/\/lottemaa.ee\/en\/christmas-wonderland\/#primaryimage\"},\"image\":{\"@id\":\"https:\/\/lottemaa.ee\/en\/christmas-wonderland\/#primaryimage\"},\"thumbnailUrl\":\"https:\/\/lottemaa.ee\/wp-content\/uploads\/2025\/08\/joulumaa2025_perepaevad_1080x1080.jpg\",\"datePublished\":\"2023-08-23T09:51:29+00:00\",\"dateModified\":\"2025-12-09T08:27:06+00:00\",\"description\":\"At Christmas time, Gadgetville transforms into a winter wonderland. Visitors are welcome to enjoy delightful Christmas plays full of surprises and a festive concert.\",\"breadcrumb\":{\"@id\":\"https:\/\/lottemaa.ee\/en\/christmas-wonderland\/#breadcrumb\"},\"inLanguage\":\"en-US\",\"potentialAction\":[{\"@type\":\"ReadAction\",\"target\":[\"https:\/\/lottemaa.ee\/en\/christmas-wonderland\/\"]}]},{\"@type\":\"ImageObject\",\"inLanguage\":\"en-US\",\"@id\":\"https:\/\/lottemaa.ee\/en\/christmas-wonderland\/#primaryimage\",\"url\":\"https:\/\/lottemaa.ee\/wp-content\/uploads\/2025\/08\/joulumaa2025_perepaevad_1080x1080.jpg\",\"contentUrl\":\"https:\/\/lottemaa.ee\/wp-content\/uploads\/2025\/08\/joulumaa2025_perepaevad_1080x1080.jpg\",\"width\":1080,\"height\":1080},{\"@type\":\"BreadcrumbList\",\"@id\":\"https:\/\/lottemaa.ee\/en\/christmas-wonderland\/#breadcrumb\",\"itemListElement\":[{\"@type\":\"ListItem\",\"position\":1,\"name\":\"Home\",\"item\":\"https:\/\/lottemaa.ee\/en\/\"},{\"@type\":\"ListItem\",\"position\":2,\"name\":\"CHRISTMAS WONDERLAND\"}]},{\"@type\":\"WebSite\",\"@id\":\"https:\/\/lottemaa.ee\/#website\",\"url\":\"https:\/\/lottemaa.ee\/\",\"name\":\"Lottemaa Teemapark\",\"description\":\"Baltimaade suurim ja k\u00f5ige \u00e4gedam kogupere teemapark Eestis P\u00e4rnumaal\",\"publisher\":{\"@id\":\"https:\/\/lottemaa.ee\/#organization\"},\"potentialAction\":[{\"@type\":\"SearchAction\",\"target\":{\"@type\":\"EntryPoint\",\"urlTemplate\":\"https:\/\/lottemaa.ee\/?s={search_term_string}\"},\"query-input\":{\"@type\":\"PropertyValueSpecification\",\"valueRequired\":true,\"valueName\":\"search_term_string\"}}],\"inLanguage\":\"en-US\"},{\"@type\":\"Organization\",\"@id\":\"https:\/\/lottemaa.ee\/#organization\",\"name\":\"Lottemaa Teemapark\",\"url\":\"https:\/\/lottemaa.ee\/\",\"logo\":{\"@type\":\"ImageObject\",\"inLanguage\":\"en-US\",\"@id\":\"https:\/\/lottemaa.ee\/#\/schema\/logo\/image\/\",\"url\":\"https:\/\/lottemaa.ee\/wp-content\/uploads\/2018\/12\/Lottemaa_LOGO.png\",\"contentUrl\":\"https:\/\/lottemaa.ee\/wp-content\/uploads\/2018\/12\/Lottemaa_LOGO.png\",\"width\":1024,\"height\":518,\"caption\":\"Lottemaa Teemapark\"},\"image\":{\"@id\":\"https:\/\/lottemaa.ee\/#\/schema\/logo\/image\/\"}}]}<\/script>\n<!-- \/ Yoast SEO plugin. -->","yoast_head_json":{"title":"CHRISTMAS WONDERLAND | Lottemaa Teemapark","description":"At Christmas time, Gadgetville transforms into a winter wonderland. Visitors are welcome to enjoy delightful Christmas plays full of surprises and a festive concert.","robots":{"index":"index","follow":"follow","max-snippet":"max-snippet:-1","max-image-preview":"max-image-preview:large","max-video-preview":"max-video-preview:-1"},"canonical":"https:\/\/lottemaa.ee\/en\/christmas-wonderland\/","og_locale":"en_US","og_type":"article","og_title":"CHRISTMAS WONDERLAND | Lottemaa Teemapark","og_description":"At Christmas time, Gadgetville transforms into a winter wonderland. Visitors are welcome to enjoy delightful Christmas plays full of surprises and a festive concert.","og_url":"https:\/\/lottemaa.ee\/en\/christmas-wonderland\/","og_site_name":"Lottemaa Teemapark","article_modified_time":"2025-12-09T08:27:06+00:00","og_image":[{"width":1080,"height":1080,"url":"https:\/\/lottemaa.ee\/wp-content\/uploads\/2025\/08\/joulumaa2025_perepaevad_1080x1080.jpg","type":"image\/jpeg"}],"twitter_card":"summary_large_image","twitter_misc":{"Est. reading time":"2 minutes"},"schema":{"@context":"https:\/\/schema.org","@graph":[{"@type":"WebPage","@id":"https:\/\/lottemaa.ee\/en\/christmas-wonderland\/","url":"https:\/\/lottemaa.ee\/en\/christmas-wonderland\/","name":"CHRISTMAS WONDERLAND | Lottemaa Teemapark","isPartOf":{"@id":"https:\/\/lottemaa.ee\/#website"},"primaryImageOfPage":{"@id":"https:\/\/lottemaa.ee\/en\/christmas-wonderland\/#primaryimage"},"image":{"@id":"https:\/\/lottemaa.ee\/en\/christmas-wonderland\/#primaryimage"},"thumbnailUrl":"https:\/\/lottemaa.ee\/wp-content\/uploads\/2025\/08\/joulumaa2025_perepaevad_1080x1080.jpg","datePublished":"2023-08-23T09:51:29+00:00","dateModified":"2025-12-09T08:27:06+00:00","description":"At Christmas time, Gadgetville transforms into a winter wonderland. Visitors are welcome to enjoy delightful Christmas plays full of surprises and a festive concert.","breadcrumb":{"@id":"https:\/\/lottemaa.ee\/en\/christmas-wonderland\/#breadcrumb"},"inLanguage":"en-US","potentialAction":[{"@type":"ReadAction","target":["https:\/\/lottemaa.ee\/en\/christmas-wonderland\/"]}]},{"@type":"ImageObject","inLanguage":"en-US","@id":"https:\/\/lottemaa.ee\/en\/christmas-wonderland\/#primaryimage","url":"https:\/\/lottemaa.ee\/wp-content\/uploads\/2025\/08\/joulumaa2025_perepaevad_1080x1080.jpg","contentUrl":"https:\/\/lottemaa.ee\/wp-content\/uploads\/2025\/08\/joulumaa2025_perepaevad_1080x1080.jpg","width":1080,"height":1080},{"@type":"BreadcrumbList","@id":"https:\/\/lottemaa.ee\/en\/christmas-wonderland\/#breadcrumb","itemListElement":[{"@type":"ListItem","position":1,"name":"Home","item":"https:\/\/lottemaa.ee\/en\/"},{"@type":"ListItem","position":2,"name":"CHRISTMAS WONDERLAND"}]},{"@type":"WebSite","@id":"https:\/\/lottemaa.ee\/#website","url":"https:\/\/lottemaa.ee\/","name":"Lottemaa Teemapark","description":"Baltimaade suurim ja k\u00f5ige \u00e4gedam kogupere teemapark Eestis P\u00e4rnumaal","publisher":{"@id":"https:\/\/lottemaa.ee\/#organization"},"potentialAction":[{"@type":"SearchAction","target":{"@type":"EntryPoint","urlTemplate":"https:\/\/lottemaa.ee\/?s={search_term_string}"},"query-input":{"@type":"PropertyValueSpecification","valueRequired":true,"valueName":"search_term_string"}}],"inLanguage":"en-US"},{"@type":"Organization","@id":"https:\/\/lottemaa.ee\/#organization","name":"Lottemaa Teemapark","url":"https:\/\/lottemaa.ee\/","logo":{"@type":"ImageObject","inLanguage":"en-US","@id":"https:\/\/lottemaa.ee\/#\/schema\/logo\/image\/","url":"https:\/\/lottemaa.ee\/wp-content\/uploads\/2018\/12\/Lottemaa_LOGO.png","contentUrl":"https:\/\/lottemaa.ee\/wp-content\/uploads\/2018\/12\/Lottemaa_LOGO.png","width":1024,"height":518,"caption":"Lottemaa Teemapark"},"image":{"@id":"https:\/\/lottemaa.ee\/#\/schema\/logo\/image\/"}}]}},"_links":{"self":[{"href":"https:\/\/lottemaa.ee\/en\/wp-json\/wp\/v2\/pages\/23455","targetHints":{"allow":["GET"]}}],"collection":[{"href":"https:\/\/lottemaa.ee\/en\/wp-json\/wp\/v2\/pages"}],"about":[{"href":"https:\/\/lottemaa.ee\/en\/wp-json\/wp\/v2\/types\/page"}],"author":[{"embeddable":true,"href":"https:\/\/lottemaa.ee\/en\/wp-json\/wp\/v2\/users\/11"}],"replies":[{"embeddable":true,"href":"https:\/\/lottemaa.ee\/en\/wp-json\/wp\/v2\/comments?post=23455"}],"version-history":[{"count":5,"href":"https:\/\/lottemaa.ee\/en\/wp-json\/wp\/v2\/pages\/23455\/revisions"}],"predecessor-version":[{"id":32392,"href":"https:\/\/lottemaa.ee\/en\/wp-json\/wp\/v2\/pages\/23455\/revisions\/32392"}],"wp:featuredmedia":[{"embeddable":true,"href":"https:\/\/lottemaa.ee\/en\/wp-json\/wp\/v2\/media\/31071"}],"wp:attachment":[{"href":"https:\/\/lottemaa.ee\/en\/wp-json\/wp\/v2\/media?parent=23455"}],"curies":[{"name":"wp","href":"https:\/\/api.w.org\/{rel}","templated":true}]}}