{"id":23378,"date":"2023-08-17T10:58:46","date_gmt":"2023-08-17T07:58:46","guid":{"rendered":"https:\/\/lottemaa.ee\/?page_id=23378"},"modified":"2024-11-08T11:24:44","modified_gmt":"2024-11-08T09:24:44","slug":"program","status":"publish","type":"page","link":"https:\/\/lottemaa.ee\/en\/mobileapp\/program\/","title":{"rendered":"Program"},"content":{"rendered":"<h3 style=\"text-align: left;\"><span style=\"color: #0000ff;\">14.-15.12 | 21.-22.12 | 26.-30.12 | 3.-5.01<\/span><br \/>\n<span style=\"color: #0000ff;\">every day from 12pm to 4pm<\/span><\/h3>\n<p style=\"text-align: left;\"><strong>12.00<\/strong> <span style=\"color: #ff0000;\"><strong>Lotte Village Winter Wonderland gates open<\/strong><\/span><br \/>\n<strong>12.15-15.30<\/strong> <span style=\"color: #993366;\"><strong>Planetarium at the Rabbits\u2019 House:<\/strong> <\/span>Audiovisual story about the journey in the outer space (Estonian, Russian, English, Latvian)<br \/>\n<strong>12.15<\/strong> <span style=\"color: #0000ff;\"><strong>Stadium:<\/strong><\/span> Winter sports with Mati and Benita<br \/>\n<strong>12.30<\/strong> <span style=\"color: #0000ff;\"><strong>Stadium:<\/strong><\/span> Mati\u2019s winter marathon<br \/>\n<strong>13.00<\/strong> <span style=\"color: #008000;\"><strong>Klaus\u00b4s Storyground:<\/strong><\/span> Show <strong>\u201cThe Only Child\u201d<\/strong><br \/>\n<strong>13.30<\/strong> <span style=\"color: #ff00ff;\"><strong>Fairground:<\/strong><\/span> Lotte, Bruno, Albert and other villagers play with children<br \/>\n<strong>14.00 <span style=\"color: #ff6600;\">Giovanni\u2019s Theatre:<\/span> <\/strong>Play <strong>\u201cInventors\u2019 Room\u201d<\/strong><br \/>\n<strong>14.40<\/strong> <span style=\"color: #ff00ff;\"><strong>Fairground:<\/strong> <\/span>CONCERT<br \/>\n<strong>15.15<\/strong> <span style=\"color: #33cccc;\"><strong>Dr. Ave\u2019s Clinic:<\/strong><\/span> Play <strong>\u201cSnowmen at the Doctor\u2019s\u201c<\/strong><br \/>\n<strong>15.45<\/strong> <span style=\"color: #800000;\"><strong>Jaak the Fly\u2019s House:<\/strong> <\/span>Noisemaking in Gadgetville under the baton of Wolfgang the Christmas Rabbit!<br \/>\n<strong>16.00<\/strong> <span style=\"color: #ff0000;\"><strong>Saying goodbye to our visitors, Lotte Village Winter Wonderland gates close<\/strong><\/span><\/p>\n","protected":false},"excerpt":{"rendered":"<p>14.-15.12 | 21.-22.12 | 26.-30.12 | 3.-5.01 every day from 12pm to 4pm 12.00 Lotte Village Winter Wonderland gates open 12.15-15.30 Planetarium at the Rabbits\u2019 House: Audiovisual story about the journey in the outer space (Estonian, Russian, English, Latvian) 12.15 Stadium: Winter sports with Mati and Benita 12.30 Stadium: Mati\u2019s winter marathon 13.00 Klaus\u00b4s Storyground: &hellip; <a href=\"https:\/\/lottemaa.ee\/en\/mobileapp\/program\/\">Continued<\/a><\/p>\n","protected":false},"author":11,"featured_media":0,"parent":23359,"menu_order":70,"comment_status":"closed","ping_status":"closed","template":"","meta":{"_acf_changed":false,"om_disable_all_campaigns":false,"_uf_show_specific_survey":0,"_uf_disable_surveys":false,"footnotes":""},"class_list":["post-23378","page","type-page","status-publish","hentry"],"acf":[],"yoast_head":"<!-- This site is optimized with the Yoast SEO plugin v25.5 - https:\/\/yoast.com\/wordpress\/plugins\/seo\/ -->\n<title>Program | Lottemaa Teemapark<\/title>\n<meta name=\"robots\" content=\"index, follow, max-snippet:-1, max-image-preview:large, max-video-preview:-1\" \/>\n<link rel=\"canonical\" href=\"https:\/\/lottemaa.ee\/en\/mobileapp\/program\/\" \/>\n<meta property=\"og:locale\" content=\"en_US\" \/>\n<meta property=\"og:type\" content=\"article\" \/>\n<meta property=\"og:title\" content=\"Program | Lottemaa Teemapark\" \/>\n<meta property=\"og:description\" content=\"14.-15.12 | 21.-22.12 | 26.-30.12 | 3.-5.01 every day from 12pm to 4pm 12.00 Lotte Village Winter Wonderland gates open 12.15-15.30 Planetarium at the Rabbits\u2019 House: Audiovisual story about the journey in the outer space (Estonian, Russian, English, Latvian) 12.15 Stadium: Winter sports with Mati and Benita 12.30 Stadium: Mati\u2019s winter marathon 13.00 Klaus\u00b4s Storyground: &hellip; Continued\" \/>\n<meta property=\"og:url\" content=\"https:\/\/lottemaa.ee\/en\/mobileapp\/program\/\" \/>\n<meta property=\"og:site_name\" content=\"Lottemaa Teemapark\" \/>\n<meta property=\"article:modified_time\" content=\"2024-11-08T09:24:44+00:00\" \/>\n<meta name=\"twitter:card\" content=\"summary_large_image\" \/>\n<meta name=\"twitter:label1\" content=\"Est. reading time\" \/>\n\t<meta name=\"twitter:data1\" content=\"2 minutes\" \/>\n<script type=\"application\/ld+json\" class=\"yoast-schema-graph\">{\"@context\":\"https:\/\/schema.org\",\"@graph\":[{\"@type\":\"WebPage\",\"@id\":\"https:\/\/lottemaa.ee\/en\/mobileapp\/program\/\",\"url\":\"https:\/\/lottemaa.ee\/en\/mobileapp\/program\/\",\"name\":\"Program | Lottemaa Teemapark\",\"isPartOf\":{\"@id\":\"https:\/\/lottemaa.ee\/#website\"},\"datePublished\":\"2023-08-17T07:58:46+00:00\",\"dateModified\":\"2024-11-08T09:24:44+00:00\",\"breadcrumb\":{\"@id\":\"https:\/\/lottemaa.ee\/en\/mobileapp\/program\/#breadcrumb\"},\"inLanguage\":\"en-US\",\"potentialAction\":[{\"@type\":\"ReadAction\",\"target\":[\"https:\/\/lottemaa.ee\/en\/mobileapp\/program\/\"]}]},{\"@type\":\"BreadcrumbList\",\"@id\":\"https:\/\/lottemaa.ee\/en\/mobileapp\/program\/#breadcrumb\",\"itemListElement\":[{\"@type\":\"ListItem\",\"position\":1,\"name\":\"Home\",\"item\":\"https:\/\/lottemaa.ee\/en\/\"},{\"@type\":\"ListItem\",\"position\":2,\"name\":\"Mobileapp\",\"item\":\"https:\/\/lottemaa.ee\/en\/mobileapp\/\"},{\"@type\":\"ListItem\",\"position\":3,\"name\":\"Program\"}]},{\"@type\":\"WebSite\",\"@id\":\"https:\/\/lottemaa.ee\/#website\",\"url\":\"https:\/\/lottemaa.ee\/\",\"name\":\"Lottemaa Teemapark\",\"description\":\"Baltimaade suurim ja k\u00f5ige \u00e4gedam kogupere teemapark Eestis P\u00e4rnumaal\",\"publisher\":{\"@id\":\"https:\/\/lottemaa.ee\/#organization\"},\"potentialAction\":[{\"@type\":\"SearchAction\",\"target\":{\"@type\":\"EntryPoint\",\"urlTemplate\":\"https:\/\/lottemaa.ee\/?s={search_term_string}\"},\"query-input\":{\"@type\":\"PropertyValueSpecification\",\"valueRequired\":true,\"valueName\":\"search_term_string\"}}],\"inLanguage\":\"en-US\"},{\"@type\":\"Organization\",\"@id\":\"https:\/\/lottemaa.ee\/#organization\",\"name\":\"Lottemaa Teemapark\",\"url\":\"https:\/\/lottemaa.ee\/\",\"logo\":{\"@type\":\"ImageObject\",\"inLanguage\":\"en-US\",\"@id\":\"https:\/\/lottemaa.ee\/#\/schema\/logo\/image\/\",\"url\":\"https:\/\/lottemaa.ee\/wp-content\/uploads\/2018\/12\/Lottemaa_LOGO.png\",\"contentUrl\":\"https:\/\/lottemaa.ee\/wp-content\/uploads\/2018\/12\/Lottemaa_LOGO.png\",\"width\":1024,\"height\":518,\"caption\":\"Lottemaa Teemapark\"},\"image\":{\"@id\":\"https:\/\/lottemaa.ee\/#\/schema\/logo\/image\/\"}}]}<\/script>\n<!-- \/ Yoast SEO plugin. -->","yoast_head_json":{"title":"Program | Lottemaa Teemapark","robots":{"index":"index","follow":"follow","max-snippet":"max-snippet:-1","max-image-preview":"max-image-preview:large","max-video-preview":"max-video-preview:-1"},"canonical":"https:\/\/lottemaa.ee\/en\/mobileapp\/program\/","og_locale":"en_US","og_type":"article","og_title":"Program | Lottemaa Teemapark","og_description":"14.-15.12 | 21.-22.12 | 26.-30.12 | 3.-5.01 every day from 12pm to 4pm 12.00 Lotte Village Winter Wonderland gates open 12.15-15.30 Planetarium at the Rabbits\u2019 House: Audiovisual story about the journey in the outer space (Estonian, Russian, English, Latvian) 12.15 Stadium: Winter sports with Mati and Benita 12.30 Stadium: Mati\u2019s winter marathon 13.00 Klaus\u00b4s Storyground: &hellip; Continued","og_url":"https:\/\/lottemaa.ee\/en\/mobileapp\/program\/","og_site_name":"Lottemaa Teemapark","article_modified_time":"2024-11-08T09:24:44+00:00","twitter_card":"summary_large_image","twitter_misc":{"Est. reading time":"2 minutes"},"schema":{"@context":"https:\/\/schema.org","@graph":[{"@type":"WebPage","@id":"https:\/\/lottemaa.ee\/en\/mobileapp\/program\/","url":"https:\/\/lottemaa.ee\/en\/mobileapp\/program\/","name":"Program | Lottemaa Teemapark","isPartOf":{"@id":"https:\/\/lottemaa.ee\/#website"},"datePublished":"2023-08-17T07:58:46+00:00","dateModified":"2024-11-08T09:24:44+00:00","breadcrumb":{"@id":"https:\/\/lottemaa.ee\/en\/mobileapp\/program\/#breadcrumb"},"inLanguage":"en-US","potentialAction":[{"@type":"ReadAction","target":["https:\/\/lottemaa.ee\/en\/mobileapp\/program\/"]}]},{"@type":"BreadcrumbList","@id":"https:\/\/lottemaa.ee\/en\/mobileapp\/program\/#breadcrumb","itemListElement":[{"@type":"ListItem","position":1,"name":"Home","item":"https:\/\/lottemaa.ee\/en\/"},{"@type":"ListItem","position":2,"name":"Mobileapp","item":"https:\/\/lottemaa.ee\/en\/mobileapp\/"},{"@type":"ListItem","position":3,"name":"Program"}]},{"@type":"WebSite","@id":"https:\/\/lottemaa.ee\/#website","url":"https:\/\/lottemaa.ee\/","name":"Lottemaa Teemapark","description":"Baltimaade suurim ja k\u00f5ige \u00e4gedam kogupere teemapark Eestis P\u00e4rnumaal","publisher":{"@id":"https:\/\/lottemaa.ee\/#organization"},"potentialAction":[{"@type":"SearchAction","target":{"@type":"EntryPoint","urlTemplate":"https:\/\/lottemaa.ee\/?s={search_term_string}"},"query-input":{"@type":"PropertyValueSpecification","valueRequired":true,"valueName":"search_term_string"}}],"inLanguage":"en-US"},{"@type":"Organization","@id":"https:\/\/lottemaa.ee\/#organization","name":"Lottemaa Teemapark","url":"https:\/\/lottemaa.ee\/","logo":{"@type":"ImageObject","inLanguage":"en-US","@id":"https:\/\/lottemaa.ee\/#\/schema\/logo\/image\/","url":"https:\/\/lottemaa.ee\/wp-content\/uploads\/2018\/12\/Lottemaa_LOGO.png","contentUrl":"https:\/\/lottemaa.ee\/wp-content\/uploads\/2018\/12\/Lottemaa_LOGO.png","width":1024,"height":518,"caption":"Lottemaa Teemapark"},"image":{"@id":"https:\/\/lottemaa.ee\/#\/schema\/logo\/image\/"}}]}},"_links":{"self":[{"href":"https:\/\/lottemaa.ee\/en\/wp-json\/wp\/v2\/pages\/23378","targetHints":{"allow":["GET"]}}],"collection":[{"href":"https:\/\/lottemaa.ee\/en\/wp-json\/wp\/v2\/pages"}],"about":[{"href":"https:\/\/lottemaa.ee\/en\/wp-json\/wp\/v2\/types\/page"}],"author":[{"embeddable":true,"href":"https:\/\/lottemaa.ee\/en\/wp-json\/wp\/v2\/users\/11"}],"replies":[{"embeddable":true,"href":"https:\/\/lottemaa.ee\/en\/wp-json\/wp\/v2\/comments?post=23378"}],"version-history":[{"count":4,"href":"https:\/\/lottemaa.ee\/en\/wp-json\/wp\/v2\/pages\/23378\/revisions"}],"predecessor-version":[{"id":29075,"href":"https:\/\/lottemaa.ee\/en\/wp-json\/wp\/v2\/pages\/23378\/revisions\/29075"}],"up":[{"embeddable":true,"href":"https:\/\/lottemaa.ee\/en\/wp-json\/wp\/v2\/pages\/23359"}],"wp:attachment":[{"href":"https:\/\/lottemaa.ee\/en\/wp-json\/wp\/v2\/media?parent=23378"}],"curies":[{"name":"wp","href":"https:\/\/api.w.org\/{rel}","templated":true}]}}