{"id":23362,"date":"2023-08-15T13:29:41","date_gmt":"2023-08-15T10:29:41","guid":{"rendered":"https:\/\/lottemaa.ee\/?page_id=23362"},"modified":"2024-11-08T11:23:36","modified_gmt":"2024-11-08T09:23:36","slug":"ticket-information","status":"publish","type":"page","link":"https:\/\/lottemaa.ee\/en\/mobileapp\/ticket-information\/","title":{"rendered":"Ticket information"},"content":{"rendered":"<table style=\"height: 507px; width: 74.7488%;\" width=\"840\">\n<tbody>\n<tr>\n<td style=\"width: 97.1401%;\"><strong>REGULAR TICKET<\/strong><br \/>\nTicket for visitor aged 2 years and older<\/td>\n<td style=\"width: 40.4093%;\"><strong>23<\/strong><strong>\u00a0\u20ac<\/strong><\/td>\n<\/tr>\n<tr>\n<td style=\"width: 97.1401%;\"><strong>Child aged 0-1<\/strong> (1 year included)<\/td>\n<td style=\"width: 40.4093%;\"><strong>free<\/strong><\/td>\n<\/tr>\n<tr>\n<td style=\"width: 97.1401%;\"><strong>Pensioner ticket<\/strong><br \/>\nOn the basis of a pension certificate<\/td>\n<td style=\"width: 40.4093%;\"><strong>18 \u20ac<\/strong><\/td>\n<\/tr>\n<tr>\n<td style=\"width: 97.1401%;\"><strong>Special needs adult ticket<\/strong><br \/>\nOn the basis of a disability card or pension certificate<\/td>\n<td style=\"width: 40.4093%;\"><strong>17 \u20ac<\/strong><\/td>\n<\/tr>\n<tr>\n<td style=\"width: 97.1401%;\"><strong>Ticket for disabled child aged 2 and older<\/strong><br \/>\nOn the basis of a disability card<\/td>\n<td style=\"width: 40.4093%;\"><strong>11 \u20ac<\/strong><\/td>\n<\/tr>\n<tr>\n<td style=\"width: 97.1401%;\"><strong>Ticket for person accompanying disabled person aged 2 and older<\/strong><br \/>\nEntrance to Lotte Village is free of charge for the person accompanying a disabled visitor who has a severe or profound disability and needs assistance in visiting the theme park<\/td>\n<td style=\"width: 40.4093%;\"><strong>free<\/strong><\/td>\n<\/tr>\n<tr>\n<td style=\"width: 97.1401%;\"><strong>PARKING TICKET<\/strong><br \/>\nFor 1 vehicle for whole day<br \/>\nPayment in the <a href=\"https:\/\/snabb.xyz\/en\" target=\"_blank\" rel=\"noopener\">Snabb<\/a> mobile application (a payment brokerage fee of \u20ac0.20 is added) or locally at Lottemaa cash desks<\/td>\n<td style=\"width: 40.4093%;\"><strong>3 \u20ac<\/strong><\/td>\n<\/tr>\n<tr>\n<td style=\"width: 97.1401%;\"><strong>TRAIN TICKET<\/strong><br \/>\nFor 1 direction (parking lot to entrance or entrance to parking lot) for visitors aged 2 years and older<\/td>\n<td style=\"width: 40.4093%;\"><strong>2 \u20ac<\/strong><\/td>\n<\/tr>\n<tr>\n<td style=\"width: 97.1401%;\"><strong>TRAIN TICKET<\/strong> for 1 direction (parking lot to entrance or entrance to parking lot) for visitors aged 2 and older<\/td>\n<td style=\"width: 40.4093%;\"><strong>2 \u20ac<\/strong><\/td>\n<\/tr>\n<\/tbody>\n<\/table>\n","protected":false},"excerpt":{"rendered":"<p>REGULAR TICKET Ticket for visitor aged 2 years and older 23\u00a0\u20ac Child aged 0-1 (1 year included) free Pensioner ticket On the basis of a pension certificate 18 \u20ac Special needs adult ticket On the basis of a disability card or pension certificate 17 \u20ac Ticket for disabled child aged 2 and older On the &hellip; <a href=\"https:\/\/lottemaa.ee\/en\/mobileapp\/ticket-information\/\">Continued<\/a><\/p>\n","protected":false},"author":11,"featured_media":0,"parent":23359,"menu_order":96,"comment_status":"closed","ping_status":"closed","template":"","meta":{"_acf_changed":false,"om_disable_all_campaigns":false,"_uf_show_specific_survey":0,"_uf_disable_surveys":false,"footnotes":""},"class_list":["post-23362","page","type-page","status-publish","hentry"],"acf":[],"yoast_head":"<!-- This site is optimized with the Yoast SEO plugin v25.5 - https:\/\/yoast.com\/wordpress\/plugins\/seo\/ -->\n<title>Ticket information | Lottemaa Teemapark<\/title>\n<meta name=\"robots\" content=\"index, follow, max-snippet:-1, max-image-preview:large, max-video-preview:-1\" \/>\n<link rel=\"canonical\" href=\"https:\/\/lottemaa.ee\/en\/mobileapp\/ticket-information\/\" \/>\n<meta property=\"og:locale\" content=\"en_US\" \/>\n<meta property=\"og:type\" content=\"article\" \/>\n<meta property=\"og:title\" content=\"Ticket information | Lottemaa Teemapark\" \/>\n<meta property=\"og:description\" content=\"REGULAR TICKET Ticket for visitor aged 2 years and older 23\u00a0\u20ac Child aged 0-1 (1 year included) free Pensioner ticket On the basis of a pension certificate 18 \u20ac Special needs adult ticket On the basis of a disability card or pension certificate 17 \u20ac Ticket for disabled child aged 2 and older On the &hellip; Continued\" \/>\n<meta property=\"og:url\" content=\"https:\/\/lottemaa.ee\/en\/mobileapp\/ticket-information\/\" \/>\n<meta property=\"og:site_name\" content=\"Lottemaa Teemapark\" \/>\n<meta property=\"article:modified_time\" content=\"2024-11-08T09:23:36+00:00\" \/>\n<meta name=\"twitter:card\" content=\"summary_large_image\" \/>\n<meta name=\"twitter:label1\" content=\"Est. reading time\" \/>\n\t<meta name=\"twitter:data1\" content=\"1 minute\" \/>\n<script type=\"application\/ld+json\" class=\"yoast-schema-graph\">{\"@context\":\"https:\/\/schema.org\",\"@graph\":[{\"@type\":\"WebPage\",\"@id\":\"https:\/\/lottemaa.ee\/en\/mobileapp\/ticket-information\/\",\"url\":\"https:\/\/lottemaa.ee\/en\/mobileapp\/ticket-information\/\",\"name\":\"Ticket information | Lottemaa Teemapark\",\"isPartOf\":{\"@id\":\"https:\/\/lottemaa.ee\/#website\"},\"datePublished\":\"2023-08-15T10:29:41+00:00\",\"dateModified\":\"2024-11-08T09:23:36+00:00\",\"breadcrumb\":{\"@id\":\"https:\/\/lottemaa.ee\/en\/mobileapp\/ticket-information\/#breadcrumb\"},\"inLanguage\":\"en-US\",\"potentialAction\":[{\"@type\":\"ReadAction\",\"target\":[\"https:\/\/lottemaa.ee\/en\/mobileapp\/ticket-information\/\"]}]},{\"@type\":\"BreadcrumbList\",\"@id\":\"https:\/\/lottemaa.ee\/en\/mobileapp\/ticket-information\/#breadcrumb\",\"itemListElement\":[{\"@type\":\"ListItem\",\"position\":1,\"name\":\"Home\",\"item\":\"https:\/\/lottemaa.ee\/en\/\"},{\"@type\":\"ListItem\",\"position\":2,\"name\":\"Mobileapp\",\"item\":\"https:\/\/lottemaa.ee\/en\/mobileapp\/\"},{\"@type\":\"ListItem\",\"position\":3,\"name\":\"Ticket information\"}]},{\"@type\":\"WebSite\",\"@id\":\"https:\/\/lottemaa.ee\/#website\",\"url\":\"https:\/\/lottemaa.ee\/\",\"name\":\"Lottemaa Teemapark\",\"description\":\"Baltimaade suurim ja k\u00f5ige \u00e4gedam kogupere teemapark Eestis P\u00e4rnumaal\",\"publisher\":{\"@id\":\"https:\/\/lottemaa.ee\/#organization\"},\"potentialAction\":[{\"@type\":\"SearchAction\",\"target\":{\"@type\":\"EntryPoint\",\"urlTemplate\":\"https:\/\/lottemaa.ee\/?s={search_term_string}\"},\"query-input\":{\"@type\":\"PropertyValueSpecification\",\"valueRequired\":true,\"valueName\":\"search_term_string\"}}],\"inLanguage\":\"en-US\"},{\"@type\":\"Organization\",\"@id\":\"https:\/\/lottemaa.ee\/#organization\",\"name\":\"Lottemaa Teemapark\",\"url\":\"https:\/\/lottemaa.ee\/\",\"logo\":{\"@type\":\"ImageObject\",\"inLanguage\":\"en-US\",\"@id\":\"https:\/\/lottemaa.ee\/#\/schema\/logo\/image\/\",\"url\":\"https:\/\/lottemaa.ee\/wp-content\/uploads\/2018\/12\/Lottemaa_LOGO.png\",\"contentUrl\":\"https:\/\/lottemaa.ee\/wp-content\/uploads\/2018\/12\/Lottemaa_LOGO.png\",\"width\":1024,\"height\":518,\"caption\":\"Lottemaa Teemapark\"},\"image\":{\"@id\":\"https:\/\/lottemaa.ee\/#\/schema\/logo\/image\/\"}}]}<\/script>\n<!-- \/ Yoast SEO plugin. -->","yoast_head_json":{"title":"Ticket information | Lottemaa Teemapark","robots":{"index":"index","follow":"follow","max-snippet":"max-snippet:-1","max-image-preview":"max-image-preview:large","max-video-preview":"max-video-preview:-1"},"canonical":"https:\/\/lottemaa.ee\/en\/mobileapp\/ticket-information\/","og_locale":"en_US","og_type":"article","og_title":"Ticket information | Lottemaa Teemapark","og_description":"REGULAR TICKET Ticket for visitor aged 2 years and older 23\u00a0\u20ac Child aged 0-1 (1 year included) free Pensioner ticket On the basis of a pension certificate 18 \u20ac Special needs adult ticket On the basis of a disability card or pension certificate 17 \u20ac Ticket for disabled child aged 2 and older On the &hellip; Continued","og_url":"https:\/\/lottemaa.ee\/en\/mobileapp\/ticket-information\/","og_site_name":"Lottemaa Teemapark","article_modified_time":"2024-11-08T09:23:36+00:00","twitter_card":"summary_large_image","twitter_misc":{"Est. reading time":"1 minute"},"schema":{"@context":"https:\/\/schema.org","@graph":[{"@type":"WebPage","@id":"https:\/\/lottemaa.ee\/en\/mobileapp\/ticket-information\/","url":"https:\/\/lottemaa.ee\/en\/mobileapp\/ticket-information\/","name":"Ticket information | Lottemaa Teemapark","isPartOf":{"@id":"https:\/\/lottemaa.ee\/#website"},"datePublished":"2023-08-15T10:29:41+00:00","dateModified":"2024-11-08T09:23:36+00:00","breadcrumb":{"@id":"https:\/\/lottemaa.ee\/en\/mobileapp\/ticket-information\/#breadcrumb"},"inLanguage":"en-US","potentialAction":[{"@type":"ReadAction","target":["https:\/\/lottemaa.ee\/en\/mobileapp\/ticket-information\/"]}]},{"@type":"BreadcrumbList","@id":"https:\/\/lottemaa.ee\/en\/mobileapp\/ticket-information\/#breadcrumb","itemListElement":[{"@type":"ListItem","position":1,"name":"Home","item":"https:\/\/lottemaa.ee\/en\/"},{"@type":"ListItem","position":2,"name":"Mobileapp","item":"https:\/\/lottemaa.ee\/en\/mobileapp\/"},{"@type":"ListItem","position":3,"name":"Ticket information"}]},{"@type":"WebSite","@id":"https:\/\/lottemaa.ee\/#website","url":"https:\/\/lottemaa.ee\/","name":"Lottemaa Teemapark","description":"Baltimaade suurim ja k\u00f5ige \u00e4gedam kogupere teemapark Eestis P\u00e4rnumaal","publisher":{"@id":"https:\/\/lottemaa.ee\/#organization"},"potentialAction":[{"@type":"SearchAction","target":{"@type":"EntryPoint","urlTemplate":"https:\/\/lottemaa.ee\/?s={search_term_string}"},"query-input":{"@type":"PropertyValueSpecification","valueRequired":true,"valueName":"search_term_string"}}],"inLanguage":"en-US"},{"@type":"Organization","@id":"https:\/\/lottemaa.ee\/#organization","name":"Lottemaa Teemapark","url":"https:\/\/lottemaa.ee\/","logo":{"@type":"ImageObject","inLanguage":"en-US","@id":"https:\/\/lottemaa.ee\/#\/schema\/logo\/image\/","url":"https:\/\/lottemaa.ee\/wp-content\/uploads\/2018\/12\/Lottemaa_LOGO.png","contentUrl":"https:\/\/lottemaa.ee\/wp-content\/uploads\/2018\/12\/Lottemaa_LOGO.png","width":1024,"height":518,"caption":"Lottemaa Teemapark"},"image":{"@id":"https:\/\/lottemaa.ee\/#\/schema\/logo\/image\/"}}]}},"_links":{"self":[{"href":"https:\/\/lottemaa.ee\/en\/wp-json\/wp\/v2\/pages\/23362","targetHints":{"allow":["GET"]}}],"collection":[{"href":"https:\/\/lottemaa.ee\/en\/wp-json\/wp\/v2\/pages"}],"about":[{"href":"https:\/\/lottemaa.ee\/en\/wp-json\/wp\/v2\/types\/page"}],"author":[{"embeddable":true,"href":"https:\/\/lottemaa.ee\/en\/wp-json\/wp\/v2\/users\/11"}],"replies":[{"embeddable":true,"href":"https:\/\/lottemaa.ee\/en\/wp-json\/wp\/v2\/comments?post=23362"}],"version-history":[{"count":4,"href":"https:\/\/lottemaa.ee\/en\/wp-json\/wp\/v2\/pages\/23362\/revisions"}],"predecessor-version":[{"id":29074,"href":"https:\/\/lottemaa.ee\/en\/wp-json\/wp\/v2\/pages\/23362\/revisions\/29074"}],"up":[{"embeddable":true,"href":"https:\/\/lottemaa.ee\/en\/wp-json\/wp\/v2\/pages\/23359"}],"wp:attachment":[{"href":"https:\/\/lottemaa.ee\/en\/wp-json\/wp\/v2\/media?parent=23362"}],"curies":[{"name":"wp","href":"https:\/\/api.w.org\/{rel}","templated":true}]}}