{"id":21539,"date":"2023-04-18T14:51:58","date_gmt":"2023-04-18T11:51:58","guid":{"rendered":"https:\/\/lottemaa.ee\/?page_id=21539"},"modified":"2025-09-02T15:56:02","modified_gmt":"2025-09-02T12:56:02","slug":"win-the-coolest-sea-adventure","status":"publish","type":"page","link":"https:\/\/lottemaa.ee\/en\/win-the-coolest-sea-adventure\/","title":{"rendered":"WIN THE COOLEST SEA ADVENTURE!"},"content":{"rendered":"<p style=\"text-align: left;\"><strong>Enter our grand raffle and win a <a href=\"https:\/\/ee.tallink.com\/vali-reis\" target=\"_blank\" rel=\"noopener\">TALLINK<\/a> family cruise for 4 to Sweden. <\/strong><br \/>\n<strong>The coolest sea adventure and a stunningly beautiful Stockholm await you.<\/strong><\/p>\n<p style=\"text-align: left;\">\n<div class=\"wpcf7 no-js\" id=\"wpcf7-f21542-o1\" lang=\"et\" dir=\"ltr\" data-wpcf7-id=\"21542\">\n<div class=\"screen-reader-response\"><p role=\"status\" aria-live=\"polite\" aria-atomic=\"true\"><\/p> <ul><\/ul><\/div>\n<form action=\"\/en\/wp-json\/wp\/v2\/pages\/21539#wpcf7-f21542-o1\" method=\"post\" class=\"wpcf7-form init\" aria-label=\"Contact form\" novalidate=\"novalidate\" data-status=\"init\">\n<fieldset class=\"hidden-fields-container\"><input type=\"hidden\" name=\"_wpcf7\" value=\"21542\" \/><input type=\"hidden\" name=\"_wpcf7_version\" value=\"6.1\" \/><input type=\"hidden\" name=\"_wpcf7_locale\" value=\"et\" \/><input type=\"hidden\" name=\"_wpcf7_unit_tag\" value=\"wpcf7-f21542-o1\" \/><input type=\"hidden\" name=\"_wpcf7_container_post\" value=\"0\" \/><input type=\"hidden\" name=\"_wpcf7_posted_data_hash\" value=\"\" \/>\n<\/fieldset>\n<div class=\"cf7__custom_design\">\n\t<p><label> NAME<br \/>\n<span class=\"wpcf7-form-control-wrap\" data-name=\"first\"><input size=\"40\" maxlength=\"400\" class=\"wpcf7-form-control wpcf7-text wpcf7-validates-as-required\" aria-required=\"true\" aria-invalid=\"false\" value=\"\" type=\"text\" name=\"first\" \/><\/span><\/label>\n\t<\/p>\n\t<p><label> EMAIL<br \/>\n<span class=\"wpcf7-form-control-wrap\" data-name=\"email\"><input size=\"40\" maxlength=\"400\" class=\"wpcf7-form-control wpcf7-text wpcf7-validates-as-required\" aria-required=\"true\" aria-invalid=\"false\" value=\"\" type=\"text\" name=\"email\" \/><\/span><\/label>\n\t<\/p>\n\t<p><span class=\"wpcf7-form-control-wrap\" data-name=\"your-consent\"><span class=\"wpcf7-form-control wpcf7-acceptance\"><span class=\"wpcf7-list-item\"><label><input type=\"checkbox\" name=\"your-consent\" value=\"1\" aria-invalid=\"false\" \/><span class=\"wpcf7-list-item-label\">By participating in the draw, I give my consent for Lotte Village to send me only great offers and news via email.<\/span><\/label><\/span><\/span><\/span>\n\t<\/p>\n\t<p><input class=\"wpcf7-form-control wpcf7-submit has-spinner\" type=\"submit\" value=\"SEND\" \/>\n\t<\/p>\n<\/div><div class=\"wpcf7-response-output\" aria-hidden=\"true\"><\/div>\n<\/form>\n<\/div>\n<\/p>\n<p style=\"text-align: left;\">The draw will take place on <strong>1.07.2025, 1.08.2025 and 1.09.2025<\/strong>. We will contact the winner personally.<\/p>\n<p><strong>The winners are:<\/strong><\/p>\n<p>1.07.2025 &#8211; moksriina@gmail.com<br \/>\n1.08.2025 &#8211; eneraal@gmail.com<br \/>\n1.09.2025 &#8211; piretpollumagi@gmail.com<\/p>\n<hr \/>\n<p style=\"text-align: left;\">Lotte Village Privacy Policy can be found <a href=\"https:\/\/lottemaa.ee\/en\/terms-of-privacy\/\">HERE \u00bb<\/a><\/p>\n","protected":false},"excerpt":{"rendered":"<p>Enter our grand raffle and win a TALLINK family cruise for 4 to Sweden. The coolest sea adventure and a stunningly beautiful Stockholm await you. The draw will take place on 1.07.2025, 1.08.2025 and 1.09.2025. We will contact the winner personally. The winners are: 1.07.2025 &#8211; moksriina@gmail.com 1.08.2025 &#8211; eneraal@gmail.com 1.09.2025 &#8211; piretpollumagi@gmail.com Lotte Village &hellip; <a href=\"https:\/\/lottemaa.ee\/en\/win-the-coolest-sea-adventure\/\">Continued<\/a><\/p>\n","protected":false},"author":11,"featured_media":0,"parent":0,"menu_order":806,"comment_status":"closed","ping_status":"closed","template":"","meta":{"_acf_changed":false,"om_disable_all_campaigns":false,"_uf_show_specific_survey":0,"_uf_disable_surveys":false,"footnotes":""},"class_list":["post-21539","page","type-page","status-publish","hentry"],"acf":[],"yoast_head":"<!-- This site is optimized with the Yoast SEO plugin v25.5 - https:\/\/yoast.com\/wordpress\/plugins\/seo\/ -->\n<title>WIN THE COOLEST SEA ADVENTURE! | Lotte Village<\/title>\n<meta name=\"description\" content=\"Enter our grand raffle and win a TALLINK family cruise for 4 to Sweden. The draws will take place on 1 July, 1 August and 1 September.\" \/>\n<meta name=\"robots\" content=\"index, follow, max-snippet:-1, max-image-preview:large, max-video-preview:-1\" \/>\n<link rel=\"canonical\" href=\"https:\/\/lottemaa.ee\/en\/win-the-coolest-sea-adventure\/\" \/>\n<meta property=\"og:locale\" content=\"en_US\" \/>\n<meta property=\"og:type\" content=\"article\" \/>\n<meta property=\"og:title\" content=\"WIN THE COOLEST SEA ADVENTURE! | Lotte Village\" \/>\n<meta property=\"og:description\" content=\"Enter our grand raffle and win a TALLINK family cruise for 4 to Sweden. The draws will take place on 1 July, 1 August and 1 September.\" \/>\n<meta property=\"og:url\" content=\"https:\/\/lottemaa.ee\/en\/win-the-coolest-sea-adventure\/\" \/>\n<meta property=\"og:site_name\" content=\"Lottemaa Teemapark\" \/>\n<meta property=\"article:modified_time\" content=\"2025-09-02T12:56:02+00:00\" \/>\n<meta name=\"twitter:card\" content=\"summary_large_image\" \/>\n<meta name=\"twitter:label1\" content=\"Est. reading time\" \/>\n\t<meta name=\"twitter:data1\" content=\"1 minute\" \/>\n<script type=\"application\/ld+json\" class=\"yoast-schema-graph\">{\"@context\":\"https:\/\/schema.org\",\"@graph\":[{\"@type\":\"WebPage\",\"@id\":\"https:\/\/lottemaa.ee\/en\/win-the-coolest-sea-adventure\/\",\"url\":\"https:\/\/lottemaa.ee\/en\/win-the-coolest-sea-adventure\/\",\"name\":\"WIN THE COOLEST SEA ADVENTURE! | Lotte Village\",\"isPartOf\":{\"@id\":\"https:\/\/lottemaa.ee\/#website\"},\"datePublished\":\"2023-04-18T11:51:58+00:00\",\"dateModified\":\"2025-09-02T12:56:02+00:00\",\"description\":\"Enter our grand raffle and win a TALLINK family cruise for 4 to Sweden. The draws will take place on 1 July, 1 August and 1 September.\",\"breadcrumb\":{\"@id\":\"https:\/\/lottemaa.ee\/en\/win-the-coolest-sea-adventure\/#breadcrumb\"},\"inLanguage\":\"en-US\",\"potentialAction\":[{\"@type\":\"ReadAction\",\"target\":[\"https:\/\/lottemaa.ee\/en\/win-the-coolest-sea-adventure\/\"]}]},{\"@type\":\"BreadcrumbList\",\"@id\":\"https:\/\/lottemaa.ee\/en\/win-the-coolest-sea-adventure\/#breadcrumb\",\"itemListElement\":[{\"@type\":\"ListItem\",\"position\":1,\"name\":\"Home\",\"item\":\"https:\/\/lottemaa.ee\/en\/\"},{\"@type\":\"ListItem\",\"position\":2,\"name\":\"WIN THE COOLEST SEA ADVENTURE!\"}]},{\"@type\":\"WebSite\",\"@id\":\"https:\/\/lottemaa.ee\/#website\",\"url\":\"https:\/\/lottemaa.ee\/\",\"name\":\"Lottemaa Teemapark\",\"description\":\"Baltimaade suurim ja k\u00f5ige \u00e4gedam kogupere teemapark Eestis P\u00e4rnumaal\",\"publisher\":{\"@id\":\"https:\/\/lottemaa.ee\/#organization\"},\"potentialAction\":[{\"@type\":\"SearchAction\",\"target\":{\"@type\":\"EntryPoint\",\"urlTemplate\":\"https:\/\/lottemaa.ee\/?s={search_term_string}\"},\"query-input\":{\"@type\":\"PropertyValueSpecification\",\"valueRequired\":true,\"valueName\":\"search_term_string\"}}],\"inLanguage\":\"en-US\"},{\"@type\":\"Organization\",\"@id\":\"https:\/\/lottemaa.ee\/#organization\",\"name\":\"Lottemaa Teemapark\",\"url\":\"https:\/\/lottemaa.ee\/\",\"logo\":{\"@type\":\"ImageObject\",\"inLanguage\":\"en-US\",\"@id\":\"https:\/\/lottemaa.ee\/#\/schema\/logo\/image\/\",\"url\":\"https:\/\/lottemaa.ee\/wp-content\/uploads\/2018\/12\/Lottemaa_LOGO.png\",\"contentUrl\":\"https:\/\/lottemaa.ee\/wp-content\/uploads\/2018\/12\/Lottemaa_LOGO.png\",\"width\":1024,\"height\":518,\"caption\":\"Lottemaa Teemapark\"},\"image\":{\"@id\":\"https:\/\/lottemaa.ee\/#\/schema\/logo\/image\/\"}}]}<\/script>\n<!-- \/ Yoast SEO plugin. -->","yoast_head_json":{"title":"WIN THE COOLEST SEA ADVENTURE! | Lotte Village","description":"Enter our grand raffle and win a TALLINK family cruise for 4 to Sweden. The draws will take place on 1 July, 1 August and 1 September.","robots":{"index":"index","follow":"follow","max-snippet":"max-snippet:-1","max-image-preview":"max-image-preview:large","max-video-preview":"max-video-preview:-1"},"canonical":"https:\/\/lottemaa.ee\/en\/win-the-coolest-sea-adventure\/","og_locale":"en_US","og_type":"article","og_title":"WIN THE COOLEST SEA ADVENTURE! | Lotte Village","og_description":"Enter our grand raffle and win a TALLINK family cruise for 4 to Sweden. The draws will take place on 1 July, 1 August and 1 September.","og_url":"https:\/\/lottemaa.ee\/en\/win-the-coolest-sea-adventure\/","og_site_name":"Lottemaa Teemapark","article_modified_time":"2025-09-02T12:56:02+00:00","twitter_card":"summary_large_image","twitter_misc":{"Est. reading time":"1 minute"},"schema":{"@context":"https:\/\/schema.org","@graph":[{"@type":"WebPage","@id":"https:\/\/lottemaa.ee\/en\/win-the-coolest-sea-adventure\/","url":"https:\/\/lottemaa.ee\/en\/win-the-coolest-sea-adventure\/","name":"WIN THE COOLEST SEA ADVENTURE! | Lotte Village","isPartOf":{"@id":"https:\/\/lottemaa.ee\/#website"},"datePublished":"2023-04-18T11:51:58+00:00","dateModified":"2025-09-02T12:56:02+00:00","description":"Enter our grand raffle and win a TALLINK family cruise for 4 to Sweden. The draws will take place on 1 July, 1 August and 1 September.","breadcrumb":{"@id":"https:\/\/lottemaa.ee\/en\/win-the-coolest-sea-adventure\/#breadcrumb"},"inLanguage":"en-US","potentialAction":[{"@type":"ReadAction","target":["https:\/\/lottemaa.ee\/en\/win-the-coolest-sea-adventure\/"]}]},{"@type":"BreadcrumbList","@id":"https:\/\/lottemaa.ee\/en\/win-the-coolest-sea-adventure\/#breadcrumb","itemListElement":[{"@type":"ListItem","position":1,"name":"Home","item":"https:\/\/lottemaa.ee\/en\/"},{"@type":"ListItem","position":2,"name":"WIN THE COOLEST SEA ADVENTURE!"}]},{"@type":"WebSite","@id":"https:\/\/lottemaa.ee\/#website","url":"https:\/\/lottemaa.ee\/","name":"Lottemaa Teemapark","description":"Baltimaade suurim ja k\u00f5ige \u00e4gedam kogupere teemapark Eestis P\u00e4rnumaal","publisher":{"@id":"https:\/\/lottemaa.ee\/#organization"},"potentialAction":[{"@type":"SearchAction","target":{"@type":"EntryPoint","urlTemplate":"https:\/\/lottemaa.ee\/?s={search_term_string}"},"query-input":{"@type":"PropertyValueSpecification","valueRequired":true,"valueName":"search_term_string"}}],"inLanguage":"en-US"},{"@type":"Organization","@id":"https:\/\/lottemaa.ee\/#organization","name":"Lottemaa Teemapark","url":"https:\/\/lottemaa.ee\/","logo":{"@type":"ImageObject","inLanguage":"en-US","@id":"https:\/\/lottemaa.ee\/#\/schema\/logo\/image\/","url":"https:\/\/lottemaa.ee\/wp-content\/uploads\/2018\/12\/Lottemaa_LOGO.png","contentUrl":"https:\/\/lottemaa.ee\/wp-content\/uploads\/2018\/12\/Lottemaa_LOGO.png","width":1024,"height":518,"caption":"Lottemaa Teemapark"},"image":{"@id":"https:\/\/lottemaa.ee\/#\/schema\/logo\/image\/"}}]}},"_links":{"self":[{"href":"https:\/\/lottemaa.ee\/en\/wp-json\/wp\/v2\/pages\/21539","targetHints":{"allow":["GET"]}}],"collection":[{"href":"https:\/\/lottemaa.ee\/en\/wp-json\/wp\/v2\/pages"}],"about":[{"href":"https:\/\/lottemaa.ee\/en\/wp-json\/wp\/v2\/types\/page"}],"author":[{"embeddable":true,"href":"https:\/\/lottemaa.ee\/en\/wp-json\/wp\/v2\/users\/11"}],"replies":[{"embeddable":true,"href":"https:\/\/lottemaa.ee\/en\/wp-json\/wp\/v2\/comments?post=21539"}],"version-history":[{"count":5,"href":"https:\/\/lottemaa.ee\/en\/wp-json\/wp\/v2\/pages\/21539\/revisions"}],"predecessor-version":[{"id":31241,"href":"https:\/\/lottemaa.ee\/en\/wp-json\/wp\/v2\/pages\/21539\/revisions\/31241"}],"wp:attachment":[{"href":"https:\/\/lottemaa.ee\/en\/wp-json\/wp\/v2\/media?parent=21539"}],"curies":[{"name":"wp","href":"https:\/\/api.w.org\/{rel}","templated":true}]}}