{"id":21128,"date":"2023-03-23T12:32:02","date_gmt":"2023-03-23T10:32:02","guid":{"rendered":"https:\/\/lottemaa.ee\/?page_id=21128"},"modified":"2023-03-23T12:32:02","modified_gmt":"2023-03-23T10:32:02","slug":"v","status":"publish","type":"page","link":"https:\/\/lottemaa.ee\/en\/about-us\/gadgetville-residents\/v\/","title":{"rendered":"Wolfgang"},"content":{"rendered":"<p style=\"text-align: left;\">In the olden days, the residents of Gadgetville decided that their village deserved a visit from Santa Claus. They drew lots, and luck smiled upon the rabbits. The first Santa Claus in Gadgetville was Julius the Rabbit. Many years have passed since then, and the role of the Christmas Rabbit has been passed down from father to son. Today, the role of Santa Claus in Gadgetville is filled by Wolfgang the rabbit, who is the great-great-great-grandson of the very first Christmas Rabbit. When it&#8217;s not Christmas time, Wolfgang is, of course, an inventor, and he really loves to invent children\u2019s toys.<\/p>\n","protected":false},"excerpt":{"rendered":"<p>In the olden days, the residents of Gadgetville decided that their village deserved a visit from Santa Claus. They drew lots, and luck smiled upon the rabbits. The first Santa Claus in Gadgetville was Julius the Rabbit. Many years have passed since then, and the role of the Christmas Rabbit has been passed down from &hellip; <a href=\"https:\/\/lottemaa.ee\/en\/about-us\/gadgetville-residents\/v\/\">Continued<\/a><\/p>\n","protected":false},"author":11,"featured_media":20556,"parent":983,"menu_order":448,"comment_status":"closed","ping_status":"closed","template":"","meta":{"_acf_changed":false,"om_disable_all_campaigns":false,"_uf_show_specific_survey":0,"_uf_disable_surveys":false,"footnotes":""},"class_list":["post-21128","page","type-page","status-publish","has-post-thumbnail","hentry"],"acf":[],"yoast_head":"<!-- This site is optimized with the Yoast SEO plugin v25.5 - https:\/\/yoast.com\/wordpress\/plugins\/seo\/ -->\n<title>Wolfgang | Lottemaa Teemapark<\/title>\n<meta name=\"description\" content=\"In the olden days, the residents of Gadgetville decided that their village deserved a visit from Santa Claus.\" \/>\n<meta name=\"robots\" content=\"index, follow, max-snippet:-1, max-image-preview:large, max-video-preview:-1\" \/>\n<link rel=\"canonical\" href=\"https:\/\/lottemaa.ee\/en\/about-us\/gadgetville-residents\/v\/\" \/>\n<meta property=\"og:locale\" content=\"en_US\" \/>\n<meta property=\"og:type\" content=\"article\" \/>\n<meta property=\"og:title\" content=\"Wolfgang | Lottemaa Teemapark\" \/>\n<meta property=\"og:description\" content=\"In the olden days, the residents of Gadgetville decided that their village deserved a visit from Santa Claus.\" \/>\n<meta property=\"og:url\" content=\"https:\/\/lottemaa.ee\/en\/about-us\/gadgetville-residents\/v\/\" \/>\n<meta property=\"og:site_name\" content=\"Lottemaa Teemapark\" \/>\n<meta property=\"og:image\" content=\"https:\/\/lottemaa.ee\/wp-content\/uploads\/2023\/02\/Wolfgangjouluvana_316X177.jpg\" \/>\n\t<meta property=\"og:image:width\" content=\"316\" \/>\n\t<meta property=\"og:image:height\" content=\"177\" \/>\n\t<meta property=\"og:image:type\" content=\"image\/jpeg\" \/>\n<meta name=\"twitter:card\" content=\"summary_large_image\" \/>\n<meta name=\"twitter:label1\" content=\"Est. reading time\" \/>\n\t<meta name=\"twitter:data1\" content=\"1 minute\" \/>\n<script type=\"application\/ld+json\" class=\"yoast-schema-graph\">{\"@context\":\"https:\/\/schema.org\",\"@graph\":[{\"@type\":\"WebPage\",\"@id\":\"https:\/\/lottemaa.ee\/en\/about-us\/gadgetville-residents\/v\/\",\"url\":\"https:\/\/lottemaa.ee\/en\/about-us\/gadgetville-residents\/v\/\",\"name\":\"Wolfgang | Lottemaa Teemapark\",\"isPartOf\":{\"@id\":\"https:\/\/lottemaa.ee\/#website\"},\"primaryImageOfPage\":{\"@id\":\"https:\/\/lottemaa.ee\/en\/about-us\/gadgetville-residents\/v\/#primaryimage\"},\"image\":{\"@id\":\"https:\/\/lottemaa.ee\/en\/about-us\/gadgetville-residents\/v\/#primaryimage\"},\"thumbnailUrl\":\"https:\/\/lottemaa.ee\/wp-content\/uploads\/2023\/02\/Wolfgangjouluvana_316X177.jpg\",\"datePublished\":\"2023-03-23T10:32:02+00:00\",\"description\":\"In the olden days, the residents of Gadgetville decided that their village deserved a visit from Santa Claus.\",\"breadcrumb\":{\"@id\":\"https:\/\/lottemaa.ee\/en\/about-us\/gadgetville-residents\/v\/#breadcrumb\"},\"inLanguage\":\"en-US\",\"potentialAction\":[{\"@type\":\"ReadAction\",\"target\":[\"https:\/\/lottemaa.ee\/en\/about-us\/gadgetville-residents\/v\/\"]}]},{\"@type\":\"ImageObject\",\"inLanguage\":\"en-US\",\"@id\":\"https:\/\/lottemaa.ee\/en\/about-us\/gadgetville-residents\/v\/#primaryimage\",\"url\":\"https:\/\/lottemaa.ee\/wp-content\/uploads\/2023\/02\/Wolfgangjouluvana_316X177.jpg\",\"contentUrl\":\"https:\/\/lottemaa.ee\/wp-content\/uploads\/2023\/02\/Wolfgangjouluvana_316X177.jpg\",\"width\":316,\"height\":177},{\"@type\":\"BreadcrumbList\",\"@id\":\"https:\/\/lottemaa.ee\/en\/about-us\/gadgetville-residents\/v\/#breadcrumb\",\"itemListElement\":[{\"@type\":\"ListItem\",\"position\":1,\"name\":\"Home\",\"item\":\"https:\/\/lottemaa.ee\/en\/\"},{\"@type\":\"ListItem\",\"position\":2,\"name\":\"About Us\",\"item\":\"https:\/\/lottemaa.ee\/en\/about-us\/\"},{\"@type\":\"ListItem\",\"position\":3,\"name\":\"Gadgetville residents\",\"item\":\"https:\/\/lottemaa.ee\/en\/about-us\/gadgetville-residents\/\"},{\"@type\":\"ListItem\",\"position\":4,\"name\":\"Wolfgang\"}]},{\"@type\":\"WebSite\",\"@id\":\"https:\/\/lottemaa.ee\/#website\",\"url\":\"https:\/\/lottemaa.ee\/\",\"name\":\"Lottemaa Teemapark\",\"description\":\"Baltimaade suurim ja k\u00f5ige \u00e4gedam kogupere teemapark Eestis P\u00e4rnumaal\",\"publisher\":{\"@id\":\"https:\/\/lottemaa.ee\/#organization\"},\"potentialAction\":[{\"@type\":\"SearchAction\",\"target\":{\"@type\":\"EntryPoint\",\"urlTemplate\":\"https:\/\/lottemaa.ee\/?s={search_term_string}\"},\"query-input\":{\"@type\":\"PropertyValueSpecification\",\"valueRequired\":true,\"valueName\":\"search_term_string\"}}],\"inLanguage\":\"en-US\"},{\"@type\":\"Organization\",\"@id\":\"https:\/\/lottemaa.ee\/#organization\",\"name\":\"Lottemaa Teemapark\",\"url\":\"https:\/\/lottemaa.ee\/\",\"logo\":{\"@type\":\"ImageObject\",\"inLanguage\":\"en-US\",\"@id\":\"https:\/\/lottemaa.ee\/#\/schema\/logo\/image\/\",\"url\":\"https:\/\/lottemaa.ee\/wp-content\/uploads\/2018\/12\/Lottemaa_LOGO.png\",\"contentUrl\":\"https:\/\/lottemaa.ee\/wp-content\/uploads\/2018\/12\/Lottemaa_LOGO.png\",\"width\":1024,\"height\":518,\"caption\":\"Lottemaa Teemapark\"},\"image\":{\"@id\":\"https:\/\/lottemaa.ee\/#\/schema\/logo\/image\/\"}}]}<\/script>\n<!-- \/ Yoast SEO plugin. -->","yoast_head_json":{"title":"Wolfgang | Lottemaa Teemapark","description":"In the olden days, the residents of Gadgetville decided that their village deserved a visit from Santa Claus.","robots":{"index":"index","follow":"follow","max-snippet":"max-snippet:-1","max-image-preview":"max-image-preview:large","max-video-preview":"max-video-preview:-1"},"canonical":"https:\/\/lottemaa.ee\/en\/about-us\/gadgetville-residents\/v\/","og_locale":"en_US","og_type":"article","og_title":"Wolfgang | Lottemaa Teemapark","og_description":"In the olden days, the residents of Gadgetville decided that their village deserved a visit from Santa Claus.","og_url":"https:\/\/lottemaa.ee\/en\/about-us\/gadgetville-residents\/v\/","og_site_name":"Lottemaa Teemapark","og_image":[{"width":316,"height":177,"url":"https:\/\/lottemaa.ee\/wp-content\/uploads\/2023\/02\/Wolfgangjouluvana_316X177.jpg","type":"image\/jpeg"}],"twitter_card":"summary_large_image","twitter_misc":{"Est. reading time":"1 minute"},"schema":{"@context":"https:\/\/schema.org","@graph":[{"@type":"WebPage","@id":"https:\/\/lottemaa.ee\/en\/about-us\/gadgetville-residents\/v\/","url":"https:\/\/lottemaa.ee\/en\/about-us\/gadgetville-residents\/v\/","name":"Wolfgang | Lottemaa Teemapark","isPartOf":{"@id":"https:\/\/lottemaa.ee\/#website"},"primaryImageOfPage":{"@id":"https:\/\/lottemaa.ee\/en\/about-us\/gadgetville-residents\/v\/#primaryimage"},"image":{"@id":"https:\/\/lottemaa.ee\/en\/about-us\/gadgetville-residents\/v\/#primaryimage"},"thumbnailUrl":"https:\/\/lottemaa.ee\/wp-content\/uploads\/2023\/02\/Wolfgangjouluvana_316X177.jpg","datePublished":"2023-03-23T10:32:02+00:00","description":"In the olden days, the residents of Gadgetville decided that their village deserved a visit from Santa Claus.","breadcrumb":{"@id":"https:\/\/lottemaa.ee\/en\/about-us\/gadgetville-residents\/v\/#breadcrumb"},"inLanguage":"en-US","potentialAction":[{"@type":"ReadAction","target":["https:\/\/lottemaa.ee\/en\/about-us\/gadgetville-residents\/v\/"]}]},{"@type":"ImageObject","inLanguage":"en-US","@id":"https:\/\/lottemaa.ee\/en\/about-us\/gadgetville-residents\/v\/#primaryimage","url":"https:\/\/lottemaa.ee\/wp-content\/uploads\/2023\/02\/Wolfgangjouluvana_316X177.jpg","contentUrl":"https:\/\/lottemaa.ee\/wp-content\/uploads\/2023\/02\/Wolfgangjouluvana_316X177.jpg","width":316,"height":177},{"@type":"BreadcrumbList","@id":"https:\/\/lottemaa.ee\/en\/about-us\/gadgetville-residents\/v\/#breadcrumb","itemListElement":[{"@type":"ListItem","position":1,"name":"Home","item":"https:\/\/lottemaa.ee\/en\/"},{"@type":"ListItem","position":2,"name":"About Us","item":"https:\/\/lottemaa.ee\/en\/about-us\/"},{"@type":"ListItem","position":3,"name":"Gadgetville residents","item":"https:\/\/lottemaa.ee\/en\/about-us\/gadgetville-residents\/"},{"@type":"ListItem","position":4,"name":"Wolfgang"}]},{"@type":"WebSite","@id":"https:\/\/lottemaa.ee\/#website","url":"https:\/\/lottemaa.ee\/","name":"Lottemaa Teemapark","description":"Baltimaade suurim ja k\u00f5ige \u00e4gedam kogupere teemapark Eestis P\u00e4rnumaal","publisher":{"@id":"https:\/\/lottemaa.ee\/#organization"},"potentialAction":[{"@type":"SearchAction","target":{"@type":"EntryPoint","urlTemplate":"https:\/\/lottemaa.ee\/?s={search_term_string}"},"query-input":{"@type":"PropertyValueSpecification","valueRequired":true,"valueName":"search_term_string"}}],"inLanguage":"en-US"},{"@type":"Organization","@id":"https:\/\/lottemaa.ee\/#organization","name":"Lottemaa Teemapark","url":"https:\/\/lottemaa.ee\/","logo":{"@type":"ImageObject","inLanguage":"en-US","@id":"https:\/\/lottemaa.ee\/#\/schema\/logo\/image\/","url":"https:\/\/lottemaa.ee\/wp-content\/uploads\/2018\/12\/Lottemaa_LOGO.png","contentUrl":"https:\/\/lottemaa.ee\/wp-content\/uploads\/2018\/12\/Lottemaa_LOGO.png","width":1024,"height":518,"caption":"Lottemaa Teemapark"},"image":{"@id":"https:\/\/lottemaa.ee\/#\/schema\/logo\/image\/"}}]}},"_links":{"self":[{"href":"https:\/\/lottemaa.ee\/en\/wp-json\/wp\/v2\/pages\/21128","targetHints":{"allow":["GET"]}}],"collection":[{"href":"https:\/\/lottemaa.ee\/en\/wp-json\/wp\/v2\/pages"}],"about":[{"href":"https:\/\/lottemaa.ee\/en\/wp-json\/wp\/v2\/types\/page"}],"author":[{"embeddable":true,"href":"https:\/\/lottemaa.ee\/en\/wp-json\/wp\/v2\/users\/11"}],"replies":[{"embeddable":true,"href":"https:\/\/lottemaa.ee\/en\/wp-json\/wp\/v2\/comments?post=21128"}],"version-history":[{"count":1,"href":"https:\/\/lottemaa.ee\/en\/wp-json\/wp\/v2\/pages\/21128\/revisions"}],"predecessor-version":[{"id":21129,"href":"https:\/\/lottemaa.ee\/en\/wp-json\/wp\/v2\/pages\/21128\/revisions\/21129"}],"up":[{"embeddable":true,"href":"https:\/\/lottemaa.ee\/en\/wp-json\/wp\/v2\/pages\/983"}],"wp:featuredmedia":[{"embeddable":true,"href":"https:\/\/lottemaa.ee\/en\/wp-json\/wp\/v2\/media\/20556"}],"wp:attachment":[{"href":"https:\/\/lottemaa.ee\/en\/wp-json\/wp\/v2\/media?parent=21128"}],"curies":[{"name":"wp","href":"https:\/\/api.w.org\/{rel}","templated":true}]}}