{"id":18616,"date":"2022-12-21T09:57:28","date_gmt":"2022-12-21T07:57:28","guid":{"rendered":"https:\/\/lottemaa.ee\/?page_id=18616"},"modified":"2025-11-11T15:31:14","modified_gmt":"2025-11-11T13:31:14","slug":"company-events","status":"publish","type":"page","link":"https:\/\/lottemaa.ee\/en\/organise-an-event\/company-events\/","title":{"rendered":"COMPANY EVENTS"},"content":{"rendered":"<p style=\"text-align: left;\"><span style=\"color: #000000;\"><strong>Instead of gathering in an ordinary conference centre, take a break from your routine and bring your colleagues to the seaside woods of P\u00e4rnu County. Here, you can conduct a workshop, training or any other company event. Leave the dull concrete walls behind and enter the colourful and inspiring environment of Lotte Village.<\/strong><\/span><\/p>\n<p style=\"text-align: left;\">The Lotte Village Theme Park is perfect for celebrating various personal and company events:<br \/>\n\u2013 Company family days<br \/>\n\u2013 Summer and winter days<br \/>\n\u2013 Team events<br \/>\n\u2013 Workshops and conferences<br \/>\n\u2013 Weddings, birthdays and anniversaries<\/p>\n<p style=\"text-align: left;\">You can rent various buildings, the theatre and concert stage, the stadium, the adventure park, the beach along with the caf\u00e9, the restaurant or even the entire theme park. But most importantly \u2013 our gifted actors will make any event memorable.<\/p>\n<h3 style=\"text-align: left;\"><span style=\"color: #0000ff;\">PRICES<\/span><\/h3>\n<p style=\"text-align: left;\">&#8211; Rental of one theme park building, concert or theatre stage, stadium or adventure park \u2013 from <span style=\"color: #000000;\"><strong>\u20ac250<\/strong><\/span>\/hour<br \/>\n&#8211; Renting the entire theme park \u2013 from <span style=\"color: #000000;\"><strong>\u20ac4,200<\/strong><\/span><br \/>\n&#8211; Ordering a Lotte Village actor to host the event \u2013 from<span style=\"color: #000000;\"><strong> \u20ac250<\/strong><\/span>\/hour (the service is available in Estonian)<br \/>\n&#8211; 4-hour Lotte Village programme (in Estonian) \u2013 from <span style=\"color: #000000;\"><strong>\u20ac7,500<\/strong><\/span><\/p>\n<h3 style=\"text-align: left;\"><span style=\"color: #ff0000;\">The offer is valid<\/span><\/h3>\n<p style=\"text-align: left;\">\u2013 during off-season: from Monday to Sunday up to 8 hours<br \/>\n\u2013 during the summer season: from Monday to Sunday at<span style=\"color: #000000;\"><strong> 19.00-23.00<\/strong><\/span>, in winter from Monday to Sunday at <span style=\"color: #000000;\"><strong>17.00-23.00<\/strong><\/span><\/p>\n<h3 style=\"text-align: left;\"><span style=\"color: #0000ff;\">For an additional fee, you can order<\/span><\/h3>\n<p style=\"text-align: left;\">\u2013 Snacks, coffee and tea<br \/>\n\u2013 Catering<br \/>\n\u2013 Transportation of participants by train from the car park to the gates of Lotte Village and back: <span style=\"color: #000000;\"><strong>\u20ac350<\/strong><\/span>\/hour<br \/>\n\u2013 Thematic Lotte Village gifts from Artur\u2019s shop. See the selection <strong><a href=\"https:\/\/e-pood.lottemaa.ee\/en\">HERE \u00bb<\/a><\/strong><br \/>\n\u2013 Accommodation in P\u00e4rnu with breakfast and spa at the <strong><a href=\"https:\/\/www.strand.ee\/en\/\">Strand SPA &amp; Conference Hotel<\/a><\/strong><\/p>\n<p style=\"text-align: left;\">The prices do not include <span style=\"color: #000000;\"><strong>VAT<\/strong><\/span>.<br \/>\nFeel free to contact us to discuss your plans:<strong> <a href=\"mailto:tellimine@lottemaa.ee\">tellimine@lottemaa.ee<\/a><\/strong><\/p>\n","protected":false},"excerpt":{"rendered":"<p>Instead of gathering in an ordinary conference centre, take a break from your routine and bring your colleagues to the seaside woods of P\u00e4rnu County. Here, you can conduct a workshop, training or any other company event. Leave the dull concrete walls behind and enter the colourful and inspiring environment of Lotte Village. The Lotte &hellip; <a href=\"https:\/\/lottemaa.ee\/en\/organise-an-event\/company-events\/\">Continued<\/a><\/p>\n","protected":false},"author":11,"featured_media":7411,"parent":11901,"menu_order":287,"comment_status":"closed","ping_status":"closed","template":"","meta":{"_acf_changed":false,"om_disable_all_campaigns":false,"_uf_show_specific_survey":0,"_uf_disable_surveys":false,"footnotes":""},"class_list":["post-18616","page","type-page","status-publish","has-post-thumbnail","hentry"],"acf":[],"yoast_head":"<!-- This site is optimized with the Yoast SEO plugin v25.5 - https:\/\/yoast.com\/wordpress\/plugins\/seo\/ -->\n<title>COMPANY EVENTS | Lottemaa Teemapark<\/title>\n<meta name=\"robots\" content=\"index, follow, max-snippet:-1, max-image-preview:large, max-video-preview:-1\" \/>\n<link rel=\"canonical\" href=\"https:\/\/lottemaa.ee\/en\/organise-an-event\/company-events\/\" \/>\n<meta property=\"og:locale\" content=\"en_US\" \/>\n<meta property=\"og:type\" content=\"article\" \/>\n<meta property=\"og:title\" content=\"COMPANY EVENTS | Lottemaa Teemapark\" \/>\n<meta property=\"og:description\" content=\"Instead of gathering in an ordinary conference centre, take a break from your routine and bring your colleagues to the seaside woods of P\u00e4rnu County. Here, you can conduct a workshop, training or any other company event. Leave the dull concrete walls behind and enter the colourful and inspiring environment of Lotte Village. The Lotte &hellip; Continued\" \/>\n<meta property=\"og:url\" content=\"https:\/\/lottemaa.ee\/en\/organise-an-event\/company-events\/\" \/>\n<meta property=\"og:site_name\" content=\"Lottemaa Teemapark\" \/>\n<meta property=\"article:modified_time\" content=\"2025-11-11T13:31:14+00:00\" \/>\n<meta property=\"og:image\" content=\"https:\/\/lottemaa.ee\/wp-content\/uploads\/2019\/03\/toole_285x296-1.jpg\" \/>\n\t<meta property=\"og:image:width\" content=\"296\" \/>\n\t<meta property=\"og:image:height\" content=\"285\" \/>\n\t<meta property=\"og:image:type\" content=\"image\/jpeg\" \/>\n<meta name=\"twitter:card\" content=\"summary_large_image\" \/>\n<meta name=\"twitter:label1\" content=\"Est. reading time\" \/>\n\t<meta name=\"twitter:data1\" content=\"2 minutes\" \/>\n<script type=\"application\/ld+json\" class=\"yoast-schema-graph\">{\"@context\":\"https:\/\/schema.org\",\"@graph\":[{\"@type\":\"WebPage\",\"@id\":\"https:\/\/lottemaa.ee\/en\/organise-an-event\/company-events\/\",\"url\":\"https:\/\/lottemaa.ee\/en\/organise-an-event\/company-events\/\",\"name\":\"COMPANY EVENTS | Lottemaa Teemapark\",\"isPartOf\":{\"@id\":\"https:\/\/lottemaa.ee\/#website\"},\"primaryImageOfPage\":{\"@id\":\"https:\/\/lottemaa.ee\/en\/organise-an-event\/company-events\/#primaryimage\"},\"image\":{\"@id\":\"https:\/\/lottemaa.ee\/en\/organise-an-event\/company-events\/#primaryimage\"},\"thumbnailUrl\":\"https:\/\/lottemaa.ee\/wp-content\/uploads\/2019\/03\/toole_285x296-1.jpg\",\"datePublished\":\"2022-12-21T07:57:28+00:00\",\"dateModified\":\"2025-11-11T13:31:14+00:00\",\"breadcrumb\":{\"@id\":\"https:\/\/lottemaa.ee\/en\/organise-an-event\/company-events\/#breadcrumb\"},\"inLanguage\":\"en-US\",\"potentialAction\":[{\"@type\":\"ReadAction\",\"target\":[\"https:\/\/lottemaa.ee\/en\/organise-an-event\/company-events\/\"]}]},{\"@type\":\"ImageObject\",\"inLanguage\":\"en-US\",\"@id\":\"https:\/\/lottemaa.ee\/en\/organise-an-event\/company-events\/#primaryimage\",\"url\":\"https:\/\/lottemaa.ee\/wp-content\/uploads\/2019\/03\/toole_285x296-1.jpg\",\"contentUrl\":\"https:\/\/lottemaa.ee\/wp-content\/uploads\/2019\/03\/toole_285x296-1.jpg\",\"width\":296,\"height\":285},{\"@type\":\"BreadcrumbList\",\"@id\":\"https:\/\/lottemaa.ee\/en\/organise-an-event\/company-events\/#breadcrumb\",\"itemListElement\":[{\"@type\":\"ListItem\",\"position\":1,\"name\":\"Home\",\"item\":\"https:\/\/lottemaa.ee\/en\/\"},{\"@type\":\"ListItem\",\"position\":2,\"name\":\"ORGANISE AN EVENT\",\"item\":\"https:\/\/lottemaa.ee\/en\/organise-an-event\/\"},{\"@type\":\"ListItem\",\"position\":3,\"name\":\"COMPANY EVENTS\"}]},{\"@type\":\"WebSite\",\"@id\":\"https:\/\/lottemaa.ee\/#website\",\"url\":\"https:\/\/lottemaa.ee\/\",\"name\":\"Lottemaa Teemapark\",\"description\":\"Baltimaade suurim ja k\u00f5ige \u00e4gedam kogupere teemapark Eestis P\u00e4rnumaal\",\"publisher\":{\"@id\":\"https:\/\/lottemaa.ee\/#organization\"},\"potentialAction\":[{\"@type\":\"SearchAction\",\"target\":{\"@type\":\"EntryPoint\",\"urlTemplate\":\"https:\/\/lottemaa.ee\/?s={search_term_string}\"},\"query-input\":{\"@type\":\"PropertyValueSpecification\",\"valueRequired\":true,\"valueName\":\"search_term_string\"}}],\"inLanguage\":\"en-US\"},{\"@type\":\"Organization\",\"@id\":\"https:\/\/lottemaa.ee\/#organization\",\"name\":\"Lottemaa Teemapark\",\"url\":\"https:\/\/lottemaa.ee\/\",\"logo\":{\"@type\":\"ImageObject\",\"inLanguage\":\"en-US\",\"@id\":\"https:\/\/lottemaa.ee\/#\/schema\/logo\/image\/\",\"url\":\"https:\/\/lottemaa.ee\/wp-content\/uploads\/2018\/12\/Lottemaa_LOGO.png\",\"contentUrl\":\"https:\/\/lottemaa.ee\/wp-content\/uploads\/2018\/12\/Lottemaa_LOGO.png\",\"width\":1024,\"height\":518,\"caption\":\"Lottemaa Teemapark\"},\"image\":{\"@id\":\"https:\/\/lottemaa.ee\/#\/schema\/logo\/image\/\"}}]}<\/script>\n<!-- \/ Yoast SEO plugin. -->","yoast_head_json":{"title":"COMPANY EVENTS | Lottemaa Teemapark","robots":{"index":"index","follow":"follow","max-snippet":"max-snippet:-1","max-image-preview":"max-image-preview:large","max-video-preview":"max-video-preview:-1"},"canonical":"https:\/\/lottemaa.ee\/en\/organise-an-event\/company-events\/","og_locale":"en_US","og_type":"article","og_title":"COMPANY EVENTS | Lottemaa Teemapark","og_description":"Instead of gathering in an ordinary conference centre, take a break from your routine and bring your colleagues to the seaside woods of P\u00e4rnu County. Here, you can conduct a workshop, training or any other company event. Leave the dull concrete walls behind and enter the colourful and inspiring environment of Lotte Village. The Lotte &hellip; Continued","og_url":"https:\/\/lottemaa.ee\/en\/organise-an-event\/company-events\/","og_site_name":"Lottemaa Teemapark","article_modified_time":"2025-11-11T13:31:14+00:00","og_image":[{"width":296,"height":285,"url":"https:\/\/lottemaa.ee\/wp-content\/uploads\/2019\/03\/toole_285x296-1.jpg","type":"image\/jpeg"}],"twitter_card":"summary_large_image","twitter_misc":{"Est. reading time":"2 minutes"},"schema":{"@context":"https:\/\/schema.org","@graph":[{"@type":"WebPage","@id":"https:\/\/lottemaa.ee\/en\/organise-an-event\/company-events\/","url":"https:\/\/lottemaa.ee\/en\/organise-an-event\/company-events\/","name":"COMPANY EVENTS | Lottemaa Teemapark","isPartOf":{"@id":"https:\/\/lottemaa.ee\/#website"},"primaryImageOfPage":{"@id":"https:\/\/lottemaa.ee\/en\/organise-an-event\/company-events\/#primaryimage"},"image":{"@id":"https:\/\/lottemaa.ee\/en\/organise-an-event\/company-events\/#primaryimage"},"thumbnailUrl":"https:\/\/lottemaa.ee\/wp-content\/uploads\/2019\/03\/toole_285x296-1.jpg","datePublished":"2022-12-21T07:57:28+00:00","dateModified":"2025-11-11T13:31:14+00:00","breadcrumb":{"@id":"https:\/\/lottemaa.ee\/en\/organise-an-event\/company-events\/#breadcrumb"},"inLanguage":"en-US","potentialAction":[{"@type":"ReadAction","target":["https:\/\/lottemaa.ee\/en\/organise-an-event\/company-events\/"]}]},{"@type":"ImageObject","inLanguage":"en-US","@id":"https:\/\/lottemaa.ee\/en\/organise-an-event\/company-events\/#primaryimage","url":"https:\/\/lottemaa.ee\/wp-content\/uploads\/2019\/03\/toole_285x296-1.jpg","contentUrl":"https:\/\/lottemaa.ee\/wp-content\/uploads\/2019\/03\/toole_285x296-1.jpg","width":296,"height":285},{"@type":"BreadcrumbList","@id":"https:\/\/lottemaa.ee\/en\/organise-an-event\/company-events\/#breadcrumb","itemListElement":[{"@type":"ListItem","position":1,"name":"Home","item":"https:\/\/lottemaa.ee\/en\/"},{"@type":"ListItem","position":2,"name":"ORGANISE AN EVENT","item":"https:\/\/lottemaa.ee\/en\/organise-an-event\/"},{"@type":"ListItem","position":3,"name":"COMPANY EVENTS"}]},{"@type":"WebSite","@id":"https:\/\/lottemaa.ee\/#website","url":"https:\/\/lottemaa.ee\/","name":"Lottemaa Teemapark","description":"Baltimaade suurim ja k\u00f5ige \u00e4gedam kogupere teemapark Eestis P\u00e4rnumaal","publisher":{"@id":"https:\/\/lottemaa.ee\/#organization"},"potentialAction":[{"@type":"SearchAction","target":{"@type":"EntryPoint","urlTemplate":"https:\/\/lottemaa.ee\/?s={search_term_string}"},"query-input":{"@type":"PropertyValueSpecification","valueRequired":true,"valueName":"search_term_string"}}],"inLanguage":"en-US"},{"@type":"Organization","@id":"https:\/\/lottemaa.ee\/#organization","name":"Lottemaa Teemapark","url":"https:\/\/lottemaa.ee\/","logo":{"@type":"ImageObject","inLanguage":"en-US","@id":"https:\/\/lottemaa.ee\/#\/schema\/logo\/image\/","url":"https:\/\/lottemaa.ee\/wp-content\/uploads\/2018\/12\/Lottemaa_LOGO.png","contentUrl":"https:\/\/lottemaa.ee\/wp-content\/uploads\/2018\/12\/Lottemaa_LOGO.png","width":1024,"height":518,"caption":"Lottemaa Teemapark"},"image":{"@id":"https:\/\/lottemaa.ee\/#\/schema\/logo\/image\/"}}]}},"_links":{"self":[{"href":"https:\/\/lottemaa.ee\/en\/wp-json\/wp\/v2\/pages\/18616","targetHints":{"allow":["GET"]}}],"collection":[{"href":"https:\/\/lottemaa.ee\/en\/wp-json\/wp\/v2\/pages"}],"about":[{"href":"https:\/\/lottemaa.ee\/en\/wp-json\/wp\/v2\/types\/page"}],"author":[{"embeddable":true,"href":"https:\/\/lottemaa.ee\/en\/wp-json\/wp\/v2\/users\/11"}],"replies":[{"embeddable":true,"href":"https:\/\/lottemaa.ee\/en\/wp-json\/wp\/v2\/comments?post=18616"}],"version-history":[{"count":5,"href":"https:\/\/lottemaa.ee\/en\/wp-json\/wp\/v2\/pages\/18616\/revisions"}],"predecessor-version":[{"id":31914,"href":"https:\/\/lottemaa.ee\/en\/wp-json\/wp\/v2\/pages\/18616\/revisions\/31914"}],"up":[{"embeddable":true,"href":"https:\/\/lottemaa.ee\/en\/wp-json\/wp\/v2\/pages\/11901"}],"wp:featuredmedia":[{"embeddable":true,"href":"https:\/\/lottemaa.ee\/en\/wp-json\/wp\/v2\/media\/7411"}],"wp:attachment":[{"href":"https:\/\/lottemaa.ee\/en\/wp-json\/wp\/v2\/media?parent=18616"}],"curies":[{"name":"wp","href":"https:\/\/api.w.org\/{rel}","templated":true}]}}