{"id":1792,"date":"2016-05-18T13:46:31","date_gmt":"2016-05-18T10:46:31","guid":{"rendered":"http:\/\/test.lottemaa.ee\/en\/?page_id=1792"},"modified":"2024-08-07T13:26:32","modified_gmt":"2024-08-07T10:26:32","slug":"helmi-lennumasin","status":"publish","type":"page","link":"https:\/\/lottemaa.ee\/en\/a-day-in-lotte-village\/gadgets\/helmi-lennumasin\/","title":{"rendered":"Pig Mother Helmi\u2019s flying machine"},"content":{"rendered":"<p style=\"text-align: left;\">Pig Mother Helmi has pottered on a peculiar gadget for a year already \u2013 it is an apparatus for flying over puddles. Now Helmi has finished her invention and all the Gadgetville visitors can also fly over puddles using it. But if anyone would like to jump down in the middle of the flight then you are welcome to it, fresh mud is nice and good for your health. And surely Helmi will find some dry clothes for you afterwards.<\/p>\n","protected":false},"excerpt":{"rendered":"<p>Pig Mother Helmi has pottered on a peculiar gadget for a year already \u2013 it is an apparatus for flying over puddles. Now Helmi has finished her invention and all the Gadgetville visitors can also fly over puddles using it. But if anyone would like to jump down in the middle of the flight then &hellip; <a href=\"https:\/\/lottemaa.ee\/en\/a-day-in-lotte-village\/gadgets\/helmi-lennumasin\/\">Continued<\/a><\/p>\n","protected":false},"author":1,"featured_media":2991,"parent":1018,"menu_order":558,"comment_status":"closed","ping_status":"closed","template":"","meta":{"_acf_changed":false,"om_disable_all_campaigns":false,"_uf_show_specific_survey":0,"_uf_disable_surveys":false,"footnotes":""},"class_list":["post-1792","page","type-page","status-publish","has-post-thumbnail","hentry"],"acf":[],"yoast_head":"<!-- This site is optimized with the Yoast SEO plugin v25.5 - https:\/\/yoast.com\/wordpress\/plugins\/seo\/ -->\n<title>Pig Mother Helmi\u2019s flying machine | Lottemaa Teemapark<\/title>\n<meta name=\"robots\" content=\"index, follow, max-snippet:-1, max-image-preview:large, max-video-preview:-1\" \/>\n<link rel=\"canonical\" href=\"https:\/\/lottemaa.ee\/en\/a-day-in-lotte-village\/gadgets\/helmi-lennumasin\/\" \/>\n<meta property=\"og:locale\" content=\"en_US\" \/>\n<meta property=\"og:type\" content=\"article\" \/>\n<meta property=\"og:title\" content=\"Pig Mother Helmi\u2019s flying machine | Lottemaa Teemapark\" \/>\n<meta property=\"og:description\" content=\"Pig Mother Helmi has pottered on a peculiar gadget for a year already \u2013 it is an apparatus for flying over puddles. Now Helmi has finished her invention and all the Gadgetville visitors can also fly over puddles using it. But if anyone would like to jump down in the middle of the flight then &hellip; Continued\" \/>\n<meta property=\"og:url\" content=\"https:\/\/lottemaa.ee\/en\/a-day-in-lotte-village\/gadgets\/helmi-lennumasin\/\" \/>\n<meta property=\"og:site_name\" content=\"Lottemaa Teemapark\" \/>\n<meta property=\"article:modified_time\" content=\"2024-08-07T10:26:32+00:00\" \/>\n<meta property=\"og:image\" content=\"https:\/\/lottemaa.ee\/wp-content\/uploads\/2016\/05\/Esimesed-pildid-1-1024x683.jpg\" \/>\n\t<meta property=\"og:image:width\" content=\"1024\" \/>\n\t<meta property=\"og:image:height\" content=\"683\" \/>\n\t<meta property=\"og:image:type\" content=\"image\/jpeg\" \/>\n<meta name=\"twitter:card\" content=\"summary_large_image\" \/>\n<meta name=\"twitter:label1\" content=\"Est. reading time\" \/>\n\t<meta name=\"twitter:data1\" content=\"1 minute\" \/>\n<script type=\"application\/ld+json\" class=\"yoast-schema-graph\">{\"@context\":\"https:\/\/schema.org\",\"@graph\":[{\"@type\":\"WebPage\",\"@id\":\"https:\/\/lottemaa.ee\/en\/a-day-in-lotte-village\/gadgets\/helmi-lennumasin\/\",\"url\":\"https:\/\/lottemaa.ee\/en\/a-day-in-lotte-village\/gadgets\/helmi-lennumasin\/\",\"name\":\"Pig Mother Helmi\u2019s flying machine | Lottemaa Teemapark\",\"isPartOf\":{\"@id\":\"https:\/\/lottemaa.ee\/#website\"},\"primaryImageOfPage\":{\"@id\":\"https:\/\/lottemaa.ee\/en\/a-day-in-lotte-village\/gadgets\/helmi-lennumasin\/#primaryimage\"},\"image\":{\"@id\":\"https:\/\/lottemaa.ee\/en\/a-day-in-lotte-village\/gadgets\/helmi-lennumasin\/#primaryimage\"},\"thumbnailUrl\":\"https:\/\/lottemaa.ee\/wp-content\/uploads\/2016\/05\/Esimesed-pildid-1.jpg\",\"datePublished\":\"2016-05-18T10:46:31+00:00\",\"dateModified\":\"2024-08-07T10:26:32+00:00\",\"breadcrumb\":{\"@id\":\"https:\/\/lottemaa.ee\/en\/a-day-in-lotte-village\/gadgets\/helmi-lennumasin\/#breadcrumb\"},\"inLanguage\":\"en-US\",\"potentialAction\":[{\"@type\":\"ReadAction\",\"target\":[\"https:\/\/lottemaa.ee\/en\/a-day-in-lotte-village\/gadgets\/helmi-lennumasin\/\"]}]},{\"@type\":\"ImageObject\",\"inLanguage\":\"en-US\",\"@id\":\"https:\/\/lottemaa.ee\/en\/a-day-in-lotte-village\/gadgets\/helmi-lennumasin\/#primaryimage\",\"url\":\"https:\/\/lottemaa.ee\/wp-content\/uploads\/2016\/05\/Esimesed-pildid-1.jpg\",\"contentUrl\":\"https:\/\/lottemaa.ee\/wp-content\/uploads\/2016\/05\/Esimesed-pildid-1.jpg\",\"width\":5585,\"height\":3723},{\"@type\":\"BreadcrumbList\",\"@id\":\"https:\/\/lottemaa.ee\/en\/a-day-in-lotte-village\/gadgets\/helmi-lennumasin\/#breadcrumb\",\"itemListElement\":[{\"@type\":\"ListItem\",\"position\":1,\"name\":\"Home\",\"item\":\"https:\/\/lottemaa.ee\/en\/\"},{\"@type\":\"ListItem\",\"position\":2,\"name\":\"A day in Lotte Village\",\"item\":\"https:\/\/lottemaa.ee\/en\/a-day-in-lotte-village\/\"},{\"@type\":\"ListItem\",\"position\":3,\"name\":\"inventions\",\"item\":\"https:\/\/lottemaa.ee\/en\/a-day-in-lotte-village\/gadgets\/\"},{\"@type\":\"ListItem\",\"position\":4,\"name\":\"Pig Mother Helmi\u2019s flying machine\"}]},{\"@type\":\"WebSite\",\"@id\":\"https:\/\/lottemaa.ee\/#website\",\"url\":\"https:\/\/lottemaa.ee\/\",\"name\":\"Lottemaa Teemapark\",\"description\":\"Baltimaade suurim ja k\u00f5ige \u00e4gedam kogupere teemapark Eestis P\u00e4rnumaal\",\"publisher\":{\"@id\":\"https:\/\/lottemaa.ee\/#organization\"},\"potentialAction\":[{\"@type\":\"SearchAction\",\"target\":{\"@type\":\"EntryPoint\",\"urlTemplate\":\"https:\/\/lottemaa.ee\/?s={search_term_string}\"},\"query-input\":{\"@type\":\"PropertyValueSpecification\",\"valueRequired\":true,\"valueName\":\"search_term_string\"}}],\"inLanguage\":\"en-US\"},{\"@type\":\"Organization\",\"@id\":\"https:\/\/lottemaa.ee\/#organization\",\"name\":\"Lottemaa Teemapark\",\"url\":\"https:\/\/lottemaa.ee\/\",\"logo\":{\"@type\":\"ImageObject\",\"inLanguage\":\"en-US\",\"@id\":\"https:\/\/lottemaa.ee\/#\/schema\/logo\/image\/\",\"url\":\"https:\/\/lottemaa.ee\/wp-content\/uploads\/2018\/12\/Lottemaa_LOGO.png\",\"contentUrl\":\"https:\/\/lottemaa.ee\/wp-content\/uploads\/2018\/12\/Lottemaa_LOGO.png\",\"width\":1024,\"height\":518,\"caption\":\"Lottemaa Teemapark\"},\"image\":{\"@id\":\"https:\/\/lottemaa.ee\/#\/schema\/logo\/image\/\"}}]}<\/script>\n<!-- \/ Yoast SEO plugin. -->","yoast_head_json":{"title":"Pig Mother Helmi\u2019s flying machine | Lottemaa Teemapark","robots":{"index":"index","follow":"follow","max-snippet":"max-snippet:-1","max-image-preview":"max-image-preview:large","max-video-preview":"max-video-preview:-1"},"canonical":"https:\/\/lottemaa.ee\/en\/a-day-in-lotte-village\/gadgets\/helmi-lennumasin\/","og_locale":"en_US","og_type":"article","og_title":"Pig Mother Helmi\u2019s flying machine | Lottemaa Teemapark","og_description":"Pig Mother Helmi has pottered on a peculiar gadget for a year already \u2013 it is an apparatus for flying over puddles. Now Helmi has finished her invention and all the Gadgetville visitors can also fly over puddles using it. But if anyone would like to jump down in the middle of the flight then &hellip; Continued","og_url":"https:\/\/lottemaa.ee\/en\/a-day-in-lotte-village\/gadgets\/helmi-lennumasin\/","og_site_name":"Lottemaa Teemapark","article_modified_time":"2024-08-07T10:26:32+00:00","og_image":[{"width":1024,"height":683,"url":"https:\/\/lottemaa.ee\/wp-content\/uploads\/2016\/05\/Esimesed-pildid-1-1024x683.jpg","type":"image\/jpeg"}],"twitter_card":"summary_large_image","twitter_misc":{"Est. reading time":"1 minute"},"schema":{"@context":"https:\/\/schema.org","@graph":[{"@type":"WebPage","@id":"https:\/\/lottemaa.ee\/en\/a-day-in-lotte-village\/gadgets\/helmi-lennumasin\/","url":"https:\/\/lottemaa.ee\/en\/a-day-in-lotte-village\/gadgets\/helmi-lennumasin\/","name":"Pig Mother Helmi\u2019s flying machine | Lottemaa Teemapark","isPartOf":{"@id":"https:\/\/lottemaa.ee\/#website"},"primaryImageOfPage":{"@id":"https:\/\/lottemaa.ee\/en\/a-day-in-lotte-village\/gadgets\/helmi-lennumasin\/#primaryimage"},"image":{"@id":"https:\/\/lottemaa.ee\/en\/a-day-in-lotte-village\/gadgets\/helmi-lennumasin\/#primaryimage"},"thumbnailUrl":"https:\/\/lottemaa.ee\/wp-content\/uploads\/2016\/05\/Esimesed-pildid-1.jpg","datePublished":"2016-05-18T10:46:31+00:00","dateModified":"2024-08-07T10:26:32+00:00","breadcrumb":{"@id":"https:\/\/lottemaa.ee\/en\/a-day-in-lotte-village\/gadgets\/helmi-lennumasin\/#breadcrumb"},"inLanguage":"en-US","potentialAction":[{"@type":"ReadAction","target":["https:\/\/lottemaa.ee\/en\/a-day-in-lotte-village\/gadgets\/helmi-lennumasin\/"]}]},{"@type":"ImageObject","inLanguage":"en-US","@id":"https:\/\/lottemaa.ee\/en\/a-day-in-lotte-village\/gadgets\/helmi-lennumasin\/#primaryimage","url":"https:\/\/lottemaa.ee\/wp-content\/uploads\/2016\/05\/Esimesed-pildid-1.jpg","contentUrl":"https:\/\/lottemaa.ee\/wp-content\/uploads\/2016\/05\/Esimesed-pildid-1.jpg","width":5585,"height":3723},{"@type":"BreadcrumbList","@id":"https:\/\/lottemaa.ee\/en\/a-day-in-lotte-village\/gadgets\/helmi-lennumasin\/#breadcrumb","itemListElement":[{"@type":"ListItem","position":1,"name":"Home","item":"https:\/\/lottemaa.ee\/en\/"},{"@type":"ListItem","position":2,"name":"A day in Lotte Village","item":"https:\/\/lottemaa.ee\/en\/a-day-in-lotte-village\/"},{"@type":"ListItem","position":3,"name":"inventions","item":"https:\/\/lottemaa.ee\/en\/a-day-in-lotte-village\/gadgets\/"},{"@type":"ListItem","position":4,"name":"Pig Mother Helmi\u2019s flying machine"}]},{"@type":"WebSite","@id":"https:\/\/lottemaa.ee\/#website","url":"https:\/\/lottemaa.ee\/","name":"Lottemaa Teemapark","description":"Baltimaade suurim ja k\u00f5ige \u00e4gedam kogupere teemapark Eestis P\u00e4rnumaal","publisher":{"@id":"https:\/\/lottemaa.ee\/#organization"},"potentialAction":[{"@type":"SearchAction","target":{"@type":"EntryPoint","urlTemplate":"https:\/\/lottemaa.ee\/?s={search_term_string}"},"query-input":{"@type":"PropertyValueSpecification","valueRequired":true,"valueName":"search_term_string"}}],"inLanguage":"en-US"},{"@type":"Organization","@id":"https:\/\/lottemaa.ee\/#organization","name":"Lottemaa Teemapark","url":"https:\/\/lottemaa.ee\/","logo":{"@type":"ImageObject","inLanguage":"en-US","@id":"https:\/\/lottemaa.ee\/#\/schema\/logo\/image\/","url":"https:\/\/lottemaa.ee\/wp-content\/uploads\/2018\/12\/Lottemaa_LOGO.png","contentUrl":"https:\/\/lottemaa.ee\/wp-content\/uploads\/2018\/12\/Lottemaa_LOGO.png","width":1024,"height":518,"caption":"Lottemaa Teemapark"},"image":{"@id":"https:\/\/lottemaa.ee\/#\/schema\/logo\/image\/"}}]}},"_links":{"self":[{"href":"https:\/\/lottemaa.ee\/en\/wp-json\/wp\/v2\/pages\/1792","targetHints":{"allow":["GET"]}}],"collection":[{"href":"https:\/\/lottemaa.ee\/en\/wp-json\/wp\/v2\/pages"}],"about":[{"href":"https:\/\/lottemaa.ee\/en\/wp-json\/wp\/v2\/types\/page"}],"author":[{"embeddable":true,"href":"https:\/\/lottemaa.ee\/en\/wp-json\/wp\/v2\/users\/1"}],"replies":[{"embeddable":true,"href":"https:\/\/lottemaa.ee\/en\/wp-json\/wp\/v2\/comments?post=1792"}],"version-history":[{"count":5,"href":"https:\/\/lottemaa.ee\/en\/wp-json\/wp\/v2\/pages\/1792\/revisions"}],"predecessor-version":[{"id":20509,"href":"https:\/\/lottemaa.ee\/en\/wp-json\/wp\/v2\/pages\/1792\/revisions\/20509"}],"up":[{"embeddable":true,"href":"https:\/\/lottemaa.ee\/en\/wp-json\/wp\/v2\/pages\/1018"}],"wp:featuredmedia":[{"embeddable":true,"href":"https:\/\/lottemaa.ee\/en\/wp-json\/wp\/v2\/media\/2991"}],"wp:attachment":[{"href":"https:\/\/lottemaa.ee\/en\/wp-json\/wp\/v2\/media?parent=1792"}],"curies":[{"name":"wp","href":"https:\/\/api.w.org\/{rel}","templated":true}]}}