{"id":17230,"date":"2022-11-15T14:27:19","date_gmt":"2022-11-15T12:27:19","guid":{"rendered":"https:\/\/lottemaa.ee\/?page_id=17230"},"modified":"2025-12-04T09:37:02","modified_gmt":"2025-12-04T07:37:02","slug":"special-offer-for-christmas-wonderland-visitors","status":"publish","type":"page","link":"https:\/\/lottemaa.ee\/en\/special-offer-for-christmas-wonderland-visitors\/","title":{"rendered":"Special offer for Christmas Wonderland visitors"},"content":{"rendered":"<p style=\"text-align: left;\">We are so happy that you came to visit us and had fun with us in Christmas Wonderland.<br \/>\nWe would like to thank you with a special offer!<\/p>\n<p style=\"text-align: left;\"><strong>Lotte Village summer 2026 ticket only 23 \u20ac\/p.p<\/strong><br \/>\n(regular price 28 \u20ac)<\/p>\n<p style=\"text-align: left;\">The offer is valid until 31 January 2026 for purchasing e-tickets with discount code <strong>TAASKOHTUMISENI<\/strong> only from <a href=\"https:\/\/fienta.com\/et\/lottemaa-suvi-2026\">HERE \u00bb<\/a><br \/>\nPurchased tickets are valid for use as a day passes during opening hours of Lotte Village from 13 June to 30 August 2026.<\/p>\n<h1 style=\"text-align: left;\">See you again in the summer!<\/h1>\n","protected":false},"excerpt":{"rendered":"<p>We are so happy that you came to visit us and had fun with us in Christmas Wonderland. We would like to thank you with a special offer! Lotte Village summer 2026 ticket only 23 \u20ac\/p.p (regular price 28 \u20ac) The offer is valid until 31 January 2026 for purchasing e-tickets with discount code TAASKOHTUMISENI &hellip; <a href=\"https:\/\/lottemaa.ee\/en\/special-offer-for-christmas-wonderland-visitors\/\">Continued<\/a><\/p>\n","protected":false},"author":7,"featured_media":0,"parent":0,"menu_order":357,"comment_status":"closed","ping_status":"closed","template":"","meta":{"_acf_changed":false,"om_disable_all_campaigns":false,"_uf_show_specific_survey":0,"_uf_disable_surveys":false,"footnotes":""},"class_list":["post-17230","page","type-page","status-publish","hentry"],"acf":[],"yoast_head":"<!-- This site is optimized with the Yoast SEO plugin v25.5 - https:\/\/yoast.com\/wordpress\/plugins\/seo\/ -->\n<title>Special offer for Christmas Wonderland visitors | Lottemaa Teemapark<\/title>\n<meta name=\"description\" content=\"Wa are so happy that you came to visit us and had fun with us in Christmas Wonderland. We have a special offer for you.\" \/>\n<meta name=\"robots\" content=\"index, follow, max-snippet:-1, max-image-preview:large, max-video-preview:-1\" \/>\n<link rel=\"canonical\" href=\"https:\/\/lottemaa.ee\/en\/special-offer-for-christmas-wonderland-visitors\/\" \/>\n<meta property=\"og:locale\" content=\"en_US\" \/>\n<meta property=\"og:type\" content=\"article\" \/>\n<meta property=\"og:title\" content=\"Special offer for Christmas Wonderland visitors | Lottemaa Teemapark\" \/>\n<meta property=\"og:description\" content=\"Wa are so happy that you came to visit us and had fun with us in Christmas Wonderland. We have a special offer for you.\" \/>\n<meta property=\"og:url\" content=\"https:\/\/lottemaa.ee\/en\/special-offer-for-christmas-wonderland-visitors\/\" \/>\n<meta property=\"og:site_name\" content=\"Lottemaa Teemapark\" \/>\n<meta property=\"article:modified_time\" content=\"2025-12-04T07:37:02+00:00\" \/>\n<meta name=\"twitter:card\" content=\"summary_large_image\" \/>\n<meta name=\"twitter:label1\" content=\"Est. reading time\" \/>\n\t<meta name=\"twitter:data1\" content=\"1 minute\" \/>\n<script type=\"application\/ld+json\" class=\"yoast-schema-graph\">{\"@context\":\"https:\/\/schema.org\",\"@graph\":[{\"@type\":\"WebPage\",\"@id\":\"https:\/\/lottemaa.ee\/en\/special-offer-for-christmas-wonderland-visitors\/\",\"url\":\"https:\/\/lottemaa.ee\/en\/special-offer-for-christmas-wonderland-visitors\/\",\"name\":\"Special offer for Christmas Wonderland visitors | Lottemaa Teemapark\",\"isPartOf\":{\"@id\":\"https:\/\/lottemaa.ee\/#website\"},\"datePublished\":\"2022-11-15T12:27:19+00:00\",\"dateModified\":\"2025-12-04T07:37:02+00:00\",\"description\":\"Wa are so happy that you came to visit us and had fun with us in Christmas Wonderland. We have a special offer for you.\",\"breadcrumb\":{\"@id\":\"https:\/\/lottemaa.ee\/en\/special-offer-for-christmas-wonderland-visitors\/#breadcrumb\"},\"inLanguage\":\"en-US\",\"potentialAction\":[{\"@type\":\"ReadAction\",\"target\":[\"https:\/\/lottemaa.ee\/en\/special-offer-for-christmas-wonderland-visitors\/\"]}]},{\"@type\":\"BreadcrumbList\",\"@id\":\"https:\/\/lottemaa.ee\/en\/special-offer-for-christmas-wonderland-visitors\/#breadcrumb\",\"itemListElement\":[{\"@type\":\"ListItem\",\"position\":1,\"name\":\"Home\",\"item\":\"https:\/\/lottemaa.ee\/en\/\"},{\"@type\":\"ListItem\",\"position\":2,\"name\":\"Special offer for Christmas Wonderland visitors\"}]},{\"@type\":\"WebSite\",\"@id\":\"https:\/\/lottemaa.ee\/#website\",\"url\":\"https:\/\/lottemaa.ee\/\",\"name\":\"Lottemaa Teemapark\",\"description\":\"Baltimaade suurim ja k\u00f5ige \u00e4gedam kogupere teemapark Eestis P\u00e4rnumaal\",\"publisher\":{\"@id\":\"https:\/\/lottemaa.ee\/#organization\"},\"potentialAction\":[{\"@type\":\"SearchAction\",\"target\":{\"@type\":\"EntryPoint\",\"urlTemplate\":\"https:\/\/lottemaa.ee\/?s={search_term_string}\"},\"query-input\":{\"@type\":\"PropertyValueSpecification\",\"valueRequired\":true,\"valueName\":\"search_term_string\"}}],\"inLanguage\":\"en-US\"},{\"@type\":\"Organization\",\"@id\":\"https:\/\/lottemaa.ee\/#organization\",\"name\":\"Lottemaa Teemapark\",\"url\":\"https:\/\/lottemaa.ee\/\",\"logo\":{\"@type\":\"ImageObject\",\"inLanguage\":\"en-US\",\"@id\":\"https:\/\/lottemaa.ee\/#\/schema\/logo\/image\/\",\"url\":\"https:\/\/lottemaa.ee\/wp-content\/uploads\/2018\/12\/Lottemaa_LOGO.png\",\"contentUrl\":\"https:\/\/lottemaa.ee\/wp-content\/uploads\/2018\/12\/Lottemaa_LOGO.png\",\"width\":1024,\"height\":518,\"caption\":\"Lottemaa Teemapark\"},\"image\":{\"@id\":\"https:\/\/lottemaa.ee\/#\/schema\/logo\/image\/\"}}]}<\/script>\n<!-- \/ Yoast SEO plugin. -->","yoast_head_json":{"title":"Special offer for Christmas Wonderland visitors | Lottemaa Teemapark","description":"Wa are so happy that you came to visit us and had fun with us in Christmas Wonderland. We have a special offer for you.","robots":{"index":"index","follow":"follow","max-snippet":"max-snippet:-1","max-image-preview":"max-image-preview:large","max-video-preview":"max-video-preview:-1"},"canonical":"https:\/\/lottemaa.ee\/en\/special-offer-for-christmas-wonderland-visitors\/","og_locale":"en_US","og_type":"article","og_title":"Special offer for Christmas Wonderland visitors | Lottemaa Teemapark","og_description":"Wa are so happy that you came to visit us and had fun with us in Christmas Wonderland. We have a special offer for you.","og_url":"https:\/\/lottemaa.ee\/en\/special-offer-for-christmas-wonderland-visitors\/","og_site_name":"Lottemaa Teemapark","article_modified_time":"2025-12-04T07:37:02+00:00","twitter_card":"summary_large_image","twitter_misc":{"Est. reading time":"1 minute"},"schema":{"@context":"https:\/\/schema.org","@graph":[{"@type":"WebPage","@id":"https:\/\/lottemaa.ee\/en\/special-offer-for-christmas-wonderland-visitors\/","url":"https:\/\/lottemaa.ee\/en\/special-offer-for-christmas-wonderland-visitors\/","name":"Special offer for Christmas Wonderland visitors | Lottemaa Teemapark","isPartOf":{"@id":"https:\/\/lottemaa.ee\/#website"},"datePublished":"2022-11-15T12:27:19+00:00","dateModified":"2025-12-04T07:37:02+00:00","description":"Wa are so happy that you came to visit us and had fun with us in Christmas Wonderland. We have a special offer for you.","breadcrumb":{"@id":"https:\/\/lottemaa.ee\/en\/special-offer-for-christmas-wonderland-visitors\/#breadcrumb"},"inLanguage":"en-US","potentialAction":[{"@type":"ReadAction","target":["https:\/\/lottemaa.ee\/en\/special-offer-for-christmas-wonderland-visitors\/"]}]},{"@type":"BreadcrumbList","@id":"https:\/\/lottemaa.ee\/en\/special-offer-for-christmas-wonderland-visitors\/#breadcrumb","itemListElement":[{"@type":"ListItem","position":1,"name":"Home","item":"https:\/\/lottemaa.ee\/en\/"},{"@type":"ListItem","position":2,"name":"Special offer for Christmas Wonderland visitors"}]},{"@type":"WebSite","@id":"https:\/\/lottemaa.ee\/#website","url":"https:\/\/lottemaa.ee\/","name":"Lottemaa Teemapark","description":"Baltimaade suurim ja k\u00f5ige \u00e4gedam kogupere teemapark Eestis P\u00e4rnumaal","publisher":{"@id":"https:\/\/lottemaa.ee\/#organization"},"potentialAction":[{"@type":"SearchAction","target":{"@type":"EntryPoint","urlTemplate":"https:\/\/lottemaa.ee\/?s={search_term_string}"},"query-input":{"@type":"PropertyValueSpecification","valueRequired":true,"valueName":"search_term_string"}}],"inLanguage":"en-US"},{"@type":"Organization","@id":"https:\/\/lottemaa.ee\/#organization","name":"Lottemaa Teemapark","url":"https:\/\/lottemaa.ee\/","logo":{"@type":"ImageObject","inLanguage":"en-US","@id":"https:\/\/lottemaa.ee\/#\/schema\/logo\/image\/","url":"https:\/\/lottemaa.ee\/wp-content\/uploads\/2018\/12\/Lottemaa_LOGO.png","contentUrl":"https:\/\/lottemaa.ee\/wp-content\/uploads\/2018\/12\/Lottemaa_LOGO.png","width":1024,"height":518,"caption":"Lottemaa Teemapark"},"image":{"@id":"https:\/\/lottemaa.ee\/#\/schema\/logo\/image\/"}}]}},"_links":{"self":[{"href":"https:\/\/lottemaa.ee\/en\/wp-json\/wp\/v2\/pages\/17230","targetHints":{"allow":["GET"]}}],"collection":[{"href":"https:\/\/lottemaa.ee\/en\/wp-json\/wp\/v2\/pages"}],"about":[{"href":"https:\/\/lottemaa.ee\/en\/wp-json\/wp\/v2\/types\/page"}],"author":[{"embeddable":true,"href":"https:\/\/lottemaa.ee\/en\/wp-json\/wp\/v2\/users\/7"}],"replies":[{"embeddable":true,"href":"https:\/\/lottemaa.ee\/en\/wp-json\/wp\/v2\/comments?post=17230"}],"version-history":[{"count":5,"href":"https:\/\/lottemaa.ee\/en\/wp-json\/wp\/v2\/pages\/17230\/revisions"}],"predecessor-version":[{"id":32333,"href":"https:\/\/lottemaa.ee\/en\/wp-json\/wp\/v2\/pages\/17230\/revisions\/32333"}],"wp:attachment":[{"href":"https:\/\/lottemaa.ee\/en\/wp-json\/wp\/v2\/media?parent=17230"}],"curies":[{"name":"wp","href":"https:\/\/api.w.org\/{rel}","templated":true}]}}