{"id":15255,"date":"2022-12-20T10:07:50","date_gmt":"2022-12-20T08:07:50","guid":{"rendered":"https:\/\/test.lottemaa.ee\/?page_id=15255"},"modified":"2024-08-06T16:34:12","modified_gmt":"2024-08-06T13:34:12","slug":"karaokela","status":"publish","type":"page","link":"https:\/\/lottemaa.ee\/en\/a-day-in-lotte-village\/gadgets\/karaokela\/","title":{"rendered":"KARAOKELAND"},"content":{"rendered":"<p style=\"text-align: left;\"><strong>KARAOKELAND,<\/strong> the winner of our <strong>GREAT INVENTION COMPETITION 2022<\/strong>, reminds us about how much we need entertainment so that we can forget about our daily worries.<br \/>\nThe creator behind the winning concept, 11-year-old <strong>Erki N\u00f5mm<\/strong>, knows that many kids love singing since it\u2019s so uplifting. Karaoke is a wonderful opportunity to sing and have fun at the same time. It also boosts your confidence and courage to perform. There is no grand stage in Karaokeland for a reason: our little performers are still mustering up their courage. Here you can practice without any disruptions and be cheered on by your Gadgetville friends, so you can be ready to conquer big stages one day.<\/p>\n","protected":false},"excerpt":{"rendered":"<p>KARAOKELAND, the winner of our GREAT INVENTION COMPETITION 2022, reminds us about how much we need entertainment so that we can forget about our daily worries. The creator behind the winning concept, 11-year-old Erki N\u00f5mm, knows that many kids love singing since it\u2019s so uplifting. Karaoke is a wonderful opportunity to sing and have fun &hellip; <a href=\"https:\/\/lottemaa.ee\/en\/a-day-in-lotte-village\/gadgets\/karaokela\/\">Continued<\/a><\/p>\n","protected":false},"author":11,"featured_media":15245,"parent":1018,"menu_order":489,"comment_status":"closed","ping_status":"closed","template":"","meta":{"_acf_changed":false,"om_disable_all_campaigns":false,"_uf_show_specific_survey":0,"_uf_disable_surveys":false,"footnotes":""},"class_list":["post-15255","page","type-page","status-publish","has-post-thumbnail","hentry"],"acf":[],"yoast_head":"<!-- This site is optimized with the Yoast SEO plugin v25.5 - https:\/\/yoast.com\/wordpress\/plugins\/seo\/ -->\n<title>KARAOKELAND | Lottemaa Teemapark<\/title>\n<meta name=\"description\" content=\"KARAOKELAND, the winner of our GREAT INVENTION COMPETITION 2022, reminds us about how much we need entertainment.\" \/>\n<meta name=\"robots\" content=\"index, follow, max-snippet:-1, max-image-preview:large, max-video-preview:-1\" \/>\n<link rel=\"canonical\" href=\"https:\/\/lottemaa.ee\/en\/a-day-in-lotte-village\/gadgets\/karaokela\/\" \/>\n<meta property=\"og:locale\" content=\"en_US\" \/>\n<meta property=\"og:type\" content=\"article\" \/>\n<meta property=\"og:title\" content=\"KARAOKELAND | Lottemaa Teemapark\" \/>\n<meta property=\"og:description\" content=\"KARAOKELAND, the winner of our GREAT INVENTION COMPETITION 2022, reminds us about how much we need entertainment.\" \/>\n<meta property=\"og:url\" content=\"https:\/\/lottemaa.ee\/en\/a-day-in-lotte-village\/gadgets\/karaokela\/\" \/>\n<meta property=\"og:site_name\" content=\"Lottemaa Teemapark\" \/>\n<meta property=\"article:modified_time\" content=\"2024-08-06T13:34:12+00:00\" \/>\n<meta property=\"og:image\" content=\"https:\/\/lottemaa.ee\/wp-content\/uploads\/2022\/12\/DSC_8043-scaled.jpg\" \/>\n\t<meta property=\"og:image:width\" content=\"2560\" \/>\n\t<meta property=\"og:image:height\" content=\"1696\" \/>\n\t<meta property=\"og:image:type\" content=\"image\/jpeg\" \/>\n<meta name=\"twitter:card\" content=\"summary_large_image\" \/>\n<meta name=\"twitter:label1\" content=\"Est. reading time\" \/>\n\t<meta name=\"twitter:data1\" content=\"1 minute\" \/>\n<script type=\"application\/ld+json\" class=\"yoast-schema-graph\">{\"@context\":\"https:\/\/schema.org\",\"@graph\":[{\"@type\":\"WebPage\",\"@id\":\"https:\/\/lottemaa.ee\/en\/a-day-in-lotte-village\/gadgets\/karaokela\/\",\"url\":\"https:\/\/lottemaa.ee\/en\/a-day-in-lotte-village\/gadgets\/karaokela\/\",\"name\":\"KARAOKELAND | Lottemaa Teemapark\",\"isPartOf\":{\"@id\":\"https:\/\/lottemaa.ee\/#website\"},\"primaryImageOfPage\":{\"@id\":\"https:\/\/lottemaa.ee\/en\/a-day-in-lotte-village\/gadgets\/karaokela\/#primaryimage\"},\"image\":{\"@id\":\"https:\/\/lottemaa.ee\/en\/a-day-in-lotte-village\/gadgets\/karaokela\/#primaryimage\"},\"thumbnailUrl\":\"https:\/\/lottemaa.ee\/wp-content\/uploads\/2022\/12\/DSC_8043-scaled.jpg\",\"datePublished\":\"2022-12-20T08:07:50+00:00\",\"dateModified\":\"2024-08-06T13:34:12+00:00\",\"description\":\"KARAOKELAND, the winner of our GREAT INVENTION COMPETITION 2022, reminds us about how much we need entertainment.\",\"breadcrumb\":{\"@id\":\"https:\/\/lottemaa.ee\/en\/a-day-in-lotte-village\/gadgets\/karaokela\/#breadcrumb\"},\"inLanguage\":\"en-US\",\"potentialAction\":[{\"@type\":\"ReadAction\",\"target\":[\"https:\/\/lottemaa.ee\/en\/a-day-in-lotte-village\/gadgets\/karaokela\/\"]}]},{\"@type\":\"ImageObject\",\"inLanguage\":\"en-US\",\"@id\":\"https:\/\/lottemaa.ee\/en\/a-day-in-lotte-village\/gadgets\/karaokela\/#primaryimage\",\"url\":\"https:\/\/lottemaa.ee\/wp-content\/uploads\/2022\/12\/DSC_8043-scaled.jpg\",\"contentUrl\":\"https:\/\/lottemaa.ee\/wp-content\/uploads\/2022\/12\/DSC_8043-scaled.jpg\",\"width\":2560,\"height\":1696},{\"@type\":\"BreadcrumbList\",\"@id\":\"https:\/\/lottemaa.ee\/en\/a-day-in-lotte-village\/gadgets\/karaokela\/#breadcrumb\",\"itemListElement\":[{\"@type\":\"ListItem\",\"position\":1,\"name\":\"Home\",\"item\":\"https:\/\/lottemaa.ee\/en\/\"},{\"@type\":\"ListItem\",\"position\":2,\"name\":\"A day in Lotte Village\",\"item\":\"https:\/\/lottemaa.ee\/en\/a-day-in-lotte-village\/\"},{\"@type\":\"ListItem\",\"position\":3,\"name\":\"inventions\",\"item\":\"https:\/\/lottemaa.ee\/en\/a-day-in-lotte-village\/gadgets\/\"},{\"@type\":\"ListItem\",\"position\":4,\"name\":\"KARAOKELAND\"}]},{\"@type\":\"WebSite\",\"@id\":\"https:\/\/lottemaa.ee\/#website\",\"url\":\"https:\/\/lottemaa.ee\/\",\"name\":\"Lottemaa Teemapark\",\"description\":\"Baltimaade suurim ja k\u00f5ige \u00e4gedam kogupere teemapark Eestis P\u00e4rnumaal\",\"publisher\":{\"@id\":\"https:\/\/lottemaa.ee\/#organization\"},\"potentialAction\":[{\"@type\":\"SearchAction\",\"target\":{\"@type\":\"EntryPoint\",\"urlTemplate\":\"https:\/\/lottemaa.ee\/?s={search_term_string}\"},\"query-input\":{\"@type\":\"PropertyValueSpecification\",\"valueRequired\":true,\"valueName\":\"search_term_string\"}}],\"inLanguage\":\"en-US\"},{\"@type\":\"Organization\",\"@id\":\"https:\/\/lottemaa.ee\/#organization\",\"name\":\"Lottemaa Teemapark\",\"url\":\"https:\/\/lottemaa.ee\/\",\"logo\":{\"@type\":\"ImageObject\",\"inLanguage\":\"en-US\",\"@id\":\"https:\/\/lottemaa.ee\/#\/schema\/logo\/image\/\",\"url\":\"https:\/\/lottemaa.ee\/wp-content\/uploads\/2018\/12\/Lottemaa_LOGO.png\",\"contentUrl\":\"https:\/\/lottemaa.ee\/wp-content\/uploads\/2018\/12\/Lottemaa_LOGO.png\",\"width\":1024,\"height\":518,\"caption\":\"Lottemaa Teemapark\"},\"image\":{\"@id\":\"https:\/\/lottemaa.ee\/#\/schema\/logo\/image\/\"}}]}<\/script>\n<!-- \/ Yoast SEO plugin. -->","yoast_head_json":{"title":"KARAOKELAND | Lottemaa Teemapark","description":"KARAOKELAND, the winner of our GREAT INVENTION COMPETITION 2022, reminds us about how much we need entertainment.","robots":{"index":"index","follow":"follow","max-snippet":"max-snippet:-1","max-image-preview":"max-image-preview:large","max-video-preview":"max-video-preview:-1"},"canonical":"https:\/\/lottemaa.ee\/en\/a-day-in-lotte-village\/gadgets\/karaokela\/","og_locale":"en_US","og_type":"article","og_title":"KARAOKELAND | Lottemaa Teemapark","og_description":"KARAOKELAND, the winner of our GREAT INVENTION COMPETITION 2022, reminds us about how much we need entertainment.","og_url":"https:\/\/lottemaa.ee\/en\/a-day-in-lotte-village\/gadgets\/karaokela\/","og_site_name":"Lottemaa Teemapark","article_modified_time":"2024-08-06T13:34:12+00:00","og_image":[{"width":2560,"height":1696,"url":"https:\/\/lottemaa.ee\/wp-content\/uploads\/2022\/12\/DSC_8043-scaled.jpg","type":"image\/jpeg"}],"twitter_card":"summary_large_image","twitter_misc":{"Est. reading time":"1 minute"},"schema":{"@context":"https:\/\/schema.org","@graph":[{"@type":"WebPage","@id":"https:\/\/lottemaa.ee\/en\/a-day-in-lotte-village\/gadgets\/karaokela\/","url":"https:\/\/lottemaa.ee\/en\/a-day-in-lotte-village\/gadgets\/karaokela\/","name":"KARAOKELAND | Lottemaa Teemapark","isPartOf":{"@id":"https:\/\/lottemaa.ee\/#website"},"primaryImageOfPage":{"@id":"https:\/\/lottemaa.ee\/en\/a-day-in-lotte-village\/gadgets\/karaokela\/#primaryimage"},"image":{"@id":"https:\/\/lottemaa.ee\/en\/a-day-in-lotte-village\/gadgets\/karaokela\/#primaryimage"},"thumbnailUrl":"https:\/\/lottemaa.ee\/wp-content\/uploads\/2022\/12\/DSC_8043-scaled.jpg","datePublished":"2022-12-20T08:07:50+00:00","dateModified":"2024-08-06T13:34:12+00:00","description":"KARAOKELAND, the winner of our GREAT INVENTION COMPETITION 2022, reminds us about how much we need entertainment.","breadcrumb":{"@id":"https:\/\/lottemaa.ee\/en\/a-day-in-lotte-village\/gadgets\/karaokela\/#breadcrumb"},"inLanguage":"en-US","potentialAction":[{"@type":"ReadAction","target":["https:\/\/lottemaa.ee\/en\/a-day-in-lotte-village\/gadgets\/karaokela\/"]}]},{"@type":"ImageObject","inLanguage":"en-US","@id":"https:\/\/lottemaa.ee\/en\/a-day-in-lotte-village\/gadgets\/karaokela\/#primaryimage","url":"https:\/\/lottemaa.ee\/wp-content\/uploads\/2022\/12\/DSC_8043-scaled.jpg","contentUrl":"https:\/\/lottemaa.ee\/wp-content\/uploads\/2022\/12\/DSC_8043-scaled.jpg","width":2560,"height":1696},{"@type":"BreadcrumbList","@id":"https:\/\/lottemaa.ee\/en\/a-day-in-lotte-village\/gadgets\/karaokela\/#breadcrumb","itemListElement":[{"@type":"ListItem","position":1,"name":"Home","item":"https:\/\/lottemaa.ee\/en\/"},{"@type":"ListItem","position":2,"name":"A day in Lotte Village","item":"https:\/\/lottemaa.ee\/en\/a-day-in-lotte-village\/"},{"@type":"ListItem","position":3,"name":"inventions","item":"https:\/\/lottemaa.ee\/en\/a-day-in-lotte-village\/gadgets\/"},{"@type":"ListItem","position":4,"name":"KARAOKELAND"}]},{"@type":"WebSite","@id":"https:\/\/lottemaa.ee\/#website","url":"https:\/\/lottemaa.ee\/","name":"Lottemaa Teemapark","description":"Baltimaade suurim ja k\u00f5ige \u00e4gedam kogupere teemapark Eestis P\u00e4rnumaal","publisher":{"@id":"https:\/\/lottemaa.ee\/#organization"},"potentialAction":[{"@type":"SearchAction","target":{"@type":"EntryPoint","urlTemplate":"https:\/\/lottemaa.ee\/?s={search_term_string}"},"query-input":{"@type":"PropertyValueSpecification","valueRequired":true,"valueName":"search_term_string"}}],"inLanguage":"en-US"},{"@type":"Organization","@id":"https:\/\/lottemaa.ee\/#organization","name":"Lottemaa Teemapark","url":"https:\/\/lottemaa.ee\/","logo":{"@type":"ImageObject","inLanguage":"en-US","@id":"https:\/\/lottemaa.ee\/#\/schema\/logo\/image\/","url":"https:\/\/lottemaa.ee\/wp-content\/uploads\/2018\/12\/Lottemaa_LOGO.png","contentUrl":"https:\/\/lottemaa.ee\/wp-content\/uploads\/2018\/12\/Lottemaa_LOGO.png","width":1024,"height":518,"caption":"Lottemaa Teemapark"},"image":{"@id":"https:\/\/lottemaa.ee\/#\/schema\/logo\/image\/"}}]}},"_links":{"self":[{"href":"https:\/\/lottemaa.ee\/en\/wp-json\/wp\/v2\/pages\/15255","targetHints":{"allow":["GET"]}}],"collection":[{"href":"https:\/\/lottemaa.ee\/en\/wp-json\/wp\/v2\/pages"}],"about":[{"href":"https:\/\/lottemaa.ee\/en\/wp-json\/wp\/v2\/types\/page"}],"author":[{"embeddable":true,"href":"https:\/\/lottemaa.ee\/en\/wp-json\/wp\/v2\/users\/11"}],"replies":[{"embeddable":true,"href":"https:\/\/lottemaa.ee\/en\/wp-json\/wp\/v2\/comments?post=15255"}],"version-history":[{"count":1,"href":"https:\/\/lottemaa.ee\/en\/wp-json\/wp\/v2\/pages\/15255\/revisions"}],"predecessor-version":[{"id":15256,"href":"https:\/\/lottemaa.ee\/en\/wp-json\/wp\/v2\/pages\/15255\/revisions\/15256"}],"up":[{"embeddable":true,"href":"https:\/\/lottemaa.ee\/en\/wp-json\/wp\/v2\/pages\/1018"}],"wp:featuredmedia":[{"embeddable":true,"href":"https:\/\/lottemaa.ee\/en\/wp-json\/wp\/v2\/media\/15245"}],"wp:attachment":[{"href":"https:\/\/lottemaa.ee\/en\/wp-json\/wp\/v2\/media?parent=15255"}],"curies":[{"name":"wp","href":"https:\/\/api.w.org\/{rel}","templated":true}]}}